

{"id":260024,"date":"2024-10-04T14:04:07","date_gmt":"2024-10-04T17:04:07","guid":{"rendered":"https:\/\/goias.gov.br\/seguranca\/?page_id=260024"},"modified":"2025-09-25T08:31:04","modified_gmt":"2025-09-25T11:31:04","slug":"ouvidoria-setorial","status":"publish","type":"page","link":"https:\/\/goias.gov.br\/seguranca\/ouvidoria-setorial\/","title":{"rendered":"Ouvidoria Setorial"},"content":{"rendered":"\r\n<h4 class=\"wp-block-heading\"><span style=\"color: #008000;\">Atendimento Presencial<\/span><\/h4>\r\n\r\n\r\n\r\n<div class=\"wp-block-group\">\r\n<p>Ouvidor Setorial:<strong> ITALUZY TOLEDO NASCIMENTO<\/strong><\/p>\r\n\r\n\r\n\r\n<div class=\"wp-block-group\"><div class=\"wp-block-group__inner-container is-layout-constrained wp-block-group-is-layout-constrained\">Endere\u00e7o: Av. Anhanguera, n\u00ba 7.364<\/div>\r\n<div class=\"wp-block-group\">Setor Aerovi\u00e1rio, Goi\u00e2nia-GO, CEP: 74.435-301<br \/>Hor\u00e1rio de Atendimento: 08h \u00e0s 12h e das 14h \u00e0s 18h <br \/>E-mail: <a href=\"mailto:ouvidoria.ssp@goias.gov.br\">ouvidoria.ssp@goias.gov.br<\/a>\u00a0<br \/>Telefone: (62) 3201-1211 \/ (62) 3201-1208<br \/>Unidade SEI: 06329<\/div>\r\n<\/div><\/div>\r\n","protected":false},"excerpt":{"rendered":"<p>Atendimento Presencial Ouvidor Setorial: ITALUZY TOLEDO NASCIMENTO Endere\u00e7o: Av. Anhanguera, n\u00ba 7.364 Setor Aerovi\u00e1rio, Goi\u00e2nia-GO, CEP: 74.435-301Hor\u00e1rio de Atendimento: 08h \u00e0s 12h e das 14h \u00e0s 18h E-mail: ouvidoria.ssp@goias.gov.br\u00a0Telefone: (62) 3201-1211 \/ (62) 3201-1208Unidade SEI: 06329<\/p>\n","protected":false},"author":62,"featured_media":0,"parent":0,"menu_order":0,"comment_status":"closed","ping_status":"closed","template":"","meta":{"footnotes":"","_links_to":"","_links_to_target":""},"class_list":["post-260024","page","type-page","status-publish","hentry"],"rttpg_featured_image_url":null,"rttpg_author":{"display_name":"italoreis","author_link":"https:\/\/goias.gov.br\/seguranca\/author\/italoreis\/"},"rttpg_comment":0,"rttpg_category":null,"rttpg_excerpt":"Atendimento Presencial Ouvidor Setorial: ITALUZY TOLEDO NASCIMENTO Endere\u00e7o: Av. Anhanguera, n\u00ba 7.364 Setor Aerovi\u00e1rio, Goi\u00e2nia-GO, CEP: 74.435-301Hor\u00e1rio de Atendimento: 08h \u00e0s 12h e das 14h \u00e0s 18h E-mail: ouvidoria.ssp@goias.gov.br\u00a0Telefone: (62) 3201-1211 \/ (62) 3201-1208Unidade SEI: 06329","_links":{"self":[{"href":"https:\/\/goias.gov.br\/seguranca\/wp-json\/wp\/v2\/pages\/260024","targetHints":{"allow":["GET"]}}],"collection":[{"href":"https:\/\/goias.gov.br\/seguranca\/wp-json\/wp\/v2\/pages"}],"about":[{"href":"https:\/\/goias.gov.br\/seguranca\/wp-json\/wp\/v2\/types\/page"}],"author":[{"embeddable":true,"href":"https:\/\/goias.gov.br\/seguranca\/wp-json\/wp\/v2\/users\/62"}],"replies":[{"embeddable":true,"href":"https:\/\/goias.gov.br\/seguranca\/wp-json\/wp\/v2\/comments?post=260024"}],"version-history":[{"count":2,"href":"https:\/\/goias.gov.br\/seguranca\/wp-json\/wp\/v2\/pages\/260024\/revisions"}],"predecessor-version":[{"id":281992,"href":"https:\/\/goias.gov.br\/seguranca\/wp-json\/wp\/v2\/pages\/260024\/revisions\/281992"}],"wp:attachment":[{"href":"https:\/\/goias.gov.br\/seguranca\/wp-json\/wp\/v2\/media?parent=260024"}],"curies":[{"name":"wp","href":"https:\/\/api.w.org\/{rel}","templated":true}]}}