

{"id":254206,"date":"2024-07-18T11:58:25","date_gmt":"2024-07-18T14:58:25","guid":{"rendered":"https:\/\/goias.gov.br\/seguranca\/agenda-de-autoridades\/"},"modified":"2026-04-24T21:27:10","modified_gmt":"2026-04-25T00:27:10","slug":"agenda-de-autoridades","status":"publish","type":"page","link":"https:\/\/goias.gov.br\/seguranca\/agenda-de-autoridades\/","title":{"rendered":"Agenda de Autoridades"},"content":{"rendered":"<p><strong style='margin-block-end: -1.8rem'><a href='https:\/\/goias.gov.br\/seguranca\/secretario-de-estado-da-seguranca-publica\/'>Secret\u00e1rio de Estado da Seguran\u00e7a P\u00fablica<\/a><\/strong><br \/>RENATO BRUM DOS SANTOS<\/p>\n<p><strong style='margin-block-end: -1.8rem'><a href='https:\/\/goias.gov.br\/seguranca\/subsecretario\/'>Subsecret\u00e1rio<\/a><\/strong><br \/>GUSTAVO CARLOS FERREIRA<\/p>\n<p><strong style='margin-block-end: -1.8rem'><a href='https:\/\/goias.gov.br\/seguranca\/escritorio-de-projetos-setorial\/'>Escrit\u00f3rio de Projetos Setorial<\/a><\/strong><br \/>CARLOS BORGES DOS SANTOS<\/p>\n<p><strong style='margin-block-end: -1.8rem'><a href='https:\/\/goias.gov.br\/seguranca\/chefe-da-comunicacao-setorial\/'>Chefe da Comunica\u00e7\u00e3o Setorial<\/a><\/strong><br \/>LUIZ MAGNO SILVA LEAO<\/p>\n<p><strong style='margin-block-end: -1.8rem'><a href='https:\/\/goias.gov.br\/seguranca\/chefe-de-gabinete\/'>Chefe de Gabinete<\/a><\/strong><br \/>PATRICIA ARLE HATSUGAI<\/p>\n<p><strong style='margin-block-end: -1.8rem'><a href='https:\/\/goias.gov.br\/seguranca\/presidente-do-conselho-estadual-de-transito-cetran\/'>Presidente do Conselho Estadual de Tr\u00e2nsito \u2013 CETRAN<\/a><\/strong><br \/>NAYARA BARROS COIMBRA<\/p>\n<p><strong style='margin-block-end: -1.8rem'><a href='https:\/\/goias.gov.br\/seguranca\/chefe-da-procuradoria-setorial-da-secretaria-de-estado-da-seguranca-publica-procset-ssp\/'>Chefe da Procuradoria Setorial da Secretaria de Estado da Seguran\u00e7a P\u00fablica \u2013 PROCSET\/SSP<\/a><\/strong><br \/>PAULO ANDRE TEIXEIRA HURBANO<\/p>\n<p><strong style='margin-block-end: -1.8rem'><a href='https:\/\/goias.gov.br\/seguranca\/superintendente-de-acoes-e-operacoes-integradas-saoi\/'>Superintendente de A\u00e7\u00f5es e Opera\u00e7\u00f5es Integradas \u2013 SAOI<\/a><\/strong><br \/>GEYSON ALVES BORBA<\/p>\n<p><strong style='margin-block-end: -1.8rem'><a href='https:\/\/goias.gov.br\/seguranca\/superintendente-de-protecao-aos-direitos-do-consumidor\/'>Superintendente de Prote\u00e7\u00e3o aos Direitos do Consumidor<\/a><\/strong><br \/>MARCO AURELIO DE SENE PALMERSTON XAVIER<\/p>\n<p><strong style='margin-block-end: -1.8rem'><a href='https:\/\/goias.gov.br\/seguranca\/superintendente-de-gestao-integrada\/'>Superintendente de Gest\u00e3o Integrada<\/a><\/strong><br \/>ANDRESA TOKUMI FRANCO YAMAMOTO<\/p>\n<p><strong style='margin-block-end: -1.8rem'><a href='https:\/\/goias.gov.br\/seguranca\/superintendente-de-policia-tecnico-cientifica-sptc\/'>Superintendente de Pol\u00edcia T\u00e9cnico-Cient\u00edfica (SPTC)<\/a><\/strong><br \/>RICARDO MATOS DA SILVA<\/p>\n<p><strong style='margin-block-end: -1.8rem'><a href='https:\/\/goias.gov.br\/seguranca\/superintendente-de-inteligencia-integrada\/'>Superintendente de Intelig\u00eancia Integrada<\/a><\/strong><br \/>JONEVAL GOMES DE CARVALHO JUNIOR<\/p>\n<p><strong style='margin-block-end: -1.8rem'><a href='https:\/\/goias.gov.br\/seguranca\/superintendente-de-combate-a-corrupcao-e-ao-crime-organizado\/'>Superintendente de Combate \u00e0 Corrup\u00e7\u00e3o e ao Crime Organizado<\/a><\/strong><br \/>DAVI FREIRE REZENDE<\/p>\n<p><strong style='margin-block-end: -1.8rem'><a href='https:\/\/goias.gov.br\/seguranca\/superintendente-integrado-de-tecnologias-em-seguranca-publica\/'>Superintendente Integrado de Tecnologias em Seguran\u00e7a Publica<\/a><\/strong><br \/>SEBASTIAO NOLASCO RIBEIRO<\/p>\n","protected":false},"excerpt":{"rendered":"<p>Secret\u00e1rio de Estado da Seguran\u00e7a P\u00fablicaRENATO BRUM DOS SANTOS Subsecret\u00e1rioGUSTAVO CARLOS FERREIRA Escrit\u00f3rio de Projetos SetorialCARLOS BORGES DOS SANTOS Chefe da Comunica\u00e7\u00e3o SetorialLUIZ MAGNO SILVA LEAO Chefe de GabinetePATRICIA ARLE HATSUGAI Presidente do Conselho Estadual de Tr\u00e2nsito \u2013 CETRANNAYARA BARROS COIMBRA Chefe da Procuradoria Setorial da Secretaria de Estado da Seguran\u00e7a P\u00fablica \u2013 PROCSET\/SSPPAULO ANDRE [&hellip;]<\/p>\n","protected":false},"author":553,"featured_media":0,"parent":0,"menu_order":0,"comment_status":"closed","ping_status":"closed","template":"","meta":{"footnotes":"","_links_to":"","_links_to_target":""},"class_list":["post-254206","page","type-page","status-publish","hentry"],"rttpg_featured_image_url":null,"rttpg_author":{"display_name":"dumon.mdias@fornecedores.goias.gov.br","author_link":"https:\/\/goias.gov.br\/seguranca\/author\/dumon-mdiasfornecedores-goias-gov-br\/"},"rttpg_comment":0,"rttpg_category":null,"rttpg_excerpt":"Secret\u00e1rio de Estado da Seguran\u00e7a P\u00fablicaRENATO BRUM DOS SANTOS Subsecret\u00e1rioGUSTAVO CARLOS FERREIRA Escrit\u00f3rio de Projetos SetorialCARLOS BORGES DOS SANTOS Chefe da Comunica\u00e7\u00e3o SetorialLUIZ MAGNO SILVA LEAO Chefe de GabinetePATRICIA ARLE HATSUGAI Presidente do Conselho Estadual de Tr\u00e2nsito \u2013 CETRANNAYARA BARROS COIMBRA Chefe da Procuradoria Setorial da Secretaria de Estado da Seguran\u00e7a P\u00fablica \u2013 PROCSET\/SSPPAULO ANDRE&hellip;","_links":{"self":[{"href":"https:\/\/goias.gov.br\/seguranca\/wp-json\/wp\/v2\/pages\/254206","targetHints":{"allow":["GET"]}}],"collection":[{"href":"https:\/\/goias.gov.br\/seguranca\/wp-json\/wp\/v2\/pages"}],"about":[{"href":"https:\/\/goias.gov.br\/seguranca\/wp-json\/wp\/v2\/types\/page"}],"author":[{"embeddable":true,"href":"https:\/\/goias.gov.br\/seguranca\/wp-json\/wp\/v2\/users\/553"}],"replies":[{"embeddable":true,"href":"https:\/\/goias.gov.br\/seguranca\/wp-json\/wp\/v2\/comments?post=254206"}],"version-history":[{"count":2,"href":"https:\/\/goias.gov.br\/seguranca\/wp-json\/wp\/v2\/pages\/254206\/revisions"}],"predecessor-version":[{"id":305864,"href":"https:\/\/goias.gov.br\/seguranca\/wp-json\/wp\/v2\/pages\/254206\/revisions\/305864"}],"wp:attachment":[{"href":"https:\/\/goias.gov.br\/seguranca\/wp-json\/wp\/v2\/media?parent=254206"}],"curies":[{"name":"wp","href":"https:\/\/api.w.org\/{rel}","templated":true}]}}