

{"id":1760,"date":"2011-05-19T11:18:51","date_gmt":"2011-05-19T14:18:51","guid":{"rendered":"http:\/\/teste.ssp.go.gov.br"},"modified":"2026-01-13T11:49:36","modified_gmt":"2026-01-13T14:49:36","slug":"fale-conosco-2","status":"publish","type":"page","link":"https:\/\/goias.gov.br\/seguranca\/fale-conosco-2\/","title":{"rendered":"Fale Conosco"},"content":{"rendered":"<p>Endere\u00e7o: Avenida Anhanguera, n. 7364 Setor Aerovi\u00e1rio<br \/>Goi\u00e2nia \u2013 Goi\u00e1s \u2013 CEP: 74435-300<br \/>Telefone: (62) 3201-1000<br \/>E-mail: segurancapublica.ssp@goias.gov.br<br \/>Hor\u00e1rios de Atendimento: Das 8:00 \u00e0s 12:00 e das 14:00 \u00e0s 18:00h<br \/>Home:\u00a0<a title=\"SSPJ\" href=\"https:\/\/goias.gov.br\/seguranca\/\">www.ssp.go.gov.br<br \/><\/a><a href=\"https:\/\/www.go.gov.br\/servicos-digitais\/cge\/nova-ouvidoria\/nova-manifestacao?orgao=46\" target=\"_blank\" rel=\"noopener\"><strong>El\u00f3gio\/Simplifique, Reclama\u00e7\u00e3o\/Den\u00fancia<\/strong><\/a><a title=\"SSPJ\" href=\"https:\/\/goias.gov.br\/seguranca\/\"><br \/><\/a><a href=\"https:\/\/www.go.gov.br\/servicos-digitais\/cge\/nova-ouvidoria\/pedido-informacao-publica?orgao=46&amp;tipo_manifestacao=7\" target=\"_blank\" rel=\"noopener\"><strong>Pedidos de Informa\u00e7\u00e3o P\u00fablica\/Pessoal<\/strong><\/a><\/p>\r\n<hr \/>\r\n<p><strong><a role=\"link\" href=\"https:\/\/goias.gov.br\/seguranca\/acesso-a-informacao\/cargos\">Cargos e seus Ocupantes<\/a><\/strong><br \/>Endere\u00e7os, Telefones, E-mails e Hor\u00e1rios de Atendimento da <strong><a role=\"link\" href=\"https:\/\/goias.gov.br\/seguranca\/acesso-a-informacao\/expediente\">SSP<\/a>,\u00a0<a role=\"link\" href=\"https:\/\/www.procon.go.gov.br\/expediente\">PROCON<\/a>\u00a0e\u00a0<a role=\"link\" href=\"https:\/\/www.policiacientifica.go.gov.br\/expediente\">SPTC<\/a><\/strong><\/p>\r\n<hr \/>\r\n<h2>Como chegar?<\/h2>\r\n\r\n<p><iframe src=\"\/\/www.google.com\/maps\/embed?pb=!1m18!1m12!1m3!1d3822.1750118185805!2d-49.30433357906091!3d-16.668123423612546!2m3!1f0!2f0!3f0!3m2!1i1024!2i768!4f13.1!3m3!1m2!1s0x935ef415ac216f1f%3A0x48dfd59fbe925b09!2sSecretaria+de+Seguran%C3%A7a+P%C3%BAblica+do+Estado+de+Goi%C3%A1s+SSP-GO!5e0!3m2!1spt-BR!2sbr!4v1479491398642\" width=\"\" frameborder=\"0\" allowfullscreen=\"allowfullscreen\"><\/iframe><\/p>\r\n","protected":false},"excerpt":{"rendered":"<p>Endere\u00e7o: Avenida Anhanguera, n. 7364 Setor Aerovi\u00e1rioGoi\u00e2nia \u2013 Goi\u00e1s \u2013 CEP: 74435-300Telefone: (62) 3201-1000E-mail: segurancapublica.ssp@goias.gov.brHor\u00e1rios de Atendimento: Das 8:00 \u00e0s 12:00 e das 14:00 \u00e0s 18:00hHome:\u00a0www.ssp.go.gov.brEl\u00f3gio\/Simplifique, Reclama\u00e7\u00e3o\/Den\u00fanciaPedidos de Informa\u00e7\u00e3o P\u00fablica\/Pessoal Cargos e seus OcupantesEndere\u00e7os, Telefones, E-mails e Hor\u00e1rios de Atendimento da SSP,\u00a0PROCON\u00a0e\u00a0SPTC Como chegar?<\/p>\n","protected":false},"author":3,"featured_media":0,"parent":0,"menu_order":0,"comment_status":"closed","ping_status":"closed","template":"","meta":{"footnotes":"","_links_to":"","_links_to_target":""},"class_list":["post-1760","page","type-page","status-publish","hentry"],"rttpg_featured_image_url":null,"rttpg_author":{"display_name":"joanaredator","author_link":"https:\/\/goias.gov.br\/seguranca\/author\/joanaredator\/"},"rttpg_comment":0,"rttpg_category":null,"rttpg_excerpt":"Endere\u00e7o: Avenida Anhanguera, n. 7364 Setor Aerovi\u00e1rioGoi\u00e2nia \u2013 Goi\u00e1s \u2013 CEP: 74435-300Telefone: (62) 3201-1000E-mail: segurancapublica.ssp@goias.gov.brHor\u00e1rios de Atendimento: Das 8:00 \u00e0s 12:00 e das 14:00 \u00e0s 18:00hHome:\u00a0www.ssp.go.gov.brEl\u00f3gio\/Simplifique, Reclama\u00e7\u00e3o\/Den\u00fanciaPedidos de Informa\u00e7\u00e3o P\u00fablica\/Pessoal Cargos e seus OcupantesEndere\u00e7os, Telefones, E-mails e Hor\u00e1rios de Atendimento da SSP,\u00a0PROCON\u00a0e\u00a0SPTC Como chegar?","_links":{"self":[{"href":"https:\/\/goias.gov.br\/seguranca\/wp-json\/wp\/v2\/pages\/1760","targetHints":{"allow":["GET"]}}],"collection":[{"href":"https:\/\/goias.gov.br\/seguranca\/wp-json\/wp\/v2\/pages"}],"about":[{"href":"https:\/\/goias.gov.br\/seguranca\/wp-json\/wp\/v2\/types\/page"}],"author":[{"embeddable":true,"href":"https:\/\/goias.gov.br\/seguranca\/wp-json\/wp\/v2\/users\/3"}],"replies":[{"embeddable":true,"href":"https:\/\/goias.gov.br\/seguranca\/wp-json\/wp\/v2\/comments?post=1760"}],"version-history":[{"count":4,"href":"https:\/\/goias.gov.br\/seguranca\/wp-json\/wp\/v2\/pages\/1760\/revisions"}],"predecessor-version":[{"id":286668,"href":"https:\/\/goias.gov.br\/seguranca\/wp-json\/wp\/v2\/pages\/1760\/revisions\/286668"}],"wp:attachment":[{"href":"https:\/\/goias.gov.br\/seguranca\/wp-json\/wp\/v2\/media?parent=1760"}],"curies":[{"name":"wp","href":"https:\/\/api.w.org\/{rel}","templated":true}]}}