

{"id":11666,"date":"2015-06-15T11:09:22","date_gmt":"2015-06-15T14:09:22","guid":{"rendered":"http:\/\/www.ssp.go.gov.br\/?page_id=11666"},"modified":"2026-03-31T15:38:34","modified_gmt":"2026-03-31T18:38:34","slug":"acesso-a-informacao","status":"publish","type":"page","link":"https:\/\/goias.gov.br\/seguranca\/acesso-a-informacao\/","title":{"rendered":"Acesso \u00e0 Informa\u00e7\u00e3o"},"content":{"rendered":"<p id=\"\" class=\"pull-center\" style=\"text-align: center;\" title=\"\"><img fetchpriority=\"high\" decoding=\"async\" class=\"alignnone size-full wp-image-285941\" src=\"https:\/\/goias.gov.br\/seguranca\/wp-content\/uploads\/sites\/56\/2025\/12\/selos_2025.jpg\" alt=\"Selo Transpar\u00eancia\" width=\"962\" height=\"385\" srcset=\"https:\/\/goias.gov.br\/seguranca\/wp-content\/uploads\/sites\/56\/2025\/12\/selos_2025.jpg 962w, https:\/\/goias.gov.br\/seguranca\/wp-content\/uploads\/sites\/56\/2025\/12\/selos_2025-300x120.jpg 300w, https:\/\/goias.gov.br\/seguranca\/wp-content\/uploads\/sites\/56\/2025\/12\/selos_2025-768x307.jpg 768w\" sizes=\"(max-width: 962px) 100vw, 962px\" \/><\/p>\n<div id=\"acesso-informacao-page\">\n<p style=\"text-align: justify;\">Esta se\u00e7\u00e3o permite ao cidad\u00e3o acessar as informa\u00e7\u00f5es produzidas e\/ou custodiadas pela<strong>\u00a0Secretaria de Estado da Seguran\u00e7a P\u00fablica\u00a0do Estado de Goi\u00e1s-SSP-GO<\/strong>, garantindo o direito constitucional de acesso \u00e0 informa\u00e7\u00e3o\u00a0regulamentado pela\u00a0<a href=\"http:\/\/www.planalto.gov.br\/ccivil_03\/_Ato2011-2014\/2011\/Lei\/L12527.htm\" rel=\"noopener noreferrer\">Lei Federal n\u00ba 12.527\/2011<\/a>, e, em \u00e2mbito estadual, pela\u00a0<a href=\"https:\/\/legisla.casacivil.go.gov.br\/pesquisa_legislacao\/90142\/lei-18025\" rel=\"noopener noreferrer\">Lei n\u00ba 18.025\/2013<\/a>\u00a0e pelo\u00a0decreto\u00a0n\u00ba\u00a0<a href=\"https:\/\/legisla.casacivil.go.gov.br\/pesquisa_legislacao\/107670\/decreto-10306\" rel=\"noopener noreferrer\">10.306\/2023<\/a>.<\/p>\n<div class=\"acesso-informacao-row box-3x\">\n<div class=\"acesso-informacao-box cor01\">\n<div class=\"acesso-informacao-inner\">\n<h3 class=\"acesso-informacao-title\"><span style=\"font-size: medium;\"><span style=\"color: #031d1f;\">Informa\u00e7\u00f5es Institucionais<\/span><\/span><\/h3>\n<ul class=\"acesso-informacao-list\">\n<li><a href=\"https:\/\/goias.gov.br\/administracao\/secretaria-de-estado-de-seguranca-publica-e-administracao-penitenc-dados-gerais\/\" target=\"blank\" rel=\"noopener\">Estrutura Organizacional<\/a><\/li>\n<li><a href=\"https:\/\/goias.gov.br\/seguranca\/acesso-a-informacao\/institucional\/\">Compet\u00eancias<\/a><\/li>\n<li><a href=\"https:\/\/goias.gov.br\/seguranca\/acesso-a-informacao\/cargos\">Cargos e seus Ocupantes<\/a><\/li>\n<li><a href=\"https:\/\/goias.gov.br\/seguranca\/acesso-a-informacao\/agenda\">Agenda de Autoridades<\/a><\/li>\n<li>Endere\u00e7os, Telefones, E-mails e Hor\u00e1rios de Atendimento da\u00a0<a href=\"https:\/\/goias.gov.br\/seguranca\/acesso-a-informacao\/expediente\">SSP<\/a>,\u00a0<a href=\"https:\/\/www.procon.go.gov.br\/cargos-e-seus-ocupantes\">PROCON<\/a>\u00a0e\u00a0<a href=\"https:\/\/www.policiacientifica.go.gov.br\/enderecos\">SPTC<\/a><\/li>\n<li><a href=\"https:\/\/www.go.gov.br\/servicos\/servicos-por-orgao\/secretaria-de-estado-da-seguranca-publica\">Carta de Servi\u00e7os<\/a><\/li>\n<li><a href=\"https:\/\/goias.gov.br\/seguranca\/legislacao-aplicavel\">Legisla\u00e7\u00e3o Aplic\u00e1vel<\/a><\/li>\n<li><a href=\"https:\/\/goias.gov.br\/seguranca\/acesso-a-informacao\/conselhos\">Conselhos<\/a><\/li>\n<li><a href=\"https:\/\/goias.gov.br\/seguranca\/pcp\/\">Programa de Compliance P\u00fablico &#8211; PCP<\/a><\/li>\n<\/ul>\n<\/div>\n<\/div>\n<div class=\"acesso-informacao-box cor03\">\n<div class=\"acesso-informacao-inner\">\n<h3 class=\"acesso-informacao-title\"><span style=\"font-size: medium;\"><span style=\"color: #031d1f;\">Perguntas e Respostas Frequentes da Sociedade<\/span><\/span><\/h3>\n<ul class=\"acesso-informacao-list\">\n<li><a href=\"https:\/\/goias.gov.br\/seguranca\/acesso-a-informacao\/sobre-a-ssp\">Secretaria de Seguran\u00e7a P\u00fablica<\/a><\/li>\n<li><a href=\"https:\/\/goias.gov.br\/seguranca\/acesso-a-informacao\/sobre-a-corregedoria\">Corregedoria Setorial<\/a><\/li>\n<li><a href=\"https:\/\/goias.gov.br\/seguranca\/acesso-a-informacao\/sobre-a-ouvidoria\">Ouvidoria<\/a><\/li>\n<li><a href=\"https:\/\/goias.gov.br\/seguranca\/acesso-a-informacao\/sobre-o-conseg\" rel=\"noopener\">Conselho Comunit\u00e1rio de Seguran\u00e7a &#8211; CONSEG<\/a><\/li>\n<\/ul>\n<\/div>\n<\/div>\n<div class=\"acesso-informacao-box cor05\">\n<div class=\"acesso-informacao-inner\">\n<h3 class=\"acesso-informacao-title\"><span style=\"font-size: medium;\"><span style=\"color: #031d1f;\">Receita\u00a0<\/span><\/span><\/h3>\n<ul class=\"acesso-informacao-list\">\n<li>Receita Estadual:<br \/>\n<a href=\"https:\/\/www.transparencia.go.gov.br\/lai.php?painel=receitas_estaduais&amp;orgao=ssp\">SSP<\/a>,\u00a0<a href=\"https:\/\/www.transparencia.go.gov.br\/lai.php?painel=receitas_estaduais&amp;orgao=ssp_funesp\">FUNESP<\/a>,\u00a0<a href=\"https:\/\/www.transparencia.go.gov.br\/lai.php?painel=receitas_estaduais&amp;orgao=ssp_fedc\">FEDC<\/a><\/li>\n<li><a href=\"https:\/\/goias.gov.br\/seguranca\/acesso-a-informacao\/doacoes\/\">Doa\u00e7\u00f5es<\/a><\/li>\n<\/ul>\n<\/div>\n<\/div>\n<div class=\"acesso-informacao-box cor06\">\n<div class=\"acesso-informacao-inner\">\n<h3 class=\"acesso-informacao-title\"><span style=\"font-size: medium;\"><span style=\"color: #031d1f;\">Despesa\u00a0<\/span><\/span><\/h3>\n<ul class=\"acesso-informacao-list\">\n<li>Empenhos e Pagamentos:<br \/>\n<a href=\"https:\/\/www.transparencia.go.gov.br\/lai.php?painel=empenhos&amp;orgao=ssp\">SSP<\/a>,\u00a0<a href=\"https:\/\/www.transparencia.go.gov.br\/lai.php?painel=empenhos&amp;orgao=ssp_funesp\">FUNESP<\/a>,\u00a0<a href=\"https:\/\/www.transparencia.go.gov.br\/lai.php?painel=empenhos&amp;orgao=ssp_fedc\">FEDC<\/a><\/li>\n<li>Gastos Governamentais:<br \/>\n<a href=\"https:\/\/www.transparencia.go.gov.br\/wp-content\/uploads\/sites\/2\/painel\/lai.php?painel=gastos_governamentais&amp;orgao=ssp\">SSP<\/a>,\u00a0<a href=\"https:\/\/www.transparencia.go.gov.br\/wp-content\/uploads\/sites\/2\/painel\/lai.php?painel=gastos_governamentais&amp;orgao=ssp_funesp\">FUNESP<\/a>,\u00a0<a href=\"https:\/\/www.transparencia.go.gov.br\/wp-content\/uploads\/sites\/2\/painel\/lai.php?painel=gastos_governamentais&amp;orgao=ssp_fedc\">FEDC<\/a><\/li>\n<li>Execu\u00e7\u00e3o Or\u00e7ament\u00e1ria:<br \/>\n<a href=\"https:\/\/www.transparencia.go.gov.br\/lai.php?painel=execucao_orcamentaria_visao_geral&amp;orgao=ssp\">SSP<\/a>,\u00a0<a href=\"https:\/\/www.transparencia.go.gov.br\/lai.php?painel=execucao_orcamentaria_visao_geral&amp;orgao=ssp_funesp\">FUNESP<\/a>,\u00a0<a href=\"https:\/\/www.transparencia.go.gov.br\/lai.php?painel=execucao_orcamentaria_visao_geral&amp;orgao=ssp_fedc\">FEDC<\/a><\/li>\n<li>Gastos em Publicidade e Propaganda:<br \/>\n<a href=\"https:\/\/www.transparencia.go.gov.br\/lai.php?painel=publicidade_propaganda&amp;orgao=ssp\">SSP<\/a>,\u00a0<a href=\"https:\/\/www.transparencia.go.gov.br\/lai.php?painel=publicidade_propaganda&amp;orgao=ssp_funesp\">FUNESP<\/a>,\u00a0<a href=\"https:\/\/www.transparencia.go.gov.br\/lai.php?painel=publicidade_propaganda&amp;orgao=ssp_fedc\">FEDC<\/a><\/li>\n<li>Ordem Cronol\u00f3gica de Pagamentos:<br \/>\n<a href=\"https:\/\/www.transparencia.go.gov.br\/lai.php?painel=ordem_cronologica_despesas&amp;orgao=ssp\">SSP<\/a>,\u00a0<a href=\"https:\/\/www.transparencia.go.gov.br\/lai.php?painel=ordem_cronologica_despesas&amp;orgao=ssp_funesp\">FUNESP<\/a>,\u00a0<a href=\"https:\/\/www.transparencia.go.gov.br\/lai.php?painel=ordem_cronologica_despesas&amp;orgao=ssp_fedc\">FEDC<\/a><\/li>\n<li><a href=\"https:\/\/transparencia.go.gov.br\/emendas-parlamentares-de-goias\/\" target=\"_blank\" rel=\"noopener\">Emendas Parlamentares Estaduais<\/a><\/li>\n<li><a href=\"https:\/\/app.powerbi.com\/view?r=eyJrIjoiMWFlODc2MDktMzZmNi00MzU3LTlhNjgtNTMyYjA2M2E4M2ZlIiwidCI6IjY3ZmQ0MzFjLWIyYWQtNDg2Ny04MWJjLWQ3NTYyMjBiNTZkNCJ9\" target=\"_blank\" rel=\"noopener\">Emendas Parlamentares Federais<\/a><\/li>\n<li>Restos \u00e0 Pagar:<br \/>\n<a href=\"https:\/\/www.transparencia.go.gov.br\/lai.php?painel=execucao_orcamentaria_restos_a_pagar&amp;orgao=ssp\">SSP<\/a>,\u00a0<a href=\"https:\/\/www.transparencia.go.gov.br\/lai.php?painel=execucao_orcamentaria_restos_a_pagar&amp;orgao=ssp_funesp\">FUNESP<\/a>,\u00a0<a href=\"https:\/\/www.transparencia.go.gov.br\/lai.php?painel=execucao_orcamentaria_restos_a_pagar&amp;orgao=ssp_fedc\">FEDC<\/a><\/li>\n<\/ul>\n<\/div>\n<\/div>\n<div class=\"acesso-informacao-box cor09\">\n<div class=\"acesso-informacao-inner\">\n<h3 class=\"acesso-informacao-title\"><span style=\"font-size: medium;\"><span style=\"color: #031d1f;\">Conv\u00eanios e Transfer\u00eancias<\/span><\/span><\/h3>\n<ul class=\"acesso-informacao-list\">\n<li><a href=\"https:\/\/goias.gov.br\/seguranca\/acesso-a-informacao\/convenios-recebidos\">Conv\u00eanios Recebidos<\/a><\/li>\n<li><a href=\"https:\/\/goias.gov.br\/seguranca\/acesso-a-informacao\/convenios-concedidos\">Conv\u00eanios Concedidos<\/a><\/li>\n<li><a href=\"https:\/\/goias.gov.br\/seguranca\/acesso-a-informacao\/acordos-sem-transferencia-de-recursos\">Acordos sem Transfer\u00eancia de Recursos<\/a><\/li>\n<\/ul>\n<\/div>\n<\/div>\n<div class=\"acesso-informacao-box cor10\">\n<div class=\"acesso-informacao-inner\">\n<h3 class=\"acesso-informacao-title\"><span style=\"font-size: medium;\"><span style=\"color: #031d1f;\">Pessoal\/Di\u00e1rias\u00a0<\/span><\/span><\/h3>\n<ul class=\"acesso-informacao-list\">\n<li><a href=\"https:\/\/www.transparencia.go.gov.br\/wp-content\/uploads\/sites\/2\/painel\/lai.php?painel=folha_de_pagamento_salarios_de_servidores_ativos&amp;orgao=ssp\">Folha de Pagamento<\/a><\/li>\n<li><a href=\"https:\/\/www.transparencia.go.gov.br\/wp-content\/uploads\/sites\/2\/painel\/lai.php?painel=folha_de_pagamento_salarios_de_estagiarios_ativos&amp;orgao=ssp\">Lista de Estagi\u00e1rios<\/a><\/li>\n<li><a href=\"https:\/\/goias.gov.br\/seguranca\/acesso-a-informacao\/relacao-de-terceirizados\">Rela\u00e7\u00e3o de Terceirizados<\/a><\/li>\n<li><a href=\"https:\/\/www.transparencia.go.gov.br\/lai.php?painel=diarias&amp;orgao=ssp\">Di\u00e1rias<\/a><\/li>\n<li><a href=\"https:\/\/www.transparencia.go.gov.br\/lai.php?painel=folha_de_pagamento_salarios_de_servidores_inativos&amp;orgao=ssp\">Pensionistas \/ Aposentados (Inativos)<\/a><\/li>\n<li><a href=\"https:\/\/www.transparencia.go.gov.br\/lai.php?painel=folha_de_pagamento_cargos_por_orgaos&amp;orgao=ssp\">Quantitativo de Cargos<\/a><\/li>\n<\/ul>\n<\/div>\n<\/div>\n<div class=\"acesso-informacao-box cor08\">\n<div class=\"acesso-informacao-inner\">\n<h3 class=\"acesso-informacao-title\"><span style=\"font-size: medium;\"><span style=\"color: #031d1f;\">Licita\u00e7\u00f5es<\/span><\/span><\/h3>\n<ul class=\"acesso-informacao-list\">\n<li><a href=\"https:\/\/www.transparencia.go.gov.br\/lai.php?painel=licitacoes_licitacoes_concluidas&amp;orgao=ssp\" target=\"_blank\" rel=\"noopener\">Licita\u00e7\u00f5es &#8211; ComprasNet<\/a><\/li>\n<li><a href=\"https:\/\/www.transparencia.go.gov.br\/wp-content\/uploads\/sites\/2\/painel\/lai.php?painel=licitacoes_concluidas_sislog&amp;orgao=ssp\" target=\"_blank\" rel=\"noopener\">Licita\u00e7\u00f5es &#8211; SISLOG<\/a><\/li>\n<li><a href=\"https:\/\/sislog.go.gov.br\/Pca\">PCA \u2013 Plano de Contrata\u00e7\u00f5es Anual<\/a><\/li>\n<li><a href=\"https:\/\/goias.gov.br\/seguranca\/wp-content\/uploads\/sites\/56\/2025\/06\/Licitantes-Sancionados-Administrativamente.pdf\" target=\"_blank\" rel=\"noopener\">Licitantes Sancionados Administrativamente<\/a><\/li>\n<li><a href=\"https:\/\/www.comprasnet.go.gov.br\/\">ComprasNet<\/a><\/li>\n<li><a href=\"https:\/\/sislog.go.gov.br\/\">SISLOG<\/a><\/li>\n<li><a href=\"https:\/\/www.gov.br\/pncp\/pt-br\/acesso-a-informacao\/painel-pncp-em-numeros\/pncp-em-numeros-contratacoes\/pncp-em-numeros-municipio\" target=\"_blank\" rel=\"noopener\">PNCP<\/a><\/li>\n<\/ul>\n<\/div>\n<\/div>\n<div class=\"acesso-informacao-box cor07\">\n<div class=\"acesso-informacao-inner\">\n<h3 class=\"acesso-informacao-title\"><span style=\"font-size: medium;\"><span style=\"color: #031d1f;\">Contratos e Obras<\/span><\/span><\/h3>\n<ul class=\"acesso-informacao-list\">\n<li><a href=\"https:\/\/www.transparencia.go.gov.br\/lai.php?painel=contratos_detalhamento&amp;orgao=ssp\">Contratos<\/a><\/li>\n<li><a href=\"https:\/\/www.transparencia.go.gov.br\/wp-content\/uploads\/sites\/2\/painel\/lai.php?painel=contratos_emergenciais&amp;orgao=ssp\" target=\"_blank\" rel=\"noopener\">Contratos Emergenciais<\/a><\/li>\n<li><a href=\"https:\/\/www.transparencia.go.gov.br\/wp-content\/uploads\/sites\/2\/painel\/lai.php?painel=contratos_fiscais_e_gestores&amp;orgao=ssp\">Rela\u00e7\u00e3o dos Fiscais dos Contratos<\/a><\/li>\n<li><a href=\"https:\/\/goias.gov.br\/seguranca\/acesso-a-informacao\/contratos-de-locacao-de-imoveis\">Contratos de Loca\u00e7\u00e3o de Imo\u0301veis<\/a><\/li>\n<li><a href=\"https:\/\/goias.gov.br\/seguranca\/wp-content\/uploads\/sites\/56\/2025\/06\/Parcerias-com-OSCs.pdf\" target=\"_blank\" rel=\"noopener\">Parcerias com OSCs<\/a><\/li>\n<li><a href=\"https:\/\/app.powerbi.com\/view?r=eyJrIjoiMzg3MWY0NjItNTA0My00M2NkLWE1OGYtMzk4NDI5ZTc1MTkyIiwidCI6IjY3ZmQ0MzFjLWIyYWQtNDg2Ny04MWJjLWQ3NTYyMjBiNTZkNCJ9&amp;pageName=ReportSectiond755217298c2706b71dc\" target=\"_blank\" rel=\"noopener\">Obras<\/a><\/li>\n<li><a href=\"https:\/\/app.powerbi.com\/view?r=eyJrIjoiMzg3MWY0NjItNTA0My00M2NkLWE1OGYtMzk4NDI5ZTc1MTkyIiwidCI6IjY3ZmQ0MzFjLWIyYWQtNDg2Ny04MWJjLWQ3NTYyMjBiNTZkNCJ9&amp;pageName=ReportSection8f435ccde7de8820eb54\" target=\"_blank\" rel=\"noopener\">Obras Paralisadas<\/a><\/li>\n<li><a href=\"https:\/\/goias.gov.br\/seguranca\/wp-content\/uploads\/sites\/56\/2025\/06\/Obras-\u2013-Audiencias-Consultas-Publicas.pdf\" target=\"_blank\" rel=\"noopener\">Obras &#8211; Audi\u00eancias\/Consultas P\u00fablicas<\/a><\/li>\n<\/ul>\n<\/div>\n<\/div>\n<div class=\"acesso-informacao-box cor04\">\n<div class=\"acesso-informacao-inner\">\n<h3 class=\"acesso-informacao-title\"><span style=\"font-size: medium;\"><span style=\"color: #031d1f;\">Patrim\u00f4nio P\u00fablico<\/span><\/span><\/h3>\n<ul class=\"acesso-informacao-list\">\n<li><a href=\"https:\/\/goias.gov.br\/seguranca\/acesso-a-informacao\/bens-moveis\">Bens M\u00f3veis<\/a><\/li>\n<li><a href=\"https:\/\/www.transparencia.go.gov.br\/wp-content\/uploads\/sites\/2\/painel\/lai.php?painel=bens_imoveis&amp;orgao=ssp\" target=\"_blank\" rel=\"noopener\">Bens Im\u00f3veis<\/a><\/li>\n<li><a href=\"https:\/\/goias.gov.br\/seguranca\/acesso-a-informacao\/relacao-de-veiculos\">Rela\u00e7\u00e3o de Ve\u00edculos<\/a><\/li>\n<\/ul>\n<\/div>\n<\/div>\n<div class=\"acesso-informacao-box cor11\">\n<div class=\"acesso-informacao-inner\">\n<h3 class=\"acesso-informacao-title\"><span style=\"font-size: medium;\"><span style=\"color: #031d1f;\">Planejamento e Presta\u00e7\u00e3o de Contas<\/span><\/span><\/h3>\n<ul class=\"acesso-informacao-list\">\n<li><a href=\"https:\/\/goias.gov.br\/economia\/prestacao-de-contas-de-governo\/\">Balan\u00e7o Geral do Estado<\/a><\/li>\n<li><a href=\"https:\/\/goias.gov.br\/seguranca\/acesso-a-informacao\/relatorio-de-gestao-ou-atividades\" rel=\"noopener\">Relat\u00f3rio de Gest\u00e3o ou Atividades<\/a><\/li>\n<li><a href=\"https:\/\/goias.gov.br\/seguranca\/acesso-a-informacao\/julgamento-das-contas-pelo-tce\">Julgamento das Contas pelo TCE-GO<\/a><\/li>\n<li><a href=\"https:\/\/transparencia.go.gov.br\/gestao-fiscal-e-governamental-rgf\/\">RGF<\/a><\/li>\n<li><a href=\"https:\/\/transparencia.go.gov.br\/rreo\/\">RREO<\/a><\/li>\n<li><a href=\"https:\/\/goias.gov.br\/seguranca\/wp-content\/uploads\/sites\/56\/2025\/11\/Plano-Estrategico-Institucional.pdf\" target=\"_blank\" rel=\"noopener\">Plano Estrat\u00e9gico Institucional<\/a><\/li>\n<li><a href=\"https:\/\/goias.gov.br\/seguranca\/wp-content\/uploads\/sites\/56\/2025\/06\/Relatorio_de_Gestao_2024.pdf\" target=\"_blank\" rel=\"noopener\">Monitoramento de Programas, Projetos, A\u00e7\u00f5es e Atividades<\/a><\/li>\n<li><a href=\"https:\/\/ppa.go.gov.br\/\" target=\"_blank\" rel=\"noopener\">PPA<\/a><\/li>\n<li><a href=\"https:\/\/www.transparencia.go.gov.br\/orcamento-e-planejamento-pecas\">LDO<\/a>\/<a href=\"https:\/\/www.transparencia.go.gov.br\/orcamento-e-planejamento-pecas\">LOA<\/a><\/li>\n<li><a href=\"https:\/\/www.planalto.gov.br\/ccivil_03\/leis\/lcp\/lcp101.htm\">Lei de Responsabilidade Fiscal &#8211; LRF<\/a><\/li>\n<\/ul>\n<\/div>\n<\/div>\n<div class=\"acesso-informacao-box cor02\">\n<div class=\"acesso-informacao-inner\">\n<h3 class=\"acesso-informacao-title\"><span style=\"font-size: medium;\"><span style=\"color: #031d1f;\">Servi\u00e7os de Informa\u00e7\u00e3o ao Cidad\u00e3o (SIC) e Ouvidoria<\/span><\/span><\/h3>\n<ul class=\"acesso-informacao-list\">\n<li><a href=\"https:\/\/vaptvupt.go.gov.br\/unidades\">SIC F\u00edsico \u2013 Unidades do Vapt Vupt<\/a><\/li>\n<li><a href=\"https:\/\/goias.gov.br\/seguranca\/acesso-a-informacao\/atendimento-presencial-ouvidoria\">Ouvidoria \u2013 Atendimento Presencial<\/a><\/li>\n<li><a href=\"https:\/\/www.go.gov.br\/servicos-digitais\/cge\/nova-ouvidoria\/nova-manifestacao?orgao=46\">e-SIC Eletr\u00f4nico<\/a><\/li>\n<li><a href=\"https:\/\/legisla.casacivil.go.gov.br\/pesquisa_legislacao\/90142\/lei-18025\" rel=\"noopener\">Lei de Acesso \u00e0 Informa\u00e7\u00e3o Estadual<\/a><\/li>\n<li><a href=\"https:\/\/www.ouvidoriageral.go.gov.br\/api\/relatorio_gestao.php?tipo=7&amp;orgao=46\">Relat\u00f3rio de Pedidos de Acesso \u00e0 Informa\u00e7\u00e3o<\/a><\/li>\n<li><a href=\"https:\/\/goias.gov.br\/seguranca\/classificacao-das-informacoes-sigilosas\/\">Classifica\u00e7\u00e3o das Informa\u00e7\u00f5es Sigilosas<\/a><\/li>\n<li><a href=\"https:\/\/goias.gov.br\/seguranca\/acesso-a-informacao\/autoridade-responsavel-pelo-monitoramento-de-acesso-a-informacao\">Autoridade de Monitoramento de Aplica\u00e7\u00e3o da LAI<\/a><\/li>\n<li><a href=\"https:\/\/goias.gov.br\/seguranca\/acesso-a-informacao\/lgpd\">Encarregado pelo Tratamento dos Dados Pessoais<\/a><\/li>\n<li><a href=\"https:\/\/goias.gov.br\/seguranca\/acesso-a-informacao\/politica-de-privacidade-e-protecao-de-dados\/\">Pol\u00edtica de Privacidade e Prote\u00e7\u00e3o de Dados<\/a><\/li>\n<li><a href=\"https:\/\/www.go.gov.br\/\">Expresso Goi\u00e1s<\/a><\/li>\n<li><a href=\"https:\/\/app.powerbi.com\/view?r=eyJrIjoiNmRhN2MzZmYtMWZkMi00ODdmLWJhNGQtYTJkODcwNDJlMTU4IiwidCI6IjY3ZmQ0MzFjLWIyYWQtNDg2Ny04MWJjLWQ3NTYyMjBiNTZkNCJ9\" target=\"_blank\" rel=\"noopener\">Pesquisas de Satisfa\u00e7\u00e3o<\/a><\/li>\n<li><a href=\"https:\/\/goias.gov.br\/seguranca\/wp-content\/uploads\/sites\/56\/2026\/02\/Relatorio_de_Gestao_Anual__2025-1.pdf\" target=\"_blank\" rel=\"noopener\">Relat\u00f3rio de Gest\u00e3o de Ouvidoria<\/a><\/li>\n<li><a href=\"https:\/\/goias.gov.br\/seguranca\/acesso-a-informacao\/pedidos-de-acesso-a-informacoes-recebidos-atendidos-e-indeferidos\">Relat\u00f3rios Estat\u00edsticos de Pedidos de Acesso a Informa\u00e7\u00f5es<\/a><\/li>\n<\/ul>\n<\/div>\n<\/div>\n<div class=\"acesso-informacao-box cor12\">\n<div class=\"acesso-informacao-inner\">\n<h3 class=\"acesso-informacao-title\"><span style=\"font-size: medium;\"><span style=\"font-size: medium;\"><span style=\"font-size: medium;\"><span style=\"font-size: medium;\"><span style=\"color: #031d1f;\">Governo Aberto<\/span><\/span><\/span><\/span><\/span><\/h3>\n<ul class=\"acesso-informacao-list\">\n<li><a href=\"https:\/\/www.transparencia.go.gov.br\/\" target=\"_blank\" rel=\"noopener\">Portal Goi\u00e1s Transparente<\/a><\/li>\n<li><a href=\"https:\/\/dadosabertos.go.gov.br\/organization\/secretaria-de-estado-da-seguranca-publica-ssp\" target=\"_blank\" rel=\"noopener\">Dados Abertos Goi\u00e1s<\/a><\/li>\n<li><a href=\"https:\/\/goias.gov.br\/seguranca\/acesso-a-informacao\/projetos-de-participacao-social\">Projetos de Participa\u00e7\u00e3o Social<\/a><\/li>\n<li><a href=\"https:\/\/goias.gov.br\/seguranca\/acesso-a-informacao\/projetos-de-inovacao-no-servico-publico\">Projetos de Inova\u00e7\u00e3o no Servi\u00e7o P\u00fablico<\/a><\/li>\n<li><a href=\"https:\/\/goias.gov.br\/seguranca\/acesso-a-informacao\/audiencias-publicas\/\">Audi\u00eancias P\u00fablicas<\/a><\/li>\n<li><a href=\"https:\/\/goias.gov.br\/seguranca\/acesso-a-informacao\/consultas-publicas\/\">Consultas P\u00fablicas<\/a><\/li>\n<li><a href=\"https:\/\/www.transparencia.go.gov.br\/wp-content\/uploads\/sites\/2\/painel\/lai.php?painel=pda&amp;orgao=ssp\" target=\"_blank\" rel=\"noopener\">Invent\u00e1rio de Dados<\/a><\/li>\n<\/ul>\n<\/div>\n<\/div>\n<\/div>\n<\/div>\n","protected":false},"excerpt":{"rendered":"<p>Esta se\u00e7\u00e3o permite ao cidad\u00e3o acessar as informa\u00e7\u00f5es produzidas e\/ou custodiadas pela\u00a0Secretaria de Estado da Seguran\u00e7a P\u00fablica\u00a0do Estado de Goi\u00e1s-SSP-GO, garantindo o direito constitucional de acesso \u00e0 informa\u00e7\u00e3o\u00a0regulamentado pela\u00a0Lei Federal n\u00ba 12.527\/2011, e, em \u00e2mbito estadual, pela\u00a0Lei n\u00ba 18.025\/2013\u00a0e pelo\u00a0decreto\u00a0n\u00ba\u00a010.306\/2023. Informa\u00e7\u00f5es Institucionais Estrutura Organizacional Compet\u00eancias Cargos e seus Ocupantes Agenda de Autoridades Endere\u00e7os, Telefones, E-mails [&hellip;]<\/p>\n","protected":false},"author":3,"featured_media":0,"parent":0,"menu_order":0,"comment_status":"closed","ping_status":"closed","template":"","meta":{"footnotes":"","_links_to":"","_links_to_target":""},"class_list":["post-11666","page","type-page","status-publish","hentry"],"rttpg_featured_image_url":null,"rttpg_author":{"display_name":"joanaredator","author_link":"https:\/\/goias.gov.br\/seguranca\/author\/joanaredator\/"},"rttpg_comment":0,"rttpg_category":null,"rttpg_excerpt":"Esta se\u00e7\u00e3o permite ao cidad\u00e3o acessar as informa\u00e7\u00f5es produzidas e\/ou custodiadas pela\u00a0Secretaria de Estado da Seguran\u00e7a P\u00fablica\u00a0do Estado de Goi\u00e1s-SSP-GO, garantindo o direito constitucional de acesso \u00e0 informa\u00e7\u00e3o\u00a0regulamentado pela\u00a0Lei Federal n\u00ba 12.527\/2011, e, em \u00e2mbito estadual, pela\u00a0Lei n\u00ba 18.025\/2013\u00a0e pelo\u00a0decreto\u00a0n\u00ba\u00a010.306\/2023. Informa\u00e7\u00f5es Institucionais Estrutura Organizacional Compet\u00eancias Cargos e seus Ocupantes Agenda de Autoridades Endere\u00e7os, Telefones, E-mails&hellip;","_links":{"self":[{"href":"https:\/\/goias.gov.br\/seguranca\/wp-json\/wp\/v2\/pages\/11666","targetHints":{"allow":["GET"]}}],"collection":[{"href":"https:\/\/goias.gov.br\/seguranca\/wp-json\/wp\/v2\/pages"}],"about":[{"href":"https:\/\/goias.gov.br\/seguranca\/wp-json\/wp\/v2\/types\/page"}],"author":[{"embeddable":true,"href":"https:\/\/goias.gov.br\/seguranca\/wp-json\/wp\/v2\/users\/3"}],"replies":[{"embeddable":true,"href":"https:\/\/goias.gov.br\/seguranca\/wp-json\/wp\/v2\/comments?post=11666"}],"version-history":[{"count":4,"href":"https:\/\/goias.gov.br\/seguranca\/wp-json\/wp\/v2\/pages\/11666\/revisions"}],"predecessor-version":[{"id":289145,"href":"https:\/\/goias.gov.br\/seguranca\/wp-json\/wp\/v2\/pages\/11666\/revisions\/289145"}],"wp:attachment":[{"href":"https:\/\/goias.gov.br\/seguranca\/wp-json\/wp\/v2\/media?parent=11666"}],"curies":[{"name":"wp","href":"https:\/\/api.w.org\/{rel}","templated":true}]}}