

{"id":69550,"date":"2024-07-17T15:43:37","date_gmt":"2024-07-17T18:43:37","guid":{"rendered":"https:\/\/goias.gov.br\/saude\/?page_id=69550"},"modified":"2025-12-02T15:29:37","modified_gmt":"2025-12-02T18:29:37","slug":"subsecretaria-de-politicas-e-acoes-em-saude-subpas","status":"publish","type":"page","link":"https:\/\/goias.gov.br\/saude\/subsecretaria-de-politicas-e-acoes-em-saude-subpas\/","title":{"rendered":"Subsecretaria de Pol\u00edticas e A\u00e7\u00f5es em Sa\u00fade &#8211; SUBPAS"},"content":{"rendered":"\t\t<div data-elementor-type=\"wp-page\" data-elementor-id=\"69550\" class=\"elementor elementor-69550\">\n\t\t\t\t<div class=\"elementor-element elementor-element-2ae83fe e-flex e-con-boxed e-con e-parent\" data-id=\"2ae83fe\" data-element_type=\"container\" data-e-type=\"container\">\n\t\t\t\t\t<div class=\"e-con-inner\">\n\t\t<div class=\"elementor-element elementor-element-e225435 e-con-full e-flex e-con e-child\" data-id=\"e225435\" data-element_type=\"container\" data-e-type=\"container\">\n\t\t\t\t<div class=\"elementor-element elementor-element-9c27b8a elementor-widget elementor-widget-text-editor\" data-id=\"9c27b8a\" data-element_type=\"widget\" data-e-type=\"widget\" data-widget_type=\"text-editor.default\">\n\t\t\t\t\t\t\t\t\t<h3 class=\"sppb-addon-title\">Subsecret\u00e1rio<\/h3><div class=\"sppb-addon-content\"><p><strong>Luciano de Moura Carvalho<\/strong><br \/>(62) 3201-3731<br \/><a href=\"mailto:luciano.carvalho@goias.gov.br\" target=\"_blank\" rel=\"noopener noreferrer\">luciano.carvalho@goias.gov.br<\/a><\/p><p><strong>Localiza\u00e7\u00e3o:<br \/><\/strong><a href=\"https:\/\/maps.app.goo.gl\/PgPGUEBjn4Faj9iW7\" target=\"_blank\" rel=\"noopener\">Av. SC 1 n\u00ba 299 &#8211; Parque Santa Cruz &#8211; Goi\u00e2nia &#8211; GO<br \/>CEP: 74.860-260<\/a><\/p><\/div>\t\t\t\t\t\t\t\t<\/div>\n\t\t\t\t<\/div>\n\t\t<div class=\"elementor-element elementor-element-0807fae e-con-full e-flex e-con e-child\" data-id=\"0807fae\" data-element_type=\"container\" data-e-type=\"container\">\n\t\t\t\t<div class=\"elementor-element elementor-element-d2b67c8 elementor-widget elementor-widget-text-editor\" data-id=\"d2b67c8\" data-element_type=\"widget\" data-e-type=\"widget\" data-widget_type=\"text-editor.default\">\n\t\t\t\t\t\t\t\t\t<p>A Subsecretaria de Pol\u00edticas e A\u00e7\u00f5es em Sa\u00fade comp\u00f5e a estrutura da Secretaria de Estado de Sa\u00fade de Goi\u00e1s.<\/p>\t\t\t\t\t\t\t\t<\/div>\n\t\t\t\t<\/div>\n\t\t\t\t\t<\/div>\n\t\t\t\t<\/div>\n\t\t<div class=\"elementor-element elementor-element-b955204 e-flex e-con-boxed e-con e-parent\" data-id=\"b955204\" data-element_type=\"container\" data-e-type=\"container\">\n\t\t\t\t\t<div class=\"e-con-inner\">\n\t\t\t\t<div class=\"elementor-element elementor-element-63df306 elementor-widget elementor-widget-html\" data-id=\"63df306\" data-element_type=\"widget\" data-e-type=\"widget\" data-widget_type=\"html.default\">\n\t\t\t\t\t<!DOCTYPE html>\r\n<html lang=\"pt-br\" dir=\"ltr\">\r\n<head>\r\n  <meta http-equiv=\"Content-Type\" content=\"text\/html; charset=UTF-8\" \/>\r\n  <style>\r\n    \/* Estilos para desktop *\/\r\n    .container {\r\n      padding: 20px;\r\n    }\r\n\r\n    .section {\r\n      margin-bottom: 40px;\r\n    }\r\n\r\n    .title {\r\n      text-align: center;\r\n      margin: 0 0 24px;\r\n      color: #0c326f;\r\n      font-weight: 600;\r\n      font-size: 2.7rem;\r\n      line-height: 1.5;\r\n    }\r\n\r\n    .cards {\r\n      display: flex;\r\n      justify-content: space-evenly;\r\n      flex-wrap: wrap;\r\n      margin: 0;\r\n      padding: 0;\r\n      list-style: none;\r\n    }\r\n\r\n    .cards li {\r\n      background-color: #ededed;\r\n      box-shadow: 0 3px 6px 0 rgba(0, 0, 0, 0.16);\r\n      text-align: center;\r\n      flex-basis: 23%;\r\n      box-sizing: border-box;\r\n      min-height: 230px;\r\n      margin-bottom: 1.2em;\r\n      line-height: 1.5em;\r\n      display: list-item;\r\n    }\r\n\r\n    .cards li a {\r\n      display: flex;\r\n      justify-content: center;\r\n      align-items: center;\r\n      flex-direction: column;\r\n      width: 100%;\r\n      height: 100%;\r\n      color: #1351b4;\r\n      font-weight: 500;\r\n      text-decoration: none;\r\n    }\r\n\r\n    .cards li i,\r\n    .cards li span {\r\n      font-size: 50px;\r\n      margin-bottom: 30px;\r\n      color: #0c326f;\r\n      width: auto;\r\n      font-weight: 900;\r\n    }\r\n\r\n    .cards li .title {\r\n      font-size: 20px;\r\n      color: #0c326f;\r\n      font-weight: 600;\r\n      margin: 0;\r\n      text-transform: uppercase;\r\n    }\r\n\r\n    \/* Estilos para telas menores *\/\r\n    @media screen and (max-width: 768px) {\r\n      .cards {\r\n        gap: 20px; \/* Espa\u00e7amento entre os cards *\/\r\n        margin-top: 20px; margin-bottom: 20px;\/* Margem superior para os cards *\/\r\n      }\r\n      .cards li {\r\n        flex-basis: calc(50% - 20px); \/* Tamanho dos cards com espa\u00e7amento *\/\r\n      }\r\n    }\r\n\r\n    @media screen and (max-width: 480px) {\r\n      .cards {\r\n        gap: 15px; \/* Espa\u00e7amento menor entre os cards *\/\r\n        margin-top: 15px; margin-bottom: 20px; \/* Margem superior menor para os cards *\/\r\n      }\r\n      .cards li {\r\n        flex-basis: calc(100% - 30px); \/* Tamanho dos cards com espa\u00e7amento menor *\/\r\n      }\r\n    }\r\n  <\/style>\r\n\t<div class=\"container\">\r\n        <div class=\"suvisa\">\r\n            \r\n            <div class=\"title-header\">\r\n               \r\n            <\/div>\r\n            <ul class=\"cards\">\r\n                <li>\r\n                    <a href=\"https:\/\/goias.gov.br\/saude\/superintendencia-de-regulacao-controle-e-avaliacao\/\">\r\n                        <span class=\"fa-solid fa-house-medical\"><\/span>\r\n                        <div class=\"title\">superintend\u00eancia de regula\u00e7\u00e3o, controle e avalia\u00e7\u00e3o<\/div>\r\n                    <\/a>\r\n                <\/li>\r\n                <li>\r\n                    <a href=\"https:\/\/goias.gov.br\/saude\/superintendencia-de-politicas-e-atencao-integral-a-saude\/\">\r\n                        <span class=\"fa-solid fa-hand-holding-heart\"><\/span>\r\n                        <div class=\"title\">superintend\u00eancia de pol\u00edticas e aten\u00e7\u00e3o integral \u00e0 sa\u00fade<\/div>\r\n                    <\/a>\r\n                <\/li>\r\n                <li>\r\n                    <a href=\"https:\/\/goias.gov.br\/saude\/superintendencia-de-monitoramento-dos-contratos-de-gestao-e-convenios\/\">\r\n                        <span class=\"fa-solid fa-file-contract\"><\/span>\r\n                        <div class=\"title\">superintend\u00eancia de monitoramento dos contratos de gest\u00e3o e conv\u00eanios<\/div>\r\n                    <\/a>\r\n                <\/li>\r\n                <li>\r\n                    <a href=\"https:\/\/goias.gov.br\/saude\/superintendencia-de-regionalizacao\/\">\r\n                        <span class=\"fa-solid fa-users\"><\/span>\r\n                        <div class=\"title\">superintend\u00eancia de regionaliza\u00e7\u00e3o<\/div>\r\n                    <\/a>\r\n                <\/li>\r\n\r\n\r\n            <\/ul>\r\n        <\/div>\r\n\t<\/div>\r\n\t\t\t\t<\/div>\n\t\t\t\t<div class=\"elementor-element elementor-element-8ed4c01 elementor-widget elementor-widget-heading\" data-id=\"8ed4c01\" data-element_type=\"widget\" data-e-type=\"widget\" data-widget_type=\"heading.default\">\n\t\t\t\t\t<h2 class=\"elementor-heading-title elementor-size-default\">Ger\u00eancia<\/h2>\t\t\t\t<\/div>\n\t\t\t\t<div class=\"elementor-element elementor-element-89105ac elementor-widget elementor-widget-n-accordion\" data-id=\"89105ac\" data-element_type=\"widget\" data-e-type=\"widget\" data-settings=\"{&quot;default_state&quot;:&quot;all_collapsed&quot;,&quot;max_items_expended&quot;:&quot;one&quot;,&quot;n_accordion_animation_duration&quot;:{&quot;unit&quot;:&quot;ms&quot;,&quot;size&quot;:400,&quot;sizes&quot;:[]}}\" data-widget_type=\"nested-accordion.default\">\n\t\t\t\t\t\t\t<div class=\"e-n-accordion\" aria-label=\"Accordion. Open links with Enter or Space, close with Escape, and navigate with Arrow Keys\">\n\t\t\t\t\t\t<details id=\"e-n-accordion-item-1430\" class=\"e-n-accordion-item\" >\n\t\t\t\t<summary class=\"e-n-accordion-item-title\" data-accordion-index=\"1\" tabindex=\"0\" aria-expanded=\"false\" aria-controls=\"e-n-accordion-item-1430\" >\n\t\t\t\t\t<span class='e-n-accordion-item-title-header'><div class=\"e-n-accordion-item-title-text\"> Ger\u00eancia de Humaniza\u00e7\u00e3o <\/div><\/span>\n\t\t\t\t\t\t\t<span class='e-n-accordion-item-title-icon'>\n\t\t\t<span class='e-opened' ><svg aria-hidden=\"true\" class=\"e-font-icon-svg e-fas-angle-down\" viewBox=\"0 0 320 512\" xmlns=\"http:\/\/www.w3.org\/2000\/svg\"><path d=\"M143 352.3L7 216.3c-9.4-9.4-9.4-24.6 0-33.9l22.6-22.6c9.4-9.4 24.6-9.4 33.9 0l96.4 96.4 96.4-96.4c9.4-9.4 24.6-9.4 33.9 0l22.6 22.6c9.4 9.4 9.4 24.6 0 33.9l-136 136c-9.2 9.4-24.4 9.4-33.8 0z\"><\/path><\/svg><\/span>\n\t\t\t<span class='e-closed'><svg aria-hidden=\"true\" class=\"e-font-icon-svg e-fas-angle-right\" viewBox=\"0 0 256 512\" xmlns=\"http:\/\/www.w3.org\/2000\/svg\"><path d=\"M224.3 273l-136 136c-9.4 9.4-24.6 9.4-33.9 0l-22.6-22.6c-9.4-9.4-9.4-24.6 0-33.9l96.4-96.4-96.4-96.4c-9.4-9.4-9.4-24.6 0-33.9L54.3 103c9.4-9.4 24.6-9.4 33.9 0l136 136c9.5 9.4 9.5 24.6.1 34z\"><\/path><\/svg><\/span>\n\t\t<\/span>\n\n\t\t\t\t\t\t<\/summary>\n\t\t\t\t<div role=\"region\" aria-labelledby=\"e-n-accordion-item-1430\" class=\"elementor-element elementor-element-e1c62dc e-con-full e-flex e-con e-child\" data-id=\"e1c62dc\" data-element_type=\"container\" data-e-type=\"container\">\n\t\t\t\t<div class=\"elementor-element elementor-element-96797bf elementor-widget elementor-widget-text-editor\" data-id=\"96797bf\" data-element_type=\"widget\" data-e-type=\"widget\" data-widget_type=\"text-editor.default\">\n\t\t\t\t\t\t\t\t\t<p>Compete \u00e0 Ger\u00eancia de Humaniza\u00e7\u00e3o:<\/p><ol style=\"list-style-type: upper-roman;\"><li>Aprimorar, ofertar e divulgar estrat\u00e9gias e metodologias de apoio a mudan\u00e7as sustent\u00e1veis dos modelos de aten\u00e7\u00e3o e de gest\u00e3o.<\/li><li>Implementar processos de acompanhamento e avalia\u00e7\u00e3o, ressaltando saberes gerados no SUS e experi\u00eancias coletivas bem-sucedidas.<\/li><li>Implantar e implementar a Pol\u00edtica Nacional de Humaniza\u00e7\u00e3o na Secretaria de Sa\u00fade do Estado de Goi\u00e1s e em suas Superintend\u00eancias e Unidades de Sa\u00fade a elas conveniadas;<\/li><li>Realizar qualifica\u00e7\u00e3o dos servidores tendo como pauta a PNH, seus princ\u00edpios, M\u00e9todos, Diretrizes e Dispositivos sob uma vis\u00e3o hol\u00edstica do Ser Humano;<\/li><li>Aproximar a Gest\u00e3o da sa\u00fade com da Aten\u00e7\u00e3o a sa\u00fade. Implementar a Cogest\u00e3o;<\/li><li>Acompanhar e implementar o desenvolvimento do servidor da sa\u00fade;<\/li><li>Incentivar o protagonismo dos servidores junto aos processos de sa\u00fade;<\/li><li>Acompanhar e implementar a melhoria na qualidade dos servi\u00e7os e a potencializa\u00e7\u00e3o dos tratamentos, aumentando as chances e reduzindo o tempo para a cura do paciente com qualidade e resolutividade;<\/li><li>Implementar os Projetos destinados aos servidores da sa\u00fade: \u201cCuidando de quem cuida\u201d;<\/li><li>Realizar a\u00e7\u00f5es e pesquisa para melhoria constante do clima organizacional;<\/li><li>Realizar campanhas de endomarketing e implementa\u00e7\u00e3o das redes sociais destinadas ao servidor;<\/li><li>Implantar o conceito de Felicidade Corporativa entre os servidores atrav\u00e9s de encontros e rodas de conversas que produzam o encontro das ideias, constru\u00e7\u00e3o de consensos e a responsabiliza\u00e7\u00e3o dos participantes pela produ\u00e7\u00e3o conjunta de sa\u00fade;<\/li><li>Articular e incentivar a constru\u00e7\u00e3o de um Grupo de Trabalho de Humaniza\u00e7\u00e3o;<\/li><li>Articular e incentivar a cria\u00e7\u00e3o de grupos focais com usu\u00e1rios e rede social nas unidades de sa\u00fade.<\/li><\/ol>\t\t\t\t\t\t\t\t<\/div>\n\t\t\t\t<\/div>\n\t\t\t\t\t<\/details>\n\t\t\t\t\t<\/div>\n\t\t\t\t\t\t<\/div>\n\t\t\t\t\t<\/div>\n\t\t\t\t<\/div>\n\t\t\t\t<\/div>\n\t\t","protected":false},"excerpt":{"rendered":"<p>Subsecret\u00e1rio Luciano de Moura Carvalho(62) 3201-3731luciano.carvalho@goias.gov.br Localiza\u00e7\u00e3o:Av. SC 1 n\u00ba 299 &#8211; Parque Santa Cruz &#8211; Goi\u00e2nia &#8211; GOCEP: 74.860-260 A Subsecretaria de Pol\u00edticas e A\u00e7\u00f5es em Sa\u00fade comp\u00f5e a estrutura da Secretaria de Estado de Sa\u00fade de Goi\u00e1s. superintend\u00eancia de regula\u00e7\u00e3o, controle e avalia\u00e7\u00e3o superintend\u00eancia de pol\u00edticas e aten\u00e7\u00e3o integral \u00e0 sa\u00fade superintend\u00eancia de [&hellip;]<\/p>\n","protected":false},"author":1,"featured_media":0,"parent":0,"menu_order":0,"comment_status":"closed","ping_status":"closed","template":"","meta":{"footnotes":""},"class_list":["post-69550","page","type-page","status-publish","hentry"],"rttpg_featured_image_url":null,"rttpg_author":{"display_name":"wagner.viana","author_link":"https:\/\/goias.gov.br\/saude\/author\/wagner-viana\/"},"rttpg_comment":0,"rttpg_category":null,"rttpg_excerpt":"Subsecret\u00e1rio Luciano de Moura Carvalho(62) 3201-3731luciano.carvalho@goias.gov.br Localiza\u00e7\u00e3o:Av. SC 1 n\u00ba 299 &#8211; Parque Santa Cruz &#8211; Goi\u00e2nia &#8211; GOCEP: 74.860-260 A Subsecretaria de Pol\u00edticas e A\u00e7\u00f5es em Sa\u00fade comp\u00f5e a estrutura da Secretaria de Estado de Sa\u00fade de Goi\u00e1s. superintend\u00eancia de regula\u00e7\u00e3o, controle e avalia\u00e7\u00e3o superintend\u00eancia de pol\u00edticas e aten\u00e7\u00e3o integral \u00e0 sa\u00fade superintend\u00eancia de&hellip;","_links":{"self":[{"href":"https:\/\/goias.gov.br\/saude\/wp-json\/wp\/v2\/pages\/69550","targetHints":{"allow":["GET"]}}],"collection":[{"href":"https:\/\/goias.gov.br\/saude\/wp-json\/wp\/v2\/pages"}],"about":[{"href":"https:\/\/goias.gov.br\/saude\/wp-json\/wp\/v2\/types\/page"}],"author":[{"embeddable":true,"href":"https:\/\/goias.gov.br\/saude\/wp-json\/wp\/v2\/users\/1"}],"replies":[{"embeddable":true,"href":"https:\/\/goias.gov.br\/saude\/wp-json\/wp\/v2\/comments?post=69550"}],"version-history":[{"count":2,"href":"https:\/\/goias.gov.br\/saude\/wp-json\/wp\/v2\/pages\/69550\/revisions"}],"predecessor-version":[{"id":626192,"href":"https:\/\/goias.gov.br\/saude\/wp-json\/wp\/v2\/pages\/69550\/revisions\/626192"}],"wp:attachment":[{"href":"https:\/\/goias.gov.br\/saude\/wp-json\/wp\/v2\/media?parent=69550"}],"curies":[{"name":"wp","href":"https:\/\/api.w.org\/{rel}","templated":true}]}}