

{"id":526022,"date":"2025-10-08T15:34:05","date_gmt":"2025-10-08T18:34:05","guid":{"rendered":"https:\/\/goias.gov.br\/saude\/?page_id=526022"},"modified":"2025-12-02T11:18:12","modified_gmt":"2025-12-02T14:18:12","slug":"modelos-de-documentos-emendas-parlamentares","status":"publish","type":"page","link":"https:\/\/goias.gov.br\/saude\/modelos-de-documentos-emendas-parlamentares\/","title":{"rendered":"Modelos de Documentos \u2013 Emendas Parlamentares"},"content":{"rendered":"\t\t<div data-elementor-type=\"wp-page\" data-elementor-id=\"526022\" class=\"elementor elementor-526022\">\n\t\t\t\t<div class=\"elementor-element elementor-element-1cb5f6c e-flex e-con-boxed e-con e-parent\" data-id=\"1cb5f6c\" data-element_type=\"container\" data-e-type=\"container\">\n\t\t\t\t\t<div class=\"e-con-inner\">\n\t\t\t\t<div class=\"elementor-element elementor-element-23e91fd elementor-widget elementor-widget-text-editor\" data-id=\"23e91fd\" data-element_type=\"widget\" data-e-type=\"widget\" data-widget_type=\"text-editor.default\">\n\t\t\t\t\t\t\t\t\t<div style=\"padding: 10px; background-color: #ededed; border-radius: 4px;\"><h4 style=\"background-color: #2da44a; color: #ffffff; margin: -10px -10px 0px; border-top-right-radius: 4px; border-top-left-radius: 4px; padding: 10px 0px; text-align: center;\">\u00a0<\/h4><div class=\"wppb-container\"><div class=\"wppb-row\"><div class=\"wppb-column-parent wppb-column-parent-editor wppb-col-1759948477619 ui-resizable\" data-col-index=\"0\"><div><div class=\"wppb-column\"><div class=\"wppb-builder-addons\"><div><div class=\"wppb-builder-addon wppb-addon-1759948670256\" data-addon-id=\"1759948670256\"><div class=\"wppb-addon\"><div class=\"wppb-text-block-addon\"><div class=\"wppb-text-block-content \"><p>A SES-GO oferece Minutas-padr\u00e3o de Plano de Trabalho e check-lists para facilitar e otimizar a condu\u00e7\u00e3o de procedimentos relativos \u00e0s emendas individuais impositivas para as a\u00e7\u00f5es e os servi\u00e7os de sa\u00fade.<\/p><\/div><\/div><\/div><\/div><\/div><\/div><\/div><\/div><\/div><\/div><\/div><\/div>\t\t\t\t\t\t\t\t<\/div>\n\t\t\t\t\t<\/div>\n\t\t\t\t<\/div>\n\t\t<div class=\"elementor-element elementor-element-3c4ef5f e-flex e-con-boxed e-con e-parent\" data-id=\"3c4ef5f\" data-element_type=\"container\" data-e-type=\"container\">\n\t\t\t\t\t<div class=\"e-con-inner\">\n\t\t<div class=\"elementor-element elementor-element-8a1d56a e-con-full e-flex e-con e-child\" data-id=\"8a1d56a\" data-element_type=\"container\" data-e-type=\"container\">\n\t\t\t\t<div class=\"elementor-element elementor-element-adbe023 elementor-widget elementor-widget-heading\" data-id=\"adbe023\" data-element_type=\"widget\" data-e-type=\"widget\" data-widget_type=\"heading.default\">\n\t\t\t\t\t<h3 class=\"elementor-heading-title elementor-size-default\">FUNDO A FUNDO<\/h3>\t\t\t\t<\/div>\n\t\t\t\t<div class=\"elementor-element elementor-element-d72e75e elementor-widget elementor-widget-text-editor\" data-id=\"d72e75e\" data-element_type=\"widget\" data-e-type=\"widget\" data-widget_type=\"text-editor.default\">\n\t\t\t\t\t\t\t\t\t<ul class=\"wp-block-list\"><li><a href=\"https:\/\/goias.gov.br\/saude\/wp-content\/uploads\/sites\/34\/files\/convenios\/2024\/plano-de-trabalho-fundo-a-fundo.doc\">Modelo de Plano de Trabalho Fundo a Fundo<\/a><\/li><li><a href=\"https:\/\/goias.gov.br\/saude\/wp-content\/uploads\/sites\/34\/files\/convenios\/2024\/custeio-fundo-a-fundo.pdf\" target=\"_blank\" rel=\"noreferrer noopener\">Checklist \u2013 Custeio \u2013 Fundo a Fundo<\/a><\/li><li><a href=\"https:\/\/goias.gov.br\/saude\/wp-content\/uploads\/sites\/34\/files\/convenios\/2024\/reforma-ampliacao-construcao-fundo-a-fundo.pdf\" target=\"_blank\" rel=\"noreferrer noopener\">Checklist \u2013 Reforma, Amplia\u00e7\u00e3o e Constru\u00e7\u00e3o \u2013 Fundo a Fundo<\/a><\/li><li><a href=\"https:\/\/goias.gov.br\/saude\/wp-content\/uploads\/sites\/34\/files\/convenios\/2024\/investimento-fundo-a-fundo.pdf\" target=\"_blank\" rel=\"noreferrer noopener\">Checklist \u2013 Investimento \u2013 Fundo a Fundo<\/a><\/li><\/ul>\t\t\t\t\t\t\t\t<\/div>\n\t\t\t\t<\/div>\n\t\t<div class=\"elementor-element elementor-element-6446263 e-con-full e-flex e-con e-child\" data-id=\"6446263\" data-element_type=\"container\" data-e-type=\"container\">\n\t\t\t\t<div class=\"elementor-element elementor-element-d07cccc elementor-widget elementor-widget-heading\" data-id=\"d07cccc\" data-element_type=\"widget\" data-e-type=\"widget\" data-widget_type=\"heading.default\">\n\t\t\t\t\t<h3 class=\"elementor-heading-title elementor-size-default\">OBRAS<\/h3>\t\t\t\t<\/div>\n\t\t\t\t<div class=\"elementor-element elementor-element-59fcf7d elementor-widget elementor-widget-text-editor\" data-id=\"59fcf7d\" data-element_type=\"widget\" data-e-type=\"widget\" data-widget_type=\"text-editor.default\">\n\t\t\t\t\t\t\t\t\t<ul class=\"wp-block-list\"><li><a href=\"https:\/\/goias.gov.br\/saude\/wp-content\/uploads\/sites\/34\/files\/convenios\/2024\/reforma-ampliacao-construcao-fundo-a-fundo.pdf\" target=\"_blank\" rel=\"noreferrer noopener\">Checklist \u2013 Reforma, Amplia\u00e7\u00e3o e Constru\u00e7\u00e3o \u2013 Fundo a Fundo<\/a><\/li><\/ul>\t\t\t\t\t\t\t\t<\/div>\n\t\t\t\t<\/div>\n\t\t\t\t\t<\/div>\n\t\t\t\t<\/div>\n\t\t\t\t<\/div>\n\t\t","protected":false},"excerpt":{"rendered":"<p>\u00a0 A SES-GO oferece Minutas-padr\u00e3o de Plano de Trabalho e check-lists para facilitar e otimizar a condu\u00e7\u00e3o de procedimentos relativos \u00e0s emendas individuais impositivas para as a\u00e7\u00f5es e os servi\u00e7os de sa\u00fade. FUNDO A FUNDO Modelo de Plano de Trabalho Fundo a Fundo Checklist \u2013 Custeio \u2013 Fundo a Fundo Checklist \u2013 Reforma, Amplia\u00e7\u00e3o e [&hellip;]<\/p>\n","protected":false},"author":164,"featured_media":0,"parent":0,"menu_order":0,"comment_status":"closed","ping_status":"closed","template":"","meta":{"footnotes":""},"class_list":["post-526022","page","type-page","status-publish","hentry"],"rttpg_featured_image_url":null,"rttpg_author":{"display_name":"isabelamelo","author_link":"https:\/\/goias.gov.br\/saude\/author\/isabelamelo\/"},"rttpg_comment":0,"rttpg_category":null,"rttpg_excerpt":"\u00a0 A SES-GO oferece Minutas-padr\u00e3o de Plano de Trabalho e check-lists para facilitar e otimizar a condu\u00e7\u00e3o de procedimentos relativos \u00e0s emendas individuais impositivas para as a\u00e7\u00f5es e os servi\u00e7os de sa\u00fade. FUNDO A FUNDO Modelo de Plano de Trabalho Fundo a Fundo Checklist \u2013 Custeio \u2013 Fundo a Fundo Checklist \u2013 Reforma, Amplia\u00e7\u00e3o e&hellip;","_links":{"self":[{"href":"https:\/\/goias.gov.br\/saude\/wp-json\/wp\/v2\/pages\/526022","targetHints":{"allow":["GET"]}}],"collection":[{"href":"https:\/\/goias.gov.br\/saude\/wp-json\/wp\/v2\/pages"}],"about":[{"href":"https:\/\/goias.gov.br\/saude\/wp-json\/wp\/v2\/types\/page"}],"author":[{"embeddable":true,"href":"https:\/\/goias.gov.br\/saude\/wp-json\/wp\/v2\/users\/164"}],"replies":[{"embeddable":true,"href":"https:\/\/goias.gov.br\/saude\/wp-json\/wp\/v2\/comments?post=526022"}],"version-history":[{"count":3,"href":"https:\/\/goias.gov.br\/saude\/wp-json\/wp\/v2\/pages\/526022\/revisions"}],"predecessor-version":[{"id":625461,"href":"https:\/\/goias.gov.br\/saude\/wp-json\/wp\/v2\/pages\/526022\/revisions\/625461"}],"wp:attachment":[{"href":"https:\/\/goias.gov.br\/saude\/wp-json\/wp\/v2\/media?parent=526022"}],"curies":[{"name":"wp","href":"https:\/\/api.w.org\/{rel}","templated":true}]}}