

{"id":523581,"date":"2025-10-07T15:32:10","date_gmt":"2025-10-07T18:32:10","guid":{"rendered":"https:\/\/goias.gov.br\/saude\/?page_id=523581"},"modified":"2026-02-05T16:55:05","modified_gmt":"2026-02-05T19:55:05","slug":"emendas-parlamentares","status":"publish","type":"page","link":"https:\/\/goias.gov.br\/saude\/emendas-parlamentares\/","title":{"rendered":"Emendas Parlamentares"},"content":{"rendered":"\t\t<div data-elementor-type=\"wp-page\" data-elementor-id=\"523581\" class=\"elementor elementor-523581\">\n\t\t\t\t<div class=\"elementor-element elementor-element-7b1558f e-flex e-con-boxed e-con e-parent\" data-id=\"7b1558f\" data-element_type=\"container\" data-e-type=\"container\">\n\t\t\t\t\t<div class=\"e-con-inner\">\n\t\t<div class=\"elementor-element elementor-element-a921e68 e-con-full e-flex e-con e-child\" data-id=\"a921e68\" data-element_type=\"container\" data-e-type=\"container\">\n\t\t\t\t<div class=\"elementor-element elementor-element-e900067 elementor-widget elementor-widget-text-editor\" data-id=\"e900067\" data-element_type=\"widget\" data-e-type=\"widget\" data-widget_type=\"text-editor.default\">\n\t\t\t\t\t\t\t\t\t<h3 class=\"sppb-addon-title\">Unidades respons\u00e1veis<\/h3><p align=\"justify\"><strong>Chefia de Gabinete<\/strong><\/p><p align=\"justify\">(62) 3201-3759<\/p><p align=\"justify\"><strong>Ger\u00eancia de Contratos e Conv\u00eanios \/ SGI<\/strong><\/p><p align=\"justify\">(62) 3201-2450 \/ (62) 9 9341-9252 (WhatsApp)<\/p><div class=\"sppb-addon-content\"><p><strong>Localiza\u00e7\u00e3o:<br \/><\/strong><a href=\"https:\/\/maps.app.goo.gl\/PgPGUEBjn4Faj9iW7\" target=\"_blank\" rel=\"noopener\">Av. SC 1 n\u00ba 299 &#8211; Parque Santa Cruz &#8211; Goi\u00e2nia &#8211; GO. CEP: 74.860-260<\/a><\/p><\/div>\t\t\t\t\t\t\t\t<\/div>\n\t\t\t\t<\/div>\n\t\t<div class=\"elementor-element elementor-element-6a17bc5 e-con-full e-flex e-con e-child\" data-id=\"6a17bc5\" data-element_type=\"container\" data-e-type=\"container\">\n\t\t\t\t<div class=\"elementor-element elementor-element-2e9d8d5 elementor-widget elementor-widget-text-editor\" data-id=\"2e9d8d5\" data-element_type=\"widget\" data-e-type=\"widget\" data-widget_type=\"text-editor.default\">\n\t\t\t\t\t\t\t\t\t<p align=\"justify\">Introduzidas pela Emenda Constitucional n\u00ba 57\/2018, as Emendas Parlamentares Impositivas possuem execu\u00e7\u00e3o or\u00e7ament\u00e1ria e financeira obrigat\u00f3ria conforme estabelecido no \u00a710 do art. 111 da Constitui\u00e7\u00e3o Estadual.<\/p><p align=\"justify\">No plano infraconstitucional, a mat\u00e9ria \u00e9 regida pelo Decreto Estadual n\u00ba 10.364\/2025 que disp\u00f5e sobre os procedimentos relativos \u00e0s emendas individuais impositivas no Estado de Goi\u00e1s, bem como pela Portaria Intersecretarial n\u00ba 4\/2025 \u2013 SES, que regulamenta no \u00e2mbito da Secretaria de Estado da Sa\u00fade (SES\/GO) os procedimentos relativos \u00e0s emendas individuais impositivas para as a\u00e7\u00f5es e os servi\u00e7os de sa\u00fade.<\/p><p align=\"justify\">No que concerne \u00e0s Emendas Parlamentares Impositivas da Sa\u00fade, a efetiva execu\u00e7\u00e3o dos recursos est\u00e1 condicionada \u00e0 correta indica\u00e7\u00e3o pelo parlamentar, a apresenta\u00e7\u00e3o de documenta\u00e7\u00e3o pelos benefici\u00e1rios e a an\u00e1lise quanto a inexist\u00eancia de impedimentos t\u00e9cnicos por parte das \u00e1reas t\u00e9cnicas da SES\/GO, conforme estabelecido pelo art. 6\u00ba do Decreto Estadual n\u00ba 10.364\/2025.<\/p>\t\t\t\t\t\t\t\t<\/div>\n\t\t\t\t<\/div>\n\t\t\t\t\t<\/div>\n\t\t\t\t<\/div>\n\t\t<div class=\"elementor-element elementor-element-7c2f48d e-flex e-con-boxed e-con e-parent\" data-id=\"7c2f48d\" data-element_type=\"container\" data-e-type=\"container\">\n\t\t\t\t\t<div class=\"e-con-inner\">\n\t\t\t\t<div class=\"elementor-element elementor-element-c2e4330 elementor-widget elementor-widget-html\" data-id=\"c2e4330\" data-element_type=\"widget\" data-e-type=\"widget\" data-widget_type=\"html.default\">\n\t\t\t\t\t<!DOCTYPE html>\r\n<html lang=\"pt-br\" dir=\"ltr\">\r\n<head>\r\n  <meta http-equiv=\"Content-Type\" content=\"text\/html; charset=UTF-8\" \/>\r\n  <style>\r\n    \/* Estilos para desktop *\/\r\n    .container {\r\n      padding: 20px;\r\n    }\r\n\r\n    .section {\r\n      margin-bottom: 40px;\r\n    }\r\n\r\n    .title {\r\n      text-align: center;\r\n      margin: 0 0 24px;\r\n      color: #0c326f;\r\n      font-weight: 600;\r\n      font-size: 2.7rem;\r\n      line-height: 1.5;\r\n    }\r\n\r\n    .cards {\r\n      display: flex;\r\n      justify-content: space-evenly;\r\n      flex-wrap: wrap;\r\n      margin: 0;\r\n      padding: 0;\r\n      list-style: none;\r\n    }\r\n\r\n    .cards li {\r\n      background-color: #ededed;\r\n      box-shadow: 0 3px 6px 0 rgba(0, 0, 0, 0.16);\r\n      text-align: center;\r\n      flex-basis: 23%;\r\n      box-sizing: border-box;\r\n      min-height: 230px;\r\n      margin-bottom: 1.2em;\r\n      line-height: 1.5em;\r\n      display: list-item;\r\n    }\r\n\r\n    .cards li a {\r\n      display: flex;\r\n      justify-content: center;\r\n      align-items: center;\r\n      flex-direction: column;\r\n      width: 100%;\r\n      height: 100%;\r\n      color: #1351b4;\r\n      font-weight: 500;\r\n      text-decoration: none;\r\n    }\r\n\r\n    .cards li i,\r\n    .cards li span {\r\n      font-size: 50px;\r\n      margin-bottom: 30px;\r\n      color: #0c326f;\r\n      width: auto;\r\n      font-weight: 900;\r\n    }\r\n\r\n    .cards li .title {\r\n      font-size: 20px;\r\n      color: #0c326f;\r\n      font-weight: 600;\r\n      margin: 0;\r\n      text-transform: uppercase;\r\n    }\r\n\r\n    \/* Estilos para telas menores *\/\r\n    @media screen and (max-width: 768px) {\r\n      .cards {\r\n        gap: 20px; \/* Espa\u00e7amento entre os cards *\/\r\n        margin-top: 20px; margin-bottom: 20px;\/* Margem superior para os cards *\/\r\n      }\r\n      .cards li {\r\n        flex-basis: calc(50% - 20px); \/* Tamanho dos cards com espa\u00e7amento *\/\r\n      }\r\n    }\r\n\r\n    @media screen and (max-width: 480px) {\r\n      .cards {\r\n        gap: 15px; \/* Espa\u00e7amento menor entre os cards *\/\r\n        margin-top: 15px; margin-bottom: 20px; \/* Margem superior menor para os cards *\/\r\n      }\r\n      .cards li {\r\n        flex-basis: calc(100% - 30px); \/* Tamanho dos cards com espa\u00e7amento menor *\/\r\n      }\r\n    }\r\n  <\/style>\r\n\t<div class=\"container\">\r\n        <div class=\"escola\">\r\n            \r\n            <div class=\"title-header\">\r\n               \r\n            <\/div>\r\n            <ul class=\"cards\">\r\n               <li>\r\n    <a href=\"https:\/\/goias.gov.br\/saude\/legislacao-emendas-parlamentares\/\" target=\"_blank\">\r\n        <span class=\"fa-solid fa-gavel\"><\/span>\r\n        <div class=\"title\">Legisla\u00e7\u00e3o<\/div>\r\n    <\/a>\r\n<\/li>\r\n                <li>\r\n                    <a href=\"https:\/\/goias.gov.br\/saude\/publicacoes-emendas-parlamentares\/\" target=\"_blank\">\r\n                        <span class=\"fa-solid fa-file-lines\"><\/span>\r\n                        <div class=\"title\">publica\u00e7\u00f5es<\/div>\r\n                    <\/a>\r\n                <\/li>\r\n\r\n <li>\r\n                    <a href=\"https:\/\/goias.gov.br\/saude\/portifolios-emendas-parlamentares\/\" target=\"_blank\">\r\n                        <span class=\"fa-solid fa-book-open\"><\/span>\r\n                        <div class=\"title\">portif\u00f3lios<\/div>\r\n                    <\/a>\r\n                <\/li>\r\n                <li>\r\n                    <a href=\"https:\/\/goias.gov.br\/saude\/modelos-de-documentos-emendas-parlamentares\/\" target=\"_blank\">\r\n                        <span class=\"fa-solid fa-folder-open\"><\/span>\r\n                        <div class=\"title\">modelos de documentos<\/div>\r\n                    <\/a>\r\n                <\/li>\r\n               \r\n\r\n <li>\r\n                    <a href=\"https:\/\/goias.gov.br\/saude\/orientacoes-e-manuais-emendas-parlamentares\/\" target=\"_blank\">\r\n                        <span class=\"fa-solid fa-file-circle-question\"><\/span>\r\n                        <div class=\"title\">orienta\u00e7\u00f5es e manuais<\/div>\r\n                    <\/a>\r\n                <\/li>\r\n\r\n<li>\r\n                    <a href=\"https:\/\/goias.gov.br\/saude\/prestacao-de-contas-emendas-parlamentares\/\" target=\"_blank\">\r\n                        <span class=\"fa-solid fa-list\"><\/span>\r\n                        <div class=\"title\">presta\u00e7\u00e3o de contas<\/div>\r\n                    <\/a>\r\n                <\/li>\r\n\r\n <li>\r\n                    <a href=\"https:\/\/transparencia.go.gov.br\/emendas-parlamentares-de-goias\/\" target=\"_blank\">\r\n                        <span class=\"fa-solid fa-laptop\"><\/span>\r\n                        <div class=\"title\">goi\u00e1s transparente<\/div>\r\n                    <\/a>\r\n                <\/li>\r\n  <li>\r\n                    <a href=\"https:\/\/goias.gov.br\/saude\/emendas-parlamentares-impositivas-saude\/\" target=\"_blank\">\r\n                        <span class=\"fa-solid fa-laptop-medical\"><\/span>\r\n                        <div class=\"title\">Emendas Parlamentares Impositivas<\/div>\r\n                    <\/a>\r\n                <\/li>               \r\n\r\n\r\n\r\n\r\n            <\/ul>\r\n        <\/div>\r\n\t<\/div>\r\n\t\t\t\t<\/div>\n\t\t\t\t\t<\/div>\n\t\t\t\t<\/div>\n\t\t\t\t<\/div>\n\t\t","protected":false},"excerpt":{"rendered":"<p>Unidades respons\u00e1veis Chefia de Gabinete (62) 3201-3759 Ger\u00eancia de Contratos e Conv\u00eanios \/ SGI (62) 3201-2450 \/ (62) 9 9341-9252 (WhatsApp) Localiza\u00e7\u00e3o:Av. SC 1 n\u00ba 299 &#8211; Parque Santa Cruz &#8211; Goi\u00e2nia &#8211; GO. CEP: 74.860-260 Introduzidas pela Emenda Constitucional n\u00ba 57\/2018, as Emendas Parlamentares Impositivas possuem execu\u00e7\u00e3o or\u00e7ament\u00e1ria e financeira obrigat\u00f3ria conforme estabelecido no [&hellip;]<\/p>\n","protected":false},"author":164,"featured_media":0,"parent":0,"menu_order":0,"comment_status":"closed","ping_status":"closed","template":"","meta":{"footnotes":""},"class_list":["post-523581","page","type-page","status-publish","hentry"],"rttpg_featured_image_url":null,"rttpg_author":{"display_name":"isabelamelo","author_link":"https:\/\/goias.gov.br\/saude\/author\/isabelamelo\/"},"rttpg_comment":0,"rttpg_category":null,"rttpg_excerpt":"Unidades respons\u00e1veis Chefia de Gabinete (62) 3201-3759 Ger\u00eancia de Contratos e Conv\u00eanios \/ SGI (62) 3201-2450 \/ (62) 9 9341-9252 (WhatsApp) Localiza\u00e7\u00e3o:Av. SC 1 n\u00ba 299 &#8211; Parque Santa Cruz &#8211; Goi\u00e2nia &#8211; GO. CEP: 74.860-260 Introduzidas pela Emenda Constitucional n\u00ba 57\/2018, as Emendas Parlamentares Impositivas possuem execu\u00e7\u00e3o or\u00e7ament\u00e1ria e financeira obrigat\u00f3ria conforme estabelecido no&hellip;","_links":{"self":[{"href":"https:\/\/goias.gov.br\/saude\/wp-json\/wp\/v2\/pages\/523581","targetHints":{"allow":["GET"]}}],"collection":[{"href":"https:\/\/goias.gov.br\/saude\/wp-json\/wp\/v2\/pages"}],"about":[{"href":"https:\/\/goias.gov.br\/saude\/wp-json\/wp\/v2\/types\/page"}],"author":[{"embeddable":true,"href":"https:\/\/goias.gov.br\/saude\/wp-json\/wp\/v2\/users\/164"}],"replies":[{"embeddable":true,"href":"https:\/\/goias.gov.br\/saude\/wp-json\/wp\/v2\/comments?post=523581"}],"version-history":[{"count":2,"href":"https:\/\/goias.gov.br\/saude\/wp-json\/wp\/v2\/pages\/523581\/revisions"}],"predecessor-version":[{"id":697538,"href":"https:\/\/goias.gov.br\/saude\/wp-json\/wp\/v2\/pages\/523581\/revisions\/697538"}],"wp:attachment":[{"href":"https:\/\/goias.gov.br\/saude\/wp-json\/wp\/v2\/media?parent=523581"}],"curies":[{"name":"wp","href":"https:\/\/api.w.org\/{rel}","templated":true}]}}