

{"id":48062,"date":"2024-05-21T16:36:37","date_gmt":"2024-05-21T19:36:37","guid":{"rendered":"https:\/\/goias.gov.br\/saude\/?page_id=48062"},"modified":"2026-04-06T16:13:45","modified_gmt":"2026-04-06T19:13:45","slug":"regulacao-de-transplantes","status":"publish","type":"page","link":"https:\/\/goias.gov.br\/saude\/gerencia-de-transplantes\/regulacao-de-transplantes\/","title":{"rendered":"Regula\u00e7\u00e3o de Transplantes"},"content":{"rendered":"\t\t<div data-elementor-type=\"wp-page\" data-elementor-id=\"48062\" class=\"elementor elementor-48062\">\n\t\t\t\t<div class=\"elementor-element elementor-element-58e8f8a e-flex e-con-boxed e-con e-parent\" data-id=\"58e8f8a\" data-element_type=\"container\" data-e-type=\"container\">\n\t\t\t\t\t<div class=\"e-con-inner\">\n\t\t\t\t<div class=\"elementor-element elementor-element-de45c8a elementor-widget elementor-widget-text-editor\" data-id=\"de45c8a\" data-element_type=\"widget\" data-e-type=\"widget\" data-widget_type=\"text-editor.default\">\n\t\t\t\t\t\t\t\t\t<div style=\"padding: 10px; background-color: #ededed; border-radius: 4px;\"><h4 style=\"text-align: center; background-color: #00549a; color: #fff; margin: -10px -10px 0 -10px; border-top-right-radius: 4px; border-top-left-radius: 4px; padding: 10px 0;\">Importante!<\/h4><p>A solicita\u00e7\u00e3o da primeira consulta via SUS, para avalia\u00e7\u00e3o com a equipe de transplante em Goi\u00e1s, poder\u00e1 ser realizada diretamente no site do Sistema Estadual de Vagas Integradas \u00e0 Rede \u2013 SERVIR, para os locais que possuem acesso, como hospitais com atendimentos SUS e Secretarias Municipais de Sa\u00fade, no seguinte endere\u00e7o eletr\u00f4nico: <a href=\"https:\/\/cre.saude.go.gov.br\/pt_BR\/login\" target=\"_blank\" rel=\"noopener\">https:\/\/cre.saude.go.gov.br\/pt_BR\/login<\/a>.<\/p><p>Para os demais locais, como consult\u00f3rios e cl\u00ednicas da rede privada, as consultas via SUS podem ser solicitadas com o preenchimento do Formul\u00e1rio espec\u00edfico para cada tipo de transplante, que est\u00e3o nas op\u00e7\u00f5es abaixo, seguindo a orienta\u00e7\u00e3o contida nos documentos. Depois, basta enviar o respectivo formul\u00e1rio para o e-mail: <em>regulatransplantes.goias@gmail.com<\/em>.<\/p><p>Em caso de d\u00favidas, entre em contato diretamente com a Central Estadual de Transplantes de Goi\u00e1s. Um dos colaboradores ir\u00e1 orientar sobre como proceder com a solicita\u00e7\u00e3o do agendamento da consulta. Os telefones s\u00e3o: (62) 3201-1708 e (62) 3201-2200.<\/p><\/div>\t\t\t\t\t\t\t\t<\/div>\n\t\t\t\t\t<\/div>\n\t\t\t\t<\/div>\n\t\t<div class=\"elementor-element elementor-element-0823135 e-flex e-con-boxed e-con e-parent\" data-id=\"0823135\" data-element_type=\"container\" data-e-type=\"container\">\n\t\t\t\t\t<div class=\"e-con-inner\">\n\t\t\t\t<div class=\"elementor-element elementor-element-4016e06 elementor-widget elementor-widget-html\" data-id=\"4016e06\" data-element_type=\"widget\" data-e-type=\"widget\" data-widget_type=\"html.default\">\n\t\t\t\t\t<!DOCTYPE html>\r\n<html lang=\"pt-br\" dir=\"ltr\">\r\n<head>\r\n  <meta http-equiv=\"Content-Type\" content=\"text\/html; charset=UTF-8\" \/>\r\n  <style>\r\n    \/* Estilos para desktop *\/\r\n    .container {\r\n      padding: 10px;\r\n    }\r\n\r\n    .section {\r\n      margin-bottom: 10px;\r\n    }\r\n\r\n    .title {\r\n      text-align: center;\r\n      margin: 0 0 24px;\r\n      color: #0c326f;\r\n      font-weight: 600;\r\n      font-size: 2.2rem;\r\n      line-height: 1.5;\r\n    }\r\n\r\n    .cards {\r\n      display: flex;\r\n      justify-content: space-evenly;\r\n      flex-wrap: wrap;\r\n      margin: 0;\r\n      padding: 0;\r\n      list-style: none;\r\n    }\r\n\r\n    .cards li {\r\n      background-color: #ededed;\r\n      box-shadow: 0 3px 6px 0 rgba(0, 0, 0, 0.16);\r\n      text-align: center;\r\n      flex-basis: 23%;\r\n      box-sizing: border-box;\r\n      min-height: 60px;\r\n      margin-bottom: 0.9em;\r\n      line-height: 1.2em;\r\n      display: list-item;\r\n    }\r\n\r\n    .cards li a {\r\n      display: flex;\r\n      justify-content: center;\r\n      align-items: center;\r\n      flex-direction: column;\r\n      width: 100%;\r\n      height: 100%;\r\n      color: #1351b4;\r\n      font-weight: 600;\r\n      text-decoration: none;\r\n    }\r\n\r\n    .cards li i,\r\n    .cards li span {\r\n      font-size: 10px;\r\n      margin-bottom: 30px;\r\n      color: #0c326f;\r\n      width: auto;\r\n      font-weight: 200;\r\n    }\r\n\r\n    .cards li .title {\r\n      font-size: 15px;\r\n      color: #0c326f;\r\n      font-weight: 500;\r\n      margin: 0;\r\n      text-transform: uppercase;\r\n    }\r\n\r\n    \/* Estilos para telas menores *\/\r\n    @media screen and (max-width: 768px) {\r\n      .cards {\r\n        gap: 20px; \/* Espa\u00e7amento entre os cards *\/\r\n        margin-top: 20px; \/* Margem superior para os cards *\/\r\n      }\r\n      .cards li {\r\n        flex-basis: calc(50% - 20px); \/* Tamanho dos cards com espa\u00e7amento *\/\r\n      }\r\n    }\r\n\r\n    @media screen and (max-width: 480px) {\r\n      .cards {\r\n        gap: 15px; \/* Espa\u00e7amento menor entre os cards *\/\r\n        margin-top: 15px; \/* Margem superior menor para os cards *\/\r\n      }\r\n      .cards li {\r\n        flex-basis: calc(100% - 30px); \/* Tamanho dos cards com espa\u00e7amento menor *\/\r\n      }\r\n    }\r\n  <\/style>\r\n<\/head>\r\n<body>\r\n  <div class=\"container\">\r\n    <div class=\"section\">\r\n      <div class=\"suvisa\">\r\n        \r\n        <ul class=\"cards\">\r\n          <li>\r\n                    <a href=\"https:\/\/goias.gov.br\/saude\/wp-content\/uploads\/sites\/34\/files\/gerencia-de-transplantes\/regulacao-transplantes\/nota-tecnica-fluxo-regulatorio-em-transplantes.pdf\">\r\n\r\n                        <div class=\"title\">nota t\u00e9cnica<\/div>\r\n                    <\/a>\r\n                <\/li>\r\n                <li>\r\n                    <a href=\"https:\/\/goias.gov.br\/saude\/wp-content\/uploads\/sites\/34\/files\/gerencia-de-transplantes\/regulacao-transplantes\/resolucao-cib-337-2021.pdf\" target=\"_blank\">\r\n\r\n                        <div class=\"title\">resolu\u00e7\u00e3o CIB<\/div>\r\n                    <\/a>\r\n                <\/li>\r\n\r\n <li>\r\n                    <a href=\"https:\/\/goias.gov.br\/saude\/wp-content\/uploads\/sites\/34\/files\/gerencia-de-transplantes\/regulacao-transplantes\/tratado-regulacao-cet-go.pdf\" target=\"_blank\">\r\n\r\n                        <div class=\"title\">tratado de regula\u00e7\u00e3o em Goi\u00e1s<\/div>\r\n                    <\/a>\r\n                <\/li>\r\n               \r\n\r\n  \r\n        <\/ul>\r\n      <\/div>\r\n    <\/div>\r\n  <\/div>\r\n<\/body>\r\n<\/html>\r\n\t\t\t\t<\/div>\n\t\t\t\t\t<\/div>\n\t\t\t\t<\/div>\n\t\t<div class=\"elementor-element elementor-element-cb4036c e-flex e-con-boxed e-con e-parent\" data-id=\"cb4036c\" data-element_type=\"container\" data-e-type=\"container\">\n\t\t\t\t\t<div class=\"e-con-inner\">\n\t\t\t\t<div class=\"elementor-element elementor-element-c8f2d3d elementor-widget elementor-widget-n-accordion\" data-id=\"c8f2d3d\" data-element_type=\"widget\" data-e-type=\"widget\" data-settings=\"{&quot;default_state&quot;:&quot;all_collapsed&quot;,&quot;max_items_expended&quot;:&quot;one&quot;,&quot;n_accordion_animation_duration&quot;:{&quot;unit&quot;:&quot;ms&quot;,&quot;size&quot;:400,&quot;sizes&quot;:[]}}\" data-widget_type=\"nested-accordion.default\">\n\t\t\t\t\t\t\t<div class=\"e-n-accordion\" aria-label=\"Accordion. Open links with Enter or Space, close with Escape, and navigate with Arrow Keys\">\n\t\t\t\t\t\t<details id=\"e-n-accordion-item-2100\" class=\"e-n-accordion-item\" >\n\t\t\t\t<summary class=\"e-n-accordion-item-title\" data-accordion-index=\"1\" tabindex=\"0\" aria-expanded=\"false\" aria-controls=\"e-n-accordion-item-2100\" >\n\t\t\t\t\t<span class='e-n-accordion-item-title-header'><div class=\"e-n-accordion-item-title-text\"> Regula\u00e7\u00e3o do Acesso \u00e0 Avalia\u00e7\u00e3o Pr\u00e9-Transplantes em Goi\u00e1s <\/div><\/span>\n\t\t\t\t\t\t\t<span class='e-n-accordion-item-title-icon'>\n\t\t\t<span class='e-opened' ><svg aria-hidden=\"true\" class=\"e-font-icon-svg e-fas-angle-down\" viewBox=\"0 0 320 512\" xmlns=\"http:\/\/www.w3.org\/2000\/svg\"><path d=\"M143 352.3L7 216.3c-9.4-9.4-9.4-24.6 0-33.9l22.6-22.6c9.4-9.4 24.6-9.4 33.9 0l96.4 96.4 96.4-96.4c9.4-9.4 24.6-9.4 33.9 0l22.6 22.6c9.4 9.4 9.4 24.6 0 33.9l-136 136c-9.2 9.4-24.4 9.4-33.8 0z\"><\/path><\/svg><\/span>\n\t\t\t<span class='e-closed'><svg aria-hidden=\"true\" class=\"e-font-icon-svg e-fas-angle-right\" viewBox=\"0 0 256 512\" xmlns=\"http:\/\/www.w3.org\/2000\/svg\"><path d=\"M224.3 273l-136 136c-9.4 9.4-24.6 9.4-33.9 0l-22.6-22.6c-9.4-9.4-9.4-24.6 0-33.9l96.4-96.4-96.4-96.4c-9.4-9.4-9.4-24.6 0-33.9L54.3 103c9.4-9.4 24.6-9.4 33.9 0l136 136c9.5 9.4 9.5 24.6.1 34z\"><\/path><\/svg><\/span>\n\t\t<\/span>\n\n\t\t\t\t\t\t<\/summary>\n\t\t\t\t<div role=\"region\" aria-labelledby=\"e-n-accordion-item-2100\" class=\"elementor-element elementor-element-626a35e e-con-full e-flex e-con e-child\" data-id=\"626a35e\" data-element_type=\"container\" data-e-type=\"container\">\n\t\t\t\t<div class=\"elementor-element elementor-element-50d74c0 elementor-widget elementor-widget-text-editor\" data-id=\"50d74c0\" data-element_type=\"widget\" data-e-type=\"widget\" data-widget_type=\"text-editor.default\">\n\t\t\t\t\t\t\t\t\t<ul><li><a href=\"https:\/\/goias.gov.br\/saude\/wp-content\/uploads\/sites\/34\/gerencia-transplante\/regulacao-transplantes\/formulario-de-encaminhamento-pre-transplante-de-rim-pancreas.pdf\" target=\"_blank\" rel=\"noopener\">Formul\u00e1rio de Encaminhamento para Avalia\u00e7\u00e3o Pr\u00e9-transplante de Rim-P\u00e2ncreas<\/a><\/li><li><a href=\"https:\/\/goias.gov.br\/saude\/wp-content\/uploads\/sites\/34\/gerencia-transplante\/regulacao-transplantes\/formulario-de-encaminhamento-pre-transplante-de-rim.pdf\" target=\"_blank\" rel=\"noopener\">Formul\u00e1rio de Encaminhamento para Avalia\u00e7\u00e3o Pr\u00e9-transplante de Rim<\/a><\/li><li><a href=\"https:\/\/goias.gov.br\/saude\/wp-content\/uploads\/sites\/34\/gerencia-transplante\/regulacao-transplantes\/formulario-de-encaminhamento-pre-transplante-de-medula-ossea.pdf\" target=\"_blank\" rel=\"noopener\">Formul\u00e1rio de Encaminhamento para Avalia\u00e7\u00e3o Pr\u00e9-transplante de Medula \u00d3ssea<\/a><\/li><li><a href=\"https:\/\/goias.gov.br\/saude\/wp-content\/uploads\/sites\/34\/gerencia-transplante\/regulacao-transplantes\/formulario-de-encaminhamento-pre-transplante-de-cornea.pdf\" target=\"_blank\" rel=\"noopener\">Formul\u00e1rio de Encaminhamento para Avalia\u00e7\u00e3o Pr\u00e9-transplante de C\u00f3rnea<\/a><\/li><li><a href=\"https:\/\/goias.gov.br\/saude\/wp-content\/uploads\/sites\/34\/gerencia-transplante\/regulacao-transplantes\/formulario-de-encaminhamento-pre-transplante-de-figado.pdf\" target=\"_blank\" rel=\"noopener\">Formul\u00e1rio de Encaminhamento para Avalia\u00e7\u00e3o Pr\u00e9-transplante de F\u00edgado<\/a><\/li><li><a href=\"https:\/\/goias.gov.br\/saude\/wp-content\/uploads\/sites\/34\/files\/gerencia-de-transplantes\/regulacao-transplantes\/formulario-encaminhamento-avaliacao-pre-transplante-pancreas.pdf\" target=\"_blank\" rel=\"noopener\">Formul\u00e1rio de Encaminhamento para Avalia\u00e7\u00e3o Pr\u00e9-transplante de P\u00e2ncreas<\/a><\/li><\/ul>\t\t\t\t\t\t\t\t<\/div>\n\t\t\t\t<\/div>\n\t\t\t\t\t<\/details>\n\t\t\t\t\t\t<details id=\"e-n-accordion-item-2101\" class=\"e-n-accordion-item\" >\n\t\t\t\t<summary class=\"e-n-accordion-item-title\" data-accordion-index=\"2\" tabindex=\"-1\" aria-expanded=\"false\" aria-controls=\"e-n-accordion-item-2101\" >\n\t\t\t\t\t<span class='e-n-accordion-item-title-header'><div class=\"e-n-accordion-item-title-text\"> Regula\u00e7\u00e3o do Acesso \u00e0 Avalia\u00e7\u00e3o Pr\u00e9-Transplantes em outros Estados <\/div><\/span>\n\t\t\t\t\t\t\t<span class='e-n-accordion-item-title-icon'>\n\t\t\t<span class='e-opened' ><svg aria-hidden=\"true\" class=\"e-font-icon-svg e-fas-angle-down\" viewBox=\"0 0 320 512\" xmlns=\"http:\/\/www.w3.org\/2000\/svg\"><path d=\"M143 352.3L7 216.3c-9.4-9.4-9.4-24.6 0-33.9l22.6-22.6c9.4-9.4 24.6-9.4 33.9 0l96.4 96.4 96.4-96.4c9.4-9.4 24.6-9.4 33.9 0l22.6 22.6c9.4 9.4 9.4 24.6 0 33.9l-136 136c-9.2 9.4-24.4 9.4-33.8 0z\"><\/path><\/svg><\/span>\n\t\t\t<span class='e-closed'><svg aria-hidden=\"true\" class=\"e-font-icon-svg e-fas-angle-right\" viewBox=\"0 0 256 512\" xmlns=\"http:\/\/www.w3.org\/2000\/svg\"><path d=\"M224.3 273l-136 136c-9.4 9.4-24.6 9.4-33.9 0l-22.6-22.6c-9.4-9.4-9.4-24.6 0-33.9l96.4-96.4-96.4-96.4c-9.4-9.4-9.4-24.6 0-33.9L54.3 103c9.4-9.4 24.6-9.4 33.9 0l136 136c9.5 9.4 9.5 24.6.1 34z\"><\/path><\/svg><\/span>\n\t\t<\/span>\n\n\t\t\t\t\t\t<\/summary>\n\t\t\t\t<div role=\"region\" aria-labelledby=\"e-n-accordion-item-2101\" class=\"elementor-element elementor-element-b1315f0 e-con-full e-flex e-con e-child\" data-id=\"b1315f0\" data-element_type=\"container\" data-e-type=\"container\">\n\t\t\t\t<div class=\"elementor-element elementor-element-f6ec6c2 elementor-widget elementor-widget-text-editor\" data-id=\"f6ec6c2\" data-element_type=\"widget\" data-e-type=\"widget\" data-widget_type=\"text-editor.default\">\n\t\t\t\t\t\t\t\t\t<ul><li><a href=\"https:\/\/goias.gov.br\/saude\/wp-content\/uploads\/sites\/34\/files\/gerencia-de-transplantes\/outros-estados\/Formul%C3%A1rio%20de%20Avalia%C3%A7%C3%A3o%20-%20Reabilita%C3%A7%C3%A3o%20Intestinal.docx\">Formul\u00e1rio de Avalia\u00e7\u00e3o &#8211; Reabilita\u00e7\u00e3o Intestinal<\/a><\/li><li><a href=\"https:\/\/goias.gov.br\/saude\/wp-content\/uploads\/sites\/34\/files\/gerencia-de-transplantes\/outros-estados\/protocolo-coracao.pdf\" target=\"_blank\" rel=\"noopener\">Protocolo de Encaminhamento para o transplante de Cora\u00e7\u00e3o<\/a><\/li><li><a href=\"https:\/\/goias.gov.br\/saude\/wp-content\/uploads\/sites\/34\/files\/gerencia-de-transplantes\/outros-estados\/protocolo-figado-adulto.pdf\" target=\"_blank\" rel=\"noopener\">Protocolo de Encaminhamento para o transplante de F\u00edgado (adulto)<\/a><\/li><li><a href=\"https:\/\/goias.gov.br\/saude\/wp-content\/uploads\/sites\/34\/files\/gerencia-de-transplantes\/outros-estados\/protocolo-figado-pediatrico.pdf\" target=\"_blank\" rel=\"noopener\">Protocolo de Encaminhamento para o transplante de F\u00edgado (pedi\u00e1trico)<\/a><\/li><li><a href=\"https:\/\/goias.gov.br\/saude\/wp-content\/uploads\/sites\/34\/files\/gerencia-de-transplantes\/outros-estados\/protocolo-intestino.pdf\" target=\"_blank\" rel=\"noopener\">Protocolo de Encaminhamento para o transplante de Intestino<\/a><\/li><li><a href=\"https:\/\/goias.gov.br\/saude\/wp-content\/uploads\/sites\/34\/files\/gerencia-de-transplantes\/outros-estados\/protocolo-pulmao.pdf\" target=\"_blank\" rel=\"noopener\">Protocolo de Encaminhamento para o transplante de Pulm\u00e3o<\/a><\/li><li><a href=\"https:\/\/goias.gov.br\/saude\/wp-content\/uploads\/sites\/34\/files\/gerencia-de-transplantes\/outros-estados\/protocolo-rim.pdf\" target=\"_blank\" rel=\"noopener\">Protocolo de encaminhamento para o transplante de Rim<\/a><\/li><li><a href=\"https:\/\/goias.gov.br\/saude\/wp-content\/uploads\/sites\/34\/files\/gerencia-de-transplantes\/outros-estados\/protocolo-medula-ossea.pdf\" target=\"_blank\" rel=\"noopener\">Protocolo de encaminhamento para o transplante de Medula \u00d3ssea<\/a><\/li><\/ul>\t\t\t\t\t\t\t\t<\/div>\n\t\t\t\t<\/div>\n\t\t\t\t\t<\/details>\n\t\t\t\t\t<\/div>\n\t\t\t\t\t\t<\/div>\n\t\t\t\t\t<\/div>\n\t\t\t\t<\/div>\n\t\t\t\t<\/div>\n\t\t","protected":false},"excerpt":{"rendered":"<p>Importante! A solicita\u00e7\u00e3o da primeira consulta via SUS, para avalia\u00e7\u00e3o com a equipe de transplante em Goi\u00e1s, poder\u00e1 ser realizada diretamente no site do Sistema Estadual de Vagas Integradas \u00e0 Rede \u2013 SERVIR, para os locais que possuem acesso, como hospitais com atendimentos SUS e Secretarias Municipais de Sa\u00fade, no seguinte endere\u00e7o eletr\u00f4nico: https:\/\/cre.saude.go.gov.br\/pt_BR\/login. Para [&hellip;]<\/p>\n","protected":false},"author":164,"featured_media":0,"parent":37434,"menu_order":0,"comment_status":"closed","ping_status":"closed","template":"","meta":{"footnotes":""},"class_list":["post-48062","page","type-page","status-publish","hentry"],"rttpg_featured_image_url":null,"rttpg_author":{"display_name":"isabelamelo","author_link":"https:\/\/goias.gov.br\/saude\/author\/isabelamelo\/"},"rttpg_comment":0,"rttpg_category":null,"rttpg_excerpt":"Importante! A solicita\u00e7\u00e3o da primeira consulta via SUS, para avalia\u00e7\u00e3o com a equipe de transplante em Goi\u00e1s, poder\u00e1 ser realizada diretamente no site do Sistema Estadual de Vagas Integradas \u00e0 Rede \u2013 SERVIR, para os locais que possuem acesso, como hospitais com atendimentos SUS e Secretarias Municipais de Sa\u00fade, no seguinte endere\u00e7o eletr\u00f4nico: https:\/\/cre.saude.go.gov.br\/pt_BR\/login. Para&hellip;","_links":{"self":[{"href":"https:\/\/goias.gov.br\/saude\/wp-json\/wp\/v2\/pages\/48062","targetHints":{"allow":["GET"]}}],"collection":[{"href":"https:\/\/goias.gov.br\/saude\/wp-json\/wp\/v2\/pages"}],"about":[{"href":"https:\/\/goias.gov.br\/saude\/wp-json\/wp\/v2\/types\/page"}],"author":[{"embeddable":true,"href":"https:\/\/goias.gov.br\/saude\/wp-json\/wp\/v2\/users\/164"}],"replies":[{"embeddable":true,"href":"https:\/\/goias.gov.br\/saude\/wp-json\/wp\/v2\/comments?post=48062"}],"version-history":[{"count":2,"href":"https:\/\/goias.gov.br\/saude\/wp-json\/wp\/v2\/pages\/48062\/revisions"}],"predecessor-version":[{"id":753739,"href":"https:\/\/goias.gov.br\/saude\/wp-json\/wp\/v2\/pages\/48062\/revisions\/753739"}],"up":[{"embeddable":true,"href":"https:\/\/goias.gov.br\/saude\/wp-json\/wp\/v2\/pages\/37434"}],"wp:attachment":[{"href":"https:\/\/goias.gov.br\/saude\/wp-json\/wp\/v2\/media?parent=48062"}],"curies":[{"name":"wp","href":"https:\/\/api.w.org\/{rel}","templated":true}]}}