

{"id":472162,"date":"2025-08-20T14:28:47","date_gmt":"2025-08-20T17:28:47","guid":{"rendered":"https:\/\/goias.gov.br\/saude\/?page_id=472162"},"modified":"2026-04-23T11:51:13","modified_gmt":"2026-04-23T14:51:13","slug":"vigilancia-de-alimentacao-e-nutricao","status":"publish","type":"page","link":"https:\/\/goias.gov.br\/saude\/vigilancia-de-alimentacao-e-nutricao\/","title":{"rendered":"Vigil\u00e2ncia de Alimenta\u00e7\u00e3o e Nutri\u00e7\u00e3o"},"content":{"rendered":"\t\t<div data-elementor-type=\"wp-page\" data-elementor-id=\"472162\" class=\"elementor elementor-472162\">\n\t\t\t\t<div class=\"elementor-element elementor-element-38acd63 e-flex e-con-boxed e-con e-parent\" data-id=\"38acd63\" data-element_type=\"container\" data-e-type=\"container\">\n\t\t\t\t\t<div class=\"e-con-inner\">\n\t\t\t\t<div class=\"elementor-element elementor-element-e7939c8 elementor-widget elementor-widget-text-editor\" data-id=\"e7939c8\" data-element_type=\"widget\" data-e-type=\"widget\" data-widget_type=\"text-editor.default\">\n\t\t\t\t\t\t\t\t\t<p style=\"text-align: justify;\" data-start=\"184\" data-end=\"432\">A Vigil\u00e2ncia de Alimenta\u00e7\u00e3o e Nutri\u00e7\u00e3o \u00e9 respons\u00e1vel por planejar, implementar e avaliar as a\u00e7\u00f5es voltadas \u00e0 promo\u00e7\u00e3o da sa\u00fade no Estado de Goi\u00e1s, em alinhamento com o Sistema \u00danico de Sa\u00fade (SUS) e a Pol\u00edtica Nacional de Alimenta\u00e7\u00e3o e Nutri\u00e7\u00e3o (PNAN).<\/p><p style=\"text-align: justify;\" data-start=\"434\" data-end=\"486\">Entre os principais servi\u00e7os e iniciativas, est\u00e3o:<\/p><ul data-start=\"488\" data-end=\"1744\"><li style=\"text-align: justify;\" data-start=\"488\" data-end=\"738\"><p data-start=\"490\" data-end=\"738\"><strong data-start=\"490\" data-end=\"532\">Planejamento e vigil\u00e2ncia nutricional:<\/strong> acompanhamento de indicadores de sa\u00fade, realiza\u00e7\u00e3o de vigil\u00e2ncia alimentar e nutricional por meio do Sistema de Vigil\u00e2ncia Alimentar e Nutricional (SISVAN) e avalia\u00e7\u00e3o do impacto das a\u00e7\u00f5es desenvolvidas.<\/p><\/li><li style=\"text-align: justify;\" data-start=\"739\" data-end=\"1121\"><p data-start=\"741\" data-end=\"1121\"><strong data-start=\"741\" data-end=\"767\">Pol\u00edticas e programas:<\/strong> implanta\u00e7\u00e3o e monitoramento da Pol\u00edtica Estadual de Alimenta\u00e7\u00e3o e Nutri\u00e7\u00e3o, al\u00e9m da execu\u00e7\u00e3o de programas estrat\u00e9gicos como o Programa Nacional de Suplementa\u00e7\u00e3o de Ferro (PNSF), o Programa Nacional de Suplementa\u00e7\u00e3o de Vitamina A (PNSVA), as condicionalidades de sa\u00fade do Programa Bolsa Fam\u00edlia (PBF) e a\u00e7\u00f5es de Seguran\u00e7a Alimentar e Nutricional (SAN).<\/p><\/li><li style=\"text-align: justify;\" data-start=\"1122\" data-end=\"1258\"><p data-start=\"1124\" data-end=\"1258\"><strong data-start=\"1124\" data-end=\"1161\">Promo\u00e7\u00e3o da alimenta\u00e7\u00e3o saud\u00e1vel:<\/strong> desenvolvimento e apoio a iniciativas educativas e intersetoriais para todas as fases da vida.<\/p><\/li><li style=\"text-align: justify;\" data-start=\"1259\" data-end=\"1439\"><p data-start=\"1261\" data-end=\"1439\"><strong data-start=\"1261\" data-end=\"1293\">Apoio t\u00e9cnico e capacita\u00e7\u00e3o:<\/strong> suporte aos munic\u00edpios e Regionais de Sa\u00fade, al\u00e9m da qualifica\u00e7\u00e3o de profissionais para fortalecer a rede de aten\u00e7\u00e3o em alimenta\u00e7\u00e3o e nutri\u00e7\u00e3o.<\/p><\/li><li style=\"text-align: justify;\" data-start=\"1440\" data-end=\"1592\"><p data-start=\"1442\" data-end=\"1592\"><strong data-start=\"1442\" data-end=\"1466\">Pesquisa e inova\u00e7\u00e3o:<\/strong> participa\u00e7\u00e3o em estudos e projetos que buscam o avan\u00e7o cient\u00edfico e tecnol\u00f3gico na \u00e1rea da nutri\u00e7\u00e3o e da promo\u00e7\u00e3o da sa\u00fade.<\/p><\/li><li data-start=\"1593\" data-end=\"1744\"><p style=\"text-align: justify;\" data-start=\"1595\" data-end=\"1744\"><strong data-start=\"1595\" data-end=\"1623\">Articula\u00e7\u00e3o e parcerias:<\/strong> incentivo \u00e0 coopera\u00e7\u00e3o com institui\u00e7\u00f5es e diferentes setores para ampliar investimentos e fortalecer a\u00e7\u00f5es integradas.<\/p><\/li><\/ul>\t\t\t\t\t\t\t\t<\/div>\n\t\t\t\t\t<\/div>\n\t\t\t\t<\/div>\n\t\t<div class=\"elementor-element elementor-element-fe7cabe e-flex e-con-boxed e-con e-parent\" data-id=\"fe7cabe\" data-element_type=\"container\" data-e-type=\"container\">\n\t\t\t\t\t<div class=\"e-con-inner\">\n\t\t\t\t<div class=\"elementor-element elementor-element-4a9630b elementor-widget elementor-widget-heading\" data-id=\"4a9630b\" data-element_type=\"widget\" data-e-type=\"widget\" data-widget_type=\"heading.default\">\n\t\t\t\t\t<h2 class=\"elementor-heading-title elementor-size-default\">Materiais de Educa\u00e7\u00e3o Nutricional<\/h2>\t\t\t\t<\/div>\n\t\t\t\t<div class=\"elementor-element elementor-element-7a5fc2f elementor-widget elementor-widget-html\" data-id=\"7a5fc2f\" data-element_type=\"widget\" data-e-type=\"widget\" data-widget_type=\"html.default\">\n\t\t\t\t\t<!DOCTYPE html>\r\n<html lang=\"pt-br\" dir=\"ltr\">\r\n<head>\r\n  <meta http-equiv=\"Content-Type\" content=\"text\/html; charset=UTF-8\" \/>\r\n  <style>\r\n    \/* Estilos para desktop *\/\r\n    .container {\r\n      padding: 10px;\r\n    }\r\n\r\n    .section {\r\n      margin-bottom: 10px;\r\n    }\r\n\r\n    .title {\r\n      text-align: center;\r\n      margin: 0 0 24px;\r\n      color: #0c326f;\r\n      font-weight: 600;\r\n      font-size: 2.2rem;\r\n      line-height: 1.5;\r\n    }\r\n\r\n    .cards {\r\n      display: flex;\r\n      justify-content: space-evenly;\r\n      flex-wrap: wrap;\r\n      margin: 0;\r\n      padding: 0;\r\n      list-style: none;\r\n    }\r\n\r\n    .cards li {\r\n      background-color: #ededed;\r\n      box-shadow: 0 3px 6px 0 rgba(0, 0, 0, 0.16);\r\n      text-align: center;\r\n      flex-basis: 23%;\r\n      box-sizing: border-box;\r\n      min-height: 60px;\r\n      margin-bottom: 0.9em;\r\n      line-height: 1.2em;\r\n      display: list-item;\r\n    }\r\n\r\n    .cards li a {\r\n      display: flex;\r\n      justify-content: center;\r\n      align-items: center;\r\n      flex-direction: column;\r\n      width: 100%;\r\n      height: 100%;\r\n      color: #1351b4;\r\n      font-weight: 600;\r\n      text-decoration: none;\r\n    }\r\n\r\n    .cards li i,\r\n    .cards li span {\r\n      font-size: 10px;\r\n      margin-bottom: 30px;\r\n      color: #0c326f;\r\n      width: auto;\r\n      font-weight: 200;\r\n    }\r\n\r\n    .cards li .title {\r\n      font-size: 15px;\r\n      color: #0c326f;\r\n      font-weight: 500;\r\n      margin: 0;\r\n      text-transform: uppercase;\r\n    }\r\n\r\n    \/* Estilos para telas menores *\/\r\n    @media screen and (max-width: 768px) {\r\n      .cards {\r\n        gap: 20px; \/* Espa\u00e7amento entre os cards *\/\r\n        margin-top: 20px; \/* Margem superior para os cards *\/\r\n      }\r\n      .cards li {\r\n        flex-basis: calc(50% - 20px); \/* Tamanho dos cards com espa\u00e7amento *\/\r\n      }\r\n    }\r\n\r\n    @media screen and (max-width: 480px) {\r\n      .cards {\r\n        gap: 15px; \/* Espa\u00e7amento menor entre os cards *\/\r\n        margin-top: 15px; \/* Margem superior menor para os cards *\/\r\n      }\r\n      .cards li {\r\n        flex-basis: calc(100% - 30px); \/* Tamanho dos cards com espa\u00e7amento menor *\/\r\n      }\r\n    }\r\n  <\/style>\r\n<\/head>\r\n<body>\r\n  <div class=\"container\">\r\n    <div class=\"section\">\r\n      <div class=\"suvisa\">\r\n        \r\n        <ul class=\"cards\">\r\n          <li>\r\n    <a href=\"https:\/\/goias.gov.br\/saude\/wp-content\/uploads\/sites\/34\/vigilancia-em-saude\/alimentacao-nutricao\/Folder%2010%20passos%20para%20uma%20alimenta%C3%A7%C3%A3o%20saud%C3%A1vel%20e%20adequada.pdf\" target=\"_blank\" rel=\"noopener noreferrer\">\r\n        <div class=\"title\">10 passos para uma alimenta\u00e7\u00e3o saud\u00e1vel e adequada<\/div>\r\n    <\/a>\r\n<\/li>\r\n                <li>\r\n                    <a href=\"https:\/\/goias.gov.br\/saude\/wp-content\/uploads\/sites\/34\/vigilancia-em-saude\/alimentacao-nutricao\/Folder%20Passos%20e%20dicas%20para%20uma%20melhor%20qualidade%20de%20vida.pdf\" target=\"_blank\" rel=\"noopener noreferrer\">\r\n\r\n                        <div class=\"title\">Passos e dicas para uma melhor qualidade de vida<\/div>\r\n                    <\/a>\r\n                <\/li>\r\n                <li>\r\n                    <a href=\"https:\/\/goias.gov.br\/saude\/wp-content\/uploads\/sites\/34\/vigilancia-em-saude\/alimentacao-nutricao\/Folder%20Obesidade%20na%20popula%C3%A7%C3%A3o%20adulta%20em%20Goi%C3%A1s.pdf\" target=\"_blank\" rel=\"noopener noreferrer\">\r\n     \r\n                        <div class=\"title\">Obesidade na popula\u00e7\u00e3o adulta em Goi\u00e1s<\/div>\r\n                    <\/a>\r\n                <\/li>\r\n                <li>\r\n                    <a href=\"https:\/\/goias.gov.br\/saude\/wp-content\/uploads\/sites\/34\/vigilancia-em-saude\/alimentacao-nutricao\/Folder%20Refei%C3%A7%C3%B5es%20saud%C3%A1veis%20e%20balanceadas.pdf\" target=\"_blank\" rel=\"noopener noreferrer\">\r\n\r\n                        <div class=\"title\">Refei\u00e7\u00f5es saud\u00e1veis e balanceadas<\/div>\r\n                    <\/a>\r\n                <\/li>\r\n <li>\r\n                    <a href=\"https:\/\/drive.google.com\/file\/d\/1ZxBTeqgEsAxukWjHydbEc6zwI7rwWC88\/view\" target=\"_blank\" rel=\"noopener noreferrer\">\r\n\r\n                        <div class=\"title\">Aleitamento materno<\/div>\r\n                    <\/a>\r\n                <\/li>\r\n                 <li>\r\n                    <a href=\"https:\/\/drive.google.com\/file\/d\/12uNrRzxXvNONwGBKFjgzEUO9hBjvxIAa\/view\" target=\"_blank\" rel=\"noopener noreferrer\">\r\n\r\n                        <div class=\"title\">Alimenta\u00e7\u00e3o complementar<\/div>\r\n                    <\/a>\r\n                <\/li>\r\n                 <li>\r\n                    <a href=\"https:\/\/drive.google.com\/file\/d\/13gNa5QcQyCHGogY3CmUDsWwLQPjMlICi\/view\" target=\"_blank\" rel=\"noopener noreferrer\">\r\n\r\n                        <div class=\"title\">Alimenta\u00e7\u00e3o e diabetes<\/div>\r\n                    <\/a>\r\n                <\/li>\r\n\r\n  \r\n        <\/ul>\r\n      <\/div>\r\n    <\/div>\r\n  <\/div>\r\n<\/body>\r\n<\/html>\r\n\t\t\t\t<\/div>\n\t\t\t\t<div class=\"elementor-element elementor-element-74ceea8 elementor-widget elementor-widget-text-editor\" data-id=\"74ceea8\" data-element_type=\"widget\" data-e-type=\"widget\" data-widget_type=\"text-editor.default\">\n\t\t\t\t\t\t\t\t\t<ul><li><a href=\"https:\/\/goias.gov.br\/saude\/wp-content\/uploads\/sites\/34\/vigilancia-em-saude\/alimentacao-nutricao\/fluxograma-alimentacao-nutricao.pdf\" target=\"_blank\" rel=\"noopener\">Fluxos dos Programas<\/a><\/li><\/ul>\t\t\t\t\t\t\t\t<\/div>\n\t\t\t\t\t<\/div>\n\t\t\t\t<\/div>\n\t\t<div class=\"elementor-element elementor-element-3739c97 e-flex e-con-boxed e-con e-parent\" data-id=\"3739c97\" data-element_type=\"container\" data-e-type=\"container\">\n\t\t\t\t\t<div class=\"e-con-inner\">\n\t\t<div class=\"elementor-element elementor-element-30e1fdf e-con-full e-flex e-con e-child\" data-id=\"30e1fdf\" data-element_type=\"container\" data-e-type=\"container\">\n\t\t\t\t<div class=\"elementor-element elementor-element-3b7ce47 elementor-widget elementor-widget-text-editor\" data-id=\"3b7ce47\" data-element_type=\"widget\" data-e-type=\"widget\" data-widget_type=\"text-editor.default\">\n\t\t\t\t\t\t\t\t\t<h2>Capacita\u00e7\u00f5es<\/h2><ul><li><a href=\"https:\/\/drive.google.com\/file\/d\/1lx2ZTM392sa_2x1Cn0VBJs7Z7tfm2UAh\/view\" target=\"_blank\" rel=\"noopener\">Reuni\u00e3o de Capacita\u00e7\u00e3o &#8211; Orienta\u00e7\u00f5es aos munic\u00edpios para ades\u00e3o ao SISAN<\/a><\/li><li><a href=\"https:\/\/goias.gov.br\/saude\/wp-content\/uploads\/sites\/34\/vigilancia-em-saude\/alimentacao-nutricao\/Apresenta%C3%A7%C3%A3o%20sobre%20registro%20dos%20dados%20do%20Consumo%20Alimentar.pdf\" target=\"_blank\" rel=\"noopener\">Reuni\u00e3o de Alinhamento sobre Registro dos Dados do Consumo Alimentar &#8211; Apresenta\u00e7\u00e3o<\/a><\/li><li><a href=\"https:\/\/goiasgovbr-my.sharepoint.com\/personal\/amanda_senta_goias_gov_br\/_layouts\/15\/stream.aspx?id=%2Fpersonal%2Famanda%5Fsenta%5Fgoias%5Fgov%5Fbr%2FDocuments%2FRecordings%2FReuni%C3%A3o%20de%20Alinhamento%20sobre%20registro%20dos%20dados%20do%20Consumo%20Alimentar%2D20260127%5F090011%2DGrava%C3%A7%C3%A3o%20de%20Reuni%C3%A3o%2Emp4&amp;ga=1&amp;referrer=StreamWebApp%2EWeb&amp;referrerScenario=AddressBarCopied%2Eview%2Ec7660ab0%2D1997%2D4192%2D9616%2Dfb51f63aaad1\" target=\"_blank\" rel=\"noopener\">Alinhamento sobre Registro dos Dados do Consumo Alimentar &#8211; Reuni\u00e3o<\/a><\/li><li><a href=\"https:\/\/goias.gov.br\/saude\/wp-content\/uploads\/sites\/34\/vigilancia-em-saude\/alimentacao-nutricao\/Triagem%20para%20Risco%20de%20Inseguran%C3%A7a%20Alimentar%20-%20TRIA%20e%20Bolsa%20Familia.pdf\" target=\"_blank\" rel=\"noopener\">Triagem para Risco de Inseguran\u00e7a Alimentar &#8211; TRIA e Bolsa Familia &#8211; Apresenta\u00e7\u00e3o<\/a><\/li><li><a href=\"https:\/\/goiasgovbr-my.sharepoint.com\/:v:\/g\/personal\/amanda_senta_goias_gov_br\/IQA_1jOqiGXOQJW2ohvziqlaAbRwx34yX3zRXC17o4v5CTE?e=bUxcQY&amp;nav=eyJyZWZlcnJhbEluZm8iOnsicmVmZXJyYWxBcHAiOiJTdHJlYW1XZWJBcHAiLCJyZWZlcnJhbFZpZXciOiJTaGFyZURpYWxvZy1MaW5rIiwicmVmZXJyYWxBcHBQbGF0Zm9ybSI6IldlYiIsInJlZmVycmFsTW9kZSI6InZpZXcifX0%3D\" target=\"_blank\" rel=\"noopener\">Triagem para Risco de Inseguran\u00e7a Alimentar &#8211; TRIA e Bolsa Familia &#8211; Reuni\u00e3o<\/a><\/li><li><a href=\"https:\/\/drive.google.com\/file\/d\/1SRMKVZntlp3WKyEahmhT-OHzNRN_RYO8\/view\" target=\"_blank\" rel=\"noopener\">Reuni\u00e3o de alinhamento das condicionalidades do Programa Bolsa Fam\u00edlia<\/a><\/li><li><a href=\"https:\/\/drive.google.com\/file\/d\/1IywPeCnYTqtsjwZlDgcjIRlfKRh1fYSh\/view\" target=\"_blank\" rel=\"noopener\">Capacita\u00e7\u00e3o Programa Bolsa Fam\u00edlia na Sa\u00fade<\/a><\/li><li><a href=\"https:\/\/drive.google.com\/file\/d\/1_kTXFHLsvmhkdeSu-VkfkIs9VP-rG5Jz\/view\" target=\"_blank\" rel=\"noopener\">Treinamento &#8211; Operacionaliza\u00e7\u00e3o do Sistema de Condicionalidades (Sicon)<\/a><\/li><li><a href=\"https:\/\/goias.gov.br\/saude\/wp-content\/uploads\/sites\/34\/vigilancia-em-saude\/alimentacao-nutricao\/APRESENTA%C3%87%C3%83O%20TRIA%20GOI%C3%81S%20-%20Amanda.pdf\" target=\"_blank\" rel=\"noopener\">Apresenta\u00e7\u00e3o Tria Goi\u00e1s \u2013 Amanda<\/a><\/li><li><a href=\"https:\/\/drive.google.com\/file\/d\/1Z0IJbKaWHQD9Iu6yZ3cEHoN2raRZ-0bO\/view\" target=\"_blank\" rel=\"noopener\">Apresenta\u00e7\u00e3o Webin\u00e1rio Goi\u00e1s &#8211; Karla Lisboa<\/a><\/li><li><a href=\"https:\/\/goias.gov.br\/saude\/wp-content\/uploads\/sites\/34\/vigilancia-em-saude\/alimentacao-nutricao\/Webinar%20GO%20-%20Protocolo%20BSF%20-%20etapas%20operacionais%20-%20Jenifer.pdf\" target=\"_blank\" rel=\"noopener\">Webinar GO &#8211; Protocolo Brasil Sem Fome &#8211; etapas operacionais \u2013 Jenifer<\/a><\/li><li><a href=\"https:\/\/drive.google.com\/file\/d\/1YYgnHryTCHuByFXyRD8HiEAQfI388HCq\/view\" target=\"_blank\" rel=\"noopener\">Capacita\u00e7\u00e3o dos Programas de Alimenta\u00e7\u00e3o e Nutri\u00e7\u00e3o\u00a0<\/a><\/li><\/ul>\t\t\t\t\t\t\t\t<\/div>\n\t\t\t\t<\/div>\n\t\t<div class=\"elementor-element elementor-element-48f6968 e-con-full e-flex e-con e-child\" data-id=\"48f6968\" data-element_type=\"container\" data-e-type=\"container\">\n\t\t\t\t<div class=\"elementor-element elementor-element-70fc8a0 elementor-widget__width-initial elementor-widget elementor-widget-text-editor\" data-id=\"70fc8a0\" data-element_type=\"widget\" data-e-type=\"widget\" data-widget_type=\"text-editor.default\">\n\t\t\t\t\t\t\t\t\t<h2>Documentos orientadores<\/h2><ul><li><a href=\"https:\/\/goias.gov.br\/saude\/wp-content\/uploads\/sites\/34\/cib\/resolucoes\/2025\/1000%20em%20diante\/Resolu%C3%A7%C3%A3o%20n%C2%BA%201194.2025%20-%20Aprova%20a%20Nota%20T%C3%A9cnica%20de%20Obesidade.pdf\" target=\"_blank\" rel=\"noopener\">Resolu\u00e7\u00e3o n\u00ba 1194\/2025 &#8211; CIB &#8211; Aprova a Nota T\u00e9cnica de Obesidade<\/a><\/li><li><a href=\"https:\/\/drive.google.com\/file\/d\/1kwTYsrJwnO2Ya4F-wMuGZjcBKVvVazcr\/view\" target=\"_blank\" rel=\"noopener\">Manual Orientador &#8211; Vigil\u00e2ncia Alimentar e Nutricional &#8211; Vers\u00e3o final 2024<\/a><\/li><li><a href=\"https:\/\/drive.google.com\/file\/d\/1QRqeJ7m_BuIM8vzGsv70bMhUxtwi4vKw\/view\" target=\"_blank\" rel=\"noopener\">Guia organiza\u00e7\u00e3o vigil\u00e2ncia alimentar nutricional 2023 &#8211; edi\u00e7\u00e3o revisada\u00a0<\/a><\/li><li><a href=\"https:\/\/drive.google.com\/file\/d\/1ly6aLg2gKhiB0jFTkZkSuwd8gJCFjLMT\/view\" target=\"_blank\" rel=\"noopener\">Apresenta\u00e7\u00e3o sobre rotulagem nutricional<\/a><\/li><\/ul>\t\t\t\t\t\t\t\t<\/div>\n\t\t\t\t<\/div>\n\t\t\t\t\t<\/div>\n\t\t\t\t<\/div>\n\t\t<div class=\"elementor-element elementor-element-806c39e e-flex e-con-boxed e-con e-parent\" data-id=\"806c39e\" data-element_type=\"container\" data-e-type=\"container\">\n\t\t\t\t\t<div class=\"e-con-inner\">\n\t\t\t\t<div class=\"elementor-element elementor-element-5c0727b elementor-widget elementor-widget-heading\" data-id=\"5c0727b\" data-element_type=\"widget\" data-e-type=\"widget\" data-widget_type=\"heading.default\">\n\t\t\t\t\t<h2 class=\"elementor-heading-title elementor-size-default\">V\u00eddeos<\/h2>\t\t\t\t<\/div>\n\t\t\t\t\t<\/div>\n\t\t\t\t<\/div>\n\t\t<div class=\"elementor-element elementor-element-b38d43e e-flex e-con-boxed e-con e-parent\" data-id=\"b38d43e\" data-element_type=\"container\" data-e-type=\"container\">\n\t\t\t\t\t<div class=\"e-con-inner\">\n\t\t<div class=\"elementor-element elementor-element-97c96e7 e-con-full e-flex e-con e-child\" data-id=\"97c96e7\" data-element_type=\"container\" data-e-type=\"container\">\n\t\t\t\t<div class=\"elementor-element elementor-element-12bbc86 elementor-widget elementor-widget-video\" data-id=\"12bbc86\" data-element_type=\"widget\" data-e-type=\"widget\" data-settings=\"{&quot;youtube_url&quot;:&quot;https:\\\/\\\/www.youtube.com\\\/watch?v=WBTXvmPUuo4&quot;,&quot;video_type&quot;:&quot;youtube&quot;,&quot;controls&quot;:&quot;yes&quot;}\" data-widget_type=\"video.default\">\n\t\t\t\t\t\t\t<div class=\"elementor-wrapper elementor-open-inline\">\n\t\t\t<div class=\"elementor-video\"><\/div>\t\t<\/div>\n\t\t\t\t\t\t<\/div>\n\t\t\t\t<\/div>\n\t\t<div class=\"elementor-element elementor-element-46d9278 e-con-full e-flex e-con e-child\" data-id=\"46d9278\" data-element_type=\"container\" data-e-type=\"container\">\n\t\t\t\t<div class=\"elementor-element elementor-element-eb5e677 elementor-widget elementor-widget-video\" data-id=\"eb5e677\" data-element_type=\"widget\" data-e-type=\"widget\" data-settings=\"{&quot;youtube_url&quot;:&quot;https:\\\/\\\/youtu.be\\\/F8QU3X30BxU&quot;,&quot;video_type&quot;:&quot;youtube&quot;,&quot;controls&quot;:&quot;yes&quot;}\" data-widget_type=\"video.default\">\n\t\t\t\t\t\t\t<div class=\"elementor-wrapper elementor-open-inline\">\n\t\t\t<div class=\"elementor-video\"><\/div>\t\t<\/div>\n\t\t\t\t\t\t<\/div>\n\t\t\t\t<\/div>\n\t\t\t\t\t<\/div>\n\t\t\t\t<\/div>\n\t\t<div class=\"elementor-element elementor-element-b092f78 e-flex e-con-boxed e-con e-parent\" data-id=\"b092f78\" data-element_type=\"container\" data-e-type=\"container\">\n\t\t\t\t\t<div class=\"e-con-inner\">\n\t\t<div class=\"elementor-element elementor-element-e4622f0 e-con-full e-flex e-con e-child\" data-id=\"e4622f0\" data-element_type=\"container\" data-e-type=\"container\">\n\t\t\t\t<div class=\"elementor-element elementor-element-902f7f8 elementor-widget elementor-widget-video\" data-id=\"902f7f8\" data-element_type=\"widget\" data-e-type=\"widget\" data-settings=\"{&quot;youtube_url&quot;:&quot;https:\\\/\\\/youtu.be\\\/OzVFO6jFZlA&quot;,&quot;video_type&quot;:&quot;youtube&quot;,&quot;controls&quot;:&quot;yes&quot;}\" data-widget_type=\"video.default\">\n\t\t\t\t\t\t\t<div class=\"elementor-wrapper elementor-open-inline\">\n\t\t\t<div class=\"elementor-video\"><\/div>\t\t<\/div>\n\t\t\t\t\t\t<\/div>\n\t\t\t\t<\/div>\n\t\t<div class=\"elementor-element elementor-element-d27b510 e-con-full e-flex e-con e-child\" data-id=\"d27b510\" data-element_type=\"container\" data-e-type=\"container\">\n\t\t\t\t<div class=\"elementor-element elementor-element-460328e elementor-widget elementor-widget-video\" data-id=\"460328e\" data-element_type=\"widget\" data-e-type=\"widget\" data-settings=\"{&quot;youtube_url&quot;:&quot;https:\\\/\\\/youtu.be\\\/Hv-XJ8SCOHA&quot;,&quot;video_type&quot;:&quot;youtube&quot;,&quot;controls&quot;:&quot;yes&quot;}\" data-widget_type=\"video.default\">\n\t\t\t\t\t\t\t<div class=\"elementor-wrapper elementor-open-inline\">\n\t\t\t<div class=\"elementor-video\"><\/div>\t\t<\/div>\n\t\t\t\t\t\t<\/div>\n\t\t\t\t<\/div>\n\t\t<div class=\"elementor-element elementor-element-3feff29 e-con-full e-flex e-con e-child\" data-id=\"3feff29\" data-element_type=\"container\" data-e-type=\"container\">\n\t\t\t\t<div class=\"elementor-element elementor-element-7bc1cda elementor-widget elementor-widget-video\" data-id=\"7bc1cda\" data-element_type=\"widget\" data-e-type=\"widget\" data-settings=\"{&quot;youtube_url&quot;:&quot;https:\\\/\\\/youtu.be\\\/zNZ6ceND4mo&quot;,&quot;video_type&quot;:&quot;youtube&quot;,&quot;controls&quot;:&quot;yes&quot;}\" data-widget_type=\"video.default\">\n\t\t\t\t\t\t\t<div class=\"elementor-wrapper elementor-open-inline\">\n\t\t\t<div class=\"elementor-video\"><\/div>\t\t<\/div>\n\t\t\t\t\t\t<\/div>\n\t\t\t\t<\/div>\n\t\t\t\t\t<\/div>\n\t\t\t\t<\/div>\n\t\t\t\t<\/div>\n\t\t","protected":false},"excerpt":{"rendered":"<p>A Vigil\u00e2ncia de Alimenta\u00e7\u00e3o e Nutri\u00e7\u00e3o \u00e9 respons\u00e1vel por planejar, implementar e avaliar as a\u00e7\u00f5es voltadas \u00e0 promo\u00e7\u00e3o da sa\u00fade no Estado de Goi\u00e1s, em alinhamento com o Sistema \u00danico de Sa\u00fade (SUS) e a Pol\u00edtica Nacional de Alimenta\u00e7\u00e3o e Nutri\u00e7\u00e3o (PNAN). Entre os principais servi\u00e7os e iniciativas, est\u00e3o: Planejamento e vigil\u00e2ncia nutricional: acompanhamento de [&hellip;]<\/p>\n","protected":false},"author":164,"featured_media":0,"parent":0,"menu_order":0,"comment_status":"closed","ping_status":"closed","template":"","meta":{"footnotes":""},"class_list":["post-472162","page","type-page","status-publish","hentry"],"rttpg_featured_image_url":null,"rttpg_author":{"display_name":"isabelamelo","author_link":"https:\/\/goias.gov.br\/saude\/author\/isabelamelo\/"},"rttpg_comment":0,"rttpg_category":null,"rttpg_excerpt":"A Vigil\u00e2ncia de Alimenta\u00e7\u00e3o e Nutri\u00e7\u00e3o \u00e9 respons\u00e1vel por planejar, implementar e avaliar as a\u00e7\u00f5es voltadas \u00e0 promo\u00e7\u00e3o da sa\u00fade no Estado de Goi\u00e1s, em alinhamento com o Sistema \u00danico de Sa\u00fade (SUS) e a Pol\u00edtica Nacional de Alimenta\u00e7\u00e3o e Nutri\u00e7\u00e3o (PNAN). Entre os principais servi\u00e7os e iniciativas, est\u00e3o: Planejamento e vigil\u00e2ncia nutricional: acompanhamento de&hellip;","_links":{"self":[{"href":"https:\/\/goias.gov.br\/saude\/wp-json\/wp\/v2\/pages\/472162","targetHints":{"allow":["GET"]}}],"collection":[{"href":"https:\/\/goias.gov.br\/saude\/wp-json\/wp\/v2\/pages"}],"about":[{"href":"https:\/\/goias.gov.br\/saude\/wp-json\/wp\/v2\/types\/page"}],"author":[{"embeddable":true,"href":"https:\/\/goias.gov.br\/saude\/wp-json\/wp\/v2\/users\/164"}],"replies":[{"embeddable":true,"href":"https:\/\/goias.gov.br\/saude\/wp-json\/wp\/v2\/comments?post=472162"}],"version-history":[{"count":2,"href":"https:\/\/goias.gov.br\/saude\/wp-json\/wp\/v2\/pages\/472162\/revisions"}],"predecessor-version":[{"id":770953,"href":"https:\/\/goias.gov.br\/saude\/wp-json\/wp\/v2\/pages\/472162\/revisions\/770953"}],"wp:attachment":[{"href":"https:\/\/goias.gov.br\/saude\/wp-json\/wp\/v2\/media?parent=472162"}],"curies":[{"name":"wp","href":"https:\/\/api.w.org\/{rel}","templated":true}]}}