

{"id":460169,"date":"2025-08-07T15:13:09","date_gmt":"2025-08-07T18:13:09","guid":{"rendered":"https:\/\/goias.gov.br\/saude\/?page_id=460169"},"modified":"2025-12-02T13:27:39","modified_gmt":"2025-12-02T16:27:39","slug":"protocolos-de-seguranca-do-paciente-negesp","status":"publish","type":"page","link":"https:\/\/goias.gov.br\/saude\/protocolos-de-seguranca-do-paciente-negesp\/","title":{"rendered":"Protocolos de Seguran\u00e7a do Paciente &#8211; Negesp"},"content":{"rendered":"\t\t<div data-elementor-type=\"wp-page\" data-elementor-id=\"460169\" class=\"elementor elementor-460169\">\n\t\t\t\t<div class=\"elementor-element elementor-element-9750cb1 e-flex e-con-boxed e-con e-parent\" data-id=\"9750cb1\" data-element_type=\"container\" data-e-type=\"container\">\n\t\t\t\t\t<div class=\"e-con-inner\">\n\t\t<div class=\"elementor-element elementor-element-028f6a7 e-con-full e-flex e-con e-child\" data-id=\"028f6a7\" data-element_type=\"container\" data-e-type=\"container\">\n\t\t\t\t<div class=\"elementor-element elementor-element-9d275a1 elementor-widget elementor-widget-text-editor\" data-id=\"9d275a1\" data-element_type=\"widget\" data-e-type=\"widget\" data-widget_type=\"text-editor.default\">\n\t\t\t\t\t\t\t\t\t<h3 style=\"text-align: center;\"><a href=\"http:\/\/bibliotecadigital.anvisa.ibict.br\/jspui\/handle\/anvisa\/1772\" target=\"_blank\" rel=\"noopener\">Protocolo de Higiene das m\u00e3os<\/a><\/h3><p style=\"text-align: justify;\">Fundamental para prevenir infec\u00e7\u00f5es relacionadas \u00e0 assist\u00eancia \u00e0 sa\u00fade (IRAS), promovendo a limpeza adequada das m\u00e3os por todos os profissionais de sa\u00fade.<\/p>\t\t\t\t\t\t\t\t<\/div>\n\t\t\t\t<\/div>\n\t\t<div class=\"elementor-element elementor-element-715787d e-con-full e-flex e-con e-child\" data-id=\"715787d\" data-element_type=\"container\" data-e-type=\"container\">\n\t\t\t\t<div class=\"elementor-element elementor-element-8947e8c elementor-widget elementor-widget-text-editor\" data-id=\"8947e8c\" data-element_type=\"widget\" data-e-type=\"widget\" data-widget_type=\"text-editor.default\">\n\t\t\t\t\t\t\t\t\t<h3 style=\"text-align: center;\"><a href=\"http:\/\/bibliotecadigital.anvisa.ibict.br\/jspui\/handle\/anvisa\/1771\" target=\"_blank\" rel=\"noopener\">Protocolo de Cirurgia Segura<\/a><\/h3><p style=\"text-align: justify;\">Inclui o uso da Lista de Verifica\u00e7\u00e3o de Cirurgia Segura da OMS para reduzir incidentes e eventos adversos durante procedimentos cir\u00fargicos, assegurando a correta identifica\u00e7\u00e3o<br \/>do paciente, o local correto da cirurgia e a comunica\u00e7\u00e3o eficaz da equipe.<\/p>\t\t\t\t\t\t\t\t<\/div>\n\t\t\t\t<\/div>\n\t\t<div class=\"elementor-element elementor-element-e7e4da3 e-con-full e-flex e-con e-child\" data-id=\"e7e4da3\" data-element_type=\"container\" data-e-type=\"container\">\n\t\t\t\t<div class=\"elementor-element elementor-element-ac1e338 elementor-widget elementor-widget-text-editor\" data-id=\"ac1e338\" data-element_type=\"widget\" data-e-type=\"widget\" data-widget_type=\"text-editor.default\">\n\t\t\t\t\t\t\t\t\t<h3 style=\"text-align: center;\"><a href=\"http:\/\/bibliotecadigital.anvisa.ibict.br\/jspui\/handle\/anvisa\/1778\" target=\"_blank\" rel=\"noopener\">Protocolo de Identifica\u00e7\u00e3o<\/a><\/h3><p style=\"text-align: justify;\">Assegura que o atendimento seja prestado ao paciente correto, com verifica\u00e7\u00e3o rigorosa do nome completo e data de nascimento em todas as etapas, incluindo administra\u00e7\u00e3o de medicamentos, exames e procedimentos.<\/p>\t\t\t\t\t\t\t\t<\/div>\n\t\t\t\t<\/div>\n\t\t\t\t\t<\/div>\n\t\t\t\t<\/div>\n\t\t<div class=\"elementor-element elementor-element-1137f9d e-flex e-con-boxed e-con e-parent\" data-id=\"1137f9d\" data-element_type=\"container\" data-e-type=\"container\">\n\t\t\t\t\t<div class=\"e-con-inner\">\n\t\t<div class=\"elementor-element elementor-element-cfcfb51 e-con-full e-flex e-con e-child\" data-id=\"cfcfb51\" data-element_type=\"container\" data-e-type=\"container\">\n\t\t\t\t<div class=\"elementor-element elementor-element-4bfdaf2 elementor-widget elementor-widget-text-editor\" data-id=\"4bfdaf2\" data-element_type=\"widget\" data-e-type=\"widget\" data-widget_type=\"text-editor.default\">\n\t\t\t\t\t\t\t\t\t<h3 style=\"text-align: center;\"><a href=\"http:\/\/bibliotecadigital.anvisa.ibict.br\/jspui\/handle\/anvisa\/1770\" target=\"_blank\" rel=\"noopener\">Protocolo de Seguran\u00e7a na<\/a><br \/><a href=\"_wp_link_placeholder\">Prescri\u00e7\u00e3o e Uso de Medicamentos<\/a><\/h3><p style=\"text-align: justify;\">Previne erros que podem ocorrer na prescri\u00e7\u00e3o, dispensa\u00e7\u00e3o, administra\u00e7\u00e3o e uso de medicamentos.<\/p>\t\t\t\t\t\t\t\t<\/div>\n\t\t\t\t<\/div>\n\t\t<div class=\"elementor-element elementor-element-fc5cf5e e-con-full e-flex e-con e-child\" data-id=\"fc5cf5e\" data-element_type=\"container\" data-e-type=\"container\">\n\t\t\t\t<div class=\"elementor-element elementor-element-7f56118 elementor-widget elementor-widget-text-editor\" data-id=\"7f56118\" data-element_type=\"widget\" data-e-type=\"widget\" data-widget_type=\"text-editor.default\">\n\t\t\t\t\t\t\t\t\t<h3 style=\"text-align: center;\"><a href=\"http:\/\/bibliotecadigital.anvisa.ibict.br\/jspui\/handle\/anvisa\/1777\" target=\"_blank\" rel=\"noopener\">Protocolo de Preven\u00e7\u00e3o de Quedas<\/a><\/h3><p style=\"text-align: justify;\">Visa reduzir a ocorr\u00eancia de quedas e os danos associados, implementando medidas de avalia\u00e7\u00e3o de risco, um ambiente seguro e a educa\u00e7\u00e3o do paciente.<\/p>\t\t\t\t\t\t\t\t<\/div>\n\t\t\t\t<\/div>\n\t\t<div class=\"elementor-element elementor-element-b1112a6 e-con-full e-flex e-con e-child\" data-id=\"b1112a6\" data-element_type=\"container\" data-e-type=\"container\">\n\t\t\t\t<div class=\"elementor-element elementor-element-7cfec36 elementor-widget elementor-widget-text-editor\" data-id=\"7cfec36\" data-element_type=\"widget\" data-e-type=\"widget\" data-widget_type=\"text-editor.default\">\n\t\t\t\t\t\t\t\t\t<h3 style=\"text-align: center;\"><a href=\"http:\/\/bibliotecadigital.anvisa.ibict.br\/jspui\/handle\/anvisa\/1775\" target=\"_blank\" rel=\"noopener\">Protocolo de Preven\u00e7\u00e3o de \u00dalcera por Press\u00e3o<\/a><\/h3><p style=\"text-align: justify;\">Foca em evitar les\u00f5es na pele causadas pela press\u00e3o prolongada, especialmente em pacientes acamados ou com mobilidade reduzida.<\/p>\t\t\t\t\t\t\t\t<\/div>\n\t\t\t\t<\/div>\n\t\t\t\t\t<\/div>\n\t\t\t\t<\/div>\n\t\t\t\t<\/div>\n\t\t","protected":false},"excerpt":{"rendered":"<p>Protocolo de Higiene das m\u00e3os Fundamental para prevenir infec\u00e7\u00f5es relacionadas \u00e0 assist\u00eancia \u00e0 sa\u00fade (IRAS), promovendo a limpeza adequada das m\u00e3os por todos os profissionais de sa\u00fade. Protocolo de Cirurgia Segura Inclui o uso da Lista de Verifica\u00e7\u00e3o de Cirurgia Segura da OMS para reduzir incidentes e eventos adversos durante procedimentos cir\u00fargicos, assegurando a correta [&hellip;]<\/p>\n","protected":false},"author":164,"featured_media":0,"parent":0,"menu_order":0,"comment_status":"closed","ping_status":"closed","template":"","meta":{"footnotes":""},"class_list":["post-460169","page","type-page","status-publish","hentry"],"rttpg_featured_image_url":null,"rttpg_author":{"display_name":"isabelamelo","author_link":"https:\/\/goias.gov.br\/saude\/author\/isabelamelo\/"},"rttpg_comment":0,"rttpg_category":null,"rttpg_excerpt":"Protocolo de Higiene das m\u00e3os Fundamental para prevenir infec\u00e7\u00f5es relacionadas \u00e0 assist\u00eancia \u00e0 sa\u00fade (IRAS), promovendo a limpeza adequada das m\u00e3os por todos os profissionais de sa\u00fade. Protocolo de Cirurgia Segura Inclui o uso da Lista de Verifica\u00e7\u00e3o de Cirurgia Segura da OMS para reduzir incidentes e eventos adversos durante procedimentos cir\u00fargicos, assegurando a correta&hellip;","_links":{"self":[{"href":"https:\/\/goias.gov.br\/saude\/wp-json\/wp\/v2\/pages\/460169","targetHints":{"allow":["GET"]}}],"collection":[{"href":"https:\/\/goias.gov.br\/saude\/wp-json\/wp\/v2\/pages"}],"about":[{"href":"https:\/\/goias.gov.br\/saude\/wp-json\/wp\/v2\/types\/page"}],"author":[{"embeddable":true,"href":"https:\/\/goias.gov.br\/saude\/wp-json\/wp\/v2\/users\/164"}],"replies":[{"embeddable":true,"href":"https:\/\/goias.gov.br\/saude\/wp-json\/wp\/v2\/comments?post=460169"}],"version-history":[{"count":2,"href":"https:\/\/goias.gov.br\/saude\/wp-json\/wp\/v2\/pages\/460169\/revisions"}],"predecessor-version":[{"id":624559,"href":"https:\/\/goias.gov.br\/saude\/wp-json\/wp\/v2\/pages\/460169\/revisions\/624559"}],"wp:attachment":[{"href":"https:\/\/goias.gov.br\/saude\/wp-json\/wp\/v2\/media?parent=460169"}],"curies":[{"name":"wp","href":"https:\/\/api.w.org\/{rel}","templated":true}]}}