

{"id":459962,"date":"2025-08-07T14:52:39","date_gmt":"2025-08-07T17:52:39","guid":{"rendered":"https:\/\/goias.gov.br\/saude\/?page_id=459962"},"modified":"2025-12-02T11:21:42","modified_gmt":"2025-12-02T14:21:42","slug":"negesp","status":"publish","type":"page","link":"https:\/\/goias.gov.br\/saude\/negesp\/","title":{"rendered":"N\u00facleo Estadual de Gest\u00e3o Estrat\u00e9gica da Seguran\u00e7a do Paciente &#8211; Negesp"},"content":{"rendered":"\t\t<div data-elementor-type=\"wp-page\" data-elementor-id=\"459962\" class=\"elementor elementor-459962\">\n\t\t\t\t<div class=\"elementor-element elementor-element-5b7ce8a e-flex e-con-boxed e-con e-parent\" data-id=\"5b7ce8a\" data-element_type=\"container\" data-e-type=\"container\">\n\t\t\t\t\t<div class=\"e-con-inner\">\n\t\t<div class=\"elementor-element elementor-element-03661d5 e-con-full e-flex e-con e-child\" data-id=\"03661d5\" data-element_type=\"container\" data-e-type=\"container\">\n\t\t\t\t<div class=\"elementor-element elementor-element-9145639 elementor-widget elementor-widget-text-editor\" data-id=\"9145639\" data-element_type=\"widget\" data-e-type=\"widget\" data-widget_type=\"text-editor.default\">\n\t\t\t\t\t\t\t\t\t<h3 class=\"sppb-addon-title\">Composi\u00e7\u00e3o<\/h3><div class=\"sppb-addon-content\"><p><strong>Coordenador: <\/strong>Adriano Sullivan Chagas<\/p><p><strong>Membros<\/strong><\/p><ul><li>Adriana Rodrigues de Oliveira Nogueira<\/li><li>Ana Paula Faria Elias<\/li><li>Andr\u00e9a Maria Peixoto<\/li><li>Daniela Ribeiro Tito Rosa<\/li><li>Fabiana de Sousa Miranda<\/li><li>Felipe Soares de Sousa<\/li><li>Maria Salette Batista Paulino<\/li><li>S\u00e9rgio Alberto Cunha V\u00eancio<\/li><\/ul><p style=\"text-align: left;\">(62) 3241-2883<br \/><a href=\"mailto:negespgoias@gmail.com\">negespgoias@gmail.com<\/a><\/p><p><strong>Localiza\u00e7\u00e3o:<br \/><\/strong><a href=\"https:\/\/maps.app.goo.gl\/PgPGUEBjn4Faj9iW7\" target=\"_blank\" rel=\"noopener\">Av. SC 1 n\u00ba 299 &#8211; Parque Santa Cruz &#8211; Goi\u00e2nia &#8211; GO<br \/>CEP: 74.860-260<\/a><\/p><\/div>\t\t\t\t\t\t\t\t<\/div>\n\t\t\t\t<\/div>\n\t\t<div class=\"elementor-element elementor-element-fa5dded e-con-full e-flex e-con e-child\" data-id=\"fa5dded\" data-element_type=\"container\" data-e-type=\"container\">\n\t\t\t\t<div class=\"elementor-element elementor-element-4ab75c4 elementor-widget elementor-widget-text-editor\" data-id=\"4ab75c4\" data-element_type=\"widget\" data-e-type=\"widget\" data-widget_type=\"text-editor.default\">\n\t\t\t\t\t\t\t\t\t<div style=\"text-align: justify;\">O N\u00facleo Estadual de Gest\u00e3o Estrat\u00e9gica da Seguran\u00e7a do Paciente (Negesp) \u00e9 uma Unidade de Apoio da Secretaria de Estado da Sa\u00fade de Goi\u00e1s respons\u00e1vel por coordenar, apoiar e propor estrat\u00e9gias voltadas \u00e0 seguran\u00e7a e qualidade no cuidado ao paciente no \u00e2mbito do Sistema \u00danico de Sa\u00fade (SUS) estadual.<\/div><div style=\"text-align: justify;\">\u00a0<\/div><div style=\"text-align: justify;\">Institu\u00eddo pela Portaria n\u00ba 3.794\/2024 &#8211; SES\/GO, o Negesp passou a integrar a Rede Estadual de Unidades de Apoio por for\u00e7a do Decreto Estadual n\u00ba 10.675\/2025, estando formalmente vinculado ao Gabinete do Secret\u00e1rio de Estado da Sa\u00fade.<\/div><div style=\"text-align: justify;\">\u00a0<\/div><div style=\"text-align: justify;\">Com uma atua\u00e7\u00e3o estrat\u00e9gica, o Negesp apoia a alta gest\u00e3o estadual na tomada de decis\u00f5es, promove pol\u00edticas de preven\u00e7\u00e3o de eventos adversos, fortalece a cultura organizacional de seguran\u00e7a e estimula a qualifica\u00e7\u00e3o da assist\u00eancia baseada em evid\u00eancias, e integrando os n\u00facleos das unidades de sa\u00fade em uma rede colaborativa e propositiva.<\/div><div style=\"text-align: justify;\">\u00a0<\/div>\t\t\t\t\t\t\t\t<\/div>\n\t\t\t\t<\/div>\n\t\t\t\t\t<\/div>\n\t\t\t\t<\/div>\n\t\t<div class=\"elementor-element elementor-element-a3287d4 e-flex e-con-boxed e-con e-parent\" data-id=\"a3287d4\" data-element_type=\"container\" data-e-type=\"container\">\n\t\t\t\t\t<div class=\"e-con-inner\">\n\t\t\t\t<div class=\"elementor-element elementor-element-6943090 elementor-widget elementor-widget-html\" data-id=\"6943090\" data-element_type=\"widget\" data-e-type=\"widget\" data-widget_type=\"html.default\">\n\t\t\t\t\t<!DOCTYPE html>\r\n<html lang=\"pt-br\" dir=\"ltr\">\r\n<head>\r\n  <meta http-equiv=\"Content-Type\" content=\"text\/html; charset=UTF-8\" \/>\r\n  <style>\r\n    \/* Estilos para desktop *\/\r\n    .container {\r\n      padding: 20px;\r\n    }\r\n\r\n    .section {\r\n      margin-bottom: 40px;\r\n    }\r\n\r\n    .title {\r\n      text-align: center;\r\n      margin: 0 0 24px;\r\n      color: #0c326f;\r\n      font-weight: 600;\r\n      font-size: 2.7rem;\r\n      line-height: 1.5;\r\n    }\r\n\r\n    .cards {\r\n      display: flex;\r\n      justify-content: space-evenly;\r\n      flex-wrap: wrap;\r\n      margin: 0;\r\n      padding: 0;\r\n      list-style: none;\r\n    }\r\n\r\n    .cards li {\r\n      background-color: #ededed;\r\n      box-shadow: 0 3px 6px 0 rgba(0, 0, 0, 0.16);\r\n      text-align: center;\r\n      flex-basis: 23%;\r\n      box-sizing: border-box;\r\n      min-height: 230px;\r\n      margin-bottom: 1.2em;\r\n      line-height: 1.5em;\r\n      display: list-item;\r\n    }\r\n\r\n    .cards li a {\r\n      display: flex;\r\n      justify-content: center;\r\n      align-items: center;\r\n      flex-direction: column;\r\n      width: 100%;\r\n      height: 100%;\r\n      color: #1351b4;\r\n      font-weight: 500;\r\n      text-decoration: none;\r\n    }\r\n\r\n    .cards li i,\r\n    .cards li span {\r\n      font-size: 50px;\r\n      margin-bottom: 30px;\r\n      color: #0c326f;\r\n      width: auto;\r\n      font-weight: 900;\r\n    }\r\n\r\n    .cards li .title {\r\n      font-size: 20px;\r\n      color: #0c326f;\r\n      font-weight: 600;\r\n      margin: 0;\r\n      text-transform: uppercase;\r\n    }\r\n\r\n    \/* Estilos para telas menores *\/\r\n    @media screen and (max-width: 768px) {\r\n      .cards {\r\n        gap: 20px; \/* Espa\u00e7amento entre os cards *\/\r\n        margin-top: 20px; margin-bottom: 20px;\/* Margem superior para os cards *\/\r\n      }\r\n      .cards li {\r\n        flex-basis: calc(50% - 20px); \/* Tamanho dos cards com espa\u00e7amento *\/\r\n      }\r\n    }\r\n\r\n    @media screen and (max-width: 480px) {\r\n      .cards {\r\n        gap: 15px; \/* Espa\u00e7amento menor entre os cards *\/\r\n        margin-top: 15px; margin-bottom: 20px; \/* Margem superior menor para os cards *\/\r\n      }\r\n      .cards li {\r\n        flex-basis: calc(100% - 30px); \/* Tamanho dos cards com espa\u00e7amento menor *\/\r\n      }\r\n    }\r\n  <\/style>\r\n\t<div class=\"container\">\r\n        <div class=\"escola\">\r\n            \r\n            <div class=\"title-header\">\r\n               \r\n            <\/div>\r\n            <ul class=\"cards\">\r\n               <li>\r\n    <a href=\"https:\/\/goias.gov.br\/saude\/protocolos-de-seguranca-do-paciente-negesp\/\" target=\"_blank\">\r\n        <span class=\"fa-solid fa-hand-holding-medical\"><\/span>\r\n        <div class=\"title\">Protocolos de Seguran\u00e7a do Paciente<\/div>\r\n    <\/a>\r\n<\/li>\r\n                <li>\r\n                    <a href=\"https:\/\/goias.gov.br\/saude\/identidade-institucional-negesp\/\" target=\"_blank\">\r\n                        <span class=\"fa-solid fa-fingerprint\"><\/span>\r\n                        <div class=\"title\">identidade institucional<\/div>\r\n                    <\/a>\r\n                <\/li>\r\n\r\n <li>\r\n                    <a href=\"https:\/\/goias.gov.br\/saude\/wp-content\/uploads\/sites\/34\/negesp\/cadeia-valores-negesp.pdf\" target=\"_blank\">\r\n                        <span class=\"fa-solid fa-list-check\"><\/span>\r\n                        <div class=\"title\">cadeia de valores<\/div>\r\n                    <\/a>\r\n                <\/li>\r\n                <li>\r\n                    <a href=\"https:\/\/goias.gov.br\/saude\/wp-content\/uploads\/sites\/34\/negesp\/mapa-estrategico-ses.pdf\" target=\"_blank\">\r\n                        <span class=\"fa-solid fa-file-lines\"><\/span>\r\n                        <div class=\"title\">mapa estrat\u00e9gico SES<\/div>\r\n                    <\/a>\r\n                <\/li>\r\n               \r\n\r\n <li>\r\n                    <a href=\"https:\/\/goias.gov.br\/saude\/wp-content\/uploads\/sites\/34\/negesp\/planejamento-estrategico-negesp.pdf\" target=\"_blank\">\r\n                        <span class=\"fa-solid fa-gears\"><\/span>\r\n                        <div class=\"title\">planejamento estrat\u00e9gico<\/div>\r\n                    <\/a>\r\n                <\/li>\r\n\r\n<li>\r\n                    <a href=\"https:\/\/goias.gov.br\/saude\/publicacoes-negesp\/\" target=\"_blank\">\r\n                        <span class=\"fa-solid fa-laptop-medical\"><\/span>\r\n                        <div class=\"title\">publica\u00e7\u00f5es<\/div>\r\n                    <\/a>\r\n                <\/li>\r\n\r\n <li>\r\n                    <a href=\"https:\/\/goias.gov.br\/saude\/legislacao-negesp\/\" target=\"_blank\">\r\n                        <span class=\"fa-solid fa-gavel\"><\/span>\r\n                        <div class=\"title\">legisla\u00e7\u00e3o<\/div>\r\n                    <\/a>\r\n                <\/li>\r\n\r\n<li>\r\n                    <a href=\"https:\/\/goias.gov.br\/saude\/vigilancia-de-eventos-adversos-negesp\/\" target=\"_blank\">\r\n                        <span class=\"fa-solid fa-eye\"><\/span>\r\n                        <div class=\"title\">vigil\u00e2ncia de eventos adversos<\/div>\r\n                    <\/a>\r\n                <\/li>\r\n<li>\r\n                    <a href=\"https:\/\/goias.gov.br\/saude\/qualidade-negesp\/\" target=\"_blank\">\r\n                        <span class=\"fa-solid fa-medal\"><\/span>\r\n                        <div class=\"title\">qualinegesp<\/div>\r\n                    <\/a>\r\n                <\/li>\r\n<li>\r\n                    <a href=\"https:\/\/goias.gov.br\/saude\/wp-content\/uploads\/sites\/34\/negesp\/indicadores-negesp.jpg\" target=\"_blank\">\r\n                        <span class=\"fa-solid fa-signal\"><\/span>\r\n                        <div class=\"title\">indicadores<\/div>\r\n                    <\/a>\r\n                <\/li>\r\n\r\n<li>\r\n                    <a href=\"https:\/\/goias.gov.br\/saude\/eventos-negesp\/\" target=\"_blank\">\r\n                        <span class=\"fa-solid fa-calendar-check\"><\/span>\r\n                        <div class=\"title\">eventos<\/div>\r\n                    <\/a>\r\n                <\/li>\r\n\r\n\r\n\r\n\r\n            <\/ul>\r\n        <\/div>\r\n\t<\/div>\r\n\t\t\t\t<\/div>\n\t\t\t\t\t<\/div>\n\t\t\t\t<\/div>\n\t\t\t\t<\/div>\n\t\t","protected":false},"excerpt":{"rendered":"<p>Composi\u00e7\u00e3o Coordenador: Adriano Sullivan Chagas Membros Adriana Rodrigues de Oliveira Nogueira Ana Paula Faria Elias Andr\u00e9a Maria Peixoto Daniela Ribeiro Tito Rosa Fabiana de Sousa Miranda Felipe Soares de Sousa Maria Salette Batista Paulino S\u00e9rgio Alberto Cunha V\u00eancio (62) 3241-2883negespgoias@gmail.com Localiza\u00e7\u00e3o:Av. SC 1 n\u00ba 299 &#8211; Parque Santa Cruz &#8211; Goi\u00e2nia &#8211; GOCEP: 74.860-260 O [&hellip;]<\/p>\n","protected":false},"author":164,"featured_media":0,"parent":0,"menu_order":0,"comment_status":"closed","ping_status":"closed","template":"","meta":{"footnotes":""},"class_list":["post-459962","page","type-page","status-publish","hentry"],"rttpg_featured_image_url":null,"rttpg_author":{"display_name":"isabelamelo","author_link":"https:\/\/goias.gov.br\/saude\/author\/isabelamelo\/"},"rttpg_comment":0,"rttpg_category":null,"rttpg_excerpt":"Composi\u00e7\u00e3o Coordenador: Adriano Sullivan Chagas Membros Adriana Rodrigues de Oliveira Nogueira Ana Paula Faria Elias Andr\u00e9a Maria Peixoto Daniela Ribeiro Tito Rosa Fabiana de Sousa Miranda Felipe Soares de Sousa Maria Salette Batista Paulino S\u00e9rgio Alberto Cunha V\u00eancio (62) 3241-2883negespgoias@gmail.com Localiza\u00e7\u00e3o:Av. SC 1 n\u00ba 299 &#8211; Parque Santa Cruz &#8211; Goi\u00e2nia &#8211; GOCEP: 74.860-260 O&hellip;","_links":{"self":[{"href":"https:\/\/goias.gov.br\/saude\/wp-json\/wp\/v2\/pages\/459962","targetHints":{"allow":["GET"]}}],"collection":[{"href":"https:\/\/goias.gov.br\/saude\/wp-json\/wp\/v2\/pages"}],"about":[{"href":"https:\/\/goias.gov.br\/saude\/wp-json\/wp\/v2\/types\/page"}],"author":[{"embeddable":true,"href":"https:\/\/goias.gov.br\/saude\/wp-json\/wp\/v2\/users\/164"}],"replies":[{"embeddable":true,"href":"https:\/\/goias.gov.br\/saude\/wp-json\/wp\/v2\/comments?post=459962"}],"version-history":[{"count":3,"href":"https:\/\/goias.gov.br\/saude\/wp-json\/wp\/v2\/pages\/459962\/revisions"}],"predecessor-version":[{"id":623311,"href":"https:\/\/goias.gov.br\/saude\/wp-json\/wp\/v2\/pages\/459962\/revisions\/623311"}],"wp:attachment":[{"href":"https:\/\/goias.gov.br\/saude\/wp-json\/wp\/v2\/media?parent=459962"}],"curies":[{"name":"wp","href":"https:\/\/api.w.org\/{rel}","templated":true}]}}