

{"id":45816,"date":"2024-04-09T15:47:38","date_gmt":"2024-04-09T18:47:38","guid":{"rendered":"https:\/\/goias.gov.br\/saude\/?page_id=45816"},"modified":"2025-12-02T10:46:37","modified_gmt":"2025-12-02T13:46:37","slug":"i-mostra-de-saude-digital","status":"publish","type":"page","link":"https:\/\/goias.gov.br\/saude\/i-mostra-de-saude-digital\/","title":{"rendered":"I Mostra de Sa\u00fade Digital"},"content":{"rendered":"\t\t<div data-elementor-type=\"wp-page\" data-elementor-id=\"45816\" class=\"elementor elementor-45816\">\n\t\t\t\t<div class=\"elementor-element elementor-element-9a281e9 e-flex e-con-boxed e-con e-parent\" data-id=\"9a281e9\" data-element_type=\"container\" data-e-type=\"container\">\n\t\t\t\t\t<div class=\"e-con-inner\">\n\t\t\t\t<div class=\"elementor-element elementor-element-7993eb2 elementor-widget elementor-widget-image\" data-id=\"7993eb2\" data-element_type=\"widget\" data-e-type=\"widget\" data-widget_type=\"image.default\">\n\t\t\t\t\t\t\t\t\t\t\t\t\t\t\t<img decoding=\"async\" src=\"https:\/\/goias.gov.br\/saude\/wp-content\/uploads\/sites\/34\/2024\/04\/banner-mostra-saude-digital.png\" title=\"\" alt=\"\" loading=\"lazy\" \/>\t\t\t\t\t\t\t\t\t\t\t\t\t\t\t<\/div>\n\t\t\t\t\t<\/div>\n\t\t\t\t<\/div>\n\t\t<div class=\"elementor-element elementor-element-07ae4c4 e-flex e-con-boxed e-con e-parent\" data-id=\"07ae4c4\" data-element_type=\"container\" data-e-type=\"container\">\n\t\t\t\t\t<div class=\"e-con-inner\">\n\t\t\t\t<div class=\"elementor-element elementor-element-a8d9dfe elementor-widget elementor-widget-html\" data-id=\"a8d9dfe\" data-element_type=\"widget\" data-e-type=\"widget\" data-widget_type=\"html.default\">\n\t\t\t\t\t<!DOCTYPE html>\r\n<html lang=\"pt-br\" dir=\"ltr\">\r\n<head>\r\n  <meta http-equiv=\"Content-Type\" content=\"text\/html; charset=UTF-8\" \/>\r\n  <style>\r\n    \/* Estilos para desktop *\/\r\n    .container {\r\n      padding: 20px;\r\n    }\r\n\r\n    .section {\r\n      margin-bottom: 40px;\r\n    }\r\n\r\n    .title {\r\n      text-align: center;\r\n      margin: 0 0 24px;\r\n      color: #0c326f;\r\n      font-weight: 600;\r\n      font-si\r\n\r\n\r\nze: 2.7rem;\r\n      line-height: 1.5;\r\n    }\r\n\r\n    .cards {\r\n      display: flex;\r\n      justify-content: space-evenly;\r\n      flex-wrap: wrap;\r\n      margin: 0;\r\n      padding: 0;\r\n      list-style: none;\r\n    }\r\n\r\n    .cards li {\r\n      background-color: #ededed;\r\n      box-shadow: 0 3px 6px 0 rgba(0, 0, 0, 0.16);\r\n      text-align: center;\r\n      flex-basis: 23%;\r\n      box-sizing: border-box;\r\n      min-height: 230px;\r\n      margin-bottom: 1.2em;\r\n      line-height: 1.5em;\r\n      display: list-item;\r\n    }\r\n\r\n    .cards li a {\r\n      display: flex;\r\n      justify-content: center;\r\n      align-items: center;\r\n      flex-direction: column;\r\n      width: 100%;\r\n      height: 100%;\r\n      color: #1351b4;\r\n      font-weight: 500;\r\n      text-decoration: none;\r\n    }\r\n\r\n    .cards li i,\r\n    .cards li span {\r\n      font-size: 50px;\r\n      margin-bottom: 30px;\r\n      color: #0c326f;\r\n      width: auto;\r\n      font-weight: 900;\r\n    }\r\n\r\n    .cards li .title {\r\n      font-size: 20px;\r\n      color: #0c326f;\r\n      font-weight: 600;\r\n      margin: 0;\r\n      text-transform: uppercase;\r\n    }\r\n\r\n    \/* Estilos para telas menores *\/\r\n    @media screen and (max-width: 768px) {\r\n      .cards {\r\n        gap: 20px; \/* Espa\u00e7amento entre os cards *\/\r\n        margin-top: 20px; margin-bottom: 20px;\/* Margem superior para os cards *\/\r\n      }\r\n      .cards li {\r\n        flex-basis: calc(50% - 20px); \/* Tamanho dos cards com espa\u00e7amento *\/\r\n      }\r\n    }\r\n\r\n    @media screen and (max-width: 480px) {\r\n      .cards {\r\n        gap: 15px; \/* Espa\u00e7amento menor entre os cards *\/\r\n        margin-top: 15px; margin-bottom: 20px; \/* Margem superior menor para os cards *\/\r\n      }\r\n      .cards li {\r\n        flex-basis: calc(100% - 30px); \/* Tamanho dos cards com espa\u00e7amento menor *\/\r\n      }\r\n    }\r\n  <\/style>\r\n\t<div class=\"container\">\r\n        <div class=\"gabinete dengue\">\r\n            \r\n            <div class=\"title-header\">\r\n               \r\n            <\/div>\r\n            <ul class=\"cards\">\r\n\r\n      <li>\r\n                    <a href=\"https:\/\/goias.gov.br\/saude\/wp-content\/uploads\/sites\/34\/2024\/04\/programacao-talk-show.pdf\" target=\"_blank\">\r\n                        <span class=\"fa-solid fa-clipboard-list\"><\/span>\r\n                        <div class=\"title\">programa\u00e7\u00e3o Talk Show<\/div>\r\n                    <\/a>\r\n                <\/li>\r\n\r\n<li>\r\n                    <a href=\"https:\/\/11cbtms.com.br\/evento\/cbtt2024\/programacao\/gradeatividades\/todas\" target=\"_blank\">\r\n                        <span class=\"fa-solid fa-rectangle-list\"><\/span>\r\n                        <div class=\"title\">programa\u00e7\u00e3o do congresso <\/div>\r\n                    <\/a>\r\n                <\/li>\r\n    \r\n                \r\n          \r\n             \r\n\r\n<li>\r\n                    <a href=\"https:\/\/11cbtms.com.br\/site\/cbtt2024\/informacao-de-inscricao\" target=\"_blank\">\r\n                        <span class=\"fa-regular fa-keyboard\"><\/span>\r\n                        <div class=\"title\">inscri\u00e7\u00f5es do congresso<\/div>\r\n                    <\/a>\r\n                <\/li>\r\n\r\n<li>\r\n                    <a href=\"https:\/\/maps.app.goo.gl\/6Mbk18PwfA9EHfyYA\" target=\"_blank\">\r\n                        <span class=\"fa-solid fa-map-location-dot\"><\/span>\r\n                        <div class=\"title\">localiza\u00e7\u00e3o<\/div>\r\n                    <\/a>\r\n                <\/li>\r\n\r\n <li>\r\n                    <a href=\"https:\/\/goias.gov.br\/saude\/cesio-137-goiania\/\" target=\"_blank\">\r\n                        <span class=\"fa-solid fa-circle-radiation\"><\/span>\r\n                        <div class=\"title\">c\u00e9sio 137<\/div>\r\n                    <\/a>\r\n                <\/li>\r\n            \r\n <li>\r\n                    <a href=\"https:\/\/inovacao.saude.go.gov.br\/\" target=\"_blank\">\r\n                        <span class=\"fa-solid fa-lightbulb\"><\/span>\r\n                        <div class=\"title\">portal inova\u00e7\u00e3o da SES<\/div>\r\n                    <\/a>\r\n                <\/li>\r\n\r\n\r\n<li>\r\n                    <a href=\"https:\/\/www.youtube.com\/playlist?list=PLF0ohvsukF0VU8Ej3ZE6zk-aQewSIlZhX\" target=\"_blank\">\r\n                        <span class=\"fa-brands fa-youtube\"><\/span>\r\n                        <div class=\"title\">youtube c\u00e9sio 137<\/div>\r\n                    <\/a>\r\n                <\/li>\r\n\r\n<li>\r\n                    <a href=\"https:\/\/goias.gov.br\/saude\/sala-de-imprensa\/\" target=\"_blank\">\r\n                        <span class=\"fa-solid fa-address-card\"><\/span>\r\n                        <div class=\"title\">sala de imprensa ses<\/div>\r\n                    <\/a>\r\n                <\/li>\r\n\r\n\r\n\r\n\r\n\r\n            <\/ul>\r\n        <\/div>\r\n\t<\/div>\r\n\t\t\t\t<\/div>\n\t\t\t\t\t<\/div>\n\t\t\t\t<\/div>\n\t\t<div class=\"elementor-element elementor-element-fcb6192 e-flex e-con-boxed e-con e-parent\" data-id=\"fcb6192\" data-element_type=\"container\" data-e-type=\"container\">\n\t\t\t\t\t<div class=\"e-con-inner\">\n\t\t\t\t<div class=\"elementor-element elementor-element-8e09856 elementor-widget elementor-widget-text-editor\" data-id=\"8e09856\" data-element_type=\"widget\" data-e-type=\"widget\" data-widget_type=\"text-editor.default\">\n\t\t\t\t\t\t\t\t\t<p style=\"text-align: center;\"><strong>Mostra de Sa\u00fade Digital: Governo de Goi\u00e1s apresenta tecnologias que ampliam acesso da popula\u00e7\u00e3o a servi\u00e7os de sa\u00fade<\/strong><\/p><p style=\"text-align: center;\"><em>I Mostra de Sa\u00fade Digital disponibilizar\u00e1 sala interativa, palestras, hackathon e uma exposi\u00e7\u00e3o sobre o C\u00e9sio 137. A mostra ocorre durante o XI Congresso Brasileiro de Telemedicina e Telessa\u00fade, no Centro de Conven\u00e7\u00f5es<\/em><\/p><p style=\"text-align: justify;\">O Governo de Goi\u00e1s, por meio da Secretaria de Estado da Sa\u00fade de Goi\u00e1s (SES-GO), realizar\u00e1 a I Mostra de Sa\u00fade Digital, durante o XI Congresso Brasileiro de Telemedicina e Telessa\u00fade, no Centro de Conven\u00e7\u00f5es de Goi\u00e2nia, de 11 a 14 de abril, com programa\u00e7\u00e3o que inclui sala interativa, palestras, hackathon e uma exposi\u00e7\u00e3o, em um ambiente imersivo e sensorial sobre o C\u00e9sio 137.<\/p><p style=\"text-align: justify;\">A SES disponibiliza mais de 60 produtos de Business Intelligence (BI) e Data Science, entre eles: Boletim do Paciente no Expresso Goi\u00e1s; Arbo; Imuniza Goi\u00e1s; Farm\u00e1cia Digital Cemac Juarez Barbosa; Regnet; Transpar\u00eancia da Regula\u00e7\u00e3o; Caren; Sigus; SaudeGO 360\u00ba e Interpretador de Gr\u00e1fico.<\/p><p style=\"text-align: justify;\">\u201cO Governo de Goi\u00e1s desenvolveu uma s\u00e9rie de ferramentas tecnol\u00f3gicas na \u00e1rea da sa\u00fade que facilitam o acesso da popula\u00e7\u00e3o a servi\u00e7os, como medicamentos, boletins m\u00e9dicos e vacinas, garantindo rapidez nas a\u00e7\u00f5es, economia e controle de recursos aplicados. Muito oportuno apresentar ao p\u00fablico essas iniciativas, dentro do Congresso Brasileiro de Telemedicina e Telessa\u00fade. Essas s\u00e3o ferramentas fundamentais para a sustenta\u00e7\u00e3o do SUS\u201d, explica o secret\u00e1rio de Estado da Sa\u00fade de Goi\u00e1s, Ras\u00edvel Santos.<\/p><p style=\"text-align: justify;\">O secret\u00e1rio, abre a exposi\u00e7\u00e3o imersiva sobre o acidente do C\u00e9sio 137, na quinta-feira, 11, com o lan\u00e7amento \u00e0s 11h30, da vers\u00e3o bil\u00edngue portugu\u00eas-ingl\u00eas da fotorreportagem \u201cA hist\u00f3ria do acidente radioativo em Goi\u00e2nia \u2013 37 anos\u201d, em edi\u00e7\u00e3o atualizada e com a inser\u00e7\u00e3o de depoimentos de fot\u00f3grafos que atuaram na cobertura do acidente.<\/p><p style=\"text-align: justify;\"><strong>Programa\u00e7\u00e3o<\/strong><br \/>J\u00e1 a I Mostra de Sa\u00fade Digital ser\u00e1 aberta na sexta, 12\/04 \u00e0s 9h e al\u00e9m de palestras com profissionais que s\u00e3o refer\u00eancia nacional e internacional, o evento ter\u00e1 um \u201chackathon\u201d, competi\u00e7\u00e3o promovida pela Hub Goi\u00e1s, que reunir\u00e1 10 grupos, cada um com seis multiprofissionais, que enfrentar\u00e3o o desafio de desenvolver a melhor solu\u00e7\u00e3o para uma quest\u00e3o da sa\u00fade. Os participantes foram selecionados em universidades e somente conhecer\u00e3o o desafio durante o evento.<\/p><p style=\"text-align: justify;\">Em uma sala interativa, haver\u00e1 \u201ctotens\u201d dispon\u00edveis para os inscritos no Congresso consultarem o site \u201c<a href=\"https:\/\/inovacao.saude.go.gov.br\/\" target=\"_blank\" rel=\"noopener\"><strong>Inova\u00e7\u00e3o Sa\u00fade<\/strong><\/a>\u201d, desenvolvido pela Superintend\u00eancia de Tecnologia, Inova\u00e7\u00e3o e Sa\u00fade Digital da SES. Tamb\u00e9m haver\u00e1 uma sala de talk show, em que diversos profissionais apresentar\u00e3o temas referentes \u00e0 sa\u00fade digital. Especialistas como Tadeu Barros do Centro de Lideran\u00e7a P\u00fablica e o m\u00e9dico Jos\u00e9 Muniz Pazelli s\u00e3o destaques, assim como Tanel Tera, convidado internacional, que traz a experi\u00eancia da sa\u00fade digital na Est\u00f4nia.<\/p><p style=\"text-align: justify;\"><strong>Exposi\u00e7\u00e3o C\u00e9sio 137<\/strong><br \/>Embora o evento como um todo, seja voltado para os congressistas, a exposi\u00e7\u00e3o C\u00e9sio 137 ser\u00e1 aberta ao p\u00fablico, das 8 horas \u00e0s 19 horas, do dia 11 ao dia 14 de abril, e permitir\u00e1 aos visitantes uma experi\u00eancia imersiva e sensorial sobre o acidente radiol\u00f3gico que ocorreu em Goi\u00e2nia h\u00e1 quase 37 anos. Em uma sala de 15 metros por 15 metros, com telas de led nas quatro paredes, ser\u00e3o projetados v\u00eddeos que apresentam a hist\u00f3ria do acidente.<\/p><p style=\"text-align: justify;\">Por meio das imagens, sons, aroma e tato, os participantes poder\u00e3o conhecer mais sobre o maior acidente radiol\u00f3gico registrado no mundo. A sala comporta 50 pessoas por vez, e cada visita demora em m\u00e9dia vinte minutos. Estudantes, pesquisadores e comunidade em geral podem participar.<\/p>\t\t\t\t\t\t\t\t<\/div>\n\t\t\t\t\t<\/div>\n\t\t\t\t<\/div>\n\t\t\t\t<\/div>\n\t\t","protected":false},"excerpt":{"rendered":"<p>programa\u00e7\u00e3o Talk Show programa\u00e7\u00e3o do congresso inscri\u00e7\u00f5es do congresso localiza\u00e7\u00e3o c\u00e9sio 137 portal inova\u00e7\u00e3o da SES youtube c\u00e9sio 137 sala de imprensa ses Mostra de Sa\u00fade Digital: Governo de Goi\u00e1s apresenta tecnologias que ampliam acesso da popula\u00e7\u00e3o a servi\u00e7os de sa\u00fade I Mostra de Sa\u00fade Digital disponibilizar\u00e1 sala interativa, palestras, hackathon e uma exposi\u00e7\u00e3o sobre [&hellip;]<\/p>\n","protected":false},"author":164,"featured_media":0,"parent":0,"menu_order":0,"comment_status":"closed","ping_status":"closed","template":"","meta":{"footnotes":""},"class_list":["post-45816","page","type-page","status-publish","hentry"],"rttpg_featured_image_url":null,"rttpg_author":{"display_name":"isabelamelo","author_link":"https:\/\/goias.gov.br\/saude\/author\/isabelamelo\/"},"rttpg_comment":0,"rttpg_category":null,"rttpg_excerpt":"programa\u00e7\u00e3o Talk Show programa\u00e7\u00e3o do congresso inscri\u00e7\u00f5es do congresso localiza\u00e7\u00e3o c\u00e9sio 137 portal inova\u00e7\u00e3o da SES youtube c\u00e9sio 137 sala de imprensa ses Mostra de Sa\u00fade Digital: Governo de Goi\u00e1s apresenta tecnologias que ampliam acesso da popula\u00e7\u00e3o a servi\u00e7os de sa\u00fade I Mostra de Sa\u00fade Digital disponibilizar\u00e1 sala interativa, palestras, hackathon e uma exposi\u00e7\u00e3o sobre&hellip;","_links":{"self":[{"href":"https:\/\/goias.gov.br\/saude\/wp-json\/wp\/v2\/pages\/45816","targetHints":{"allow":["GET"]}}],"collection":[{"href":"https:\/\/goias.gov.br\/saude\/wp-json\/wp\/v2\/pages"}],"about":[{"href":"https:\/\/goias.gov.br\/saude\/wp-json\/wp\/v2\/types\/page"}],"author":[{"embeddable":true,"href":"https:\/\/goias.gov.br\/saude\/wp-json\/wp\/v2\/users\/164"}],"replies":[{"embeddable":true,"href":"https:\/\/goias.gov.br\/saude\/wp-json\/wp\/v2\/comments?post=45816"}],"version-history":[{"count":3,"href":"https:\/\/goias.gov.br\/saude\/wp-json\/wp\/v2\/pages\/45816\/revisions"}],"predecessor-version":[{"id":622538,"href":"https:\/\/goias.gov.br\/saude\/wp-json\/wp\/v2\/pages\/45816\/revisions\/622538"}],"wp:attachment":[{"href":"https:\/\/goias.gov.br\/saude\/wp-json\/wp\/v2\/media?parent=45816"}],"curies":[{"name":"wp","href":"https:\/\/api.w.org\/{rel}","templated":true}]}}