

{"id":434101,"date":"2025-07-08T15:20:05","date_gmt":"2025-07-08T18:20:05","guid":{"rendered":"https:\/\/goias.gov.br\/saude\/?page_id=434101"},"modified":"2026-01-22T13:42:17","modified_gmt":"2026-01-22T16:42:17","slug":"rede-nascer","status":"publish","type":"page","link":"https:\/\/goias.gov.br\/saude\/rede-nascer\/","title":{"rendered":"Rede Nascer"},"content":{"rendered":"\t\t<div data-elementor-type=\"wp-page\" data-elementor-id=\"434101\" class=\"elementor elementor-434101\">\n\t\t\t\t<div class=\"elementor-element elementor-element-e4b5343 e-con-full e-flex e-con e-parent\" data-id=\"e4b5343\" data-element_type=\"container\" data-e-type=\"container\" data-settings=\"{&quot;background_background&quot;:&quot;classic&quot;}\">\n\t\t\t\t<\/div>\n\t\t<div class=\"elementor-element elementor-element-a80741a e-flex e-con-boxed e-con e-parent\" data-id=\"a80741a\" data-element_type=\"container\" data-e-type=\"container\" data-settings=\"{&quot;background_background&quot;:&quot;classic&quot;}\">\n\t\t\t\t\t<div class=\"e-con-inner\">\n\t\t\t\t\t<\/div>\n\t\t\t\t<\/div>\n\t\t<div class=\"elementor-element elementor-element-ad2a94e e-flex e-con-boxed e-con e-parent\" data-id=\"ad2a94e\" data-element_type=\"container\" data-e-type=\"container\">\n\t\t\t\t\t<div class=\"e-con-inner\">\n\t\t\t\t<div class=\"elementor-element elementor-element-8a6fe8a elementor-widget elementor-widget-text-editor\" data-id=\"8a6fe8a\" data-element_type=\"widget\" data-e-type=\"widget\" data-widget_type=\"text-editor.default\">\n\t\t\t\t\t\t\t\t\t<h1 style=\"text-align: center;\"><strong><span style=\"color: #4f874e;\">Rede Nascer em Goi\u00e1s: a vida merece esse cuidado<br \/><\/span><\/strong><\/h1><p style=\"text-align: justify;\">A Rede Nascer em Goi\u00e1s \u00e9 uma iniciativa do Governo de Goi\u00e1s que tem como foco melhorar o cuidado com gestantes e crian\u00e7as. \u00c9 um projeto que fortalece a aten\u00e7\u00e3o \u00e0 sa\u00fade materno-infantil, garantindo um atendimento completo e de qualidade. O principal objetivo da Rede \u00e9 oferecer um sistema de sa\u00fade eficiente, f\u00e1cil de acessar e mais humano. Esse cuidado come\u00e7a ainda na gesta\u00e7\u00e3o e continua at\u00e9 os 2 primeiros anos de vida da crian\u00e7a, com apoio para toda a fam\u00edlia.<\/p><p style=\"text-align: justify;\">A Rede tamb\u00e9m busca reduzir a morte de m\u00e3es e crian\u00e7as, por meio de a\u00e7\u00f5es que previnem problemas e ajudam a identificar riscos com anteced\u00eancia. Esse \u00e9 um dos grandes desafios da sa\u00fade p\u00fablica no Brasil, e a Rede Nascer trabalha para mudar essa realidade em Goi\u00e1s.<\/p><p style=\"text-align: justify;\">Cuidar de gestantes e crian\u00e7as mostra que a sociedade valoriza o respeito, a solidariedade e o apoio entre as pessoas. Esse cuidado \u00e9 essencial, pois ajuda a garantir o bem-estar das pr\u00f3ximas gera\u00e7\u00f5es e fortalece toda a comunidade.<\/p><p style=\"text-align: justify;\">Mais do que uma obriga\u00e7\u00e3o na \u00e1rea da sa\u00fade, cuidar de m\u00e3es e crian\u00e7as \u00e9 um valor social. \u00c9 um sinal de desenvolvimento humano e de compromisso com o futuro. \u00c9 uma atitude \u00e9tica e tamb\u00e9m um investimento importante para termos uma sociedade mais justa, saud\u00e1vel e com mais oportunidades para todos. Por que a vida merece esse cuidado. Um encontro no cora\u00e7\u00e3o do Brasil, onde a sa\u00fade \u00e9 cuidada com afeto, saber ci\u00eancia e integra\u00e7\u00e3o.<\/p>\t\t\t\t\t\t\t\t<\/div>\n\t\t\t\t\t<\/div>\n\t\t\t\t<\/div>\n\t\t<div class=\"elementor-element elementor-element-626b0bd e-flex e-con-boxed e-con e-parent\" data-id=\"626b0bd\" data-element_type=\"container\" data-e-type=\"container\" data-settings=\"{&quot;background_background&quot;:&quot;classic&quot;}\">\n\t\t\t\t\t<div class=\"e-con-inner\">\n\t\t\t\t\t<\/div>\n\t\t\t\t<\/div>\n\t\t<div class=\"elementor-element elementor-element-6bc77f7 e-flex e-con-boxed e-con e-parent\" data-id=\"6bc77f7\" data-element_type=\"container\" data-e-type=\"container\">\n\t\t\t\t\t<div class=\"e-con-inner\">\n\t\t\t\t<div class=\"elementor-element elementor-element-5a70cf0 elementor-widget elementor-widget-html\" data-id=\"5a70cf0\" data-element_type=\"widget\" data-e-type=\"widget\" data-widget_type=\"html.default\">\n\t\t\t\t\t<!DOCTYPE html>\r\n<html lang=\"pt-br\" dir=\"ltr\">\r\n<head>\r\n  <meta http-equiv=\"Content-Type\" content=\"text\/html; charset=UTF-8\" \/>\r\n  <style>\r\n    \/* Estilos para desktop *\/\r\n    .container {\r\n      padding: 20px;\r\n    }\r\n\r\n    .section {\r\n      margin-bottom: 40px;\r\n    }\r\n\r\n    .title {\r\n      text-align: center;\r\n      margin: 0 0 24px;\r\n      color: #0c326f;\r\n      font-weight: 600;\r\n      font-size: 2.7rem;\r\n      line-height: 1.5;\r\n    }\r\n\r\n    .cards {\r\n      display: flex;\r\n      justify-content: space-evenly;\r\n      flex-wrap: wrap;\r\n      margin: 0;\r\n      padding: 0;\r\n      list-style: none;\r\n    }\r\n\r\n    .cards li {\r\n      background-color: #ffffff;\r\n      box-shadow: 0 3px 6px 0 rgba(0, 0, 0, 0.16);\r\n      text-align: center;\r\n      flex-basis: 23%;\r\n      box-sizing: border-box;\r\n      min-height: 230px;\r\n      margin-bottom: 1.2em;\r\n      line-height: 1.5em;\r\n      display: list-item;\r\n    }\r\n\r\n    .cards li a {\r\n      display: flex;\r\n      justify-content: center;\r\n      align-items: center;\r\n      flex-direction: column;\r\n      width: 100%;\r\n      height: 100%;\r\n      color: #1351b4;\r\n      font-weight: 500;\r\n      text-decoration: none;\r\n    }\r\n\r\n    .cards li i,\r\n    .cards li span {\r\n      font-size: 50px;\r\n      margin-bottom: 30px;\r\n      color: #4f874e;\r\n      width: auto;\r\n      font-weight: 900;\r\n    }\r\n\r\n    .cards li .title {\r\n      font-size: 20px;\r\n      color: #4f874e;\r\n      font-weight: 600;\r\n      margin: 0;\r\n      text-transform: uppercase;\r\n    }\r\n\r\n    \/* Estilos para telas menores *\/\r\n    @media screen and (max-width: 768px) {\r\n      .cards {\r\n        gap: 20px; \/* Espa\u00e7amento entre os cards *\/\r\n        margin-top: 20px; margin-bottom: 20px;\/* Margem superior para os cards *\/\r\n      }\r\n      .cards li {\r\n        flex-basis: calc(50% - 20px); \/* Tamanho dos cards com espa\u00e7amento *\/\r\n      }\r\n    }\r\n\r\n    @media screen and (max-width: 480px) {\r\n      .cards {\r\n        gap: 15px; \/* Espa\u00e7amento menor entre os cards *\/\r\n        margin-top: 15px; margin-bottom: 20px; \/* Margem superior menor para os cards *\/\r\n      }\r\n      .cards li {\r\n        flex-basis: calc(100% - 30px); \/* Tamanho dos cards com espa\u00e7amento menor *\/\r\n      }\r\n    }\r\n  <\/style>\r\n\t<div class=\"container\">\r\n        <div class=\"gabinete dengue\">\r\n            \r\n            <div class=\"title-header\">\r\n               \r\n            <\/div>\r\n            <ul class=\"cards\">\r\n                \r\n\r\n<li>\r\n                    <a href=\"https:\/\/goias.gov.br\/saude\/estou-gestante-rede-nascer\/\" target=\"_blank\">\r\n                        <span class=\"fa-solid fa-person-pregnant\"><\/span>\r\n                        <div class=\"title\">estou gestante<\/div>\r\n                    <\/a>\r\n                <\/li>\r\n\r\n<li>\r\n                    <a href=\"https:\/\/goias.gov.br\/saude\/sou-mae-rede-nascer\/\" target=\"_blank\">\r\n                        <span class=\"fa-solid fa-person-breastfeeding\"><\/span>\r\n                        <div class=\"title\">sou m\u00e3e<\/div>\r\n                    <\/a>\r\n                <\/li>\r\n<li>\r\n                    <a href=\"https:\/\/goias.gov.br\/saude\/sou-profissional-de-saude-rede-nascer\/\" target=\"_blank\">\r\n                        <span class=\"fa-solid fa-briefcase-medical\"><\/span>\r\n                        <div class=\"title\">sou profissional de sa\u00fade<\/div>\r\n                    <\/a>\r\n                <\/li>\r\n\r\n<li>\r\n                    <a href=\"https:\/\/goias.gov.br\/saude\/sobre-a-rede-nascer\/\" target=\"_blank\">\r\n                        <span class=\"fa-solid fa-notes-medical\"><\/span>\r\n                        <div class=\"title\">sobre a rede nascer<\/div>\r\n                    <\/a>\r\n                <\/li>\r\n\r\n\r\n<li>\r\n                    <a href=\"https:\/\/goias.gov.br\/saude\" target=\"_blank\">\r\n                        <span class=\"fa-solid fa-file-signature\"><\/span>\r\n                        <div class=\"title\">Cadastro na Rede Nascer em Goi\u00e1s<\/div>\r\n                    <\/a>\r\n                <\/li>\r\n\r\n\r\n<li>\r\n                    <a href=\"https:\/\/goias.gov.br\/saude\/servicos-oferecidos-rede-nascer\/\" target=\"_blank\">\r\n                        <span class=\"fa-solid fa-hand-holding-medical\"><\/span>\r\n                        <div class=\"title\">servi\u00e7os oferecidos<\/div>\r\n                    <\/a>\r\n                <\/li>\r\n\r\n<li>\r\n                    <a href=\"https:\/\/goias.gov.br\/saude\" target=\"_blank\">\r\n                        <span class=\"fa-solid fa-solid fa-mobile-screen-button\"><\/span>\r\n                        <div class=\"title\">aplicativo e monitoramento <\/div>\r\n                    <\/a>\r\n                <\/li>\r\n\r\n  <li>\r\n                    <a href=\"https:\/\/goias.gov.br\/saude\" target=\"_blank\">\r\n                        <span class=\"fa-solid fa-phone-volume\"><\/span>\r\n                        <div class=\"title\">fale conosco<\/div>\r\n                    <\/a>\r\n                <\/li>\r\n                <li>\r\n                    <a href=\"https:\/\/goias.gov.br\/saude\/identidade-visual-rede-nascer\/\" target=\"_blank\">\r\n                        <span class=\"fa-solid fa-file-image\"><\/span>\r\n                        <div class=\"title\">identidade visual<\/div>\r\n                    <\/a>\r\n                <\/li>\r\n                        \r\n\r\n \r\n\r\n\r\n            <\/ul>\r\n        <\/div>\r\n\t<\/div>\r\n\t\t\t\t<\/div>\n\t\t\t\t\t<\/div>\n\t\t\t\t<\/div>\n\t\t<div class=\"elementor-element elementor-element-dbc5995 e-flex e-con-boxed e-con e-parent\" data-id=\"dbc5995\" data-element_type=\"container\" data-e-type=\"container\" data-settings=\"{&quot;background_background&quot;:&quot;classic&quot;}\">\n\t\t\t\t\t<div class=\"e-con-inner\">\n\t\t\t\t\t<\/div>\n\t\t\t\t<\/div>\n\t\t<div class=\"elementor-element elementor-element-33a2019 e-flex e-con-boxed e-con e-parent\" data-id=\"33a2019\" data-element_type=\"container\" data-e-type=\"container\">\n\t\t\t\t\t<div class=\"e-con-inner\">\n\t\t\t\t<div class=\"elementor-element elementor-element-a626a56 elementor-widget elementor-widget-text-editor\" data-id=\"a626a56\" data-element_type=\"widget\" data-e-type=\"widget\" data-widget_type=\"text-editor.default\">\n\t\t\t\t\t\t\t\t\t<h1 style=\"text-align: center;\"><strong><span style=\"color: #4f874e;\">Na M\u00eddia<\/span><\/strong><\/h1>\t\t\t\t\t\t\t\t<\/div>\n\t\t\t\t\t<\/div>\n\t\t\t\t<\/div>\n\t\t<div class=\"elementor-element elementor-element-fca0ef2 e-flex e-con-boxed e-con e-parent\" data-id=\"fca0ef2\" data-element_type=\"container\" data-e-type=\"container\">\n\t\t\t\t\t<div class=\"e-con-inner\">\n\t\t<div class=\"elementor-element elementor-element-1337684 e-con-full e-flex e-con e-child\" data-id=\"1337684\" data-element_type=\"container\" data-e-type=\"container\">\n\t\t\t\t<div class=\"elementor-element elementor-element-a9be148 elementor-widget elementor-widget-image\" data-id=\"a9be148\" data-element_type=\"widget\" data-e-type=\"widget\" data-widget_type=\"image.default\">\n\t\t\t\t\t\t\t\t\t\t\t\t\t\t\t\t<a href=\"https:\/\/digital.dm.com.br\/#!\/view?e=20250811&#038;p=15\" target=\"_blank\">\n\t\t\t\t\t\t\t<img decoding=\"async\" src=\"https:\/\/goias.gov.br\/saude\/wp-content\/uploads\/sites\/34\/2025\/10\/card-01-rede.png\" title=\"\" alt=\"\" loading=\"lazy\" \/>\t\t\t\t\t\t\t\t<\/a>\n\t\t\t\t\t\t\t\t\t\t\t\t\t\t\t<\/div>\n\t\t\t\t<\/div>\n\t\t<div class=\"elementor-element elementor-element-5f6747c e-con-full e-flex e-con e-child\" data-id=\"5f6747c\" data-element_type=\"container\" data-e-type=\"container\">\n\t\t\t\t<div class=\"elementor-element elementor-element-2b1a4db elementor-widget elementor-widget-image\" data-id=\"2b1a4db\" data-element_type=\"widget\" data-e-type=\"widget\" data-widget_type=\"image.default\">\n\t\t\t\t\t\t\t\t\t\t\t\t\t\t\t<img decoding=\"async\" src=\"https:\/\/goias.gov.br\/saude\/wp-content\/uploads\/sites\/34\/2025\/10\/noticia-rede-nascer.png\" title=\"\" alt=\"\" loading=\"lazy\" \/>\t\t\t\t\t\t\t\t\t\t\t\t\t\t\t<\/div>\n\t\t\t\t<\/div>\n\t\t\t\t\t<\/div>\n\t\t\t\t<\/div>\n\t\t<div class=\"elementor-element elementor-element-dd99a21 e-flex e-con-boxed e-con e-parent\" data-id=\"dd99a21\" data-element_type=\"container\" data-e-type=\"container\">\n\t\t\t\t\t<div class=\"e-con-inner\">\n\t\t<div class=\"elementor-element elementor-element-6154848 e-con-full e-flex e-con e-child\" data-id=\"6154848\" data-element_type=\"container\" data-e-type=\"container\">\n\t\t\t\t<div class=\"elementor-element elementor-element-f7a7209 elementor-widget elementor-widget-image\" data-id=\"f7a7209\" data-element_type=\"widget\" data-e-type=\"widget\" data-widget_type=\"image.default\">\n\t\t\t\t\t\t\t\t\t\t\t\t\t\t\t<img decoding=\"async\" src=\"https:\/\/goias.gov.br\/saude\/wp-content\/uploads\/sites\/34\/2025\/10\/noticia-rede-nascer.png\" title=\"\" alt=\"\" loading=\"lazy\" \/>\t\t\t\t\t\t\t\t\t\t\t\t\t\t\t<\/div>\n\t\t\t\t<\/div>\n\t\t<div class=\"elementor-element elementor-element-dd9d1a9 e-con-full e-flex e-con e-child\" data-id=\"dd9d1a9\" data-element_type=\"container\" data-e-type=\"container\">\n\t\t\t\t<div class=\"elementor-element elementor-element-84db6b5 elementor-widget elementor-widget-image\" data-id=\"84db6b5\" data-element_type=\"widget\" data-e-type=\"widget\" data-widget_type=\"image.default\">\n\t\t\t\t\t\t\t\t\t\t\t\t\t\t\t\t<a href=\"https:\/\/digital.dm.com.br\/#!\/view?e=20250806&#038;p=14\" target=\"_blank\">\n\t\t\t\t\t\t\t<img decoding=\"async\" src=\"https:\/\/goias.gov.br\/saude\/wp-content\/uploads\/sites\/34\/2025\/10\/card-02-rede.png\" title=\"\" alt=\"\" loading=\"lazy\" \/>\t\t\t\t\t\t\t\t<\/a>\n\t\t\t\t\t\t\t\t\t\t\t\t\t\t\t<\/div>\n\t\t\t\t<\/div>\n\t\t\t\t\t<\/div>\n\t\t\t\t<\/div>\n\t\t<div class=\"elementor-element elementor-element-ac3ddf3 e-flex e-con-boxed e-con e-parent\" data-id=\"ac3ddf3\" data-element_type=\"container\" data-e-type=\"container\">\n\t\t\t\t\t<div class=\"e-con-inner\">\n\t\t<div class=\"elementor-element elementor-element-8fd2e12 e-con-full e-flex e-con e-child\" data-id=\"8fd2e12\" data-element_type=\"container\" data-e-type=\"container\">\n\t\t\t\t<div class=\"elementor-element elementor-element-99715d7 elementor-widget elementor-widget-image\" data-id=\"99715d7\" data-element_type=\"widget\" data-e-type=\"widget\" data-widget_type=\"image.default\">\n\t\t\t\t\t\t\t\t\t\t\t\t\t\t\t\t<a href=\"https:\/\/digital.dm.com.br\/#!\/view?e=20250812&#038;p=15\" target=\"_blank\">\n\t\t\t\t\t\t\t<img decoding=\"async\" src=\"https:\/\/goias.gov.br\/saude\/wp-content\/uploads\/sites\/34\/2025\/10\/card-03-rede.png\" title=\"\" alt=\"\" loading=\"lazy\" \/>\t\t\t\t\t\t\t\t<\/a>\n\t\t\t\t\t\t\t\t\t\t\t\t\t\t\t<\/div>\n\t\t\t\t<\/div>\n\t\t<div class=\"elementor-element elementor-element-5cf0849 e-con-full e-flex e-con e-child\" data-id=\"5cf0849\" data-element_type=\"container\" data-e-type=\"container\">\n\t\t\t\t<div class=\"elementor-element elementor-element-5b20673 elementor-widget elementor-widget-image\" data-id=\"5b20673\" data-element_type=\"widget\" data-e-type=\"widget\" data-widget_type=\"image.default\">\n\t\t\t\t\t\t\t\t\t\t\t\t\t\t\t<img decoding=\"async\" src=\"https:\/\/goias.gov.br\/saude\/wp-content\/uploads\/sites\/34\/2025\/10\/noticia3-rede-nascer.png\" title=\"\" alt=\"\" loading=\"lazy\" \/>\t\t\t\t\t\t\t\t\t\t\t\t\t\t\t<\/div>\n\t\t\t\t<\/div>\n\t\t\t\t\t<\/div>\n\t\t\t\t<\/div>\n\t\t<div class=\"elementor-element elementor-element-8688363 e-con-full e-flex e-con e-parent\" data-id=\"8688363\" data-element_type=\"container\" data-e-type=\"container\">\n\t\t<div class=\"elementor-element elementor-element-d72fa20 e-con-full e-flex e-con e-child\" data-id=\"d72fa20\" data-element_type=\"container\" data-e-type=\"container\">\n\t\t\t\t<div class=\"elementor-element elementor-element-24871ae elementor-widget elementor-widget-image\" data-id=\"24871ae\" data-element_type=\"widget\" data-e-type=\"widget\" data-widget_type=\"image.default\">\n\t\t\t\t\t\t\t\t\t\t\t\t\t\t\t<img decoding=\"async\" src=\"https:\/\/goias.gov.br\/saude\/wp-content\/uploads\/sites\/34\/2025\/10\/rede-nascer.jpg\" title=\"\" alt=\"\" loading=\"lazy\" \/>\t\t\t\t\t\t\t\t\t\t\t\t\t\t\t<\/div>\n\t\t\t\t<\/div>\n\t\t<div class=\"elementor-element elementor-element-d58d144 e-con-full e-flex e-con e-child\" data-id=\"d58d144\" data-element_type=\"container\" data-e-type=\"container\">\n\t\t\t\t<div class=\"elementor-element elementor-element-d7b5224 elementor-widget elementor-widget-text-editor\" data-id=\"d7b5224\" data-element_type=\"widget\" data-e-type=\"widget\" data-widget_type=\"text-editor.default\">\n\t\t\t\t\t\t\t\t\t<h1 style=\"text-align: center;\"><strong><span style=\"color: #4f874e;\">Not\u00edcias da Sa\u00fade<\/span><\/strong><\/h1><ul><li><p style=\"text-align: left;\"><a href=\"https:\/\/agenciacoradenoticias.go.gov.br\/145003-goias-fortalece-rede-nascer-para-reduzir-mortalidade-materno-infantil\" target=\"_blank\" rel=\"noopener\">Goi\u00e1s firma parcerias para fortalecer Rede Nascer<\/a> &#8211; Ag\u00eancia Cora<\/p><\/li><li><p style=\"text-align: left;\"><a href=\"https:\/\/agenciacoradenoticias.go.gov.br\/148294-saude-desenvolve-acoes-para-assistencia-integral-as-mulheres\" target=\"_blank\" rel=\"noopener\">Sa\u00fade desenvolve a\u00e7\u00f5es para assist\u00eancia integral \u00e0s mulheres<\/a> &#8211; Ag\u00eancia Cora<\/p><\/li><li><p style=\"text-align: left;\"><a href=\"https:\/\/agenciacoradenoticias.go.gov.br\/135273-governo-aprova-implantacao-da-rede-nascer-em-goias\" target=\"_blank\" rel=\"noopener\">Governo aprova implanta\u00e7\u00e3o da Rede Nascer em Goi\u00e1s<\/a> &#8211; Ag\u00eancia Cora<\/p><\/li><li><p style=\"text-align: left;\"><a href=\"https:\/\/agenciacoradenoticias.go.gov.br\/164262-goias-realiza-seminario-estadual-de-atencao-primaria-a-saude\" target=\"_blank\" rel=\"noopener\">Goi\u00e1s realiza Semin\u00e1rio Estadual de Aten\u00e7\u00e3o Prim\u00e1ria \u00e0 Sa\u00fade<\/a> &#8211; Ag\u00eancia Cora<\/p><\/li><li style=\"text-align: left;\"><a href=\"https:\/\/goias.gov.br\/saude\/fortalece-ses-debate-monitoramento-e-principais-desafios-da-rede-nascer\/\" target=\"_blank\" rel=\"noopener\">Fortalece SES debate monitoramento e principais desafios da Rede Nascer<\/a><\/li><li style=\"text-align: left;\"><a href=\"https:\/\/goias.gov.br\/saude\/goias-firma-parceria-para-fortalecer-a-rede-nascer-e-reduzir-mortalidade-materno-infantil\/\" target=\"_blank\" rel=\"noopener\">Goi\u00e1s firma parceria para fortalecer a Rede Nascer e reduzir mortalidade materno-infantil<\/a><\/li><li style=\"text-align: left;\"><a href=\"https:\/\/goias.gov.br\/saude\/rede-nascer-do-governo-de-goias-e-destaque-no-encontro-nacional-sobre-saude-da-crianca-adolescente-e-aleitamento-materno\/\" target=\"_blank\" rel=\"noopener\">Rede Nascer do Governo de Goi\u00e1s \u00e9 destaque no Encontro Nacional sobre Sa\u00fade da Crian\u00e7a, Adolescente e Aleitamento Materno<\/a><\/li><li style=\"text-align: left;\"><a href=\"https:\/\/goias.gov.br\/saude\/governo-de-goias-aprova-a-implantacao-da-rede-nascer-em-goias\/\" target=\"_blank\" rel=\"noopener\">Governo de Goi\u00e1s aprova a implanta\u00e7\u00e3o da Rede Nascer em Goi\u00e1s<\/a><\/li><li style=\"text-align: left;\"><a href=\"https:\/\/goias.gov.br\/saude\/saude-avanca-no-projeto-da-rede-nascer-em-todo-o-estado\/\" target=\"_blank\" rel=\"noopener\">Sa\u00fade avan\u00e7a no projeto da Rede Nascer em todo o Estado<\/a><\/li><li style=\"text-align: left;\"><a href=\"https:\/\/goias.gov.br\/saude\/rede-nascer-em-goias-visa-a-reducao-da-mortalidade-materno-infantil\/\" target=\"_blank\" rel=\"noopener\">Rede Nascer em Goi\u00e1s visa a redu\u00e7\u00e3o da Mortalidade Materno Infantil<\/a><\/li><li style=\"text-align: left;\"><a href=\"https:\/\/goias.gov.br\/saude\/projeto-rede-nascer-em-goias-propoe-reorganizacao-na-linha-de-cuidado-materno-infantil\/\" target=\"_blank\" rel=\"noopener\">Projeto Rede Nascer em Goi\u00e1s prop\u00f5e reorganiza\u00e7\u00e3o na linha de cuidado Materno Infantil<\/a><\/li><\/ul>\t\t\t\t\t\t\t\t<\/div>\n\t\t\t\t<\/div>\n\t\t<div class=\"elementor-element elementor-element-3b80587 e-con-full e-flex e-con e-child\" data-id=\"3b80587\" data-element_type=\"container\" data-e-type=\"container\">\n\t\t\t\t<div class=\"elementor-element elementor-element-b37736b elementor-widget elementor-widget-image\" data-id=\"b37736b\" data-element_type=\"widget\" data-e-type=\"widget\" data-widget_type=\"image.default\">\n\t\t\t\t\t\t\t\t\t\t\t\t\t\t\t<img decoding=\"async\" src=\"https:\/\/goias.gov.br\/saude\/wp-content\/uploads\/sites\/34\/2025\/10\/rede-nascer1-1.png\" title=\"\" alt=\"\" loading=\"lazy\" \/>\t\t\t\t\t\t\t\t\t\t\t\t\t\t\t<\/div>\n\t\t\t\t<\/div>\n\t\t\t\t<\/div>\n\t\t<div class=\"elementor-element elementor-element-0a58414 e-flex e-con-boxed e-con e-parent\" data-id=\"0a58414\" data-element_type=\"container\" data-e-type=\"container\">\n\t\t\t\t\t<div class=\"e-con-inner\">\n\t\t\t\t\t<\/div>\n\t\t\t\t<\/div>\n\t\t<div class=\"elementor-element elementor-element-2db3b6d e-con-full e-flex e-con e-parent\" data-id=\"2db3b6d\" data-element_type=\"container\" data-e-type=\"container\" data-settings=\"{&quot;background_background&quot;:&quot;classic&quot;}\">\n\t\t\t\t<\/div>\n\t\t\t\t<\/div>\n\t\t","protected":false},"excerpt":{"rendered":"<p>Rede Nascer em Goi\u00e1s: a vida merece esse cuidado A Rede Nascer em Goi\u00e1s \u00e9 uma iniciativa do Governo de Goi\u00e1s que tem como foco melhorar o cuidado com gestantes e crian\u00e7as. \u00c9 um projeto que fortalece a aten\u00e7\u00e3o \u00e0 sa\u00fade materno-infantil, garantindo um atendimento completo e de qualidade. O principal objetivo da Rede \u00e9 [&hellip;]<\/p>\n","protected":false},"author":164,"featured_media":0,"parent":0,"menu_order":0,"comment_status":"closed","ping_status":"closed","template":"wppb_theme_template","meta":{"footnotes":""},"class_list":["post-434101","page","type-page","status-publish","hentry"],"rttpg_featured_image_url":null,"rttpg_author":{"display_name":"isabelamelo","author_link":"https:\/\/goias.gov.br\/saude\/author\/isabelamelo\/"},"rttpg_comment":0,"rttpg_category":null,"rttpg_excerpt":"Rede Nascer em Goi\u00e1s: a vida merece esse cuidado A Rede Nascer em Goi\u00e1s \u00e9 uma iniciativa do Governo de Goi\u00e1s que tem como foco melhorar o cuidado com gestantes e crian\u00e7as. \u00c9 um projeto que fortalece a aten\u00e7\u00e3o \u00e0 sa\u00fade materno-infantil, garantindo um atendimento completo e de qualidade. O principal objetivo da Rede \u00e9&hellip;","_links":{"self":[{"href":"https:\/\/goias.gov.br\/saude\/wp-json\/wp\/v2\/pages\/434101","targetHints":{"allow":["GET"]}}],"collection":[{"href":"https:\/\/goias.gov.br\/saude\/wp-json\/wp\/v2\/pages"}],"about":[{"href":"https:\/\/goias.gov.br\/saude\/wp-json\/wp\/v2\/types\/page"}],"author":[{"embeddable":true,"href":"https:\/\/goias.gov.br\/saude\/wp-json\/wp\/v2\/users\/164"}],"replies":[{"embeddable":true,"href":"https:\/\/goias.gov.br\/saude\/wp-json\/wp\/v2\/comments?post=434101"}],"version-history":[{"count":2,"href":"https:\/\/goias.gov.br\/saude\/wp-json\/wp\/v2\/pages\/434101\/revisions"}],"predecessor-version":[{"id":681796,"href":"https:\/\/goias.gov.br\/saude\/wp-json\/wp\/v2\/pages\/434101\/revisions\/681796"}],"wp:attachment":[{"href":"https:\/\/goias.gov.br\/saude\/wp-json\/wp\/v2\/media?parent=434101"}],"curies":[{"name":"wp","href":"https:\/\/api.w.org\/{rel}","templated":true}]}}