

{"id":43208,"date":"2024-02-22T16:10:39","date_gmt":"2024-02-22T19:10:39","guid":{"rendered":"https:\/\/goias.gov.br\/saude\/?page_id=43208"},"modified":"2025-12-03T10:28:32","modified_gmt":"2025-12-03T13:28:32","slug":"relacao-de-medicamentos-doencas-e-agravos","status":"publish","type":"page","link":"https:\/\/goias.gov.br\/saude\/cemac-juarez-barbosa\/relacao-de-medicamentos-doencas-e-agravos\/","title":{"rendered":"Solicitar Abertura de Processo e\/ou Inclus\u00e3o de Medicamento"},"content":{"rendered":"\t\t<div data-elementor-type=\"wp-page\" data-elementor-id=\"43208\" class=\"elementor elementor-43208\">\n\t\t\t\t<div class=\"elementor-element elementor-element-0f606aa e-flex e-con-boxed e-con e-parent\" data-id=\"0f606aa\" data-element_type=\"container\" data-e-type=\"container\">\n\t\t\t\t\t<div class=\"e-con-inner\">\n\t\t\t\t<div class=\"elementor-element elementor-element-4f8de2f elementor-widget elementor-widget-text-editor\" data-id=\"4f8de2f\" data-element_type=\"widget\" data-e-type=\"widget\" data-widget_type=\"text-editor.default\">\n\t\t\t\t\t\t\t\t\t<div style=\"padding: 10px; background-color: #ededed; border-radius: 4px;\"><h4 style=\"text-align: center; background-color: #00549a; color: #fff; margin: -10px -10px 0 -10px; border-top-right-radius: 4px; border-top-left-radius: 4px; padding: 10px 0;\">Verificando a disponibilidade do medicamento<\/h4><p>Inicialmente, voc\u00ea deve identificar com o(a) seu (sua) M\u00e9dico (a) qual o nome da doen\u00e7a\/agravo e o <strong>CID-10<\/strong> (classifica\u00e7\u00e3o da doen\u00e7a). Veja o exemplo: Doen\u00e7a\/Agravo: <strong>ASMA<\/strong> \/ CID-10: <strong>J45.0<\/strong><\/p><p>De posse destas informa\u00e7\u00f5es voc\u00ea poder\u00e1 consultar nas tabelas abaixo se o medicamento prescrito est\u00e1 dispon\u00edvel para a doen\u00e7a\/agravo que o seu M\u00e9dico (a) diagnosticou. Importante ressaltar que os medicamentos est\u00e3o com sua <strong>denomina\u00e7\u00e3o gen\u00e9rica<\/strong>, n\u00e3o contendo nome comercial.<\/p><\/div>\t\t\t\t\t\t\t\t<\/div>\n\t\t\t\t\t<\/div>\n\t\t\t\t<\/div>\n\t\t<div class=\"elementor-element elementor-element-04949fc e-flex e-con-boxed e-con e-parent\" data-id=\"04949fc\" data-element_type=\"container\" data-e-type=\"container\">\n\t\t\t\t\t<div class=\"e-con-inner\">\n\t\t\t\t<div class=\"elementor-element elementor-element-4e8b97c elementor-widget elementor-widget-html\" data-id=\"4e8b97c\" data-element_type=\"widget\" data-e-type=\"widget\" data-widget_type=\"html.default\">\n\t\t\t\t\t<!DOCTYPE html>\r\n<html lang=\"pt-br\" dir=\"ltr\">\r\n<head>\r\n  <meta http-equiv=\"Content-Type\" content=\"text\/html; charset=UTF-8\" \/>\r\n  <style>\r\n    \/* Estilos para desktop *\/\r\n    .container {\r\n      padding: 10px;\r\n    }\r\n\r\n    .section {\r\n      margin-bottom: 10px;\r\n    }\r\n\r\n    .title {\r\n      text-align: center;\r\n      margin: 0 0 24px;\r\n      color: #0c326f;\r\n      font-weight: 600;\r\n      font-size: 2.2rem;\r\n      line-height: 1.5;\r\n    }\r\n\r\n    .cards {\r\n      display: flex;\r\n      justify-content: space-evenly;\r\n      flex-wrap: wrap;\r\n      margin: 0;\r\n      padding: 0;\r\n      list-style: none;\r\n    }\r\n\r\n    .cards li {\r\n      background-color: #ededed;\r\n      box-shadow: 0 3px 6px 0 rgba(0, 0, 0, 0.16);\r\n      text-align: center;\r\n      flex-basis: 23%;\r\n      box-sizing: border-box;\r\n      min-height: 60px;\r\n      margin-bottom: 0.9em;\r\n      line-height: 1.2em;\r\n      display: list-item;\r\n    }\r\n\r\n    .cards li a {\r\n      display: flex;\r\n      justify-content: center;\r\n      align-items: center;\r\n      flex-direction: column;\r\n      width: 100%;\r\n      height: 100%;\r\n      color: #1351b4;\r\n      font-weight: 600;\r\n      text-decoration: none;\r\n    }\r\n\r\n    .cards li i,\r\n    .cards li span {\r\n      font-size: 10px;\r\n      margin-bottom: 30px;\r\n      color: #0c326f;\r\n      width: auto;\r\n      font-weight: 200;\r\n    }\r\n\r\n    .cards li .title {\r\n      font-size: 15px;\r\n      color: #0c326f;\r\n      font-weight: 500;\r\n      margin: 0;\r\n      text-transform: uppercase;\r\n    }\r\n\r\n    \/* Estilos para telas menores *\/\r\n    @media screen and (max-width: 768px) {\r\n      .cards {\r\n        gap: 20px; \/* Espa\u00e7amento entre os cards *\/\r\n        margin-top: 20px; \/* Margem superior para os cards *\/\r\n      }\r\n      .cards li {\r\n        flex-basis: calc(50% - 20px); \/* Tamanho dos cards com espa\u00e7amento *\/\r\n      }\r\n    }\r\n\r\n    @media screen and (max-width: 480px) {\r\n      .cards {\r\n        gap: 15px; \/* Espa\u00e7amento menor entre os cards *\/\r\n        margin-top: 15px; \/* Margem superior menor para os cards *\/\r\n      }\r\n      .cards li {\r\n        flex-basis: calc(100% - 30px); \/* Tamanho dos cards com espa\u00e7amento menor *\/\r\n      }\r\n    }\r\n  <\/style>\r\n<\/head>\r\n<body>\r\n  <div class=\"container\">\r\n    <div class=\"section\">\r\n      <div class=\"suvisa\">\r\n        \r\n        <ul class=\"cards\">\r\n          <li>\r\n                    <a href=\"https:\/\/goias.gov.br\/saude\/wp-content\/uploads\/sites\/34\/cemac\/tabelas\/medicamentosversusdoencas.pdf\" target=\"_blank\">\r\n\r\n                        <div class=\"title\">rela\u00e7\u00e3o de medicamentos<\/div>\r\n                    <\/a>\r\n                <\/li>\r\n                <li>\r\n                    <a href=\"https:\/\/goias.gov.br\/saude\/wp-content\/uploads\/sites\/34\/cemac\/tabelas\/doencasversusmedicamento.pdf\" target=\"_blank\">\r\n\r\n                        <div class=\"title\">rela\u00e7\u00e3o de doen\u00e7as e agravos<\/div>\r\n                    <\/a>\r\n                <\/li>\r\n\r\n<li>\r\n                    <a href=\"https:\/\/www.go.gov.br\/servicos\/servico-id\/238\" target=\"_blank\">\r\n\r\n                        <div class=\"title\">abertura de processo e\/ou inclus\u00e3o de medicamento<\/div>\r\n                    <\/a>\r\n                <\/li>\r\n               \r\n\r\n  \r\n        <\/ul>\r\n      <\/div>\r\n    <\/div>\r\n  <\/div>\r\n<\/body>\r\n<\/html>\r\n\t\t\t\t<\/div>\n\t\t\t\t\t<\/div>\n\t\t\t\t<\/div>\n\t\t\t\t<\/div>\n\t\t","protected":false},"excerpt":{"rendered":"<p>Verificando a disponibilidade do medicamento Inicialmente, voc\u00ea deve identificar com o(a) seu (sua) M\u00e9dico (a) qual o nome da doen\u00e7a\/agravo e o CID-10 (classifica\u00e7\u00e3o da doen\u00e7a). Veja o exemplo: Doen\u00e7a\/Agravo: ASMA \/ CID-10: J45.0 De posse destas informa\u00e7\u00f5es voc\u00ea poder\u00e1 consultar nas tabelas abaixo se o medicamento prescrito est\u00e1 dispon\u00edvel para a doen\u00e7a\/agravo que o [&hellip;]<\/p>\n","protected":false},"author":164,"featured_media":0,"parent":37408,"menu_order":0,"comment_status":"closed","ping_status":"closed","template":"","meta":{"footnotes":""},"class_list":["post-43208","page","type-page","status-publish","hentry"],"rttpg_featured_image_url":null,"rttpg_author":{"display_name":"isabelamelo","author_link":"https:\/\/goias.gov.br\/saude\/author\/isabelamelo\/"},"rttpg_comment":0,"rttpg_category":null,"rttpg_excerpt":"Verificando a disponibilidade do medicamento Inicialmente, voc\u00ea deve identificar com o(a) seu (sua) M\u00e9dico (a) qual o nome da doen\u00e7a\/agravo e o CID-10 (classifica\u00e7\u00e3o da doen\u00e7a). Veja o exemplo: Doen\u00e7a\/Agravo: ASMA \/ CID-10: J45.0 De posse destas informa\u00e7\u00f5es voc\u00ea poder\u00e1 consultar nas tabelas abaixo se o medicamento prescrito est\u00e1 dispon\u00edvel para a doen\u00e7a\/agravo que o&hellip;","_links":{"self":[{"href":"https:\/\/goias.gov.br\/saude\/wp-json\/wp\/v2\/pages\/43208","targetHints":{"allow":["GET"]}}],"collection":[{"href":"https:\/\/goias.gov.br\/saude\/wp-json\/wp\/v2\/pages"}],"about":[{"href":"https:\/\/goias.gov.br\/saude\/wp-json\/wp\/v2\/types\/page"}],"author":[{"embeddable":true,"href":"https:\/\/goias.gov.br\/saude\/wp-json\/wp\/v2\/users\/164"}],"replies":[{"embeddable":true,"href":"https:\/\/goias.gov.br\/saude\/wp-json\/wp\/v2\/comments?post=43208"}],"version-history":[{"count":2,"href":"https:\/\/goias.gov.br\/saude\/wp-json\/wp\/v2\/pages\/43208\/revisions"}],"predecessor-version":[{"id":631444,"href":"https:\/\/goias.gov.br\/saude\/wp-json\/wp\/v2\/pages\/43208\/revisions\/631444"}],"up":[{"embeddable":true,"href":"https:\/\/goias.gov.br\/saude\/wp-json\/wp\/v2\/pages\/37408"}],"wp:attachment":[{"href":"https:\/\/goias.gov.br\/saude\/wp-json\/wp\/v2\/media?parent=43208"}],"curies":[{"name":"wp","href":"https:\/\/api.w.org\/{rel}","templated":true}]}}