

{"id":42976,"date":"2024-02-21T16:11:39","date_gmt":"2024-02-21T19:11:39","guid":{"rendered":"https:\/\/goias.gov.br\/saude\/?page_id=42976"},"modified":"2025-12-03T09:44:53","modified_gmt":"2025-12-03T12:44:53","slug":"divisao-de-biologia-medica-lacen","status":"publish","type":"page","link":"https:\/\/goias.gov.br\/saude\/divisao-de-biologia-medica-lacen\/","title":{"rendered":"Divis\u00e3o de Biologia M\u00e9dica"},"content":{"rendered":"\t\t<div data-elementor-type=\"wp-page\" data-elementor-id=\"42976\" class=\"elementor elementor-42976\">\n\t\t\t\t<div class=\"elementor-element elementor-element-d56c6b5 e-flex e-con-boxed e-con e-parent\" data-id=\"d56c6b5\" data-element_type=\"container\" data-e-type=\"container\">\n\t\t\t\t\t<div class=\"e-con-inner\">\n\t\t\t\t<div class=\"elementor-element elementor-element-77975a2 elementor-widget elementor-widget-text-editor\" data-id=\"77975a2\" data-element_type=\"widget\" data-e-type=\"widget\" data-widget_type=\"text-editor.default\">\n\t\t\t\t\t\t\t\t\t<p>A divis\u00e3o de Biologia M\u00e9dica do Lacen-GO tem a fun\u00e7\u00e3o de dar apoio de vigil\u00e2ncia laboratorial ao SUS, sendo assim respons\u00e1vel pela coordena\u00e7\u00e3o de a\u00e7\u00f5es nas \u00e1reas de bacteriologia, micobact\u00e9rias, parasitologia, micologia, virologia, reservat\u00f3rios e vetores, recep\u00e7\u00e3o e coleta de amostras, entre outras. Engloba todas as doen\u00e7as e agravos relacionados como de interesse em sa\u00fade p\u00fablica e de notifica\u00e7\u00e3o compuls\u00f3ria.<\/p>\t\t\t\t\t\t\t\t<\/div>\n\t\t\t\t\t<\/div>\n\t\t\t\t<\/div>\n\t\t<div class=\"elementor-element elementor-element-0180cd1 e-flex e-con-boxed e-con e-parent\" data-id=\"0180cd1\" data-element_type=\"container\" data-e-type=\"container\">\n\t\t\t\t\t<div class=\"e-con-inner\">\n\t\t<div class=\"elementor-element elementor-element-f124b68 e-con-full e-flex e-con e-child\" data-id=\"f124b68\" data-element_type=\"container\" data-e-type=\"container\">\n\t\t\t\t<div class=\"elementor-element elementor-element-8592e4e elementor-widget elementor-widget-text-editor\" data-id=\"8592e4e\" data-element_type=\"widget\" data-e-type=\"widget\" data-widget_type=\"text-editor.default\">\n\t\t\t\t\t\t\t\t\t<div style=\"padding: 10px; background-color: #ededed; border-radius: 4px;\"><h4 style=\"text-align: center; background-color: #00549a; color: #fff; margin: -10px -10px 0 -10px; border-top-right-radius: 4px; border-top-left-radius: 4px; padding: 10px 0;\">Biologia Molecular<\/h4><p>Realiza exames laboratoriais para detec\u00e7\u00e3o de agentes infecciosos virais (Dengue, Zika, Chikungunya, Febre Amarela, Monkeypox, Varicela zoster, SARS-CoV-2 e outros v\u00edrus respirat\u00f3rios) e bacterianos (<em>Neisseria meningitidis, Streptococcus pneumoniae\u00a0e Haemophilus influenzae<\/em>)\u00a0respons\u00e1veis por agravos de notifica\u00e7\u00e3o compuls\u00f3ria. Realiza tamb\u00e9m o Sequenciamento Gen\u00f4mico do v\u00edrus SARS-CoV-2, Dengue, Zika e Chikungunya, fornecendo informa\u00e7\u00f5es das linhagens circulantes no Estado de Goi\u00e1s e alimentando base de dados como GISAID (<em>Global Initiative on Sharing All Influenza Data) <\/em>e NCBI<em> (National Center for Biotechnology Information<\/em>).<br \/>\u00c9 respons\u00e1vel tamb\u00e9m pela capacita\u00e7\u00e3o de profissionais das unidades solicitantes de exames de Biologia Molecular realizados na se\u00e7\u00e3o.<\/p><\/div>\t\t\t\t\t\t\t\t<\/div>\n\t\t\t\t<\/div>\n\t\t<div class=\"elementor-element elementor-element-8e6be7f e-con-full e-flex e-con e-child\" data-id=\"8e6be7f\" data-element_type=\"container\" data-e-type=\"container\">\n\t\t\t\t<div class=\"elementor-element elementor-element-747ce2f elementor-widget elementor-widget-text-editor\" data-id=\"747ce2f\" data-element_type=\"widget\" data-e-type=\"widget\" data-widget_type=\"text-editor.default\">\n\t\t\t\t\t\t\t\t\t<div style=\"padding: 10px; background-color: #ededed; border-radius: 4px;\"><h4 style=\"text-align: center; background-color: #00549a; color: #fff; margin: -10px -10px 0 -10px; border-top-right-radius: 4px; border-top-left-radius: 4px; padding: 10px 0;\">Imunoparasitologia<\/h4><p>Respons\u00e1vel pelo diagn\u00f3stico, confirma\u00e7\u00e3o e monitoramento de diversas doen\u00e7as e agravos como brucelose, doen\u00e7a de Chagas, leptospirose, leishmanioses humana e canina, mononucleose, s\u00edfilis, toxoplasmose, sorologia e carga viral para HIV, entre outros. Na \u00e1rea parasitol\u00f3gica realiza pesquisa direta de leishmaniose humana (LTA), esquistossomose e Mal\u00e1ria. No contexto nacional, participa do programa de DST\/ AIDS e Hepatites Virais, com objetivo de indicar e monitorar trata- mentos terap\u00eauticos para os indiv\u00edduos portadores de HIV. O Laborat\u00f3rio \u00e9 respons\u00e1vel pela realiza\u00e7\u00e3o de metodologia quantitativa para identifica\u00e7\u00e3o de hepatite Viral B e C na regi\u00e3o Centro-Oeste, com o objetivo de fazer a indica\u00e7\u00e3o, acompanhamento e avalia\u00e7\u00e3o terap\u00eautica.<\/p><\/div>\t\t\t\t\t\t\t\t<\/div>\n\t\t\t\t<\/div>\n\t\t<div class=\"elementor-element elementor-element-b5a7c89 e-con-full e-flex e-con e-child\" data-id=\"b5a7c89\" data-element_type=\"container\" data-e-type=\"container\">\n\t\t\t\t<div class=\"elementor-element elementor-element-52e40f2 elementor-widget elementor-widget-text-editor\" data-id=\"52e40f2\" data-element_type=\"widget\" data-e-type=\"widget\" data-widget_type=\"text-editor.default\">\n\t\t\t\t\t\t\t\t\t<div style=\"padding: 10px; background-color: #ededed; border-radius: 4px;\"><h4 style=\"text-align: center; background-color: #00549a; color: #fff; margin: -10px -10px 0 -10px; border-top-right-radius: 4px; border-top-left-radius: 4px; padding: 10px 0;\">Entomologia<\/h4><p>\u00c9 a cont\u00ednua observa\u00e7\u00e3o e avalia\u00e7\u00e3o de informa\u00e7\u00f5es originadas das caracter\u00edsticas biol\u00f3gicas e ecol\u00f3gicas dos vetores, nos n\u00edveis das intera\u00e7\u00f5es com hospedeiros humanos e animais reservat\u00f3rios. Proporciona o conhecimento para detec\u00e7\u00e3o de qualquer mudan\u00e7a no perfil de transmiss\u00e3o das doen\u00e7as, que seja ativa e eficiente, visando fornecer dados para a Vigil\u00e2ncia em Sa\u00fade para a predi\u00e7\u00e3o de riscos e a preven\u00e7\u00e3o de ocorr\u00eancia de doen\u00e7as transmitidas por vetores, reservat\u00f3rios e\u00a0hospedeiros\u00a0e a avalia\u00e7\u00e3o e monitoramento das medidas de controle. Atua em conjunto com os programas das Leishmanioses (LTA e LVA), Doen\u00e7a de Chagas, Mal\u00e1ria, Dengue, Febre Amarela,\u00a0Febre\u00a0do Nilo Ocidental,\u00a0Febre Mayaro,\u00a0Febre Maculosa,\u00a0Oropouche, Esquistossomose, Animais Pe\u00e7onhentos, Controle de Vetores, dentre outros.<\/p><\/div>\t\t\t\t\t\t\t\t<\/div>\n\t\t\t\t<\/div>\n\t\t\t\t\t<\/div>\n\t\t\t\t<\/div>\n\t\t<div class=\"elementor-element elementor-element-1c3b62a e-flex e-con-boxed e-con e-parent\" data-id=\"1c3b62a\" data-element_type=\"container\" data-e-type=\"container\">\n\t\t\t\t\t<div class=\"e-con-inner\">\n\t\t<div class=\"elementor-element elementor-element-ef152bd e-con-full e-flex e-con e-child\" data-id=\"ef152bd\" data-element_type=\"container\" data-e-type=\"container\">\n\t\t\t\t<div class=\"elementor-element elementor-element-0b26a3f elementor-widget elementor-widget-text-editor\" data-id=\"0b26a3f\" data-element_type=\"widget\" data-e-type=\"widget\" data-widget_type=\"text-editor.default\">\n\t\t\t\t\t\t\t\t\t<div style=\"padding: 10px; background-color: #ededed; border-radius: 4px;\"><h4 style=\"text-align: center; background-color: #00549a; color: #fff; margin: -10px -10px 0 -10px; border-top-right-radius: 4px; border-top-left-radius: 4px; padding: 10px 0;\">Bacteriologia<\/h4><p>Realiza exames para o diagn\u00f3stico, confirma\u00e7\u00e3o e monitoramento de diversas doen\u00e7as e agravos causados por bact\u00e9rias como: Meningites, Coqueluche, Difteria, Sepses entre outros; atua conjuntamente com as vigil\u00e2ncias hospitalares e epidemiol\u00f3gicas para a conten\u00e7\u00e3o de surtos e quebra da cadeia de transmiss\u00e3o das doen\u00e7as ocasionadas por bact\u00e9rias. Trabalha com metodologias padr\u00e3o ouro como a cultura e o antibiograma, seguindo a padroniza\u00e7\u00e3o do Minist\u00e9rio da Sa\u00fade e demais \u00f3rg\u00e3os regulat\u00f3rios; tem implantado novas tecnologias de automa\u00e7\u00e3o como a espectrometria de massas (MALDI TOF) e pesquisa de Genes de Resist\u00eancia. Desempenha papel fundamental na investiga\u00e7\u00e3o e monitoramento da Resist\u00eancia Microbiana das Infec\u00e7\u00f5es Relacionadas \u00e0 Assist\u00eancia \u00e0 Sa\u00fade (IRAS) devido ao aumento e o surgimento de bact\u00e9rias multirresistentes a diversas drogas, ocasionando um grande problema de sa\u00fade p\u00fablica.<\/p><\/div>\t\t\t\t\t\t\t\t<\/div>\n\t\t\t\t<\/div>\n\t\t<div class=\"elementor-element elementor-element-b6d4baa e-con-full e-flex e-con e-child\" data-id=\"b6d4baa\" data-element_type=\"container\" data-e-type=\"container\">\n\t\t\t\t<div class=\"elementor-element elementor-element-27bd233 elementor-widget elementor-widget-text-editor\" data-id=\"27bd233\" data-element_type=\"widget\" data-e-type=\"widget\" data-widget_type=\"text-editor.default\">\n\t\t\t\t\t\t\t\t\t<div style=\"padding: 10px; background-color: #ededed; border-radius: 4px;\"><h4 style=\"text-align: center; background-color: #00549a; color: #fff; margin: -10px -10px 0 -10px; border-top-right-radius: 4px; border-top-left-radius: 4px; padding: 10px 0;\">Virologia<\/h4><p>Essa se\u00e7\u00e3o \u00e9 respons\u00e1vel pelo diagn\u00f3stico de diversos agravos de interesse em sa\u00fade p\u00fablica suspeitos por v\u00edrus, sobretudo para investiga\u00e7\u00e3o epidemiol\u00f3gica e vigil\u00e2ncia laboratorial, realizando exames para\u00a0dengue, febre amarela, zika, chikungunya, mayaro, oropouche, hepatites virais A, B e C, doen\u00e7as exantem\u00e1ticas (sarampo e rub\u00e9ola), citomegalov\u00edrus, rotav\u00edrus, parvov\u00edrus B19 e HTLV I\/II.\u00a0Dentre as metodologias empregadas est\u00e3o RT-PCR em tempo real, Elisa, Mac-elisa \u201cin house\u201d, quimioluminesc\u00eancia, imunofluoresc\u00eancia e isolamento viral em cultura de c\u00e9lulas. A se\u00e7\u00e3o de Virologia tamb\u00e9m encaminha para os Laborat\u00f3rios de Refer\u00eancia Nacional (LRN), amostras para pesquisas de v\u00edrus, tais como: pesquisa de poliov\u00edrus\/Poliomielite, meningite viral, doen\u00e7a de Creutzfeldt-Jacob (doen\u00e7a pri\u00f4nica), Raiva Humana, dentre outros.<\/p><\/div>\t\t\t\t\t\t\t\t<\/div>\n\t\t\t\t<\/div>\n\t\t<div class=\"elementor-element elementor-element-ae1bda7 e-con-full e-flex e-con e-child\" data-id=\"ae1bda7\" data-element_type=\"container\" data-e-type=\"container\">\n\t\t\t\t<div class=\"elementor-element elementor-element-50f585b elementor-widget elementor-widget-text-editor\" data-id=\"50f585b\" data-element_type=\"widget\" data-e-type=\"widget\" data-widget_type=\"text-editor.default\">\n\t\t\t\t\t\t\t\t\t<div style=\"padding: 10px; background-color: #ededed; border-radius: 4px;\"><h4 style=\"text-align: center; background-color: #00549a; color: #fff; margin: -10px -10px 0 -10px; border-top-right-radius: 4px; border-top-left-radius: 4px; padding: 10px 0;\">Micologia<\/h4><p>Respons\u00e1vel pelo diagn\u00f3stico das Micoses, o que \u00e9 imprescind\u00edvel para a sa\u00fade p\u00fablica devido a inter-rela\u00e7\u00e3o com pacientes imunocomprometidos por doen\u00e7as de base como infec\u00e7\u00e3o avan\u00e7ada pelo HIV, neoplasias malignas, doen\u00e7as imunes e metab\u00f3licas debilitantes,\u00a0pacientes tratados com corticosteroides, f\u00e1rmacos citot\u00f3xicos, antibi\u00f3ticos (tratamento cr\u00f4nico) e imunomoduladores.\u00a0Atua na investiga\u00e7\u00e3o diagn\u00f3stica de casos isolados e de surtos, com emprego de provas fenot\u00edpicas e sistemas automatizados, como a espectrometria de massa de agentes f\u00fangicos relacionados a doen\u00e7as.<\/p><\/div>\t\t\t\t\t\t\t\t<\/div>\n\t\t\t\t<\/div>\n\t\t\t\t\t<\/div>\n\t\t\t\t<\/div>\n\t\t<div class=\"elementor-element elementor-element-e8c4221 e-flex e-con-boxed e-con e-parent\" data-id=\"e8c4221\" data-element_type=\"container\" data-e-type=\"container\">\n\t\t\t\t\t<div class=\"e-con-inner\">\n\t\t<div class=\"elementor-element elementor-element-2b2998e e-con-full e-flex e-con e-child\" data-id=\"2b2998e\" data-element_type=\"container\" data-e-type=\"container\">\n\t\t\t\t<div class=\"elementor-element elementor-element-10a96ba elementor-widget elementor-widget-text-editor\" data-id=\"10a96ba\" data-element_type=\"widget\" data-e-type=\"widget\" data-widget_type=\"text-editor.default\">\n\t\t\t\t\t\t\t\t\t<div style=\"padding: 10px; background-color: #ededed; border-radius: 4px;\"><h4 style=\"text-align: center; background-color: #00549a; color: #fff; margin: -10px -10px 0 -10px; border-top-right-radius: 4px; border-top-left-radius: 4px; padding: 10px 0;\">Micobact\u00e9ria<\/h4><p>O setor de micobact\u00e9rias realiza a pesquisa de microrganismos do Complexo Mycobacterium tuberculosis e das micobact\u00e9rias n\u00e3o tuberculosas, al\u00e9m do controle de qualidade de l\u00e2minas de baciloscopia. Est\u00e1 diretamente relacionada ao cuidado com o paciente imunocomprometido e tem buscado cada vez mais empregar solu\u00e7\u00f5es tecnol\u00f3gicas para garantir a qualidade das an\u00e1lises e oportunizar o diagn\u00f3stico dos casos suspeitos e monitoramento dos pacientes em tratamento.<\/p><\/div>\t\t\t\t\t\t\t\t<\/div>\n\t\t\t\t<\/div>\n\t\t<div class=\"elementor-element elementor-element-2d27cc2 e-con-full e-flex e-con e-child\" data-id=\"2d27cc2\" data-element_type=\"container\" data-e-type=\"container\">\n\t\t\t\t<\/div>\n\t\t<div class=\"elementor-element elementor-element-a294033 e-con-full e-flex e-con e-child\" data-id=\"a294033\" data-element_type=\"container\" data-e-type=\"container\">\n\t\t\t\t<\/div>\n\t\t\t\t\t<\/div>\n\t\t\t\t<\/div>\n\t\t\t\t<\/div>\n\t\t","protected":false},"excerpt":{"rendered":"<p>A divis\u00e3o de Biologia M\u00e9dica do Lacen-GO tem a fun\u00e7\u00e3o de dar apoio de vigil\u00e2ncia laboratorial ao SUS, sendo assim respons\u00e1vel pela coordena\u00e7\u00e3o de a\u00e7\u00f5es nas \u00e1reas de bacteriologia, micobact\u00e9rias, parasitologia, micologia, virologia, reservat\u00f3rios e vetores, recep\u00e7\u00e3o e coleta de amostras, entre outras. Engloba todas as doen\u00e7as e agravos relacionados como de interesse em sa\u00fade [&hellip;]<\/p>\n","protected":false},"author":165,"featured_media":0,"parent":0,"menu_order":0,"comment_status":"closed","ping_status":"closed","template":"","meta":{"footnotes":""},"class_list":["post-42976","page","type-page","status-publish","hentry"],"rttpg_featured_image_url":null,"rttpg_author":{"display_name":"ricardocruz","author_link":"https:\/\/goias.gov.br\/saude\/author\/ricardocruz\/"},"rttpg_comment":0,"rttpg_category":null,"rttpg_excerpt":"A divis\u00e3o de Biologia M\u00e9dica do Lacen-GO tem a fun\u00e7\u00e3o de dar apoio de vigil\u00e2ncia laboratorial ao SUS, sendo assim respons\u00e1vel pela coordena\u00e7\u00e3o de a\u00e7\u00f5es nas \u00e1reas de bacteriologia, micobact\u00e9rias, parasitologia, micologia, virologia, reservat\u00f3rios e vetores, recep\u00e7\u00e3o e coleta de amostras, entre outras. Engloba todas as doen\u00e7as e agravos relacionados como de interesse em sa\u00fade&hellip;","_links":{"self":[{"href":"https:\/\/goias.gov.br\/saude\/wp-json\/wp\/v2\/pages\/42976","targetHints":{"allow":["GET"]}}],"collection":[{"href":"https:\/\/goias.gov.br\/saude\/wp-json\/wp\/v2\/pages"}],"about":[{"href":"https:\/\/goias.gov.br\/saude\/wp-json\/wp\/v2\/types\/page"}],"author":[{"embeddable":true,"href":"https:\/\/goias.gov.br\/saude\/wp-json\/wp\/v2\/users\/165"}],"replies":[{"embeddable":true,"href":"https:\/\/goias.gov.br\/saude\/wp-json\/wp\/v2\/comments?post=42976"}],"version-history":[{"count":2,"href":"https:\/\/goias.gov.br\/saude\/wp-json\/wp\/v2\/pages\/42976\/revisions"}],"predecessor-version":[{"id":630405,"href":"https:\/\/goias.gov.br\/saude\/wp-json\/wp\/v2\/pages\/42976\/revisions\/630405"}],"wp:attachment":[{"href":"https:\/\/goias.gov.br\/saude\/wp-json\/wp\/v2\/media?parent=42976"}],"curies":[{"name":"wp","href":"https:\/\/api.w.org\/{rel}","templated":true}]}}