

{"id":42830,"date":"2024-02-21T09:10:33","date_gmt":"2024-02-21T12:10:33","guid":{"rendered":"https:\/\/goias.gov.br\/saude\/?page_id=42830"},"modified":"2026-03-11T10:24:17","modified_gmt":"2026-03-11T13:24:17","slug":"instrumentos-de-planejamento-do-sus","status":"publish","type":"page","link":"https:\/\/goias.gov.br\/saude\/instrumentos-de-planejamento-do-sus\/","title":{"rendered":"Instrumentos de Planejamento do SUS"},"content":{"rendered":"\t\t<div data-elementor-type=\"wp-page\" data-elementor-id=\"42830\" class=\"elementor elementor-42830\">\n\t\t\t\t<div class=\"elementor-element elementor-element-05e1a10 e-flex e-con-boxed e-con e-parent\" data-id=\"05e1a10\" data-element_type=\"container\" data-e-type=\"container\">\n\t\t\t\t\t<div class=\"e-con-inner\">\n\t\t\t\t<div class=\"elementor-element elementor-element-c27ce98 elementor-widget elementor-widget-text-editor\" data-id=\"c27ce98\" data-element_type=\"widget\" data-e-type=\"widget\" data-widget_type=\"text-editor.default\">\n\t\t\t\t\t\t\t\t\t<div style=\"padding: 10px; background-color: #ededed; border-radius: 4px;\"><h4 style=\"text-align: center; background-color: #00549a; color: #fff; margin: -10px -10px 0 -10px; border-top-right-radius: 4px; border-top-left-radius: 4px; padding: 10px 0;\">Importante!<\/h4><p>Os Instrumentos de Planejamento do Sistema \u00danico de Sa\u00fade (SUS) s\u00e3o ferramentas essenciais para a organiza\u00e7\u00e3o, gest\u00e3o e execu\u00e7\u00e3o das pol\u00edticas de sa\u00fade no Brasil. O SUS \u00e9 o sistema p\u00fablico de sa\u00fade do pa\u00eds, que visa garantir o acesso universal, integral e igualit\u00e1rio aos servi\u00e7os de sa\u00fade para toda a popula\u00e7\u00e3o.<\/p><p>Alguns dos principais instrumentos de planejamento do SUS incluem\u00a0o Plano Estadual de Sa\u00fade (PES); a Programa\u00e7\u00e3o Anual de Sa\u00fade (PAS); e o Relat\u00f3rio Anual de Gest\u00e3o (RAG).<\/p><p>Esses instrumentos s\u00e3o fundamentais para garantir a efetividade e a qualidade das a\u00e7\u00f5es de sa\u00fade no pa\u00eds, contribuindo para o alcance dos princ\u00edpios e diretrizes do SUS.<\/p><\/div>\t\t\t\t\t\t\t\t<\/div>\n\t\t\t\t<div class=\"elementor-element elementor-element-f45dce6 elementor-widget elementor-widget-html\" data-id=\"f45dce6\" data-element_type=\"widget\" data-e-type=\"widget\" data-widget_type=\"html.default\">\n\t\t\t\t\t<!DOCTYPE html>\r\n<html lang=\"pt-br\" dir=\"ltr\">\r\n<head>\r\n  <meta http-equiv=\"Content-Type\" content=\"text\/html; charset=UTF-8\" \/>\r\n  <style>\r\n    \/* Estilos para desktop *\/\r\n    .container {\r\n      padding: 10px;\r\n    }\r\n\r\n    .section {\r\n      margin-bottom: 10px;\r\n    }\r\n\r\n    .title {\r\n      text-align: center;\r\n      margin: 0 0 24px;\r\n      color: #0c326f;\r\n      font-weight: 600;\r\n      font-size: 2.2rem;\r\n      line-height: 1.5;\r\n    }\r\n\r\n    .cards {\r\n      display: flex;\r\n      justify-content: space-evenly;\r\n      flex-wrap: wrap;\r\n      margin: 0;\r\n      padding: 0;\r\n      list-style: none;\r\n    }\r\n\r\n    .cards li {\r\n      background-color: #ededed;\r\n      box-shadow: 0 3px 6px 0 rgba(0, 0, 0, 0.16);\r\n      text-align: center;\r\n      flex-basis: 23%;\r\n      box-sizing: border-box;\r\n      min-height: 60px;\r\n      margin-bottom: 0.9em;\r\n      line-height: 1.2em;\r\n      display: list-item;\r\n    }\r\n\r\n    .cards li a {\r\n      display: flex;\r\n      justify-content: center;\r\n      align-items: center;\r\n      flex-direction: column;\r\n      width: 100%;\r\n      height: 100%;\r\n      color: #1351b4;\r\n      font-weight: 600;\r\n      text-decoration: none;\r\n    }\r\n\r\n    .cards li i,\r\n    .cards li span {\r\n      font-size: 10px;\r\n      margin-bottom: 30px;\r\n      color: #0c326f;\r\n      width: auto;\r\n      font-weight: 200;\r\n    }\r\n\r\n    .cards li .title {\r\n      font-size: 15px;\r\n      color: #0c326f;\r\n      font-weight: 500;\r\n      margin: 0;\r\n      text-transform: uppercase;\r\n    }\r\n\r\n    \/* Estilos para telas menores *\/\r\n    @media screen and (max-width: 768px) {\r\n      .cards {\r\n        gap: 20px; \/* Espa\u00e7amento entre os cards *\/\r\n        margin-top: 20px; \/* Margem superior para os cards *\/\r\n      }\r\n      .cards li {\r\n        flex-basis: calc(50% - 20px); \/* Tamanho dos cards com espa\u00e7amento *\/\r\n      }\r\n    }\r\n\r\n    @media screen and (max-width: 480px) {\r\n      .cards {\r\n        gap: 15px; \/* Espa\u00e7amento menor entre os cards *\/\r\n        margin-top: 15px; \/* Margem superior menor para os cards *\/\r\n      }\r\n      .cards li {\r\n        flex-basis: calc(100% - 30px); \/* Tamanho dos cards com espa\u00e7amento menor *\/\r\n      }\r\n    }\r\n  <\/style>\r\n<\/head>\r\n<body>\r\n  <div class=\"container\">\r\n    <div class=\"section\">\r\n      <div class=\"regulacao eletivas\">\r\n        \r\n        <ul class=\"cards\">\r\n          <li>\r\n                    <a href=\"https:\/\/goias.gov.br\/saude\/plano-estadual-saude-acesso-a-informacao\/\" target=\"_blank\">\r\n\r\n                        <div class=\"title\">plano estadual de sa\u00fade (pes)<\/div>\r\n                    <\/a>\r\n                <\/li>\r\n                <li>\r\n                    <a href=\"https:\/\/goias.gov.br\/saude\/programacao-anual-de-saude-acesso-a-informacao\/\" target=\"_blank\">\r\n\r\n                        <div class=\"title\">programa\u00e7\u00e3o anual de sa\u00fade (PAS)<\/div>\r\n                    <\/a>\r\n                <\/li>\r\n\r\n     <li>\r\n                    <a href=\"https:\/\/goias.gov.br\/saude\/relatorio-de-gestao-de-saude-acesso-a-informacao\/\" target=\"_blank\">\r\n\r\n                        <div class=\"title\">relat\u00f3rio anual de gest\u00e3o (RAG)<\/div>\r\n                    <\/a>\r\n                <\/li>\r\n                <li>\r\n                    <a href=\"https:\/\/goias.gov.br\/saude\/relatorio-detalhado-do-quadrimestre-anterior\/\" target=\"_blank\">\r\n\r\n                        <div class=\"title\">relat\u00f3rio detalhado do quadrimestre anterior (rdqa)<\/div>\r\n                    <\/a>\r\n                <\/li>\r\n               \r\n                <li>\r\n                    <a href=\"https:\/\/digisusgmp.saude.gov.br\/\" target=\"_blank\">\r\n\r\n                        <div class=\"title\">digisus - m\u00f3dulo planejamento<\/div>\r\n                    <\/a>\r\n                <\/li>\r\n\r\n              \r\n\r\n<li>\r\n                    <a href=\"https:\/\/goias.gov.br\/saude\/wp-content\/uploads\/sites\/34\/files\/acesso_a_informacao\/prestacao-de-contas\/plano-estrategico-2024-2027.pdf\" target=\"_blank\">\r\n\r\n                        <div class=\"title\">plano estrat\u00e9gico institucional <\/div>\r\n                    <\/a>\r\n                <\/li>\r\n\r\n<li>\r\n                    <a href=\"https:\/\/goias.gov.br\/saude\/relatorio-de-monitoramento-planejamento-estrategico\/\" target=\"_blank\">\r\n\r\n                        <div class=\"title\">relat\u00f3rio de monitoramento planejamento estrat\u00e9gico<\/div>\r\n                    <\/a>\r\n                <\/li>\r\n                <li>\r\n                    <a href=\"https:\/\/goias.gov.br\/saude\/wp-content\/uploads\/sites\/34\/instrumentos-de-planejamento\/instrumentos-planejamento-sus-cronologia.pdf\" target=\"_blank\">\r\n\r\n                        <div class=\"title\">instrumentos de  planejamento do SUS - cronologia<\/div>\r\n                    <\/a>\r\n                <\/li>\r\n            \r\n\r\n  \r\n        <\/ul>\r\n      <\/div>\r\n    <\/div>\r\n  <\/div>\r\n<\/body>\r\n<\/html>\r\n\t\t\t\t<\/div>\n\t\t\t\t\t<\/div>\n\t\t\t\t<\/div>\n\t\t\t\t<\/div>\n\t\t","protected":false},"excerpt":{"rendered":"<p>Importante! Os Instrumentos de Planejamento do Sistema \u00danico de Sa\u00fade (SUS) s\u00e3o ferramentas essenciais para a organiza\u00e7\u00e3o, gest\u00e3o e execu\u00e7\u00e3o das pol\u00edticas de sa\u00fade no Brasil. O SUS \u00e9 o sistema p\u00fablico de sa\u00fade do pa\u00eds, que visa garantir o acesso universal, integral e igualit\u00e1rio aos servi\u00e7os de sa\u00fade para toda a popula\u00e7\u00e3o. Alguns dos [&hellip;]<\/p>\n","protected":false},"author":165,"featured_media":0,"parent":0,"menu_order":0,"comment_status":"closed","ping_status":"closed","template":"","meta":{"footnotes":""},"class_list":["post-42830","page","type-page","status-publish","hentry"],"rttpg_featured_image_url":null,"rttpg_author":{"display_name":"ricardocruz","author_link":"https:\/\/goias.gov.br\/saude\/author\/ricardocruz\/"},"rttpg_comment":0,"rttpg_category":null,"rttpg_excerpt":"Importante! Os Instrumentos de Planejamento do Sistema \u00danico de Sa\u00fade (SUS) s\u00e3o ferramentas essenciais para a organiza\u00e7\u00e3o, gest\u00e3o e execu\u00e7\u00e3o das pol\u00edticas de sa\u00fade no Brasil. O SUS \u00e9 o sistema p\u00fablico de sa\u00fade do pa\u00eds, que visa garantir o acesso universal, integral e igualit\u00e1rio aos servi\u00e7os de sa\u00fade para toda a popula\u00e7\u00e3o. Alguns dos&hellip;","_links":{"self":[{"href":"https:\/\/goias.gov.br\/saude\/wp-json\/wp\/v2\/pages\/42830","targetHints":{"allow":["GET"]}}],"collection":[{"href":"https:\/\/goias.gov.br\/saude\/wp-json\/wp\/v2\/pages"}],"about":[{"href":"https:\/\/goias.gov.br\/saude\/wp-json\/wp\/v2\/types\/page"}],"author":[{"embeddable":true,"href":"https:\/\/goias.gov.br\/saude\/wp-json\/wp\/v2\/users\/165"}],"replies":[{"embeddable":true,"href":"https:\/\/goias.gov.br\/saude\/wp-json\/wp\/v2\/comments?post=42830"}],"version-history":[{"count":2,"href":"https:\/\/goias.gov.br\/saude\/wp-json\/wp\/v2\/pages\/42830\/revisions"}],"predecessor-version":[{"id":727395,"href":"https:\/\/goias.gov.br\/saude\/wp-json\/wp\/v2\/pages\/42830\/revisions\/727395"}],"wp:attachment":[{"href":"https:\/\/goias.gov.br\/saude\/wp-json\/wp\/v2\/media?parent=42830"}],"curies":[{"name":"wp","href":"https:\/\/api.w.org\/{rel}","templated":true}]}}