

{"id":42791,"date":"2024-02-21T08:04:02","date_gmt":"2024-02-21T11:04:02","guid":{"rendered":"https:\/\/goias.gov.br\/saude\/?page_id=42791"},"modified":"2025-12-03T10:03:41","modified_gmt":"2025-12-03T13:03:41","slug":"informacoes","status":"publish","type":"page","link":"https:\/\/goias.gov.br\/saude\/conselho-estadual-de-saude\/informacoes\/","title":{"rendered":"Informa\u00e7\u00f5es"},"content":{"rendered":"\t\t<div data-elementor-type=\"wp-page\" data-elementor-id=\"42791\" class=\"elementor elementor-42791\">\n\t\t\t\t<div class=\"elementor-element elementor-element-7756e9c e-flex e-con-boxed e-con e-parent\" data-id=\"7756e9c\" data-element_type=\"container\" data-e-type=\"container\">\n\t\t\t\t\t<div class=\"e-con-inner\">\n\t\t\t\t<div class=\"elementor-element elementor-element-216ee59 elementor-widget elementor-widget-text-editor\" data-id=\"216ee59\" data-element_type=\"widget\" data-e-type=\"widget\" data-widget_type=\"text-editor.default\">\n\t\t\t\t\t\t\t\t\t<div style=\"padding: 10px; background-color: #ededed; border-radius: 4px;\"><h4 style=\"text-align: center; background-color: #00549a; color: #fff; margin: -10px -10px 0 -10px; border-top-right-radius: 4px; border-top-left-radius: 4px; padding: 10px 0;\">Importante!<\/h4><p>Um Conselho Estadual de Sa\u00fade \u00e9 um \u00f3rg\u00e3o colegiado de car\u00e1ter deliberativo e consultivo, criado e regido por legisla\u00e7\u00e3o espec\u00edfica de cada estado. Ele \u00e9 respons\u00e1vel por promover a participa\u00e7\u00e3o da sociedade civil na formula\u00e7\u00e3o, execu\u00e7\u00e3o e acompanhamento das pol\u00edticas p\u00fablicas de sa\u00fade no \u00e2mbito estadual. Geralmente, esses conselhos s\u00e3o compostos por representantes de diversos segmentos da sociedade, como usu\u00e1rios do sistema de sa\u00fade, trabalhadores da sa\u00fade, gestores p\u00fablicos e entidades de classe. Suas atribui\u00e7\u00f5es incluem a fiscaliza\u00e7\u00e3o das a\u00e7\u00f5es do poder p\u00fablico na \u00e1rea da sa\u00fade, a elabora\u00e7\u00e3o de pareceres e recomenda\u00e7\u00f5es, al\u00e9m de contribuir para a democratiza\u00e7\u00e3o e transpar\u00eancia das pol\u00edticas de sa\u00fade em n\u00edvel estadual.<\/p><p>Saiba mais sobre o processo de forma\u00e7\u00e3o do Conselho Estadual de Goi\u00e1s, suas compet\u00eancias e sua estrutura.<\/p><\/div>\t\t\t\t\t\t\t\t<\/div>\n\t\t\t\t\t<\/div>\n\t\t\t\t<\/div>\n\t\t<div class=\"elementor-element elementor-element-8c6f67e e-flex e-con-boxed e-con e-parent\" data-id=\"8c6f67e\" data-element_type=\"container\" data-e-type=\"container\">\n\t\t\t\t\t<div class=\"e-con-inner\">\n\t\t\t\t<div class=\"elementor-element elementor-element-8fe890b elementor-widget elementor-widget-html\" data-id=\"8fe890b\" data-element_type=\"widget\" data-e-type=\"widget\" data-widget_type=\"html.default\">\n\t\t\t\t\t<!DOCTYPE html>\r\n<html lang=\"pt-br\" dir=\"ltr\">\r\n<head>\r\n  <meta http-equiv=\"Content-Type\" content=\"text\/html; charset=UTF-8\" \/>\r\n  <style>\r\n    \/* Estilos para desktop *\/\r\n    .container {\r\n      padding: 10px;\r\n    }\r\n\r\n    .section {\r\n      margin-bottom: 10px;\r\n    }\r\n\r\n    .title {\r\n      text-align: center;\r\n      margin: 0 0 24px;\r\n      color: #0c326f;\r\n      font-weight: 600;\r\n      font-size: 2.2rem;\r\n      line-height: 1.5;\r\n    }\r\n\r\n    .cards {\r\n      display: flex;\r\n      justify-content: space-evenly;\r\n      flex-wrap: wrap;\r\n      margin: 0;\r\n      padding: 0;\r\n      list-style: none;\r\n    }\r\n\r\n    .cards li {\r\n      background-color: #ededed;\r\n      box-shadow: 0 3px 6px 0 rgba(0, 0, 0, 0.16);\r\n      text-align: center;\r\n      flex-basis: 23%;\r\n      box-sizing: border-box;\r\n      min-height: 60px;\r\n      margin-bottom: 0.9em;\r\n      line-height: 1.2em;\r\n      display: list-item;\r\n    }\r\n\r\n    .cards li a {\r\n      display: flex;\r\n      justify-content: center;\r\n      align-items: center;\r\n      flex-direction: column;\r\n      width: 100%;\r\n      height: 100%;\r\n      color: #1351b4;\r\n      font-weight: 600;\r\n      text-decoration: none;\r\n    }\r\n\r\n    .cards li i,\r\n    .cards li span {\r\n      font-size: 10px;\r\n      margin-bottom: 30px;\r\n      color: #0c326f;\r\n      width: auto;\r\n      font-weight: 200;\r\n    }\r\n\r\n    .cards li .title {\r\n      font-size: 15px;\r\n      color: #0c326f;\r\n      font-weight: 500;\r\n      margin: 0;\r\n      text-transform: uppercase;\r\n    }\r\n\r\n    \/* Estilos para telas menores *\/\r\n    @media screen and (max-width: 768px) {\r\n      .cards {\r\n        gap: 20px; \/* Espa\u00e7amento entre os cards *\/\r\n        margin-top: 20px; \/* Margem superior para os cards *\/\r\n      }\r\n      .cards li {\r\n        flex-basis: calc(50% - 20px); \/* Tamanho dos cards com espa\u00e7amento *\/\r\n      }\r\n    }\r\n\r\n    @media screen and (max-width: 480px) {\r\n      .cards {\r\n        gap: 15px; \/* Espa\u00e7amento menor entre os cards *\/\r\n        margin-top: 15px; \/* Margem superior menor para os cards *\/\r\n      }\r\n      .cards li {\r\n        flex-basis: calc(100% - 30px); \/* Tamanho dos cards com espa\u00e7amento menor *\/\r\n      }\r\n    }\r\n  <\/style>\r\n<\/head>\r\n<body>\r\n  <div class=\"container\">\r\n    <div class=\"section\">\r\n      <div class=\"ces\">\r\n        \r\n        <ul class=\"cards\">\r\n          <li>\r\n                    <a href=\"https:\/\/goias.gov.br\/saude\/historico-do-conselho-estadual-de-saude\/\" target=\"_blank\">\r\n\r\n                        <div class=\"title\">hist\u00f3rico do ces<\/div>\r\n                    <\/a>\r\n                <\/li>\r\n                <li>\r\n                    <a href=\"https:\/\/goias.gov.br\/saude\/estrutura-organizacional-ces\/\" target=\"_blank\">\r\n\r\n                        <div class=\"title\">estrutura<\/div>\r\n                    <\/a>\r\n                <\/li>\r\n\r\n       \r\n               \r\n\r\n  \r\n        <\/ul>\r\n      <\/div>\r\n    <\/div>\r\n  <\/div>\r\n<\/body>\r\n<\/html>\r\n\t\t\t\t<\/div>\n\t\t\t\t\t<\/div>\n\t\t\t\t<\/div>\n\t\t\t\t<\/div>\n\t\t","protected":false},"excerpt":{"rendered":"<p>Importante! Um Conselho Estadual de Sa\u00fade \u00e9 um \u00f3rg\u00e3o colegiado de car\u00e1ter deliberativo e consultivo, criado e regido por legisla\u00e7\u00e3o espec\u00edfica de cada estado. Ele \u00e9 respons\u00e1vel por promover a participa\u00e7\u00e3o da sociedade civil na formula\u00e7\u00e3o, execu\u00e7\u00e3o e acompanhamento das pol\u00edticas p\u00fablicas de sa\u00fade no \u00e2mbito estadual. Geralmente, esses conselhos s\u00e3o compostos por representantes de [&hellip;]<\/p>\n","protected":false},"author":165,"featured_media":0,"parent":42783,"menu_order":0,"comment_status":"closed","ping_status":"closed","template":"","meta":{"footnotes":""},"class_list":["post-42791","page","type-page","status-publish","hentry"],"rttpg_featured_image_url":null,"rttpg_author":{"display_name":"ricardocruz","author_link":"https:\/\/goias.gov.br\/saude\/author\/ricardocruz\/"},"rttpg_comment":0,"rttpg_category":null,"rttpg_excerpt":"Importante! Um Conselho Estadual de Sa\u00fade \u00e9 um \u00f3rg\u00e3o colegiado de car\u00e1ter deliberativo e consultivo, criado e regido por legisla\u00e7\u00e3o espec\u00edfica de cada estado. Ele \u00e9 respons\u00e1vel por promover a participa\u00e7\u00e3o da sociedade civil na formula\u00e7\u00e3o, execu\u00e7\u00e3o e acompanhamento das pol\u00edticas p\u00fablicas de sa\u00fade no \u00e2mbito estadual. Geralmente, esses conselhos s\u00e3o compostos por representantes de&hellip;","_links":{"self":[{"href":"https:\/\/goias.gov.br\/saude\/wp-json\/wp\/v2\/pages\/42791","targetHints":{"allow":["GET"]}}],"collection":[{"href":"https:\/\/goias.gov.br\/saude\/wp-json\/wp\/v2\/pages"}],"about":[{"href":"https:\/\/goias.gov.br\/saude\/wp-json\/wp\/v2\/types\/page"}],"author":[{"embeddable":true,"href":"https:\/\/goias.gov.br\/saude\/wp-json\/wp\/v2\/users\/165"}],"replies":[{"embeddable":true,"href":"https:\/\/goias.gov.br\/saude\/wp-json\/wp\/v2\/comments?post=42791"}],"version-history":[{"count":3,"href":"https:\/\/goias.gov.br\/saude\/wp-json\/wp\/v2\/pages\/42791\/revisions"}],"predecessor-version":[{"id":630885,"href":"https:\/\/goias.gov.br\/saude\/wp-json\/wp\/v2\/pages\/42791\/revisions\/630885"}],"up":[{"embeddable":true,"href":"https:\/\/goias.gov.br\/saude\/wp-json\/wp\/v2\/pages\/42783"}],"wp:attachment":[{"href":"https:\/\/goias.gov.br\/saude\/wp-json\/wp\/v2\/media?parent=42791"}],"curies":[{"name":"wp","href":"https:\/\/api.w.org\/{rel}","templated":true}]}}