

{"id":42786,"date":"2024-02-21T07:58:41","date_gmt":"2024-02-21T10:58:41","guid":{"rendered":"https:\/\/goias.gov.br\/saude\/?page_id=42786"},"modified":"2025-12-03T10:01:27","modified_gmt":"2025-12-03T13:01:27","slug":"conselhos-municipais-de-saude","status":"publish","type":"page","link":"https:\/\/goias.gov.br\/saude\/conselhos-municipais-de-saude\/","title":{"rendered":"Conselhos Municipais de Sa\u00fade"},"content":{"rendered":"\t\t<div data-elementor-type=\"wp-page\" data-elementor-id=\"42786\" class=\"elementor elementor-42786\">\n\t\t\t\t<div class=\"elementor-element elementor-element-3bac415 e-flex e-con-boxed e-con e-parent\" data-id=\"3bac415\" data-element_type=\"container\" data-e-type=\"container\">\n\t\t\t\t\t<div class=\"e-con-inner\">\n\t\t\t\t<div class=\"elementor-element elementor-element-7dce8a6 elementor-widget elementor-widget-text-editor\" data-id=\"7dce8a6\" data-element_type=\"widget\" data-e-type=\"widget\" data-widget_type=\"text-editor.default\">\n\t\t\t\t\t\t\t\t\t<div style=\"padding: 10px; background-color: #ededed; border-radius: 4px;\"><h4 style=\"text-align: center; background-color: #00549a; color: #fff; margin: -10px -10px 0 -10px; border-top-right-radius: 4px; border-top-left-radius: 4px; padding: 10px 0;\">Importante!<\/h4><p>Conselhos Municipais de Sa\u00fade s\u00e3o \u00f3rg\u00e3os colegiados de car\u00e1ter deliberativo e permanente, criados por lei, em cada munic\u00edpio do Brasil. Eles t\u00eam a finalidade de formular e controlar a execu\u00e7\u00e3o da pol\u00edtica de sa\u00fade no \u00e2mbito municipal, atuando como inst\u00e2ncias de participa\u00e7\u00e3o da comunidade na gest\u00e3o do Sistema \u00danico de Sa\u00fade (SUS).<\/p><p>Esses conselhos s\u00e3o compostos por representantes do governo, prestadores de servi\u00e7os, profissionais de sa\u00fade e usu\u00e1rios do sistema de sa\u00fade, buscando representar os diversos segmentos da sociedade. Suas principais atribui\u00e7\u00f5es incluem:<\/p><ol><li>Participar da elabora\u00e7\u00e3o do Plano Municipal de Sa\u00fade e acompanhar sua execu\u00e7\u00e3o.<\/li><li>Fiscalizar a aplica\u00e7\u00e3o dos recursos destinados \u00e0 sa\u00fade.<\/li><li>Propor medidas para a melhoria do sistema de sa\u00fade local.<\/li><li>Avaliar a situa\u00e7\u00e3o de sa\u00fade da popula\u00e7\u00e3o e as condi\u00e7\u00f5es de acesso aos servi\u00e7os.<\/li><li>Estabelecer diretrizes para a formula\u00e7\u00e3o das pol\u00edticas de sa\u00fade municipal.<\/li><li>Promover a integra\u00e7\u00e3o entre os diferentes n\u00edveis de gest\u00e3o do SUS (municipal, estadual e federal).<\/li><\/ol><p>Os Conselhos Municipais de Sa\u00fade s\u00e3o fundamentais para garantir a participa\u00e7\u00e3o social na gest\u00e3o da sa\u00fade, contribuindo para a democratiza\u00e7\u00e3o das pol\u00edticas p\u00fablicas e para a efetiva\u00e7\u00e3o do direito \u00e0 sa\u00fade para todos os cidad\u00e3os.<\/p><\/div>\t\t\t\t\t\t\t\t<\/div>\n\t\t\t\t\t<\/div>\n\t\t\t\t<\/div>\n\t\t<div class=\"elementor-element elementor-element-e68cc70 e-flex e-con-boxed e-con e-parent\" data-id=\"e68cc70\" data-element_type=\"container\" data-e-type=\"container\">\n\t\t\t\t\t<div class=\"e-con-inner\">\n\t\t\t\t<div class=\"elementor-element elementor-element-78bf670 elementor-widget elementor-widget-html\" data-id=\"78bf670\" data-element_type=\"widget\" data-e-type=\"widget\" data-widget_type=\"html.default\">\n\t\t\t\t\t<!DOCTYPE html>\r\n<html lang=\"pt-br\" dir=\"ltr\">\r\n<head>\r\n  <meta http-equiv=\"Content-Type\" content=\"text\/html; charset=UTF-8\" \/>\r\n  <style>\r\n    \/* Estilos para desktop *\/\r\n    .container {\r\n      padding: 10px;\r\n    }\r\n\r\n    .section {\r\n      margin-bottom: 10px;\r\n    }\r\n\r\n    .title {\r\n      text-align: center;\r\n      margin: 0 0 24px;\r\n      color: #0c326f;\r\n      font-weight: 600;\r\n      font-size: 2.2rem;\r\n      line-height: 1.5;\r\n    }\r\n\r\n    .cards {\r\n      display: flex;\r\n      justify-content: space-evenly;\r\n      flex-wrap: wrap;\r\n      margin: 0;\r\n      padding: 0;\r\n      list-style: none;\r\n    }\r\n\r\n    .cards li {\r\n      background-color: #ededed;\r\n      box-shadow: 0 3px 6px 0 rgba(0, 0, 0, 0.16);\r\n      text-align: center;\r\n      flex-basis: 23%;\r\n      box-sizing: border-box;\r\n      min-height: 60px;\r\n      margin-bottom: 0.9em;\r\n      line-height: 1.2em;\r\n      display: list-item;\r\n    }\r\n\r\n    .cards li a {\r\n      display: flex;\r\n      justify-content: center;\r\n      align-items: center;\r\n      flex-direction: column;\r\n      width: 100%;\r\n      height: 100%;\r\n      color: #1351b4;\r\n      font-weight: 600;\r\n      text-decoration: none;\r\n    }\r\n\r\n    .cards li i,\r\n    .cards li span {\r\n      font-size: 10px;\r\n      margin-bottom: 30px;\r\n      color: #0c326f;\r\n      width: auto;\r\n      font-weight: 200;\r\n    }\r\n\r\n    .cards li .title {\r\n      font-size: 15px;\r\n      color: #0c326f;\r\n      font-weight: 500;\r\n      margin: 0;\r\n      text-transform: uppercase;\r\n    }\r\n\r\n    \/* Estilos para telas menores *\/\r\n    @media screen and (max-width: 768px) {\r\n      .cards {\r\n        gap: 20px; \/* Espa\u00e7amento entre os cards *\/\r\n        margin-top: 20px; \/* Margem superior para os cards *\/\r\n      }\r\n      .cards li {\r\n        flex-basis: calc(50% - 20px); \/* Tamanho dos cards com espa\u00e7amento *\/\r\n      }\r\n    }\r\n\r\n    @media screen and (max-width: 480px) {\r\n      .cards {\r\n        gap: 15px; \/* Espa\u00e7amento menor entre os cards *\/\r\n        margin-top: 15px; \/* Margem superior menor para os cards *\/\r\n      }\r\n      .cards li {\r\n        flex-basis: calc(100% - 30px); \/* Tamanho dos cards com espa\u00e7amento menor *\/\r\n      }\r\n    }\r\n  <\/style>\r\n<\/head>\r\n<body>\r\n  <div class=\"container\">\r\n    <div class=\"section\">\r\n      <div class=\"suvisa\">\r\n        \r\n        <ul class=\"cards\">\r\n          <li>\r\n                    <a href=\"https:\/\/goias.gov.br\/saude\/wp-content\/uploads\/sites\/34\/2024\/01\/cartilha-de-orientacoes-para-organizacao-e-realizacao-da-eleicao-do-conselho.pdf\" target=\"_blank\">\r\n\r\n                        <div class=\"title\">cartilha para organiza\u00e7\u00e3o dos conselhos municipais<\/div>\r\n                    <\/a>\r\n                <\/li>\r\n                <li>\r\n                    <a href=\"https:\/\/goias.gov.br\/saude\/wp-content\/uploads\/sites\/34\/2024\/01\/cartilhaconferenciamunicipaldesaude.pdf\" target=\"_blank\">\r\n\r\n                        <div class=\"title\">cartilha para organiza\u00e7\u00e3o de confer\u00eancias municipais<\/div>\r\n                    <\/a>\r\n                <\/li>\r\n               \r\n\r\n  \r\n        <\/ul>\r\n      <\/div>\r\n    <\/div>\r\n  <\/div>\r\n<\/body>\r\n<\/html>\r\n\t\t\t\t<\/div>\n\t\t\t\t\t<\/div>\n\t\t\t\t<\/div>\n\t\t\t\t<\/div>\n\t\t","protected":false},"excerpt":{"rendered":"<p>Importante! Conselhos Municipais de Sa\u00fade s\u00e3o \u00f3rg\u00e3os colegiados de car\u00e1ter deliberativo e permanente, criados por lei, em cada munic\u00edpio do Brasil. Eles t\u00eam a finalidade de formular e controlar a execu\u00e7\u00e3o da pol\u00edtica de sa\u00fade no \u00e2mbito municipal, atuando como inst\u00e2ncias de participa\u00e7\u00e3o da comunidade na gest\u00e3o do Sistema \u00danico de Sa\u00fade (SUS). Esses conselhos [&hellip;]<\/p>\n","protected":false},"author":165,"featured_media":0,"parent":0,"menu_order":0,"comment_status":"closed","ping_status":"closed","template":"","meta":{"footnotes":""},"class_list":["post-42786","page","type-page","status-publish","hentry"],"rttpg_featured_image_url":null,"rttpg_author":{"display_name":"ricardocruz","author_link":"https:\/\/goias.gov.br\/saude\/author\/ricardocruz\/"},"rttpg_comment":0,"rttpg_category":null,"rttpg_excerpt":"Importante! Conselhos Municipais de Sa\u00fade s\u00e3o \u00f3rg\u00e3os colegiados de car\u00e1ter deliberativo e permanente, criados por lei, em cada munic\u00edpio do Brasil. Eles t\u00eam a finalidade de formular e controlar a execu\u00e7\u00e3o da pol\u00edtica de sa\u00fade no \u00e2mbito municipal, atuando como inst\u00e2ncias de participa\u00e7\u00e3o da comunidade na gest\u00e3o do Sistema \u00danico de Sa\u00fade (SUS). Esses conselhos&hellip;","_links":{"self":[{"href":"https:\/\/goias.gov.br\/saude\/wp-json\/wp\/v2\/pages\/42786","targetHints":{"allow":["GET"]}}],"collection":[{"href":"https:\/\/goias.gov.br\/saude\/wp-json\/wp\/v2\/pages"}],"about":[{"href":"https:\/\/goias.gov.br\/saude\/wp-json\/wp\/v2\/types\/page"}],"author":[{"embeddable":true,"href":"https:\/\/goias.gov.br\/saude\/wp-json\/wp\/v2\/users\/165"}],"replies":[{"embeddable":true,"href":"https:\/\/goias.gov.br\/saude\/wp-json\/wp\/v2\/comments?post=42786"}],"version-history":[{"count":3,"href":"https:\/\/goias.gov.br\/saude\/wp-json\/wp\/v2\/pages\/42786\/revisions"}],"predecessor-version":[{"id":630831,"href":"https:\/\/goias.gov.br\/saude\/wp-json\/wp\/v2\/pages\/42786\/revisions\/630831"}],"wp:attachment":[{"href":"https:\/\/goias.gov.br\/saude\/wp-json\/wp\/v2\/media?parent=42786"}],"curies":[{"name":"wp","href":"https:\/\/api.w.org\/{rel}","templated":true}]}}