

{"id":42783,"date":"2024-02-21T07:57:25","date_gmt":"2024-02-21T10:57:25","guid":{"rendered":"https:\/\/goias.gov.br\/saude\/?page_id=42783"},"modified":"2026-03-10T13:47:50","modified_gmt":"2026-03-10T16:47:50","slug":"conselho-estadual-de-saude","status":"publish","type":"page","link":"https:\/\/goias.gov.br\/saude\/conselho-estadual-de-saude\/","title":{"rendered":"Conselho Estadual de Sa\u00fade"},"content":{"rendered":"\t\t<div data-elementor-type=\"wp-page\" data-elementor-id=\"42783\" class=\"elementor elementor-42783\">\n\t\t\t\t<div class=\"elementor-element elementor-element-744d392 e-flex e-con-boxed e-con e-parent\" data-id=\"744d392\" data-element_type=\"container\" data-e-type=\"container\">\n\t\t\t\t\t<div class=\"e-con-inner\">\n\t\t<div class=\"elementor-element elementor-element-90f0062 e-con-full e-flex e-con e-child\" data-id=\"90f0062\" data-element_type=\"container\" data-e-type=\"container\">\n\t\t\t\t<div class=\"elementor-element elementor-element-cb13525 elementor-widget elementor-widget-text-editor\" data-id=\"cb13525\" data-element_type=\"widget\" data-e-type=\"widget\" data-widget_type=\"text-editor.default\">\n\t\t\t\t\t\t\t\t\t<h3 class=\"sppb-addon-title\">Composi\u00e7\u00e3o<\/h3><div class=\"sppb-addon-content\"><ul><li><strong>Presidente<\/strong><b>:\u00a0<\/b>Walter da Silva \u00a0Monteiro \u2013 Segmento de Usu\u00e1rios<\/li><li><strong>Vice-presidente:<\/strong> S\u00e9rgio Gomes de Carvalho \u2013 Segmento Gestor\/Prestador<\/li><li><strong>1\u00ba Secret\u00e1rio:<\/strong> Neiton Pedro Chaves \u2013 Segmento de Usu\u00e1rios<\/li><li><strong>2\u00ba Secret\u00e1ria:<\/strong> Marta Maria Neto Silva \u2013 Segmento de Trabalhadores<\/li><li><strong>Secret\u00e1ria Executiva:<\/strong> Inay\u00e1 Rodrigues\u00a0<\/li><\/ul><p style=\"text-align: left;\">(62) 3201-4260 \/ 4255<br \/><a href=\"mailto:conselhosaudegoias@goias.gov.br\">conselhosaudegoias@goias.gov.br<\/a><\/p><p><strong>Localiza\u00e7\u00e3o:<br \/><\/strong><a href=\"https:\/\/maps.app.goo.gl\/pUnyvgiN57Civ7P19\">Avenida Rep\u00fablica do L\u00edbano, Edif\u00edcio Vera L\u00facia, n\u00ba 1875, 5\u00ba Andar, Setor Oeste Goi\u00e2nia &#8211; GO CEP: 74115-924<\/a><\/p><\/div>\t\t\t\t\t\t\t\t<\/div>\n\t\t\t\t<\/div>\n\t\t<div class=\"elementor-element elementor-element-6153427 e-con-full e-flex e-con e-child\" data-id=\"6153427\" data-element_type=\"container\" data-e-type=\"container\">\n\t\t\t\t<div class=\"elementor-element elementor-element-38698d2 elementor-widget elementor-widget-text-editor\" data-id=\"38698d2\" data-element_type=\"widget\" data-e-type=\"widget\" data-widget_type=\"text-editor.default\">\n\t\t\t\t\t\t\t\t\t<p style=\"text-align: justify;\">O Conselho Estadual de Sa\u00fade de Goi\u00e1s (CES-GO) desempenha um papel fundamental como inst\u00e2ncia m\u00e1xima de delibera\u00e7\u00e3o do Sistema \u00danico de Sa\u00fade \u2013 SUS \u2013 no estado, possuindo um car\u00e1ter permanente e deliberativo. Sua miss\u00e3o abrange a delibera\u00e7\u00e3o, fiscaliza\u00e7\u00e3o, acompanhamento e monitoramento das pol\u00edticas p\u00fablicas de sa\u00fade, garantindo assim a efetividade e qualidade dos servi\u00e7os prestados \u00e0 popula\u00e7\u00e3o.<\/p><p style=\"text-align: justify;\">Integrado ao Executivo estadual e vinculado \u00e0 Secretaria Estadual de Sa\u00fade, o CES-GO \u00e9 composto por representantes de diversas entidades e movimentos, incluindo usu\u00e1rios e usu\u00e1rias do sistema de sa\u00fade, trabalhadores e trabalhadoras da \u00e1rea da sa\u00fade, governo e prestadores de servi\u00e7os de sa\u00fade. Essa composi\u00e7\u00e3o diversificada reflete o compromisso do conselho em representar os interesses e necessidades de diferentes segmentos da sociedade.<\/p><p style=\"text-align: justify;\">Al\u00e9m disso, o Conselho possui compet\u00eancias essenciais, como a aprova\u00e7\u00e3o do or\u00e7amento da sa\u00fade e o acompanhamento de sua execu\u00e7\u00e3o or\u00e7ament\u00e1ria, garantindo a correta aplica\u00e7\u00e3o dos recursos destinados ao setor. Outra responsabilidade de destaque \u00e9 a aprova\u00e7\u00e3o, a cada quatro anos, do Plano Estadual de Sa\u00fade, documento fundamental para nortear as a\u00e7\u00f5es e estrat\u00e9gias de sa\u00fade no estado, visando sempre \u00e0 melhoria cont\u00ednua dos servi\u00e7os prestados \u00e0 popula\u00e7\u00e3o goiana.<\/p><p style=\"text-align: justify;\">Al\u00e9m de suas atribui\u00e7\u00f5es fundamentais, o CES-GO tamb\u00e9m atua como um importante canal de participa\u00e7\u00e3o social, promovendo o di\u00e1logo entre a comunidade e as inst\u00e2ncias governamentais na formula\u00e7\u00e3o e implementa\u00e7\u00e3o de pol\u00edticas de sa\u00fade. Por meio de audi\u00eancias p\u00fablicas, consultas e outras formas de intera\u00e7\u00e3o, o Conselho busca garantir que as necessidades e demandas da popula\u00e7\u00e3o sejam consideradas no planejamento e na gest\u00e3o das pol\u00edticas de sa\u00fade em Goi\u00e1s, fortalecendo, assim, os princ\u00edpios democr\u00e1ticos e participativos do SUS.<\/p>\t\t\t\t\t\t\t\t<\/div>\n\t\t\t\t<\/div>\n\t\t\t\t\t<\/div>\n\t\t\t\t<\/div>\n\t\t<div class=\"elementor-element elementor-element-15a8b53 e-flex e-con-boxed e-con e-parent\" data-id=\"15a8b53\" data-element_type=\"container\" data-e-type=\"container\">\n\t\t\t\t\t<div class=\"e-con-inner\">\n\t\t<div class=\"elementor-element elementor-element-9710304 e-con-full e-flex e-con e-child\" data-id=\"9710304\" data-element_type=\"container\" data-e-type=\"container\">\n\t\t\t\t<\/div>\n\t\t<div class=\"elementor-element elementor-element-7322679 e-con-full e-flex e-con e-child\" data-id=\"7322679\" data-element_type=\"container\" data-e-type=\"container\">\n\t\t\t\t<div class=\"elementor-element elementor-element-57be809 elementor-widget elementor-widget-image\" data-id=\"57be809\" data-element_type=\"widget\" data-e-type=\"widget\" data-widget_type=\"image.default\">\n\t\t\t\t\t\t\t\t\t\t\t\t\t\t\t\t<a href=\"https:\/\/goias.gov.br\/saude\/conselho-estadual-de-saude-promove-encontro-estadual-de-saude-etapa-goias\/\" target=\"_blank\">\n\t\t\t\t\t\t\t<img fetchpriority=\"high\" decoding=\"async\" width=\"986\" height=\"1024\" src=\"https:\/\/goias.gov.br\/saude\/wp-content\/uploads\/sites\/34\/2026\/03\/CNS-EES-2026-Marca-GO-986x1024.png\" class=\"attachment-large size-large wp-image-726546\" alt=\"\" srcset=\"https:\/\/goias.gov.br\/saude\/wp-content\/uploads\/sites\/34\/2026\/03\/CNS-EES-2026-Marca-GO-986x1024.png 986w, https:\/\/goias.gov.br\/saude\/wp-content\/uploads\/sites\/34\/2026\/03\/CNS-EES-2026-Marca-GO-289x300.png 289w, https:\/\/goias.gov.br\/saude\/wp-content\/uploads\/sites\/34\/2026\/03\/CNS-EES-2026-Marca-GO-768x797.png 768w, https:\/\/goias.gov.br\/saude\/wp-content\/uploads\/sites\/34\/2026\/03\/CNS-EES-2026-Marca-GO.png 1366w\" sizes=\"(max-width: 986px) 100vw, 986px\" \/>\t\t\t\t\t\t\t\t<\/a>\n\t\t\t\t\t\t\t\t\t\t\t\t\t\t\t<\/div>\n\t\t\t\t<\/div>\n\t\t<div class=\"elementor-element elementor-element-159caf6 e-con-full e-flex e-con e-child\" data-id=\"159caf6\" data-element_type=\"container\" data-e-type=\"container\">\n\t\t\t\t<\/div>\n\t\t\t\t\t<\/div>\n\t\t\t\t<\/div>\n\t\t<div class=\"elementor-element elementor-element-81472ec e-flex e-con-boxed e-con e-parent\" data-id=\"81472ec\" data-element_type=\"container\" data-e-type=\"container\">\n\t\t\t\t\t<div class=\"e-con-inner\">\n\t\t\t\t<div class=\"elementor-element elementor-element-c9ff852 elementor-widget elementor-widget-html\" data-id=\"c9ff852\" data-element_type=\"widget\" data-e-type=\"widget\" data-widget_type=\"html.default\">\n\t\t\t\t\t<!DOCTYPE html>\r\n<html lang=\"pt-br\" dir=\"ltr\">\r\n<head>\r\n  <meta http-equiv=\"Content-Type\" content=\"text\/html; charset=UTF-8\" \/>\r\n  <style>\r\n    \/* Estilos para desktop *\/\r\n    .container {\r\n      padding: 20px;\r\n    }\r\n\r\n    .section {\r\n      margin-bottom: 40px;\r\n    }\r\n\r\n    .title {\r\n      text-align: center;\r\n      margin: 0 0 24px;\r\n      color: #0c326f;\r\n      font-weight: 600;\r\n      font-size: 2.7rem;\r\n      line-height: 1.5;\r\n    }\r\n\r\n    .cards {\r\n      display: flex;\r\n      justify-content: space-evenly;\r\n      flex-wrap: wrap;\r\n      margin: 0;\r\n      padding: 0;\r\n      list-style: none;\r\n    }\r\n\r\n    .cards li {\r\n      background-color: #ededed;\r\n      box-shadow: 0 3px 6px 0 rgba(0, 0, 0, 0.16);\r\n      text-align: center;\r\n      flex-basis: 23%;\r\n      box-sizing: border-box;\r\n      min-height: 230px;\r\n      margin-bottom: 1.2em;\r\n      line-height: 1.5em;\r\n      display: list-item;\r\n    }\r\n\r\n    .cards li a {\r\n      display: flex;\r\n      justify-content: center;\r\n      align-items: center;\r\n      flex-direction: column;\r\n      width: 100%;\r\n      height: 100%;\r\n      color: #1351b4;\r\n      font-weight: 500;\r\n      text-decoration: none;\r\n    }\r\n\r\n    .cards li i,\r\n    .cards li span {\r\n      font-size: 50px;\r\n      margin-bottom: 30px;\r\n      color: #0c326f;\r\n      width: auto;\r\n      font-weight: 900;\r\n    }\r\n\r\n    .cards li .title {\r\n      font-size: 20px;\r\n      color: #0c326f;\r\n      font-weight: 600;\r\n      margin: 0;\r\n      text-transform: uppercase;\r\n    }\r\n\r\n    \/* Estilos para telas menores *\/\r\n    @media screen and (max-width: 768px) {\r\n      .cards {\r\n        gap: 20px; \/* Espa\u00e7amento entre os cards *\/\r\n        margin-top: 20px; margin-bottom: 20px;\/* Margem superior para os cards *\/\r\n      }\r\n      .cards li {\r\n        flex-basis: calc(50% - 20px); \/* Tamanho dos cards com espa\u00e7amento *\/\r\n      }\r\n    }\r\n\r\n    @media screen and (max-width: 480px) {\r\n      .cards {\r\n        gap: 15px; \/* Espa\u00e7amento menor entre os cards *\/\r\n        margin-top: 15px; margin-bottom: 20px; \/* Margem superior menor para os cards *\/\r\n      }\r\n      .cards li {\r\n        flex-basis: calc(100% - 30px); \/* Tamanho dos cards com espa\u00e7amento menor *\/\r\n      }\r\n    }\r\n  <\/style>\r\n\t<div class=\"container\">\r\n        <div class=\"ces\">\r\n            \r\n            <div class=\"title-header\">\r\n               \r\n            <\/div>\r\n            <ul class=\"cards\">\r\n                <li>\r\n                    <a href=\"https:\/\/goias.gov.br\/saude\/conselho-estadual-de-saude\/informacoes\/\" target=\"_blank\">\r\n                        <span class=\"fa-solid fa-comment-medical\"><\/span>\r\n                        <div class=\"title\">informa\u00e7\u00f5es<\/div>\r\n                    <\/a>\r\n                <\/li>\r\n                <li>\r\n                    <a href=\"https:\/\/goias.gov.br\/saude\/reunioes-ordinarias-conselho-estadual-de-saude\/\" target=\"_blank\">\r\n                        <span class=\"fa-solid fa-file-signature\"><\/span>\r\n                        <div class=\"title\">Atas, pautas e reuni\u00f5es<\/div>\r\n                    <\/a>\r\n                <\/li>\r\n\r\n<li>\r\n                    <a href=\"https:\/\/goias.gov.br\/saude\/wp-content\/uploads\/sites\/34\/conselho\/cronograma-reunioes-2026.png\" target=\"_blank\">\r\n                        <span class=\"fa-solid fa-calendar-days\"><\/span>\r\n                        <div class=\"title\">cronograma de reuni\u00f5es<\/div>\r\n                    <\/a>\r\n                <\/li>\r\n                \r\n     <li>\r\n                    <a href=\"https:\/\/goias.gov.br\/saude\/conselho-estadual-de-saude\/conselhos-municipais\/\" target=\"_blank\">\r\n                        <span class=\"fa-solid fa-city\"><\/span>\r\n                        <div class=\"title\">Conselhos municipais<\/div>\r\n                    <\/a>\r\n                <\/li>\r\n\r\n<li>\r\n                    <a href=\"https:\/\/goias.gov.br\/saude\/conferencias-ces\/\" target=\"_blank\">\r\n                        <span class=\"fa-solid fa-users-gear\"><\/span>\r\n                        <div class=\"title\">Confer\u00eancias<\/div>\r\n                    <\/a>\r\n                <\/li>\r\n\r\n<li>\r\n                    <a href=\"https:\/\/goias.gov.br\/saude\/informativos-ces\/\" target=\"_blank\">\r\n                        <span class=\"fa-solid fa-file-image\"><\/span>\r\n                        <div class=\"title\">informativos<\/div>\r\n                    <\/a>\r\n                <\/li>\r\n\r\n<li>\r\n                    <a href=\"https:\/\/goias.gov.br\/saude\/legislacoes-conselho-estadual-de-saude\/\" target=\"_blank\">\r\n                        <span class=\"fa-solid fa-gavel\"><\/span>\r\n                        <div class=\"title\">Legisla\u00e7\u00e3o<\/div>\r\n                    <\/a>\r\n                <\/li>\r\n\r\n<li>\r\n                    <a href=\"https:\/\/goias.gov.br\/saude\/wp-content\/uploads\/sites\/34\/conselho\/codigo-etica-conduta-ces-go.pdf\" target=\"_blank\">\r\n                        <span class=\"fa-solid fa-book-open\"><\/span>\r\n                        <div class=\"title\">c\u00f3digo de \u00e9tica e conduta<\/div>\r\n                    <\/a>\r\n                <\/li>\r\n\r\n<li>\r\n                    <a href=\"https:\/\/goias.gov.br\/saude\/conselho-estadual-de-saude-resolucoes\/\" target=\"_blank\">\r\n                        <span class=\"fa-solid fa-file-circle-check\"><\/span>\r\n                        <div class=\"title\">resolu\u00e7\u00f5es<\/div>\r\n                    <\/a>\r\n                <\/li>\r\n\r\n<li>\r\n                    <a href=\"https:\/\/goias.gov.br\/saude\/wp-content\/uploads\/sites\/34\/files\/conselho\/regimento-interno-ces.pdf\" target=\"_blank\">\r\n                        <span class=\"fa-solid fa-bars-staggered\"><\/span>\r\n                        <div class=\"title\">regimento interno<\/div>\r\n                    <\/a>\r\n                <\/li>\r\n<li>\r\n                    <a href=\"https:\/\/goias.gov.br\/saude\/tags\/conselho-estadual-de-saude\/\" target=\"_blank\">\r\n                        <span class=\"fa-solid fa-newspaper\"><\/span>\r\n                        <div class=\"title\">not\u00edcias<\/div>\r\n                    <\/a>\r\n                <\/li>\r\n      \r\n            <\/ul>\r\n        <\/div>\r\n\t<\/div>\r\n\t\t\t\t<\/div>\n\t\t\t\t\t<\/div>\n\t\t\t\t<\/div>\n\t\t\t\t<\/div>\n\t\t","protected":false},"excerpt":{"rendered":"<p>Composi\u00e7\u00e3o Presidente:\u00a0Walter da Silva \u00a0Monteiro \u2013 Segmento de Usu\u00e1rios Vice-presidente: S\u00e9rgio Gomes de Carvalho \u2013 Segmento Gestor\/Prestador 1\u00ba Secret\u00e1rio: Neiton Pedro Chaves \u2013 Segmento de Usu\u00e1rios 2\u00ba Secret\u00e1ria: Marta Maria Neto Silva \u2013 Segmento de Trabalhadores Secret\u00e1ria Executiva: Inay\u00e1 Rodrigues\u00a0 (62) 3201-4260 \/ 4255conselhosaudegoias@goias.gov.br Localiza\u00e7\u00e3o:Avenida Rep\u00fablica do L\u00edbano, Edif\u00edcio Vera L\u00facia, n\u00ba 1875, 5\u00ba Andar, [&hellip;]<\/p>\n","protected":false},"author":165,"featured_media":0,"parent":0,"menu_order":0,"comment_status":"closed","ping_status":"closed","template":"","meta":{"footnotes":""},"class_list":["post-42783","page","type-page","status-publish","hentry"],"rttpg_featured_image_url":null,"rttpg_author":{"display_name":"ricardocruz","author_link":"https:\/\/goias.gov.br\/saude\/author\/ricardocruz\/"},"rttpg_comment":0,"rttpg_category":null,"rttpg_excerpt":"Composi\u00e7\u00e3o Presidente:\u00a0Walter da Silva \u00a0Monteiro \u2013 Segmento de Usu\u00e1rios Vice-presidente: S\u00e9rgio Gomes de Carvalho \u2013 Segmento Gestor\/Prestador 1\u00ba Secret\u00e1rio: Neiton Pedro Chaves \u2013 Segmento de Usu\u00e1rios 2\u00ba Secret\u00e1ria: Marta Maria Neto Silva \u2013 Segmento de Trabalhadores Secret\u00e1ria Executiva: Inay\u00e1 Rodrigues\u00a0 (62) 3201-4260 \/ 4255conselhosaudegoias@goias.gov.br Localiza\u00e7\u00e3o:Avenida Rep\u00fablica do L\u00edbano, Edif\u00edcio Vera L\u00facia, n\u00ba 1875, 5\u00ba Andar,&hellip;","_links":{"self":[{"href":"https:\/\/goias.gov.br\/saude\/wp-json\/wp\/v2\/pages\/42783","targetHints":{"allow":["GET"]}}],"collection":[{"href":"https:\/\/goias.gov.br\/saude\/wp-json\/wp\/v2\/pages"}],"about":[{"href":"https:\/\/goias.gov.br\/saude\/wp-json\/wp\/v2\/types\/page"}],"author":[{"embeddable":true,"href":"https:\/\/goias.gov.br\/saude\/wp-json\/wp\/v2\/users\/165"}],"replies":[{"embeddable":true,"href":"https:\/\/goias.gov.br\/saude\/wp-json\/wp\/v2\/comments?post=42783"}],"version-history":[{"count":2,"href":"https:\/\/goias.gov.br\/saude\/wp-json\/wp\/v2\/pages\/42783\/revisions"}],"predecessor-version":[{"id":726562,"href":"https:\/\/goias.gov.br\/saude\/wp-json\/wp\/v2\/pages\/42783\/revisions\/726562"}],"wp:attachment":[{"href":"https:\/\/goias.gov.br\/saude\/wp-json\/wp\/v2\/media?parent=42783"}],"curies":[{"name":"wp","href":"https:\/\/api.w.org\/{rel}","templated":true}]}}