

{"id":42499,"date":"2024-02-19T15:09:21","date_gmt":"2024-02-19T18:09:21","guid":{"rendered":"https:\/\/goias.gov.br\/saude\/?page_id=42499"},"modified":"2025-12-03T09:52:21","modified_gmt":"2025-12-03T12:52:21","slug":"coronavirus-covid-19","status":"publish","type":"page","link":"https:\/\/goias.gov.br\/saude\/coronavirus-covid-19\/","title":{"rendered":"Coronav\u00edrus \u2013 Covid-19"},"content":{"rendered":"<div data-post-id=\"19768\" class=\"insert-page insert-page-19768 \"><h3>D&uacute;vidas Frequentes<\/h3>\r\n\r\n<p><b>O que &eacute; o novo coronav&iacute;rus?<\/b><br \/>\r\n<b><\/b>Coronav&iacute;rus &eacute; uma fam&iacute;lia de v&iacute;rus que causam infec&ccedil;&otilde;es respirat&oacute;rias. O novo agente do coronav&iacute;rus foi descoberto em 31\/12\/19 ap&oacute;s casos registrados na China. Provoca a doen&ccedil;a chamada de coronav&iacute;rus (COVID-19).<br \/>\r\n<br \/>\r\n<b><\/b><b>Quais s&atilde;o os sintomas do novo coronav&iacute;rus?<\/b><br \/>\r\nOs sinais e sintomas cl&iacute;nicos s&atilde;o principalmente respirat&oacute;rios, como febre, tosse e dificuldade para respirar.<br \/>\r\n<br \/>\r\n<b><\/b><b>Como o coronav&iacute;rus &eacute; transmitido?<\/b><br \/>\r\nAs investiga&ccedil;&otilde;es sobre as formas de transmiss&atilde;o do coronav&iacute;rus ainda est&atilde;o em andamento, mas a dissemina&ccedil;&atilde;o de pessoa para pessoa, ou seja, a contamina&ccedil;&atilde;o por got&iacute;culas respirat&oacute;rias ou contato, est&aacute; ocorrendo. Qualquer pessoa que tenha contato pr&oacute;ximo (cerca de 1m) com algu&eacute;m com sintomas respirat&oacute;rios est&aacute; em risco de ser exposta &agrave; infec&ccedil;&atilde;o.&nbsp;<br \/>\r\n<br \/>\r\nA transmiss&atilde;o dos coronav&iacute;rus costuma ocorrer por contato pessoal com secre&ccedil;&otilde;es contaminadas, como:<\/p>\r\n\r\n<ul>\r\n\t<li>got&iacute;culas de saliva;<\/li>\r\n\t<li>espirro;<\/li>\r\n\t<li>tosse;<\/li>\r\n\t<li>catarro;<\/li>\r\n\t<li>contato pessoal pr&oacute;ximo, como toque ou aperto de m&atilde;o;<\/li>\r\n\t<li>contato com objetos ou superf&iacute;cies contaminadas, seguido de contato com a boca, nariz ou olhos.<\/li>\r\n<\/ul>\r\n\r\n<p><b>Como prevenir o coronav&iacute;rus?<\/b><b><\/b><\/p>\r\n\r\n<p>A orienta&ccedil;&atilde;o &eacute; adotar cuidados b&aacute;sicos para reduzir o risco geral de contrair ou transmitir infec&ccedil;&otilde;es respirat&oacute;rias agudas, incluindo o coronav&iacute;rus. Entre as medidas est&atilde;o:<\/p>\r\n\r\n<ul>\r\n\t<li>Lavar as m&atilde;os frequentemente com &aacute;gua e sabonete por pelo menos 20 segundos, respeitando os 5 momentos de higieniza&ccedil;&atilde;o. Se n&atilde;o houver &aacute;gua e sabonete, usar um desinfetante para as m&atilde;os &agrave; base de &aacute;lcool;<\/li>\r\n\t<li>Evitar tocar nos olhos, nariz e boca com as m&atilde;os n&atilde;o lavadas;<\/li>\r\n\t<li>Evitar contato pr&oacute;ximo com pessoas doentes;<\/li>\r\n\t<li>Ficar em casa quando estiver doente;<\/li>\r\n\t<li>Cobrir boca e nariz ao tossir ou espirrar com um len&ccedil;o de papel e jogar no lixo;<\/li>\r\n\t<li>Limpar e desinfetar objetos e superf&iacute;cies tocados com freq&uuml;&ecirc;ncia;<\/li>\r\n<\/ul>\r\n\r\n<p>Al&eacute;m disso, n&atilde;o compartilhar objetos de uso pessoal, como talheres, pratos, copos ou garrafas, manter os ambientes bem ventilados, evitar contato pr&oacute;ximo a pessoas que apresentem sinais ou sintomas da doen&ccedil;a.&nbsp;&nbsp;<br \/>\r\n<br \/>\r\nProfissionais de sa&uacute;de devem utilizar medidas de precau&ccedil;&atilde;o padr&atilde;o, de contato e de got&iacute;culas (m&aacute;scara cir&uacute;rgica, luvas, avental n&atilde;o est&eacute;ril e &oacute;culos de prote&ccedil;&atilde;o). Para a realiza&ccedil;&atilde;o de procedimentos que gerem aerossoliza&ccedil;&atilde;o de secre&ccedil;&otilde;es respirat&oacute;rias como intuba&ccedil;&atilde;o, aspira&ccedil;&atilde;o de vias a&eacute;reas ou indu&ccedil;&atilde;o de escarro, dever&aacute; ser utilizado precau&ccedil;&atilde;o por aeross&oacute;is, com uso de m&aacute;scara N95.<\/p>\r\n\r\n<p><b><\/b><\/p>\r\n\r\n<p><b>Como &eacute; feito o diagn&oacute;stico do coronav&iacute;rus?<\/b>&nbsp;<br \/>\r\nO diagn&oacute;stico do coronav&iacute;rus &eacute; feito com a coleta de materiais respirat&oacute;rios com potencial de aerossoliza&ccedil;&atilde;o (aspira&ccedil;&atilde;o de vias a&eacute;reas ou indu&ccedil;&atilde;o de escarro). As amostras ser&atilde;o encaminhadas com urg&ecirc;ncia para o Laborat&oacute;rio Central de Sa&uacute;de P&uacute;blica (Lacen).<br \/>\r\n<br \/>\r\n<b>Como &eacute; feito o tratamento do coronav&iacute;rus?<\/b><b><\/b><br \/>\r\nN&atilde;o existe tratamento espec&iacute;fico para infec&ccedil;&otilde;es causadas por coronav&iacute;rus humano. No caso do coronav&iacute;rus &eacute; indicado repouso e consumo de bastante &aacute;gua, al&eacute;m de algumas medidas adotadas para aliviar os sintomas, conforme cada caso, como, por exemplo:&nbsp;<\/p>\r\n\r\n<ul>\r\n\t<li>Uso de medicamento para dor e febre (antit&eacute;rmicos e analg&eacute;sicos);<\/li>\r\n\t<li>Uso de umidificador no quarto ou tomar banho quente para auxiliar no al&iacute;vio da dor de garanta e tosse;&nbsp;<\/li>\r\n<\/ul>\r\n\r\n<p>Assim que os primeiros sintomas surgirem, &eacute; fundamental procurar ajuda m&eacute;dica imediata para confirmar diagn&oacute;stico e iniciar o tratamento.<br \/>\r\n<br \/>\r\n<b>Se algu&eacute;m apresentar esses sintomas, o que deve ser feito com esse paciente? Qual &eacute; o procedimento do hospital\/m&eacute;dico?<\/b>&nbsp;<br \/>\r\nO caso suspeito deve utilizar m&aacute;scara cir&uacute;rgica e ser acomodado em quarto privativo. O profissional de sa&uacute;de deve coletar as amostras respirat&oacute;rias e encaminhar os&nbsp;<b><u>casos graves<\/u><\/b>&nbsp;para um hospital de refer&ecirc;ncia para isolamento e tratamento.<br \/>\r\n<b><\/b><\/p>\r\n\r\n<p><b>Qualquer hospital pode receber esse paciente?<\/b>&nbsp;<br \/>\r\nOs&nbsp;<b><u>casos graves<\/u><\/b>&nbsp;devem ser encaminhados a um Hospital de Refer&ecirc;ncia estadual para isolamento e tratamento. Os casos leves devem ser acompanhados pela Aten&ccedil;&atilde;o Prim&aacute;ria em Sa&uacute;de e institu&iacute;das medidas de precau&ccedil;&atilde;o domiciliar.<br \/>\r\n<br \/>\r\n<b>Fonte:&nbsp;<\/b>Minist&eacute;rio da Sa&uacute;de<br \/>\r\n&nbsp;<\/p>\r\n<\/div>\n\n\n<div data-post-id=\"18947\" class=\"insert-page insert-page-18947 \"><h3>nforma\u00e7\u00f5es Gerais<\/h3>\n<h5>Fluxos, Guias\u00a0e Protocolos\u00ad<\/h5>\n<ul>\n<li><a id=\"\" title=\"\" href=\"https:\/\/goias.gov.br\/saude\/wp-content\/uploads\/sites\/34\/2020\/03\/guiasaudemental-91d.pdf\" target=\"_blank\" rel=\"noopener\">Guia de Sa\u00fade Mental: Orienta\u00e7\u00f5es para o Cuidado Integral no Enfrentamento da COVID-19 na Rede de Aten\u00e7\u00e3o Psicossocial<\/a><\/li>\n<li><a href=\"https:\/\/goias.gov.br\/saude\/wp-content\/uploads\/sites\/34\/2020\/03\/Livro_Fanut_Covid_19-8e6.pdf\" target=\"_blank\" rel=\"noopener\">Orienta\u00e7\u00f5es em alimenta\u00e7\u00e3o e nutri\u00e7\u00e3o para crian\u00e7as e adolescente com COVID-19 em isolamento domiciliar e ap\u00f3s alta hospitalar &#8211; 14\/08\/2020<\/a><\/li>\n<li><a href=\"https:\/\/goias.gov.br\/saude\/wp-content\/uploads\/sites\/34\/2020\/03\/Livro_Fanut_Covid_19_adultos_idosos-2a4.pdf\" target=\"_blank\" rel=\"noopener\">Orienta\u00e7\u00f5es em alimenta\u00e7\u00e3o e nutri\u00e7\u00e3o para adultos e idosos com COVI-19 em isolamento domiciliar e ap\u00f3s alta hospitalar &#8211; 14\/08\/2020<\/a><\/li>\n<li><a id=\"\" title=\"\" href=\"https:\/\/goias.gov.br\/saude\/wp-content\/uploads\/sites\/34\/2020\/03\/GuiaMS-Recomendacoesdeprotecaotrabalhadores-COVID-19-9c2.pdf\" target=\"\" rel=\"noopener\">Guia MS &#8211; Recomendac\u0327o\u0303es de protec\u0327a\u0303o aos trabalhadores dos servic\u0327os de sau\u0301de no atendimento de COVID-19 &#8211; 17\/04\/2020<\/a><\/li>\n<li><a href=\"https:\/\/goias.gov.br\/saude\/wp-content\/uploads\/sites\/34\/2020\/03\/protocoloderegulacao-f14.pdf\" target=\"_blank\" rel=\"noopener\">Protocolo\u00a0de Regula\u00e7\u00e3o de Interna\u00e7\u00e3o e de Urg\u00eancia e Emerg\u00eancia &#8211; COVID-19<\/a><a href=\"https:\/\/goias.gov.br\/saude\/wp-content\/uploads\/sites\/34\/2020\/03\/protocoloderegulacao-f14.pdf\">\u00a0&#8211; 07\/04\/2020<\/a><\/li>\n<li><a href=\"https:\/\/goias.gov.br\/saude\/wp-content\/uploads\/sites\/34\/2020\/03\/fluxodeatendimento-COVID-19-e99.pdf\" target=\"_blank\" rel=\"noopener\">Fluxo de atendimento para casos moderados e graves<\/a><a href=\"https:\/\/goias.gov.br\/saude\/wp-content\/uploads\/sites\/34\/2020\/03\/fluxodeatendimento-COVID-19-e99.pdf\">\u00a0&#8211; 07\/04\/2020<\/a><\/li>\n<li><a href=\"https:\/\/goias.gov.br\/saude\/wp-content\/uploads\/sites\/34\/2020\/03\/Apresentacao_Coronavirus__Manejo_Clinico-2c5.pdf\">Apresenta\u00e7\u00e3o para as Regionais de Sa\u00fade sobre Covid-19 &#8211; 06\/04\/2020<\/a><\/li>\n<li><a href=\"https:\/\/goias.gov.br\/saude\/wp-content\/uploads\/sites\/34\/2020\/03\/manual_saudemental-coronavirus-346.pdf\" target=\"_blank\" rel=\"noopener\">Guia de Cuidado da Sa\u00fade Mental na Pandemia da COVID-19 e isolamento social &#8211; 02\/04\/2020<\/a><\/li>\n<li><a href=\"https:\/\/goias.gov.br\/saude\/wp-content\/uploads\/sites\/34\/2020\/03\/CartilhaAbreeFecha-329.pdf\" target=\"_blank\" rel=\"noopener\">O\u00a0que abre e fecha durante a quarentena &#8211; 31\/03\/2020<\/a><\/li>\n<li>\u200b\u200b\u200b\u200b\u200b<a href=\"https:\/\/goias.gov.br\/saude\/wp-content\/uploads\/sites\/34\/2020\/03\/manejo_corpos_coronavirus_versao1_25mar20_rev3-780.pdf\">Manejo de corpos no contexto do novo coronav\u00edrus COVID-19 Bras\u00edlia\/DF Vers\u00e3o 1 (23\/03\/2020)<\/a><\/li>\n<\/ul>\n<\/div>\n\n\n<div data-post-id=\"17979\" class=\"insert-page insert-page-17979 \"><h3>Perguntas e Respostas<\/h3>\n<p>\u00a0<\/p>\n\n    <div\n        class=\"la-wrap la-modo-lista\"\n        id=\"la_1\"\n        data-base=\"\/wp-content\/uploads\/sites\/34\/files\/banner_coronavirus\/Perguntas e Respostas\"\n        data-ord=\"asc\"\n        data-per=\"30\"\n        data-page=\"1\"\n    >\n        <div class=\"la-root-slot\"><\/div>\n    <\/div>\n\n    <script>\n    (function () {\n\n        const rootElement = document.getElementById('la_1');\n        if (!rootElement) {\n            return;\n        }\n\n        const ajaxUrl  = 'https:\/\/goias.gov.br\/saude\/wp-admin\/admin-ajax.php';\n        const rootSlot = rootElement.querySelector('.la-root-slot');\n        const basePath = rootElement.dataset.base || '';\n\n        const rootState = {\n            page: parseInt(rootElement.dataset.page || '1', 10) || 1,\n            per:  parseInt(rootElement.dataset.per  || '30', 10) || 30,\n            ord:  (rootElement.dataset.ord === 'desc') ? 'desc' : 'asc'\n        };\n\n        const folderState = new Map();\n\n        function setLoading(isLoading) {\n            rootElement.classList.toggle('loading', !!isLoading);\n        }\n\n        function getOpenFolders() {\n            return Array.from(rootElement.querySelectorAll('.la-folder.open'));\n        }\n\n        function getActiveFolderElement() {\n            const opens = getOpenFolders();\n            return opens.length ? opens[opens.length - 1] : null;\n        }\n\n        function hideAllMetaAndPagination() {\n            rootElement.querySelectorAll('.la-meta, .la-pagination')\n                .forEach(el => el.style.display = 'none');\n        }\n\n        function showMetaForActiveFolder() {\n\n            hideAllMetaAndPagination();\n\n            const activeFolder = getActiveFolderElement();\n\n            if (!activeFolder) {\n                const rootBranch = rootElement.querySelector('.la-root-branch');\n                if (!rootBranch) return;\n\n                rootBranch.querySelectorAll('.la-meta, .la-pagination')\n                    .forEach(el => el.style.display = '');\n                return;\n            }\n\n            const activeRel = activeFolder.getAttribute('data-rel') || '';\n            const activeBranch = Array.from(\n                rootElement.querySelectorAll('.la-branch')\n            ).find(b => (b.getAttribute('data-rel') || '') === activeRel);\n\n            if (!activeBranch) return;\n\n            activeBranch.querySelectorAll('.la-meta, .la-pagination')\n                .forEach(el => el.style.display = '');\n        }\n\n        function ensureFolderState(rel) {\n            if (!folderState.has(rel)) {\n                folderState.set(rel, {\n                    page: 1,\n                    per: rootState.per,\n                    ord: rootState.ord\n                });\n            }\n            return folderState.get(rel);\n        }\n\n        function loadRoot() {\n\n            const formData = new FormData();\n            formData.append('action', 'la_list_root');\n            formData.append('page', String(rootState.page));\n            formData.append('per',  String(rootState.per));\n            formData.append('ord',  String(rootState.ord));\n            formData.append('base', basePath);\n\n            setLoading(true);\n\n            fetch(ajaxUrl, { method: 'POST', body: formData })\n                .then(r => r.text())\n                .then(html => {\n                    rootSlot.innerHTML = html;\n                    setLoading(false);\n                    showMetaForActiveFolder();\n                })\n                .catch(() => setLoading(false));\n        }\n\n        function loadFolder(folderLink, parentLi) {\n\n            const rel   = folderLink.getAttribute('data-rel') || '';\n            const level = folderLink.getAttribute('data-level') || '2';\n            const st    = ensureFolderState(rel);\n\n            const formData = new FormData();\n            formData.append('action', 'la_load_folder');\n            formData.append('rel', rel);\n            formData.append('level', String(level));\n            formData.append('page', String(st.page));\n            formData.append('per',  String(st.per));\n            formData.append('ord',  String(st.ord));\n            formData.append('base', basePath);\n\n            setLoading(true);\n\n            fetch(ajaxUrl, { method: 'POST', body: formData })\n                .then(r => r.text())\n                .then(html => {\n                    parentLi.querySelectorAll(':scope > .la-branch')\n                        .forEach(b => b.remove());\n\n                    parentLi.insertAdjacentHTML('beforeend', html);\n                    setLoading(false);\n                    showMetaForActiveFolder();\n                })\n                .catch(() => setLoading(false));\n        }\n\n        function closeFolder(folderLink) {\n\n            const li = folderLink.closest('li');\n            if (li) {\n                li.querySelectorAll(':scope > .la-branch')\n                    .forEach(b => b.remove());\n            }\n\n            folderLink.classList.remove('open');\n            showMetaForActiveFolder();\n        }\n\n        function openFolder(folderLink) {\n\n            const li = folderLink.closest('li');\n            folderLink.classList.add('open');\n\n            if (li) {\n                loadFolder(folderLink, li);\n            }\n        }\n\n        \/* INIT *\/\n        loadRoot();\n\n        \/* CLICK HANDLERS *\/\n        rootElement.addEventListener('click', function (event) {\n\n            const folderLink = event.target.closest('.la-folder');\n            if (folderLink && rootElement.contains(folderLink)) {\n                event.preventDefault();\n\n                const li = folderLink.closest('li');\n                if (!li) return;\n\n                const branch = li.querySelector(':scope > .la-branch');\n                branch ? closeFolder(folderLink) : openFolder(folderLink);\n                return;\n            }\n\n            const pageLink = event.target.closest('.la-page');\n            if (pageLink && rootElement.contains(pageLink)) {\n                event.preventDefault();\n\n                const newPage = parseInt(pageLink.dataset.page || '1', 10) || 1;\n                const activeFolder = getActiveFolderElement();\n\n                if (!activeFolder) {\n                    rootState.page = newPage;\n                    loadRoot();\n                    return;\n                }\n\n                const rel = activeFolder.getAttribute('data-rel') || '';\n                const st  = ensureFolderState(rel);\n                st.page = newPage;\n\n                const li = activeFolder.closest('li');\n                if (li) {\n                    loadFolder(activeFolder, li);\n                }\n            }\n        });\n\n        \/* CHANGE HANDLERS *\/\n        rootElement.addEventListener('change', function (event) {\n\n            const perSelect = event.target.closest('.la-per');\n            const ordSelect = event.target.closest('.la-ord');\n            if (!perSelect && !ordSelect) return;\n\n            const activeFolder = getActiveFolderElement();\n\n            if (!activeFolder) {\n\n                if (perSelect) {\n                    rootState.per = parseInt(perSelect.value || '30', 10) || 30;\n                }\n                if (ordSelect) {\n                    rootState.ord = (ordSelect.value === 'desc') ? 'desc' : 'asc';\n                }\n\n                rootState.page = 1;\n                loadRoot();\n                return;\n            }\n\n            const rel = activeFolder.getAttribute('data-rel') || '';\n            const st  = ensureFolderState(rel);\n\n            if (perSelect) {\n                st.per = parseInt(perSelect.value || '30', 10) || 30;\n            }\n            if (ordSelect) {\n                st.ord = (ordSelect.value === 'desc') ? 'desc' : 'asc';\n            }\n\n            st.page = 1;\n\n            const li = activeFolder.closest('li');\n            if (li) {\n                loadFolder(activeFolder, li);\n            }\n        });\n\n    })();\n    <\/script>\n    \n<\/div>\n","protected":false},"excerpt":{"rendered":"","protected":false},"author":165,"featured_media":0,"parent":0,"menu_order":0,"comment_status":"closed","ping_status":"closed","template":"","meta":{"footnotes":""},"class_list":["post-42499","page","type-page","status-publish","hentry"],"rttpg_featured_image_url":null,"rttpg_author":{"display_name":"ricardocruz","author_link":"https:\/\/goias.gov.br\/saude\/author\/ricardocruz\/"},"rttpg_comment":0,"rttpg_category":"","rttpg_excerpt":null,"_links":{"self":[{"href":"https:\/\/goias.gov.br\/saude\/wp-json\/wp\/v2\/pages\/42499","targetHints":{"allow":["GET"]}}],"collection":[{"href":"https:\/\/goias.gov.br\/saude\/wp-json\/wp\/v2\/pages"}],"about":[{"href":"https:\/\/goias.gov.br\/saude\/wp-json\/wp\/v2\/types\/page"}],"author":[{"embeddable":true,"href":"https:\/\/goias.gov.br\/saude\/wp-json\/wp\/v2\/users\/165"}],"replies":[{"embeddable":true,"href":"https:\/\/goias.gov.br\/saude\/wp-json\/wp\/v2\/comments?post=42499"}],"version-history":[{"count":2,"href":"https:\/\/goias.gov.br\/saude\/wp-json\/wp\/v2\/pages\/42499\/revisions"}],"predecessor-version":[{"id":630601,"href":"https:\/\/goias.gov.br\/saude\/wp-json\/wp\/v2\/pages\/42499\/revisions\/630601"}],"wp:attachment":[{"href":"https:\/\/goias.gov.br\/saude\/wp-json\/wp\/v2\/media?parent=42499"}],"curies":[{"name":"wp","href":"https:\/\/api.w.org\/{rel}","templated":true}]}}