

{"id":41423,"date":"2024-02-06T11:15:18","date_gmt":"2024-02-06T14:15:18","guid":{"rendered":"https:\/\/goias.gov.br\/saude\/?page_id=41423"},"modified":"2026-02-18T15:06:54","modified_gmt":"2026-02-18T18:06:54","slug":"alertas","status":"publish","type":"page","link":"https:\/\/goias.gov.br\/saude\/alertas\/","title":{"rendered":"Alertas"},"content":{"rendered":"\t\t<div data-elementor-type=\"wp-page\" data-elementor-id=\"41423\" class=\"elementor elementor-41423\">\n\t\t\t\t<div class=\"elementor-element elementor-element-a1548f0 e-flex e-con-boxed e-con e-parent\" data-id=\"a1548f0\" data-element_type=\"container\" data-e-type=\"container\">\n\t\t\t\t\t<div class=\"e-con-inner\">\n\t\t<div class=\"elementor-element elementor-element-3ce2c3f e-con-full e-flex e-con e-child\" data-id=\"3ce2c3f\" data-element_type=\"container\" data-e-type=\"container\">\n\t\t\t\t<div class=\"elementor-element elementor-element-4196a7b elementor-widget elementor-widget-n-accordion\" data-id=\"4196a7b\" data-element_type=\"widget\" data-e-type=\"widget\" data-settings=\"{&quot;default_state&quot;:&quot;all_collapsed&quot;,&quot;max_items_expended&quot;:&quot;one&quot;,&quot;n_accordion_animation_duration&quot;:{&quot;unit&quot;:&quot;ms&quot;,&quot;size&quot;:400,&quot;sizes&quot;:[]}}\" data-widget_type=\"nested-accordion.default\">\n\t\t\t\t\t\t\t<div class=\"e-n-accordion\" aria-label=\"Accordion. Open links with Enter or Space, close with Escape, and navigate with Arrow Keys\">\n\t\t\t\t\t\t<details id=\"e-n-accordion-item-6870\" class=\"e-n-accordion-item\" >\n\t\t\t\t<summary class=\"e-n-accordion-item-title\" data-accordion-index=\"1\" tabindex=\"0\" aria-expanded=\"false\" aria-controls=\"e-n-accordion-item-6870\" >\n\t\t\t\t\t<span class='e-n-accordion-item-title-header'><div class=\"e-n-accordion-item-title-text\"> Alertas Toxicol\u00f3gicos <\/div><\/span>\n\t\t\t\t\t\t\t<span class='e-n-accordion-item-title-icon'>\n\t\t\t<span class='e-opened' ><svg aria-hidden=\"true\" class=\"e-font-icon-svg e-fas-minus\" viewBox=\"0 0 448 512\" xmlns=\"http:\/\/www.w3.org\/2000\/svg\"><path d=\"M416 208H32c-17.67 0-32 14.33-32 32v32c0 17.67 14.33 32 32 32h384c17.67 0 32-14.33 32-32v-32c0-17.67-14.33-32-32-32z\"><\/path><\/svg><\/span>\n\t\t\t<span class='e-closed'><svg aria-hidden=\"true\" class=\"e-font-icon-svg e-fas-plus\" viewBox=\"0 0 448 512\" xmlns=\"http:\/\/www.w3.org\/2000\/svg\"><path d=\"M416 208H272V64c0-17.67-14.33-32-32-32h-32c-17.67 0-32 14.33-32 32v144H32c-17.67 0-32 14.33-32 32v32c0 17.67 14.33 32 32 32h144v144c0 17.67 14.33 32 32 32h32c17.67 0 32-14.33 32-32V304h144c17.67 0 32-14.33 32-32v-32c0-17.67-14.33-32-32-32z\"><\/path><\/svg><\/span>\n\t\t<\/span>\n\n\t\t\t\t\t\t<\/summary>\n\t\t\t\t<div role=\"region\" aria-labelledby=\"e-n-accordion-item-6870\" class=\"elementor-element elementor-element-63fc263 e-con-full e-flex e-con e-child\" data-id=\"63fc263\" data-element_type=\"container\" data-e-type=\"container\">\n\t\t\t\t<div class=\"elementor-element elementor-element-a8f3a71 elementor-widget elementor-widget-text-editor\" data-id=\"a8f3a71\" data-element_type=\"widget\" data-e-type=\"widget\" data-widget_type=\"text-editor.default\">\n\t\t\t\t\t\t\t\t\t<ul><li><a href=\"\/saude\/wp-content\/uploads\/sites\/34\/files\/boletins\/alertas\/toxicologicos\/alertatoxicologicooutubro2020.pdf\" target=\"_blank\" rel=\"noopener noreferrer\">Alerta Toxicol\u00f3gico &#8211; Potenciais riscos da intoxica\u00e7\u00e3o medicamentosa infantil: Intoxica\u00e7\u00e3o por imidazol\u00ednicos nasais &#8211; Outubro\/2020<\/a><\/li><li><a href=\"\/saude\/wp-content\/uploads\/sites\/34\/files\/boletins\/alertas\/toxicologicos\/alertatoxicologicosetembro2020.pdf\" target=\"_blank\" rel=\"noopener noreferrer\">Alerta Toxicol\u00f3gico &#8211; Cresce o n\u00famero de intoxica\u00e7\u00f5es com medicamentos sedativos n\u00e3o benzodiazepnicos no estado de Goi\u00e1s &#8211; Setembro\/2020<\/a><\/li><\/ul>\t\t\t\t\t\t\t\t<\/div>\n\t\t\t\t<\/div>\n\t\t\t\t\t<\/details>\n\t\t\t\t\t\t<details id=\"e-n-accordion-item-6871\" class=\"e-n-accordion-item\" >\n\t\t\t\t<summary class=\"e-n-accordion-item-title\" data-accordion-index=\"2\" tabindex=\"-1\" aria-expanded=\"false\" aria-controls=\"e-n-accordion-item-6871\" >\n\t\t\t\t\t<span class='e-n-accordion-item-title-header'><div class=\"e-n-accordion-item-title-text\"> Alertas Epidemiol\u00f3gicos <\/div><\/span>\n\t\t\t\t\t\t\t<span class='e-n-accordion-item-title-icon'>\n\t\t\t<span class='e-opened' ><svg aria-hidden=\"true\" class=\"e-font-icon-svg e-fas-minus\" viewBox=\"0 0 448 512\" xmlns=\"http:\/\/www.w3.org\/2000\/svg\"><path d=\"M416 208H32c-17.67 0-32 14.33-32 32v32c0 17.67 14.33 32 32 32h384c17.67 0 32-14.33 32-32v-32c0-17.67-14.33-32-32-32z\"><\/path><\/svg><\/span>\n\t\t\t<span class='e-closed'><svg aria-hidden=\"true\" class=\"e-font-icon-svg e-fas-plus\" viewBox=\"0 0 448 512\" xmlns=\"http:\/\/www.w3.org\/2000\/svg\"><path d=\"M416 208H272V64c0-17.67-14.33-32-32-32h-32c-17.67 0-32 14.33-32 32v144H32c-17.67 0-32 14.33-32 32v32c0 17.67 14.33 32 32 32h144v144c0 17.67 14.33 32 32 32h32c17.67 0 32-14.33 32-32V304h144c17.67 0 32-14.33 32-32v-32c0-17.67-14.33-32-32-32z\"><\/path><\/svg><\/span>\n\t\t<\/span>\n\n\t\t\t\t\t\t<\/summary>\n\t\t\t\t<div role=\"region\" aria-labelledby=\"e-n-accordion-item-6871\" class=\"elementor-element elementor-element-f446fa7 e-con-full e-flex e-con e-child\" data-id=\"f446fa7\" data-element_type=\"container\" data-e-type=\"container\">\n\t\t\t\t<div class=\"elementor-element elementor-element-5f00460 elementor-widget elementor-widget-text-editor\" data-id=\"5f00460\" data-element_type=\"widget\" data-e-type=\"widget\" data-widget_type=\"text-editor.default\">\n\t\t\t\t\t\t\t\t\t<ul><li><a href=\"https:\/\/goias.gov.br\/saude\/wp-content\/uploads\/sites\/34\/boletins\/alertas\/epidemiologicos\/Alerta-Epidemiologico-Chikungunya.pdf\" target=\"_blank\" rel=\"noopener\">Alerta Epidemiol\u00f3gico &#8211; Aumento de Casos de Chikungunya &#8211; Fevereiro\/2026<\/a><\/li><li><a class=\"\" href=\"https:\/\/goias.gov.br\/saude\/wp-content\/uploads\/sites\/34\/boletins\/alertas\/epidemiologicos\/Alerta%20Epidemiol%C3%B3gico%20-%20Intoxica%C3%A7%C3%A3o%20Ex%C3%B3gena%20por%20Metanol.pdf\" target=\"_blank\" rel=\"noreferrer noopener\">Alerta Epidemiol\u00f3gico \u2013 Intoxica\u00e7\u00e3o Ex\u00f3gena por Metanol<\/a><\/li><li><a href=\"https:\/\/goias.gov.br\/saude\/wp-content\/uploads\/sites\/34\/boletins\/alertas\/epidemiologicos\/Alerta%20Epidemiol%C3%B3gico%20de%20Mal%C3%A1ria.pdf\" target=\"_blank\" rel=\"noopener\">Alerta Epidemiol\u00f3gico de Mal\u00e1ria<\/a><\/li><li><a href=\"https:\/\/goias.gov.br\/saude\/wp-content\/uploads\/sites\/34\/boletins\/alertas\/epidemiologicos\/alerta-baixa-umidade-08.pdf\" target=\"_blank\" rel=\"noopener\">Alerta Epidemiol\u00f3gico &#8211; Vigidesastres &#8211; Baixa Umidade &#8211; 08\/2024<\/a><\/li><li><a href=\"https:\/\/goias.gov.br\/saude\/wp-content\/uploads\/sites\/34\/boletins\/alertas\/epidemiologicos\/nota-tecnica-coqueluche.pdf\" target=\"_blank\" rel=\"noopener\">Nota T\u00e9cnica n\u00ba 13\/2024 &#8211; Aumento de casos de Coqueluche<\/a><\/li><li><a href=\"\/saude\/wp-content\/uploads\/sites\/34\/boletins\/alertas\/epidemiologicos\/Alerta%20Epidemiol%C3%B3gico%20-%20Baixa%20umidade.pdf\" target=\"_blank\" rel=\"noopener\">Alerta Epidemiol\u00f3gico &#8211; Vigidesastres &#8211; Baixa Umidade &#8211; 07\/2024<\/a><\/li><li><a href=\"\/saude\/wp-content\/uploads\/sites\/34\/boletins\/alertas\/epidemiologicos\/Alerta%20Epidemiol%C3%B3gico%20-%20Coqueluche%20-%20CIEVS_GESP_SUVISA%20-%20jul2024%20%281%29.pdf\" target=\"_blank\" rel=\"noopener\">Alerta Epidemiol\u00f3gico &#8211; Alerta aos servi\u00e7os de sa\u00fade do Goi\u00e1s quanto \u00e0 preven\u00e7\u00e3o e controle da coqueluche &#8211; 07\/2024<\/a><\/li><li><a href=\"\/saude\/wp-content\/uploads\/sites\/34\/files\/boletins\/alertas\/epidemiologicos\/Alerta%20Epidemiol%C3%B3gico%20-%20Alerta%20acerca%20do%20registro%20de%20Febre%20Maculosa%20no%20Estado%20de%20S%C3%A3o%20Paulo.pdf\" target=\"_blank\" rel=\"noopener noreferrer\">Alerta Epidemiol\u00f3gico &#8211; Alerta acerca do registro de Febre Maculosa no Estado de S\u00e3o Paulo<\/a><\/li><li><a href=\"\/saude\/wp-content\/uploads\/sites\/34\/files\/boletins\/alertas\/epidemiologicos\/risco-Monkeypox.pdf\" target=\"_blank\" rel=\"noopener noreferrer\">Alerta Epidemiol\u00f3gico &#8211; Comunicado de Risco de Monkeypox<\/a><\/li><li><a href=\"\/saude\/wp-content\/uploads\/sites\/34\/files\/boletins\/alertas\/epidemiologicos\/HEPATITE%2006%2005%202022.pdf\" target=\"_blank\" rel=\"noopener noreferrer\">Alerta Epidemiol\u00f3gico &#8211; Alerta de Risco Comunicado de Risco Hepatite Aguda Grave de Etiologia Desconhecida em Crian\u00e7as &#8211; 05\/2022<\/a><\/li><li><a href=\"\/saude\/wp-content\/uploads\/sites\/34\/files\/boletins\/alertas\/epidemiologicos\/difteria%2004-22.pdf\" target=\"_blank\" rel=\"noopener noreferrer\">Alerta Epidemiol\u00f3gico &#8211; Comunicado de Risco Difteria &#8211; 04\/2022<\/a><\/li><li><a href=\"\/saude\/wp-content\/uploads\/sites\/34\/files\/boletins\/alertas\/epidemiologicos\/Informe_epidemiologico_chikungunya.pdfmiologico_chikungunya.pdf\" target=\"_blank\" rel=\"noopener noreferrer\">Alerta Epidemiol\u00f3gico &#8211; Surto de Chikungunya &#8211; 05\/2021<\/a><\/li><\/ul>\t\t\t\t\t\t\t\t<\/div>\n\t\t\t\t<\/div>\n\t\t\t\t\t<\/details>\n\t\t\t\t\t\t<details id=\"e-n-accordion-item-6872\" class=\"e-n-accordion-item\" >\n\t\t\t\t<summary class=\"e-n-accordion-item-title\" data-accordion-index=\"3\" tabindex=\"-1\" aria-expanded=\"false\" aria-controls=\"e-n-accordion-item-6872\" >\n\t\t\t\t\t<span class='e-n-accordion-item-title-header'><div class=\"e-n-accordion-item-title-text\"> Alertas Sanit\u00e1rios <\/div><\/span>\n\t\t\t\t\t\t\t<span class='e-n-accordion-item-title-icon'>\n\t\t\t<span class='e-opened' ><svg aria-hidden=\"true\" class=\"e-font-icon-svg e-fas-minus\" viewBox=\"0 0 448 512\" xmlns=\"http:\/\/www.w3.org\/2000\/svg\"><path d=\"M416 208H32c-17.67 0-32 14.33-32 32v32c0 17.67 14.33 32 32 32h384c17.67 0 32-14.33 32-32v-32c0-17.67-14.33-32-32-32z\"><\/path><\/svg><\/span>\n\t\t\t<span class='e-closed'><svg aria-hidden=\"true\" class=\"e-font-icon-svg e-fas-plus\" viewBox=\"0 0 448 512\" xmlns=\"http:\/\/www.w3.org\/2000\/svg\"><path d=\"M416 208H272V64c0-17.67-14.33-32-32-32h-32c-17.67 0-32 14.33-32 32v144H32c-17.67 0-32 14.33-32 32v32c0 17.67 14.33 32 32 32h144v144c0 17.67 14.33 32 32 32h32c17.67 0 32-14.33 32-32V304h144c17.67 0 32-14.33 32-32v-32c0-17.67-14.33-32-32-32z\"><\/path><\/svg><\/span>\n\t\t<\/span>\n\n\t\t\t\t\t\t<\/summary>\n\t\t\t\t<div role=\"region\" aria-labelledby=\"e-n-accordion-item-6872\" class=\"elementor-element elementor-element-7c0c39a e-con-full e-flex e-con e-child\" data-id=\"7c0c39a\" data-element_type=\"container\" data-e-type=\"container\">\n\t\t\t\t<div class=\"elementor-element elementor-element-0ca6c05 elementor-widget elementor-widget-text-editor\" data-id=\"0ca6c05\" data-element_type=\"widget\" data-e-type=\"widget\" data-widget_type=\"text-editor.default\">\n\t\t\t\t\t\t\t\t\t<ul><li><a href=\"https:\/\/goias.gov.br\/saude\/wp-content\/uploads\/sites\/34\/2024\/02\/Alerta-Sanitario-Periodo-Chuvoso-e-as-Inundacoes-em-Goias-02.12.2022.pdf\" target=\"_blank\" rel=\"noopener\">Alerta Sanit\u00e1rio: Per\u00edodo Chuvoso e as Inunda\u00e7\u00f5es em Goi\u00e1s &#8211; 02\/12\/2022<\/a><\/li><li><a href=\"\/saude\/wp-content\/uploads\/sites\/34\/files\/boletins\/alertas\/sanitarios\/2022\/alertasanitarioubv.pdf\" target=\"_blank\" rel=\"noopener noreferrer\">Alerta Sanit\u00e1rio:\u00a0Bombas de UBV Veiculares para Controle Qu\u00edmico do<em>\u00a0Aedes aegypti<\/em>\u00a0em 2022<\/a><\/li><li><a href=\"https:\/\/goias.gov.br\/saude\/wp-content\/uploads\/sites\/34\/2024\/02\/alerta_sanitario_risco_enchentes_rio_do_peixe_goias.pdf\" target=\"_blank\" rel=\"noopener\">Alerta Sanit\u00e1rio: Per\u00edodo Chuvoso e as Inunda\u00e7\u00f5es em Goi\u00e1s &#8211; 07\/12\/2021<\/a><\/li><\/ul>\t\t\t\t\t\t\t\t<\/div>\n\t\t\t\t<\/div>\n\t\t\t\t\t<\/details>\n\t\t\t\t\t<\/div>\n\t\t\t\t\t\t<\/div>\n\t\t\t\t<\/div>\n\t\t\t\t\t<\/div>\n\t\t\t\t<\/div>\n\t\t\t\t<\/div>\n\t\t","protected":false},"excerpt":{"rendered":"<p>Alertas Toxicol\u00f3gicos Alerta Toxicol\u00f3gico &#8211; Potenciais riscos da intoxica\u00e7\u00e3o medicamentosa infantil: Intoxica\u00e7\u00e3o por imidazol\u00ednicos nasais &#8211; Outubro\/2020 Alerta Toxicol\u00f3gico &#8211; Cresce o n\u00famero de intoxica\u00e7\u00f5es com medicamentos sedativos n\u00e3o benzodiazepnicos no estado de Goi\u00e1s &#8211; Setembro\/2020 Alertas Epidemiol\u00f3gicos Alerta Epidemiol\u00f3gico &#8211; Aumento de Casos de Chikungunya &#8211; Fevereiro\/2026 Alerta Epidemiol\u00f3gico \u2013 Intoxica\u00e7\u00e3o Ex\u00f3gena por Metanol [&hellip;]<\/p>\n","protected":false},"author":165,"featured_media":0,"parent":0,"menu_order":0,"comment_status":"closed","ping_status":"closed","template":"","meta":{"footnotes":""},"class_list":["post-41423","page","type-page","status-publish","hentry"],"rttpg_featured_image_url":null,"rttpg_author":{"display_name":"ricardocruz","author_link":"https:\/\/goias.gov.br\/saude\/author\/ricardocruz\/"},"rttpg_comment":0,"rttpg_category":null,"rttpg_excerpt":"Alertas Toxicol\u00f3gicos Alerta Toxicol\u00f3gico &#8211; Potenciais riscos da intoxica\u00e7\u00e3o medicamentosa infantil: Intoxica\u00e7\u00e3o por imidazol\u00ednicos nasais &#8211; Outubro\/2020 Alerta Toxicol\u00f3gico &#8211; Cresce o n\u00famero de intoxica\u00e7\u00f5es com medicamentos sedativos n\u00e3o benzodiazepnicos no estado de Goi\u00e1s &#8211; Setembro\/2020 Alertas Epidemiol\u00f3gicos Alerta Epidemiol\u00f3gico &#8211; Aumento de Casos de Chikungunya &#8211; Fevereiro\/2026 Alerta Epidemiol\u00f3gico \u2013 Intoxica\u00e7\u00e3o Ex\u00f3gena por Metanol&hellip;","_links":{"self":[{"href":"https:\/\/goias.gov.br\/saude\/wp-json\/wp\/v2\/pages\/41423","targetHints":{"allow":["GET"]}}],"collection":[{"href":"https:\/\/goias.gov.br\/saude\/wp-json\/wp\/v2\/pages"}],"about":[{"href":"https:\/\/goias.gov.br\/saude\/wp-json\/wp\/v2\/types\/page"}],"author":[{"embeddable":true,"href":"https:\/\/goias.gov.br\/saude\/wp-json\/wp\/v2\/users\/165"}],"replies":[{"embeddable":true,"href":"https:\/\/goias.gov.br\/saude\/wp-json\/wp\/v2\/comments?post=41423"}],"version-history":[{"count":2,"href":"https:\/\/goias.gov.br\/saude\/wp-json\/wp\/v2\/pages\/41423\/revisions"}],"predecessor-version":[{"id":706003,"href":"https:\/\/goias.gov.br\/saude\/wp-json\/wp\/v2\/pages\/41423\/revisions\/706003"}],"wp:attachment":[{"href":"https:\/\/goias.gov.br\/saude\/wp-json\/wp\/v2\/media?parent=41423"}],"curies":[{"name":"wp","href":"https:\/\/api.w.org\/{rel}","templated":true}]}}