

{"id":413050,"date":"2025-06-17T09:36:23","date_gmt":"2025-06-17T12:36:23","guid":{"rendered":"https:\/\/goias.gov.br\/saude\/?page_id=413050"},"modified":"2025-12-02T11:16:18","modified_gmt":"2025-12-02T14:16:18","slug":"manuais-sistema-de-informacao-sinan","status":"publish","type":"page","link":"https:\/\/goias.gov.br\/saude\/manuais-sistema-de-informacao-sinan\/","title":{"rendered":"Manuais \u2013 Sistema de Informa\u00e7\u00e3o Sinan"},"content":{"rendered":"\t\t<div data-elementor-type=\"wp-page\" data-elementor-id=\"413050\" class=\"elementor elementor-413050\">\n\t\t\t\t<div class=\"elementor-element elementor-element-0be6b58 e-flex e-con-boxed e-con e-parent\" data-id=\"0be6b58\" data-element_type=\"container\" data-e-type=\"container\">\n\t\t\t\t\t<div class=\"e-con-inner\">\n\t\t\t\t<div class=\"elementor-element elementor-element-06e5a3e elementor-widget elementor-widget-html\" data-id=\"06e5a3e\" data-element_type=\"widget\" data-e-type=\"widget\" data-widget_type=\"html.default\">\n\t\t\t\t\t<!DOCTYPE html>\r\n<html lang=\"pt-br\" dir=\"ltr\">\r\n<head>\r\n  <meta http-equiv=\"Content-Type\" content=\"text\/html; charset=UTF-8\" \/>\r\n  <style>\r\n    \/* Estilos para desktop *\/\r\n    .container {\r\n      padding: 10px;\r\n    }\r\n\r\n    .section {\r\n      margin-bottom: 10px;\r\n    }\r\n\r\n    .title {\r\n      text-align: center;\r\n      margin: 0 0 24px;\r\n      color: #0c326f;\r\n      font-weight: 600;\r\n      font-size: 2.2rem;\r\n      line-height: 1.5;\r\n    }\r\n\r\n    .cards {\r\n      display: flex;\r\n      justify-content: space-evenly;\r\n      flex-wrap: wrap;\r\n      margin: 0;\r\n      padding: 0;\r\n      list-style: none;\r\n    }\r\n\r\n    .cards li {\r\n      background-color: #ededed;\r\n      box-shadow: 0 3px 6px 0 rgba(0, 0, 0, 0.16);\r\n      text-align: center;\r\n      flex-basis: 23%;\r\n      box-sizing: border-box;\r\n      min-height: 60px;\r\n      margin-bottom: 0.9em;\r\n      line-height: 1.2em;\r\n      display: list-item;\r\n    }\r\n\r\n    .cards li a {\r\n      display: flex;\r\n      justify-content: center;\r\n      align-items: center;\r\n      flex-direction: column;\r\n      width: 100%;\r\n      height: 100%;\r\n      color: #1351b4;\r\n      font-weight: 600;\r\n      text-decoration: none;\r\n    }\r\n\r\n    .cards li i,\r\n    .cards li span {\r\n      font-size: 10px;\r\n      margin-bottom: 30px;\r\n      color: #0c326f;\r\n      width: auto;\r\n      font-weight: 200;\r\n    }\r\n\r\n    .cards li .title {\r\n      font-size: 15px;\r\n      color: #0c326f;\r\n      font-weight: 500;\r\n      margin: 0;\r\n      text-transform: uppercase;\r\n    }\r\n\r\n    \/* Estilos para telas menores *\/\r\n    @media screen and (max-width: 768px) {\r\n      .cards {\r\n        gap: 20px; \/* Espa\u00e7amento entre os cards *\/\r\n        margin-top: 20px; \/* Margem superior para os cards *\/\r\n      }\r\n      .cards li {\r\n        flex-basis: calc(50% - 20px); \/* Tamanho dos cards com espa\u00e7amento *\/\r\n      }\r\n    }\r\n\r\n    @media screen and (max-width: 480px) {\r\n      .cards {\r\n        gap: 15px; \/* Espa\u00e7amento menor entre os cards *\/\r\n        margin-top: 15px; \/* Margem superior menor para os cards *\/\r\n      }\r\n      .cards li {\r\n        flex-basis: calc(100% - 30px); \/* Tamanho dos cards com espa\u00e7amento menor *\/\r\n      }\r\n    }\r\n  <\/style>\r\n<\/head>\r\n<body>\r\n  <div class=\"container\">\r\n    <div class=\"section\">\r\n      <div class=\"suvisa\">\r\n        \r\n        <ul class=\"cards\">\r\n          <li>\r\n                    <a href=\"https:\/\/goias.gov.br\/saude\/wp-content\/uploads\/sites\/34\/vigilancia-em-saude\/vigilancia-epidemiologica\/manuais-sinan\/Manual%20CORRE%C3%87%C3%95ES%20DADOS%20ESUS%20NOTIFICA%20CORONAVIRUS.zip\">\r\n\r\n                        <div class=\"title\">Manual CORRE\u00c7\u00d5ES DADOS ESUS NOTIFICA CORONAV\u00cdRUS<\/div>\r\n                    <\/a>\r\n                <\/li>\r\n                <li>\r\n                    <a href=\"https:\/\/goias.gov.br\/saude\/wp-content\/uploads\/sites\/34\/vigilancia-em-saude\/vigilancia-epidemiologica\/manuais-sinan\/Manual%20DE%20INSTALA%C3%87%C3%83O%20E%20CONFIGURA%C3%87%C3%83O%20SINAN-NET.zip\">\r\n\r\n                        <div class=\"title\">Manual DE INSTALA\u00c7\u00c3O E CONFIGURA\u00c7\u00c3O SINAN NET<\/div>\r\n                    <\/a>\r\n                <\/li>\r\n               \r\n        <li>\r\n                    <a href=\"https:\/\/goias.gov.br\/saude\/wp-content\/uploads\/sites\/34\/vigilancia-em-saude\/vigilancia-epidemiologica\/manuais-sinan\/Manual%20ESUS%20NOTIFICA%20CHAGAS%20CR%C3%94NICO.zip\">\r\n\r\n                        <div class=\"title\">Manual ESUS NOTIFICA CHAGAS CR\u00d4NICO<\/div>\r\n                    <\/a>\r\n                <\/li>\r\n\r\n        <li>\r\n                    <a href=\"https:\/\/goias.gov.br\/saude\/wp-content\/uploads\/sites\/34\/vigilancia-em-saude\/vigilancia-epidemiologica\/manuais-sinan\/manual%20ESUS%20NOTIFICA%20CORONAVIRUS.zip\">\r\n\r\n                        <div class=\"title\">manual ESUS NOTIFICA CORONAVIRUS<\/div>\r\n                    <\/a>\r\n                <\/li>\r\n\r\n        <li>\r\n                    <a href=\"https:\/\/goias.gov.br\/saude\/wp-content\/uploads\/sites\/34\/vigilancia-em-saude\/vigilancia-epidemiologica\/manuais-sinan\/Manual%20ESUS%20SINAN%20MONKEYPOX%20e%20FEBRE%20DO%20OROPOUCHE.zip\">\r\n\r\n                        <div class=\"title\">Manual ESUS SINAN MONKEYPOX e FEBRE DO OROPOUCHE<\/div>\r\n                    <\/a>\r\n                <\/li>\r\n\r\n        <li>\r\n                    <a href=\"https:\/\/goias.gov.br\/saude\/wp-content\/uploads\/sites\/34\/vigilancia-em-saude\/vigilancia-epidemiologica\/manuais-sinan\/Manual%20GAL.zip\">\r\n\r\n                        <div class=\"title\">Manual GAL<\/div>\r\n                    <\/a>\r\n                <\/li>\r\n\r\n        <li>\r\n                    <a href=\"https:\/\/goias.gov.br\/saude\/wp-content\/uploads\/sites\/34\/vigilancia-em-saude\/vigilancia-epidemiologica\/manuais-sinan\/Manual%20LOCALIDADE.zip\">\r\n\r\n                        <div class=\"title\">Manual LOCALIDADE<\/div>\r\n                    <\/a>\r\n                <\/li>\r\n\r\n        <li>\r\n                    <a href=\"https:\/\/goias.gov.br\/saude\/wp-content\/uploads\/sites\/34\/vigilancia-em-saude\/vigilancia-epidemiologica\/manuais-sinan\/Manual%20NORMAS%20E%20ROTINAS%20SINAN%202007.zip\">\r\n\r\n                        <div class=\"title\">Manual NORMAS E ROTINAS SINAN 2007<\/div>\r\n                    <\/a>\r\n                <\/li>\r\n\r\n        <li>\r\n                    <a href=\"https:\/\/goias.gov.br\/saude\/wp-content\/uploads\/sites\/34\/vigilancia-em-saude\/vigilancia-epidemiologica\/manuais-sinan\/Manual%20SILT.zip\">\r\n\r\n                        <div class=\"title\">Manual SILT<\/div>\r\n                    <\/a>\r\n                <\/li>\r\n\r\n        <li>\r\n                    <a href=\"https:\/\/goias.gov.br\/saude\/wp-content\/uploads\/sites\/34\/vigilancia-em-saude\/vigilancia-epidemiologica\/manuais-sinan\/Manual%20SINAN%20FLUXO%20DE%20RETORNO.zip\">\r\n\r\n                        <div class=\"title\">Manual SINAN FLUXO DE RETORNO<\/div>\r\n                    <\/a>\r\n                <\/li>\r\n\r\n        <li>\r\n                    <a href=\"https:\/\/goias.gov.br\/saude\/wp-content\/uploads\/sites\/34\/vigilancia-em-saude\/vigilancia-epidemiologica\/manuais-sinan\/Manual%20SINAN%20NET.zip\">\r\n\r\n                        <div class=\"title\">Manual SINAN NET<\/div>\r\n                    <\/a>\r\n                <\/li>\r\n\r\n        <li>\r\n                    <a href=\"https:\/\/goias.gov.br\/saude\/wp-content\/uploads\/sites\/34\/vigilancia-em-saude\/vigilancia-epidemiologica\/manuais-sinan\/Manual%20SINAN%20ONLINE%20DENGUE.zip\">\r\n\r\n                        <div class=\"title\">Manual SINAN ONLINE DENGUE<\/div>\r\n                    <\/a>\r\n                <\/li>\r\n\r\n        <li>\r\n                    <a href=\"https:\/\/goias.gov.br\/saude\/wp-content\/uploads\/sites\/34\/vigilancia-em-saude\/vigilancia-epidemiologica\/manuais-sinan\/Manual%20SINAN%20RELAT%C3%93RIOS%205.0.zip\">\r\n\r\n                        <div class=\"title\">Manual SINAN RELAT\u00d3RIOS 5.0<\/div>\r\n                    <\/a>\r\n                <\/li>\r\n\r\n        <li>\r\n                    <a href=\"https:\/\/goias.gov.br\/saude\/wp-content\/uploads\/sites\/34\/vigilancia-em-saude\/vigilancia-epidemiologica\/manuais-sinan\/Manual%20SITETB.zip\">\r\n\r\n                        <div class=\"title\">Manual SITETB<\/div>\r\n                    <\/a>\r\n                <\/li>\r\n\r\n        <li>\r\n                    <a href=\"https:\/\/goias.gov.br\/saude\/wp-content\/uploads\/sites\/34\/vigilancia-em-saude\/vigilancia-epidemiologica\/manuais-sinan\/manual%20SIVEP%20GRIPE.zip\">\r\n\r\n                        <div class=\"title\">manual SIVEP GRIPE<\/div>\r\n                    <\/a>\r\n                <\/li>\r\n\r\n        <li>\r\n                    <a href=\"https:\/\/goias.gov.br\/saude\/wp-content\/uploads\/sites\/34\/vigilancia-em-saude\/vigilancia-epidemiologica\/manuais-sinan\/Manual%20SIVEPDDA.zip\">\r\n\r\n                        <div class=\"title\">Manual SIVEPDDA<\/div>\r\n                    <\/a>\r\n                <\/li>\r\n\r\n     <li>\r\n                    <a href=\"https:\/\/goias.gov.br\/saude\/wp-content\/uploads\/sites\/34\/vigilancia-em-saude\/vigilancia-epidemiologica\/manuais-sinan\/Manual%20TABWIN.zip\">\r\n\r\n                        <div class=\"title\">Manual TABWIN<\/div>\r\n                    <\/a>\r\n                <\/li>\r\n\r\n  \r\n        <\/ul>\r\n      <\/div>\r\n    <\/div>\r\n  <\/div>\r\n<\/body>\r\n<\/html>\r\n\t\t\t\t<\/div>\n\t\t\t\t\t<\/div>\n\t\t\t\t<\/div>\n\t\t\t\t<\/div>\n\t\t","protected":false},"excerpt":{"rendered":"<p>Manual CORRE\u00c7\u00d5ES DADOS ESUS NOTIFICA CORONAV\u00cdRUS Manual DE INSTALA\u00c7\u00c3O E CONFIGURA\u00c7\u00c3O SINAN NET Manual ESUS NOTIFICA CHAGAS CR\u00d4NICO manual ESUS NOTIFICA CORONAVIRUS Manual ESUS SINAN MONKEYPOX e FEBRE DO OROPOUCHE Manual GAL Manual LOCALIDADE Manual NORMAS E ROTINAS SINAN 2007 Manual SILT Manual SINAN FLUXO DE RETORNO Manual SINAN NET Manual SINAN ONLINE DENGUE Manual [&hellip;]<\/p>\n","protected":false},"author":165,"featured_media":0,"parent":0,"menu_order":0,"comment_status":"closed","ping_status":"closed","template":"","meta":{"footnotes":""},"class_list":["post-413050","page","type-page","status-publish","hentry"],"rttpg_featured_image_url":null,"rttpg_author":{"display_name":"ricardocruz","author_link":"https:\/\/goias.gov.br\/saude\/author\/ricardocruz\/"},"rttpg_comment":0,"rttpg_category":null,"rttpg_excerpt":"Manual CORRE\u00c7\u00d5ES DADOS ESUS NOTIFICA CORONAV\u00cdRUS Manual DE INSTALA\u00c7\u00c3O E CONFIGURA\u00c7\u00c3O SINAN NET Manual ESUS NOTIFICA CHAGAS CR\u00d4NICO manual ESUS NOTIFICA CORONAVIRUS Manual ESUS SINAN MONKEYPOX e FEBRE DO OROPOUCHE Manual GAL Manual LOCALIDADE Manual NORMAS E ROTINAS SINAN 2007 Manual SILT Manual SINAN FLUXO DE RETORNO Manual SINAN NET Manual SINAN ONLINE DENGUE Manual&hellip;","_links":{"self":[{"href":"https:\/\/goias.gov.br\/saude\/wp-json\/wp\/v2\/pages\/413050","targetHints":{"allow":["GET"]}}],"collection":[{"href":"https:\/\/goias.gov.br\/saude\/wp-json\/wp\/v2\/pages"}],"about":[{"href":"https:\/\/goias.gov.br\/saude\/wp-json\/wp\/v2\/types\/page"}],"author":[{"embeddable":true,"href":"https:\/\/goias.gov.br\/saude\/wp-json\/wp\/v2\/users\/165"}],"replies":[{"embeddable":true,"href":"https:\/\/goias.gov.br\/saude\/wp-json\/wp\/v2\/comments?post=413050"}],"version-history":[{"count":3,"href":"https:\/\/goias.gov.br\/saude\/wp-json\/wp\/v2\/pages\/413050\/revisions"}],"predecessor-version":[{"id":623190,"href":"https:\/\/goias.gov.br\/saude\/wp-json\/wp\/v2\/pages\/413050\/revisions\/623190"}],"wp:attachment":[{"href":"https:\/\/goias.gov.br\/saude\/wp-json\/wp\/v2\/media?parent=413050"}],"curies":[{"name":"wp","href":"https:\/\/api.w.org\/{rel}","templated":true}]}}