

{"id":40834,"date":"2024-01-26T11:19:24","date_gmt":"2024-01-26T14:19:24","guid":{"rendered":"https:\/\/siteshom.goias.gov.br\/saude\/?page_id=40834"},"modified":"2025-12-03T08:56:16","modified_gmt":"2025-12-03T11:56:16","slug":"informacoes","status":"publish","type":"page","link":"https:\/\/goias.gov.br\/saude\/gerencia-de-transplantes\/informacoes\/","title":{"rendered":"Informa\u00e7\u00f5es"},"content":{"rendered":"\t\t<div data-elementor-type=\"wp-page\" data-elementor-id=\"40834\" class=\"elementor elementor-40834\">\n\t\t\t\t<div class=\"elementor-element elementor-element-85e7607 e-flex e-con-boxed e-con e-parent\" data-id=\"85e7607\" data-element_type=\"container\" data-e-type=\"container\">\n\t\t\t\t\t<div class=\"e-con-inner\">\n\t\t\t\t<div class=\"elementor-element elementor-element-9e94089 elementor-widget elementor-widget-text-editor\" data-id=\"9e94089\" data-element_type=\"widget\" data-e-type=\"widget\" data-widget_type=\"text-editor.default\">\n\t\t\t\t\t\t\t\t\t<div style=\"padding: 10px; background-color: #ededed; border-radius: 4px;\"><h4 style=\"text-align: center; background-color: #00549a; color: #fff; margin: -10px -10px 0 -10px; border-top-right-radius: 4px; border-top-left-radius: 4px; padding: 10px 0;\">Perguntas e Respostas<\/h4><ol><li><strong>O que preciso fazer para ser doador de \u00f3rg\u00e3os?<\/strong><br \/>Para ser doador, no Brasil, voc\u00ea n\u00e3o precisa deixar nada por escrito, em nenhum documento. Muitas pessoas acham que \u00e9 preciso registrar a op\u00e7\u00e3o de doador de \u00f3rg\u00e3os em qualquer documento pessoal, mas isso n\u00e3o \u00e9 mais necess\u00e1rio. Basta voc\u00ea conversar com sua fam\u00edlia sobre seu desejo de ser doador. A doa\u00e7\u00e3o de \u00f3rg\u00e3os s\u00f3 acontecer\u00e1 ap\u00f3s a autoriza\u00e7\u00e3o da fam\u00edlia.<\/li><li><strong>Quais os tipos de doadores que existem?<\/strong><br \/><em>Doador vivo:<\/em>\u00a0qualquer pessoa saud\u00e1vel que concorde com a doa\u00e7\u00e3o, desde que n\u00e3o prejudique sua pr\u00f3pria sa\u00fade e seja compat\u00edvel com a pessoa que vai receber o \u00f3rg\u00e3o. O doador vivo pode doar um dos rins, parte do f\u00edgado, parte da medula \u00f3ssea e parte do pulm\u00e3o. Pela lei, parentes at\u00e9 quarto grau (pais, filhos, irm\u00e3os, av\u00f3s, netos, tios e primos), al\u00e9m dos c\u00f4njuges, podem ser doadores em vida. Para os n\u00e3o parentes, somente com autoriza\u00e7\u00e3o judicial.<br \/><em>Doador falecido:<\/em>\u00a0s\u00e3o pacientes com morte encef\u00e1lica, geralmente v\u00edtimas de cat\u00e1strofes cerebrais, como traumatismo craniano graves ou AVC (derrame cerebral) extenso. Podem doar \u00f3rg\u00e3os e tecidos, com autoriza\u00e7\u00e3o de parente at\u00e9 2\u00ba grau, sendo grande o n\u00famero de doadores em morte encef\u00e1lica cujas doa\u00e7\u00f5es n\u00e3o acontecem e, consequentemente, muitas pessoas deixam de ser contempladas com t\u00e3o importante procedimento.<\/li><li><strong>Quais os \u00f3rg\u00e3os e tecidos que podem ser obtidos de um doador falecido?<\/strong><br \/><em>\u00d3rg\u00e3os:<\/em>\u00a0cora\u00e7\u00e3o, pulm\u00f5es, f\u00edgado, p\u00e2ncreas, intestino e rins.<em>Tecidos:<\/em>\u00a0c\u00f3rneas, vasos sangu\u00edneos, ossos, tend\u00f5es, pele, medula \u00f3ssea e v\u00e1lvulas card\u00edacas. Portanto, um \u00fanico doador pode salvar ou melhorar muitas vidas. A retirada dos \u00f3rg\u00e3os e tecidos se realiza em centro cir\u00fargico, como qualquer outra cirurgia.<\/li><li><strong>Para quem v\u00e3o os \u00f3rg\u00e3os?<\/strong><br \/>Os \u00f3rg\u00e3os doados v\u00e3o para pacientes que necessitam de um transplante e est\u00e3o aguardando em fila \u00fanica, definida pela Central de Transplantes da Secretaria de Sa\u00fade de cada Estado e controlada pelo Sistema Nacional de Transplantes. Quem ir\u00e1 receb\u00ea-los depende de diversos fatores, tais como compatibilidade, idade, doen\u00e7as associadas, maior ou menor urg\u00eancia, conforme avalia\u00e7\u00e3o da equipe cir\u00fargica e sempre com o conhecimento do receptor.<\/li><li><strong>Posso ter certeza do diagn\u00f3stico de morte encef\u00e1lica?<\/strong><br \/>Sim. O diagn\u00f3stico de morte encef\u00e1lica \u00e9 regulamentado pelo Conselho Federal de Medicina. Dois m\u00e9dicos de diferentes \u00e1reas examinam o paciente, sempre com a comprova\u00e7\u00e3o de um exame complementar, que \u00e9 interpretado por um m\u00e9dico. N\u00e3o existe d\u00favida quanto ao diagn\u00f3stico.<\/li><li><strong>Ap\u00f3s a doa\u00e7\u00e3o o corpo do doador fica deformado?<\/strong><br \/>N\u00e3o. O processo de retirada dos \u00f3rg\u00e3os \u00e9 uma cirurgia como qualquer outra, restando apenas a incis\u00e3o. O doador poder\u00e1 ser velado normalmente.<\/li><\/ol><\/div>\t\t\t\t\t\t\t\t<\/div>\n\t\t\t\t\t<\/div>\n\t\t\t\t<\/div>\n\t\t<div class=\"elementor-element elementor-element-20e2606 e-flex e-con-boxed e-con e-parent\" data-id=\"20e2606\" data-element_type=\"container\" data-e-type=\"container\">\n\t\t\t\t\t<div class=\"e-con-inner\">\n\t\t\t\t<div class=\"elementor-element elementor-element-0a0d194 elementor-widget elementor-widget-text-editor\" data-id=\"0a0d194\" data-element_type=\"widget\" data-e-type=\"widget\" data-widget_type=\"text-editor.default\">\n\t\t\t\t\t\t\t\t\t<div style=\"padding: 10px; background-color: #ededed; border-radius: 4px;\"><h4 style=\"text-align: center; background-color: #00549a; color: #fff; margin: -10px -10px 0 -10px; border-top-right-radius: 4px; border-top-left-radius: 4px; padding: 10px 0;\">Processos de Trabalho<\/h4><ul><li>Processos de Trabalho da CNCDO-GO<br \/>Para conhecer os processos de trabalho da Central Estadual de Notifica\u00e7\u00e3o, Capta\u00e7\u00e3o e Distribui\u00e7\u00e3o de \u00d3rg\u00e3os de Goi\u00e1s (CNCDO-GO), acesse a Cadeia de Valor da SES (<a href=\"https:\/\/10.6.61.194\/cadeia-de-valor\/index.html\" target=\"_blank\" rel=\"noopener noreferrer\"><strong class=\"\">clique aqui<\/strong><\/a>), dentro de \u201cCoordenar o SUS e Realizar A\u00e7\u00f5es e Servi\u00e7os de Sa\u00fade em Goi\u00e1s \u2013 Gerir Transplantes de \u00d3rg\u00e3os e Tecidos\u201d.<\/li><\/ul><\/div>\t\t\t\t\t\t\t\t<\/div>\n\t\t\t\t\t<\/div>\n\t\t\t\t<\/div>\n\t\t<div class=\"elementor-element elementor-element-72ad441 e-flex e-con-boxed e-con e-parent\" data-id=\"72ad441\" data-element_type=\"container\" data-e-type=\"container\">\n\t\t\t\t\t<div class=\"e-con-inner\">\n\t\t\t\t<div class=\"elementor-element elementor-element-70620ce elementor-widget elementor-widget-text-editor\" data-id=\"70620ce\" data-element_type=\"widget\" data-e-type=\"widget\" data-widget_type=\"text-editor.default\">\n\t\t\t\t\t\t\t\t\t<div style=\"padding: 10px; background-color: #ededed; border-radius: 4px;\"><div style=\"padding: 10px; background-color: #ededed; border-radius: 4px;\"><h4 style=\"text-align: center; background-color: #00549a; color: #fff; margin: -10px -10px 0 -10px; border-top-right-radius: 4px; border-top-left-radius: 4px; padding: 10px 0;\">Protocolos da Central Estadual de Transplantes<\/h4><ul><li>Manual do Faturamento das A\u00e7\u00f5es Relacionadas \u00e0 Doa\u00e7\u00e3o e Transplantes &#8211; Clique <a class=\"\" href=\"https:\/\/goias.gov.br\/saude\/wp-content\/uploads\/sites\/34\/gerencia-transplante\/Manual_Faturamento_Central-de-Transplantes_2025.pdf\" target=\"_blank\" rel=\"noopener\">aqui<\/a><\/li><li>Programa Institucional Debriefing: a comunica\u00e7\u00e3o que fortalece o trabalho e integra o time! &#8211; Clique\u00a0<a class=\"\" href=\"https:\/\/goias.gov.br\/saude\/wp-content\/uploads\/sites\/34\/gerencia-transplante\/ebook-gerencia-transplantes.pdf\" target=\"_blank\" rel=\"noopener\">aqui<\/a><\/li><li>Macrofluxo Descritivo do Paciente com Doen\u00e7a Renal Cr\u00f4nica ao Transplante de Rim, em Goi\u00e1s &#8211; Clique <a href=\"https:\/\/goias.gov.br\/saude\/wp-content\/uploads\/sites\/34\/gerencia-transplante\/Linha%20de%20cuidado%20ao%20doente%20renal%20cronico.pdf\" target=\"_blank\" rel=\"noopener\">aqui<\/a><\/li><li>Manual de rotinas e procedimentos operacionais padronizados da equipe de capta\u00e7\u00e3o de \u00f3rg\u00e3os do estado de Goi\u00e1s &#8211; Clique <a class=\"\" href=\"https:\/\/goias.gov.br\/saude\/wp-content\/uploads\/sites\/34\/images\/imagens_migradas\/2016\/12\/protocolos-central-estadual-de-transplantes-de-goias-1.pdf\" target=\"_blank\" rel=\"noopener\">aqui<br \/><\/a><\/li><li>Fluxo para visita t\u00e9cnica na\u00a0Central Estadual de Transplantes de Goi\u00e1s &#8211;\u00a0Clique\u00a0<a href=\"https:\/\/goias.gov.br\/saude\/wp-content\/uploads\/sites\/34\/files\/gerencia-de-transplantes\/informacoes\/Fluxo%20para%20visita%20t%C3%A9cnica%20na%20CET-GO.pdf\" target=\"_blank\" rel=\"noopener\">aqui<\/a><\/li><li>Nota T\u00e9cnica n\u00ba01\/2021 &#8211; Nota T\u00e9cnica sobre orienta\u00e7\u00e3o e fluxos gerais para realiza\u00e7\u00e3o de transplantes de rim, com doadores vivos, em Goi\u00e1s &#8211; Clique <a href=\"https:\/\/goias.gov.br\/saude\/wp-content\/uploads\/sites\/34\/files\/gerencia-de-transplantes\/notas_tecnicas\/notatecnica_01.pdf\" target=\"_blank\" rel=\"noopener\">aqui<\/a><\/li><li>Nota T\u00e9cnica n\u00ba03\/2021 &#8211;\u00a0Fluxo regulat\u00f3rio da Central Estadual de Transplantes de Goi\u00e1s &#8211; Clique\u00a0<a href=\"https:\/\/goias.gov.br\/saude\/wp-content\/uploads\/sites\/34\/files\/gerencia-de-transplantes\/notas_tecnicas\/notatecnica_03.pdf\" target=\"_blank\" rel=\"noopener\">aqui<\/a><\/li><li>Nota T\u00e9cnica n\u00ba02\/2022 &#8211; A\u00e7\u00f5es relacionadas ao transplante renal, em Goi\u00e1s &#8211; Clique\u00a0<a href=\"https:\/\/goias.gov.br\/saude\/wp-content\/uploads\/sites\/34\/files\/gerencia-de-transplantes\/notas_tecnicas\/notatecnica_02.pdf\" target=\"_blank\" rel=\"noopener\">aqui<\/a><\/li><li>Tratado de Regula\u00e7\u00e3o para Avalia\u00e7\u00e3o Especializada em Transplante, via SUS, em Goi\u00e1s &#8211; Clique\u00a0<a href=\"https:\/\/goias.gov.br\/saude\/wp-content\/uploads\/sites\/34\/files\/gerencia-de-transplantes\/notas_tecnicas\/Tratado_Regulacao_CET-GO_final.pdf\" target=\"_blank\" rel=\"noopener\">aqui<br \/><\/a><\/li><li>Manual P\u00f3s-transplantes &#8211; Clique\u00a0<a href=\"https:\/\/goias.gov.br\/saude\/wp-content\/uploads\/sites\/34\/files\/gerencia-de-transplantes\/manuais\/Manual_postransplantes.pdf\" target=\"_blank\" rel=\"noopener\">aqui<\/a><\/li><\/ul><\/div><\/div>\t\t\t\t\t\t\t\t<\/div>\n\t\t\t\t\t<\/div>\n\t\t\t\t<\/div>\n\t\t<div class=\"elementor-element elementor-element-243c0c9 e-flex e-con-boxed e-con e-parent\" data-id=\"243c0c9\" data-element_type=\"container\" data-e-type=\"container\">\n\t\t\t\t\t<div class=\"e-con-inner\">\n\t\t\t\t<div class=\"elementor-element elementor-element-b0a6611 elementor-widget elementor-widget-text-editor\" data-id=\"b0a6611\" data-element_type=\"widget\" data-e-type=\"widget\" data-widget_type=\"text-editor.default\">\n\t\t\t\t\t\t\t\t\t<div style=\"padding: 10px; background-color: #ededed; border-radius: 4px;\"><div style=\"padding: 10px; background-color: #ededed; border-radius: 4px;\"><div style=\"padding: 10px; background-color: #ededed; border-radius: 4px;\"><h4 style=\"text-align: center; background-color: #00549a; color: #fff; margin: -10px -10px 0 -10px; border-top-right-radius: 4px; border-top-left-radius: 4px; padding: 10px 0;\">Educa\u00e7\u00e3o Permanente<\/h4><p style=\"text-align: center;\"><strong>Eventos<\/strong><\/p><p><strong>Campanha Nacional de Doa\u00e7\u00e3o de \u00d3rg\u00e3os &#8211;\u00a0<\/strong>No m\u00eas de setembro, em todos os Estados brasileiros s\u00e3o intensificadas as campanhas, pois \u00a0no dia 27 de setembro \u00e9 comemorado o Dia Nacional do Doador de \u00d3rg\u00e3os.<\/p><p><strong>Campanhas Mensais &#8211;\u00a0<\/strong>A Central de Transplantes do Estado de Goi\u00e1s \/ Secretaria de Estado da Sa\u00fade tem como uma de suas principais a\u00e7\u00f5es levar adiante todos os dias, a divulga\u00e7\u00e3o dos diversos aspectos dos transplantes. Todas as conota\u00e7\u00f5es envolvidas, sejam elas humanas, sociais, \u00e9ticas, legais e educacionais, dentre outras, s\u00e3o igualmente determinantes e concorrem para fazer com que a comunidade em geral cada vez mais seja esclarecida e orientada sobre o alcance que uma doa\u00e7\u00e3o de \u00f3rg\u00e3os ou tecidos tem na vida das pessoas que necessitam de um transplante. Mensalmente s\u00e3o realizadas campanhas de sensibiliza\u00e7\u00e3o \u00e0 popula\u00e7\u00e3o em diversos locais (shoppings, pra\u00e7as, bosques e parques) atrav\u00e9s da distribui\u00e7\u00e3o de panfletos e orienta\u00e7\u00e3o com rela\u00e7\u00e3o \u00e0 doa\u00e7\u00e3o de \u00f3rg\u00e3os e tecidos e transplantes.<\/p><p style=\"text-align: center;\"><strong>Educa\u00e7\u00e3o Continuada<\/strong><\/p><p class=\"western\" align=\"LEFT\">Qualificar profissionais da sa\u00fade\u00a0 nas diversas etapas do processo de doa\u00e7\u00e3o e transplante e informar a sociedade em geral como processo acontece.<\/p><p align=\"LEFT\"><strong>Eixos tem\u00e1ticos<\/strong>:<\/p><ul><li>Entrevista familiar para doa\u00e7\u00e3o de \u00f3rg\u00e3os e tecidos para transplantes<\/li><li>Capacita\u00e7\u00e3o para diagn\u00f3stico de Morte Encef\u00e1lica<\/li><li>Forma\u00e7\u00e3o de coordenadores de CIHDOTT<\/li><li>Curso de Comunica\u00e7\u00e3o de m\u00e1s not\u00edcias<\/li><li>Educar para doar: Processo de doa\u00e7\u00e3o de \u00f3rg\u00e3os e tecidos para transplante<\/li><\/ul><\/div><\/div><\/div>\t\t\t\t\t\t\t\t<\/div>\n\t\t\t\t\t<\/div>\n\t\t\t\t<\/div>\n\t\t\t\t<\/div>\n\t\t","protected":false},"excerpt":{"rendered":"<p>Perguntas e Respostas O que preciso fazer para ser doador de \u00f3rg\u00e3os?Para ser doador, no Brasil, voc\u00ea n\u00e3o precisa deixar nada por escrito, em nenhum documento. Muitas pessoas acham que \u00e9 preciso registrar a op\u00e7\u00e3o de doador de \u00f3rg\u00e3os em qualquer documento pessoal, mas isso n\u00e3o \u00e9 mais necess\u00e1rio. Basta voc\u00ea conversar com sua fam\u00edlia [&hellip;]<\/p>\n","protected":false},"author":693,"featured_media":0,"parent":37434,"menu_order":0,"comment_status":"closed","ping_status":"closed","template":"","meta":{"footnotes":""},"class_list":["post-40834","page","type-page","status-publish","hentry"],"rttpg_featured_image_url":null,"rttpg_author":{"display_name":"elzenubiamoreira","author_link":"https:\/\/goias.gov.br\/saude\/author\/elzenubiamoreira\/"},"rttpg_comment":0,"rttpg_category":null,"rttpg_excerpt":"Perguntas e Respostas O que preciso fazer para ser doador de \u00f3rg\u00e3os?Para ser doador, no Brasil, voc\u00ea n\u00e3o precisa deixar nada por escrito, em nenhum documento. Muitas pessoas acham que \u00e9 preciso registrar a op\u00e7\u00e3o de doador de \u00f3rg\u00e3os em qualquer documento pessoal, mas isso n\u00e3o \u00e9 mais necess\u00e1rio. Basta voc\u00ea conversar com sua fam\u00edlia&hellip;","_links":{"self":[{"href":"https:\/\/goias.gov.br\/saude\/wp-json\/wp\/v2\/pages\/40834","targetHints":{"allow":["GET"]}}],"collection":[{"href":"https:\/\/goias.gov.br\/saude\/wp-json\/wp\/v2\/pages"}],"about":[{"href":"https:\/\/goias.gov.br\/saude\/wp-json\/wp\/v2\/types\/page"}],"author":[{"embeddable":true,"href":"https:\/\/goias.gov.br\/saude\/wp-json\/wp\/v2\/users\/693"}],"replies":[{"embeddable":true,"href":"https:\/\/goias.gov.br\/saude\/wp-json\/wp\/v2\/comments?post=40834"}],"version-history":[{"count":3,"href":"https:\/\/goias.gov.br\/saude\/wp-json\/wp\/v2\/pages\/40834\/revisions"}],"predecessor-version":[{"id":629201,"href":"https:\/\/goias.gov.br\/saude\/wp-json\/wp\/v2\/pages\/40834\/revisions\/629201"}],"up":[{"embeddable":true,"href":"https:\/\/goias.gov.br\/saude\/wp-json\/wp\/v2\/pages\/37434"}],"wp:attachment":[{"href":"https:\/\/goias.gov.br\/saude\/wp-json\/wp\/v2\/media?parent=40834"}],"curies":[{"name":"wp","href":"https:\/\/api.w.org\/{rel}","templated":true}]}}