

{"id":40762,"date":"2024-01-25T10:54:12","date_gmt":"2024-01-25T13:54:12","guid":{"rendered":"https:\/\/siteshom.goias.gov.br\/saude\/?page_id=40762"},"modified":"2026-03-31T07:59:21","modified_gmt":"2026-03-31T10:59:21","slug":"cirurgias-eletivas","status":"publish","type":"page","link":"https:\/\/goias.gov.br\/saude\/regulacao-estadual\/cirurgias-eletivas\/","title":{"rendered":"Cirurgias Eletivas"},"content":{"rendered":"\t\t<div data-elementor-type=\"wp-page\" data-elementor-id=\"40762\" class=\"elementor elementor-40762\">\n\t\t\t\t<div class=\"elementor-element elementor-element-2caa30d e-flex e-con-boxed e-con e-parent\" data-id=\"2caa30d\" data-element_type=\"container\" data-e-type=\"container\">\n\t\t\t\t\t<div class=\"e-con-inner\">\n\t\t\t\t<div class=\"elementor-element elementor-element-2566de8 elementor-widget elementor-widget-text-editor\" data-id=\"2566de8\" data-element_type=\"widget\" data-e-type=\"widget\" data-widget_type=\"text-editor.default\">\n\t\t\t\t\t\t\t\t\t<div style=\"padding: 10px; background-color: #ededed; border-radius: 4px;\"><h4 style=\"background-color: #2da44a; color: #ffffff; margin: -10px -10px 0px; border-top-right-radius: 4px; border-top-left-radius: 4px; padding: 10px 0px; text-align: center;\"><i class=\"fa fa-phone\" aria-hidden=\"true\"><\/i>\u00a0Fale com a Rede de Apoio Usu\u00e1rio (RAU)<\/h4><p style=\"text-align: center;\">Entre em contato com a Rede de Apoio Usu\u00e1rio (RAU) da Regula\u00e7\u00e3o Estadual pelo WhatsApp<a href=\"https:\/\/wa.me\/556232013797\" target=\"_blank\" rel=\"noopener\"> (62) 3201 3797<\/a>, telefone (62) 3201 3768 ou e-mail <a id=\"OWA18f414fe-5031-1620-7ffc-f8a197df1ef7\" class=\"x_OWAAutoLink\" title=\"mailto:rededeapoioaousuario.regulacao@goias.gov.br\" href=\"mailto:rededeapoioaousuario.regulacao@goias.gov.br\" target=\"_blank\" rel=\"noopener noreferrer\">rededeapoioaousuario.regulacao@goias.gov.br<\/a>.<\/p><p>Devido \u00e0 implanta\u00e7\u00e3o de um novo sistema de atendimento, informamos que pode ocorrer lentid\u00e3o tempor\u00e1ria nos nossos canais de comunica\u00e7\u00e3o.<\/p><\/div>\t\t\t\t\t\t\t\t<\/div>\n\t\t\t\t\t<\/div>\n\t\t\t\t<\/div>\n\t\t<div class=\"elementor-element elementor-element-006cb72 e-flex e-con-boxed e-con e-parent\" data-id=\"006cb72\" data-element_type=\"container\" data-e-type=\"container\">\n\t\t\t\t\t<div class=\"e-con-inner\">\n\t\t\t\t<div class=\"elementor-element elementor-element-404d49e elementor-widget elementor-widget-text-editor\" data-id=\"404d49e\" data-element_type=\"widget\" data-e-type=\"widget\" data-widget_type=\"text-editor.default\">\n\t\t\t\t\t\t\t\t\t<div style=\"padding: 10px; background-color: #ededed; border-radius: 4px;\"><h4 style=\"text-align: center; background-color: #00549a; color: #fff; margin: -10px -10px 0 -10px; border-top-right-radius: 4px; border-top-left-radius: 4px; padding: 10px 0;\">Conceito<\/h4><p>Conceitua-se como cirurgia eletiva o procedimento cir\u00fargico preconizado para o restabelecimento da sa\u00fade e bem-estar do paciente, mas que n\u00e3o se enquadra como urg\u00eancia e emerg\u00eancia m\u00e9dica e, portanto, pode ser programado de acordo com a capacidade dos servi\u00e7os de cirurgia e as necessidades do indiv\u00edduo.<\/p><\/div>\t\t\t\t\t\t\t\t<\/div>\n\t\t\t\t\t<\/div>\n\t\t\t\t<\/div>\n\t\t<div class=\"elementor-element elementor-element-5885ae2 e-flex e-con-boxed e-con e-parent\" data-id=\"5885ae2\" data-element_type=\"container\" data-e-type=\"container\">\n\t\t\t\t\t<div class=\"e-con-inner\">\n\t\t\t\t<div class=\"elementor-element elementor-element-2513a6e elementor-widget elementor-widget-html\" data-id=\"2513a6e\" data-element_type=\"widget\" data-e-type=\"widget\" data-widget_type=\"html.default\">\n\t\t\t\t\t<!DOCTYPE html>\r\n<html lang=\"pt-br\" dir=\"ltr\">\r\n<head>\r\n  <meta http-equiv=\"Content-Type\" content=\"text\/html; charset=UTF-8\" \/>\r\n  <style>\r\n    \/* Estilos para desktop *\/\r\n    .container {\r\n      padding: 10px;\r\n    }\r\n\r\n    .section {\r\n      margin-bottom: 10px;\r\n    }\r\n\r\n    .title {\r\n      text-align: center;\r\n      margin: 0 0 24px;\r\n      color: #0c326f;\r\n      font-weight: 600;\r\n      font-size: 2.2rem;\r\n      line-height: 1.5;\r\n    }\r\n\r\n    .cards {\r\n      display: flex;\r\n      justify-content: space-evenly;\r\n      flex-wrap: wrap;\r\n      margin: 0;\r\n      padding: 0;\r\n      list-style: none;\r\n    }\r\n\r\n    .cards li {\r\n      background-color: #ededed;\r\n      box-shadow: 0 3px 6px 0 rgba(0, 0, 0, 0.16);\r\n      text-align: center;\r\n      flex-basis: 23%;\r\n      box-sizing: border-box;\r\n      min-height: 60px;\r\n      margin-bottom: 0.9em;\r\n      line-height: 1.2em;\r\n      display: list-item;\r\n    }\r\n\r\n    .cards li a {\r\n      display: flex;\r\n      justify-content: center;\r\n      align-items: center;\r\n      flex-direction: column;\r\n      width: 100%;\r\n      height: 100%;\r\n      color: #1351b4;\r\n      font-weight: 600;\r\n      text-decoration: none;\r\n    }\r\n\r\n    .cards li i,\r\n    .cards li span {\r\n      font-size: 10px;\r\n      margin-bottom: 30px;\r\n      color: #0c326f;\r\n      width: auto;\r\n      font-weight: 200;\r\n    }\r\n\r\n    .cards li .title {\r\n      font-size: 15px;\r\n      color: #0c326f;\r\n      font-weight: 500;\r\n      margin: 0;\r\n      text-transform: uppercase;\r\n    }\r\n\r\n    \/* Estilos para telas menores *\/\r\n    @media screen and (max-width: 768px) {\r\n      .cards {\r\n        gap: 20px; \/* Espa\u00e7amento entre os cards *\/\r\n        margin-top: 20px; \/* Margem superior para os cards *\/\r\n      }\r\n      .cards li {\r\n        flex-basis: calc(50% - 20px); \/* Tamanho dos cards com espa\u00e7amento *\/\r\n      }\r\n    }\r\n\r\n    @media screen and (max-width: 480px) {\r\n      .cards {\r\n        gap: 15px; \/* Espa\u00e7amento menor entre os cards *\/\r\n        margin-top: 15px; \/* Margem superior menor para os cards *\/\r\n      }\r\n      .cards li {\r\n        flex-basis: calc(100% - 30px); \/* Tamanho dos cards com espa\u00e7amento menor *\/\r\n      }\r\n    }\r\n  <\/style>\r\n<\/head>\r\n<body>\r\n  <div class=\"container\">\r\n    <div class=\"section\">\r\n      <div class=\"regulacao eletivas\">\r\n        \r\n        <ul class=\"cards\">\r\n          <li>\r\n                    <a href=\"https:\/\/extranet.saude.go.gov.br\/portal\/login\/\" target=\"_blank\">\r\n\r\n                        <div class=\"title\">sistema de regula\u00e7\u00e3o de cirurgias eletivas<\/div>\r\n                    <\/a>\r\n                <\/li>\r\n                <li>\r\n                    <a href=\"https:\/\/indicadores.saude.go.gov.br\/public\/transparencia_regulacao.html\" target=\"_blank\">\r\n\r\n                        <div class=\"title\">consultar fila de espera<\/div>\r\n                    <\/a>\r\n                <\/li>\r\n\r\n     <li>\r\n                    <a href=\"https:\/\/goias.gov.br\/saude\/wp-content\/uploads\/sites\/34\/regulacao_estadual\/cirurgias-eletivas\/Resolu%C3%A7%C3%A3o%20CIB%20n.%20111.2021.pdf\">\r\n\r\n                        <div class=\"title\">resolu\u00e7\u00e3o do protocolo de cirurgias eletivas<\/div>\r\n                    <\/a>\r\n                <\/li>\r\n                <li>\r\n                    <a href=\"https:\/\/docs.google.com\/document\/d\/1XSeT1sgWM-X9diDNOA8rIIhRCjMyM7MNZxNrKvOS9k4\/edit\">\r\n\r\n                        <div class=\"title\">protocolo de cirurgias eletivas<\/div>\r\n                    <\/a>\r\n                <\/li>\r\n               \r\n                <li>\r\n                    <a href=\"https:\/\/goias.gov.br\/saude\/wp-content\/uploads\/sites\/34\/regulacao_estadual\/cirurgias-eletivas\/REGNET%20-%20Termo%20de%20acesso%20e%20responsabilidade.pdf\">\r\n\r\n                        <div class=\"title\">termo de responsabilidade<\/div>\r\n                    <\/a>\r\n                <\/li>\r\n\r\n              <li>\r\n                    <a href=\"https:\/\/docs.google.com\/document\/d\/1ImdOfy3ov_y5vvGOWxuEIFwYLdF8sqb--bzqrGCLxFg\/edit\">\r\n\r\n                        <div class=\"title\">manual de regula\u00e7\u00e3o de cirurgias eletivas<\/div>\r\n                    <\/a>\r\n                <\/li>\r\n\r\n\r\n            <li>\r\n                    <a href=\"https:\/\/docs.google.com\/document\/d\/1Iy-SKtX5C4ftXWG9JQyvHo3KUO0z0AXMyPa7AYFN1Pw\/edit\">\r\n\r\n                        <div class=\"title\">formul\u00e1rio de classifica\u00e7\u00e3o de prioridades - swalis<\/div>\r\n                    <\/a>\r\n                <\/li>\r\n\r\n           <li>\r\n                    <a href=\"https:\/\/www.youtube.com\/playlist?list=PL6KBOgMH87dZoDaQJ0QAbhBJghQV1MNua\">\r\n\r\n                        <div class=\"title\">v\u00eddeos orientativos<\/div>\r\n                    <\/a>\r\n                <\/li>\r\n\r\n  \r\n        <\/ul>\r\n      <\/div>\r\n    <\/div>\r\n  <\/div>\r\n<\/body>\r\n<\/html>\r\n\t\t\t\t<\/div>\n\t\t\t\t\t<\/div>\n\t\t\t\t<\/div>\n\t\t\t\t<\/div>\n\t\t","protected":false},"excerpt":{"rendered":"<p>\u00a0Fale com a Rede de Apoio Usu\u00e1rio (RAU) Entre em contato com a Rede de Apoio Usu\u00e1rio (RAU) da Regula\u00e7\u00e3o Estadual pelo WhatsApp (62) 3201 3797, telefone (62) 3201 3768 ou e-mail rededeapoioaousuario.regulacao@goias.gov.br. Devido \u00e0 implanta\u00e7\u00e3o de um novo sistema de atendimento, informamos que pode ocorrer lentid\u00e3o tempor\u00e1ria nos nossos canais de comunica\u00e7\u00e3o. Conceito Conceitua-se [&hellip;]<\/p>\n","protected":false},"author":693,"featured_media":0,"parent":37689,"menu_order":0,"comment_status":"closed","ping_status":"closed","template":"","meta":{"footnotes":""},"class_list":["post-40762","page","type-page","status-publish","hentry"],"rttpg_featured_image_url":null,"rttpg_author":{"display_name":"elzenubiamoreira","author_link":"https:\/\/goias.gov.br\/saude\/author\/elzenubiamoreira\/"},"rttpg_comment":0,"rttpg_category":null,"rttpg_excerpt":"\u00a0Fale com a Rede de Apoio Usu\u00e1rio (RAU) Entre em contato com a Rede de Apoio Usu\u00e1rio (RAU) da Regula\u00e7\u00e3o Estadual pelo WhatsApp (62) 3201 3797, telefone (62) 3201 3768 ou e-mail rededeapoioaousuario.regulacao@goias.gov.br. Devido \u00e0 implanta\u00e7\u00e3o de um novo sistema de atendimento, informamos que pode ocorrer lentid\u00e3o tempor\u00e1ria nos nossos canais de comunica\u00e7\u00e3o. Conceito Conceitua-se&hellip;","_links":{"self":[{"href":"https:\/\/goias.gov.br\/saude\/wp-json\/wp\/v2\/pages\/40762","targetHints":{"allow":["GET"]}}],"collection":[{"href":"https:\/\/goias.gov.br\/saude\/wp-json\/wp\/v2\/pages"}],"about":[{"href":"https:\/\/goias.gov.br\/saude\/wp-json\/wp\/v2\/types\/page"}],"author":[{"embeddable":true,"href":"https:\/\/goias.gov.br\/saude\/wp-json\/wp\/v2\/users\/693"}],"replies":[{"embeddable":true,"href":"https:\/\/goias.gov.br\/saude\/wp-json\/wp\/v2\/comments?post=40762"}],"version-history":[{"count":2,"href":"https:\/\/goias.gov.br\/saude\/wp-json\/wp\/v2\/pages\/40762\/revisions"}],"predecessor-version":[{"id":747901,"href":"https:\/\/goias.gov.br\/saude\/wp-json\/wp\/v2\/pages\/40762\/revisions\/747901"}],"up":[{"embeddable":true,"href":"https:\/\/goias.gov.br\/saude\/wp-json\/wp\/v2\/pages\/37689"}],"wp:attachment":[{"href":"https:\/\/goias.gov.br\/saude\/wp-json\/wp\/v2\/media?parent=40762"}],"curies":[{"name":"wp","href":"https:\/\/api.w.org\/{rel}","templated":true}]}}