

{"id":40242,"date":"2024-01-18T11:50:34","date_gmt":"2024-01-18T14:50:34","guid":{"rendered":"https:\/\/siteshom.goias.gov.br\/saude\/?page_id=40242"},"modified":"2025-12-02T16:35:25","modified_gmt":"2025-12-02T19:35:25","slug":"vigilancia-sanitaria","status":"publish","type":"page","link":"https:\/\/goias.gov.br\/saude\/vigilancia-em-saude\/vigilancia-sanitaria\/","title":{"rendered":"Vigil\u00e2ncia Sanit\u00e1ria"},"content":{"rendered":"\t\t<div data-elementor-type=\"wp-page\" data-elementor-id=\"40242\" class=\"elementor elementor-40242\">\n\t\t\t\t<div class=\"elementor-element elementor-element-9667768 e-flex e-con-boxed e-con e-parent\" data-id=\"9667768\" data-element_type=\"container\" data-e-type=\"container\">\n\t\t\t\t\t<div class=\"e-con-inner\">\n\t\t\t\t<div class=\"elementor-element elementor-element-446a042 elementor-widget elementor-widget-text-editor\" data-id=\"446a042\" data-element_type=\"widget\" data-e-type=\"widget\" data-widget_type=\"text-editor.default\">\n\t\t\t\t\t\t\t\t\t<p>&#8220;Entende-se, por vigil\u00e2ncia sanit\u00e1ria, um conjunto de a\u00e7\u00f5es capaz de eliminar, diminuir ou prevenir riscos \u00e0 sa\u00fade e de intervir nos problemas sanit\u00e1rios decorrentes do meio ambiente, da produ\u00e7\u00e3o e circula\u00e7\u00e3o de bens e da presta\u00e7\u00e3o de servi\u00e7os de interesse da sa\u00fade, abrangendo: o controle de bens de consumo que, direta ou indiretamente, se relacionem com a sa\u00fade, compreendidas todas as etapas e processos, da produ\u00e7\u00e3o ao consumo; e o controle da presta\u00e7\u00e3o de servi\u00e7os que se relacionam direta ou indiretamente com a sa\u00fade.&#8221;<\/p><p>No Brasil, a ANVISA (Ag\u00eancia Nacional de Vigil\u00e2ncia Sanit\u00e1ria) \u00e9 respons\u00e1vel por criar normas e regulamentos e dar suporte para todas as atividades da \u00e1rea no Pa\u00eds. A ANVISA tamb\u00e9m \u00e9 quem executa as atividades de controle sanit\u00e1rio e fiscaliza\u00e7\u00e3o em portos, aeroportos e fronteiras.<\/p><p>A Vigil\u00e2ncia Sanit\u00e1ria pode atuar em:<\/p><ul><li>\u00a0\u00a0\u00a0 Locais de produ\u00e7\u00e3o, transporte e comercializa\u00e7\u00e3o de alimentos;<\/li><li>\u00a0\u00a0\u00a0 Locais de produ\u00e7\u00e3o, distribui\u00e7\u00e3o, comercializa\u00e7\u00e3o de medicamentos, produtos de interesse para a sa\u00fade;<\/li><li>\u00a0\u00a0\u00a0 Locais de servi\u00e7os de sa\u00fade;<\/li><li>\u00a0\u00a0\u00a0\u00a0Meio ambiente;<\/li><li>\u00a0\u00a0\u00a0\u00a0Ambientes e processos do trabalho\/sa\u00fade do trabalhador;<\/li><li>\u00a0\u00a0\u00a0 P\u00f3s-comercializa\u00e7\u00e3o;<\/li><li>\u00a0\u00a0\u00a0 Projetos de arquitetura;<\/li><li>\u00a0\u00a0\u00a0 Locais p\u00fablicos;<\/li><\/ul>\t\t\t\t\t\t\t\t<\/div>\n\t\t\t\t\t<\/div>\n\t\t\t\t<\/div>\n\t\t<div class=\"elementor-element elementor-element-49a4eb8 e-flex e-con-boxed e-con e-parent\" data-id=\"49a4eb8\" data-element_type=\"container\" data-e-type=\"container\">\n\t\t\t\t\t<div class=\"e-con-inner\">\n\t\t\t\t<div class=\"elementor-element elementor-element-d2c238a elementor-widget elementor-widget-heading\" data-id=\"d2c238a\" data-element_type=\"widget\" data-e-type=\"widget\" data-widget_type=\"heading.default\">\n\t\t\t\t\t<h3 class=\"elementor-heading-title elementor-size-default\">\u00c1reas de Atua\u00e7\u00e3o da Vigil\u00e2ncia Sanit\u00e1ria\n<\/h3>\t\t\t\t<\/div>\n\t\t\t\t<div class=\"elementor-element elementor-element-32b5895 elementor-widget elementor-widget-html\" data-id=\"32b5895\" data-element_type=\"widget\" data-e-type=\"widget\" data-widget_type=\"html.default\">\n\t\t\t\t\t<!DOCTYPE html>\r\n<html lang=\"pt-br\" dir=\"ltr\">\r\n<head>\r\n  <meta http-equiv=\"Content-Type\" content=\"text\/html; charset=UTF-8\" \/>\r\n  <style>\r\n    \/* Estilos para desktop *\/\r\n    .container {\r\n      padding: 10px;\r\n    }\r\n\r\n    .section {\r\n      margin-bottom: 10px;\r\n    }\r\n\r\n    .title {\r\n      text-align: center;\r\n      margin: 0 0 24px;\r\n      color: #0c326f;\r\n      font-weight: 600;\r\n      font-size: 2.2rem;\r\n      line-height: 1.5;\r\n    }\r\n\r\n    .cards {\r\n      display: flex;\r\n      justify-content: space-evenly;\r\n      flex-wrap: wrap;\r\n      margin: 0;\r\n      padding: 0;\r\n      list-style: none;\r\n    }\r\n\r\n    .cards li {\r\n      background-color: #ededed;\r\n      box-shadow: 0 3px 6px 0 rgba(0, 0, 0, 0.16);\r\n      text-align: center;\r\n      flex-basis: 23%;\r\n      box-sizing: border-box;\r\n      min-height: 60px;\r\n      margin-bottom: 0.9em;\r\n      line-height: 1.2em;\r\n      display: list-item;\r\n    }\r\n\r\n    .cards li a {\r\n      display: flex;\r\n      justify-content: center;\r\n      align-items: center;\r\n      flex-direction: column;\r\n      width: 100%;\r\n      height: 100%;\r\n      color: #1351b4;\r\n      font-weight: 600;\r\n      text-decoration: none;\r\n    }\r\n\r\n    .cards li i,\r\n    .cards li span {\r\n      font-size: 10px;\r\n      margin-bottom: 30px;\r\n      color: #0c326f;\r\n      width: auto;\r\n      font-weight: 200;\r\n    }\r\n\r\n    .cards li .title {\r\n      font-size: 15px;\r\n      color: #0c326f;\r\n      font-weight: 500;\r\n      margin: 0;\r\n      text-transform: uppercase;\r\n    }\r\n\r\n    \/* Estilos para telas menores *\/\r\n    @media screen and (max-width: 768px) {\r\n      .cards {\r\n        gap: 20px; \/* Espa\u00e7amento entre os cards *\/\r\n        margin-top: 20px; \/* Margem superior para os cards *\/\r\n      }\r\n      .cards li {\r\n        flex-basis: calc(50% - 20px); \/* Tamanho dos cards com espa\u00e7amento *\/\r\n      }\r\n    }\r\n\r\n    @media screen and (max-width: 480px) {\r\n      .cards {\r\n        gap: 15px; \/* Espa\u00e7amento menor entre os cards *\/\r\n        margin-top: 15px; \/* Margem superior menor para os cards *\/\r\n      }\r\n      .cards li {\r\n        flex-basis: calc(100% - 30px); \/* Tamanho dos cards com espa\u00e7amento menor *\/\r\n      }\r\n    }\r\n  <\/style>\r\n<\/head>\r\n<body>\r\n  <div class=\"container\">\r\n    <div class=\"section\">\r\n      <div class=\"suvisa\">\r\n        \r\n        <ul class=\"cards\">\r\n          <li>\r\n                    <a href=\"https:\/\/goias.gov.br\/saude\/medicamentos\/\">\r\n\r\n                        <div class=\"title\">medicamentos<\/div>\r\n                    <\/a>\r\n                <\/li>\r\n                <li>\r\n                    <a href=\"https:\/\/goias.gov.br\/saude\/vigilancia-de-alimentos\/\">\r\n\r\n                        <div class=\"title\">alimentos<\/div>\r\n                    <\/a>\r\n                <\/li>\r\n                <li>\r\n                    <a href=\"https:\/\/goias.gov.br\/saude\/vigilancia-cosmeticos-e-saneantes\/\">\r\n     \r\n                        <div class=\"title\">cosm\u00e9ticos e saneantes<\/div>\r\n                    <\/a>\r\n                <\/li>\r\n                <li>\r\n                    <a href=\"https:\/\/goias.gov.br\/saude\/produtos-para-saude\/\">\r\n\r\n                        <div class=\"title\">produtos para sa\u00fade<\/div>\r\n                    <\/a>\r\n                <\/li>\r\n\r\n   <li>\r\n                    <a href=\"https:\/\/goias.gov.br\/saude\/seguranca-do-paciente\/\">\r\n\r\n                        <div class=\"title\">seguran\u00e7a do paciente<\/div>\r\n                    <\/a>\r\n                <\/li>\r\n\r\n   <li>\r\n                    <a href=\"https:\/\/goias.gov.br\/saude\/vigilancia-de-servicos-de-saude\/\">\r\n\r\n                        <div class=\"title\">servi\u00e7os de sa\u00fade<\/div>\r\n                    <\/a>\r\n                <\/li>\r\n\r\n  \r\n        <\/ul>\r\n      <\/div>\r\n    <\/div>\r\n  <\/div>\r\n<\/body>\r\n<\/html>\r\n\t\t\t\t<\/div>\n\t\t\t\t\t<\/div>\n\t\t\t\t<\/div>\n\t\t\t\t<\/div>\n\t\t","protected":false},"excerpt":{"rendered":"<p>&#8220;Entende-se, por vigil\u00e2ncia sanit\u00e1ria, um conjunto de a\u00e7\u00f5es capaz de eliminar, diminuir ou prevenir riscos \u00e0 sa\u00fade e de intervir nos problemas sanit\u00e1rios decorrentes do meio ambiente, da produ\u00e7\u00e3o e circula\u00e7\u00e3o de bens e da presta\u00e7\u00e3o de servi\u00e7os de interesse da sa\u00fade, abrangendo: o controle de bens de consumo que, direta ou indiretamente, se relacionem [&hellip;]<\/p>\n","protected":false},"author":693,"featured_media":0,"parent":37739,"menu_order":0,"comment_status":"closed","ping_status":"closed","template":"","meta":{"footnotes":""},"class_list":["post-40242","page","type-page","status-publish","hentry"],"rttpg_featured_image_url":null,"rttpg_author":{"display_name":"elzenubiamoreira","author_link":"https:\/\/goias.gov.br\/saude\/author\/elzenubiamoreira\/"},"rttpg_comment":0,"rttpg_category":null,"rttpg_excerpt":"&#8220;Entende-se, por vigil\u00e2ncia sanit\u00e1ria, um conjunto de a\u00e7\u00f5es capaz de eliminar, diminuir ou prevenir riscos \u00e0 sa\u00fade e de intervir nos problemas sanit\u00e1rios decorrentes do meio ambiente, da produ\u00e7\u00e3o e circula\u00e7\u00e3o de bens e da presta\u00e7\u00e3o de servi\u00e7os de interesse da sa\u00fade, abrangendo: o controle de bens de consumo que, direta ou indiretamente, se relacionem&hellip;","_links":{"self":[{"href":"https:\/\/goias.gov.br\/saude\/wp-json\/wp\/v2\/pages\/40242","targetHints":{"allow":["GET"]}}],"collection":[{"href":"https:\/\/goias.gov.br\/saude\/wp-json\/wp\/v2\/pages"}],"about":[{"href":"https:\/\/goias.gov.br\/saude\/wp-json\/wp\/v2\/types\/page"}],"author":[{"embeddable":true,"href":"https:\/\/goias.gov.br\/saude\/wp-json\/wp\/v2\/users\/693"}],"replies":[{"embeddable":true,"href":"https:\/\/goias.gov.br\/saude\/wp-json\/wp\/v2\/comments?post=40242"}],"version-history":[{"count":3,"href":"https:\/\/goias.gov.br\/saude\/wp-json\/wp\/v2\/pages\/40242\/revisions"}],"predecessor-version":[{"id":627465,"href":"https:\/\/goias.gov.br\/saude\/wp-json\/wp\/v2\/pages\/40242\/revisions\/627465"}],"up":[{"embeddable":true,"href":"https:\/\/goias.gov.br\/saude\/wp-json\/wp\/v2\/pages\/37739"}],"wp:attachment":[{"href":"https:\/\/goias.gov.br\/saude\/wp-json\/wp\/v2\/media?parent=40242"}],"curies":[{"name":"wp","href":"https:\/\/api.w.org\/{rel}","templated":true}]}}