

{"id":40207,"date":"2024-01-18T10:35:01","date_gmt":"2024-01-18T13:35:01","guid":{"rendered":"https:\/\/siteshom.goias.gov.br\/saude\/?page_id=40207"},"modified":"2025-12-02T16:27:53","modified_gmt":"2025-12-02T19:27:53","slug":"saude-ambiental","status":"publish","type":"page","link":"https:\/\/goias.gov.br\/saude\/vigilancia-em-saude\/saude-ambiental\/","title":{"rendered":"Vigil\u00e2ncia em Sa\u00fade Ambiental"},"content":{"rendered":"\t\t<div data-elementor-type=\"wp-page\" data-elementor-id=\"40207\" class=\"elementor elementor-40207\">\n\t\t\t\t<div class=\"elementor-element elementor-element-e14cc5c e-flex e-con-boxed e-con e-parent\" data-id=\"e14cc5c\" data-element_type=\"container\" data-e-type=\"container\">\n\t\t\t\t\t<div class=\"e-con-inner\">\n\t\t\t\t<div class=\"elementor-element elementor-element-fd18af7 elementor-widget elementor-widget-text-editor\" data-id=\"fd18af7\" data-element_type=\"widget\" data-e-type=\"widget\" data-widget_type=\"text-editor.default\">\n\t\t\t\t\t\t\t\t\t<p tabindex=\"0\">A Vigil\u00e2ncia em Sa\u00fade Ambiental \u00e9 um conjunto de a\u00e7\u00f5es que proporciona o conhecimento e detec\u00e7\u00e3o de qualquer mudan\u00e7a nos fatores determinantes e condicionantes do meio ambiente que interferem na sa\u00fade humana, com a finalidade de identificar as medidas de preven\u00e7\u00e3o e controle dos fatores de risco ambientais relacionados \u00e0s doen\u00e7as ou outros agravos \u00e0 sa\u00fade.<\/p><p tabindex=\"0\">Assim, essa vigil\u00e2ncia acompanha a intera\u00e7\u00e3o do indiv\u00edduo com o meio ambiente, enfocando o espa\u00e7o urbano e coletivo e as diversas formas de interven\u00e7\u00e3o sobre este meio entendendo que essa rela\u00e7\u00e3o possa se dar de maneira harm\u00f4nica e resultados positivos ou de maneira nociva, resultando em doen\u00e7as e agravos \u00e0 sa\u00fade.<\/p><p tabindex=\"0\">Nesse sentido, a qualidade da \u00e1gua para consumo humano, contaminantes ambientais, qualidade do ar, qualidade do solo, notadamente em rela\u00e7\u00e3o ao manejo dos res\u00edduos t\u00f3xicos e perigosos, os desastres naturais e acidentes com produtos perigosos, s\u00e3o objetos de monitoramento dessa vigil\u00e2ncia seja de forma direta e cont\u00ednua ou por meio de a\u00e7\u00f5es em parceria com outros \u00f3rg\u00e3os e secretarias.<\/p><p tabindex=\"0\">Um outro aspecto relacionado \u00e0 Vigil\u00e2ncia em Sa\u00fade Ambiental \u00e9 o controle de vetores, que s\u00e3o as atividades de interven\u00e7\u00e3o ambiental por parte do poder p\u00fablico e principalmente da popula\u00e7\u00e3o para reduzir ou mesmo eliminar as condi\u00e7\u00f5es favor\u00e1reis ao desenvolvimento de vetores de doen\u00e7as (insetos, aracn\u00eddeos, moluscos etc.), tais como o\u00a0<em>Aedes aegypti<\/em>, os triatom\u00edneos, flebotom\u00edneos, carrapatos entre outros.<\/p>\t\t\t\t\t\t\t\t<\/div>\n\t\t\t\t\t<\/div>\n\t\t\t\t<\/div>\n\t\t<div class=\"elementor-element elementor-element-10c35ab e-flex e-con-boxed e-con e-parent\" data-id=\"10c35ab\" data-element_type=\"container\" data-e-type=\"container\">\n\t\t\t\t\t<div class=\"e-con-inner\">\n\t\t\t\t<div class=\"elementor-element elementor-element-7c7c2bb elementor-widget elementor-widget-text-editor\" data-id=\"7c7c2bb\" data-element_type=\"widget\" data-e-type=\"widget\" data-widget_type=\"text-editor.default\">\n\t\t\t\t\t\t\t\t\t<h2 class=\"wppb-addon-title\">Programas da Vigil\u00e2ncia em Sa\u00fade Ambiental<\/h2><p>A \u00e1rea de Vigil\u00e2ncia em Sa\u00fade Ambiental foi institu\u00edda na Secretaria de Estado da Sa\u00fade pela\u00a0<a href=\"https:\/\/wwwnew.https:\/\/goias.gov.br\/saude\/images\/imagens_migradas\/upload\/arquivos\/2016-03\/lei-no_-14.pdf\" target=\"_blank\" rel=\"noopener\">Lei n\u00ba 14.383, de 31 de dezembro de 2002<\/a>\u00a0e atua na \u00e1rea de fatores de riscos provenientes de contaminantes ambientais presentes na \u00e1gua para consumo humano, ar, solo, de desastres naturais e acidentes com produtos perigosos, buscando a preven\u00e7\u00e3o e controle de doen\u00e7as e agravos.<\/p>\t\t\t\t\t\t\t\t<\/div>\n\t\t\t\t<div class=\"elementor-element elementor-element-3f58a0a elementor-widget elementor-widget-html\" data-id=\"3f58a0a\" data-element_type=\"widget\" data-e-type=\"widget\" data-widget_type=\"html.default\">\n\t\t\t\t\t<!DOCTYPE html>\r\n<html lang=\"pt-br\" dir=\"ltr\">\r\n<head>\r\n  <meta http-equiv=\"Content-Type\" content=\"text\/html; charset=UTF-8\" \/>\r\n  <style>\r\n    \/* Estilos para desktop *\/\r\n    .container {\r\n      padding: 10px;\r\n    }\r\n\r\n    .section {\r\n      margin-bottom: 10px;\r\n    }\r\n\r\n    .title {\r\n      text-align: center;\r\n      margin: 0 0 24px;\r\n      color: #0c326f;\r\n      font-weight: 600;\r\n      font-size: 2.2rem;\r\n      line-height: 1.5;\r\n    }\r\n\r\n    .cards {\r\n      display: flex;\r\n      justify-content: space-evenly;\r\n      flex-wrap: wrap;\r\n      margin: 0;\r\n      padding: 0;\r\n      list-style: none;\r\n    }\r\n\r\n    .cards li {\r\n      background-color: #ededed;\r\n      box-shadow: 0 3px 6px 0 rgba(0, 0, 0, 0.16);\r\n      text-align: center;\r\n      flex-basis: 23%;\r\n      box-sizing: border-box;\r\n      min-height: 60px;\r\n      margin-bottom: 0.9em;\r\n      line-height: 1.2em;\r\n      display: list-item;\r\n    }\r\n\r\n    .cards li a {\r\n      display: flex;\r\n      justify-content: center;\r\n      align-items: center;\r\n      flex-direction: column;\r\n      width: 100%;\r\n      height: 100%;\r\n      color: #1351b4;\r\n      font-weight: 600;\r\n      text-decoration: none;\r\n    }\r\n\r\n    .cards li i,\r\n    .cards li span {\r\n      font-size: 10px;\r\n      margin-bottom: 30px;\r\n      color: #0c326f;\r\n      width: auto;\r\n      font-weight: 200;\r\n    }\r\n\r\n    .cards li .title {\r\n      font-size: 15px;\r\n      color: #0c326f;\r\n      font-weight: 500;\r\n      margin: 0;\r\n      text-transform: uppercase;\r\n    }\r\n\r\n    \/* Estilos para telas menores *\/\r\n    @media screen and (max-width: 768px) {\r\n      .cards {\r\n        gap: 20px; \/* Espa\u00e7amento entre os cards *\/\r\n        margin-top: 20px; \/* Margem superior para os cards *\/\r\n      }\r\n      .cards li {\r\n        flex-basis: calc(50% - 20px); \/* Tamanho dos cards com espa\u00e7amento *\/\r\n      }\r\n    }\r\n\r\n    @media screen and (max-width: 480px) {\r\n      .cards {\r\n        gap: 15px; \/* Espa\u00e7amento menor entre os cards *\/\r\n        margin-top: 15px; \/* Margem superior menor para os cards *\/\r\n      }\r\n      .cards li {\r\n        flex-basis: calc(100% - 30px); \/* Tamanho dos cards com espa\u00e7amento menor *\/\r\n      }\r\n    }\r\n  <\/style>\r\n<\/head>\r\n<body>\r\n  <div class=\"container\">\r\n    <div class=\"section\">\r\n      <div class=\"suvisa\">\r\n        \r\n        <ul class=\"cards\">\r\n          <li>\r\n                    <a href=\"https:\/\/goias.gov.br\/saude\/programa-vigiar\/\">\r\n\r\n                        <div class=\"title\">vigiar<\/div>\r\n                    <\/a>\r\n                <\/li>\r\n                <li>\r\n                    <a href=\"https:\/\/goias.gov.br\/saude\/programa-vigiagua\/\">\r\n\r\n                        <div class=\"title\">Vigi\u00e1gua<\/div>\r\n                    <\/a>\r\n                <\/li>\r\n                <li>\r\n                    <a href=\"https:\/\/goias.gov.br\/saude\/programa-vigisolo\/\">\r\n     \r\n                        <div class=\"title\">Vigisolo<\/div>\r\n                    <\/a>\r\n                <\/li>\r\n                <li>\r\n                    <a href=\"https:\/\/goias.gov.br\/saude\/programa-vigiquim\/\">\r\n\r\n                        <div class=\"title\">vigiquim<\/div>\r\n                    <\/a>\r\n                <\/li>\r\n\r\n   <li>\r\n                    <a href=\"https:\/\/goias.gov.br\/saude\/programa-vigifis\/\">\r\n\r\n                        <div class=\"title\">vigifis<\/div>\r\n                    <\/a>\r\n                <\/li>\r\n\r\n   <li>\r\n                    <a href=\"https:\/\/goias.gov.br\/saude\/programa-desastres\/\">\r\n\r\n                        <div class=\"title\">vigidesastre<\/div>\r\n                    <\/a>\r\n                <\/li>\r\n\r\n  \r\n        <\/ul>\r\n      <\/div>\r\n    <\/div>\r\n  <\/div>\r\n<\/body>\r\n<\/html>\r\n\t\t\t\t<\/div>\n\t\t\t\t\t<\/div>\n\t\t\t\t<\/div>\n\t\t<div class=\"elementor-element elementor-element-0015237 e-flex e-con-boxed e-con e-parent\" data-id=\"0015237\" data-element_type=\"container\" data-e-type=\"container\">\n\t\t\t\t\t<div class=\"e-con-inner\">\n\t\t\t\t<div class=\"elementor-element elementor-element-496dc19 elementor-widget elementor-widget-text-editor\" data-id=\"496dc19\" data-element_type=\"widget\" data-e-type=\"widget\" data-widget_type=\"text-editor.default\">\n\t\t\t\t\t\t\t\t\t<h1 class=\"insert-page-title\">Controle Ambiental de Vetores<\/h1><p>A Vigil\u00e2ncia e Controle Ambiental de Vetores atua principalmente no combate aos vetores de agravos como Dengue (mosquito\u00a0<em>Aedes aegypti<\/em>), Doen\u00e7a de Chagas (triatom\u00edneos \u201cbarbeiros\u201d), Leishmaniose (flebotom\u00edneos \u201cmosquito palha\u201d) etc.<\/p><p>Participa do planejamento, estrutura\u00e7\u00e3o, aquisi\u00e7\u00e3o de insumos para a\u00e7\u00f5es de vigil\u00e2ncia em sa\u00fade e condu\u00e7\u00e3o dos programas estadual e municipais de combate aos vetores. Atua tamb\u00e9m na normatiza\u00e7\u00e3o de procedimentos antivetoriais, envolvendo: uso eficiente de agrot\u00f3xicos em sa\u00fade p\u00fablica de forma a minimizar impactos ambientais, capacita\u00e7\u00e3o de t\u00e9cnicos estaduais e municipais e instru\u00e7\u00f5es gerais \u00e0 popula\u00e7\u00e3o.<\/p>\t\t\t\t\t\t\t\t<\/div>\n\t\t\t\t<div class=\"elementor-element elementor-element-617b905 elementor-widget elementor-widget-n-accordion\" data-id=\"617b905\" data-element_type=\"widget\" data-e-type=\"widget\" data-settings=\"{&quot;default_state&quot;:&quot;all_collapsed&quot;,&quot;max_items_expended&quot;:&quot;one&quot;,&quot;n_accordion_animation_duration&quot;:{&quot;unit&quot;:&quot;ms&quot;,&quot;size&quot;:400,&quot;sizes&quot;:[]}}\" data-widget_type=\"nested-accordion.default\">\n\t\t\t\t\t\t\t<div class=\"e-n-accordion\" aria-label=\"Accordion. Open links with Enter or Space, close with Escape, and navigate with Arrow Keys\">\n\t\t\t\t\t\t<details id=\"e-n-accordion-item-1020\" class=\"e-n-accordion-item\" >\n\t\t\t\t<summary class=\"e-n-accordion-item-title\" data-accordion-index=\"1\" tabindex=\"0\" aria-expanded=\"false\" aria-controls=\"e-n-accordion-item-1020\" >\n\t\t\t\t\t<span class='e-n-accordion-item-title-header'><div class=\"e-n-accordion-item-title-text\"> Normativas de Vigil\u00e2ncia e Controle Ambiental de Vetores <\/div><\/span>\n\t\t\t\t\t\t\t<span class='e-n-accordion-item-title-icon'>\n\t\t\t<span class='e-opened' ><svg aria-hidden=\"true\" class=\"e-font-icon-svg e-fas-angle-down\" viewBox=\"0 0 320 512\" xmlns=\"http:\/\/www.w3.org\/2000\/svg\"><path d=\"M143 352.3L7 216.3c-9.4-9.4-9.4-24.6 0-33.9l22.6-22.6c9.4-9.4 24.6-9.4 33.9 0l96.4 96.4 96.4-96.4c9.4-9.4 24.6-9.4 33.9 0l22.6 22.6c9.4 9.4 9.4 24.6 0 33.9l-136 136c-9.2 9.4-24.4 9.4-33.8 0z\"><\/path><\/svg><\/span>\n\t\t\t<span class='e-closed'><svg aria-hidden=\"true\" class=\"e-font-icon-svg e-fas-angle-right\" viewBox=\"0 0 256 512\" xmlns=\"http:\/\/www.w3.org\/2000\/svg\"><path d=\"M224.3 273l-136 136c-9.4 9.4-24.6 9.4-33.9 0l-22.6-22.6c-9.4-9.4-9.4-24.6 0-33.9l96.4-96.4-96.4-96.4c-9.4-9.4-9.4-24.6 0-33.9L54.3 103c9.4-9.4 24.6-9.4 33.9 0l136 136c9.5 9.4 9.5 24.6.1 34z\"><\/path><\/svg><\/span>\n\t\t<\/span>\n\n\t\t\t\t\t\t<\/summary>\n\t\t\t\t<div role=\"region\" aria-labelledby=\"e-n-accordion-item-1020\" class=\"elementor-element elementor-element-17905e4 e-con-full e-flex e-con e-child\" data-id=\"17905e4\" data-element_type=\"container\" data-e-type=\"container\">\n\t\t\t\t<div class=\"elementor-element elementor-element-2af1457 elementor-widget elementor-widget-text-editor\" data-id=\"2af1457\" data-element_type=\"widget\" data-e-type=\"widget\" data-widget_type=\"text-editor.default\">\n\t\t\t\t\t\t\t\t\t<ul><li><a href=\"https:\/\/goias.gov.br\/saude\/wp-content\/uploads\/sites\/34\/files\/vigilancia\/ambiental\/controle-vetorial\/nota-tecnica-01-2024-manejo-aedes.pdf\" target=\"_blank\" rel=\"noopener\">Nota T\u00e9cnica n\u00ba 01\/2024 &#8211; SES\/GVAST-03109 \u2013 Procedimentos para realiza\u00e7\u00e3o de manejo ambiental e controle qu\u00edmico do Aedes aegypti em 2024<\/a><\/li><li><a href=\"https:\/\/goias.gov.br\/saude\/wp-content\/uploads\/sites\/34\/2011\/12\/notatecnica15-2023-0b3.pdf\" target=\"_blank\" rel=\"noopener\">Nota T\u00e9cnica n\u00ba 15\/2023 \u2013 Normaliza\u00e7\u00e3o dos estoques dos inseticidas para aplica\u00e7\u00e3o espacial a UBV e programa\u00e7\u00e3o de distribui\u00e7\u00e3o aos estados<\/a><\/li><li><a id=\"\" title=\"\" href=\"https:\/\/goias.gov.br\/saude\/wp-content\/uploads\/sites\/34\/2011\/12\/diretrizes_nacionais_prevencao_controle_dengue_2009-6e0.pdf\" target=\"_blank\" rel=\"noopener\">Diretrizes Nacionais de Preven\u00e7\u00e3o e Controle da Dengue 2009<\/a><\/li><li><a id=\"\" title=\"\" href=\"https:\/\/goias.gov.br\/saude\/wp-content\/uploads\/sites\/34\/2011\/12\/guia-vigilancia-saude-volume-unico-3ed_2019-715.pdf\" target=\"_blank\" rel=\"noopener\">Guia de Vigil\u00e2ncia em Sa\u00fade \u2013 Volume \u00danico 3\u00aa ed. 2019<\/a><\/li><li><a id=\"\" title=\"\" href=\"https:\/\/goias.gov.br\/saude\/wp-content\/uploads\/sites\/34\/2011\/12\/NotaTecnica1_2018ReconhecimentoGeograficoR-G-b62.pdf\" target=\"_blank\" rel=\"noopener\">Nota T\u00e9cnica 01-2018 \u2013 Reconhecimento Geogr\u00e1fico<\/a><\/li><li><a id=\"\" title=\"\" href=\"https:\/\/goias.gov.br\/saude\/wp-content\/uploads\/sites\/34\/2011\/12\/NotaTecnica2_2018PontosEstrategicosP-E-c14.pdf\" target=\"_blank\" rel=\"noopener\">Nota T\u00e9cnica 02-2018 \u2013 Pontos Estrat\u00e9gicos<\/a><\/li><li><a id=\"\" title=\"\" href=\"https:\/\/goias.gov.br\/saude\/wp-content\/uploads\/sites\/34\/2011\/12\/NotaTecnican4_2018LeishmanioseTegumentar-LT-28c.pdf\" target=\"_blank\" rel=\"noopener\">Nota T\u00e9cnica 04-2018 \u2013 Leishmaniose Tegumentar<\/a><\/li><li><a id=\"\" title=\"\" href=\"https:\/\/goias.gov.br\/saude\/wp-content\/uploads\/sites\/34\/2011\/12\/NotaTecnican5_2018LeishmanioseVisceral-LV-7d0.pdf\" target=\"_blank\" rel=\"noopener\">Nota T\u00e9cnica 05-2018 \u2013 Leishmaniose Visceral<\/a><\/li><li><a id=\"\" title=\"\" href=\"https:\/\/goias.gov.br\/saude\/wp-content\/uploads\/sites\/34\/2011\/12\/NotaTecnican6_2018procedimentosecuidadosUBVcostal-5cc.pdf\" target=\"_blank\" rel=\"noopener\">Nota T\u00e9cnica 06-2018 \u2013 Procedimentos e Cuidados UBV Costal<\/a><\/li><li><a id=\"\" title=\"\" href=\"https:\/\/goias.gov.br\/saude\/wp-content\/uploads\/sites\/34\/2011\/12\/NotaTecnican12019Controletriatomineos-f58.pdf\" target=\"_blank\" rel=\"noopener\">Nota T\u00e9cnica 01-2019\u00a0\u2013 Controle Triatom\u00edneos<\/a><\/li><li><a href=\"https:\/\/goias.gov.br\/saude\/wp-content\/uploads\/sites\/34\/2011\/12\/NT01_2020MSInseticidaCielo-b74.pdf\" target=\"_blank\" rel=\"noopener\">Nota T\u00e9cnica 01-2020 \u2013 Inseticida Cielo MS<\/a><\/li><li><a id=\"\" title=\"\" href=\"https:\/\/goias.gov.br\/saude\/wp-content\/uploads\/sites\/34\/2011\/12\/NT05_2020inseticidafludoraMS-142.pdf\" target=\"_blank\" rel=\"noopener\">Nota T\u00e9cnica 05-2020 \u2013 Inseticida Fludora MS<\/a><\/li><li><a id=\"\" title=\"\" href=\"https:\/\/goias.gov.br\/saude\/wp-content\/uploads\/sites\/34\/2011\/12\/NotaExplicativa2_2020ControleVetorialFEBREAMARELA-c2a.pdf\" target=\"_blank\" rel=\"noopener\">Nota Explicativa 02-2020 \u2013 Controle Vetorial Febre Amarela<\/a><\/li><li><a id=\"\" title=\"\" href=\"https:\/\/goias.gov.br\/saude\/wp-content\/uploads\/sites\/34\/2011\/12\/NotaTecnica01-2021-6c4.pdf\" target=\"_blank\" rel=\"noopener\">Nota T\u00e9cnica 01-2021 \u2013 Atualiza\u00e7\u00e3o de Instru\u00e7\u00f5es para o Controle Vetorial das Leishmanioses para o Estado de Goi\u00e1s<\/a><\/li><li><a href=\"https:\/\/goias.gov.br\/saude\/wp-content\/uploads\/sites\/34\/2011\/12\/NT02-2021-CRITERIOS-PARA-CONTROLE-QUIMICO-2021-e0f.pdf\" target=\"_blank\" rel=\"noopener\">Nota T\u00e9cnica 02-2021 \u2013 Crit\u00e9rios de Execu\u00e7\u00e3o Controle Vetorial Mec\u00e2nico, Legal e Qu\u00edmico UBV<\/a><\/li><li><a href=\"https:\/\/goias.gov.br\/saude\/wp-content\/uploads\/sites\/34\/2011\/12\/NT13-2021-9cc.pdf\" target=\"_blank\" rel=\"noopener\">Nota T\u00e9cnica 13-2021 \u2013 Recomenda\u00e7\u00f5es sobre Combate ao Aedes aegypti em Situa\u00e7\u00e3o de Pandemia Covid-19<\/a><\/li><li><a class=\"\" href=\"https:\/\/goias.gov.br\/saude\/wp-content\/uploads\/sites\/34\/2011\/12\/Nota_de_Recomendacao-57b.pdf\" target=\"_blank\" rel=\"noopener\">Nota de Recomenda\u00e7\u00e3o 01-2022 \u2013 A\u00e7\u00f5es de Controle Vetorial do Aedes Aegypti<\/a><\/li><\/ul>\t\t\t\t\t\t\t\t<\/div>\n\t\t\t\t<\/div>\n\t\t\t\t\t<\/details>\n\t\t\t\t\t\t<details id=\"e-n-accordion-item-1021\" class=\"e-n-accordion-item\" >\n\t\t\t\t<summary class=\"e-n-accordion-item-title\" data-accordion-index=\"2\" tabindex=\"-1\" aria-expanded=\"false\" aria-controls=\"e-n-accordion-item-1021\" >\n\t\t\t\t\t<span class='e-n-accordion-item-title-header'><div class=\"e-n-accordion-item-title-text\"> Levantamento de \u00cdndice R\u00e1pido para o Aedes aegypti (LIRAa) <\/div><\/span>\n\t\t\t\t\t\t\t<span class='e-n-accordion-item-title-icon'>\n\t\t\t<span class='e-opened' ><svg aria-hidden=\"true\" class=\"e-font-icon-svg e-fas-angle-down\" viewBox=\"0 0 320 512\" xmlns=\"http:\/\/www.w3.org\/2000\/svg\"><path d=\"M143 352.3L7 216.3c-9.4-9.4-9.4-24.6 0-33.9l22.6-22.6c9.4-9.4 24.6-9.4 33.9 0l96.4 96.4 96.4-96.4c9.4-9.4 24.6-9.4 33.9 0l22.6 22.6c9.4 9.4 9.4 24.6 0 33.9l-136 136c-9.2 9.4-24.4 9.4-33.8 0z\"><\/path><\/svg><\/span>\n\t\t\t<span class='e-closed'><svg aria-hidden=\"true\" class=\"e-font-icon-svg e-fas-angle-right\" viewBox=\"0 0 256 512\" xmlns=\"http:\/\/www.w3.org\/2000\/svg\"><path d=\"M224.3 273l-136 136c-9.4 9.4-24.6 9.4-33.9 0l-22.6-22.6c-9.4-9.4-9.4-24.6 0-33.9l96.4-96.4-96.4-96.4c-9.4-9.4-9.4-24.6 0-33.9L54.3 103c9.4-9.4 24.6-9.4 33.9 0l136 136c9.5 9.4 9.5 24.6.1 34z\"><\/path><\/svg><\/span>\n\t\t<\/span>\n\n\t\t\t\t\t\t<\/summary>\n\t\t\t\t<div role=\"region\" aria-labelledby=\"e-n-accordion-item-1021\" class=\"elementor-element elementor-element-8699a57 e-con-full e-flex e-con e-child\" data-id=\"8699a57\" data-element_type=\"container\" data-e-type=\"container\">\n\t\t\t\t<div class=\"elementor-element elementor-element-9b4d5e6 elementor-widget elementor-widget-text-editor\" data-id=\"9b4d5e6\" data-element_type=\"widget\" data-e-type=\"widget\" data-widget_type=\"text-editor.default\">\n\t\t\t\t\t\t\t\t\t<p>Consiste em uma amostragem larv\u00e1ria bimestral de Aedes aegypti em um munic\u00edpio para obter a estimativa da infesta\u00e7\u00e3o pelo vetor da dengue. Essa amostragem deve ser precedida de um mapeamento e estratifica\u00e7\u00e3o dos im\u00f3veis do munic\u00edpio em unidades territoriais homog\u00eaneas de 2500 a 12000 im\u00f3veis denominadas estratos. \u00c9 ferramenta fundamental para direcionamento e intensifica\u00e7\u00e3o das a\u00e7\u00f5es antivetoriais, pois apresenta a magnitude e a distribui\u00e7\u00e3o da infesta\u00e7\u00e3o por tipo de criadouro nas diferentes regi\u00f5es do munic\u00edpio.<\/p><p>Os \u00edndices obtidos pelo LIRAa s\u00e3o:<\/p><p>\u00cdndice de Infesta\u00e7\u00e3o Predial \u2013 percentual de im\u00f3veis com presen\u00e7a de criadouros positivos para larvas de Aedes aegypti;<br \/>\u00cdndice de Breteau \u2013 n\u00ba de criadouros positivos para larvas de Aedes aegypti em 100 im\u00f3veis;<br \/>\u00cdndice de Recipiente \u2013 Distribui\u00e7\u00e3o percentual de cada tipo de recipiente, em rela\u00e7\u00e3o ao total de criadouros encontrados;<br \/><a href=\"https:\/\/goias.gov.br\/saude\/wp-content\/uploads\/sites\/34\/2014\/06\/Resolucao12_2017LIRAaLIAlevantamentoEntomologicoobrigatorio-378.pdf\" target=\"_blank\" rel=\"noopener\">Resolu\u00e7\u00e3o 12-2017 \u2013 LIRAa LIA Levantamento Entomol\u00f3gico Obrigat\u00f3rio<\/a><\/p><p><a href=\"https:\/\/goias.gov.br\/saude\/wp-content\/uploads\/sites\/34\/images\/imagens_migradas\/upload\/arquivos\/2017-11\/liraa-lia-municipios.zip\">LIRAa-LIA-Munic\u00edpios<\/a><br \/><a href=\"https:\/\/goias.gov.br\/saude\/wp-content\/uploads\/sites\/34\/images\/imagens_migradas\/upload\/arquivos\/2017-11\/liraa-lia-estados-setup.zip\">LIRAa-LIA-Estados-SETUP<\/a><\/p>\t\t\t\t\t\t\t\t<\/div>\n\t\t\t\t<\/div>\n\t\t\t\t\t<\/details>\n\t\t\t\t\t<\/div>\n\t\t\t\t\t\t<\/div>\n\t\t\t\t\t<\/div>\n\t\t\t\t<\/div>\n\t\t\t\t<\/div>\n\t\t","protected":false},"excerpt":{"rendered":"<p>A Vigil\u00e2ncia em Sa\u00fade Ambiental \u00e9 um conjunto de a\u00e7\u00f5es que proporciona o conhecimento e detec\u00e7\u00e3o de qualquer mudan\u00e7a nos fatores determinantes e condicionantes do meio ambiente que interferem na sa\u00fade humana, com a finalidade de identificar as medidas de preven\u00e7\u00e3o e controle dos fatores de risco ambientais relacionados \u00e0s doen\u00e7as ou outros agravos \u00e0 [&hellip;]<\/p>\n","protected":false},"author":693,"featured_media":0,"parent":37739,"menu_order":0,"comment_status":"closed","ping_status":"closed","template":"","meta":{"footnotes":""},"class_list":["post-40207","page","type-page","status-publish","hentry"],"rttpg_featured_image_url":null,"rttpg_author":{"display_name":"elzenubiamoreira","author_link":"https:\/\/goias.gov.br\/saude\/author\/elzenubiamoreira\/"},"rttpg_comment":0,"rttpg_category":null,"rttpg_excerpt":"A Vigil\u00e2ncia em Sa\u00fade Ambiental \u00e9 um conjunto de a\u00e7\u00f5es que proporciona o conhecimento e detec\u00e7\u00e3o de qualquer mudan\u00e7a nos fatores determinantes e condicionantes do meio ambiente que interferem na sa\u00fade humana, com a finalidade de identificar as medidas de preven\u00e7\u00e3o e controle dos fatores de risco ambientais relacionados \u00e0s doen\u00e7as ou outros agravos \u00e0&hellip;","_links":{"self":[{"href":"https:\/\/goias.gov.br\/saude\/wp-json\/wp\/v2\/pages\/40207","targetHints":{"allow":["GET"]}}],"collection":[{"href":"https:\/\/goias.gov.br\/saude\/wp-json\/wp\/v2\/pages"}],"about":[{"href":"https:\/\/goias.gov.br\/saude\/wp-json\/wp\/v2\/types\/page"}],"author":[{"embeddable":true,"href":"https:\/\/goias.gov.br\/saude\/wp-json\/wp\/v2\/users\/693"}],"replies":[{"embeddable":true,"href":"https:\/\/goias.gov.br\/saude\/wp-json\/wp\/v2\/comments?post=40207"}],"version-history":[{"count":3,"href":"https:\/\/goias.gov.br\/saude\/wp-json\/wp\/v2\/pages\/40207\/revisions"}],"predecessor-version":[{"id":627334,"href":"https:\/\/goias.gov.br\/saude\/wp-json\/wp\/v2\/pages\/40207\/revisions\/627334"}],"up":[{"embeddable":true,"href":"https:\/\/goias.gov.br\/saude\/wp-json\/wp\/v2\/pages\/37739"}],"wp:attachment":[{"href":"https:\/\/goias.gov.br\/saude\/wp-json\/wp\/v2\/media?parent=40207"}],"curies":[{"name":"wp","href":"https:\/\/api.w.org\/{rel}","templated":true}]}}