

{"id":39844,"date":"2024-01-15T14:46:11","date_gmt":"2024-01-15T17:46:11","guid":{"rendered":"https:\/\/siteshom.goias.gov.br\/saude\/?page_id=39844"},"modified":"2025-12-03T09:37:36","modified_gmt":"2025-12-03T12:37:36","slug":"emergencias-em-saude-publica","status":"publish","type":"page","link":"https:\/\/goias.gov.br\/saude\/emergencias-em-saude-publica\/","title":{"rendered":"Emerg\u00eancias em Sa\u00fade P\u00fablica"},"content":{"rendered":"\t\t<div data-elementor-type=\"wp-page\" data-elementor-id=\"39844\" class=\"elementor elementor-39844\">\n\t\t\t\t<div class=\"elementor-element elementor-element-5769a69 e-flex e-con-boxed e-con e-parent\" data-id=\"5769a69\" data-element_type=\"container\" data-e-type=\"container\">\n\t\t\t\t\t<div class=\"e-con-inner\">\n\t\t\t\t<div class=\"elementor-element elementor-element-9bb3395 elementor-widget elementor-widget-text-editor\" data-id=\"9bb3395\" data-element_type=\"widget\" data-e-type=\"widget\" data-widget_type=\"text-editor.default\">\n\t\t\t\t\t\t\t\t\t<p>Emerg\u00eancias em sa\u00fade p\u00fablica referem-se a eventos ou situa\u00e7\u00f5es que representam uma amea\u00e7a significativa para a sa\u00fade de uma popula\u00e7\u00e3o e exigem uma resposta r\u00e1pida e coordenada para controlar, prevenir ou minimizar os impactos adversos sobre a sa\u00fade p\u00fablica. Essas emerg\u00eancias podem ser causadas por uma variedade de eventos, incluindo surtos de doen\u00e7as infecciosas, desastres naturais, eventos qu\u00edmicos ou biol\u00f3gicos, crises humanit\u00e1rias, entre outros.<\/p><p>Exemplos de emerg\u00eancias em sa\u00fade p\u00fablica incluem pandemias (como a pandemia de COVID-19), desastres naturais (como furac\u00f5es, terremotos e inunda\u00e7\u00f5es), surtos de doen\u00e7as infecciosas (como a gripe), eventos qu\u00edmicos ou biol\u00f3gicos, e situa\u00e7\u00f5es de crise humanit\u00e1ria.<\/p><p>A gest\u00e3o eficaz de emerg\u00eancias em sa\u00fade p\u00fablica \u00e9 crucial para proteger a sa\u00fade da popula\u00e7\u00e3o, reduzir os danos e garantir a recupera\u00e7\u00e3o r\u00e1pida e sustent\u00e1vel. Isso geralmente envolve a implementa\u00e7\u00e3o de planos de prepara\u00e7\u00e3o para emerg\u00eancias, treinamento de equipes de resposta, estabelecimento de sistemas de vigil\u00e2ncia e a\u00e7\u00f5es coordenadas para garantir a resposta adequada.<\/p>\t\t\t\t\t\t\t\t<\/div>\n\t\t\t\t\t<\/div>\n\t\t\t\t<\/div>\n\t\t<div class=\"elementor-element elementor-element-7b72d26 e-flex e-con-boxed e-con e-parent\" data-id=\"7b72d26\" data-element_type=\"container\" data-e-type=\"container\">\n\t\t\t\t\t<div class=\"e-con-inner\">\n\t\t\t\t<div class=\"elementor-element elementor-element-75681fb elementor-widget elementor-widget-html\" data-id=\"75681fb\" data-element_type=\"widget\" data-e-type=\"widget\" data-widget_type=\"html.default\">\n\t\t\t\t\t<!DOCTYPE html>\r\n<html lang=\"pt-br\" dir=\"ltr\">\r\n<head>\r\n  <meta http-equiv=\"Content-Type\" content=\"text\/html; charset=UTF-8\" \/>\r\n  <style>\r\n    \/* Estilos para desktop *\/\r\n    .container {\r\n      padding: 10px;\r\n    }\r\n\r\n    .section {\r\n      margin-bottom: 10px;\r\n    }\r\n\r\n    .title {\r\n      text-align: center;\r\n      margin: 0 0 24px;\r\n      color: #0c326f;\r\n      font-weight: 600;\r\n      font-size: 2.2rem;\r\n      line-height: 1.5;\r\n    }\r\n\r\n    .cards {\r\n      display: flex;\r\n      justify-content: space-evenly;\r\n      flex-wrap: wrap;\r\n      margin: 0;\r\n      padding: 0;\r\n      list-style: none;\r\n    }\r\n\r\n    .cards li {\r\n      background-color: #ededed;\r\n      box-shadow: 0 3px 6px 0 rgba(0, 0, 0, 0.16);\r\n      text-align: center;\r\n      flex-basis: 23%;\r\n      box-sizing: border-box;\r\n      min-height: 60px;\r\n      margin-bottom: 0.9em;\r\n      line-height: 1.2em;\r\n      display: list-item;\r\n    }\r\n\r\n    .cards li a {\r\n      display: flex;\r\n      justify-content: center;\r\n      align-items: center;\r\n      flex-direction: column;\r\n      width: 100%;\r\n      height: 100%;\r\n      color: #1351b4;\r\n      font-weight: 600;\r\n      text-decoration: none;\r\n    }\r\n\r\n    .cards li i,\r\n    .cards li span {\r\n      font-size: 10px;\r\n      margin-bottom: 30px;\r\n      color: #0c326f;\r\n      width: auto;\r\n      font-weight: 200;\r\n    }\r\n\r\n    .cards li .title {\r\n      font-size: 15px;\r\n      color: #0c326f;\r\n      font-weight: 500;\r\n      margin: 0;\r\n      text-transform: uppercase;\r\n    }\r\n\r\n    \/* Estilos para telas menores *\/\r\n    @media screen and (max-width: 768px) {\r\n      .cards {\r\n        gap: 20px; \/* Espa\u00e7amento entre os cards *\/\r\n        margin-top: 20px; \/* Margem superior para os cards *\/\r\n      }\r\n      .cards li {\r\n        flex-basis: calc(50% - 20px); \/* Tamanho dos cards com espa\u00e7amento *\/\r\n      }\r\n    }\r\n\r\n    @media screen and (max-width: 480px) {\r\n      .cards {\r\n        gap: 15px; \/* Espa\u00e7amento menor entre os cards *\/\r\n        margin-top: 15px; \/* Margem superior menor para os cards *\/\r\n      }\r\n      .cards li {\r\n        flex-basis: calc(100% - 30px); \/* Tamanho dos cards com espa\u00e7amento menor *\/\r\n      }\r\n    }\r\n  <\/style>\r\n<\/head>\r\n<body>\r\n  <div class=\"container\">\r\n    <div class=\"section\">\r\n      <div class=\"suvisa\">\r\n        \r\n        <ul class=\"cards\">\r\n          <li>\r\n                    <a href=\"https:\/\/goias.gov.br\/saude\/cievs\/\">\r\n\r\n                        <div class=\"title\">CIEVS<\/div>\r\n                    <\/a>\r\n                <\/li>\r\n                <li>\r\n                           <a href=\"https:\/\/goias.gov.br\/saude\/vigilancia-epidemiologica-das-unidades-de-saude-renaveh-go\/\">\r\n\r\n                        <div class=\"title\">Vigil\u00e2ncia Epidemiol\u00f3gica das Unidades de Sa\u00fade<\/div>\r\n                    <\/a>\r\n                <\/li>\r\n                <li>\r\n                    <a href=\"https:\/\/goias.gov.br\/saude\/ciatox\/\">\r\n     \r\n                        <div class=\"title\">ciatox<\/div>\r\n                    <\/a>\r\n                <\/li>\r\n                \r\n\r\n  \r\n        <\/ul>\r\n      <\/div>\r\n    <\/div>\r\n  <\/div>\r\n<\/body>\r\n<\/html>\r\n\t\t\t\t<\/div>\n\t\t\t\t\t<\/div>\n\t\t\t\t<\/div>\n\t\t\t\t<\/div>\n\t\t","protected":false},"excerpt":{"rendered":"<p>Emerg\u00eancias em sa\u00fade p\u00fablica referem-se a eventos ou situa\u00e7\u00f5es que representam uma amea\u00e7a significativa para a sa\u00fade de uma popula\u00e7\u00e3o e exigem uma resposta r\u00e1pida e coordenada para controlar, prevenir ou minimizar os impactos adversos sobre a sa\u00fade p\u00fablica. Essas emerg\u00eancias podem ser causadas por uma variedade de eventos, incluindo surtos de doen\u00e7as infecciosas, desastres [&hellip;]<\/p>\n","protected":false},"author":693,"featured_media":0,"parent":0,"menu_order":0,"comment_status":"closed","ping_status":"closed","template":"","meta":{"footnotes":""},"class_list":["post-39844","page","type-page","status-publish","hentry"],"rttpg_featured_image_url":null,"rttpg_author":{"display_name":"elzenubiamoreira","author_link":"https:\/\/goias.gov.br\/saude\/author\/elzenubiamoreira\/"},"rttpg_comment":0,"rttpg_category":null,"rttpg_excerpt":"Emerg\u00eancias em sa\u00fade p\u00fablica referem-se a eventos ou situa\u00e7\u00f5es que representam uma amea\u00e7a significativa para a sa\u00fade de uma popula\u00e7\u00e3o e exigem uma resposta r\u00e1pida e coordenada para controlar, prevenir ou minimizar os impactos adversos sobre a sa\u00fade p\u00fablica. Essas emerg\u00eancias podem ser causadas por uma variedade de eventos, incluindo surtos de doen\u00e7as infecciosas, desastres&hellip;","_links":{"self":[{"href":"https:\/\/goias.gov.br\/saude\/wp-json\/wp\/v2\/pages\/39844","targetHints":{"allow":["GET"]}}],"collection":[{"href":"https:\/\/goias.gov.br\/saude\/wp-json\/wp\/v2\/pages"}],"about":[{"href":"https:\/\/goias.gov.br\/saude\/wp-json\/wp\/v2\/types\/page"}],"author":[{"embeddable":true,"href":"https:\/\/goias.gov.br\/saude\/wp-json\/wp\/v2\/users\/693"}],"replies":[{"embeddable":true,"href":"https:\/\/goias.gov.br\/saude\/wp-json\/wp\/v2\/comments?post=39844"}],"version-history":[{"count":2,"href":"https:\/\/goias.gov.br\/saude\/wp-json\/wp\/v2\/pages\/39844\/revisions"}],"predecessor-version":[{"id":630219,"href":"https:\/\/goias.gov.br\/saude\/wp-json\/wp\/v2\/pages\/39844\/revisions\/630219"}],"wp:attachment":[{"href":"https:\/\/goias.gov.br\/saude\/wp-json\/wp\/v2\/media?parent=39844"}],"curies":[{"name":"wp","href":"https:\/\/api.w.org\/{rel}","templated":true}]}}