

{"id":39842,"date":"2024-01-15T14:43:01","date_gmt":"2024-01-15T17:43:01","guid":{"rendered":"https:\/\/siteshom.goias.gov.br\/saude\/?page_id=39842"},"modified":"2025-12-02T15:43:45","modified_gmt":"2025-12-02T18:43:45","slug":"superintendencia-de-governo-aberto-e-participacao-cidada","status":"publish","type":"page","link":"https:\/\/goias.gov.br\/saude\/superintendencia-de-governo-aberto-e-participacao-cidada\/","title":{"rendered":"Superintend\u00eancia de Governo Aberto e Participa\u00e7\u00e3o Cidad\u00e3"},"content":{"rendered":"\t\t<div data-elementor-type=\"wp-page\" data-elementor-id=\"39842\" class=\"elementor elementor-39842\">\n\t\t\t\t<div class=\"elementor-element elementor-element-1b9fd78 e-flex e-con-boxed e-con e-parent\" data-id=\"1b9fd78\" data-element_type=\"container\" data-e-type=\"container\">\n\t\t\t\t\t<div class=\"e-con-inner\">\n\t\t<div class=\"elementor-element elementor-element-4e6ba6e e-con-full e-flex e-con e-child\" data-id=\"4e6ba6e\" data-element_type=\"container\" data-e-type=\"container\">\n\t\t\t\t<div class=\"elementor-element elementor-element-2af6faf elementor-widget elementor-widget-text-editor\" data-id=\"2af6faf\" data-element_type=\"widget\" data-e-type=\"widget\" data-widget_type=\"text-editor.default\">\n\t\t\t\t\t\t\t\t\t<h3 class=\"sppb-addon-title\">Superintendente<\/h3><div class=\"sppb-addon-content\"><p><span class=\"st\"><strong>S\u00e9rgio Gomes de Carvalho<\/strong><br \/><\/span>(62) 3201-7771<br \/><a href=\"mailto:sergio.carvalho@goias.gov.br\">sergio.carvalho@goias.gov.br<\/a><\/p><p><strong>Localiza\u00e7\u00e3o:<br \/><\/strong><a href=\"https:\/\/maps.app.goo.gl\/PgPGUEBjn4Faj9iW7\" target=\"_blank\" rel=\"noopener\">Av. SC 1 n\u00ba 299 &#8211; Parque Santa Cruz <br \/>Goi\u00e2nia &#8211; GO<br \/>CEP: 74.860-260<\/a><\/p><\/div>\t\t\t\t\t\t\t\t<\/div>\n\t\t\t\t<\/div>\n\t\t<div class=\"elementor-element elementor-element-7d92c23 e-con-full e-flex e-con e-child\" data-id=\"7d92c23\" data-element_type=\"container\" data-e-type=\"container\">\n\t\t\t\t<div class=\"elementor-element elementor-element-65bd9e6 elementor-widget elementor-widget-text-editor\" data-id=\"65bd9e6\" data-element_type=\"widget\" data-e-type=\"widget\" data-widget_type=\"text-editor.default\">\n\t\t\t\t\t\t\t\t\t<p>A\u00a0Superintend\u00eancia de Governo Aberto e Participa\u00e7\u00e3o Cidad\u00e3 est\u00e1 ligada \u00e0\u00a0Subsecretaria de Controle Interno e Compliance.<\/p>\t\t\t\t\t\t\t\t<\/div>\n\t\t\t\t<\/div>\n\t\t\t\t\t<\/div>\n\t\t\t\t<\/div>\n\t\t<div class=\"elementor-element elementor-element-3c53bc2 e-flex e-con-boxed e-con e-parent\" data-id=\"3c53bc2\" data-element_type=\"container\" data-e-type=\"container\">\n\t\t\t\t\t<div class=\"e-con-inner\">\n\t\t\t\t<div class=\"elementor-element elementor-element-8ae699f elementor-widget elementor-widget-heading\" data-id=\"8ae699f\" data-element_type=\"widget\" data-e-type=\"widget\" data-widget_type=\"heading.default\">\n\t\t\t\t\t<h2 class=\"elementor-heading-title elementor-size-default\">Ger\u00eancias<\/h2>\t\t\t\t<\/div>\n\t\t\t\t<div class=\"elementor-element elementor-element-10c06f4 elementor-widget elementor-widget-n-accordion\" data-id=\"10c06f4\" data-element_type=\"widget\" data-e-type=\"widget\" data-settings=\"{&quot;default_state&quot;:&quot;all_collapsed&quot;,&quot;max_items_expended&quot;:&quot;one&quot;,&quot;n_accordion_animation_duration&quot;:{&quot;unit&quot;:&quot;ms&quot;,&quot;size&quot;:400,&quot;sizes&quot;:[]}}\" data-widget_type=\"nested-accordion.default\">\n\t\t\t\t\t\t\t<div class=\"e-n-accordion\" aria-label=\"Accordion. Open links with Enter or Space, close with Escape, and navigate with Arrow Keys\">\n\t\t\t\t\t\t<details id=\"e-n-accordion-item-1750\" class=\"e-n-accordion-item\" >\n\t\t\t\t<summary class=\"e-n-accordion-item-title\" data-accordion-index=\"1\" tabindex=\"0\" aria-expanded=\"false\" aria-controls=\"e-n-accordion-item-1750\" >\n\t\t\t\t\t<span class='e-n-accordion-item-title-header'><div class=\"e-n-accordion-item-title-text\"> Ger\u00eancia de Governo Aberto <\/div><\/span>\n\t\t\t\t\t\t\t<span class='e-n-accordion-item-title-icon'>\n\t\t\t<span class='e-opened' ><svg aria-hidden=\"true\" class=\"e-font-icon-svg e-fas-angle-down\" viewBox=\"0 0 320 512\" xmlns=\"http:\/\/www.w3.org\/2000\/svg\"><path d=\"M143 352.3L7 216.3c-9.4-9.4-9.4-24.6 0-33.9l22.6-22.6c9.4-9.4 24.6-9.4 33.9 0l96.4 96.4 96.4-96.4c9.4-9.4 24.6-9.4 33.9 0l22.6 22.6c9.4 9.4 9.4 24.6 0 33.9l-136 136c-9.2 9.4-24.4 9.4-33.8 0z\"><\/path><\/svg><\/span>\n\t\t\t<span class='e-closed'><svg aria-hidden=\"true\" class=\"e-font-icon-svg e-fas-angle-right\" viewBox=\"0 0 256 512\" xmlns=\"http:\/\/www.w3.org\/2000\/svg\"><path d=\"M224.3 273l-136 136c-9.4 9.4-24.6 9.4-33.9 0l-22.6-22.6c-9.4-9.4-9.4-24.6 0-33.9l96.4-96.4-96.4-96.4c-9.4-9.4-9.4-24.6 0-33.9L54.3 103c9.4-9.4 24.6-9.4 33.9 0l136 136c9.5 9.4 9.5 24.6.1 34z\"><\/path><\/svg><\/span>\n\t\t<\/span>\n\n\t\t\t\t\t\t<\/summary>\n\t\t\t\t<div role=\"region\" aria-labelledby=\"e-n-accordion-item-1750\" class=\"elementor-element elementor-element-3916054 e-con-full e-flex e-con e-child\" data-id=\"3916054\" data-element_type=\"container\" data-e-type=\"container\">\n\t\t\t\t<div class=\"elementor-element elementor-element-749c6ab elementor-widget elementor-widget-text-editor\" data-id=\"749c6ab\" data-element_type=\"widget\" data-e-type=\"widget\" data-widget_type=\"text-editor.default\">\n\t\t\t\t\t\t\t\t\t<p>Compete \u00e0 Ger\u00eancia de Governo Aberto:<\/p><p class=\"x_MsoNormal\" align=\"justify\">I \u2013 orientar e acompanhar a atualiza\u00e7\u00e3o da p\u00e1gina de acesso \u00e0 informa\u00e7\u00e3o da Secretaria de Estado da Sa\u00fade, em observ\u00e2ncia \u00e0 legisla\u00e7\u00e3o de transpar\u00eancia e \u00e0s boas pr\u00e1ticas;<br \/>II \u2013 apresentar estudos t\u00e9cnicos, recomendar a expedi\u00e7\u00e3o de normativos, propor sistematiza\u00e7\u00e3o de procedimentos para a divulga\u00e7\u00e3o de informa\u00e7\u00f5es produzidas e ou custodiadas pela Secretaria de Estado da Sa\u00fade, das Organiza\u00e7\u00f5es Sociais contratadas, e de outras entidades;<br \/>III &#8211; acompanhar projetos e atividades que envolvam governo aberto na SES, pautados na transpar\u00eancia p\u00fablica e na tecnologia e inova\u00e7\u00e3o;<br \/>IV \u2013 acompanhar e avaliar anualmente a divulga\u00e7\u00e3o de dados e informa\u00e7\u00f5es dos contratos de gest\u00e3o apresentadas nas p\u00e1ginas de acesso \u00e0 informa\u00e7\u00e3o da Secretaria de Estado da Sa\u00fade e das Organiza\u00e7\u00f5es Sociais contratadas e de outras entidades;<br \/>V \u2013 acompanhar o atendimento das demandas dos \u00f3rg\u00e3os de controle, sobre a tem\u00e1tica de transpar\u00eancia p\u00fablica; e<br \/>VI \u2013 realizar outras atividades correlatas.<\/p>\t\t\t\t\t\t\t\t<\/div>\n\t\t\t\t<\/div>\n\t\t\t\t\t<\/details>\n\t\t\t\t\t\t<details id=\"e-n-accordion-item-1751\" class=\"e-n-accordion-item\" >\n\t\t\t\t<summary class=\"e-n-accordion-item-title\" data-accordion-index=\"2\" tabindex=\"-1\" aria-expanded=\"false\" aria-controls=\"e-n-accordion-item-1751\" >\n\t\t\t\t\t<span class='e-n-accordion-item-title-header'><div class=\"e-n-accordion-item-title-text\"> Ger\u00eancia da Ouvidoria Setorial <\/div><\/span>\n\t\t\t\t\t\t\t<span class='e-n-accordion-item-title-icon'>\n\t\t\t<span class='e-opened' ><svg aria-hidden=\"true\" class=\"e-font-icon-svg e-fas-angle-down\" viewBox=\"0 0 320 512\" xmlns=\"http:\/\/www.w3.org\/2000\/svg\"><path d=\"M143 352.3L7 216.3c-9.4-9.4-9.4-24.6 0-33.9l22.6-22.6c9.4-9.4 24.6-9.4 33.9 0l96.4 96.4 96.4-96.4c9.4-9.4 24.6-9.4 33.9 0l22.6 22.6c9.4 9.4 9.4 24.6 0 33.9l-136 136c-9.2 9.4-24.4 9.4-33.8 0z\"><\/path><\/svg><\/span>\n\t\t\t<span class='e-closed'><svg aria-hidden=\"true\" class=\"e-font-icon-svg e-fas-angle-right\" viewBox=\"0 0 256 512\" xmlns=\"http:\/\/www.w3.org\/2000\/svg\"><path d=\"M224.3 273l-136 136c-9.4 9.4-24.6 9.4-33.9 0l-22.6-22.6c-9.4-9.4-9.4-24.6 0-33.9l96.4-96.4-96.4-96.4c-9.4-9.4-9.4-24.6 0-33.9L54.3 103c9.4-9.4 24.6-9.4 33.9 0l136 136c9.5 9.4 9.5 24.6.1 34z\"><\/path><\/svg><\/span>\n\t\t<\/span>\n\n\t\t\t\t\t\t<\/summary>\n\t\t\t\t<div role=\"region\" aria-labelledby=\"e-n-accordion-item-1751\" class=\"elementor-element elementor-element-8de31a8 e-con-full e-flex e-con e-child\" data-id=\"8de31a8\" data-element_type=\"container\" data-e-type=\"container\">\n\t\t\t\t<div class=\"elementor-element elementor-element-6e29fe1 elementor-widget elementor-widget-text-editor\" data-id=\"6e29fe1\" data-element_type=\"widget\" data-e-type=\"widget\" data-widget_type=\"text-editor.default\">\n\t\t\t\t\t\t\t\t\t<p><img fetchpriority=\"high\" decoding=\"async\" class=\"size-medium wp-image-306642 aligncenter\" src=\"https:\/\/goias.gov.br\/saude\/wp-content\/uploads\/sites\/34\/2019\/05\/selo-ouvidoria-2025-300x300.png\" alt=\"\" width=\"300\" height=\"300\" srcset=\"https:\/\/goias.gov.br\/saude\/wp-content\/uploads\/sites\/34\/2019\/05\/selo-ouvidoria-2025-300x300.png 300w, https:\/\/goias.gov.br\/saude\/wp-content\/uploads\/sites\/34\/2019\/05\/selo-ouvidoria-2025-1024x1024.png 1024w, https:\/\/goias.gov.br\/saude\/wp-content\/uploads\/sites\/34\/2019\/05\/selo-ouvidoria-2025-150x150.png 150w, https:\/\/goias.gov.br\/saude\/wp-content\/uploads\/sites\/34\/2019\/05\/selo-ouvidoria-2025-768x768.png 768w, https:\/\/goias.gov.br\/saude\/wp-content\/uploads\/sites\/34\/2019\/05\/selo-ouvidoria-2025.png 1466w\" sizes=\"(max-width: 300px) 100vw, 300px\" \/><\/p><p>Compete \u00e0 Ger\u00eancia da Ouvidoria Setorial:<\/p><p class=\"x_MsoNormal\" align=\"justify\">I \u2013 realizar tratamento das manifesta\u00e7\u00f5es da SES;<br \/>II &#8211; realizar a revis\u00e3o de respostas;<br \/>III &#8211; supervisionar as atividades no \u00e2mbito dos \u00f3rg\u00e3os e entidades que n\u00e3o possuam ouvidorias em sua estrutura, conforme normativo pr\u00f3prio a ser editado pela Controladoria Geral do Estado, referentes ao tratamento de manifesta\u00e7\u00f5es e pedidos de acesso \u00e0 informa\u00e7\u00e3o registrados no sistema de ouvidoria;<br \/>IV \u2014 promover a media\u00e7\u00e3o de conflitos entre cidad\u00e3os e a SES;<br \/>V \u2014 promover e participar de eventos, reuni\u00f5es e encontros com ouvidores e sociedade civil, visando \u00e0 realiza\u00e7\u00e3o de atividades de capacita\u00e7\u00e3o, aperfei\u00e7oamento e melhoria da presta\u00e7\u00e3o dos servi\u00e7os p\u00fablicos;<br \/>VI &#8211; elaborar relat\u00f3rios estat\u00edsticos e gerenciais;<br \/>VII &#8211; Promover a divulga\u00e7\u00e3o da Ouvidoria Setorial, de forma padronizada, conforme orienta\u00e7\u00e3o da Controladoria Geral do Estado &#8211; CGE, para o conhecimento das fun\u00e7\u00f5es da Ouvidoria para todos os cidad\u00e3os e para os pr\u00f3prios servidores p\u00fablicos dos \u00f3rg\u00e3os e entidades de sua circunscri\u00e7\u00e3o;<br \/>VIII- representar a Ouvidoria do SUS no Estado de Goi\u00e1s;<br \/>IX- assessorar e acompanhar as ouvidorias do SUS implantadas nas unidades de sa\u00fade da rede pr\u00f3pria da SES e nas secretarias municipais de sa\u00fade; e<br \/>X &#8211; realizar outras atividades correlatas.<\/p><p class=\"x_MsoNormal\" align=\"justify\">\u00a71\u00ba &#8211; O tratamento da manifesta\u00e7\u00e3o se refere ao processo de an\u00e1lise da manifesta\u00e7\u00e3o, encaminhamento \u00e0s \u00e1reas competentes e oferecimento de respostas conclusivas ao manifestante.<\/p><p class=\"x_MsoNormal\" align=\"justify\">\u00a72\u00b0A Ger\u00eancia de Ouvidoria Setorial fica subordinado t\u00e9cnica e normativamente \u00e0 Controladoria-Geral do Estado, sem preju\u00edzo da subordina\u00e7\u00e3o administrativa \u00e0 Superintend\u00eancia de Governo Aberto e Participa\u00e7\u00e3o Cidad\u00e3.<\/p>\t\t\t\t\t\t\t\t<\/div>\n\t\t\t\t<\/div>\n\t\t\t\t\t<\/details>\n\t\t\t\t\t<\/div>\n\t\t\t\t\t\t<\/div>\n\t\t\t\t\t<\/div>\n\t\t\t\t<\/div>\n\t\t\t\t<\/div>\n\t\t","protected":false},"excerpt":{"rendered":"<p>Superintendente S\u00e9rgio Gomes de Carvalho(62) 3201-7771sergio.carvalho@goias.gov.br Localiza\u00e7\u00e3o:Av. SC 1 n\u00ba 299 &#8211; Parque Santa Cruz Goi\u00e2nia &#8211; GOCEP: 74.860-260 A\u00a0Superintend\u00eancia de Governo Aberto e Participa\u00e7\u00e3o Cidad\u00e3 est\u00e1 ligada \u00e0\u00a0Subsecretaria de Controle Interno e Compliance. Ger\u00eancias Ger\u00eancia de Governo Aberto Compete \u00e0 Ger\u00eancia de Governo Aberto: I \u2013 orientar e acompanhar a atualiza\u00e7\u00e3o da p\u00e1gina de [&hellip;]<\/p>\n","protected":false},"author":693,"featured_media":0,"parent":0,"menu_order":0,"comment_status":"closed","ping_status":"closed","template":"","meta":{"footnotes":""},"class_list":["post-39842","page","type-page","status-publish","hentry"],"rttpg_featured_image_url":null,"rttpg_author":{"display_name":"elzenubiamoreira","author_link":"https:\/\/goias.gov.br\/saude\/author\/elzenubiamoreira\/"},"rttpg_comment":0,"rttpg_category":null,"rttpg_excerpt":"Superintendente S\u00e9rgio Gomes de Carvalho(62) 3201-7771sergio.carvalho@goias.gov.br Localiza\u00e7\u00e3o:Av. SC 1 n\u00ba 299 &#8211; Parque Santa Cruz Goi\u00e2nia &#8211; GOCEP: 74.860-260 A\u00a0Superintend\u00eancia de Governo Aberto e Participa\u00e7\u00e3o Cidad\u00e3 est\u00e1 ligada \u00e0\u00a0Subsecretaria de Controle Interno e Compliance. Ger\u00eancias Ger\u00eancia de Governo Aberto Compete \u00e0 Ger\u00eancia de Governo Aberto: I \u2013 orientar e acompanhar a atualiza\u00e7\u00e3o da p\u00e1gina de&hellip;","_links":{"self":[{"href":"https:\/\/goias.gov.br\/saude\/wp-json\/wp\/v2\/pages\/39842","targetHints":{"allow":["GET"]}}],"collection":[{"href":"https:\/\/goias.gov.br\/saude\/wp-json\/wp\/v2\/pages"}],"about":[{"href":"https:\/\/goias.gov.br\/saude\/wp-json\/wp\/v2\/types\/page"}],"author":[{"embeddable":true,"href":"https:\/\/goias.gov.br\/saude\/wp-json\/wp\/v2\/users\/693"}],"replies":[{"embeddable":true,"href":"https:\/\/goias.gov.br\/saude\/wp-json\/wp\/v2\/comments?post=39842"}],"version-history":[{"count":3,"href":"https:\/\/goias.gov.br\/saude\/wp-json\/wp\/v2\/pages\/39842\/revisions"}],"predecessor-version":[{"id":626457,"href":"https:\/\/goias.gov.br\/saude\/wp-json\/wp\/v2\/pages\/39842\/revisions\/626457"}],"wp:attachment":[{"href":"https:\/\/goias.gov.br\/saude\/wp-json\/wp\/v2\/media?parent=39842"}],"curies":[{"name":"wp","href":"https:\/\/api.w.org\/{rel}","templated":true}]}}