

{"id":39806,"date":"2024-01-12T14:38:50","date_gmt":"2024-01-12T17:38:50","guid":{"rendered":"https:\/\/siteshom.goias.gov.br\/saude\/?page_id=39806"},"modified":"2026-01-06T12:34:34","modified_gmt":"2026-01-06T15:34:34","slug":"cib","status":"publish","type":"page","link":"https:\/\/goias.gov.br\/saude\/cib\/","title":{"rendered":"Comiss\u00e3o Intergestores Bipartite &#8211; CIB"},"content":{"rendered":"\t\t<div data-elementor-type=\"wp-page\" data-elementor-id=\"39806\" class=\"elementor elementor-39806\">\n\t\t\t\t<div class=\"elementor-element elementor-element-a4a86ed e-flex e-con-boxed e-con e-parent\" data-id=\"a4a86ed\" data-element_type=\"container\" data-e-type=\"container\">\n\t\t\t\t\t<div class=\"e-con-inner\">\n\t\t<div class=\"elementor-element elementor-element-651dffa e-con-full e-flex e-con e-child\" data-id=\"651dffa\" data-element_type=\"container\" data-e-type=\"container\">\n\t\t\t\t<div class=\"elementor-element elementor-element-963532a elementor-widget elementor-widget-text-editor\" data-id=\"963532a\" data-element_type=\"widget\" data-e-type=\"widget\" data-widget_type=\"text-editor.default\">\n\t\t\t\t\t\t\t\t\t<h3 class=\"sppb-addon-title\">Composi\u00e7\u00e3o<\/h3><div class=\"sppb-addon-content\"><ul><li><strong>Secret\u00e1rio de Estado da Sa\u00fade<br \/><\/strong>Ras\u00edvel dos Reis<\/li><li><strong>Presidente do Cosems-GO<br \/><\/strong>Patr\u00edcia Palmeira de Brito Fleury<strong><br \/><\/strong><\/li><li><strong>Secretaria Executiva:\u00a0<\/strong>Lirce Lamounier<\/li><\/ul><p>(62) 3201-2453 \/ 3433<br \/><a href=\"mailto:lirce.lamounier@goias.gov.br\">comissaobipartite@gmail.com<\/a><\/p><p><strong>Localiza\u00e7\u00e3o:<br \/><\/strong><a href=\"https:\/\/maps.app.goo.gl\/PgPGUEBjn4Faj9iW7\" target=\"_blank\" rel=\"noopener\">Av. SC 1 n\u00ba 299 &#8211; Parque Santa Cruz &#8211; Goi\u00e2nia &#8211; GO<br \/>CEP: 74.860-260<\/a><\/p><\/div>\t\t\t\t\t\t\t\t<\/div>\n\t\t\t\t<\/div>\n\t\t<div class=\"elementor-element elementor-element-dd65885 e-con-full e-flex e-con e-child\" data-id=\"dd65885\" data-element_type=\"container\" data-e-type=\"container\">\n\t\t\t\t<div class=\"elementor-element elementor-element-120f4ab elementor-widget elementor-widget-text-editor\" data-id=\"120f4ab\" data-element_type=\"widget\" data-e-type=\"widget\" data-widget_type=\"text-editor.default\">\n\t\t\t\t\t\t\t\t\t<div style=\"text-align: justify;\">As Comiss\u00f5es Intergestores Bipartites \u2013 CIB foram institu\u00eddas gradativamente nos Estados Brasileiros entre 1993 e 1994, a partir de determina\u00e7\u00e3o da Portaria ministerial n\u00ba 545 de 20 maio de 1993. De acordo com dados do Minist\u00e9rio da Sa\u00fade, em dezembro de 1994, todos os Estados, com exce\u00e7\u00e3o do Distrito Federal, j\u00e1 haviam institu\u00eddo as Comiss\u00f5es Intergestores Bipartites e estavam em funcionamento. Em Goi\u00e1s, foi criada pela Portaria n\u00ba 1.202, de 08 de julho de 1993, da Secretaria de Estado da Sa\u00fade e Meio Ambiente (Sesma).<\/div><div style=\"text-align: justify;\">\u00a0<\/div><div style=\"text-align: justify;\">A CIB \u00e9 vinculada a Secretaria de Estado da Sa\u00fade para efeitos administrativos operacionais, constitui-se em uma inst\u00e2ncia colegiada de articula\u00e7\u00e3o, negocia\u00e7\u00e3o, pactua\u00e7\u00e3o consensual entre o gestor estadual e os gestores municipais, e de car\u00e1ter deliberativo para defini\u00e7\u00e3o dos aspectos operacionais e de regulamenta\u00e7\u00e3o das pol\u00edticas p\u00fablicas de sa\u00fade e das regras de gest\u00e3o compartilhada, propiciando um espa\u00e7o para o fortalecimento da governan\u00e7a do Sistema \u00danico de Sa\u00fade \u2013 SUS, no Estado de Goi\u00e1s, nos termos do Art. 14-A da Lei N\u00ba 8.080, de 19 de setembro de 1990, e do Decreto N\u00ba 7.508, de 28 de junho de 2011.<\/div><div style=\"text-align: justify;\">\u00a0<\/div><div style=\"text-align: justify;\">\u00c9 formada pela Secretaria de Estado da Sa\u00fade e Conselho de Secretarias Municipais de Sa\u00fade (Cosems), com composi\u00e7\u00e3o parit\u00e1ria. A Coordena\u00e7\u00e3o da CIB\/GO \u00e9 exercida de forma bipartite, pelo Secret\u00e1rio de Estado da Sa\u00fade e pelo Presidente do COSEMS\/GO.<\/div><div style=\"text-align: justify;\">\u00a0<\/div><div style=\"text-align: center;\"><a class=\"btn btn-primary btn-block\" style=\"text-align: justify;\" href=\"https:\/\/goias.gov.br\/saude\/wp-content\/uploads\/sites\/34\/cib\/resolucoes\/2025\/1%20a%20999\/Resolu%C3%A7%C3%A3o%20n%C2%BA%20382.2025%20-%20Aprova%20Regimento%20Interno%20da%20Comiss%C3%A3o%20Intergestores%20Bipartite%20%E2%80%93%20CIB%20e%20Comiss%C3%B5es%20Intergestores%20Macrorregionais%20e%20Regionais%20do%20Estado%20de%20Goi%C3%A1s.pdf\" target=\"_blank\" rel=\"noopener noreferrer\">Regimento Interno da CIB<\/a><\/div><div style=\"text-align: justify;\">\u00a0<\/div>\t\t\t\t\t\t\t\t<\/div>\n\t\t\t\t<\/div>\n\t\t\t\t\t<\/div>\n\t\t\t\t<\/div>\n\t\t<div class=\"elementor-element elementor-element-cce6dee e-flex e-con-boxed e-con e-parent\" data-id=\"cce6dee\" data-element_type=\"container\" data-e-type=\"container\">\n\t\t\t\t\t<div class=\"e-con-inner\">\n\t\t\t\t<div class=\"elementor-element elementor-element-3b09a2b elementor-widget elementor-widget-html\" data-id=\"3b09a2b\" data-element_type=\"widget\" data-e-type=\"widget\" data-widget_type=\"html.default\">\n\t\t\t\t\t<!DOCTYPE html>\r\n<html lang=\"pt-br\" dir=\"ltr\">\r\n<head>\r\n  <meta http-equiv=\"Content-Type\" content=\"text\/html; charset=UTF-8\" \/>\r\n  <style>\r\n    \/* Estilos para desktop *\/\r\n    .container {\r\n      padding: 20px;\r\n    }\r\n\r\n    .section {\r\n      margin-bottom: 40px;\r\n    }\r\n\r\n    .title {\r\n      text-align: center;\r\n      margin: 0 0 24px;\r\n      color: #0c326f;\r\n      font-weight: 600;\r\n      font-size: 2.7rem;\r\n      line-height: 1.5;\r\n    }\r\n\r\n    .cards {\r\n      display: flex;\r\n      justify-content: space-evenly;\r\n      flex-wrap: wrap;\r\n      margin: 0;\r\n      padding: 0;\r\n      list-style: none;\r\n    }\r\n\r\n    .cards li {\r\n      background-color: #ededed;\r\n      box-shadow: 0 3px 6px 0 rgba(0, 0, 0, 0.16);\r\n      text-align: center;\r\n      flex-basis: 23%;\r\n      box-sizing: border-box;\r\n      min-height: 230px;\r\n      margin-bottom: 1.2em;\r\n      line-height: 1.5em;\r\n      display: list-item;\r\n    }\r\n\r\n    .cards li a {\r\n      display: flex;\r\n      justify-content: center;\r\n      align-items: center;\r\n      flex-direction: column;\r\n      width: 100%;\r\n      height: 100%;\r\n      color: #1351b4;\r\n      font-weight: 500;\r\n      text-decoration: none;\r\n    }\r\n\r\n    .cards li i,\r\n    .cards li span {\r\n      font-size: 50px;\r\n      margin-bottom: 30px;\r\n      color: #0c326f;\r\n      width: auto;\r\n      font-weight: 900;\r\n    }\r\n\r\n    .cards li .title {\r\n      font-size: 20px;\r\n      color: #0c326f;\r\n      font-weight: 600;\r\n      margin: 0;\r\n      text-transform: uppercase;\r\n    }\r\n\r\n    \/* Estilos para telas menores *\/\r\n    @media screen and (max-width: 768px) {\r\n      .cards {\r\n        gap: 20px; \/* Espa\u00e7amento entre os cards *\/\r\n        margin-top: 20px; margin-bottom: 20px;\/* Margem superior para os cards *\/\r\n      }\r\n      .cards li {\r\n        flex-basis: calc(50% - 20px); \/* Tamanho dos cards com espa\u00e7amento *\/\r\n      }\r\n    }\r\n\r\n    @media screen and (max-width: 480px) {\r\n      .cards {\r\n        gap: 15px; \/* Espa\u00e7amento menor entre os cards *\/\r\n        margin-top: 15px; margin-bottom: 20px; \/* Margem superior menor para os cards *\/\r\n      }\r\n      .cards li {\r\n        flex-basis: calc(100% - 30px); \/* Tamanho dos cards com espa\u00e7amento menor *\/\r\n      }\r\n    }\r\n  <\/style>\r\n\t<div class=\"container\">\r\n        <div class=\"escola\">\r\n            \r\n            <div class=\"title-header\">\r\n               \r\n            <\/div>\r\n            <ul class=\"cards\">\r\n                <li>\r\n                    <a href=\"https:\/\/goias.gov.br\/saude\/ata-resumo-executivo-gravacao\/\">\r\n                        <span class=\"fa-solid fa-address-book\"><\/span>\r\n                        <div class=\"title\">ata - resumo executivo<\/div>\r\n                    <\/a>\r\n                <\/li>\r\n                <li>\r\n                    <a href=\"https:\/\/goias.gov.br\/saude\/wp-content\/uploads\/sites\/34\/cib\/CALENDARIO-CIB-2026.pdf\" target=\"_blank\">\r\n                        <span class=\"fa-solid fa-calendar-check\"><\/span>\r\n                        <div class=\"title\">Calend\u00e1rio cib<\/div>\r\n                    <\/a>\r\n                <\/li>\r\n\r\n <li>\r\n                    <a href=\"https:\/\/goias.gov.br\/saude\/comissao-intergestores-regional-cir\/\">\r\n                        <span class=\"fa-solid fa-arrows-down-to-people\"><\/span>\r\n                        <div class=\"title\">cir<\/div>\r\n                    <\/a>\r\n                <\/li>\r\n                <li>\r\n                    <a href=\"https:\/\/goias.gov.br\/saude\/comissao-intergestores-macrorregional-cim\/\">\r\n                        <span class=\"fa-solid fa-users-between-lines\"><\/span>\r\n                        <div class=\"title\">cim<\/div>\r\n                    <\/a>\r\n                <\/li>\r\n               \r\n\r\n <li>\r\n                    <a href=\"https:\/\/goias.gov.br\/saude\/comissao-intergestores-bipartite-grupos-de-trabalho\/\">\r\n                        <span class=\"fa-solid fa-users-gear\"><\/span>\r\n                        <div class=\"title\">relat\u00f3rios dos grupos de trabalho<\/div>\r\n                    <\/a>\r\n                <\/li>\r\n\r\n<li>\r\n                    <a href=\"https:\/\/goias.gov.br\/saude\/apresentacoes-dos-grupos-de-trabalho\/\" target=\"_blank\">\r\n                        <span class=\"fa-solid fa-object-group\"><\/span>\r\n                        <div class=\"title\">apresenta\u00e7\u00f5es dos grupos de trabalho cib<\/div>\r\n                    <\/a>\r\n                <\/li>\r\n\r\n <li>\r\n                    <a href=\"https:\/\/goias.gov.br\/saude\/cib-resolucoes\/\" target=\"_blank\">\r\n                        <span class=\"fa-solid fa-file-lines\"><\/span>\r\n                        <div class=\"title\">Resolu\u00e7\u00f5es<\/div>\r\n                    <\/a>\r\n                <\/li>\r\n\r\n<li>\r\n                    <a href=\"https:\/\/goias.gov.br\/saude\/comissao-intergestores-bipartite-convocacoes\/\" target=\"_blank\">\r\n                        <span class=\"fa-solid fa-bullhorn\"><\/span>\r\n                        <div class=\"title\">convoca\u00e7\u00f5es<\/div>\r\n                    <\/a>\r\n                <\/li>\r\n<li>\r\n                    <a href=\"https:\/\/goias.gov.br\/saude\/cadfila\/\" target=\"_blank\">\r\n                        <span class=\"fa-solid fa-file-circle-xmark\"><\/span>\r\n                        <div class=\"title\">CADFILA<\/div>\r\n                    <\/a>\r\n                <\/li>\r\n\r\n\r\n\r\n\r\n            <\/ul>\r\n        <\/div>\r\n\t<\/div>\r\n\t\t\t\t<\/div>\n\t\t\t\t\t<\/div>\n\t\t\t\t<\/div>\n\t\t\t\t<\/div>\n\t\t","protected":false},"excerpt":{"rendered":"<p>Composi\u00e7\u00e3o Secret\u00e1rio de Estado da Sa\u00fadeRas\u00edvel dos Reis Presidente do Cosems-GOPatr\u00edcia Palmeira de Brito Fleury Secretaria Executiva:\u00a0Lirce Lamounier (62) 3201-2453 \/ 3433comissaobipartite@gmail.com Localiza\u00e7\u00e3o:Av. SC 1 n\u00ba 299 &#8211; Parque Santa Cruz &#8211; Goi\u00e2nia &#8211; GOCEP: 74.860-260 As Comiss\u00f5es Intergestores Bipartites \u2013 CIB foram institu\u00eddas gradativamente nos Estados Brasileiros entre 1993 e 1994, a partir de [&hellip;]<\/p>\n","protected":false},"author":693,"featured_media":0,"parent":0,"menu_order":0,"comment_status":"closed","ping_status":"closed","template":"","meta":{"footnotes":""},"class_list":["post-39806","page","type-page","status-publish","hentry"],"rttpg_featured_image_url":null,"rttpg_author":{"display_name":"elzenubiamoreira","author_link":"https:\/\/goias.gov.br\/saude\/author\/elzenubiamoreira\/"},"rttpg_comment":0,"rttpg_category":null,"rttpg_excerpt":"Composi\u00e7\u00e3o Secret\u00e1rio de Estado da Sa\u00fadeRas\u00edvel dos Reis Presidente do Cosems-GOPatr\u00edcia Palmeira de Brito Fleury Secretaria Executiva:\u00a0Lirce Lamounier (62) 3201-2453 \/ 3433comissaobipartite@gmail.com Localiza\u00e7\u00e3o:Av. SC 1 n\u00ba 299 &#8211; Parque Santa Cruz &#8211; Goi\u00e2nia &#8211; GOCEP: 74.860-260 As Comiss\u00f5es Intergestores Bipartites \u2013 CIB foram institu\u00eddas gradativamente nos Estados Brasileiros entre 1993 e 1994, a partir de&hellip;","_links":{"self":[{"href":"https:\/\/goias.gov.br\/saude\/wp-json\/wp\/v2\/pages\/39806","targetHints":{"allow":["GET"]}}],"collection":[{"href":"https:\/\/goias.gov.br\/saude\/wp-json\/wp\/v2\/pages"}],"about":[{"href":"https:\/\/goias.gov.br\/saude\/wp-json\/wp\/v2\/types\/page"}],"author":[{"embeddable":true,"href":"https:\/\/goias.gov.br\/saude\/wp-json\/wp\/v2\/users\/693"}],"replies":[{"embeddable":true,"href":"https:\/\/goias.gov.br\/saude\/wp-json\/wp\/v2\/comments?post=39806"}],"version-history":[{"count":2,"href":"https:\/\/goias.gov.br\/saude\/wp-json\/wp\/v2\/pages\/39806\/revisions"}],"predecessor-version":[{"id":664833,"href":"https:\/\/goias.gov.br\/saude\/wp-json\/wp\/v2\/pages\/39806\/revisions\/664833"}],"wp:attachment":[{"href":"https:\/\/goias.gov.br\/saude\/wp-json\/wp\/v2\/media?parent=39806"}],"curies":[{"name":"wp","href":"https:\/\/api.w.org\/{rel}","templated":true}]}}