

{"id":39754,"date":"2024-01-12T08:25:55","date_gmt":"2024-01-12T11:25:55","guid":{"rendered":"https:\/\/siteshom.goias.gov.br\/saude\/?page_id=39754"},"modified":"2026-02-13T10:15:46","modified_gmt":"2026-02-13T13:15:46","slug":"atencao-a-saude","status":"publish","type":"page","link":"https:\/\/goias.gov.br\/saude\/atencao-a-saude\/","title":{"rendered":"Aten\u00e7\u00e3o \u00e0 Sa\u00fade"},"content":{"rendered":"\t\t<div data-elementor-type=\"wp-page\" data-elementor-id=\"39754\" class=\"elementor elementor-39754\">\n\t\t\t\t<div class=\"elementor-element elementor-element-7a23e0d e-flex e-con-boxed e-con e-parent\" data-id=\"7a23e0d\" data-element_type=\"container\" data-e-type=\"container\">\n\t\t\t\t\t<div class=\"e-con-inner\">\n\t\t<div class=\"elementor-element elementor-element-b1f9692 e-con-full e-flex e-con e-child\" data-id=\"b1f9692\" data-element_type=\"container\" data-e-type=\"container\">\n\t\t\t\t<div class=\"elementor-element elementor-element-8b32a28 elementor-widget elementor-widget-text-editor\" data-id=\"8b32a28\" data-element_type=\"widget\" data-e-type=\"widget\" data-widget_type=\"text-editor.default\">\n\t\t\t\t\t\t\t\t\t<h3 class=\"sppb-addon-title\">Superintendente<\/h3><div class=\"sppb-addon-content\"><p><strong><span class=\"st\">Amanda Melo e Santos Limongi<br \/><\/span><\/strong>(62) 3201-7027<br \/><a href=\"mailto:amanda.limongi@goias.gov.br\">amanda.limongi@goias.gov.br<\/a><\/p><p><a class=\"btn btn-primary btn-block\" href=\"https:\/\/goias.gov.br\/saude\/wp-content\/uploads\/sites\/34\/atencao-a-saude\/contatos-spais.pdf\" target=\"_blank\" rel=\"noopener\">Lista de contatos Spais<\/a><\/p><\/div><p><strong>Localiza\u00e7\u00e3o:<\/strong><br \/><a href=\"https:\/\/maps.app.goo.gl\/GebDdx7EHpgjhTLNA\">Av. 136, S\/N, Edif\u00edcio C\u00e9sar Sebba, Qd. F-44, Lts. 22 e 24 &#8211; Setor Sul Goi\u00e2nia-GO<\/a><br \/>CEP: 74093-250<\/p>\t\t\t\t\t\t\t\t<\/div>\n\t\t\t\t<\/div>\n\t\t<div class=\"elementor-element elementor-element-2acb042 e-con-full e-flex e-con e-child\" data-id=\"2acb042\" data-element_type=\"container\" data-e-type=\"container\">\n\t\t\t\t<div class=\"elementor-element elementor-element-02311f4 elementor-widget elementor-widget-text-editor\" data-id=\"02311f4\" data-element_type=\"widget\" data-e-type=\"widget\" data-widget_type=\"text-editor.default\">\n\t\t\t\t\t\t\t\t\t<p style=\"text-align: justify;\">Em Goi\u00e1s, a Superintend\u00eancia de Pol\u00edticas e Aten\u00e7\u00e3o Integral \u00e0 Sa\u00fade que comp\u00f5e a estrutura da Secretaria Estadual da Sa\u00fade coordena as atividades de aten\u00e7\u00e3o \u00e0 sa\u00fade em todo o estado. Tem por finalidade desenvolver e implementar pol\u00edticas de sa\u00fade que abranjam todos os aspectos da assist\u00eancia \u00e0 sa\u00fade, desde a preven\u00e7\u00e3o at\u00e9 a reabilita\u00e7\u00e3o.<\/p><p style=\"text-align: justify;\">Al\u00e9m disso disponibiliza apoio t\u00e9cnico \u00e0s regionais de sa\u00fade em cinco macrorregi\u00f5es do Estado, e consequentemente a todo territ\u00f3rio goiano, como capacita\u00e7\u00e3o profissional em diversas linhas de cuidado \u00e0 sa\u00fade.<\/p><p style=\"text-align: justify;\">Realiza ainda o monitoramento da manuten\u00e7\u00e3o e m\u00e3o-de-obra dos servi\u00e7os contratados, tendo como prioridade constante a busca para promover a equidade, qualidade e acesso aos servi\u00e7os de sa\u00fade.<\/p>\t\t\t\t\t\t\t\t<\/div>\n\t\t\t\t<\/div>\n\t\t\t\t\t<\/div>\n\t\t\t\t<\/div>\n\t\t<div class=\"elementor-element elementor-element-6be0d72 e-flex e-con-boxed e-con e-parent\" data-id=\"6be0d72\" data-element_type=\"container\" data-e-type=\"container\">\n\t\t\t\t\t<div class=\"e-con-inner\">\n\t\t<div class=\"elementor-element elementor-element-ccf444b e-con-full e-flex e-con e-child\" data-id=\"ccf444b\" data-element_type=\"container\" data-e-type=\"container\">\n\t\t\t\t<div class=\"elementor-element elementor-element-ff33aeb elementor-widget elementor-widget-html\" data-id=\"ff33aeb\" data-element_type=\"widget\" data-e-type=\"widget\" data-widget_type=\"html.default\">\n\t\t\t\t\t<!DOCTYPE html>\r\n<html lang=\"pt-br\" dir=\"ltr\">\r\n<head>\r\n  <meta http-equiv=\"Content-Type\" content=\"text\/html; charset=UTF-8\" \/>\r\n  <style>\r\n    \/* Estilos para desktop *\/\r\n    .container {\r\n      padding: 20px;\r\n    }\r\n\r\n    .section {\r\n      margin-bottom: 40px;\r\n    }\r\n\r\n    .title {\r\n      text-align: center;\r\n      margin: 0 0 24px;\r\n      color: #0c326f;\r\n      font-weight: 600;\r\n      font-size: 2.7rem;\r\n      line-height: 1.5;\r\n    }\r\n\r\n    .cards {\r\n      display: flex;\r\n      justify-content: space-evenly;\r\n      flex-wrap: wrap;\r\n      margin: 0;\r\n      padding: 0;\r\n      list-style: none;\r\n    }\r\n\r\n    .cards li {\r\n      background-color: #ededed;\r\n      box-shadow: 0 3px 6px 0 rgba(0, 0, 0, 0.16);\r\n      text-align: center;\r\n      flex-basis: 23%;\r\n      box-sizing: border-box;\r\n      min-height: 230px;\r\n      margin-bottom: 1.2em;\r\n      line-height: 1.5em;\r\n      display: list-item;\r\n    }\r\n\r\n    .cards li a {\r\n      display: flex;\r\n      justify-content: center;\r\n      align-items: center;\r\n      flex-direction: column;\r\n      width: 100%;\r\n      height: 100%;\r\n      color: #1351b4;\r\n      font-weight: 500;\r\n      text-decoration: none;\r\n    }\r\n\r\n    .cards li i,\r\n    .cards li span {\r\n      font-size: 50px;\r\n      margin-bottom: 30px;\r\n      color: #0c326f;\r\n      width: auto;\r\n      font-weight: 900;\r\n    }\r\n\r\n    .cards li .title {\r\n      font-size: 20px;\r\n      color: #0c326f;\r\n      font-weight: 600;\r\n      margin: 0;\r\n      text-transform: uppercase;\r\n    }\r\n\r\n    \/* Estilos para telas menores *\/\r\n    @media screen and (max-width: 768px) {\r\n      .cards {\r\n        gap: 20px; \/* Espa\u00e7amento entre os cards *\/\r\n        margin-top: 20px; margin-bottom: 20px;\/* Margem superior para os cards *\/\r\n      }\r\n      .cards li {\r\n        flex-basis: calc(50% - 20px); \/* Tamanho dos cards com espa\u00e7amento *\/\r\n      }\r\n    }\r\n\r\n    @media screen and (max-width: 480px) {\r\n      .cards {\r\n        gap: 15px; \/* Espa\u00e7amento menor entre os cards *\/\r\n        margin-top: 15px; margin-bottom: 20px; \/* Margem superior menor para os cards *\/\r\n      }\r\n      .cards li {\r\n        flex-basis: calc(100% - 30px); \/* Tamanho dos cards com espa\u00e7amento menor *\/\r\n      }\r\n    }\r\n  <\/style>\r\n\t<div class=\"container\">\r\n        <div class=\"suvisa\">\r\n            \r\n            <div class=\"title-header\">\r\n               \r\n            <\/div>\r\n            <ul class=\"cards\">\r\n                <li>\r\n                    <a href=\"https:\/\/goias.gov.br\/saude\/atencao-primaria\/\" target=\"_blank\">\r\n                        <span class=\"fa-solid fa-suitcase-medical\"><\/span>\r\n                        <div class=\"title\">Aten\u00e7\u00e3o Prim\u00e1ria<\/div>\r\n                    <\/a>\r\n                <\/li>\r\n                <li>\r\n                    <a href=\"https:\/\/goias.gov.br\/saude\/atencao-especializada\/\" target=\"_blank\">\r\n                        <span class=\"fa-solid fa-hospital\"><\/span>\r\n                        <div class=\"title\">Aten\u00e7\u00e3o especializada<\/div>\r\n                    <\/a>\r\n                <\/li>\r\n                <li>\r\n                    <a href=\"https:\/\/goias.gov.br\/saude\/assistencia-farmaceutica\/\" target=\"_blank\">\r\n                        <span class=\"fa-solid fa-capsules\"><\/span>\r\n                        <div class=\"title\">Assist\u00eancia Farmac\u00eautica<\/div>\r\n                    <\/a>\r\n                <\/li>\r\n     <li>\r\n                    <a href=\"https:\/\/goias.gov.br\/saude\/alertas-boletins-e-informes\/\" target=\"_blank\">\r\n                        <span class=\"fa-solid fa-laptop-medical\"><\/span>\r\n                        <div class=\"title\">Alertas, Boletins e informes<\/div>\r\n                    <\/a>\r\n                <\/li>\r\n\r\n<li>\r\n                    <a href=\"https:\/\/goias.gov.br\/saude\/notas-tecnicas-e-informativas-spais\/\" target=\"_blank\">\r\n                        <span class=\"fa-solid fa-file-medical\"><\/span>\r\n                        <div class=\"title\">Notas T\u00e9cnicas e Informativas<\/div>\r\n                    <\/a>\r\n                <\/li>\r\n\r\n<li>\r\n                    <a href=\"https:\/\/indicadores.saude.go.gov.br\/public\/cofinanciamento_atencao_primaria.html\" target=\"_blank\">\r\n                        <span class=\"fa-solid fa-hand-holding-dollar\"><\/span>\r\n                        <div class=\"title\">Cofinanciamento da aten\u00e7\u00e3o prim\u00e1ria<\/div>\r\n                    <\/a>\r\n                <\/li>\r\n      \r\n<li>\r\n                    <a href=\"https:\/\/goias.gov.br\/saude\/wp-content\/uploads\/sites\/34\/files\/sais\/plano-populacao-migrante\/plano-migrantes-2024.pdf\" target=\"_blank\">\r\n                        <span class=\"fa-solid fa-people-line\"><\/span>\r\n                        <div class=\"title\">Plano estadual da Popula\u00e7\u00e3o Migrante, Refugiada, Ap\u00e1trida e Retornados<\/div>\r\n                    <\/a>\r\n                <\/li>\r\n<li>\r\n                    <a href=\"https:\/\/goias.gov.br\/saude\/wp-content\/uploads\/sites\/34\/atencao-a-saude\/guiaorientadorparagestoresmunicipais.pdf\" target=\"_blank\">\r\n                        <span class=\"fa-solid fa-file\"><\/span>\r\n                        <div class=\"title\">Guia orientador para gestores municipais<\/div>\r\n                    <\/a>\r\n                <\/li>\r\n            <\/ul>\r\n        <\/div>\r\n\t<\/div>\r\n\t\t\t\t<\/div>\n\t\t\t\t<\/div>\n\t\t\t\t\t<\/div>\n\t\t\t\t<\/div>\n\t\t\t\t<\/div>\n\t\t","protected":false},"excerpt":{"rendered":"<p>Superintendente Amanda Melo e Santos Limongi(62) 3201-7027amanda.limongi@goias.gov.br Lista de contatos Spais Localiza\u00e7\u00e3o:Av. 136, S\/N, Edif\u00edcio C\u00e9sar Sebba, Qd. F-44, Lts. 22 e 24 &#8211; Setor Sul Goi\u00e2nia-GOCEP: 74093-250 Em Goi\u00e1s, a Superintend\u00eancia de Pol\u00edticas e Aten\u00e7\u00e3o Integral \u00e0 Sa\u00fade que comp\u00f5e a estrutura da Secretaria Estadual da Sa\u00fade coordena as atividades de aten\u00e7\u00e3o \u00e0 sa\u00fade [&hellip;]<\/p>\n","protected":false},"author":693,"featured_media":0,"parent":0,"menu_order":0,"comment_status":"closed","ping_status":"closed","template":"","meta":{"footnotes":""},"class_list":["post-39754","page","type-page","status-publish","hentry"],"rttpg_featured_image_url":null,"rttpg_author":{"display_name":"elzenubiamoreira","author_link":"https:\/\/goias.gov.br\/saude\/author\/elzenubiamoreira\/"},"rttpg_comment":0,"rttpg_category":null,"rttpg_excerpt":"Superintendente Amanda Melo e Santos Limongi(62) 3201-7027amanda.limongi@goias.gov.br Lista de contatos Spais Localiza\u00e7\u00e3o:Av. 136, S\/N, Edif\u00edcio C\u00e9sar Sebba, Qd. F-44, Lts. 22 e 24 &#8211; Setor Sul Goi\u00e2nia-GOCEP: 74093-250 Em Goi\u00e1s, a Superintend\u00eancia de Pol\u00edticas e Aten\u00e7\u00e3o Integral \u00e0 Sa\u00fade que comp\u00f5e a estrutura da Secretaria Estadual da Sa\u00fade coordena as atividades de aten\u00e7\u00e3o \u00e0 sa\u00fade&hellip;","_links":{"self":[{"href":"https:\/\/goias.gov.br\/saude\/wp-json\/wp\/v2\/pages\/39754","targetHints":{"allow":["GET"]}}],"collection":[{"href":"https:\/\/goias.gov.br\/saude\/wp-json\/wp\/v2\/pages"}],"about":[{"href":"https:\/\/goias.gov.br\/saude\/wp-json\/wp\/v2\/types\/page"}],"author":[{"embeddable":true,"href":"https:\/\/goias.gov.br\/saude\/wp-json\/wp\/v2\/users\/693"}],"replies":[{"embeddable":true,"href":"https:\/\/goias.gov.br\/saude\/wp-json\/wp\/v2\/comments?post=39754"}],"version-history":[{"count":2,"href":"https:\/\/goias.gov.br\/saude\/wp-json\/wp\/v2\/pages\/39754\/revisions"}],"predecessor-version":[{"id":704580,"href":"https:\/\/goias.gov.br\/saude\/wp-json\/wp\/v2\/pages\/39754\/revisions\/704580"}],"wp:attachment":[{"href":"https:\/\/goias.gov.br\/saude\/wp-json\/wp\/v2\/media?parent=39754"}],"curies":[{"name":"wp","href":"https:\/\/api.w.org\/{rel}","templated":true}]}}