

{"id":38245,"date":"2023-12-08T14:45:39","date_gmt":"2023-12-08T17:45:39","guid":{"rendered":"https:\/\/siteshom.goias.gov.br\/saude\/?page_id=38245"},"modified":"2026-01-30T10:39:18","modified_gmt":"2026-01-30T13:39:18","slug":"profissional","status":"publish","type":"page","link":"https:\/\/goias.gov.br\/saude\/vigilancia-em-saude\/imunizacao\/profissional\/","title":{"rendered":"Imuniza\u00e7\u00e3o &#8211; Profissional"},"content":{"rendered":"\t\t<div data-elementor-type=\"wp-page\" data-elementor-id=\"38245\" class=\"elementor elementor-38245\">\n\t\t\t\t<div class=\"elementor-element elementor-element-6b6bd9c e-flex e-con-boxed e-con e-parent\" data-id=\"6b6bd9c\" data-element_type=\"container\" data-e-type=\"container\">\n\t\t\t\t\t<div class=\"e-con-inner\">\n\t\t\t\t<div class=\"elementor-element elementor-element-f896ccf elementor-widget elementor-widget-html\" data-id=\"f896ccf\" data-element_type=\"widget\" data-e-type=\"widget\" data-widget_type=\"html.default\">\n\t\t\t\t\t<!DOCTYPE html>\r\n<html lang=\"pt-br\" dir=\"ltr\">\r\n<head>\r\n  <meta http-equiv=\"Content-Type\" content=\"text\/html; charset=UTF-8\" \/>\r\n  <style>\r\n    \/* Estilos para desktop *\/\r\n    .container {\r\n      padding: 10px;\r\n    }\r\n\r\n    .section {\r\n      margin-bottom: 10px;\r\n    }\r\n\r\n    .title {\r\n      text-align: center;\r\n      margin: 0 0 24px;\r\n      color: #0c326f;\r\n      font-weight: 600;\r\n      font-size: 2.2rem;\r\n      line-height: 1.5;\r\n    }\r\n\r\n    .cards {\r\n      display: flex;\r\n      justify-content: space-evenly;\r\n      flex-wrap: wrap;\r\n      margin: 0;\r\n      padding: 0;\r\n      list-style: none;\r\n    }\r\n\r\n    .cards li {\r\n      background-color: #ededed;\r\n      box-shadow: 0 3px 6px 0 rgba(0, 0, 0, 0.16);\r\n      text-align: center;\r\n      flex-basis: 23%;\r\n      box-sizing: border-box;\r\n      min-height: 60px;\r\n      margin-bottom: 0.9em;\r\n      line-height: 1.2em;\r\n      display: list-item;\r\n    }\r\n\r\n    .cards li a {\r\n      display: flex;\r\n      justify-content: center;\r\n      align-items: center;\r\n      flex-direction: column;\r\n      width: 100%;\r\n      height: 100%;\r\n      color: #1351b4;\r\n      font-weight: 600;\r\n      text-decoration: none;\r\n    }\r\n\r\n    .cards li i,\r\n    .cards li span {\r\n      font-size: 10px;\r\n      margin-bottom: 30px;\r\n      color: #0c326f;\r\n      width: auto;\r\n      font-weight: 200;\r\n    }\r\n\r\n    .cards li .title {\r\n      font-size: 15px;\r\n      color: #0c326f;\r\n      font-weight: 500;\r\n      margin: 0;\r\n      text-transform: uppercase;\r\n    }\r\n\r\n    \/* Estilos para telas menores *\/\r\n    @media screen and (max-width: 768px) {\r\n      .cards {\r\n        gap: 20px; \/* Espa\u00e7amento entre os cards *\/\r\n        margin-top: 20px; \/* Margem superior para os cards *\/\r\n      }\r\n      .cards li {\r\n        flex-basis: calc(50% - 20px); \/* Tamanho dos cards com espa\u00e7amento *\/\r\n      }\r\n    }\r\n\r\n    @media screen and (max-width: 480px) {\r\n      .cards {\r\n        gap: 15px; \/* Espa\u00e7amento menor entre os cards *\/\r\n        margin-top: 15px; \/* Margem superior menor para os cards *\/\r\n      }\r\n      .cards li {\r\n        flex-basis: calc(100% - 30px); \/* Tamanho dos cards com espa\u00e7amento menor *\/\r\n      }\r\n    }\r\n  <\/style>\r\n<\/head>\r\n<body>\r\n  <div class=\"container\">\r\n    <div class=\"section\">\r\n      <div class=\"suvisa\">\r\n       \r\n        <ul class=\"cards\">\r\n          <li>\r\n                    <a href=\"https:\/\/goias.gov.br\/saude\/calendario-nacional-de-imunizacao\/\">\r\n\r\n                        <div class=\"title\">calend\u00e1rio nacional de vacina\u00e7\u00e3o<\/div>\r\n                    <\/a>\r\n                <\/li>\r\n                <li>\r\n                    <a href=\"https:\/\/goias.gov.br\/saude\/rede-de-frio-ses-go\/\">\r\n\r\n                        <div class=\"title\">rede de frio<\/div>\r\n                    <\/a>\r\n                <\/li>\r\n                <li>\r\n                    <a href=\"https:\/\/goias.gov.br\/saude\/normatizacao\/\">\r\n     \r\n                        <div class=\"title\">normatiza\u00e7\u00e3o<\/div>\r\n                    <\/a>\r\n                <\/li>\r\n                <li>\r\n                    <a href=\"https:\/\/goias.gov.br\/saude\/eventos-supostamente-atribuiveis-a-vacinacao-ou-imunizacao-esavi\/\">\r\n\r\n                        <div class=\"title\">eventos supostamente atribu\u00edveis \u00e0 vacina\u00e7\u00e3o<\/div>\r\n                    <\/a>\r\n                <\/li>\r\n\r\n   <li>\r\n                    <a href=\"https:\/\/goias.gov.br\/saude\/rede-de-imunobiologicos-para-pessoas-com-situacoes-especiais-rie\/\">\r\n\r\n                        <div class=\"title\">Rede de Imunobiol\u00f3gicos para Pessoas com Situa\u00e7\u00f5es Especiais<\/div>\r\n                    <\/a>\r\n                <\/li>\r\n\r\n \r\n\r\n   <li>\r\n                    <a href=\"https:\/\/goias.gov.br\/saude\/sipni\/\">\r\n\r\n                        <div class=\"title\">si-pni<\/div>\r\n                    <\/a>\r\n                <\/li>\r\n                <li>\r\n                    <a href=\"https:\/\/goias.gov.br\/saude\/infopefi\/\">\r\n\r\n                        <div class=\"title\">INFOPEFI <\/div>\r\n                    <\/a>\r\n                <\/li>\r\n\r\n   <li>\r\n                    <a href=\"https:\/\/goias.gov.br\/saude\/videos-instrutivos-imunizacao\/\">\r\n\r\n                        <div class=\"title\">v\u00eddeos instrutivos<\/div>\r\n                    <\/a>\r\n                <\/li>\r\n\r\n <li>\r\n                    <a href=\"https:\/\/goias.gov.br\/saude\/wp-content\/uploads\/sites\/34\/2024\/01\/certificado-vacinacao-matricula.pdf\">\r\n\r\n                        <div class=\"title\">Certificado de vacina\u00e7\u00e3o para matr\u00edcula<\/div>\r\n                    <\/a>\r\n                <\/li>\r\n                 <li>\r\n                    <a href=\"https:\/\/goias.gov.br\/saude\/nirsevimabe\/\">\r\n\r\n                        <div class=\"title\">nirsevimabe<\/div>\r\n                    <\/a>\r\n                <\/li>\r\n\r\n  <li>\r\n                    <a href=\"https:\/\/goias.gov.br\/saude\/imunizacast\">\r\n\r\n                        <div class=\"title\">Imunizacast<\/div>\r\n                    <\/a>\r\n                <\/li>\r\n        <\/ul>\r\n      <\/div>\r\n    <\/div>\r\n  <\/div>\r\n<\/body>\r\n<\/html>\r\n\t\t\t\t<\/div>\n\t\t\t\t\t<\/div>\n\t\t\t\t<\/div>\n\t\t\t\t<\/div>\n\t\t","protected":false},"excerpt":{"rendered":"<p>calend\u00e1rio nacional de vacina\u00e7\u00e3o rede de frio normatiza\u00e7\u00e3o eventos supostamente atribu\u00edveis \u00e0 vacina\u00e7\u00e3o Rede de Imunobiol\u00f3gicos para Pessoas com Situa\u00e7\u00f5es Especiais si-pni INFOPEFI v\u00eddeos instrutivos Certificado de vacina\u00e7\u00e3o para matr\u00edcula nirsevimabe Imunizacast<\/p>\n","protected":false},"author":7,"featured_media":0,"parent":37466,"menu_order":0,"comment_status":"closed","ping_status":"closed","template":"","meta":{"footnotes":""},"class_list":["post-38245","page","type-page","status-publish","hentry"],"rttpg_featured_image_url":null,"rttpg_author":{"display_name":"gustavogoncalves","author_link":"https:\/\/goias.gov.br\/saude\/author\/gustavogoncalves\/"},"rttpg_comment":0,"rttpg_category":null,"rttpg_excerpt":"calend\u00e1rio nacional de vacina\u00e7\u00e3o rede de frio normatiza\u00e7\u00e3o eventos supostamente atribu\u00edveis \u00e0 vacina\u00e7\u00e3o Rede de Imunobiol\u00f3gicos para Pessoas com Situa\u00e7\u00f5es Especiais si-pni INFOPEFI v\u00eddeos instrutivos Certificado de vacina\u00e7\u00e3o para matr\u00edcula nirsevimabe Imunizacast","_links":{"self":[{"href":"https:\/\/goias.gov.br\/saude\/wp-json\/wp\/v2\/pages\/38245","targetHints":{"allow":["GET"]}}],"collection":[{"href":"https:\/\/goias.gov.br\/saude\/wp-json\/wp\/v2\/pages"}],"about":[{"href":"https:\/\/goias.gov.br\/saude\/wp-json\/wp\/v2\/types\/page"}],"author":[{"embeddable":true,"href":"https:\/\/goias.gov.br\/saude\/wp-json\/wp\/v2\/users\/7"}],"replies":[{"embeddable":true,"href":"https:\/\/goias.gov.br\/saude\/wp-json\/wp\/v2\/comments?post=38245"}],"version-history":[{"count":2,"href":"https:\/\/goias.gov.br\/saude\/wp-json\/wp\/v2\/pages\/38245\/revisions"}],"predecessor-version":[{"id":690903,"href":"https:\/\/goias.gov.br\/saude\/wp-json\/wp\/v2\/pages\/38245\/revisions\/690903"}],"up":[{"embeddable":true,"href":"https:\/\/goias.gov.br\/saude\/wp-json\/wp\/v2\/pages\/37466"}],"wp:attachment":[{"href":"https:\/\/goias.gov.br\/saude\/wp-json\/wp\/v2\/media?parent=38245"}],"curies":[{"name":"wp","href":"https:\/\/api.w.org\/{rel}","templated":true}]}}