

{"id":38005,"date":"2023-12-06T11:23:08","date_gmt":"2023-12-06T14:23:08","guid":{"rendered":"https:\/\/siteshom.goias.gov.br\/saude\/?page_id=38005"},"modified":"2026-01-30T14:28:56","modified_gmt":"2026-01-30T17:28:56","slug":"planejamento-regional-integrado","status":"publish","type":"page","link":"https:\/\/goias.gov.br\/saude\/planejamento-regional-integrado\/","title":{"rendered":"Planejamento Regional Integrado"},"content":{"rendered":"\t\t<div data-elementor-type=\"wp-page\" data-elementor-id=\"38005\" class=\"elementor elementor-38005\">\n\t\t\t\t<div class=\"elementor-element elementor-element-7460bf8 e-flex e-con-boxed e-con e-parent\" data-id=\"7460bf8\" data-element_type=\"container\" data-e-type=\"container\">\n\t\t\t\t\t<div class=\"e-con-inner\">\n\t\t\t\t<div class=\"elementor-element elementor-element-2c77945 elementor-widget elementor-widget-text-editor\" data-id=\"2c77945\" data-element_type=\"widget\" data-e-type=\"widget\" data-widget_type=\"text-editor.default\">\n\t\t\t\t\t\t\t\t\t<p style=\"text-align: justify;\">O Planejamento Regional Integrado (PRI), \u00e9 coordenado pela Secretaria Estadual de Sa\u00fade, em articula\u00e7\u00e3o com os munic\u00edpios e com a participa\u00e7\u00e3o da Uni\u00e3o, conforme art. 2\u00ba da Resolu\u00e7\u00e3o da Comiss\u00e3o Intergestores Tripartite (CIT) n\u00ba 37\/2018. Na perspectiva de organiza\u00e7\u00e3o da Rede de Aten\u00e7\u00e3o \u00e0 Sa\u00fade (RAS), o Planejamento Regional Integrado (PRI) promove a articula\u00e7\u00e3o entre os gestores municipais e estadual no territ\u00f3rio goiano, ampliando a capacidade de planejar e executar pol\u00edticas p\u00fablicas de maneira integrada e coordenada, na medida em que permite compreender e debater as realidades e necessidades regionais e macrorregionais, definir prioridades de forma ascendente, considerando todos os entes da macrorregi\u00e3o, e suas particularidades, culminando na elabora\u00e7\u00e3o do Plano Macrorregional de Sa\u00fade. Esse processo visa promover a equidade regional, bem como contribuir na concretiza\u00e7\u00e3o do planejamento ascendente do SUS.<\/p>\t\t\t\t\t\t\t\t<\/div>\n\t\t\t\t\t<\/div>\n\t\t\t\t<\/div>\n\t\t<div class=\"elementor-element elementor-element-4f1f39c e-flex e-con-boxed e-con e-parent\" data-id=\"4f1f39c\" data-element_type=\"container\" data-e-type=\"container\">\n\t\t\t\t\t<div class=\"e-con-inner\">\n\t\t\t\t<div class=\"elementor-element elementor-element-113889b elementor-widget elementor-widget-heading\" data-id=\"113889b\" data-element_type=\"widget\" data-e-type=\"widget\" data-widget_type=\"heading.default\">\n\t\t\t\t\t<h2 class=\"elementor-heading-title elementor-size-default\">Etapas<\/h2>\t\t\t\t<\/div>\n\t\t\t\t<div class=\"elementor-element elementor-element-e5cff97 elementor-widget elementor-widget-image\" data-id=\"e5cff97\" data-element_type=\"widget\" data-e-type=\"widget\" data-widget_type=\"image.default\">\n\t\t\t\t\t\t\t\t\t\t\t\t<figure class=\"wp-caption\">\n\t\t\t\t\t\t\t\t\t\t<img fetchpriority=\"high\" decoding=\"async\" width=\"1024\" height=\"576\" src=\"https:\/\/goias.gov.br\/saude\/wp-content\/uploads\/sites\/34\/2026\/01\/etapas-pri-1024x576.jpg\" class=\"attachment-large size-large wp-image-691326\" alt=\"\" srcset=\"https:\/\/goias.gov.br\/saude\/wp-content\/uploads\/sites\/34\/2026\/01\/etapas-pri-1024x576.jpg 1024w, https:\/\/goias.gov.br\/saude\/wp-content\/uploads\/sites\/34\/2026\/01\/etapas-pri-300x169.jpg 300w, https:\/\/goias.gov.br\/saude\/wp-content\/uploads\/sites\/34\/2026\/01\/etapas-pri-768x432.jpg 768w, https:\/\/goias.gov.br\/saude\/wp-content\/uploads\/sites\/34\/2026\/01\/etapas-pri-1536x864.jpg 1536w, https:\/\/goias.gov.br\/saude\/wp-content\/uploads\/sites\/34\/2026\/01\/etapas-pri.jpg 1920w\" sizes=\"(max-width: 1024px) 100vw, 1024px\" \/>\t\t\t\t\t\t\t\t\t\t\t<figcaption class=\"widget-image-caption wp-caption-text\">As etapas do Planejamento Regional s\u00e3o c\u00edclicas e din\u00e2micas, devendo ser atualizadas de acordo com o ciclo do planejamento do SUS.<\/figcaption>\n\t\t\t\t\t\t\t\t\t\t<\/figure>\n\t\t\t\t\t\t\t\t\t<\/div>\n\t\t\t\t<div class=\"elementor-element elementor-element-2c0e01b elementor-widget elementor-widget-image\" data-id=\"2c0e01b\" data-element_type=\"widget\" data-e-type=\"widget\" data-widget_type=\"image.default\">\n\t\t\t\t\t\t\t\t\t\t\t\t\t\t\t\t<a href=\"https:\/\/padlet.com\/prisesgo\/planejamento-regional-integrado-goi-s-z53qx2yuz6drvhjj?lang=pt-BR\" target=\"_blank\">\n\t\t\t\t\t\t\t<img decoding=\"async\" src=\"https:\/\/goias.gov.br\/saude\/wp-content\/uploads\/sites\/34\/2024\/02\/linhadotempo-04-2048x220-1.png\" title=\"\" alt=\"\" loading=\"lazy\" \/>\t\t\t\t\t\t\t\t<\/a>\n\t\t\t\t\t\t\t\t\t\t\t\t\t\t\t<\/div>\n\t\t\t\t\t<\/div>\n\t\t\t\t<\/div>\n\t\t<div class=\"elementor-element elementor-element-a08ec4c e-flex e-con-boxed e-con e-parent\" data-id=\"a08ec4c\" data-element_type=\"container\" data-e-type=\"container\">\n\t\t\t\t\t<div class=\"e-con-inner\">\n\t\t\t\t<div class=\"elementor-element elementor-element-1f754ca elementor-widget elementor-widget-html\" data-id=\"1f754ca\" data-element_type=\"widget\" data-e-type=\"widget\" data-widget_type=\"html.default\">\n\t\t\t\t\t<!DOCTYPE html>\r\n<html lang=\"pt-br\" dir=\"ltr\">\r\n<head>\r\n  <meta http-equiv=\"Content-Type\" content=\"text\/html; charset=UTF-8\" \/>\r\n  <style>\r\n    \/* Estilos para desktop *\/\r\n    .container {\r\n      padding: 20px;\r\n    }\r\n\r\n    .section {\r\n      margin-bottom: 40px;\r\n    }\r\n\r\n    .title {\r\n      text-align: center;\r\n      margin: 0 0 24px;\r\n      color: #0c326f;\r\n      font-weight: 600;\r\n      font-size: 2.7rem;\r\n      line-height: 1.5;\r\n    }\r\n\r\n    .cards {\r\n      display: flex;\r\n      justify-content: space-evenly;\r\n      flex-wrap: wrap;\r\n      margin: 0;\r\n      padding: 0;\r\n      list-style: none;\r\n    }\r\n\r\n    .cards li {\r\n      background-color: #ededed;\r\n      box-shadow: 0 3px 6px 0 rgba(0, 0, 0, 0.16);\r\n      text-align: center;\r\n      flex-basis: 23%;\r\n      box-sizing: border-box;\r\n      min-height: 230px;\r\n      margin-bottom: 1.2em;\r\n      line-height: 1.5em;\r\n      display: list-item;\r\n    }\r\n\r\n    .cards li a {\r\n      display: flex;\r\n      justify-content: center;\r\n      align-items: center;\r\n      flex-direction: column;\r\n      width: 100%;\r\n      height: 100%;\r\n      color: #1351b4;\r\n      font-weight: 500;\r\n      text-decoration: none;\r\n    }\r\n\r\n    .cards li i,\r\n    .cards li span {\r\n      font-size: 50px;\r\n      margin-bottom: 30px;\r\n      color: #0c326f;\r\n      width: auto;\r\n      font-weight: 900;\r\n    }\r\n\r\n    .cards li .title {\r\n      font-size: 20px;\r\n      color: #0c326f;\r\n      font-weight: 600;\r\n      margin: 0;\r\n      text-transform: uppercase;\r\n    }\r\n\r\n    \/* Estilos para telas menores *\/\r\n    @media screen and (max-width: 768px) {\r\n      .cards {\r\n        gap: 20px; \/* Espa\u00e7amento entre os cards *\/\r\n        margin-top: 20px; margin-bottom: 20px;\/* Margem superior para os cards *\/\r\n      }\r\n      .cards li {\r\n        flex-basis: calc(50% - 20px); \/* Tamanho dos cards com espa\u00e7amento *\/\r\n      }\r\n    }\r\n\r\n    @media screen and (max-width: 480px) {\r\n      .cards {\r\n        gap: 15px; \/* Espa\u00e7amento menor entre os cards *\/\r\n        margin-top: 15px; margin-bottom: 20px; \/* Margem superior menor para os cards *\/\r\n      }\r\n      .cards li {\r\n        flex-basis: calc(100% - 30px); \/* Tamanho dos cards com espa\u00e7amento menor *\/\r\n      }\r\n    }\r\n  <\/style>\r\n\t<div class=\"container\">\r\n        <div class=\"suvisa\">\r\n            \r\n            <div class=\"title-header\">\r\n               \r\n            <\/div>\r\n            <ul class=\"cards\">\r\n                <li>\r\n                    <a href=\"https:\/\/goias.gov.br\/saude\/legislacao-pri\/\" target=\"_blank\">\r\n                        <span class=\"fa-solid fa-gavel\"><\/span>\r\n                        <div class=\"title\">legisla\u00e7\u00e3o e resolu\u00e7\u00f5es<\/div>\r\n                    <\/a>\r\n                <\/li>\r\n                <li>\r\n                    <a href=\"https:\/\/goias.gov.br\/saude\/documentos-de-apoio-pri\/\" target=\"_blank\">\r\n                        <span class=\"fa-solid fa-file\"><\/span>\r\n                        <div class=\"title\">documentos de apoio<\/div>\r\n                    <\/a>\r\n                <\/li>\r\n                <li>\r\n                    <a href=\"https:\/\/goias.gov.br\/saude\/planos-macrorregionais-pri\/\" target=\"_blank\">\r\n                        <span class=\"fa-solid fa-sitemap\"><\/span>\r\n                        <div class=\"title\">planos macrorregionais<\/div>\r\n                    <\/a>\r\n                <\/li>\r\n\r\n<li>\r\n                    <a href=\"https:\/\/goias.gov.br\/saude\/plano-diretor-de-regionalizacao\/\" target=\"_blank\">\r\n                        <span class=\"fa-solid fa-list-check\"><\/span>\r\n                        <div class=\"title\">plano diretor de regionaliza\u00e7\u00e3o<\/div>\r\n                    <\/a>\r\n                <\/li>\r\n               \r\n            <\/ul>\r\n        <\/div>\r\n\t<\/div>\r\n\t\t\t\t<\/div>\n\t\t\t\t\t<\/div>\n\t\t\t\t<\/div>\n\t\t\t\t<\/div>\n\t\t","protected":false},"excerpt":{"rendered":"<p>O Planejamento Regional Integrado (PRI), \u00e9 coordenado pela Secretaria Estadual de Sa\u00fade, em articula\u00e7\u00e3o com os munic\u00edpios e com a participa\u00e7\u00e3o da Uni\u00e3o, conforme art. 2\u00ba da Resolu\u00e7\u00e3o da Comiss\u00e3o Intergestores Tripartite (CIT) n\u00ba 37\/2018. Na perspectiva de organiza\u00e7\u00e3o da Rede de Aten\u00e7\u00e3o \u00e0 Sa\u00fade (RAS), o Planejamento Regional Integrado (PRI) promove a articula\u00e7\u00e3o entre [&hellip;]<\/p>\n","protected":false},"author":7,"featured_media":0,"parent":0,"menu_order":0,"comment_status":"closed","ping_status":"closed","template":"","meta":{"footnotes":""},"class_list":["post-38005","page","type-page","status-publish","hentry"],"rttpg_featured_image_url":null,"rttpg_author":{"display_name":"gustavogoncalves","author_link":"https:\/\/goias.gov.br\/saude\/author\/gustavogoncalves\/"},"rttpg_comment":0,"rttpg_category":null,"rttpg_excerpt":"O Planejamento Regional Integrado (PRI), \u00e9 coordenado pela Secretaria Estadual de Sa\u00fade, em articula\u00e7\u00e3o com os munic\u00edpios e com a participa\u00e7\u00e3o da Uni\u00e3o, conforme art. 2\u00ba da Resolu\u00e7\u00e3o da Comiss\u00e3o Intergestores Tripartite (CIT) n\u00ba 37\/2018. Na perspectiva de organiza\u00e7\u00e3o da Rede de Aten\u00e7\u00e3o \u00e0 Sa\u00fade (RAS), o Planejamento Regional Integrado (PRI) promove a articula\u00e7\u00e3o entre&hellip;","_links":{"self":[{"href":"https:\/\/goias.gov.br\/saude\/wp-json\/wp\/v2\/pages\/38005","targetHints":{"allow":["GET"]}}],"collection":[{"href":"https:\/\/goias.gov.br\/saude\/wp-json\/wp\/v2\/pages"}],"about":[{"href":"https:\/\/goias.gov.br\/saude\/wp-json\/wp\/v2\/types\/page"}],"author":[{"embeddable":true,"href":"https:\/\/goias.gov.br\/saude\/wp-json\/wp\/v2\/users\/7"}],"replies":[{"embeddable":true,"href":"https:\/\/goias.gov.br\/saude\/wp-json\/wp\/v2\/comments?post=38005"}],"version-history":[{"count":2,"href":"https:\/\/goias.gov.br\/saude\/wp-json\/wp\/v2\/pages\/38005\/revisions"}],"predecessor-version":[{"id":691338,"href":"https:\/\/goias.gov.br\/saude\/wp-json\/wp\/v2\/pages\/38005\/revisions\/691338"}],"wp:attachment":[{"href":"https:\/\/goias.gov.br\/saude\/wp-json\/wp\/v2\/media?parent=38005"}],"curies":[{"name":"wp","href":"https:\/\/api.w.org\/{rel}","templated":true}]}}