

{"id":37999,"date":"2023-12-06T10:12:07","date_gmt":"2023-12-06T13:12:07","guid":{"rendered":"https:\/\/siteshom.goias.gov.br\/saude\/?page_id=37999"},"modified":"2026-02-03T07:45:14","modified_gmt":"2026-02-03T10:45:14","slug":"cremic","status":"publish","type":"page","link":"https:\/\/goias.gov.br\/saude\/cremic\/","title":{"rendered":"CREMIC \u2013 Centro Estadual de Refer\u00eancia em Medicina Integrativa e Complementar"},"content":{"rendered":"\t\t<div data-elementor-type=\"wp-page\" data-elementor-id=\"37999\" class=\"elementor elementor-37999\">\n\t\t\t\t<div class=\"elementor-element elementor-element-cecf91a e-flex e-con-boxed e-con e-parent\" data-id=\"cecf91a\" data-element_type=\"container\" data-e-type=\"container\">\n\t\t\t\t\t<div class=\"e-con-inner\">\n\t\t<div class=\"elementor-element elementor-element-28aabf5 e-con-full e-flex e-con e-child\" data-id=\"28aabf5\" data-element_type=\"container\" data-e-type=\"container\">\n\t\t\t\t<div class=\"elementor-element elementor-element-ce643c5 elementor-widget elementor-widget-text-editor\" data-id=\"ce643c5\" data-element_type=\"widget\" data-e-type=\"widget\" data-widget_type=\"text-editor.default\">\n\t\t\t\t\t\t\t\t\t<h4 class=\"sppb-addon-title\">Diretoria<\/h4><ul><li><strong>Dire\u00e7\u00e3o Geral:<\/strong> T\u00e2nia Da Silva Vaz<br \/>(62) 3201-4989 \/ <a href=\"mailto:tania.vaz@goias.gov.br\">tania.vaz@goias.gov.br<\/a><br \/><br \/><\/li><li><strong>Dire\u00e7\u00e3o T\u00e9cnica:<\/strong> Huilma Alves Cardoso<br \/>(62) 3201-3603 \/ <a href=\"mailto:huilma.cardoso@goias.gov.br\">huilma.cardoso@goias.gov.br<\/a><br \/><br \/><\/li><li><strong>Dire\u00e7\u00e3o Administrativa:<\/strong> Clebiana Pimenta Gouv\u00eaa<br \/>(62) 3201-3607\/ <a href=\"mailto:clebiana.cruz@goias.gov.br\">clebiana.cruz@goias.gov.br<\/a><\/li><\/ul><h4>Localiza\u00e7\u00e3o<\/h4><p><a href=\"https:\/\/maps.app.goo.gl\/d2HBaRFMFBbJdS9x7\" target=\"_blank\" rel=\"noopener\">Rodovia BR 153 KM 8 Quadra \u00e1rea, s\/n\u00ba, esquina com Rua 26, Jardim Santo Ant\u00f4nio &#8211; Goi\u00e2nia-GO <br \/>CEP 74.853-040<\/a><\/p>\t\t\t\t\t\t\t\t<\/div>\n\t\t\t\t<\/div>\n\t\t<div class=\"elementor-element elementor-element-d50e106 e-con-full e-flex e-con e-child\" data-id=\"d50e106\" data-element_type=\"container\" data-e-type=\"container\">\n\t\t\t\t<div class=\"elementor-element elementor-element-ee5c4fe elementor-widget elementor-widget-text-editor\" data-id=\"ee5c4fe\" data-element_type=\"widget\" data-e-type=\"widget\" data-widget_type=\"text-editor.default\">\n\t\t\t\t\t\t\t\t\t<div style=\"text-align: justify;\">O Centro Estadual de Refer\u00eancia em Medicina Integrativa e Complementar (Cremic) \u00e9 uma unidade de sa\u00fade multidisciplinar de m\u00e9dia complexidade vinculada \u00e0 Superintend\u00eancia de Pol\u00edticas e Aten\u00e7\u00e3o Integral \u00e0 Sa\u00fade da Secretaria de Estado da Sa\u00fade de Goi\u00e1s (Spais\/SES-GO).<\/div><div>\u00a0<\/div><div style=\"text-align: justify;\">Realiza atendimentos em diversas pr\u00e1ticas integrativas e complementares aos usu\u00e1rios do SUS: medicina tradicional chinesa (acupuntura, auriculoterapia, ventosaterapia, pr\u00e1ticas corporais chinesas), homeopatia, plantas medicinais e fitoterapia, medita\u00e7\u00e3o, nutri\u00e7\u00e3o, osteopatia, reiki, terapia comunit\u00e1ria integrativa, aromaterapia, bioenerg\u00e9tica, constela\u00e7\u00e3o familiar e terapia de florais.<\/div><div>\u00a0<\/div><div style=\"text-align: justify;\">A unidade de sa\u00fade iniciou suas atividades em 1986, sob o nome de Hospital de Medicina Alternativa, com o intuito de promover sa\u00fade integral \u00e0 comunidade goiana. A nova denomina\u00e7\u00e3o, de Centro Estadual de Refer\u00eancia em Medicina Integrativa e Complementar (Cremic), passou a ser utilizada desde 2015.<\/div>\t\t\t\t\t\t\t\t<\/div>\n\t\t\t\t<\/div>\n\t\t\t\t\t<\/div>\n\t\t\t\t<\/div>\n\t\t<div class=\"elementor-element elementor-element-e1dd1e3 e-flex e-con-boxed e-con e-parent\" data-id=\"e1dd1e3\" data-element_type=\"container\" data-e-type=\"container\">\n\t\t\t\t\t<div class=\"e-con-inner\">\n\t\t\t\t<div class=\"elementor-element elementor-element-45c1cb6 elementor-widget elementor-widget-html\" data-id=\"45c1cb6\" data-element_type=\"widget\" data-e-type=\"widget\" data-widget_type=\"html.default\">\n\t\t\t\t\t<!DOCTYPE html>\r\n<html lang=\"pt-br\" dir=\"ltr\">\r\n<head>\r\n  <meta http-equiv=\"Content-Type\" content=\"text\/html; charset=UTF-8\" \/>\r\n  <style>\r\n    \/* Estilos para desktop *\/\r\n    .container {\r\n      padding: 20px;\r\n    }\r\n\r\n    .section {\r\n      margin-bottom: 40px;\r\n    }\r\n\r\n    .title {\r\n      text-align: center;\r\n      margin: 0 0 24px;\r\n      color: #0c326f;\r\n      font-weight: 600;\r\n      font-size: 2.7rem;\r\n      line-height: 1.5;\r\n    }\r\n\r\n    .cards {\r\n      display: flex;\r\n      justify-content: space-evenly;\r\n      flex-wrap: wrap;\r\n      margin: 0;\r\n      padding: 0;\r\n      list-style: none;\r\n    }\r\n\r\n    .cards li {\r\n      background-color: #ededed;\r\n      box-shadow: 0 3px 6px 0 rgba(0, 0, 0, 0.16);\r\n      text-align: center;\r\n      flex-basis: 23%;\r\n      box-sizing: border-box;\r\n      min-height: 230px;\r\n      margin-bottom: 1.2em;\r\n      line-height: 1.5em;\r\n      display: list-item;\r\n    }\r\n\r\n    .cards li a {\r\n      display: flex;\r\n      justify-content: center;\r\n      align-items: center;\r\n      flex-direction: column;\r\n      width: 100%;\r\n      height: 100%;\r\n      color: #1351b4;\r\n      font-weight: 500;\r\n      text-decoration: none;\r\n    }\r\n\r\n    .cards li i,\r\n    .cards li span {\r\n      font-size: 50px;\r\n      margin-bottom: 30px;\r\n      color: #0c326f;\r\n      width: auto;\r\n      font-weight: 900;\r\n    }\r\n\r\n    .cards li .title {\r\n      font-size: 20px;\r\n      color: #0c326f;\r\n      font-weight: 600;\r\n      margin: 0;\r\n      text-transform: uppercase;\r\n    }\r\n\r\n    \/* Estilos para telas menores *\/\r\n    @media screen and (max-width: 768px) {\r\n      .cards {\r\n        gap: 20px; \/* Espa\u00e7amento entre os cards *\/\r\n        margin-top: 20px; margin-bottom: 20px;\/* Margem superior para os cards *\/\r\n      }\r\n      .cards li {\r\n        flex-basis: calc(50% - 20px); \/* Tamanho dos cards com espa\u00e7amento *\/\r\n      }\r\n    }\r\n\r\n    @media screen and (max-width: 480px) {\r\n      .cards {\r\n        gap: 15px; \/* Espa\u00e7amento menor entre os cards *\/\r\n        margin-top: 15px; margin-bottom: 20px; \/* Margem superior menor para os cards *\/\r\n      }\r\n      .cards li {\r\n        flex-basis: calc(100% - 30px); \/* Tamanho dos cards com espa\u00e7amento menor *\/\r\n      }\r\n    }\r\n  <\/style>\r\n\t<div class=\"container\">\r\n        <div class=\"escola\">\r\n            \r\n            <div class=\"title-header\">\r\n               \r\n            <\/div>\r\n            <ul class=\"cards\">\r\n                <li>\r\n                    <a href=\"https:\/\/goias.gov.br\/saude\/acesso-ao-servicos-cremic\/\" target=\"_blank\">\r\n                        <span class=\"fa-solid fa-hospital-user\"><\/span>\r\n                        <div class=\"title\">Acesso aos servi\u00e7os do cremic<\/div>\r\n                    <\/a>\r\n                <\/li>\r\n                <li>\r\n                    <a href=\"https:\/\/goias.gov.br\/saude\/protocolos-das-pics\/\" target=\"_blank\">\r\n                        <span class=\"fa-solid fa-rectangle-list\"><\/span>\r\n                        <div class=\"title\">protocolos das pics<\/div>\r\n                    <\/a>\r\n                <\/li>\r\n               \r\n                <li>\r\n                    <a href=\"https:\/\/goias.gov.br\/saude\/agendamento-de-visita-ao-cremic\/\" target=\"_blank\">\r\n                        <span class=\"fa-solid fa-calendar-check\"><\/span>\r\n                        <div class=\"title\">agendamento de visita ao cremic<\/div>\r\n                    <\/a>\r\n                <\/li>\r\n\r\n <li>\r\n                    <a href=\"https:\/\/goias.gov.br\/saude\/praticas-realizadas-no-cremic\/\" target=\"_blank\">\r\n                        <span class=\"fa-solid fa-person-rays\"><\/span>\r\n                        <div class=\"title\">pr\u00e1ticas realizadas no cremic<\/div>\r\n                    <\/a>\r\n                <\/li>\r\n\r\n\r\n\r\n <li>\r\n                    <a href=\"https:\/\/goias.gov.br\/saude\/gestao-de-pessoas-cremic\/\" target=\"_blank\">\r\n                        <span class=\"fa-solid fa-users\"><\/span>\r\n                        <div class=\"title\">gest\u00e3o de pessoas<\/div>\r\n                    <\/a>\r\n                <\/li>\r\n\r\n<li>\r\n                    <a href=\"https:\/\/goias.gov.br\/saude\/homeopatia-contra-a-dengue\/\" target=\"_blank\">\r\n                        <span class=\"fa-solid fa-glass-water-droplet\"><\/span>\r\n                        <div class=\"title\">homeopatia contra a dengue<\/div>\r\n                    <\/a>\r\n                <\/li>\r\n <li>\r\n                    <a href=\"https:\/\/goias.gov.br\/escoladesaude\/pesquisa-cientifica\/\" target=\"_blank\">\r\n                        <span class=\"fa-solid fa-magnifying-glass-plus\"><\/span>\r\n                        <div class=\"title\">pesquisa cient\u00edfica<\/div>\r\n                    <\/a>\r\n                <\/li>\r\n\r\n\r\n<li>\r\n                    <a href=\"https:\/\/goias.gov.br\/saude\/publicacoes-cremic\/\" target=\"_blank\">\r\n                        <span class=\"fa-solid fa-laptop-file\"><\/span>\r\n                        <div class=\"title\">publica\u00e7\u00f5es<\/div>\r\n                    <\/a>\r\n                <\/li>\r\n\r\n<li>\r\n                    <a href=\"https:\/\/goias.gov.br\/saude\/cultivo-e-coleta-de-plantas-medicinais-cremic\/\" target=\"_blank\">\r\n                        <span class=\"fa-brands fa-pagelines\"><\/span>\r\n                        <div class=\"title\">cultivo e coleta de plantas medicinais<\/div>\r\n                    <\/a>\r\n                <\/li>\r\n\r\n<li>\r\n                    <a href=\"https:\/\/goias.gov.br\/saude\/producao-de-medicamentos-cremic\/\" target=\"_blank\">\r\n                        <span class=\"fa-solid fa-pills\"><\/span>\r\n                        <div class=\"title\">produ\u00e7\u00e3o de medicamentos<\/div>\r\n                    <\/a>\r\n                <\/li>\r\n\r\n                <\/li>\r\n\r\n<li>\r\n                    <a href=\"https:\/\/goias.gov.br\/saude\/cursos-de-pics\/\" target=\"_blank\"> <span class=\"fa-solid fa-hand-holding-medical\"><\/span>\r\n                        <div class=\"title\">cursos de pics<\/div>\r\n                    <\/a>\r\n                <\/li>\r\n\r\n<li>\r\n                    <a href=\"https:\/\/cabsin.org.br\/mapas-de-evidencias\/\" target=\"_blank\"> <span class=\"fa-solid fa-map\"><\/span>\r\n                        <div class=\"title\">mapas de evid\u00eancias<\/div>\r\n                    <\/a>\r\n                <\/li>\r\n                \r\n                <li>\r\n                    <a href=\"https:\/\/goias.gov.br\/saude\/ecopis-2025\/\" target=\"_blank\"> <span class=\"fa-solid fa-seedling\"><\/span>\r\n                        <div class=\"title\">ecopis 2025<\/div>\r\n                    <\/a>\r\n                <\/li>\r\n                \r\n\r\n<li>\r\n                    <a href=\"https:\/\/goias.gov.br\/saude\/legislacao-cremic\/\" target=\"_blank\"> <span class=\"fa-solid fa-gavel\"><\/span>\r\n                        <div class=\"title\">Legisla\u00e7\u00e3o<\/div>\r\n                    <\/a>\r\n                <\/li>\r\n\r\n\r\n            <\/ul>\r\n        <\/div>\r\n\t<\/div>\r\n\t\t\t\t<\/div>\n\t\t\t\t\t<\/div>\n\t\t\t\t<\/div>\n\t\t\t\t<\/div>\n\t\t","protected":false},"excerpt":{"rendered":"<p>Diretoria Dire\u00e7\u00e3o Geral: T\u00e2nia Da Silva Vaz(62) 3201-4989 \/ tania.vaz@goias.gov.br Dire\u00e7\u00e3o T\u00e9cnica: Huilma Alves Cardoso(62) 3201-3603 \/ huilma.cardoso@goias.gov.br Dire\u00e7\u00e3o Administrativa: Clebiana Pimenta Gouv\u00eaa(62) 3201-3607\/ clebiana.cruz@goias.gov.br Localiza\u00e7\u00e3o Rodovia BR 153 KM 8 Quadra \u00e1rea, s\/n\u00ba, esquina com Rua 26, Jardim Santo Ant\u00f4nio &#8211; Goi\u00e2nia-GO CEP 74.853-040 O Centro Estadual de Refer\u00eancia em Medicina Integrativa e Complementar [&hellip;]<\/p>\n","protected":false},"author":7,"featured_media":0,"parent":0,"menu_order":0,"comment_status":"closed","ping_status":"closed","template":"wppb_theme_template","meta":{"footnotes":""},"class_list":["post-37999","page","type-page","status-publish","hentry"],"rttpg_featured_image_url":null,"rttpg_author":{"display_name":"gustavogoncalves","author_link":"https:\/\/goias.gov.br\/saude\/author\/gustavogoncalves\/"},"rttpg_comment":0,"rttpg_category":null,"rttpg_excerpt":"Diretoria Dire\u00e7\u00e3o Geral: T\u00e2nia Da Silva Vaz(62) 3201-4989 \/ tania.vaz@goias.gov.br Dire\u00e7\u00e3o T\u00e9cnica: Huilma Alves Cardoso(62) 3201-3603 \/ huilma.cardoso@goias.gov.br Dire\u00e7\u00e3o Administrativa: Clebiana Pimenta Gouv\u00eaa(62) 3201-3607\/ clebiana.cruz@goias.gov.br Localiza\u00e7\u00e3o Rodovia BR 153 KM 8 Quadra \u00e1rea, s\/n\u00ba, esquina com Rua 26, Jardim Santo Ant\u00f4nio &#8211; Goi\u00e2nia-GO CEP 74.853-040 O Centro Estadual de Refer\u00eancia em Medicina Integrativa e Complementar&hellip;","_links":{"self":[{"href":"https:\/\/goias.gov.br\/saude\/wp-json\/wp\/v2\/pages\/37999","targetHints":{"allow":["GET"]}}],"collection":[{"href":"https:\/\/goias.gov.br\/saude\/wp-json\/wp\/v2\/pages"}],"about":[{"href":"https:\/\/goias.gov.br\/saude\/wp-json\/wp\/v2\/types\/page"}],"author":[{"embeddable":true,"href":"https:\/\/goias.gov.br\/saude\/wp-json\/wp\/v2\/users\/7"}],"replies":[{"embeddable":true,"href":"https:\/\/goias.gov.br\/saude\/wp-json\/wp\/v2\/comments?post=37999"}],"version-history":[{"count":2,"href":"https:\/\/goias.gov.br\/saude\/wp-json\/wp\/v2\/pages\/37999\/revisions"}],"predecessor-version":[{"id":693421,"href":"https:\/\/goias.gov.br\/saude\/wp-json\/wp\/v2\/pages\/37999\/revisions\/693421"}],"wp:attachment":[{"href":"https:\/\/goias.gov.br\/saude\/wp-json\/wp\/v2\/media?parent=37999"}],"curies":[{"name":"wp","href":"https:\/\/api.w.org\/{rel}","templated":true}]}}