

{"id":37992,"date":"2023-12-06T10:03:19","date_gmt":"2023-12-06T13:03:19","guid":{"rendered":"https:\/\/siteshom.goias.gov.br\/saude\/?page_id=37992"},"modified":"2025-12-02T11:13:52","modified_gmt":"2025-12-02T14:13:52","slug":"lacen","status":"publish","type":"page","link":"https:\/\/goias.gov.br\/saude\/lacen\/","title":{"rendered":"LACEN-GO \u2013 Laborat\u00f3rio Estadual de Sa\u00fade P\u00fablica Dr. Giovanni Cysneiros"},"content":{"rendered":"\t\t<div data-elementor-type=\"wp-page\" data-elementor-id=\"37992\" class=\"elementor elementor-37992\">\n\t\t\t\t<div class=\"elementor-element elementor-element-d9a4c1b e-flex e-con-boxed e-con e-parent\" data-id=\"d9a4c1b\" data-element_type=\"container\" data-e-type=\"container\">\n\t\t\t\t\t<div class=\"e-con-inner\">\n\t\t\t\t<div class=\"elementor-element elementor-element-87b7550 elementor-widget elementor-widget-image\" data-id=\"87b7550\" data-element_type=\"widget\" data-e-type=\"widget\" data-widget_type=\"image.default\">\n\t\t\t\t\t\t\t\t\t\t\t\t\t\t\t<img decoding=\"async\" src=\"https:\/\/goias.gov.br\/saude\/wp-content\/uploads\/sites\/34\/2024\/02\/fachada-lacen.jpg\" title=\"\" alt=\"\" loading=\"lazy\" \/>\t\t\t\t\t\t\t\t\t\t\t\t\t\t\t<\/div>\n\t\t\t\t\t<\/div>\n\t\t\t\t<\/div>\n\t\t<div class=\"elementor-element elementor-element-d305543 e-flex e-con-boxed e-con e-parent\" data-id=\"d305543\" data-element_type=\"container\" data-e-type=\"container\">\n\t\t\t\t\t<div class=\"e-con-inner\">\n\t\t<div class=\"elementor-element elementor-element-18948b0 e-con-full e-flex e-con e-child\" data-id=\"18948b0\" data-element_type=\"container\" data-e-type=\"container\">\n\t\t\t\t<div class=\"elementor-element elementor-element-284a63c elementor-widget elementor-widget-text-editor\" data-id=\"284a63c\" data-element_type=\"widget\" data-e-type=\"widget\" data-widget_type=\"text-editor.default\">\n\t\t\t\t\t\t\t\t\t<h3 class=\"sppb-addon-title\">Diretoria<\/h3><p><strong>Dire\u00e7\u00e3o Geral:<\/strong> Vinicius Lemes da Silva<br \/>62 3201-3882 \/\u00a0<a href=\"mailto:vinicius.silva@goias.gov.br\">vinicius.silva@goias.gov.br<\/a><\/p><p><strong>Dire\u00e7\u00e3o T\u00e9cnica:<\/strong> Luiz Augusto Pereira<br \/>62 3201-3888 \/\u00a0<a href=\"mailto:luiz.pereira@goias.gov.br\">luiz.pereira@goias.gov.br<\/a><\/p><p><strong>Dire\u00e7\u00e3o Administrativa:<\/strong> Rafael Souza Guedes\u00a0 62 3201-3888 \/\u00a0 <a href=\"mailto:rafael.guedes@goias.gov.br\">rafael.guedes@goias.gov.br<\/a><\/p><p><strong>Localiza\u00e7\u00e3o<br \/><\/strong><a href=\"https:\/\/maps.app.goo.gl\/7LTznzZtFEgF4SCp7\" target=\"_blank\" rel=\"noopener\"><span class=\"section-info-text\"><span class=\"widget-pane-link\">Alameda do Contorno, 3556 &#8211; Jardim da Luz, Goi\u00e2nia &#8211; GO, 74853-120<\/span><\/span><\/a><\/p>\t\t\t\t\t\t\t\t<\/div>\n\t\t\t\t<\/div>\n\t\t<div class=\"elementor-element elementor-element-2803963 e-con-full e-flex e-con e-child\" data-id=\"2803963\" data-element_type=\"container\" data-e-type=\"container\">\n\t\t\t\t<div class=\"elementor-element elementor-element-404d4e8 elementor-widget elementor-widget-text-editor\" data-id=\"404d4e8\" data-element_type=\"widget\" data-e-type=\"widget\" data-widget_type=\"text-editor.default\">\n\t\t\t\t\t\t\t\t\t<p>Criado em 1947 o Laborat\u00f3rio de Sa\u00fade P\u00fablica Dr. Giovanni Cysneiros \u2013 Lacen-GO \u00e9 uma Unidade de Refer\u00eancia Estadual juridicamente ligada \u00e0 SES-GO para diagn\u00f3stico laboratorial e parte integrante do Sistema Nacional de Laborat\u00f3rios de Sa\u00fade P\u00fablica \u2013 Sislab. Como laborat\u00f3rio de refer\u00eancia coordena a rede estadual de laborat\u00f3rios, realiza procedimentos laboratoriais de m\u00e9dia e alta complexidade para diagn\u00f3stico, controle e monitoramento das doen\u00e7as e agravos de interesse da vigil\u00e2ncia em sa\u00fade. Executa ensaios para avalia\u00e7\u00e3o de produtos e servi\u00e7os sujeitos ao controle e fiscaliza\u00e7\u00e3o da vigil\u00e2ncia sanit\u00e1ria e realiza a\u00e7\u00f5es laboratoriais no \u00e2mbito da vigil\u00e2ncia ambiental.<\/p><p>O Laborat\u00f3rio se divide em: divis\u00e3o de Biologia M\u00e9dica e de Produtos. A primeira \u00e9 respons\u00e1vel pela \u00e1rea de vigil\u00e2ncia laboratorial das doen\u00e7as infectocontagiosas (inclui programas como, o de dengue, febre amarela, mal\u00e1ria, leishmaniose, tuberculose, sarampo, rub\u00e9ola e outros).<br \/>A divis\u00e3o de produtos presta servi\u00e7o nos setores de microbiologia de alimentos e medicamentos, al\u00e9m de an\u00e1lises f\u00edsico- quimicas, toxicol\u00f3gicas e de r\u00f3tulos de produtos sujeitos ao consumo humano.<\/p>\t\t\t\t\t\t\t\t<\/div>\n\t\t\t\t<\/div>\n\t\t\t\t\t<\/div>\n\t\t\t\t<\/div>\n\t\t<div class=\"elementor-element elementor-element-a28a3c3 e-flex e-con-boxed e-con e-parent\" data-id=\"a28a3c3\" data-element_type=\"container\" data-e-type=\"container\">\n\t\t\t\t\t<div class=\"e-con-inner\">\n\t\t\t\t<div class=\"elementor-element elementor-element-b4f843d elementor-widget elementor-widget-html\" data-id=\"b4f843d\" data-element_type=\"widget\" data-e-type=\"widget\" data-widget_type=\"html.default\">\n\t\t\t\t\t<!DOCTYPE html>\r\n<html lang=\"pt-br\" dir=\"ltr\">\r\n<head>\r\n  <meta http-equiv=\"Content-Type\" content=\"text\/html; charset=UTF-8\" \/>\r\n  <style>\r\n    \/* Estilos para desktop *\/\r\n    .container {\r\n      padding: 20px;\r\n    }\r\n\r\n    .section {\r\n      margin-bottom: 40px;\r\n    }\r\n\r\n    .title {\r\n      text-align: center;\r\n      margin: 0 0 24px;\r\n      color: #0c326f;\r\n      font-weight: 600;\r\n      font-size: 2.7rem;\r\n      line-height: 1.5;\r\n    }\r\n\r\n    .cards {\r\n      display: flex;\r\n      justify-content: space-evenly;\r\n      flex-wrap: wrap;\r\n      margin: 0;\r\n      padding: 0;\r\n      list-style: none;\r\n    }\r\n\r\n    .cards li {\r\n      background-color: #ededed;\r\n      box-shadow: 0 3px 6px 0 rgba(0, 0, 0, 0.16);\r\n      text-align: center;\r\n      flex-basis: 23%;\r\n      box-sizing: border-box;\r\n      min-height: 230px;\r\n      margin-bottom: 1.2em;\r\n      line-height: 1.5em;\r\n      display: list-item;\r\n    }\r\n\r\n    .cards li a {\r\n      display: flex;\r\n      justify-content: center;\r\n      align-items: center;\r\n      flex-direction: column;\r\n      width: 100%;\r\n      height: 100%;\r\n      color: #1351b4;\r\n      font-weight: 500;\r\n      text-decoration: none;\r\n    }\r\n\r\n    .cards li i,\r\n    .cards li span {\r\n      font-size: 50px;\r\n      margin-bottom: 30px;\r\n      color: #0c326f;\r\n      width: auto;\r\n      font-weight: 900;\r\n    }\r\n\r\n    .cards li .title {\r\n      font-size: 20px;\r\n      color: #0c326f;\r\n      font-weight: 600;\r\n      margin: 0;\r\n      text-transform: uppercase;\r\n    }\r\n\r\n    \/* Estilos para telas menores *\/\r\n    @media screen and (max-width: 768px) {\r\n      .cards {\r\n        gap: 20px; \/* Espa\u00e7amento entre os cards *\/\r\n        margin-top: 20px; margin-bottom: 20px;\/* Margem superior para os cards *\/\r\n      }\r\n      .cards li {\r\n        flex-basis: calc(50% - 20px); \/* Tamanho dos cards com espa\u00e7amento *\/\r\n      }\r\n    }\r\n\r\n    @media screen and (max-width: 480px) {\r\n      .cards {\r\n        gap: 15px; \/* Espa\u00e7amento menor entre os cards *\/\r\n        margin-top: 15px; margin-bottom: 20px; \/* Margem superior menor para os cards *\/\r\n      }\r\n      .cards li {\r\n        flex-basis: calc(100% - 30px); \/* Tamanho dos cards com espa\u00e7amento menor *\/\r\n      }\r\n    }\r\n  <\/style>\r\n\t<div class=\"container\">\r\n        <div class=\"ces\">\r\n            \r\n            <div class=\"title-header\">\r\n               \r\n            <\/div>\r\n            <ul class=\"cards\">\r\n                <li>\r\n                    <a href=\"https:\/\/goias.gov.br\/saude\/informacoes-lacen\/\" target=\"_blank\">\r\n                        <span class=\"fa-solid fa-comment-medical\"><\/span>\r\n                        <div class=\"title\">informa\u00e7\u00f5es<\/div>\r\n                    <\/a>\r\n                <\/li>\r\n                <li>\r\n                    <a href=\"https:\/\/goias.gov.br\/saude\/wp-content\/uploads\/sites\/34\/2024\/02\/informativo-lacen.pdf\" target=\"_blank\">\r\n                        <span class=\"fa-solid fa-house-chimney-medical\"><\/span>\r\n                        <div class=\"title\">lacen 75 anos<\/div>\r\n                    <\/a>\r\n                <\/li>\r\n                \r\n     <li>\r\n                    <a href=\"https:\/\/goias.gov.br\/saude\/manuais-de-procedimentos-de-coleta-acondicionamento-transporte-e-rejeicao-de-amostras\/\" target=\"_blank\">\r\n                        <span class=\"fa-solid fa-vial\"><\/span>\r\n                        <div class=\"title\">manuais de procedimentos de coleta<\/div>\r\n                    <\/a>\r\n                <\/li>\r\n\r\n<li>\r\n                    <a href=\"https:\/\/goias.gov.br\/saude\/sistema-gerenciador-de-ambiente-laboratorial-gal\/\" target=\"_blank\">\r\n                        <span class=\"fa-solid fa-flask-vial\"><\/span>\r\n                        <div class=\"title\">GAL - Gerenciador de Ambiente Laboratorial<\/div>\r\n                    <\/a>\r\n                <\/li>\r\n\r\n<li>\r\n                    <a href=\"https:\/\/goias.gov.br\/saude\/divisao-de-biologia-medica-lacen\/\" target=\"_blank\">\r\n                        <span class=\"fa-solid fa-dna\"><\/span>\r\n                        <div class=\"title\">divis\u00e3o de biologia m\u00e9dica<\/div>\r\n                    <\/a>\r\n                <\/li>\r\n\r\n<li>\r\n                    <a href=\"https:\/\/goias.gov.br\/saude\/divisao-de-produtos-lacen\/\" target=\"_blank\">\r\n                        <span class=\"fa-solid fa-hand-holding-medical\"><\/span>\r\n                        <div class=\"title\">Divis\u00e3o de produtos<\/div>\r\n                    <\/a>\r\n                <\/li>\r\n\r\n<li>\r\n                    <a href=\"https:\/\/goias.gov.br\/saude\/qualidade-lacen\/\" target=\"_blank\">\r\n                        <span class=\"fa-solid fa-medal\"><\/span>\r\n                        <div class=\"title\">qualidade<\/div>\r\n                    <\/a>\r\n                <\/li>\r\n      \r\n            <\/ul>\r\n        <\/div>\r\n\t<\/div>\r\n\t\t\t\t<\/div>\n\t\t\t\t\t<\/div>\n\t\t\t\t<\/div>\n\t\t\t\t<\/div>\n\t\t","protected":false},"excerpt":{"rendered":"<p>Diretoria Dire\u00e7\u00e3o Geral: Vinicius Lemes da Silva62 3201-3882 \/\u00a0vinicius.silva@goias.gov.br Dire\u00e7\u00e3o T\u00e9cnica: Luiz Augusto Pereira62 3201-3888 \/\u00a0luiz.pereira@goias.gov.br Dire\u00e7\u00e3o Administrativa: Rafael Souza Guedes\u00a0 62 3201-3888 \/\u00a0 rafael.guedes@goias.gov.br Localiza\u00e7\u00e3oAlameda do Contorno, 3556 &#8211; Jardim da Luz, Goi\u00e2nia &#8211; GO, 74853-120 Criado em 1947 o Laborat\u00f3rio de Sa\u00fade P\u00fablica Dr. Giovanni Cysneiros \u2013 Lacen-GO \u00e9 uma Unidade de Refer\u00eancia [&hellip;]<\/p>\n","protected":false},"author":7,"featured_media":0,"parent":0,"menu_order":0,"comment_status":"closed","ping_status":"closed","template":"","meta":{"footnotes":""},"class_list":["post-37992","page","type-page","status-publish","hentry"],"rttpg_featured_image_url":null,"rttpg_author":{"display_name":"gustavogoncalves","author_link":"https:\/\/goias.gov.br\/saude\/author\/gustavogoncalves\/"},"rttpg_comment":0,"rttpg_category":null,"rttpg_excerpt":"Diretoria Dire\u00e7\u00e3o Geral: Vinicius Lemes da Silva62 3201-3882 \/\u00a0vinicius.silva@goias.gov.br Dire\u00e7\u00e3o T\u00e9cnica: Luiz Augusto Pereira62 3201-3888 \/\u00a0luiz.pereira@goias.gov.br Dire\u00e7\u00e3o Administrativa: Rafael Souza Guedes\u00a0 62 3201-3888 \/\u00a0 rafael.guedes@goias.gov.br Localiza\u00e7\u00e3oAlameda do Contorno, 3556 &#8211; Jardim da Luz, Goi\u00e2nia &#8211; GO, 74853-120 Criado em 1947 o Laborat\u00f3rio de Sa\u00fade P\u00fablica Dr. Giovanni Cysneiros \u2013 Lacen-GO \u00e9 uma Unidade de Refer\u00eancia&hellip;","_links":{"self":[{"href":"https:\/\/goias.gov.br\/saude\/wp-json\/wp\/v2\/pages\/37992","targetHints":{"allow":["GET"]}}],"collection":[{"href":"https:\/\/goias.gov.br\/saude\/wp-json\/wp\/v2\/pages"}],"about":[{"href":"https:\/\/goias.gov.br\/saude\/wp-json\/wp\/v2\/types\/page"}],"author":[{"embeddable":true,"href":"https:\/\/goias.gov.br\/saude\/wp-json\/wp\/v2\/users\/7"}],"replies":[{"embeddable":true,"href":"https:\/\/goias.gov.br\/saude\/wp-json\/wp\/v2\/comments?post=37992"}],"version-history":[{"count":2,"href":"https:\/\/goias.gov.br\/saude\/wp-json\/wp\/v2\/pages\/37992\/revisions"}],"predecessor-version":[{"id":623127,"href":"https:\/\/goias.gov.br\/saude\/wp-json\/wp\/v2\/pages\/37992\/revisions\/623127"}],"wp:attachment":[{"href":"https:\/\/goias.gov.br\/saude\/wp-json\/wp\/v2\/media?parent=37992"}],"curies":[{"name":"wp","href":"https:\/\/api.w.org\/{rel}","templated":true}]}}