

{"id":37989,"date":"2023-12-06T09:58:28","date_gmt":"2023-12-06T12:58:28","guid":{"rendered":"https:\/\/siteshom.goias.gov.br\/saude\/?page_id=37989"},"modified":"2025-12-03T10:44:54","modified_gmt":"2025-12-03T13:44:54","slug":"ceesmi","status":"publish","type":"page","link":"https:\/\/goias.gov.br\/saude\/ceesmi\/","title":{"rendered":"CEESMI \u2013 Centro Estadual Especializado em Sa\u00fade Mental Infantojuvenil (antigo CAPSi)"},"content":{"rendered":"\t\t<div data-elementor-type=\"wp-page\" data-elementor-id=\"37989\" class=\"elementor elementor-37989\">\n\t\t\t\t<div class=\"elementor-element elementor-element-8747892 e-flex e-con-boxed e-con e-parent\" data-id=\"8747892\" data-element_type=\"container\" data-e-type=\"container\">\n\t\t\t\t\t<div class=\"e-con-inner\">\n\t\t\t\t<div class=\"elementor-element elementor-element-0e19add elementor-widget elementor-widget-image\" data-id=\"0e19add\" data-element_type=\"widget\" data-e-type=\"widget\" data-widget_type=\"image.default\">\n\t\t\t\t\t\t\t\t\t\t\t\t\t\t\t<img fetchpriority=\"high\" decoding=\"async\" width=\"1024\" height=\"342\" src=\"https:\/\/goias.gov.br\/saude\/wp-content\/uploads\/sites\/34\/2025\/09\/fachada-ceesmi-1024x342.jpg\" class=\"attachment-large size-large wp-image-500963\" alt=\"\" srcset=\"https:\/\/goias.gov.br\/saude\/wp-content\/uploads\/sites\/34\/2025\/09\/fachada-ceesmi-1024x342.jpg 1024w, https:\/\/goias.gov.br\/saude\/wp-content\/uploads\/sites\/34\/2025\/09\/fachada-ceesmi-300x100.jpg 300w, https:\/\/goias.gov.br\/saude\/wp-content\/uploads\/sites\/34\/2025\/09\/fachada-ceesmi-768x257.jpg 768w, https:\/\/goias.gov.br\/saude\/wp-content\/uploads\/sites\/34\/2025\/09\/fachada-ceesmi-1536x514.jpg 1536w, https:\/\/goias.gov.br\/saude\/wp-content\/uploads\/sites\/34\/2025\/09\/fachada-ceesmi-2048x685.jpg 2048w\" sizes=\"(max-width: 1024px) 100vw, 1024px\" \/>\t\t\t\t\t\t\t\t\t\t\t\t\t\t\t<\/div>\n\t\t\t\t\t<\/div>\n\t\t\t\t<\/div>\n\t\t<div class=\"elementor-element elementor-element-6cec766 e-flex e-con-boxed e-con e-parent\" data-id=\"6cec766\" data-element_type=\"container\" data-e-type=\"container\">\n\t\t\t\t\t<div class=\"e-con-inner\">\n\t\t<div class=\"elementor-element elementor-element-1bbcf64 e-con-full e-flex e-con e-child\" data-id=\"1bbcf64\" data-element_type=\"container\" data-e-type=\"container\">\n\t\t\t\t<div class=\"elementor-element elementor-element-1ffeeed elementor-widget elementor-widget-text-editor\" data-id=\"1ffeeed\" data-element_type=\"widget\" data-e-type=\"widget\" data-widget_type=\"text-editor.default\">\n\t\t\t\t\t\t\t\t\t<h4 class=\"sppb-addon-title\">Recep\u00e7\u00e3o<\/h4><p class=\"sppb-addon-title\"><strong>Telefone:<\/strong> (62) 3201-4473<\/p><h4 class=\"sppb-addon-title\">Diretoria<\/h4><ul><li><strong>Dire\u00e7\u00e3o Geral: <\/strong>\u00a0Paula Loureiro Miguel Monteiro\u00a0\/ <a href=\"mailto:paula.monteiro@saude.go.gov.br\">paula.monteiro@saude.go.gov.br<\/a><\/li><\/ul><ul><li><strong>Dire\u00e7\u00e3o T\u00e9cnica:<\/strong> Rachel Gomes Esteves Santana\u00a0\/ <a href=\"mailto:rachel.santanna@saude.go.gov.br\">rachel.santanna@saude.go.gov.br<\/a><\/li><\/ul><ul><li><strong>Dire\u00e7\u00e3o Administrativa:<\/strong> Maryneusa Gon\u00e7alves de Almeida Melo\u00a0\/ <a href=\"mailto:maryneusa.melo@saude.go.gov.br\">maryneusa.melo@saude.go.gov.br<\/a><\/li><\/ul><h4>Localiza\u00e7\u00e3o<\/h4><p><a href=\"https:\/\/maps.app.goo.gl\/1WTjCzDYWkrLLMKv9\" target=\"_blank\" rel=\"noopener\">R. 72, esq. com Av. H, 659, Parque da Crian\u00e7a &#8211; Jardim Goi\u00e1s, Goi\u00e2nia &#8211; Goi\u00e1s<br \/>CEP: 74805-480<\/a><\/p>\t\t\t\t\t\t\t\t<\/div>\n\t\t\t\t<\/div>\n\t\t<div class=\"elementor-element elementor-element-c410938 e-con-full e-flex e-con e-child\" data-id=\"c410938\" data-element_type=\"container\" data-e-type=\"container\">\n\t\t\t\t<div class=\"elementor-element elementor-element-60f9fb7 elementor-widget elementor-widget-text-editor\" data-id=\"60f9fb7\" data-element_type=\"widget\" data-e-type=\"widget\" data-widget_type=\"text-editor.default\">\n\t\t\t\t\t\t\t\t\t<p>O Centro Estadual Especializado em Sa\u00fade Mental Infantojuvenil &#8211; CEESMI (antigo CAPSi) \u00e9 uma unidade da Secretaria de Estado da Sa\u00fade de Goi\u00e1s destinada ao atendimento preventivo e curativo em sa\u00fade mental para crian\u00e7as e adolescentes (3 a 17 anos), seus familiares e respons\u00e1veis.<\/p><p>O CEESMI Goi\u00e1s atende por meio de encaminhamentos oriundos de \u00f3rg\u00e3os diversos (ex.: Conselho Tutelar, Escola, etc.) e por demanda espont\u00e2nea. O agendamento dos servi\u00e7os \u00e9 feito pelo <a href=\"https:\/\/www.go.gov.br\/servicos\/servico\/agendar-atendimento-multiprofissional-de-infantojuvenil\" target=\"_blank\" rel=\"noopener\">Portal Expresso<\/a>.<\/p><p>A unidade presta atendimento ambulatorial, individual e em grupo a crian\u00e7as e adolescentes com transtornos ps\u00edquicos, tais como: transtorno de d\u00e9ficit de aten\u00e7\u00e3o e hiperatividade (TDAH), transtornos de ansiedade, transtornos de conduta, transtorno de humor e psicoses. O atendimento tamb\u00e9m \u00e9 prestado aos pais destas crian\u00e7as em atividades de grupo.<\/p><p>O CEESMI \u00e9 estruturado como Centro de Refer\u00eancia dotado de equipe multiprofissional (m\u00e9dico, psic\u00f3logo, neuropsic\u00f3logo, enfermeiro, fonoaudi\u00f3logo, assistente social e terapeuta ocupacional) que atua na promo\u00e7\u00e3o, preven\u00e7\u00e3o terap\u00eautica e pesquisa no \u00e2mbito da sa\u00fade mental infantojuvenil.<\/p>\t\t\t\t\t\t\t\t<\/div>\n\t\t\t\t<\/div>\n\t\t\t\t\t<\/div>\n\t\t\t\t<\/div>\n\t\t<div class=\"elementor-element elementor-element-d108858 e-flex e-con-boxed e-con e-parent\" data-id=\"d108858\" data-element_type=\"container\" data-e-type=\"container\">\n\t\t\t\t\t<div class=\"e-con-inner\">\n\t\t\t\t<div class=\"elementor-element elementor-element-c09006c elementor-widget elementor-widget-heading\" data-id=\"c09006c\" data-element_type=\"widget\" data-e-type=\"widget\" data-widget_type=\"heading.default\">\n\t\t\t\t\t<h2 class=\"elementor-heading-title elementor-size-default\">INFORMA\u00c7\u00d5ES<\/h2>\t\t\t\t<\/div>\n\t\t<div class=\"elementor-element elementor-element-8004c12 e-con-full e-flex e-con e-child\" data-id=\"8004c12\" data-element_type=\"container\" data-e-type=\"container\">\n\t\t\t\t<div class=\"elementor-element elementor-element-bbb345f elementor-widget elementor-widget-n-accordion\" data-id=\"bbb345f\" data-element_type=\"widget\" data-e-type=\"widget\" data-settings=\"{&quot;default_state&quot;:&quot;all_collapsed&quot;,&quot;max_items_expended&quot;:&quot;one&quot;,&quot;n_accordion_animation_duration&quot;:{&quot;unit&quot;:&quot;ms&quot;,&quot;size&quot;:400,&quot;sizes&quot;:[]}}\" data-widget_type=\"nested-accordion.default\">\n\t\t\t\t\t\t\t<div class=\"e-n-accordion\" aria-label=\"Accordion. Open links with Enter or Space, close with Escape, and navigate with Arrow Keys\">\n\t\t\t\t\t\t<details id=\"e-n-accordion-item-1960\" class=\"e-n-accordion-item\" >\n\t\t\t\t<summary class=\"e-n-accordion-item-title\" data-accordion-index=\"1\" tabindex=\"0\" aria-expanded=\"false\" aria-controls=\"e-n-accordion-item-1960\" >\n\t\t\t\t\t<span class='e-n-accordion-item-title-header'><div class=\"e-n-accordion-item-title-text\"> Acesso \u00e0 Unidade <\/div><\/span>\n\t\t\t\t\t\t\t<span class='e-n-accordion-item-title-icon'>\n\t\t\t<span class='e-opened' ><svg aria-hidden=\"true\" class=\"e-font-icon-svg e-fas-minus\" viewBox=\"0 0 448 512\" xmlns=\"http:\/\/www.w3.org\/2000\/svg\"><path d=\"M416 208H32c-17.67 0-32 14.33-32 32v32c0 17.67 14.33 32 32 32h384c17.67 0 32-14.33 32-32v-32c0-17.67-14.33-32-32-32z\"><\/path><\/svg><\/span>\n\t\t\t<span class='e-closed'><svg aria-hidden=\"true\" class=\"e-font-icon-svg e-fas-plus\" viewBox=\"0 0 448 512\" xmlns=\"http:\/\/www.w3.org\/2000\/svg\"><path d=\"M416 208H272V64c0-17.67-14.33-32-32-32h-32c-17.67 0-32 14.33-32 32v144H32c-17.67 0-32 14.33-32 32v32c0 17.67 14.33 32 32 32h144v144c0 17.67 14.33 32 32 32h32c17.67 0 32-14.33 32-32V304h144c17.67 0 32-14.33 32-32v-32c0-17.67-14.33-32-32-32z\"><\/path><\/svg><\/span>\n\t\t<\/span>\n\n\t\t\t\t\t\t<\/summary>\n\t\t\t\t<div role=\"region\" aria-labelledby=\"e-n-accordion-item-1960\" class=\"elementor-element elementor-element-8896d16 e-con-full e-flex e-con e-child\" data-id=\"8896d16\" data-element_type=\"container\" data-e-type=\"container\">\n\t\t\t\t<div class=\"elementor-element elementor-element-b2bb350 elementor-widget elementor-widget-text-editor\" data-id=\"b2bb350\" data-element_type=\"widget\" data-e-type=\"widget\" data-widget_type=\"text-editor.default\">\n\t\t\t\t\t\t\t\t\t<p>Os encaminhamentos s\u00e3o oriundos de \u00f3rg\u00e3os diversos (ex.: Conselho Tutelar, Escola, etc.) e por demanda espont\u00e2nea. Saiba mais pelo link do <a href=\"https:\/\/www.go.gov.br\/servicos\/servico\/agendar-atendimento-multiprofissional-de-infantojuvenil\" target=\"_blank\" rel=\"noopener\">Portal Expresso<\/a>.<\/p>\t\t\t\t\t\t\t\t<\/div>\n\t\t\t\t<\/div>\n\t\t\t\t\t<\/details>\n\t\t\t\t\t\t<details id=\"e-n-accordion-item-1961\" class=\"e-n-accordion-item\" >\n\t\t\t\t<summary class=\"e-n-accordion-item-title\" data-accordion-index=\"2\" tabindex=\"-1\" aria-expanded=\"false\" aria-controls=\"e-n-accordion-item-1961\" >\n\t\t\t\t\t<span class='e-n-accordion-item-title-header'><div class=\"e-n-accordion-item-title-text\"> Perfil de Atendimento <\/div><\/span>\n\t\t\t\t\t\t\t<span class='e-n-accordion-item-title-icon'>\n\t\t\t<span class='e-opened' ><svg aria-hidden=\"true\" class=\"e-font-icon-svg e-fas-minus\" viewBox=\"0 0 448 512\" xmlns=\"http:\/\/www.w3.org\/2000\/svg\"><path d=\"M416 208H32c-17.67 0-32 14.33-32 32v32c0 17.67 14.33 32 32 32h384c17.67 0 32-14.33 32-32v-32c0-17.67-14.33-32-32-32z\"><\/path><\/svg><\/span>\n\t\t\t<span class='e-closed'><svg aria-hidden=\"true\" class=\"e-font-icon-svg e-fas-plus\" viewBox=\"0 0 448 512\" xmlns=\"http:\/\/www.w3.org\/2000\/svg\"><path d=\"M416 208H272V64c0-17.67-14.33-32-32-32h-32c-17.67 0-32 14.33-32 32v144H32c-17.67 0-32 14.33-32 32v32c0 17.67 14.33 32 32 32h144v144c0 17.67 14.33 32 32 32h32c17.67 0 32-14.33 32-32V304h144c17.67 0 32-14.33 32-32v-32c0-17.67-14.33-32-32-32z\"><\/path><\/svg><\/span>\n\t\t<\/span>\n\n\t\t\t\t\t\t<\/summary>\n\t\t\t\t<div role=\"region\" aria-labelledby=\"e-n-accordion-item-1961\" class=\"elementor-element elementor-element-12dbf85 e-con-full e-flex e-con e-child\" data-id=\"12dbf85\" data-element_type=\"container\" data-e-type=\"container\">\n\t\t\t\t<div class=\"elementor-element elementor-element-c5c402c elementor-widget elementor-widget-text-editor\" data-id=\"c5c402c\" data-element_type=\"widget\" data-e-type=\"widget\" data-widget_type=\"text-editor.default\">\n\t\t\t\t\t\t\t\t\t<p>O CEESMI presta atendimento ambulatorial, individual e em grupo a crian\u00e7as e adolescentes com transtornos ps\u00edquicos, tais como: transtorno de d\u00e9ficit de aten\u00e7\u00e3o e hiperatividade (TDAH), transtornos de ansiedade, transtornos de conduta, transtorno de humor e psicoses. O atendimento tamb\u00e9m \u00e9 prestado aos pais destas crian\u00e7as em atividades de grupo.<\/p>\t\t\t\t\t\t\t\t<\/div>\n\t\t\t\t<\/div>\n\t\t\t\t\t<\/details>\n\t\t\t\t\t\t<details id=\"e-n-accordion-item-1962\" class=\"e-n-accordion-item\" >\n\t\t\t\t<summary class=\"e-n-accordion-item-title\" data-accordion-index=\"3\" tabindex=\"-1\" aria-expanded=\"false\" aria-controls=\"e-n-accordion-item-1962\" >\n\t\t\t\t\t<span class='e-n-accordion-item-title-header'><div class=\"e-n-accordion-item-title-text\"> Atividades Desenvolvidas <\/div><\/span>\n\t\t\t\t\t\t\t<span class='e-n-accordion-item-title-icon'>\n\t\t\t<span class='e-opened' ><svg aria-hidden=\"true\" class=\"e-font-icon-svg e-fas-minus\" viewBox=\"0 0 448 512\" xmlns=\"http:\/\/www.w3.org\/2000\/svg\"><path d=\"M416 208H32c-17.67 0-32 14.33-32 32v32c0 17.67 14.33 32 32 32h384c17.67 0 32-14.33 32-32v-32c0-17.67-14.33-32-32-32z\"><\/path><\/svg><\/span>\n\t\t\t<span class='e-closed'><svg aria-hidden=\"true\" class=\"e-font-icon-svg e-fas-plus\" viewBox=\"0 0 448 512\" xmlns=\"http:\/\/www.w3.org\/2000\/svg\"><path d=\"M416 208H272V64c0-17.67-14.33-32-32-32h-32c-17.67 0-32 14.33-32 32v144H32c-17.67 0-32 14.33-32 32v32c0 17.67 14.33 32 32 32h144v144c0 17.67 14.33 32 32 32h32c17.67 0 32-14.33 32-32V304h144c17.67 0 32-14.33 32-32v-32c0-17.67-14.33-32-32-32z\"><\/path><\/svg><\/span>\n\t\t<\/span>\n\n\t\t\t\t\t\t<\/summary>\n\t\t\t\t<div role=\"region\" aria-labelledby=\"e-n-accordion-item-1962\" class=\"elementor-element elementor-element-bbe046d e-con-full e-flex e-con e-child\" data-id=\"bbe046d\" data-element_type=\"container\" data-e-type=\"container\">\n\t\t\t\t<div class=\"elementor-element elementor-element-62a1703 elementor-widget elementor-widget-text-editor\" data-id=\"62a1703\" data-element_type=\"widget\" data-e-type=\"widget\" data-widget_type=\"text-editor.default\">\n\t\t\t\t\t\t\t\t\t<p>Acolhimento, atendimento m\u00e9dico, encaminhamentos, terapias individuais multiprofissionais, terapias em grupo (crian\u00e7as, adolescentes e familiares), avalia\u00e7\u00f5es psicol\u00f3gicas e neuropsicol\u00f3gicas . A unidade tamb\u00e9m promove orienta\u00e7\u00f5es para pais e\/ou respons\u00e1veis sobre a reabilita\u00e7\u00e3o psicossocial referente aos transtornos emocionais e sociais, vivenciados no contexto familiar.<\/p>\t\t\t\t\t\t\t\t<\/div>\n\t\t\t\t<\/div>\n\t\t\t\t\t<\/details>\n\t\t\t\t\t\t<details id=\"e-n-accordion-item-1963\" class=\"e-n-accordion-item\" >\n\t\t\t\t<summary class=\"e-n-accordion-item-title\" data-accordion-index=\"4\" tabindex=\"-1\" aria-expanded=\"false\" aria-controls=\"e-n-accordion-item-1963\" >\n\t\t\t\t\t<span class='e-n-accordion-item-title-header'><div class=\"e-n-accordion-item-title-text\"> Grupos e Oficinas <\/div><\/span>\n\t\t\t\t\t\t\t<span class='e-n-accordion-item-title-icon'>\n\t\t\t<span class='e-opened' ><svg aria-hidden=\"true\" class=\"e-font-icon-svg e-fas-minus\" viewBox=\"0 0 448 512\" xmlns=\"http:\/\/www.w3.org\/2000\/svg\"><path d=\"M416 208H32c-17.67 0-32 14.33-32 32v32c0 17.67 14.33 32 32 32h384c17.67 0 32-14.33 32-32v-32c0-17.67-14.33-32-32-32z\"><\/path><\/svg><\/span>\n\t\t\t<span class='e-closed'><svg aria-hidden=\"true\" class=\"e-font-icon-svg e-fas-plus\" viewBox=\"0 0 448 512\" xmlns=\"http:\/\/www.w3.org\/2000\/svg\"><path d=\"M416 208H272V64c0-17.67-14.33-32-32-32h-32c-17.67 0-32 14.33-32 32v144H32c-17.67 0-32 14.33-32 32v32c0 17.67 14.33 32 32 32h144v144c0 17.67 14.33 32 32 32h32c17.67 0 32-14.33 32-32V304h144c17.67 0 32-14.33 32-32v-32c0-17.67-14.33-32-32-32z\"><\/path><\/svg><\/span>\n\t\t<\/span>\n\n\t\t\t\t\t\t<\/summary>\n\t\t\t\t<div role=\"region\" aria-labelledby=\"e-n-accordion-item-1963\" class=\"elementor-element elementor-element-9dfdbe8 e-flex e-con-boxed e-con e-child\" data-id=\"9dfdbe8\" data-element_type=\"container\" data-e-type=\"container\">\n\t\t\t\t\t<div class=\"e-con-inner\">\n\t\t\t\t<div class=\"elementor-element elementor-element-429ca77 elementor-widget elementor-widget-text-editor\" data-id=\"429ca77\" data-element_type=\"widget\" data-e-type=\"widget\" data-widget_type=\"text-editor.default\">\n\t\t\t\t\t\t\t\t\t<p>Os grupos e oficinas desenvolvidos no CEESMI s\u00e3o estruturadas com o objetivo de prestar assist\u00eancia \u00e0 demanda que chega na unidade conforme a queixa apresentada.<\/p>\t\t\t\t\t\t\t\t<\/div>\n\t\t\t\t\t<\/div>\n\t\t\t\t<\/div>\n\t\t\t\t\t<\/details>\n\t\t\t\t\t\t<details id=\"e-n-accordion-item-1964\" class=\"e-n-accordion-item\" >\n\t\t\t\t<summary class=\"e-n-accordion-item-title\" data-accordion-index=\"5\" tabindex=\"-1\" aria-expanded=\"false\" aria-controls=\"e-n-accordion-item-1964\" >\n\t\t\t\t\t<span class='e-n-accordion-item-title-header'><div class=\"e-n-accordion-item-title-text\"> Oficina de Criatividade <\/div><\/span>\n\t\t\t\t\t\t\t<span class='e-n-accordion-item-title-icon'>\n\t\t\t<span class='e-opened' ><svg aria-hidden=\"true\" class=\"e-font-icon-svg e-fas-minus\" viewBox=\"0 0 448 512\" xmlns=\"http:\/\/www.w3.org\/2000\/svg\"><path d=\"M416 208H32c-17.67 0-32 14.33-32 32v32c0 17.67 14.33 32 32 32h384c17.67 0 32-14.33 32-32v-32c0-17.67-14.33-32-32-32z\"><\/path><\/svg><\/span>\n\t\t\t<span class='e-closed'><svg aria-hidden=\"true\" class=\"e-font-icon-svg e-fas-plus\" viewBox=\"0 0 448 512\" xmlns=\"http:\/\/www.w3.org\/2000\/svg\"><path d=\"M416 208H272V64c0-17.67-14.33-32-32-32h-32c-17.67 0-32 14.33-32 32v144H32c-17.67 0-32 14.33-32 32v32c0 17.67 14.33 32 32 32h144v144c0 17.67 14.33 32 32 32h32c17.67 0 32-14.33 32-32V304h144c17.67 0 32-14.33 32-32v-32c0-17.67-14.33-32-32-32z\"><\/path><\/svg><\/span>\n\t\t<\/span>\n\n\t\t\t\t\t\t<\/summary>\n\t\t\t\t<div role=\"region\" aria-labelledby=\"e-n-accordion-item-1964\" class=\"elementor-element elementor-element-94b9849 e-flex e-con-boxed e-con e-child\" data-id=\"94b9849\" data-element_type=\"container\" data-e-type=\"container\">\n\t\t\t\t\t<div class=\"e-con-inner\">\n\t\t\t\t<div class=\"elementor-element elementor-element-c63b2a2 elementor-widget elementor-widget-text-editor\" data-id=\"c63b2a2\" data-element_type=\"widget\" data-e-type=\"widget\" data-widget_type=\"text-editor.default\">\n\t\t\t\t\t\t\t\t\t<p>Visa estimular a criatividade dos participantes, promovendo a motiva\u00e7\u00e3o, estimulando a sensibilidade e o aprendizado de habilidades manuais e art\u00edsticas.<\/p>\t\t\t\t\t\t\t\t<\/div>\n\t\t\t\t\t<\/div>\n\t\t\t\t<\/div>\n\t\t\t\t\t<\/details>\n\t\t\t\t\t\t<details id=\"e-n-accordion-item-1965\" class=\"e-n-accordion-item\" >\n\t\t\t\t<summary class=\"e-n-accordion-item-title\" data-accordion-index=\"6\" tabindex=\"-1\" aria-expanded=\"false\" aria-controls=\"e-n-accordion-item-1965\" >\n\t\t\t\t\t<span class='e-n-accordion-item-title-header'><div class=\"e-n-accordion-item-title-text\"> Grupo de Pais <\/div><\/span>\n\t\t\t\t\t\t\t<span class='e-n-accordion-item-title-icon'>\n\t\t\t<span class='e-opened' ><svg aria-hidden=\"true\" class=\"e-font-icon-svg e-fas-minus\" viewBox=\"0 0 448 512\" xmlns=\"http:\/\/www.w3.org\/2000\/svg\"><path d=\"M416 208H32c-17.67 0-32 14.33-32 32v32c0 17.67 14.33 32 32 32h384c17.67 0 32-14.33 32-32v-32c0-17.67-14.33-32-32-32z\"><\/path><\/svg><\/span>\n\t\t\t<span class='e-closed'><svg aria-hidden=\"true\" class=\"e-font-icon-svg e-fas-plus\" viewBox=\"0 0 448 512\" xmlns=\"http:\/\/www.w3.org\/2000\/svg\"><path d=\"M416 208H272V64c0-17.67-14.33-32-32-32h-32c-17.67 0-32 14.33-32 32v144H32c-17.67 0-32 14.33-32 32v32c0 17.67 14.33 32 32 32h144v144c0 17.67 14.33 32 32 32h32c17.67 0 32-14.33 32-32V304h144c17.67 0 32-14.33 32-32v-32c0-17.67-14.33-32-32-32z\"><\/path><\/svg><\/span>\n\t\t<\/span>\n\n\t\t\t\t\t\t<\/summary>\n\t\t\t\t<div role=\"region\" aria-labelledby=\"e-n-accordion-item-1965\" class=\"elementor-element elementor-element-e449c36 e-flex e-con-boxed e-con e-child\" data-id=\"e449c36\" data-element_type=\"container\" data-e-type=\"container\">\n\t\t\t\t\t<div class=\"e-con-inner\">\n\t\t\t\t<div class=\"elementor-element elementor-element-a262350 elementor-widget elementor-widget-text-editor\" data-id=\"a262350\" data-element_type=\"widget\" data-e-type=\"widget\" data-widget_type=\"text-editor.default\">\n\t\t\t\t\t\t\t\t\t<p>Tem por objetivo oferecer um suporte aos familiares, tanto no sentido de ser um espa\u00e7o para tirar d\u00favidas sobre o tratamento e o manejo com o paciente quanto um momento para que o familiar cuidador possa desabafar, falar das suas ang\u00fastias e do seu cansa\u00e7o, mas tamb\u00e9m falar de si mesmo enquanto pessoa, n\u00e3o somente enquanto cuidador.<\/p>\t\t\t\t\t\t\t\t<\/div>\n\t\t\t\t\t<\/div>\n\t\t\t\t<\/div>\n\t\t\t\t\t<\/details>\n\t\t\t\t\t\t<details id=\"e-n-accordion-item-1966\" class=\"e-n-accordion-item\" >\n\t\t\t\t<summary class=\"e-n-accordion-item-title\" data-accordion-index=\"7\" tabindex=\"-1\" aria-expanded=\"false\" aria-controls=\"e-n-accordion-item-1966\" >\n\t\t\t\t\t<span class='e-n-accordion-item-title-header'><div class=\"e-n-accordion-item-title-text\"> Grupo Terap\u00eautico para Crian\u00e7as e Adolescentes <\/div><\/span>\n\t\t\t\t\t\t\t<span class='e-n-accordion-item-title-icon'>\n\t\t\t<span class='e-opened' ><svg aria-hidden=\"true\" class=\"e-font-icon-svg e-fas-minus\" viewBox=\"0 0 448 512\" xmlns=\"http:\/\/www.w3.org\/2000\/svg\"><path d=\"M416 208H32c-17.67 0-32 14.33-32 32v32c0 17.67 14.33 32 32 32h384c17.67 0 32-14.33 32-32v-32c0-17.67-14.33-32-32-32z\"><\/path><\/svg><\/span>\n\t\t\t<span class='e-closed'><svg aria-hidden=\"true\" class=\"e-font-icon-svg e-fas-plus\" viewBox=\"0 0 448 512\" xmlns=\"http:\/\/www.w3.org\/2000\/svg\"><path d=\"M416 208H272V64c0-17.67-14.33-32-32-32h-32c-17.67 0-32 14.33-32 32v144H32c-17.67 0-32 14.33-32 32v32c0 17.67 14.33 32 32 32h144v144c0 17.67 14.33 32 32 32h32c17.67 0 32-14.33 32-32V304h144c17.67 0 32-14.33 32-32v-32c0-17.67-14.33-32-32-32z\"><\/path><\/svg><\/span>\n\t\t<\/span>\n\n\t\t\t\t\t\t<\/summary>\n\t\t\t\t<div role=\"region\" aria-labelledby=\"e-n-accordion-item-1966\" class=\"elementor-element elementor-element-55740e2 e-flex e-con-boxed e-con e-child\" data-id=\"55740e2\" data-element_type=\"container\" data-e-type=\"container\">\n\t\t\t\t\t<div class=\"e-con-inner\">\n\t\t\t\t<div class=\"elementor-element elementor-element-48adf97 elementor-widget elementor-widget-text-editor\" data-id=\"48adf97\" data-element_type=\"widget\" data-e-type=\"widget\" data-widget_type=\"text-editor.default\">\n\t\t\t\t\t\t\t\t\t<p>Busca desenvolver a express\u00e3o de sentimentos e conflitos, promovendo a reestrutura\u00e7\u00e3o interior, bem como a melhora do quadro emocional.<\/p>\t\t\t\t\t\t\t\t<\/div>\n\t\t\t\t\t<\/div>\n\t\t\t\t<\/div>\n\t\t\t\t\t<\/details>\n\t\t\t\t\t\t<details id=\"e-n-accordion-item-1967\" class=\"e-n-accordion-item\" >\n\t\t\t\t<summary class=\"e-n-accordion-item-title\" data-accordion-index=\"8\" tabindex=\"-1\" aria-expanded=\"false\" aria-controls=\"e-n-accordion-item-1967\" >\n\t\t\t\t\t<span class='e-n-accordion-item-title-header'><div class=\"e-n-accordion-item-title-text\"> Grupo de Estimula\u00e7\u00e3o e Limites <\/div><\/span>\n\t\t\t\t\t\t\t<span class='e-n-accordion-item-title-icon'>\n\t\t\t<span class='e-opened' ><svg aria-hidden=\"true\" class=\"e-font-icon-svg e-fas-minus\" viewBox=\"0 0 448 512\" xmlns=\"http:\/\/www.w3.org\/2000\/svg\"><path d=\"M416 208H32c-17.67 0-32 14.33-32 32v32c0 17.67 14.33 32 32 32h384c17.67 0 32-14.33 32-32v-32c0-17.67-14.33-32-32-32z\"><\/path><\/svg><\/span>\n\t\t\t<span class='e-closed'><svg aria-hidden=\"true\" class=\"e-font-icon-svg e-fas-plus\" viewBox=\"0 0 448 512\" xmlns=\"http:\/\/www.w3.org\/2000\/svg\"><path d=\"M416 208H272V64c0-17.67-14.33-32-32-32h-32c-17.67 0-32 14.33-32 32v144H32c-17.67 0-32 14.33-32 32v32c0 17.67 14.33 32 32 32h144v144c0 17.67 14.33 32 32 32h32c17.67 0 32-14.33 32-32V304h144c17.67 0 32-14.33 32-32v-32c0-17.67-14.33-32-32-32z\"><\/path><\/svg><\/span>\n\t\t<\/span>\n\n\t\t\t\t\t\t<\/summary>\n\t\t\t\t<div role=\"region\" aria-labelledby=\"e-n-accordion-item-1967\" class=\"elementor-element elementor-element-e2bb4df e-flex e-con-boxed e-con e-child\" data-id=\"e2bb4df\" data-element_type=\"container\" data-e-type=\"container\">\n\t\t\t\t\t<div class=\"e-con-inner\">\n\t\t\t\t<div class=\"elementor-element elementor-element-2e69a90 elementor-widget elementor-widget-text-editor\" data-id=\"2e69a90\" data-element_type=\"widget\" data-e-type=\"widget\" data-widget_type=\"text-editor.default\">\n\t\t\t\t\t\t\t\t\t<p>Trabalha as rela\u00e7\u00f5es interpessoais, limites, autoestima, comportamentos, linguagem, concentra\u00e7\u00e3o e aten\u00e7\u00e3o.<\/p>\t\t\t\t\t\t\t\t<\/div>\n\t\t\t\t\t<\/div>\n\t\t\t\t<\/div>\n\t\t\t\t\t<\/details>\n\t\t\t\t\t<\/div>\n\t\t\t\t\t\t<\/div>\n\t\t\t\t<\/div>\n\t\t\t\t\t<\/div>\n\t\t\t\t<\/div>\n\t\t\t\t<\/div>\n\t\t","protected":false},"excerpt":{"rendered":"<p>Recep\u00e7\u00e3o Telefone: (62) 3201-4473 Diretoria Dire\u00e7\u00e3o Geral: \u00a0Paula Loureiro Miguel Monteiro\u00a0\/ paula.monteiro@saude.go.gov.br Dire\u00e7\u00e3o T\u00e9cnica: Rachel Gomes Esteves Santana\u00a0\/ rachel.santanna@saude.go.gov.br Dire\u00e7\u00e3o Administrativa: Maryneusa Gon\u00e7alves de Almeida Melo\u00a0\/ maryneusa.melo@saude.go.gov.br Localiza\u00e7\u00e3o R. 72, esq. com Av. H, 659, Parque da Crian\u00e7a &#8211; Jardim Goi\u00e1s, Goi\u00e2nia &#8211; Goi\u00e1sCEP: 74805-480 O Centro Estadual Especializado em Sa\u00fade Mental Infantojuvenil &#8211; CEESMI [&hellip;]<\/p>\n","protected":false},"author":7,"featured_media":0,"parent":0,"menu_order":0,"comment_status":"closed","ping_status":"closed","template":"","meta":{"footnotes":""},"class_list":["post-37989","page","type-page","status-publish","hentry"],"rttpg_featured_image_url":null,"rttpg_author":{"display_name":"gustavogoncalves","author_link":"https:\/\/goias.gov.br\/saude\/author\/gustavogoncalves\/"},"rttpg_comment":0,"rttpg_category":null,"rttpg_excerpt":"Recep\u00e7\u00e3o Telefone: (62) 3201-4473 Diretoria Dire\u00e7\u00e3o Geral: \u00a0Paula Loureiro Miguel Monteiro\u00a0\/ paula.monteiro@saude.go.gov.br Dire\u00e7\u00e3o T\u00e9cnica: Rachel Gomes Esteves Santana\u00a0\/ rachel.santanna@saude.go.gov.br Dire\u00e7\u00e3o Administrativa: Maryneusa Gon\u00e7alves de Almeida Melo\u00a0\/ maryneusa.melo@saude.go.gov.br Localiza\u00e7\u00e3o R. 72, esq. com Av. H, 659, Parque da Crian\u00e7a &#8211; Jardim Goi\u00e1s, Goi\u00e2nia &#8211; Goi\u00e1sCEP: 74805-480 O Centro Estadual Especializado em Sa\u00fade Mental Infantojuvenil &#8211; CEESMI&hellip;","_links":{"self":[{"href":"https:\/\/goias.gov.br\/saude\/wp-json\/wp\/v2\/pages\/37989","targetHints":{"allow":["GET"]}}],"collection":[{"href":"https:\/\/goias.gov.br\/saude\/wp-json\/wp\/v2\/pages"}],"about":[{"href":"https:\/\/goias.gov.br\/saude\/wp-json\/wp\/v2\/types\/page"}],"author":[{"embeddable":true,"href":"https:\/\/goias.gov.br\/saude\/wp-json\/wp\/v2\/users\/7"}],"replies":[{"embeddable":true,"href":"https:\/\/goias.gov.br\/saude\/wp-json\/wp\/v2\/comments?post=37989"}],"version-history":[{"count":2,"href":"https:\/\/goias.gov.br\/saude\/wp-json\/wp\/v2\/pages\/37989\/revisions"}],"predecessor-version":[{"id":631876,"href":"https:\/\/goias.gov.br\/saude\/wp-json\/wp\/v2\/pages\/37989\/revisions\/631876"}],"wp:attachment":[{"href":"https:\/\/goias.gov.br\/saude\/wp-json\/wp\/v2\/media?parent=37989"}],"curies":[{"name":"wp","href":"https:\/\/api.w.org\/{rel}","templated":true}]}}