

{"id":37976,"date":"2023-12-06T09:45:59","date_gmt":"2023-12-06T12:45:59","guid":{"rendered":"https:\/\/siteshom.goias.gov.br\/saude\/?page_id=37976"},"modified":"2025-12-03T10:13:52","modified_gmt":"2025-12-03T13:13:52","slug":"coeg","status":"publish","type":"page","link":"https:\/\/goias.gov.br\/saude\/coeg\/","title":{"rendered":"COEG \u2013 Centro Estadual de Odontologia Sebasti\u00e3o Alves Ribeiro"},"content":{"rendered":"\t\t<div data-elementor-type=\"wp-page\" data-elementor-id=\"37976\" class=\"elementor elementor-37976\">\n\t\t\t\t<div class=\"elementor-element elementor-element-e6d22f9 e-flex e-con-boxed e-con e-parent\" data-id=\"e6d22f9\" data-element_type=\"container\" data-e-type=\"container\">\n\t\t\t\t\t<div class=\"e-con-inner\">\n\t\t\t\t<div class=\"elementor-element elementor-element-3fcf015 elementor-widget elementor-widget-image\" data-id=\"3fcf015\" data-element_type=\"widget\" data-e-type=\"widget\" data-widget_type=\"image.default\">\n\t\t\t\t\t\t\t\t\t\t\t\t\t\t\t<img fetchpriority=\"high\" decoding=\"async\" width=\"900\" height=\"335\" src=\"https:\/\/goias.gov.br\/saude\/wp-content\/uploads\/sites\/34\/2019\/11\/coeg-762.jpg\" class=\"attachment-large size-large wp-image-17064\" alt=\"\" srcset=\"https:\/\/goias.gov.br\/saude\/wp-content\/uploads\/sites\/34\/2019\/11\/coeg-762.jpg 900w, https:\/\/goias.gov.br\/saude\/wp-content\/uploads\/sites\/34\/2019\/11\/coeg-762-300x112.jpg 300w, https:\/\/goias.gov.br\/saude\/wp-content\/uploads\/sites\/34\/2019\/11\/coeg-762-768x286.jpg 768w\" sizes=\"(max-width: 900px) 100vw, 900px\" \/>\t\t\t\t\t\t\t\t\t\t\t\t\t\t\t<\/div>\n\t\t\t\t\t<\/div>\n\t\t\t\t<\/div>\n\t\t<div class=\"elementor-element elementor-element-b1c7034 e-flex e-con-boxed e-con e-parent\" data-id=\"b1c7034\" data-element_type=\"container\" data-e-type=\"container\">\n\t\t\t\t\t<div class=\"e-con-inner\">\n\t\t<div class=\"elementor-element elementor-element-3182ad5 e-con-full e-flex e-con e-child\" data-id=\"3182ad5\" data-element_type=\"container\" data-e-type=\"container\">\n\t\t\t\t<div class=\"elementor-element elementor-element-9d3a1c3 elementor-widget elementor-widget-text-editor\" data-id=\"9d3a1c3\" data-element_type=\"widget\" data-e-type=\"widget\" data-widget_type=\"text-editor.default\">\n\t\t\t\t\t\t\t\t\t<h4 class=\"sppb-addon-title\">Diretoria<\/h4><ul><li><strong>Dire\u00e7\u00e3o Geral:<\/strong>\u00a0S\u00f4nia Chicarolli Silveira<br \/>(62) 3201-7462 \/\u00a0<a href=\"mailto:sonia.silveira@goias.gov.br\">sonia.silveira@goias.gov.br<\/a>\u00a0<\/li><\/ul><ul><li><strong>Dire\u00e7\u00e3o T\u00e9cnica:<\/strong>\u00a0&#8211;<\/li><\/ul><ul><li><strong>Dire\u00e7\u00e3o Administrativa:<\/strong>\u00a0Cla\u00fadia Cristina Cabral Caires<br \/>(62) 3201-7462 \/\u00a0<a href=\"mailto:claudia.caires@goias.gov.br\">claudia.caires@goias.gov.br<\/a><\/li><\/ul><h4>Localiza\u00e7\u00e3o<\/h4><p><a href=\"https:\/\/maps.app.goo.gl\/qvWvE9rvTYYijBAd8\" target=\"_blank\" rel=\"noopener\">R. 68, 500 \u2013 St. Central, Goi\u00e2nia \u2013 Goi\u00e1s<br \/>CEP: 74055-100<\/a><\/p>\t\t\t\t\t\t\t\t<\/div>\n\t\t\t\t<\/div>\n\t\t<div class=\"elementor-element elementor-element-1465eec e-con-full e-flex e-con e-child\" data-id=\"1465eec\" data-element_type=\"container\" data-e-type=\"container\">\n\t\t\t\t<div class=\"elementor-element elementor-element-eb8ac16 elementor-widget elementor-widget-text-editor\" data-id=\"eb8ac16\" data-element_type=\"widget\" data-e-type=\"widget\" data-widget_type=\"text-editor.default\">\n\t\t\t\t\t\t\t\t\t<p>O Centro Estadual de Odontologia Sebasti\u00e3o Alves Ribeiro \u00e9 uma Unidade de refer\u00eancia em Sa\u00fade Bucal da Secretaria Estadual de Sa\u00fade e habilitou-se ao Programa Brasil Sorridente do Minist\u00e9rio da Sa\u00fade em 2004, tornando-se tamb\u00e9m um Centro de Especialidades Odontol\u00f3gicas (CEO \u2013 Tipo III).<\/p><p>A Unidade presta atendimento nas especialidades de: Cirurgia buco-maxilo-facial, Preven\u00e7\u00e3o e Diagn\u00f3stico de Patologias Bucais, com \u00eanfase no C\u00e2ncer Bucal, Radiologia, Reabilita\u00e7\u00e3o Oral, Endodontia, Ortodontia Preventiva e Corretiva, Periodontia e Atendimento aos Pacientes Portadores de Necessidades Especiais.<\/p><p>Na Unidade s\u00e3o atendidos em torno de 2 mil pacientes por m\u00eas e realizados uma m\u00e9dia de 3 mil procedimentos mensais. Em fun\u00e7\u00e3o do estado de pandemia e declarado pela OMS, esta Unidade est\u00e1 obedecendo as orienta\u00e7\u00f5es governamentais sanit\u00e1rias, com redu\u00e7\u00e3o de 50% no seu atendimento.<\/p>\t\t\t\t\t\t\t\t<\/div>\n\t\t\t\t<\/div>\n\t\t\t\t\t<\/div>\n\t\t\t\t<\/div>\n\t\t<div class=\"elementor-element elementor-element-d6cfe07 e-flex e-con-boxed e-con e-parent\" data-id=\"d6cfe07\" data-element_type=\"container\" data-e-type=\"container\">\n\t\t\t\t\t<div class=\"e-con-inner\">\n\t\t\t\t<div class=\"elementor-element elementor-element-2f6ffff elementor-widget elementor-widget-heading\" data-id=\"2f6ffff\" data-element_type=\"widget\" data-e-type=\"widget\" data-widget_type=\"heading.default\">\n\t\t\t\t\t<h2 class=\"elementor-heading-title elementor-size-default\">INFORMA\u00c7\u00d5ES<\/h2>\t\t\t\t<\/div>\n\t\t\t\t\t<\/div>\n\t\t\t\t<\/div>\n\t\t<div class=\"elementor-element elementor-element-6c5b3d5 e-flex e-con-boxed e-con e-parent\" data-id=\"6c5b3d5\" data-element_type=\"container\" data-e-type=\"container\">\n\t\t\t\t\t<div class=\"e-con-inner\">\n\t\t\t\t<div class=\"elementor-element elementor-element-0857b91 elementor-widget elementor-widget-n-accordion\" data-id=\"0857b91\" data-element_type=\"widget\" data-e-type=\"widget\" data-settings=\"{&quot;default_state&quot;:&quot;all_collapsed&quot;,&quot;max_items_expended&quot;:&quot;one&quot;,&quot;n_accordion_animation_duration&quot;:{&quot;unit&quot;:&quot;ms&quot;,&quot;size&quot;:400,&quot;sizes&quot;:[]}}\" data-widget_type=\"nested-accordion.default\">\n\t\t\t\t\t\t\t<div class=\"e-n-accordion\" aria-label=\"Accordion. Open links with Enter or Space, close with Escape, and navigate with Arrow Keys\">\n\t\t\t\t\t\t<details id=\"e-n-accordion-item-8740\" class=\"e-n-accordion-item\" >\n\t\t\t\t<summary class=\"e-n-accordion-item-title\" data-accordion-index=\"1\" tabindex=\"0\" aria-expanded=\"false\" aria-controls=\"e-n-accordion-item-8740\" >\n\t\t\t\t\t<span class='e-n-accordion-item-title-header'><div class=\"e-n-accordion-item-title-text\"> Atendimento <\/div><\/span>\n\t\t\t\t\t\t\t<span class='e-n-accordion-item-title-icon'>\n\t\t\t<span class='e-opened' ><svg aria-hidden=\"true\" class=\"e-font-icon-svg e-fas-minus\" viewBox=\"0 0 448 512\" xmlns=\"http:\/\/www.w3.org\/2000\/svg\"><path d=\"M416 208H32c-17.67 0-32 14.33-32 32v32c0 17.67 14.33 32 32 32h384c17.67 0 32-14.33 32-32v-32c0-17.67-14.33-32-32-32z\"><\/path><\/svg><\/span>\n\t\t\t<span class='e-closed'><svg aria-hidden=\"true\" class=\"e-font-icon-svg e-fas-plus\" viewBox=\"0 0 448 512\" xmlns=\"http:\/\/www.w3.org\/2000\/svg\"><path d=\"M416 208H272V64c0-17.67-14.33-32-32-32h-32c-17.67 0-32 14.33-32 32v144H32c-17.67 0-32 14.33-32 32v32c0 17.67 14.33 32 32 32h144v144c0 17.67 14.33 32 32 32h32c17.67 0 32-14.33 32-32V304h144c17.67 0 32-14.33 32-32v-32c0-17.67-14.33-32-32-32z\"><\/path><\/svg><\/span>\n\t\t<\/span>\n\n\t\t\t\t\t\t<\/summary>\n\t\t\t\t<div role=\"region\" aria-labelledby=\"e-n-accordion-item-8740\" class=\"elementor-element elementor-element-38e434b e-con-full e-flex e-con e-child\" data-id=\"38e434b\" data-element_type=\"container\" data-e-type=\"container\">\n\t\t\t\t<div class=\"elementor-element elementor-element-1367424 elementor-widget elementor-widget-text-editor\" data-id=\"1367424\" data-element_type=\"widget\" data-e-type=\"widget\" data-widget_type=\"text-editor.default\">\n\t\t\t\t\t\t\t\t\t<p><strong>Como Posso Ser Atendido:<\/strong> O paciente \u00e9 inicialmente avaliado em uma Unidade de Aten\u00e7\u00e3o B\u00e1sica do seu munic\u00edpio de origem, oportunidade em que, necessitando de tratamento especializado indicado por CD &#8211; Cirurgi\u00e3o Dentista, \u00e9 encaminhado \u00e0 Central de Odontologia, atrav\u00e9s de regula\u00e7\u00e3o, levada a efeito pela Central de Regula\u00e7\u00e3o da Secretaria Municipal de Sa\u00fade.<\/p><p><strong>Servi\u00e7o Social:<\/strong> A Unidade conta tamb\u00e9m com atendimento do Servi\u00e7o Social, onde s\u00e3o realizadas as caracteriza\u00e7\u00f5es sociais (com formul\u00e1rio padr\u00e3o SUS), o atendimento dos usu\u00e1rios no decorrer do tratamento (comparecimento, faltas, justificativas e outras demandas) e avalia\u00e7\u00e3o final ao t\u00e9rmino do tratamento, para levantamento do grau de satisfa\u00e7\u00e3o\/ insatisfa\u00e7\u00e3o do usu\u00e1rio.<\/p><p>H\u00e1 tamb\u00e9m o atendimento da Ouvidoria, onde s\u00e3o feitas sugest\u00f5es, cr\u00edticas, solicita\u00e7\u00f5es, den\u00fancias, elogios e afins.<\/p><p><strong>Servi\u00e7o de Avalia\u00e7\u00e3o e Qualidade &#8211; SAQ:<\/strong> Para dar mais agilidade e efici\u00eancia no atendimento aos pacientes, a Unidade possui um servi\u00e7o denominado SAQ (Servi\u00e7o de Avalia\u00e7\u00e3o e Qualidade), que realiza planos de tratamento e auditorias finais dos procedimentos realizados, garantindo ao paciente o atendimento de suas necessidades com um tratamento de qualidade humaniza\u00e7\u00e3o.<\/p>\t\t\t\t\t\t\t\t<\/div>\n\t\t\t\t<\/div>\n\t\t\t\t\t<\/details>\n\t\t\t\t\t\t<details id=\"e-n-accordion-item-8741\" class=\"e-n-accordion-item\" >\n\t\t\t\t<summary class=\"e-n-accordion-item-title\" data-accordion-index=\"2\" tabindex=\"-1\" aria-expanded=\"false\" aria-controls=\"e-n-accordion-item-8741\" >\n\t\t\t\t\t<span class='e-n-accordion-item-title-header'><div class=\"e-n-accordion-item-title-text\"> Especialidades <\/div><\/span>\n\t\t\t\t\t\t\t<span class='e-n-accordion-item-title-icon'>\n\t\t\t<span class='e-opened' ><svg aria-hidden=\"true\" class=\"e-font-icon-svg e-fas-minus\" viewBox=\"0 0 448 512\" xmlns=\"http:\/\/www.w3.org\/2000\/svg\"><path d=\"M416 208H32c-17.67 0-32 14.33-32 32v32c0 17.67 14.33 32 32 32h384c17.67 0 32-14.33 32-32v-32c0-17.67-14.33-32-32-32z\"><\/path><\/svg><\/span>\n\t\t\t<span class='e-closed'><svg aria-hidden=\"true\" class=\"e-font-icon-svg e-fas-plus\" viewBox=\"0 0 448 512\" xmlns=\"http:\/\/www.w3.org\/2000\/svg\"><path d=\"M416 208H272V64c0-17.67-14.33-32-32-32h-32c-17.67 0-32 14.33-32 32v144H32c-17.67 0-32 14.33-32 32v32c0 17.67 14.33 32 32 32h144v144c0 17.67 14.33 32 32 32h32c17.67 0 32-14.33 32-32V304h144c17.67 0 32-14.33 32-32v-32c0-17.67-14.33-32-32-32z\"><\/path><\/svg><\/span>\n\t\t<\/span>\n\n\t\t\t\t\t\t<\/summary>\n\t\t\t\t<div role=\"region\" aria-labelledby=\"e-n-accordion-item-8741\" class=\"elementor-element elementor-element-5588d0f e-con-full e-flex e-con e-child\" data-id=\"5588d0f\" data-element_type=\"container\" data-e-type=\"container\">\n\t\t\t\t<div class=\"elementor-element elementor-element-babf39f elementor-widget elementor-widget-text-editor\" data-id=\"babf39f\" data-element_type=\"widget\" data-e-type=\"widget\" data-widget_type=\"text-editor.default\">\n\t\t\t\t\t\t\t\t\t<p><strong>Radiologia:<\/strong> Realiza\u00e7\u00e3o de exames radiol\u00f3gicos odontol\u00f3gicos dos tipos Periapical, Oclusal, Panor\u00e2mica, Telerradiografia e Radiografia dos seios maxilares.<\/p><p><strong>Periondontia:<\/strong> Tratamento especializado na preven\u00e7\u00e3o, diagn\u00f3stico e tratamento das condi\u00e7\u00f5es e doen\u00e7as que acometem a gengiva e os tecidos de sustenta\u00e7\u00e3o do dente, atrav\u00e9s de procedimentos cl\u00ednicos e cir\u00fargicos.<\/p><p><strong>Entodontia:<\/strong> \u00c9 oferecido atendimento especializado no tratamento de canal de dentes anteriores e posteriores para usu\u00e1rios referenciados e regulados, de qualquer faixa et\u00e1ria.<\/p><p><strong>Implantodontia:<\/strong> Este programa pioneiro, foi criado para dar op\u00e7\u00e3o de tratamento para usu\u00e1rios desdentados, com grande perda \u00f3ssea do rebordo alveolar e assim, impossibilitados de serem reabilitados com pr\u00f3teses totais convencionais. Pelo seu alcance social foi reconhecido pelo Minist\u00e9rio da Sa\u00fade como um atendimento de excel\u00eancia e serviu de base para inclus\u00e3o deste procedimento dentro da tabela do Sistema \u00danico de Sa\u00fade. Todos os esfor\u00e7os est\u00e3o sendo evidenciados na atual gest\u00e3o para que o programa seja implementado.<\/p><p><strong>Reabilita\u00e7\u00e3o Oral:<\/strong> Os pacientes atendidos neste programa s\u00e3o reabilitados com pr\u00f3tese total e unit\u00e1ria \u00c9 um programa em que a maior parte dos pacientes apresentam idade superior a 50 anos para reabilita\u00e7\u00e3o com pr\u00f3tese total, e a reabilita\u00e7\u00e3o com pr\u00f3tese unit\u00e1ria tem faixa et\u00e1ria variada Todas as pr\u00f3teses s\u00e3o fabricadas no pr\u00f3prio laborat\u00f3rio da Unidade com equipe especializada.<\/p><p><strong>Pacientes Especiais:<\/strong> Este programa oferece atendimento ambulatorial especializado para Pacientes Portadores de Necessidades Especiais, no intuito de solucionar seus problemas dent\u00e1rios, melhorando assim, a qualidade de vida.<\/p><p>O atendimento \u00e9 diferenciado na assist\u00eancia, dada \u00e0s particularidades deste grupo de pacientes. Os profissionais s\u00e3o capacitados por cursos espec\u00edficos para prestar servi\u00e7os qualificados aos portadores de necessidades especiais que podem ser atendidos em ambulat\u00f3rio.<\/p><p><strong>Cirurgia Buco-Maxilo Facial:<\/strong> Este programa realiza cirurgias complexas de tecidos moles e duros da boca em n\u00edvel ambulatorial. \u00c9 destinado a todas as pessoas que necessitam desses servi\u00e7os, independentemente da faixa et\u00e1ria.<\/p><p><strong>Ortodontia Corretiva e Preventiva:\u00a0<\/strong>Este programa \u00e9 direcionado para pacientes com necessidade de tratamento de m\u00e1s oclus\u00f5es (dentes tortos). A parte Preventiva tem como princ\u00edpio a necessidade de diagn\u00f3stico precoce das m\u00e1s oclus\u00f5es, por meio das t\u00e9cnicas da Reabilita\u00e7\u00e3o Neuro Oclusal (RNO). Essa metodologia investiga as causas que produzem as m\u00e1s oclus\u00f5es, tentando eliminar estes transtornos tanto quanto poss\u00edvel ou revert\u00ea-los precocemente, ainda na denti\u00e7\u00e3o dec\u00eddua, direcionando o crescimento facial e favorecendo o adequado desenvolvimento da denti\u00e7\u00e3o permanente.<\/p><p>Tamb\u00e9m visa prevenir ou curar o desequil\u00edbrio ocasionado pela m\u00e1 oclus\u00e3o. A ortodontia Preventiva previne em cerca de 50% a necessidade de um tratamento ortod\u00f4ntico secund\u00e1rio.<\/p><p>Depois da erup\u00e7\u00e3o dos primeiros molares permanentes (na faixa de 6 anos), in\u00edcio da denti\u00e7\u00e3o mista, pode-se detectar problemas no posicionamento dos dentes e desarmonia entre as bases \u00f3sseas, que j\u00e1 exigem interven\u00e7\u00e3o da especialidade de Ortodontia Corretiva, que atende pacientes regulados e encaminhados pelas unidades b\u00e1sicas de sa\u00fade.<\/p><p><strong>Preven\u00e7\u00e3o e Diagn\u00f3stico de C\u00e2ncer Bucal:<\/strong> A Central de Odontologia desenvolve um trabalho permanente de diagn\u00f3stico de c\u00e2ncer bucal e de outras doen\u00e7as da boca, pois a literatura relata o alto \u00edndice de c\u00e2ncer bucal na popula\u00e7\u00e3o acima de 40 anos.<\/p>\t\t\t\t\t\t\t\t<\/div>\n\t\t\t\t<\/div>\n\t\t\t\t\t<\/details>\n\t\t\t\t\t<\/div>\n\t\t\t\t\t\t<\/div>\n\t\t\t\t\t<\/div>\n\t\t\t\t<\/div>\n\t\t\t\t<\/div>\n\t\t","protected":false},"excerpt":{"rendered":"<p>Diretoria Dire\u00e7\u00e3o Geral:\u00a0S\u00f4nia Chicarolli Silveira(62) 3201-7462 \/\u00a0sonia.silveira@goias.gov.br\u00a0 Dire\u00e7\u00e3o T\u00e9cnica:\u00a0&#8211; Dire\u00e7\u00e3o Administrativa:\u00a0Cla\u00fadia Cristina Cabral Caires(62) 3201-7462 \/\u00a0claudia.caires@goias.gov.br Localiza\u00e7\u00e3o R. 68, 500 \u2013 St. Central, Goi\u00e2nia \u2013 Goi\u00e1sCEP: 74055-100 O Centro Estadual de Odontologia Sebasti\u00e3o Alves Ribeiro \u00e9 uma Unidade de refer\u00eancia em Sa\u00fade Bucal da Secretaria Estadual de Sa\u00fade e habilitou-se ao Programa Brasil Sorridente do [&hellip;]<\/p>\n","protected":false},"author":7,"featured_media":0,"parent":0,"menu_order":0,"comment_status":"closed","ping_status":"closed","template":"","meta":{"footnotes":""},"class_list":["post-37976","page","type-page","status-publish","hentry"],"rttpg_featured_image_url":null,"rttpg_author":{"display_name":"gustavogoncalves","author_link":"https:\/\/goias.gov.br\/saude\/author\/gustavogoncalves\/"},"rttpg_comment":0,"rttpg_category":null,"rttpg_excerpt":"Diretoria Dire\u00e7\u00e3o Geral:\u00a0S\u00f4nia Chicarolli Silveira(62) 3201-7462 \/\u00a0sonia.silveira@goias.gov.br\u00a0 Dire\u00e7\u00e3o T\u00e9cnica:\u00a0&#8211; Dire\u00e7\u00e3o Administrativa:\u00a0Cla\u00fadia Cristina Cabral Caires(62) 3201-7462 \/\u00a0claudia.caires@goias.gov.br Localiza\u00e7\u00e3o R. 68, 500 \u2013 St. Central, Goi\u00e2nia \u2013 Goi\u00e1sCEP: 74055-100 O Centro Estadual de Odontologia Sebasti\u00e3o Alves Ribeiro \u00e9 uma Unidade de refer\u00eancia em Sa\u00fade Bucal da Secretaria Estadual de Sa\u00fade e habilitou-se ao Programa Brasil Sorridente do&hellip;","_links":{"self":[{"href":"https:\/\/goias.gov.br\/saude\/wp-json\/wp\/v2\/pages\/37976","targetHints":{"allow":["GET"]}}],"collection":[{"href":"https:\/\/goias.gov.br\/saude\/wp-json\/wp\/v2\/pages"}],"about":[{"href":"https:\/\/goias.gov.br\/saude\/wp-json\/wp\/v2\/types\/page"}],"author":[{"embeddable":true,"href":"https:\/\/goias.gov.br\/saude\/wp-json\/wp\/v2\/users\/7"}],"replies":[{"embeddable":true,"href":"https:\/\/goias.gov.br\/saude\/wp-json\/wp\/v2\/comments?post=37976"}],"version-history":[{"count":2,"href":"https:\/\/goias.gov.br\/saude\/wp-json\/wp\/v2\/pages\/37976\/revisions"}],"predecessor-version":[{"id":631128,"href":"https:\/\/goias.gov.br\/saude\/wp-json\/wp\/v2\/pages\/37976\/revisions\/631128"}],"wp:attachment":[{"href":"https:\/\/goias.gov.br\/saude\/wp-json\/wp\/v2\/media?parent=37976"}],"curies":[{"name":"wp","href":"https:\/\/api.w.org\/{rel}","templated":true}]}}