

{"id":37972,"date":"2023-12-06T09:43:23","date_gmt":"2023-12-06T12:43:23","guid":{"rendered":"https:\/\/siteshom.goias.gov.br\/saude\/?page_id=37972"},"modified":"2025-12-03T10:31:09","modified_gmt":"2025-12-03T13:31:09","slug":"renovacao-de-processos","status":"publish","type":"page","link":"https:\/\/goias.gov.br\/saude\/cemac-juarez-barbosa\/renovacao-de-processos\/","title":{"rendered":"Renova\u00e7\u00e3o de Processos"},"content":{"rendered":"\t\t<div data-elementor-type=\"wp-page\" data-elementor-id=\"37972\" class=\"elementor elementor-37972\">\n\t\t\t\t<div class=\"elementor-element elementor-element-0f553e3 e-flex e-con-boxed e-con e-parent\" data-id=\"0f553e3\" data-element_type=\"container\" data-e-type=\"container\">\n\t\t\t\t\t<div class=\"e-con-inner\">\n\t\t\t\t<div class=\"elementor-element elementor-element-842fa26 elementor-widget elementor-widget-html\" data-id=\"842fa26\" data-element_type=\"widget\" data-e-type=\"widget\" data-widget_type=\"html.default\">\n\t\t\t\t\t<div style=\"padding: 10px; background-color: #ededed; border-radius: 4px;\">\r\n<h4 style=\"text-align: center; background-color: #2da44a; color: #fff; margin: -10px -10px 0 -10px; border-top-right-radius: 4px; border-top-left-radius: 4px; padding: 10px 0;\"><i class=\"fa fa-exclamation-triangle\" aria-hidden=\"true\"><\/i> Importante<\/h4>\r\n<p style=\"text-align: center;\"><big>\r\nA renova\u00e7\u00e3o de processos acontece a cada 06 (seis) meses, caso haja necessidade de continuar o tratamento.\r\nEste prazo pode ser distinto a depender da doen\u00e7a\/agravo ou a crit\u00e9rio do Minist\u00e9rio da Sa\u00fade.<\/big><\/p>\r\n<\/div>\t\t\t\t<\/div>\n\t\t\t\t\t<\/div>\n\t\t\t\t<\/div>\n\t\t<div class=\"elementor-element elementor-element-9726116 e-flex e-con-boxed e-con e-parent\" data-id=\"9726116\" data-element_type=\"container\" data-e-type=\"container\">\n\t\t\t\t\t<div class=\"e-con-inner\">\n\t\t\t\t<div class=\"elementor-element elementor-element-2dd4003 elementor-widget elementor-widget-text-editor\" data-id=\"2dd4003\" data-element_type=\"widget\" data-e-type=\"widget\" data-widget_type=\"text-editor.default\">\n\t\t\t\t\t\t\t\t\t<div style=\"padding: 10px; background-color: #ededed; border-radius: 4px;\"><h4 style=\"text-align: center; background-color: #00549a; color: #fff; margin: -10px -10px 0 -10px; border-top-right-radius: 4px; border-top-left-radius: 4px; padding: 10px 0;\">Ao acessar o sistema voc\u00ea poder\u00e1 verificar as seguintes situa\u00e7\u00f5es:<\/h4><p>1) A pr\u00f3xima data de dispensa\u00e7\u00e3o de medicamentos agendada;<br \/>2) Verificar a \u00faltima dispensa\u00e7\u00e3o realizada;<br \/>3) Se o processo foi renovado;<br \/>4) Verificar os dados pessoais cadastrados;<br \/>5) Verificar os dados do M\u00e9dico cadastrado;<br \/>6) Imprimir o protocolo de recebimento de medicamentos;<br \/>7) Imprimir a LME pr\u00e9-preenchida para a renova\u00e7\u00e3o de processo.<\/p><p>No momento da Renova\u00e7\u00e3o do processo ser\u00e3o solicitados alguns documentos, s\u00e3o eles:<br \/>\u2022 Prescri\u00e7\u00e3o M\u00e9dica<br \/>\u2022 <a href=\"https:\/\/goias.gov.br\/saude\/wp-content\/uploads\/sites\/34\/2024\/01\/LMEvigente.pdf\" target=\"_blank\" rel=\"noopener\">LME (Laudo de Solicita\u00e7\u00e3o, Avalia\u00e7\u00e3o e Autoriza\u00e7\u00e3o de Medicamentos)<\/a><br \/>\u2022 Exames e\/ou Relat\u00f3rio M\u00e9dico (o tipo e a validade ir\u00e1 depender da doen\u00e7a\/agravo e do medicamento utilizado)<\/p><p>Antes de iniciar sua renova\u00e7\u00e3o, alguns dados s\u00e3o necess\u00e1rios para que se proceda de forma correta a solicita\u00e7\u00e3o, s\u00e3o eles:<br \/>\u2022 CPF do paciente<br \/>\u2022 Data de nascimento do paciente<br \/>\u2022 N\u00famero de processo* (Identifica o cadastro do paciente na Unidade)<br \/>\u2022 N\u00famero de protocolo* (Autoriza\u00e7\u00e3o de revalida\u00e7\u00e3o do tratamento por um per\u00edodo de tempo)<\/p><p><strong>Aten\u00e7\u00e3o: O n\u00famero de processo e o n\u00famero de protocolo pode ser obtido no recibo de dispensa\u00e7\u00e3o dado ao paciente.<\/strong><\/p><p>Aqui cabe ressaltar que um paciente pode ter um s\u00f3 n\u00famero de processo associado a v\u00e1rios n\u00fameros de protocolo, uma vez que, ele possui v\u00e1rias revalida\u00e7\u00f5es de seu tratamento.<br \/>Veja o v\u00eddeo abaixo, para tirar suas d\u00favidas, antes de iniciar o processo de renova\u00e7\u00e3o.<\/p><\/div>\t\t\t\t\t\t\t\t<\/div>\n\t\t\t\t\t<\/div>\n\t\t\t\t<\/div>\n\t\t<div class=\"elementor-element elementor-element-d937730 e-flex e-con-boxed e-con e-parent\" data-id=\"d937730\" data-element_type=\"container\" data-e-type=\"container\">\n\t\t\t\t\t<div class=\"e-con-inner\">\n\t\t\t\t<div class=\"elementor-element elementor-element-de8bace elementor-widget elementor-widget-html\" data-id=\"de8bace\" data-element_type=\"widget\" data-e-type=\"widget\" data-widget_type=\"html.default\">\n\t\t\t\t\t<!DOCTYPE html>\r\n<html lang=\"pt-br\" dir=\"ltr\">\r\n<head>\r\n  <meta http-equiv=\"Content-Type\" content=\"text\/html; charset=UTF-8\" \/>\r\n  <style>\r\n    \/* Estilos para desktop *\/\r\n    .container {\r\n      padding: 10px;\r\n    }\r\n\r\n    .section {\r\n      margin-bottom: 10px;\r\n    }\r\n\r\n    .title {\r\n      text-align: center;\r\n      margin: 0 0 24px;\r\n      color: #0c326f;\r\n      font-weight: 600;\r\n      font-size: 2.2rem;\r\n      line-height: 1.5;\r\n    }\r\n\r\n    .cards {\r\n      display: flex;\r\n      justify-content: space-evenly;\r\n      flex-wrap: wrap;\r\n      margin: 0;\r\n      padding: 0;\r\n      list-style: none;\r\n    }\r\n\r\n    .cards li {\r\n      background-color: #ededed;\r\n      box-shadow: 0 3px 6px 0 rgba(0, 0, 0, 0.16);\r\n      text-align: center;\r\n      flex-basis: 23%;\r\n      box-sizing: border-box;\r\n      min-height: 60px;\r\n      margin-bottom: 0.9em;\r\n      line-height: 1.2em;\r\n      display: list-item;\r\n    }\r\n\r\n    .cards li a {\r\n      display: flex;\r\n      justify-content: center;\r\n      align-items: center;\r\n      flex-direction: column;\r\n      width: 100%;\r\n      height: 100%;\r\n      color: #1351b4;\r\n      font-weight: 600;\r\n      text-decoration: none;\r\n    }\r\n\r\n    .cards li i,\r\n    .cards li span {\r\n      font-size: 10px;\r\n      margin-bottom: 30px;\r\n      color: #0c326f;\r\n      width: auto;\r\n      font-weight: 200;\r\n    }\r\n\r\n    .cards li .title {\r\n      font-size: 15px;\r\n      color: #0c326f;\r\n      font-weight: 500;\r\n      margin: 0;\r\n      text-transform: uppercase;\r\n    }\r\n\r\n    \/* Estilos para telas menores *\/\r\n    @media screen and (max-width: 768px) {\r\n      .cards {\r\n        gap: 20px; \/* Espa\u00e7amento entre os cards *\/\r\n        margin-top: 20px; \/* Margem superior para os cards *\/\r\n      }\r\n      .cards li {\r\n        flex-basis: calc(50% - 20px); \/* Tamanho dos cards com espa\u00e7amento *\/\r\n      }\r\n    }\r\n\r\n    @media screen and (max-width: 480px) {\r\n      .cards {\r\n        gap: 15px; \/* Espa\u00e7amento menor entre os cards *\/\r\n        margin-top: 15px; \/* Margem superior menor para os cards *\/\r\n      }\r\n      .cards li {\r\n        flex-basis: calc(100% - 30px); \/* Tamanho dos cards com espa\u00e7amento menor *\/\r\n      }\r\n    }\r\n  <\/style>\r\n<\/head>\r\n<body>\r\n  <div class=\"container\">\r\n    <div class=\"section\">\r\n      <div class=\"suvisa\">\r\n        \r\n        <ul class=\"cards\">\r\n         \r\n                <li>\r\n                    <a href=\"https:\/\/www.go.gov.br\/servicos\/servico-id\/1244\">\r\n\r\n                        <div class=\"title\">solicitar renova\u00e7\u00e3o de processo<\/div>\r\n                    <\/a>\r\n                <\/li>\r\n\r\n     <li>\r\n                    <a href=\"https:\/\/www.youtube.com\/watch?v=W80CLo2AyfM\">\r\n\r\n                        <div class=\"title\">v\u00eddeo orientativo<\/div>\r\n                    <\/a>\r\n                <\/li>\r\n                \r\n               \r\n\r\n  \r\n        <\/ul>\r\n      <\/div>\r\n    <\/div>\r\n  <\/div>\r\n<\/body>\r\n<\/html>\r\n\t\t\t\t<\/div>\n\t\t\t\t\t<\/div>\n\t\t\t\t<\/div>\n\t\t\t\t<\/div>\n\t\t","protected":false},"excerpt":{"rendered":"<p>Importante A renova\u00e7\u00e3o de processos acontece a cada 06 (seis) meses, caso haja necessidade de continuar o tratamento. Este prazo pode ser distinto a depender da doen\u00e7a\/agravo ou a crit\u00e9rio do Minist\u00e9rio da Sa\u00fade. Ao acessar o sistema voc\u00ea poder\u00e1 verificar as seguintes situa\u00e7\u00f5es: 1) A pr\u00f3xima data de dispensa\u00e7\u00e3o de medicamentos agendada;2) Verificar a [&hellip;]<\/p>\n","protected":false},"author":7,"featured_media":0,"parent":37408,"menu_order":0,"comment_status":"closed","ping_status":"closed","template":"","meta":{"footnotes":""},"class_list":["post-37972","page","type-page","status-publish","hentry"],"rttpg_featured_image_url":null,"rttpg_author":{"display_name":"gustavogoncalves","author_link":"https:\/\/goias.gov.br\/saude\/author\/gustavogoncalves\/"},"rttpg_comment":0,"rttpg_category":null,"rttpg_excerpt":"Importante A renova\u00e7\u00e3o de processos acontece a cada 06 (seis) meses, caso haja necessidade de continuar o tratamento. Este prazo pode ser distinto a depender da doen\u00e7a\/agravo ou a crit\u00e9rio do Minist\u00e9rio da Sa\u00fade. Ao acessar o sistema voc\u00ea poder\u00e1 verificar as seguintes situa\u00e7\u00f5es: 1) A pr\u00f3xima data de dispensa\u00e7\u00e3o de medicamentos agendada;2) Verificar a&hellip;","_links":{"self":[{"href":"https:\/\/goias.gov.br\/saude\/wp-json\/wp\/v2\/pages\/37972","targetHints":{"allow":["GET"]}}],"collection":[{"href":"https:\/\/goias.gov.br\/saude\/wp-json\/wp\/v2\/pages"}],"about":[{"href":"https:\/\/goias.gov.br\/saude\/wp-json\/wp\/v2\/types\/page"}],"author":[{"embeddable":true,"href":"https:\/\/goias.gov.br\/saude\/wp-json\/wp\/v2\/users\/7"}],"replies":[{"embeddable":true,"href":"https:\/\/goias.gov.br\/saude\/wp-json\/wp\/v2\/comments?post=37972"}],"version-history":[{"count":3,"href":"https:\/\/goias.gov.br\/saude\/wp-json\/wp\/v2\/pages\/37972\/revisions"}],"predecessor-version":[{"id":631499,"href":"https:\/\/goias.gov.br\/saude\/wp-json\/wp\/v2\/pages\/37972\/revisions\/631499"}],"up":[{"embeddable":true,"href":"https:\/\/goias.gov.br\/saude\/wp-json\/wp\/v2\/pages\/37408"}],"wp:attachment":[{"href":"https:\/\/goias.gov.br\/saude\/wp-json\/wp\/v2\/media?parent=37972"}],"curies":[{"name":"wp","href":"https:\/\/api.w.org\/{rel}","templated":true}]}}