

{"id":37954,"date":"2023-12-06T09:18:14","date_gmt":"2023-12-06T12:18:14","guid":{"rendered":"https:\/\/siteshom.goias.gov.br\/saude\/?page_id=37954"},"modified":"2025-12-02T11:39:36","modified_gmt":"2025-12-02T14:39:36","slug":"policlinica-estadual-da-regiao-nordeste-posse","status":"publish","type":"page","link":"https:\/\/goias.gov.br\/saude\/policlinica-estadual-da-regiao-nordeste-posse\/","title":{"rendered":"Policl\u00ednica Estadual da Regi\u00e3o Nordeste &#8211; Posse"},"content":{"rendered":"\t\t<div data-elementor-type=\"wp-page\" data-elementor-id=\"37954\" class=\"elementor elementor-37954\">\n\t\t\t\t<div class=\"elementor-element elementor-element-8d7ee77 e-flex e-con-boxed e-con e-parent\" data-id=\"8d7ee77\" data-element_type=\"container\" data-e-type=\"container\">\n\t\t\t\t\t<div class=\"e-con-inner\">\n\t\t\t\t<div class=\"elementor-element elementor-element-0d925ff elementor-widget elementor-widget-image\" data-id=\"0d925ff\" data-element_type=\"widget\" data-e-type=\"widget\" data-widget_type=\"image.default\">\n\t\t\t\t\t\t\t\t\t\t\t\t\t\t\t<img decoding=\"async\" src=\"https:\/\/goias.gov.br\/saude\/wp-content\/uploads\/sites\/34\/2019\/11\/policlinicaposse-359.png\" title=\"\" alt=\"\" loading=\"lazy\" \/>\t\t\t\t\t\t\t\t\t\t\t\t\t\t\t<\/div>\n\t\t\t\t\t<\/div>\n\t\t\t\t<\/div>\n\t\t<div class=\"elementor-element elementor-element-bd7fb6d e-flex e-con-boxed e-con e-parent\" data-id=\"bd7fb6d\" data-element_type=\"container\" data-e-type=\"container\">\n\t\t\t\t\t<div class=\"e-con-inner\">\n\t\t<div class=\"elementor-element elementor-element-1ce7c5b e-con-full e-flex e-con e-child\" data-id=\"1ce7c5b\" data-element_type=\"container\" data-e-type=\"container\">\n\t\t\t\t<div class=\"elementor-element elementor-element-d2b140e elementor-widget elementor-widget-text-editor\" data-id=\"d2b140e\" data-element_type=\"widget\" data-e-type=\"widget\" data-widget_type=\"text-editor.default\">\n\t\t\t\t\t\t\t\t\t<h4>Recep\u00e7\u00e3o<\/h4><p><strong>Telefone:<\/strong> (62) 3121-4111<\/p><p><strong>WhatsApp:<\/strong> (62) 3121-5418<\/p><h4 class=\"sppb-addon-title\">Diretoria<\/h4><p><strong>Coordena\u00e7\u00e3o:<\/strong> Kamylla Divina Brito do Carmo (62) 3481-1096 \/ <a href=\"mailto:kamylla.carmo@poli-posse.org.br\">kamylla.carmo@poli-posse.org.br<\/a><\/p><p><strong>M\u00e9dico RT:<\/strong> Dr. Diego Mendoza Gouveia (62) 3481-1096 \/ <a href=\"mailto:diego.gouveia@poli-posse.org.br\">diego.gouveia@poli-posse.org.br<\/a><\/p><p><u><\/u><strong>Enfermeira RT:<\/strong> Adrielly Nunes Silva (62) 3481-1096 \/ <a href=\"mailto:adrielly.silva@poli-posse.org.br\">adrielly.silva@poli-posse.org.br<\/a><\/p><p style=\"text-align: center;\"><a class=\"btn btn-primary btn-block\" href=\"https:\/\/poli-posse.org.br\/\" target=\"_blank\" rel=\"noopener\">Acesso \u00e0 Informa\u00e7\u00e3o da OS<\/a><\/p><h4>Localiza\u00e7\u00e3o<\/h4><p><a href=\"https:\/\/maps.app.goo.gl\/z7kqxpLLZHCBnMeNA\" target=\"_blank\" rel=\"noopener\"><span class=\"section-info-text\"><span class=\"widget-pane-link\">Av. Juscelino Kubitscheck de Oliveira &#8211; St. Buenos Aires, Posse &#8211; Goi\u00e1s. CEP: 73900-000<\/span><\/span><\/a><\/p>\t\t\t\t\t\t\t\t<\/div>\n\t\t\t\t<\/div>\n\t\t<div class=\"elementor-element elementor-element-37238df e-con-full e-flex e-con e-child\" data-id=\"37238df\" data-element_type=\"container\" data-e-type=\"container\">\n\t\t\t\t<div class=\"elementor-element elementor-element-aa59f69 elementor-widget elementor-widget-text-editor\" data-id=\"aa59f69\" data-element_type=\"widget\" data-e-type=\"widget\" data-widget_type=\"text-editor.default\">\n\t\t\t\t\t\t\t\t\t<p>\u00a0<\/p><p style=\"text-align: justify;\">A Policl\u00ednica Estadual da Regi\u00e3o Nordeste II \u2013 Posse \u00e9 uma unidade da Secretaria de Estado da Sa\u00fade de Goi\u00e1s (SES-GO), gerida pelo Instituto de Medicina, Estudos e Desenvolvimento (Imed). A policl\u00ednica \u00e9 especializada no apoio diagn\u00f3stico e orienta\u00e7\u00e3o terap\u00eautica, com servi\u00e7os de consultas cl\u00ednicas de diversas especialidades. Possui suporte para realiza\u00e7\u00e3o de exames gr\u00e1ficos e de imagem com fins diagn\u00f3sticos e oferta de pequenos procedimentos.<\/p><p style=\"text-align: justify;\">A policl\u00ednica \u00e9 uma unidade ambulatorial, onde realiza consultas, exames e terapias especializadas e Hemodi\u00e1lises de segunda a sexta-feira, das 7h \u00e0s 19h. Est\u00e1 configurada para prestar atendimento de alta resolutividade em consultas e exames, no mesmo dia, sempre que poss\u00edvel devidamente referenciado pelo Complexo Regulador Estadual (CRE).<\/p><p style=\"text-align: justify;\">Integra a Rede Estadual de Policl\u00ednicas de Goi\u00e1s, sendo respons\u00e1vel pelo atendimento de m\u00e9dia complexidade em Apoio Diagn\u00f3stico e orienta\u00e7\u00e3o terap\u00eautica. Tem a previs\u00e3o de 26 consult\u00f3rios destinados \u00e0 assist\u00eancia m\u00e9dica e multiprofissional, 16 salas para a execu\u00e7\u00e3o de exames de imagem, al\u00e9m de outros ambientes que poder\u00e3o ser organizados conforme a necessidade do fluxo de atendimento.<\/p>\t\t\t\t\t\t\t\t<\/div>\n\t\t\t\t<\/div>\n\t\t\t\t\t<\/div>\n\t\t\t\t<\/div>\n\t\t<div class=\"elementor-element elementor-element-8bc25c1 e-flex e-con-boxed e-con e-parent\" data-id=\"8bc25c1\" data-element_type=\"container\" data-e-type=\"container\">\n\t\t\t\t\t<div class=\"e-con-inner\">\n\t\t\t\t<div class=\"elementor-element elementor-element-942a0c6 elementor-widget elementor-widget-heading\" data-id=\"942a0c6\" data-element_type=\"widget\" data-e-type=\"widget\" data-widget_type=\"heading.default\">\n\t\t\t\t\t<h2 class=\"elementor-heading-title elementor-size-default\">INFORMA\u00c7\u00d5ES<\/h2>\t\t\t\t<\/div>\n\t\t\t\t<div class=\"elementor-element elementor-element-bc5ddf4 elementor-widget elementor-widget-n-accordion\" data-id=\"bc5ddf4\" data-element_type=\"widget\" data-e-type=\"widget\" data-settings=\"{&quot;default_state&quot;:&quot;all_collapsed&quot;,&quot;max_items_expended&quot;:&quot;one&quot;,&quot;n_accordion_animation_duration&quot;:{&quot;unit&quot;:&quot;ms&quot;,&quot;size&quot;:400,&quot;sizes&quot;:[]}}\" data-widget_type=\"nested-accordion.default\">\n\t\t\t\t\t\t\t<div class=\"e-n-accordion\" aria-label=\"Accordion. Open links with Enter or Space, close with Escape, and navigate with Arrow Keys\">\n\t\t\t\t\t\t<details id=\"e-n-accordion-item-1970\" class=\"e-n-accordion-item\" >\n\t\t\t\t<summary class=\"e-n-accordion-item-title\" data-accordion-index=\"1\" tabindex=\"0\" aria-expanded=\"false\" aria-controls=\"e-n-accordion-item-1970\" >\n\t\t\t\t\t<span class='e-n-accordion-item-title-header'><div class=\"e-n-accordion-item-title-text\"> Exames e Especialidades M\u00e9dicas <\/div><\/span>\n\t\t\t\t\t\t\t<span class='e-n-accordion-item-title-icon'>\n\t\t\t<span class='e-opened' ><svg aria-hidden=\"true\" class=\"e-font-icon-svg e-fas-angle-down\" viewBox=\"0 0 320 512\" xmlns=\"http:\/\/www.w3.org\/2000\/svg\"><path d=\"M143 352.3L7 216.3c-9.4-9.4-9.4-24.6 0-33.9l22.6-22.6c9.4-9.4 24.6-9.4 33.9 0l96.4 96.4 96.4-96.4c9.4-9.4 24.6-9.4 33.9 0l22.6 22.6c9.4 9.4 9.4 24.6 0 33.9l-136 136c-9.2 9.4-24.4 9.4-33.8 0z\"><\/path><\/svg><\/span>\n\t\t\t<span class='e-closed'><svg aria-hidden=\"true\" class=\"e-font-icon-svg e-fas-angle-right\" viewBox=\"0 0 256 512\" xmlns=\"http:\/\/www.w3.org\/2000\/svg\"><path d=\"M224.3 273l-136 136c-9.4 9.4-24.6 9.4-33.9 0l-22.6-22.6c-9.4-9.4-9.4-24.6 0-33.9l96.4-96.4-96.4-96.4c-9.4-9.4-9.4-24.6 0-33.9L54.3 103c9.4-9.4 24.6-9.4 33.9 0l136 136c9.5 9.4 9.5 24.6.1 34z\"><\/path><\/svg><\/span>\n\t\t<\/span>\n\n\t\t\t\t\t\t<\/summary>\n\t\t\t\t<div role=\"region\" aria-labelledby=\"e-n-accordion-item-1970\" class=\"elementor-element elementor-element-d47de1f e-con-full e-flex e-con e-child\" data-id=\"d47de1f\" data-element_type=\"container\" data-e-type=\"container\">\n\t\t\t\t<div class=\"elementor-element elementor-element-6009b61 elementor-widget elementor-widget-text-editor\" data-id=\"6009b61\" data-element_type=\"widget\" data-e-type=\"widget\" data-widget_type=\"text-editor.default\">\n\t\t\t\t\t\t\t\t\t<p><strong>Exames:<\/strong> Cistoscopia, Colonoscopia, Doppler Vascular, Ecocardiografia, Endoscopia Digestiva Alta, Holter\/Mapa, Mamografia, Mapeamento de Retina, Patologia Cl\u00ednica, Radiologia, Resson\u00e2ncia Magn\u00e9tica, Teste Ergom\u00e9trico, Tomografia, Tonometria e Ultrassonografia.<\/p><p><strong>Especialidades M\u00e9dicas:<\/strong> Cardiologia, Cl\u00ednico Geral, Dermatologia, Endocrinologia\/Metabologia, Ginecologia\/Obstetr\u00edcia, Obstetr\u00edcia de Alto Risco, Hematologia, Mastologia, Nefrologia, Neurologia, Oftalmologia, Ortopedia e Traumatologia, Otorrinolaringologia, Pediatria de Alto Risco, Pneumologia\/Tisiologia, Urologia, Reumatologia, Angiologia, Infectologia e Psiquiatria, Psicologia, Nutri\u00e7\u00e3o, Farmac\u00eautico, Fisioterapia, Servi\u00e7o Social, Odontologia.<\/p>\t\t\t\t\t\t\t\t<\/div>\n\t\t\t\t<\/div>\n\t\t\t\t\t<\/details>\n\t\t\t\t\t\t<details id=\"e-n-accordion-item-1971\" class=\"e-n-accordion-item\" >\n\t\t\t\t<summary class=\"e-n-accordion-item-title\" data-accordion-index=\"2\" tabindex=\"-1\" aria-expanded=\"false\" aria-controls=\"e-n-accordion-item-1971\" >\n\t\t\t\t\t<span class='e-n-accordion-item-title-header'><div class=\"e-n-accordion-item-title-text\"> Recursos Humanos <\/div><\/span>\n\t\t\t\t\t\t\t<span class='e-n-accordion-item-title-icon'>\n\t\t\t<span class='e-opened' ><svg aria-hidden=\"true\" class=\"e-font-icon-svg e-fas-angle-down\" viewBox=\"0 0 320 512\" xmlns=\"http:\/\/www.w3.org\/2000\/svg\"><path d=\"M143 352.3L7 216.3c-9.4-9.4-9.4-24.6 0-33.9l22.6-22.6c9.4-9.4 24.6-9.4 33.9 0l96.4 96.4 96.4-96.4c9.4-9.4 24.6-9.4 33.9 0l22.6 22.6c9.4 9.4 9.4 24.6 0 33.9l-136 136c-9.2 9.4-24.4 9.4-33.8 0z\"><\/path><\/svg><\/span>\n\t\t\t<span class='e-closed'><svg aria-hidden=\"true\" class=\"e-font-icon-svg e-fas-angle-right\" viewBox=\"0 0 256 512\" xmlns=\"http:\/\/www.w3.org\/2000\/svg\"><path d=\"M224.3 273l-136 136c-9.4 9.4-24.6 9.4-33.9 0l-22.6-22.6c-9.4-9.4-9.4-24.6 0-33.9l96.4-96.4-96.4-96.4c-9.4-9.4-9.4-24.6 0-33.9L54.3 103c9.4-9.4 24.6-9.4 33.9 0l136 136c9.5 9.4 9.5 24.6.1 34z\"><\/path><\/svg><\/span>\n\t\t<\/span>\n\n\t\t\t\t\t\t<\/summary>\n\t\t\t\t<div role=\"region\" aria-labelledby=\"e-n-accordion-item-1971\" class=\"elementor-element elementor-element-5e5dd3d e-con-full e-flex e-con e-child\" data-id=\"5e5dd3d\" data-element_type=\"container\" data-e-type=\"container\">\n\t\t\t\t<div class=\"elementor-element elementor-element-008e9c7 elementor-widget elementor-widget-text-editor\" data-id=\"008e9c7\" data-element_type=\"widget\" data-e-type=\"widget\" data-widget_type=\"text-editor.default\">\n\t\t\t\t\t\t\t\t\t<p>79 colaboradores<\/p>\t\t\t\t\t\t\t\t<\/div>\n\t\t\t\t<\/div>\n\t\t\t\t\t<\/details>\n\t\t\t\t\t\t<details id=\"e-n-accordion-item-1972\" class=\"e-n-accordion-item\" >\n\t\t\t\t<summary class=\"e-n-accordion-item-title\" data-accordion-index=\"3\" tabindex=\"-1\" aria-expanded=\"false\" aria-controls=\"e-n-accordion-item-1972\" >\n\t\t\t\t\t<span class='e-n-accordion-item-title-header'><div class=\"e-n-accordion-item-title-text\"> Est\u00e1gio <\/div><\/span>\n\t\t\t\t\t\t\t<span class='e-n-accordion-item-title-icon'>\n\t\t\t<span class='e-opened' ><svg aria-hidden=\"true\" class=\"e-font-icon-svg e-fas-angle-down\" viewBox=\"0 0 320 512\" xmlns=\"http:\/\/www.w3.org\/2000\/svg\"><path d=\"M143 352.3L7 216.3c-9.4-9.4-9.4-24.6 0-33.9l22.6-22.6c9.4-9.4 24.6-9.4 33.9 0l96.4 96.4 96.4-96.4c9.4-9.4 24.6-9.4 33.9 0l22.6 22.6c9.4 9.4 9.4 24.6 0 33.9l-136 136c-9.2 9.4-24.4 9.4-33.8 0z\"><\/path><\/svg><\/span>\n\t\t\t<span class='e-closed'><svg aria-hidden=\"true\" class=\"e-font-icon-svg e-fas-angle-right\" viewBox=\"0 0 256 512\" xmlns=\"http:\/\/www.w3.org\/2000\/svg\"><path d=\"M224.3 273l-136 136c-9.4 9.4-24.6 9.4-33.9 0l-22.6-22.6c-9.4-9.4-9.4-24.6 0-33.9l96.4-96.4-96.4-96.4c-9.4-9.4-9.4-24.6 0-33.9L54.3 103c9.4-9.4 24.6-9.4 33.9 0l136 136c9.5 9.4 9.5 24.6.1 34z\"><\/path><\/svg><\/span>\n\t\t<\/span>\n\n\t\t\t\t\t\t<\/summary>\n\t\t\t\t<div role=\"region\" aria-labelledby=\"e-n-accordion-item-1972\" class=\"elementor-element elementor-element-ba83bbc e-con-full e-flex e-con e-child\" data-id=\"ba83bbc\" data-element_type=\"container\" data-e-type=\"container\">\n\t\t\t\t<div class=\"elementor-element elementor-element-2f5d572 elementor-widget elementor-widget-text-editor\" data-id=\"2f5d572\" data-element_type=\"widget\" data-e-type=\"widget\" data-widget_type=\"text-editor.default\">\n\t\t\t\t\t\t\t\t\t<p>Vagas para est\u00e1gios por meio da Escola de Sa\u00fade P\u00fablica.<\/p>\t\t\t\t\t\t\t\t<\/div>\n\t\t\t\t<\/div>\n\t\t\t\t\t<\/details>\n\t\t\t\t\t\t<details id=\"e-n-accordion-item-1973\" class=\"e-n-accordion-item\" >\n\t\t\t\t<summary class=\"e-n-accordion-item-title\" data-accordion-index=\"4\" tabindex=\"-1\" aria-expanded=\"false\" aria-controls=\"e-n-accordion-item-1973\" >\n\t\t\t\t\t<span class='e-n-accordion-item-title-header'><div class=\"e-n-accordion-item-title-text\"> Ouvidoria <\/div><\/span>\n\t\t\t\t\t\t\t<span class='e-n-accordion-item-title-icon'>\n\t\t\t<span class='e-opened' ><svg aria-hidden=\"true\" class=\"e-font-icon-svg e-fas-angle-down\" viewBox=\"0 0 320 512\" xmlns=\"http:\/\/www.w3.org\/2000\/svg\"><path d=\"M143 352.3L7 216.3c-9.4-9.4-9.4-24.6 0-33.9l22.6-22.6c9.4-9.4 24.6-9.4 33.9 0l96.4 96.4 96.4-96.4c9.4-9.4 24.6-9.4 33.9 0l22.6 22.6c9.4 9.4 9.4 24.6 0 33.9l-136 136c-9.2 9.4-24.4 9.4-33.8 0z\"><\/path><\/svg><\/span>\n\t\t\t<span class='e-closed'><svg aria-hidden=\"true\" class=\"e-font-icon-svg e-fas-angle-right\" viewBox=\"0 0 256 512\" xmlns=\"http:\/\/www.w3.org\/2000\/svg\"><path d=\"M224.3 273l-136 136c-9.4 9.4-24.6 9.4-33.9 0l-22.6-22.6c-9.4-9.4-9.4-24.6 0-33.9l96.4-96.4-96.4-96.4c-9.4-9.4-9.4-24.6 0-33.9L54.3 103c9.4-9.4 24.6-9.4 33.9 0l136 136c9.5 9.4 9.5 24.6.1 34z\"><\/path><\/svg><\/span>\n\t\t<\/span>\n\n\t\t\t\t\t\t<\/summary>\n\t\t\t\t<div role=\"region\" aria-labelledby=\"e-n-accordion-item-1973\" class=\"elementor-element elementor-element-6b3ffbf e-con-full e-flex e-con e-child\" data-id=\"6b3ffbf\" data-element_type=\"container\" data-e-type=\"container\">\n\t\t\t\t<div class=\"elementor-element elementor-element-3ef0fef elementor-widget elementor-widget-text-editor\" data-id=\"3ef0fef\" data-element_type=\"widget\" data-e-type=\"widget\" data-widget_type=\"text-editor.default\">\n\t\t\t\t\t\t\t\t\t<div style=\"text-align: justify;\">A Ouvidoria da Policl\u00ednica Estadual da Regi\u00e3o Nordeste \u2013 Posse, tem por objetivo intermediar a rela\u00e7\u00e3o usu\u00e1rios e a Gest\u00e3o, desta forma, garantir que o direito de ambos seja exercido e tratado adequadamente. T\u00eam a atribui\u00e7\u00e3o de receber as manifesta\u00e7\u00f5es encaminhadas pelos usu\u00e1rios da Policl\u00ednica e lev\u00e1-las ao conhecimento de cada respons\u00e1vel pelos setores competentes, para as devidas provid\u00eancias.<\/div><div><p style=\"text-align: justify;\">Desta forma, todas as manifesta\u00e7\u00f5es de reclama\u00e7\u00f5es, elogios, sugest\u00f5es, solicita\u00e7\u00f5es, den\u00fancias e demais pronunciamentos de usu\u00e1rios, s\u00e3o registradas no Sistema OuvidorSuS. Ap\u00f3s o devido acolhimento e escuta ao usu\u00e1rio, as manifesta\u00e7\u00f5es s\u00e3o registradas, analisadas, classificadas, tipificadas e encaminhadas para o setor respons\u00e1vel, que acompanha o desenrolar at\u00e9 o retorno ao cidad\u00e3o e a finaliza\u00e7\u00e3o da manifesta\u00e7\u00e3o.<\/p><\/div><div style=\"text-align: justify;\">Nome da Ouvidora: Glaucia Rodrigues Vieira<\/div><div style=\"text-align: justify;\">Telefone: (62) 3121-4111<\/div><div>WhatsApp: (62) 3121-5418<\/div>\t\t\t\t\t\t\t\t<\/div>\n\t\t\t\t<\/div>\n\t\t\t\t\t<\/details>\n\t\t\t\t\t<\/div>\n\t\t\t\t\t\t<\/div>\n\t\t\t\t\t<\/div>\n\t\t\t\t<\/div>\n\t\t\t\t<\/div>\n\t\t","protected":false},"excerpt":{"rendered":"<p>Recep\u00e7\u00e3o Telefone: (62) 3121-4111 WhatsApp: (62) 3121-5418 Diretoria Coordena\u00e7\u00e3o: Kamylla Divina Brito do Carmo (62) 3481-1096 \/ kamylla.carmo@poli-posse.org.br M\u00e9dico RT: Dr. Diego Mendoza Gouveia (62) 3481-1096 \/ diego.gouveia@poli-posse.org.br Enfermeira RT: Adrielly Nunes Silva (62) 3481-1096 \/ adrielly.silva@poli-posse.org.br Acesso \u00e0 Informa\u00e7\u00e3o da OS Localiza\u00e7\u00e3o Av. Juscelino Kubitscheck de Oliveira &#8211; St. Buenos Aires, Posse &#8211; Goi\u00e1s. [&hellip;]<\/p>\n","protected":false},"author":7,"featured_media":0,"parent":0,"menu_order":0,"comment_status":"closed","ping_status":"closed","template":"","meta":{"footnotes":""},"class_list":["post-37954","page","type-page","status-publish","hentry"],"rttpg_featured_image_url":null,"rttpg_author":{"display_name":"gustavogoncalves","author_link":"https:\/\/goias.gov.br\/saude\/author\/gustavogoncalves\/"},"rttpg_comment":0,"rttpg_category":null,"rttpg_excerpt":"Recep\u00e7\u00e3o Telefone: (62) 3121-4111 WhatsApp: (62) 3121-5418 Diretoria Coordena\u00e7\u00e3o: Kamylla Divina Brito do Carmo (62) 3481-1096 \/ kamylla.carmo@poli-posse.org.br M\u00e9dico RT: Dr. Diego Mendoza Gouveia (62) 3481-1096 \/ diego.gouveia@poli-posse.org.br Enfermeira RT: Adrielly Nunes Silva (62) 3481-1096 \/ adrielly.silva@poli-posse.org.br Acesso \u00e0 Informa\u00e7\u00e3o da OS Localiza\u00e7\u00e3o Av. Juscelino Kubitscheck de Oliveira &#8211; St. Buenos Aires, Posse &#8211; Goi\u00e1s.&hellip;","_links":{"self":[{"href":"https:\/\/goias.gov.br\/saude\/wp-json\/wp\/v2\/pages\/37954","targetHints":{"allow":["GET"]}}],"collection":[{"href":"https:\/\/goias.gov.br\/saude\/wp-json\/wp\/v2\/pages"}],"about":[{"href":"https:\/\/goias.gov.br\/saude\/wp-json\/wp\/v2\/types\/page"}],"author":[{"embeddable":true,"href":"https:\/\/goias.gov.br\/saude\/wp-json\/wp\/v2\/users\/7"}],"replies":[{"embeddable":true,"href":"https:\/\/goias.gov.br\/saude\/wp-json\/wp\/v2\/comments?post=37954"}],"version-history":[{"count":3,"href":"https:\/\/goias.gov.br\/saude\/wp-json\/wp\/v2\/pages\/37954\/revisions"}],"predecessor-version":[{"id":623690,"href":"https:\/\/goias.gov.br\/saude\/wp-json\/wp\/v2\/pages\/37954\/revisions\/623690"}],"wp:attachment":[{"href":"https:\/\/goias.gov.br\/saude\/wp-json\/wp\/v2\/media?parent=37954"}],"curies":[{"name":"wp","href":"https:\/\/api.w.org\/{rel}","templated":true}]}}