

{"id":37914,"date":"2023-12-05T16:29:01","date_gmt":"2023-12-05T19:29:01","guid":{"rendered":"https:\/\/siteshom.goias.gov.br\/saude\/superintendente-de-tecnologia-e-inovacao\/"},"modified":"2025-12-02T16:03:15","modified_gmt":"2025-12-02T19:03:15","slug":"superintendencia-de-tecnologia-inovacao-e-saude-digital","status":"publish","type":"page","link":"https:\/\/goias.gov.br\/saude\/superintendencia-de-tecnologia-inovacao-e-saude-digital\/","title":{"rendered":"Superintend\u00eancia de Tecnologia, Inova\u00e7\u00e3o e Sa\u00fade Digital"},"content":{"rendered":"\t\t<div data-elementor-type=\"wp-page\" data-elementor-id=\"37914\" class=\"elementor elementor-37914\">\n\t\t\t\t<div class=\"elementor-element elementor-element-df34cb8 e-flex e-con-boxed e-con e-parent\" data-id=\"df34cb8\" data-element_type=\"container\" data-e-type=\"container\">\n\t\t\t\t\t<div class=\"e-con-inner\">\n\t\t<div class=\"elementor-element elementor-element-4a94dfc e-con-full e-flex e-con e-child\" data-id=\"4a94dfc\" data-element_type=\"container\" data-e-type=\"container\">\n\t\t\t\t<div class=\"elementor-element elementor-element-b563d24 elementor-widget elementor-widget-text-editor\" data-id=\"b563d24\" data-element_type=\"widget\" data-e-type=\"widget\" data-widget_type=\"text-editor.default\">\n\t\t\t\t\t\t\t\t\t<h3 class=\"sppb-addon-title\">Superintendente<\/h3><div class=\"sppb-addon-content\"><p><strong>Luiselena Luna Esmeraldo<\/strong><br \/>(62) 3201-7763<br \/><a href=\"mailto:luiselena.esmeraldo@goias.gov.br\">luiselena.esmeraldo@goias.gov.br<\/a><\/p><\/div><p><a class=\"btn btn-primary btn-block\" href=\"https:\/\/goias.gov.br\/saude\/wp-content\/uploads\/sites\/34\/sutis\/lista-contatos-sutis.pdf\" target=\"_blank\" rel=\"noopener\">Lista de contatos Sutis<\/a><\/p><div class=\"sppb-addon-content\"><p><strong>Localiza\u00e7\u00e3o:<br \/><\/strong><a href=\"https:\/\/maps.app.goo.gl\/PgPGUEBjn4Faj9iW7\" target=\"_blank\" rel=\"noopener\">Av. SC 1 n\u00ba 299 &#8211; Parque Santa Cruz <br \/>Goi\u00e2nia &#8211; GO<br \/>CEP: 74.860-260<\/a><\/p><\/div><div class=\"sppb-addon-content\">\u00a0<\/div>\t\t\t\t\t\t\t\t<\/div>\n\t\t\t\t<\/div>\n\t\t<div class=\"elementor-element elementor-element-fe28dc0 e-con-full e-flex e-con e-child\" data-id=\"fe28dc0\" data-element_type=\"container\" data-e-type=\"container\">\n\t\t\t\t<div class=\"elementor-element elementor-element-2f4be4c elementor-widget elementor-widget-text-editor\" data-id=\"2f4be4c\" data-element_type=\"widget\" data-e-type=\"widget\" data-widget_type=\"text-editor.default\">\n\t\t\t\t\t\t\t\t\t<p style=\"text-align: justify;\">A Superintend\u00eancia de Tecnologia, Inova\u00e7\u00e3o e Sa\u00fade Digital (Sutis) comp\u00f5e a governan\u00e7a da Secretaria de Estado de Sa\u00fade de Goi\u00e1s, diretamente ligada \u00e0 Subsecretaria de de Inova\u00e7\u00e3o, Planejamento, Educa\u00e7\u00e3o e Infraestrutura.<\/p><p style=\"text-align: justify;\">A Sutis \u00e9 respons\u00e1vel pela moderniza\u00e7\u00e3o e transforma\u00e7\u00e3o digital dos servi\u00e7os de sa\u00fade no estado, utilizando tecnologia e inova\u00e7\u00e3o para melhorar a qualidade e a efici\u00eancia dos servi\u00e7os prestados e apresentar solu\u00e7\u00f5es tanto aos pacientes quanto aos profissionais de sa\u00fade.<\/p><p style=\"text-align: justify;\">Dentre suas atribui\u00e7\u00f5es est\u00e3o garantir que as infraestruturas e os sistemas de TI operem de forma eficiente, segura e integrada, o que inclui desde a manuten\u00e7\u00e3o de redes e servidores at\u00e9 a implementa\u00e7\u00e3o de sistemas de gest\u00e3o hospitalar e de gest\u00e3o administrativa; fomentar a ado\u00e7\u00e3o de novas tecnologias e solu\u00e7\u00f5es inovadoras que possam transformar a forma como os servi\u00e7os de sa\u00fade s\u00e3o prestados e implementar e monitorar a transforma\u00e7\u00e3o digital no estado, a digitaliza\u00e7\u00e3o de processos e servi\u00e7os, o aumento da acessibilidade e da efici\u00eancia atrav\u00e9s de solu\u00e7\u00f5es digitais.<\/p>\t\t\t\t\t\t\t\t<\/div>\n\t\t\t\t<\/div>\n\t\t\t\t\t<\/div>\n\t\t\t\t<\/div>\n\t\t<div class=\"elementor-element elementor-element-a3dcc96 e-flex e-con-boxed e-con e-parent\" data-id=\"a3dcc96\" data-element_type=\"container\" data-e-type=\"container\">\n\t\t\t\t\t<div class=\"e-con-inner\">\n\t\t\t\t<div class=\"elementor-element elementor-element-a8c16a6 elementor-widget elementor-widget-html\" data-id=\"a8c16a6\" data-element_type=\"widget\" data-e-type=\"widget\" data-widget_type=\"html.default\">\n\t\t\t\t\t<!DOCTYPE html>\r\n<html lang=\"pt-br\" dir=\"ltr\">\r\n<head>\r\n  <meta http-equiv=\"Content-Type\" content=\"text\/html; charset=UTF-8\" \/>\r\n  <style>\r\n    \/* Estilos para desktop *\/\r\n    .container {\r\n      padding: 20px;\r\n    }\r\n\r\n    .section {\r\n      margin-bottom: 40px;\r\n    }\r\n\r\n    .title {\r\n      text-align: center;\r\n      margin: 0 0 24px;\r\n      color: #0c326f;\r\n      font-weight: 600;\r\n      font-size: 2.7rem;\r\n      line-height: 1.5;\r\n    }\r\n\r\n    .cards {\r\n      display: flex;\r\n      justify-content: ;\r\n      flex-wrap: wrap;\r\n      margin: 0;\r\n      padding: 0;\r\n      list-style: none;\r\n    }\r\n\r\n    .cards li {\r\n      background-color: #ededed;\r\n      box-shadow: 0 3px 6px 0 rgba(0, 0, 0, 0.16);\r\n      text-align: center;\r\n      flex-basis: 23%;\r\n      box-sizing: border-box;\r\n      min-height: 230px;\r\n      margin-bottom: 1.2em;\r\n      line-height: 1.5em;\r\n      display: list-item;\r\n    }\r\n\r\n    .cards li a {\r\n      display: flex;\r\n      justify-content: center;\r\n      align-items: center;\r\n      flex-direction: column;\r\n      width: 100%;\r\n      height: 100%;\r\n      color: #1351b4;\r\n      font-weight: 500;\r\n      text-decoration: none;\r\n    }\r\n\r\n    .cards li i,\r\n    .cards li span {\r\n      font-size: 50px;\r\n      margin-bottom: 30px;\r\n      color: #0c326f;\r\n      width: auto;\r\n      font-weight: 900;\r\n    }\r\n\r\n    .cards li .title {\r\n      font-size: 20px;\r\n      color: #0c326f;\r\n      font-weight: 600;\r\n      margin: 0;\r\n      text-transform: uppercase;\r\n    }\r\n\r\n    \/* Estilos para telas menores *\/\r\n    @media screen and (max-width: 768px) {\r\n      .cards {\r\n        gap: 20px; \/* Espa\u00e7amento entre os cards *\/\r\n        margin-top: 20px; margin-bottom: 20px;\/* Margem superior para os cards *\/\r\n      }\r\n      .cards li {\r\n        flex-basis: calc(50% - 20px); \/* Tamanho dos cards com espa\u00e7amento *\/\r\n      }\r\n    }\r\n\r\n    @media screen and (max-width: 480px) {\r\n      .cards {\r\n        gap: 15px; \/* Espa\u00e7amento menor entre os cards *\/\r\n        margin-top: 15px; margin-bottom: 20px; \/* Margem superior menor para os cards *\/\r\n      }\r\n      .cards li {\r\n        flex-basis: calc(100% - 30px); \/* Tamanho dos cards com espa\u00e7amento menor *\/\r\n      }\r\n    }\r\n  <\/style>\r\n\t<div class=\"container\">\r\n        <div class=\"escola\">\r\n            \r\n            <div class=\"title-header\">\r\n               \r\n            <\/div>\r\n            <ul class=\"cards\">\r\n                <li>\r\n                    <a href=\"https:\/\/processos.saude.go.gov.br\/sutin\/recebimento-demandas-sutis\/#list\" target=\"_blank\">\r\n                        <span class=\"fa-solid fa-network-wired\"><\/span>\r\n                        <div class=\"title\">Fluxo Procedimental de Recebimento e Prioriza\u00e7\u00e3o de Demandas<\/div>\r\n                    <\/a>\r\n                <\/li>\r\n               \r\n                   \r\n            <\/ul>\r\n        <\/div>\r\n\t<\/div>\r\n\t\t\t\t<\/div>\n\t\t\t\t\t<\/div>\n\t\t\t\t<\/div>\n\t\t<div class=\"elementor-element elementor-element-1ff79aa e-flex e-con-boxed e-con e-parent\" data-id=\"1ff79aa\" data-element_type=\"container\" data-e-type=\"container\">\n\t\t\t\t\t<div class=\"e-con-inner\">\n\t\t\t\t<div class=\"elementor-element elementor-element-a3529eb elementor-widget elementor-widget-heading\" data-id=\"a3529eb\" data-element_type=\"widget\" data-e-type=\"widget\" data-widget_type=\"heading.default\">\n\t\t\t\t\t<h2 class=\"elementor-heading-title elementor-size-default\">Ger\u00eancias<\/h2>\t\t\t\t<\/div>\n\t\t\t\t<div class=\"elementor-element elementor-element-70413d9 elementor-widget elementor-widget-n-accordion\" data-id=\"70413d9\" data-element_type=\"widget\" data-e-type=\"widget\" data-settings=\"{&quot;default_state&quot;:&quot;all_collapsed&quot;,&quot;max_items_expended&quot;:&quot;one&quot;,&quot;n_accordion_animation_duration&quot;:{&quot;unit&quot;:&quot;ms&quot;,&quot;size&quot;:400,&quot;sizes&quot;:[]}}\" data-widget_type=\"nested-accordion.default\">\n\t\t\t\t\t\t\t<div class=\"e-n-accordion\" aria-label=\"Accordion. Open links with Enter or Space, close with Escape, and navigate with Arrow Keys\">\n\t\t\t\t\t\t<details id=\"e-n-accordion-item-1170\" class=\"e-n-accordion-item\" >\n\t\t\t\t<summary class=\"e-n-accordion-item-title\" data-accordion-index=\"1\" tabindex=\"0\" aria-expanded=\"false\" aria-controls=\"e-n-accordion-item-1170\" >\n\t\t\t\t\t<span class='e-n-accordion-item-title-header'><div class=\"e-n-accordion-item-title-text\"> Ger\u00eancia de Tecnologia <\/div><\/span>\n\t\t\t\t\t\t\t<span class='e-n-accordion-item-title-icon'>\n\t\t\t<span class='e-opened' ><svg aria-hidden=\"true\" class=\"e-font-icon-svg e-fas-angle-down\" viewBox=\"0 0 320 512\" xmlns=\"http:\/\/www.w3.org\/2000\/svg\"><path d=\"M143 352.3L7 216.3c-9.4-9.4-9.4-24.6 0-33.9l22.6-22.6c9.4-9.4 24.6-9.4 33.9 0l96.4 96.4 96.4-96.4c9.4-9.4 24.6-9.4 33.9 0l22.6 22.6c9.4 9.4 9.4 24.6 0 33.9l-136 136c-9.2 9.4-24.4 9.4-33.8 0z\"><\/path><\/svg><\/span>\n\t\t\t<span class='e-closed'><svg aria-hidden=\"true\" class=\"e-font-icon-svg e-fas-angle-right\" viewBox=\"0 0 256 512\" xmlns=\"http:\/\/www.w3.org\/2000\/svg\"><path d=\"M224.3 273l-136 136c-9.4 9.4-24.6 9.4-33.9 0l-22.6-22.6c-9.4-9.4-9.4-24.6 0-33.9l96.4-96.4-96.4-96.4c-9.4-9.4-9.4-24.6 0-33.9L54.3 103c9.4-9.4 24.6-9.4 33.9 0l136 136c9.5 9.4 9.5 24.6.1 34z\"><\/path><\/svg><\/span>\n\t\t<\/span>\n\n\t\t\t\t\t\t<\/summary>\n\t\t\t\t<div role=\"region\" aria-labelledby=\"e-n-accordion-item-1170\" class=\"elementor-element elementor-element-1a13359 e-con-full e-flex e-con e-child\" data-id=\"1a13359\" data-element_type=\"container\" data-e-type=\"container\">\n\t\t\t\t<div class=\"elementor-element elementor-element-45540a5 elementor-widget elementor-widget-text-editor\" data-id=\"45540a5\" data-element_type=\"widget\" data-e-type=\"widget\" data-widget_type=\"text-editor.default\">\n\t\t\t\t\t\t\t\t\t<p>Compete \u00e0 Ger\u00eancia de Tecnologia:<br \/>I &#8211; prestar assessoramento t\u00e9cnico em Tecnologia da Informa\u00e7\u00e3o<br \/>\u00e0s unidades que comp\u00f5em a SES-GO, sob a forma de estudos,<br \/>pesquisas, levantamentos, avalia\u00e7\u00f5es, exposi\u00e7\u00e3o de motivos, representa\u00e7\u00f5es<br \/>e atos normativos;<br \/>II &#8211; planejar e elaborar as atividades de desenvolvimento, manuten\u00e7\u00e3o<br \/>e execu\u00e7\u00e3o de sistemas e aplicativos de acordo com as prioridades<br \/>e metas que forem estabelecidas;<br \/>III &#8211; supervisionar, coordenar e orientar as atividades de desenvolvimento,<br \/>manuten\u00e7\u00e3o e execu\u00e7\u00e3o de sistemas aplicativos, de<br \/>acordo com a Metodologia de Desenvolvimento de Sistemas, para<br \/>assegurar o cumprimento das atividades programadas dentro dos<br \/>par\u00e2metros de qualidade e prazos estabelecidos;<br \/>IV &#8211; criar, executar e acompanhar os projetos de Tecnologia da<br \/>Informa\u00e7\u00e3o na SES-GO;<br \/>V &#8211; definir metodologias de engenharia de software, pol\u00edticas e as<br \/>diretrizes de inform\u00e1tica para a SES-GO;<br \/>VI &#8211; realizar estudos e pesquisas de solu\u00e7\u00f5es de Tecnologia da<br \/>Informa\u00e7\u00e3o para viabilizar e racionalizar as atividades da SES-GO,<br \/>promovendo um aumento na qualidade do atendimento ao paciente<br \/>com a redu\u00e7\u00e3o dos custos de operacionaliza\u00e7\u00e3o;<br \/>VII &#8211; planejar aquisi\u00e7\u00e3o, loca\u00e7\u00e3o e expans\u00e3o dos parques computacionais,<br \/>equipamentos, suprimentos, solu\u00e7\u00f5es de Tecnologia da<br \/>Informa\u00e7\u00e3o, servi\u00e7os de comunica\u00e7\u00e3o de dados, m\u00e3o de obra especializada<br \/>e programas destinados aos sistemas computacionais da SES-GO;<br \/>VIII &#8211; divulgar evolu\u00e7\u00f5es tecnol\u00f3gicas e outras informa\u00e7\u00f5es<br \/>relevantes relacionadas \u00e0 Tecnologia da Informa\u00e7\u00e3o na SES-GO;<br \/>IX &#8211; definir crit\u00e9rios de prioridades na aplica\u00e7\u00e3o de recursos de<br \/>inform\u00e1tica quanto a distribui\u00e7\u00e3o de equipamentos, desenvolvimento<br \/>e manuten\u00e7\u00e3o de sistemas na SES-GO;<br \/>X &#8211; administrar as redes de computadores da SES-GO para<br \/>garantir seus aspectos de seguran\u00e7a, integridade, disponibilidade,<br \/>desempenho, conectividade e operacionalidade;<br \/>XI &#8211; planejar, criar, carregar, controlar, manter c\u00f3pias de seguran\u00e7a e<br \/>estruturas de dados necess\u00e1rias aos sistemas aplicativos, inclusive<br \/>bases de dados multidimensionais;<br \/>XII &#8211; gerir a cria\u00e7\u00e3o de estruturas de banco de dados, bem como os<br \/>seus relacionamentos a fim de otimizar o acesso aos dados a partir<br \/>dos sistemas informatizados da SES-GO;<br \/>XIII &#8211; definir a pol\u00edtica de testes de software e acompanhamento de<br \/>sua execu\u00e7\u00e3o;<br \/>XIV &#8211; promover a integra\u00e7\u00e3o dos dados produzidos e disponibilizados<br \/>pelos diversos sistemas para georreferenciar as informa\u00e7\u00f5es<br \/>obtidas nas integra\u00e7\u00f5es;<br \/>XV &#8211; distribuir, instalar, atualizar, configurar e manter os recursos de<br \/>hardware e software para os usu\u00e1rios;<br \/>XVI &#8211; planejar e executar o atendimento aos usu\u00e1rios para solucionar<br \/>problemas e sanar d\u00favidas referentes \u00e0 Tecnologia da Informa\u00e7\u00e3o;<br \/>XVII &#8211; coordenar a implanta\u00e7\u00e3o do Sistema de Registro Eletr\u00f4nico<br \/>em Sa\u00fade nos munic\u00edpios do Estado de Goi\u00e1s;<br \/>XVIII &#8211; dar suporte aos sistemas do DATASUS (e-SUS, SIM, SINASC<br \/>etc.), com instala\u00e7\u00e3o, manten\u00e7\u00e3o e configura\u00e7\u00e3o de servidores de<br \/>aplica\u00e7\u00e3o e banco de dados, bem como planejar e coordenar as<br \/>integra\u00e7\u00f5es dos sistemas do DATASUS;<br \/>XIX &#8211; representar institucionalmente a Secretaria de Estado da<br \/>Sa\u00fade em assuntos de Tecnologia da Informa\u00e7\u00e3o, quando isso for<br \/>demandado; e<br \/>XX &#8211; realizar outras atividades correlatas.<\/p>\t\t\t\t\t\t\t\t<\/div>\n\t\t\t\t<\/div>\n\t\t\t\t\t<\/details>\n\t\t\t\t\t\t<details id=\"e-n-accordion-item-1171\" class=\"e-n-accordion-item\" >\n\t\t\t\t<summary class=\"e-n-accordion-item-title\" data-accordion-index=\"2\" tabindex=\"-1\" aria-expanded=\"false\" aria-controls=\"e-n-accordion-item-1171\" >\n\t\t\t\t\t<span class='e-n-accordion-item-title-header'><div class=\"e-n-accordion-item-title-text\"> Ger\u00eancia de Inova\u00e7\u00e3o <\/div><\/span>\n\t\t\t\t\t\t\t<span class='e-n-accordion-item-title-icon'>\n\t\t\t<span class='e-opened' ><svg aria-hidden=\"true\" class=\"e-font-icon-svg e-fas-angle-down\" viewBox=\"0 0 320 512\" xmlns=\"http:\/\/www.w3.org\/2000\/svg\"><path d=\"M143 352.3L7 216.3c-9.4-9.4-9.4-24.6 0-33.9l22.6-22.6c9.4-9.4 24.6-9.4 33.9 0l96.4 96.4 96.4-96.4c9.4-9.4 24.6-9.4 33.9 0l22.6 22.6c9.4 9.4 9.4 24.6 0 33.9l-136 136c-9.2 9.4-24.4 9.4-33.8 0z\"><\/path><\/svg><\/span>\n\t\t\t<span class='e-closed'><svg aria-hidden=\"true\" class=\"e-font-icon-svg e-fas-angle-right\" viewBox=\"0 0 256 512\" xmlns=\"http:\/\/www.w3.org\/2000\/svg\"><path d=\"M224.3 273l-136 136c-9.4 9.4-24.6 9.4-33.9 0l-22.6-22.6c-9.4-9.4-9.4-24.6 0-33.9l96.4-96.4-96.4-96.4c-9.4-9.4-9.4-24.6 0-33.9L54.3 103c9.4-9.4 24.6-9.4 33.9 0l136 136c9.5 9.4 9.5 24.6.1 34z\"><\/path><\/svg><\/span>\n\t\t<\/span>\n\n\t\t\t\t\t\t<\/summary>\n\t\t\t\t<div role=\"region\" aria-labelledby=\"e-n-accordion-item-1171\" class=\"elementor-element elementor-element-36dcc6d e-con-full e-flex e-con e-child\" data-id=\"36dcc6d\" data-element_type=\"container\" data-e-type=\"container\">\n\t\t\t\t<div class=\"elementor-element elementor-element-c9d69d7 elementor-widget elementor-widget-text-editor\" data-id=\"c9d69d7\" data-element_type=\"widget\" data-e-type=\"widget\" data-widget_type=\"text-editor.default\">\n\t\t\t\t\t\t\t\t\t<p>Compete \u00e0 Ger\u00eancia de Inova\u00e7\u00e3o:<br \/>I &#8211; propor a incorpora\u00e7\u00e3o de tecnologias e inova\u00e7\u00e3o em sa\u00fade em<br \/>conson\u00e2ncia com sua \u00e1rea de compet\u00eancia;<br \/>II &#8211; desenvolver tecnologicamente a inova\u00e7\u00e3o de interesse p\u00fablico<br \/>em sa\u00fade;<br \/>III &#8211; produzir e participar do processo de incorpora\u00e7\u00e3o de tecnologias<br \/>e inova\u00e7\u00f5es em sa\u00fade, na sua \u00e1rea de compet\u00eancia e de acordo<br \/>com as diretrizes da SES-GO;<br \/>IV &#8211; fomentar a inova\u00e7\u00e3o em Tecnologia da Informa\u00e7\u00e3o para a<br \/>melhoria da qualidade dos servi\u00e7os de sa\u00fade p\u00fablica, redu\u00e7\u00e3o de<br \/>custos e amplia\u00e7\u00e3o da transpar\u00eancia;<br \/>V &#8211; aportar e promover m\u00e9todos de inova\u00e7\u00e3o e moderniza\u00e7\u00e3o de<br \/>tecnologia, de acordo com as diretrizes da SES-GO;<br \/>VI &#8211; disseminar a cultura de inova\u00e7\u00e3o no desenvolvimento estrat\u00e9gico<br \/>de tecnologia, conforme os processos orientados para resultados;<br \/>VII &#8211; desenvolver e apoiar as a\u00e7\u00f5es relativas \u00e0 gest\u00e3o do<br \/>conhecimento que sustente o desenvolvimento das estrat\u00e9gias e<br \/>das opera\u00e7\u00f5es da SES-GO;<br \/>VIII &#8211; representar institucionalmente a Secretaria em assuntos de<br \/>Tecnologia da Informa\u00e7\u00e3o, quando isso for demandado;<br \/>IX &#8211; acompanhar os processos de pesquisa e desenvolvimento &#8211;<br \/>P&amp;D no que tange \u00e0 inova\u00e7\u00e3o em Tecnologia da Informa\u00e7\u00e3o; e<br \/>X &#8211; realizar outras atividades correlatas.<\/p>\t\t\t\t\t\t\t\t<\/div>\n\t\t\t\t<\/div>\n\t\t\t\t\t<\/details>\n\t\t\t\t\t\t<details id=\"e-n-accordion-item-1172\" class=\"e-n-accordion-item\" >\n\t\t\t\t<summary class=\"e-n-accordion-item-title\" data-accordion-index=\"3\" tabindex=\"-1\" aria-expanded=\"false\" aria-controls=\"e-n-accordion-item-1172\" >\n\t\t\t\t\t<span class='e-n-accordion-item-title-header'><div class=\"e-n-accordion-item-title-text\"> Gere\u0302ncia de Sa\u00fade Digital <\/div><\/span>\n\t\t\t\t\t\t\t<span class='e-n-accordion-item-title-icon'>\n\t\t\t<span class='e-opened' ><svg aria-hidden=\"true\" class=\"e-font-icon-svg e-fas-angle-down\" viewBox=\"0 0 320 512\" xmlns=\"http:\/\/www.w3.org\/2000\/svg\"><path d=\"M143 352.3L7 216.3c-9.4-9.4-9.4-24.6 0-33.9l22.6-22.6c9.4-9.4 24.6-9.4 33.9 0l96.4 96.4 96.4-96.4c9.4-9.4 24.6-9.4 33.9 0l22.6 22.6c9.4 9.4 9.4 24.6 0 33.9l-136 136c-9.2 9.4-24.4 9.4-33.8 0z\"><\/path><\/svg><\/span>\n\t\t\t<span class='e-closed'><svg aria-hidden=\"true\" class=\"e-font-icon-svg e-fas-angle-right\" viewBox=\"0 0 256 512\" xmlns=\"http:\/\/www.w3.org\/2000\/svg\"><path d=\"M224.3 273l-136 136c-9.4 9.4-24.6 9.4-33.9 0l-22.6-22.6c-9.4-9.4-9.4-24.6 0-33.9l96.4-96.4-96.4-96.4c-9.4-9.4-9.4-24.6 0-33.9L54.3 103c9.4-9.4 24.6-9.4 33.9 0l136 136c9.5 9.4 9.5 24.6.1 34z\"><\/path><\/svg><\/span>\n\t\t<\/span>\n\n\t\t\t\t\t\t<\/summary>\n\t\t\t\t<div role=\"region\" aria-labelledby=\"e-n-accordion-item-1172\" class=\"elementor-element elementor-element-737b0d1 e-con-full e-flex e-con e-child\" data-id=\"737b0d1\" data-element_type=\"container\" data-e-type=\"container\">\n\t\t\t\t<div class=\"elementor-element elementor-element-a8e8e42 elementor-widget elementor-widget-text-editor\" data-id=\"a8e8e42\" data-element_type=\"widget\" data-e-type=\"widget\" data-widget_type=\"text-editor.default\">\n\t\t\t\t\t\t\t\t\t<p>Compete a\u0300 Gere\u0302ncia de Sa\u00fade Digital:<br \/>I &#8211; coordenar a implantac\u0327a\u0303o do Sistema de Registro Eletro\u0302nico em Sau\u0301de nos munici\u0301pios do Estado de Goia\u0301s;<br \/>II &#8211; dar suporte aos sistemas do DATASUS (e-SUS, SIM, SINASC etc.), com instalac\u0327a\u0303o, manutenc\u0327a\u0303o e configurac\u0327a\u0303o de servidores de aplicac\u0327a\u0303o e banco de dados, bem como planejar e coordenar as integrac\u0327o\u0303es dos sistemas do DATASUS;<br \/>III \u2013 coordenar a implanta\u00e7\u00e3o do projeto Sa\u00fade Digital no estado de Goi\u00e1s alinhado \u00e0 estrat\u00e9gia de sa\u00fade digital do Minist\u00e9rio da Sa\u00fade;<br \/>IV \u2013 disseminar a sa\u00fade digital no estado de Goi\u00e1s;<br \/>V \u2013 promover a interoperabilidade entre sistemas de prontua\u0301rios eletro\u0302nicos p\u00fablicos e privados;<br \/>VI \u2013 estabelecer padr\u00f5es de utiliza\u00e7\u00e3o do Sistema de Gest\u00e3o Hospitalar (SGH) colaborativamente com as \u00e1reas de neg\u00f3cio da SES-GO;<br \/>VII \u2013 estabelecer e implantar o modelo de governan\u00e7a do projeto Sa\u00fade Digital;<br \/>VIII \u2013 definir e desenvolver iniciativas alinhadas \u00e0 LGPD;<br \/>XIX \u2013 acompanhar o projeto Goi\u00e1s de Fibra para garantir a conectividade em todos as unidades de sa\u00fade do estado de Goi\u00e1s;<br \/>X \u2013 desenvolver a telessa\u00fade e os servi\u00e7os digitais no fluxo assistencial do SUS; e<br \/>XI &#8211; realizar outras atividades correlatas.<\/p>\t\t\t\t\t\t\t\t<\/div>\n\t\t\t\t<\/div>\n\t\t\t\t\t<\/details>\n\t\t\t\t\t<\/div>\n\t\t\t\t\t\t<\/div>\n\t\t\t\t\t<\/div>\n\t\t\t\t<\/div>\n\t\t\t\t<\/div>\n\t\t","protected":false},"excerpt":{"rendered":"<p>Superintendente Luiselena Luna Esmeraldo(62) 3201-7763luiselena.esmeraldo@goias.gov.br Lista de contatos Sutis Localiza\u00e7\u00e3o:Av. SC 1 n\u00ba 299 &#8211; Parque Santa Cruz Goi\u00e2nia &#8211; GOCEP: 74.860-260 \u00a0 A Superintend\u00eancia de Tecnologia, Inova\u00e7\u00e3o e Sa\u00fade Digital (Sutis) comp\u00f5e a governan\u00e7a da Secretaria de Estado de Sa\u00fade de Goi\u00e1s, diretamente ligada \u00e0 Subsecretaria de de Inova\u00e7\u00e3o, Planejamento, Educa\u00e7\u00e3o e Infraestrutura. A [&hellip;]<\/p>\n","protected":false},"author":7,"featured_media":0,"parent":0,"menu_order":0,"comment_status":"closed","ping_status":"closed","template":"","meta":{"footnotes":""},"class_list":["post-37914","page","type-page","status-publish","hentry"],"rttpg_featured_image_url":null,"rttpg_author":{"display_name":"gustavogoncalves","author_link":"https:\/\/goias.gov.br\/saude\/author\/gustavogoncalves\/"},"rttpg_comment":0,"rttpg_category":null,"rttpg_excerpt":"Superintendente Luiselena Luna Esmeraldo(62) 3201-7763luiselena.esmeraldo@goias.gov.br Lista de contatos Sutis Localiza\u00e7\u00e3o:Av. SC 1 n\u00ba 299 &#8211; Parque Santa Cruz Goi\u00e2nia &#8211; GOCEP: 74.860-260 \u00a0 A Superintend\u00eancia de Tecnologia, Inova\u00e7\u00e3o e Sa\u00fade Digital (Sutis) comp\u00f5e a governan\u00e7a da Secretaria de Estado de Sa\u00fade de Goi\u00e1s, diretamente ligada \u00e0 Subsecretaria de de Inova\u00e7\u00e3o, Planejamento, Educa\u00e7\u00e3o e Infraestrutura. A&hellip;","_links":{"self":[{"href":"https:\/\/goias.gov.br\/saude\/wp-json\/wp\/v2\/pages\/37914","targetHints":{"allow":["GET"]}}],"collection":[{"href":"https:\/\/goias.gov.br\/saude\/wp-json\/wp\/v2\/pages"}],"about":[{"href":"https:\/\/goias.gov.br\/saude\/wp-json\/wp\/v2\/types\/page"}],"author":[{"embeddable":true,"href":"https:\/\/goias.gov.br\/saude\/wp-json\/wp\/v2\/users\/7"}],"replies":[{"embeddable":true,"href":"https:\/\/goias.gov.br\/saude\/wp-json\/wp\/v2\/comments?post=37914"}],"version-history":[{"count":3,"href":"https:\/\/goias.gov.br\/saude\/wp-json\/wp\/v2\/pages\/37914\/revisions"}],"predecessor-version":[{"id":626840,"href":"https:\/\/goias.gov.br\/saude\/wp-json\/wp\/v2\/pages\/37914\/revisions\/626840"}],"wp:attachment":[{"href":"https:\/\/goias.gov.br\/saude\/wp-json\/wp\/v2\/media?parent=37914"}],"curies":[{"name":"wp","href":"https:\/\/api.w.org\/{rel}","templated":true}]}}