

{"id":37854,"date":"2023-12-05T15:57:11","date_gmt":"2023-12-05T18:57:11","guid":{"rendered":"https:\/\/siteshom.goias.gov.br\/saude\/?page_id=37854"},"modified":"2026-03-05T16:20:41","modified_gmt":"2026-03-05T19:20:41","slug":"ceap-sol","status":"publish","type":"page","link":"https:\/\/goias.gov.br\/saude\/ceap-sol\/","title":{"rendered":"CEAP-SOL \u2013 Centro Estadual de Aten\u00e7\u00e3o Prolongada e Casa de Apoio Condom\u00ednio Solidariedade"},"content":{"rendered":"\t\t<div data-elementor-type=\"wp-page\" data-elementor-id=\"37854\" class=\"elementor elementor-37854\">\n\t\t\t\t<div class=\"elementor-element elementor-element-b7824a5 e-flex e-con-boxed e-con e-parent\" data-id=\"b7824a5\" data-element_type=\"container\" data-e-type=\"container\">\n\t\t\t\t\t<div class=\"e-con-inner\">\n\t\t\t\t<div class=\"elementor-element elementor-element-c05b6f5 elementor-widget elementor-widget-image\" data-id=\"c05b6f5\" data-element_type=\"widget\" data-e-type=\"widget\" data-widget_type=\"image.default\">\n\t\t\t\t\t\t\t\t\t\t\t\t\t\t\t<img fetchpriority=\"high\" decoding=\"async\" width=\"900\" height=\"335\" src=\"https:\/\/goias.gov.br\/saude\/wp-content\/uploads\/sites\/34\/2025\/12\/fachada-ceap-sol.jpeg\" class=\"attachment-large size-large wp-image-634386\" alt=\"\" srcset=\"https:\/\/goias.gov.br\/saude\/wp-content\/uploads\/sites\/34\/2025\/12\/fachada-ceap-sol.jpeg 900w, https:\/\/goias.gov.br\/saude\/wp-content\/uploads\/sites\/34\/2025\/12\/fachada-ceap-sol-300x112.jpeg 300w, https:\/\/goias.gov.br\/saude\/wp-content\/uploads\/sites\/34\/2025\/12\/fachada-ceap-sol-768x286.jpeg 768w\" sizes=\"(max-width: 900px) 100vw, 900px\" \/>\t\t\t\t\t\t\t\t\t\t\t\t\t\t\t<\/div>\n\t\t\t\t\t<\/div>\n\t\t\t\t<\/div>\n\t\t<div class=\"elementor-element elementor-element-e63132f e-flex e-con-boxed e-con e-parent\" data-id=\"e63132f\" data-element_type=\"container\" data-e-type=\"container\">\n\t\t\t\t\t<div class=\"e-con-inner\">\n\t\t<div class=\"elementor-element elementor-element-f59edc9 e-con-full e-flex e-con e-child\" data-id=\"f59edc9\" data-element_type=\"container\" data-e-type=\"container\">\n\t\t\t\t<div class=\"elementor-element elementor-element-5662fc8 elementor-widget elementor-widget-text-editor\" data-id=\"5662fc8\" data-element_type=\"widget\" data-e-type=\"widget\" data-widget_type=\"text-editor.default\">\n\t\t\t\t\t\t\t\t\t<h4 class=\"sppb-addon-title\">Recep\u00e7\u00e3o<\/h4><p class=\"sppb-addon-title\"><strong>Telefone:<\/strong> (62) 3201- 9288<\/p><h4 class=\"sppb-addon-title\">Diretoria<\/h4><p><strong>Dire\u00e7\u00e3o Executiva: <\/strong>Igor Guimar\u00e3es<br \/>62 3201- 9288 \/ <a href=\"mailto:diretoria.executiva.cs@isgsaude.org\">diretoria.executiva.cs@isgsaude.org<\/a><\/p><p><strong>Dire\u00e7\u00e3o T\u00e9cnica:<\/strong> Dra. Vivian Siqueira Furtado Passos &#8211; CRM\/GO n\u00ba 12196<br \/>62 3201- 9288 \/ <a href=\"mailto:dirtecnica.cs@isgsaude.org\">dirtecnica.cs@isgsaude.org<\/a><\/p><p style=\"text-align: center;\"><a class=\"btn btn-primary btn-block\" href=\"https:\/\/isgsaude.org.br\/ceapsol\/transparencia\/\" target=\"_blank\" rel=\"noopener\">Acesso \u00e0 Informa\u00e7\u00e3o da OS<\/a><\/p><h4>Localiza\u00e7\u00e3o<\/h4><p><a href=\"https:\/\/maps.app.goo.gl\/DA2RrDXMuHjpC9eP8\" target=\"_blank\" rel=\"noopener\"><span class=\"section-info-text\"><span class=\"widget-pane-link\">Avenida Veneza, Quadra 62, Lote 1\/10 s\/n &#8211; Jardim Europa, Goi\u00e2nia &#8211; GO, 74325-100<\/span><\/span><\/a><\/p>\t\t\t\t\t\t\t\t<\/div>\n\t\t\t\t<\/div>\n\t\t<div class=\"elementor-element elementor-element-73968ba e-con-full e-flex e-con e-child\" data-id=\"73968ba\" data-element_type=\"container\" data-e-type=\"container\">\n\t\t\t\t<div class=\"elementor-element elementor-element-60ebe68 elementor-widget elementor-widget-text-editor\" data-id=\"60ebe68\" data-element_type=\"widget\" data-e-type=\"widget\" data-widget_type=\"text-editor.default\">\n\t\t\t\t\t\t\t\t\t<p style=\"text-align: justify;\">O Centro Estadual de Aten\u00e7\u00e3o Prolongada e Casa de Apoio Condom\u00ednio Solidariedade (CEAP-SOL) foi fundado em 1995, inicialmente voltado ao acolhimento de Pessoas Vivendo com HIV\/Aids (PVHA). Posteriormente ampliou sua atua\u00e7\u00e3o para o atendimento de doen\u00e7as pneumol\u00f3gicas, HIV e condi\u00e7\u00f5es neurol\u00f3gicas.<\/p><p style=\"text-align: justify;\">A unidade, que det\u00e9m a certifica\u00e7\u00e3o de Acredita\u00e7\u00e3o Hospitalar ONA III oferece cuidados integrados, que abrangem hospedagem tempor\u00e1ria, interna\u00e7\u00e3o hospitalar de longa perman\u00eancia e atendimento ambulatorial especializado, com a miss\u00e3o de cuidar e salvar vidas, promovendo a autonomia e a reintegra\u00e7\u00e3o social dos usu\u00e1rios.<\/p><p style=\"text-align: justify;\">Com uma estrutura \u00fanica no pa\u00eds e atendimento personalizado, o CEAP-SOL conta com uma equipe multidisciplinar composta por profissionais de sa\u00fade especializados. Essa abordagem garante cuidado cont\u00ednuo e humanizado, atendendo \u00e0s necessidades cl\u00ednicas e funcionais dos pacientes, excel\u00eancia assistencial, efici\u00eancia operacional e altos \u00edndices de satisfa\u00e7\u00e3o pelo usu\u00e1rio.<\/p><p style=\"text-align: center;\"><a class=\"btn btn-primary btn-block\" href=\"https:\/\/isgsaude.org.br\/ceapsol\/\" target=\"_blank\" rel=\"noopener noreferrer\">Saiba mais sobre o Ceap-Sol<\/a><\/p>\t\t\t\t\t\t\t\t<\/div>\n\t\t\t\t<\/div>\n\t\t\t\t\t<\/div>\n\t\t\t\t<\/div>\n\t\t<div class=\"elementor-element elementor-element-bea6dbc e-flex e-con-boxed e-con e-parent\" data-id=\"bea6dbc\" data-element_type=\"container\" data-e-type=\"container\">\n\t\t\t\t\t<div class=\"e-con-inner\">\n\t\t\t\t<div class=\"elementor-element elementor-element-d11632a elementor-widget elementor-widget-heading\" data-id=\"d11632a\" data-element_type=\"widget\" data-e-type=\"widget\" data-widget_type=\"heading.default\">\n\t\t\t\t\t<h2 class=\"elementor-heading-title elementor-size-default\">INFORMA\u00c7\u00d5ES<\/h2>\t\t\t\t<\/div>\n\t\t<div class=\"elementor-element elementor-element-6c4fc00 e-con-full e-flex e-con e-child\" data-id=\"6c4fc00\" data-element_type=\"container\" data-e-type=\"container\">\n\t\t\t\t<div class=\"elementor-element elementor-element-393ca50 elementor-widget elementor-widget-n-accordion\" data-id=\"393ca50\" data-element_type=\"widget\" data-e-type=\"widget\" data-settings=\"{&quot;default_state&quot;:&quot;all_collapsed&quot;,&quot;max_items_expended&quot;:&quot;one&quot;,&quot;n_accordion_animation_duration&quot;:{&quot;unit&quot;:&quot;ms&quot;,&quot;size&quot;:400,&quot;sizes&quot;:[]}}\" data-widget_type=\"nested-accordion.default\">\n\t\t\t\t\t\t\t<div class=\"e-n-accordion\" aria-label=\"Accordion. Open links with Enter or Space, close with Escape, and navigate with Arrow Keys\">\n\t\t\t\t\t\t<details id=\"e-n-accordion-item-6000\" class=\"e-n-accordion-item\" >\n\t\t\t\t<summary class=\"e-n-accordion-item-title\" data-accordion-index=\"1\" tabindex=\"0\" aria-expanded=\"false\" aria-controls=\"e-n-accordion-item-6000\" >\n\t\t\t\t\t<span class='e-n-accordion-item-title-header'><div class=\"e-n-accordion-item-title-text\"> Informa\u00e7\u00f5es para Visitantes <\/div><\/span>\n\t\t\t\t\t\t\t<span class='e-n-accordion-item-title-icon'>\n\t\t\t<span class='e-opened' ><svg aria-hidden=\"true\" class=\"e-font-icon-svg e-fas-minus\" viewBox=\"0 0 448 512\" xmlns=\"http:\/\/www.w3.org\/2000\/svg\"><path d=\"M416 208H32c-17.67 0-32 14.33-32 32v32c0 17.67 14.33 32 32 32h384c17.67 0 32-14.33 32-32v-32c0-17.67-14.33-32-32-32z\"><\/path><\/svg><\/span>\n\t\t\t<span class='e-closed'><svg aria-hidden=\"true\" class=\"e-font-icon-svg e-fas-plus\" viewBox=\"0 0 448 512\" xmlns=\"http:\/\/www.w3.org\/2000\/svg\"><path d=\"M416 208H272V64c0-17.67-14.33-32-32-32h-32c-17.67 0-32 14.33-32 32v144H32c-17.67 0-32 14.33-32 32v32c0 17.67 14.33 32 32 32h144v144c0 17.67 14.33 32 32 32h32c17.67 0 32-14.33 32-32V304h144c17.67 0 32-14.33 32-32v-32c0-17.67-14.33-32-32-32z\"><\/path><\/svg><\/span>\n\t\t<\/span>\n\n\t\t\t\t\t\t<\/summary>\n\t\t\t\t<div role=\"region\" aria-labelledby=\"e-n-accordion-item-6000\" class=\"elementor-element elementor-element-082c62b e-con-full e-flex e-con e-child\" data-id=\"082c62b\" data-element_type=\"container\" data-e-type=\"container\">\n\t\t\t\t<div class=\"elementor-element elementor-element-8baaf97 elementor-widget elementor-widget-text-editor\" data-id=\"8baaf97\" data-element_type=\"widget\" data-e-type=\"widget\" data-widget_type=\"text-editor.default\">\n\t\t\t\t\t\t\t\t\t<p><strong>Hor\u00e1rio de visita das unidades de interna\u00e7\u00e3o:\u00a0<\/strong>16h \u00e0s 17h<\/p><p><strong>Regras<\/strong>: \u00c9 permitida a entrada de 2 (dois) visitantes por dia para cada paciente;<\/p><p>No caso de pacientes em isolamento respirat\u00f3rio, ser\u00e1 autorizado apenas 1 (um) visitante por dia. Al\u00e9m disso, ser\u00e1 necess\u00e1rio o uso de m\u00e1scara cir\u00fargica e\/ ou N95 que dever\u00e1 ser providenciada pelo visitante;<\/p><p>N\u00e3o \u00e9 permitida a entrada de visitantes menores de 12 anos e, caso estejam em \u00e1rea interna da unidade, \u00e9 imprescind\u00edvel que estejam acompanhados de um respons\u00e1vel.<\/p>\t\t\t\t\t\t\t\t<\/div>\n\t\t\t\t<\/div>\n\t\t\t\t\t<\/details>\n\t\t\t\t\t\t<details id=\"e-n-accordion-item-6001\" class=\"e-n-accordion-item\" >\n\t\t\t\t<summary class=\"e-n-accordion-item-title\" data-accordion-index=\"2\" tabindex=\"-1\" aria-expanded=\"false\" aria-controls=\"e-n-accordion-item-6001\" >\n\t\t\t\t\t<span class='e-n-accordion-item-title-header'><div class=\"e-n-accordion-item-title-text\"> Orienta\u00e7\u00f5es para Acompanhantes <\/div><\/span>\n\t\t\t\t\t\t\t<span class='e-n-accordion-item-title-icon'>\n\t\t\t<span class='e-opened' ><svg aria-hidden=\"true\" class=\"e-font-icon-svg e-fas-minus\" viewBox=\"0 0 448 512\" xmlns=\"http:\/\/www.w3.org\/2000\/svg\"><path d=\"M416 208H32c-17.67 0-32 14.33-32 32v32c0 17.67 14.33 32 32 32h384c17.67 0 32-14.33 32-32v-32c0-17.67-14.33-32-32-32z\"><\/path><\/svg><\/span>\n\t\t\t<span class='e-closed'><svg aria-hidden=\"true\" class=\"e-font-icon-svg e-fas-plus\" viewBox=\"0 0 448 512\" xmlns=\"http:\/\/www.w3.org\/2000\/svg\"><path d=\"M416 208H272V64c0-17.67-14.33-32-32-32h-32c-17.67 0-32 14.33-32 32v144H32c-17.67 0-32 14.33-32 32v32c0 17.67 14.33 32 32 32h144v144c0 17.67 14.33 32 32 32h32c17.67 0 32-14.33 32-32V304h144c17.67 0 32-14.33 32-32v-32c0-17.67-14.33-32-32-32z\"><\/path><\/svg><\/span>\n\t\t<\/span>\n\n\t\t\t\t\t\t<\/summary>\n\t\t\t\t<div role=\"region\" aria-labelledby=\"e-n-accordion-item-6001\" class=\"elementor-element elementor-element-6dc385d e-con-full e-flex e-con e-child\" data-id=\"6dc385d\" data-element_type=\"container\" data-e-type=\"container\">\n\t\t\t\t<div class=\"elementor-element elementor-element-664ea70 elementor-widget elementor-widget-text-editor\" data-id=\"664ea70\" data-element_type=\"widget\" data-e-type=\"widget\" data-widget_type=\"text-editor.default\">\n\t\t\t\t\t\t\t\t\t<p><strong>Acompanhantes interna\u00e7\u00e3o:<br \/><\/strong><\/p><ul><li>Ter\u00e3o direito a um (01) acompanhante, os pacientes com mais de 60 anos, menores de 18 anos, pessoas com defici\u00eancia ou que tenham dificuldade de locomo\u00e7\u00e3o;\u00a0<\/li><li>\u00c9 permitido apenas acompanhantes com idade acima de dezoito (18) anos;<\/li><li>Somente \u00e9 permitido acompanhante de mesmo sexo nas enfermarias femininas e masculinas;<\/li><li>\u00c9 proibida a entrada de alimentos e bebidas (exceto nos casos autorizados pelo Setor de Nutri\u00e7\u00e3o);<\/li><li>\u00c9 proibido trazer e utilizar no hospital, aparelhos eletr\u00f4nicos (ventilador, notebooks, DVDs, etc) e roupas de cama de uso pessoal (travesseiros, cobertores e etc);<\/li><li>O paciente dever\u00e1 ter na enfermaria produtos de higiene pessoal, chinelo e roupa \u00edntima.<\/li><\/ul>\t\t\t\t\t\t\t\t<\/div>\n\t\t\t\t<\/div>\n\t\t\t\t\t<\/details>\n\t\t\t\t\t\t<details id=\"e-n-accordion-item-6002\" class=\"e-n-accordion-item\" >\n\t\t\t\t<summary class=\"e-n-accordion-item-title\" data-accordion-index=\"3\" tabindex=\"-1\" aria-expanded=\"false\" aria-controls=\"e-n-accordion-item-6002\" >\n\t\t\t\t\t<span class='e-n-accordion-item-title-header'><div class=\"e-n-accordion-item-title-text\"> Casa de Apoio - Hospedagem <\/div><\/span>\n\t\t\t\t\t\t\t<span class='e-n-accordion-item-title-icon'>\n\t\t\t<span class='e-opened' ><svg aria-hidden=\"true\" class=\"e-font-icon-svg e-fas-minus\" viewBox=\"0 0 448 512\" xmlns=\"http:\/\/www.w3.org\/2000\/svg\"><path d=\"M416 208H32c-17.67 0-32 14.33-32 32v32c0 17.67 14.33 32 32 32h384c17.67 0 32-14.33 32-32v-32c0-17.67-14.33-32-32-32z\"><\/path><\/svg><\/span>\n\t\t\t<span class='e-closed'><svg aria-hidden=\"true\" class=\"e-font-icon-svg e-fas-plus\" viewBox=\"0 0 448 512\" xmlns=\"http:\/\/www.w3.org\/2000\/svg\"><path d=\"M416 208H272V64c0-17.67-14.33-32-32-32h-32c-17.67 0-32 14.33-32 32v144H32c-17.67 0-32 14.33-32 32v32c0 17.67 14.33 32 32 32h144v144c0 17.67 14.33 32 32 32h32c17.67 0 32-14.33 32-32V304h144c17.67 0 32-14.33 32-32v-32c0-17.67-14.33-32-32-32z\"><\/path><\/svg><\/span>\n\t\t<\/span>\n\n\t\t\t\t\t\t<\/summary>\n\t\t\t\t<div role=\"region\" aria-labelledby=\"e-n-accordion-item-6002\" class=\"elementor-element elementor-element-3893046 e-con-full e-flex e-con e-child\" data-id=\"3893046\" data-element_type=\"container\" data-e-type=\"container\">\n\t\t\t\t<div class=\"elementor-element elementor-element-3813a6c elementor-widget elementor-widget-text-editor\" data-id=\"3813a6c\" data-element_type=\"widget\" data-e-type=\"widget\" data-widget_type=\"text-editor.default\">\n\t\t\t\t\t\t\t\t\t<p>O contato para solicita\u00e7\u00e3o de hospedagem deve ser realizado via Servi\u00e7o Social, de segunda a sexta-feira, das 7h \u00e0s 18h.<\/p><p><strong>Admiss\u00e3o de h\u00f3spedes<\/strong>: Segunda a sexta-feira, das 7h \u00e0s 18h.<\/p><p><strong>Telefone<\/strong>: (62) 3201-9288 e <strong>WhatsApp<\/strong>: (62) 3201-9283<\/p><p><strong>Observa\u00e7\u00e3o<\/strong>: A solicita\u00e7\u00e3o deve ser feita com anteced\u00eancia.<\/p>\t\t\t\t\t\t\t\t<\/div>\n\t\t\t\t<\/div>\n\t\t\t\t\t<\/details>\n\t\t\t\t\t\t<details id=\"e-n-accordion-item-6003\" class=\"e-n-accordion-item\" >\n\t\t\t\t<summary class=\"e-n-accordion-item-title\" data-accordion-index=\"4\" tabindex=\"-1\" aria-expanded=\"false\" aria-controls=\"e-n-accordion-item-6003\" >\n\t\t\t\t\t<span class='e-n-accordion-item-title-header'><div class=\"e-n-accordion-item-title-text\"> Leitos <\/div><\/span>\n\t\t\t\t\t\t\t<span class='e-n-accordion-item-title-icon'>\n\t\t\t<span class='e-opened' ><svg aria-hidden=\"true\" class=\"e-font-icon-svg e-fas-minus\" viewBox=\"0 0 448 512\" xmlns=\"http:\/\/www.w3.org\/2000\/svg\"><path d=\"M416 208H32c-17.67 0-32 14.33-32 32v32c0 17.67 14.33 32 32 32h384c17.67 0 32-14.33 32-32v-32c0-17.67-14.33-32-32-32z\"><\/path><\/svg><\/span>\n\t\t\t<span class='e-closed'><svg aria-hidden=\"true\" class=\"e-font-icon-svg e-fas-plus\" viewBox=\"0 0 448 512\" xmlns=\"http:\/\/www.w3.org\/2000\/svg\"><path d=\"M416 208H272V64c0-17.67-14.33-32-32-32h-32c-17.67 0-32 14.33-32 32v144H32c-17.67 0-32 14.33-32 32v32c0 17.67 14.33 32 32 32h144v144c0 17.67 14.33 32 32 32h32c17.67 0 32-14.33 32-32V304h144c17.67 0 32-14.33 32-32v-32c0-17.67-14.33-32-32-32z\"><\/path><\/svg><\/span>\n\t\t<\/span>\n\n\t\t\t\t\t\t<\/summary>\n\t\t\t\t<div role=\"region\" aria-labelledby=\"e-n-accordion-item-6003\" class=\"elementor-element elementor-element-7768a6e e-flex e-con-boxed e-con e-child\" data-id=\"7768a6e\" data-element_type=\"container\" data-e-type=\"container\">\n\t\t\t\t\t<div class=\"e-con-inner\">\n\t\t\t\t<div class=\"elementor-element elementor-element-c0a67d1 elementor-widget elementor-widget-text-editor\" data-id=\"c0a67d1\" data-element_type=\"widget\" data-e-type=\"widget\" data-widget_type=\"text-editor.default\">\n\t\t\t\t\t\t\t\t\t<p>30 (sendo 28 operacionais e 02 de retaguarda)<\/p>\t\t\t\t\t\t\t\t<\/div>\n\t\t\t\t\t<\/div>\n\t\t\t\t<\/div>\n\t\t\t\t\t<\/details>\n\t\t\t\t\t\t<details id=\"e-n-accordion-item-6004\" class=\"e-n-accordion-item\" >\n\t\t\t\t<summary class=\"e-n-accordion-item-title\" data-accordion-index=\"5\" tabindex=\"-1\" aria-expanded=\"false\" aria-controls=\"e-n-accordion-item-6004\" >\n\t\t\t\t\t<span class='e-n-accordion-item-title-header'><div class=\"e-n-accordion-item-title-text\"> Exames e Especialidades M\u00e9dicas <\/div><\/span>\n\t\t\t\t\t\t\t<span class='e-n-accordion-item-title-icon'>\n\t\t\t<span class='e-opened' ><svg aria-hidden=\"true\" class=\"e-font-icon-svg e-fas-minus\" viewBox=\"0 0 448 512\" xmlns=\"http:\/\/www.w3.org\/2000\/svg\"><path d=\"M416 208H32c-17.67 0-32 14.33-32 32v32c0 17.67 14.33 32 32 32h384c17.67 0 32-14.33 32-32v-32c0-17.67-14.33-32-32-32z\"><\/path><\/svg><\/span>\n\t\t\t<span class='e-closed'><svg aria-hidden=\"true\" class=\"e-font-icon-svg e-fas-plus\" viewBox=\"0 0 448 512\" xmlns=\"http:\/\/www.w3.org\/2000\/svg\"><path d=\"M416 208H272V64c0-17.67-14.33-32-32-32h-32c-17.67 0-32 14.33-32 32v144H32c-17.67 0-32 14.33-32 32v32c0 17.67 14.33 32 32 32h144v144c0 17.67 14.33 32 32 32h32c17.67 0 32-14.33 32-32V304h144c17.67 0 32-14.33 32-32v-32c0-17.67-14.33-32-32-32z\"><\/path><\/svg><\/span>\n\t\t<\/span>\n\n\t\t\t\t\t\t<\/summary>\n\t\t\t\t<div role=\"region\" aria-labelledby=\"e-n-accordion-item-6004\" class=\"elementor-element elementor-element-de1fd8d e-flex e-con-boxed e-con e-child\" data-id=\"de1fd8d\" data-element_type=\"container\" data-e-type=\"container\">\n\t\t\t\t\t<div class=\"e-con-inner\">\n\t\t\t\t<div class=\"elementor-element elementor-element-1dfdba0 elementor-widget elementor-widget-text-editor\" data-id=\"1dfdba0\" data-element_type=\"widget\" data-e-type=\"widget\" data-widget_type=\"text-editor.default\">\n\t\t\t\t\t\t\t\t\t<p><strong>Exames<\/strong>: Ecocardiograma de Estresse; Ecocardiograma Transtor\u00e1cico; Ecodoppler Vascular; Ultrasssonografia com Doppler; e Ultrassonografia. Todos estes s\u00e3o regulados via Complexo Regulador do Estado de Goi\u00e1s.<\/p><p><strong>Especialidades<\/strong>\u00a0<strong>M\u00e9dicas<\/strong>: Infectologia, Dermatologia, Pneumologia, Psiquiatria, Neurologia, Ginecologia, Nefrologia, Paliativista, Reumatologia, Cardiologia, Proctologia e Gastroenterologia, Servi\u00e7o Social, Terapia Ocupacional, Odontologia, Fonoaudiologia, Nutri\u00e7\u00e3o, Psicologia e Fisioterapia.<\/p>\t\t\t\t\t\t\t\t<\/div>\n\t\t\t\t\t<\/div>\n\t\t\t\t<\/div>\n\t\t\t\t\t<\/details>\n\t\t\t\t\t\t<details id=\"e-n-accordion-item-6005\" class=\"e-n-accordion-item\" >\n\t\t\t\t<summary class=\"e-n-accordion-item-title\" data-accordion-index=\"6\" tabindex=\"-1\" aria-expanded=\"false\" aria-controls=\"e-n-accordion-item-6005\" >\n\t\t\t\t\t<span class='e-n-accordion-item-title-header'><div class=\"e-n-accordion-item-title-text\"> Recursos Humanos <\/div><\/span>\n\t\t\t\t\t\t\t<span class='e-n-accordion-item-title-icon'>\n\t\t\t<span class='e-opened' ><svg aria-hidden=\"true\" class=\"e-font-icon-svg e-fas-minus\" viewBox=\"0 0 448 512\" xmlns=\"http:\/\/www.w3.org\/2000\/svg\"><path d=\"M416 208H32c-17.67 0-32 14.33-32 32v32c0 17.67 14.33 32 32 32h384c17.67 0 32-14.33 32-32v-32c0-17.67-14.33-32-32-32z\"><\/path><\/svg><\/span>\n\t\t\t<span class='e-closed'><svg aria-hidden=\"true\" class=\"e-font-icon-svg e-fas-plus\" viewBox=\"0 0 448 512\" xmlns=\"http:\/\/www.w3.org\/2000\/svg\"><path d=\"M416 208H272V64c0-17.67-14.33-32-32-32h-32c-17.67 0-32 14.33-32 32v144H32c-17.67 0-32 14.33-32 32v32c0 17.67 14.33 32 32 32h144v144c0 17.67 14.33 32 32 32h32c17.67 0 32-14.33 32-32V304h144c17.67 0 32-14.33 32-32v-32c0-17.67-14.33-32-32-32z\"><\/path><\/svg><\/span>\n\t\t<\/span>\n\n\t\t\t\t\t\t<\/summary>\n\t\t\t\t<div role=\"region\" aria-labelledby=\"e-n-accordion-item-6005\" class=\"elementor-element elementor-element-b21cf4e e-flex e-con-boxed e-con e-child\" data-id=\"b21cf4e\" data-element_type=\"container\" data-e-type=\"container\">\n\t\t\t\t\t<div class=\"e-con-inner\">\n\t\t\t\t<div class=\"elementor-element elementor-element-e219ae9 elementor-widget elementor-widget-text-editor\" data-id=\"e219ae9\" data-element_type=\"widget\" data-e-type=\"widget\" data-widget_type=\"text-editor.default\">\n\t\t\t\t\t\t\t\t\t<p>183 colaboradores (120 celetistas, 13 estatut\u00e1rios, 48 PJs).<\/p>\t\t\t\t\t\t\t\t<\/div>\n\t\t\t\t\t<\/div>\n\t\t\t\t<\/div>\n\t\t\t\t\t<\/details>\n\t\t\t\t\t\t<details id=\"e-n-accordion-item-6006\" class=\"e-n-accordion-item\" >\n\t\t\t\t<summary class=\"e-n-accordion-item-title\" data-accordion-index=\"7\" tabindex=\"-1\" aria-expanded=\"false\" aria-controls=\"e-n-accordion-item-6006\" >\n\t\t\t\t\t<span class='e-n-accordion-item-title-header'><div class=\"e-n-accordion-item-title-text\"> Projetos e Programas <\/div><\/span>\n\t\t\t\t\t\t\t<span class='e-n-accordion-item-title-icon'>\n\t\t\t<span class='e-opened' ><svg aria-hidden=\"true\" class=\"e-font-icon-svg e-fas-minus\" viewBox=\"0 0 448 512\" xmlns=\"http:\/\/www.w3.org\/2000\/svg\"><path d=\"M416 208H32c-17.67 0-32 14.33-32 32v32c0 17.67 14.33 32 32 32h384c17.67 0 32-14.33 32-32v-32c0-17.67-14.33-32-32-32z\"><\/path><\/svg><\/span>\n\t\t\t<span class='e-closed'><svg aria-hidden=\"true\" class=\"e-font-icon-svg e-fas-plus\" viewBox=\"0 0 448 512\" xmlns=\"http:\/\/www.w3.org\/2000\/svg\"><path d=\"M416 208H272V64c0-17.67-14.33-32-32-32h-32c-17.67 0-32 14.33-32 32v144H32c-17.67 0-32 14.33-32 32v32c0 17.67 14.33 32 32 32h144v144c0 17.67 14.33 32 32 32h32c17.67 0 32-14.33 32-32V304h144c17.67 0 32-14.33 32-32v-32c0-17.67-14.33-32-32-32z\"><\/path><\/svg><\/span>\n\t\t<\/span>\n\n\t\t\t\t\t\t<\/summary>\n\t\t\t\t<div role=\"region\" aria-labelledby=\"e-n-accordion-item-6006\" class=\"elementor-element elementor-element-efc9977 e-flex e-con-boxed e-con e-child\" data-id=\"efc9977\" data-element_type=\"container\" data-e-type=\"container\">\n\t\t\t\t\t<div class=\"e-con-inner\">\n\t\t\t\t<div class=\"elementor-element elementor-element-5ed2d2a elementor-widget elementor-widget-text-editor\" data-id=\"5ed2d2a\" data-element_type=\"widget\" data-e-type=\"widget\" data-widget_type=\"text-editor.default\">\n\t\t\t\t\t\t\t\t\t<p><strong>Internato, Est\u00e1gio e Voluntariado <\/strong>\u2013 A institui\u00e7\u00e3o funciona como polo de est\u00e1gio, via parceria com a Universidade de Rio Verde (Unirv) e Faculdade de Mineiros.<\/p><p>O Ceap-Sol atua em parceria com o Centro de Ensino e Pesquisa do Hospital Estadual de Doen\u00e7as Tropicais Dr. Anuar Auad (HDT) e possui conv\u00eanio com a Escola de Sa\u00fade P\u00fablica de Goi\u00e1s. Al\u00e9m disso, de forma cont\u00ednua, promove treinamentos, palestras, simula\u00e7\u00f5es real\u00edsticas e rodas de conversa sobre temas de relev\u00e2ncia e dentro do perfil de atua\u00e7\u00e3o da unidade.<\/p>\t\t\t\t\t\t\t\t<\/div>\n\t\t\t\t\t<\/div>\n\t\t\t\t<\/div>\n\t\t\t\t\t<\/details>\n\t\t\t\t\t\t<details id=\"e-n-accordion-item-6007\" class=\"e-n-accordion-item\" >\n\t\t\t\t<summary class=\"e-n-accordion-item-title\" data-accordion-index=\"8\" tabindex=\"-1\" aria-expanded=\"false\" aria-controls=\"e-n-accordion-item-6007\" >\n\t\t\t\t\t<span class='e-n-accordion-item-title-header'><div class=\"e-n-accordion-item-title-text\"> Ouvidoria <\/div><\/span>\n\t\t\t\t\t\t\t<span class='e-n-accordion-item-title-icon'>\n\t\t\t<span class='e-opened' ><svg aria-hidden=\"true\" class=\"e-font-icon-svg e-fas-minus\" viewBox=\"0 0 448 512\" xmlns=\"http:\/\/www.w3.org\/2000\/svg\"><path d=\"M416 208H32c-17.67 0-32 14.33-32 32v32c0 17.67 14.33 32 32 32h384c17.67 0 32-14.33 32-32v-32c0-17.67-14.33-32-32-32z\"><\/path><\/svg><\/span>\n\t\t\t<span class='e-closed'><svg aria-hidden=\"true\" class=\"e-font-icon-svg e-fas-plus\" viewBox=\"0 0 448 512\" xmlns=\"http:\/\/www.w3.org\/2000\/svg\"><path d=\"M416 208H272V64c0-17.67-14.33-32-32-32h-32c-17.67 0-32 14.33-32 32v144H32c-17.67 0-32 14.33-32 32v32c0 17.67 14.33 32 32 32h144v144c0 17.67 14.33 32 32 32h32c17.67 0 32-14.33 32-32V304h144c17.67 0 32-14.33 32-32v-32c0-17.67-14.33-32-32-32z\"><\/path><\/svg><\/span>\n\t\t<\/span>\n\n\t\t\t\t\t\t<\/summary>\n\t\t\t\t<div role=\"region\" aria-labelledby=\"e-n-accordion-item-6007\" class=\"elementor-element elementor-element-187d9f5 e-flex e-con-boxed e-con e-child\" data-id=\"187d9f5\" data-element_type=\"container\" data-e-type=\"container\">\n\t\t\t\t\t<div class=\"e-con-inner\">\n\t\t\t\t<div class=\"elementor-element elementor-element-8d5b5b9 elementor-widget elementor-widget-text-editor\" data-id=\"8d5b5b9\" data-element_type=\"widget\" data-e-type=\"widget\" data-widget_type=\"text-editor.default\">\n\t\t\t\t\t\t\t\t\t<p><strong>Telefone<\/strong>: (62) 3201-9288<\/p><p><strong>Hor\u00e1rio de atendimento<\/strong>: Segunda a quinta-feira, das 08h \u00e0s 18h e sexta-feira das 08h \u00e0s 17h.<\/p>\t\t\t\t\t\t\t\t<\/div>\n\t\t\t\t\t<\/div>\n\t\t\t\t<\/div>\n\t\t\t\t\t<\/details>\n\t\t\t\t\t<\/div>\n\t\t\t\t\t\t<\/div>\n\t\t\t\t<\/div>\n\t\t\t\t\t<\/div>\n\t\t\t\t<\/div>\n\t\t\t\t<\/div>\n\t\t","protected":false},"excerpt":{"rendered":"<p>Recep\u00e7\u00e3o Telefone: (62) 3201- 9288 Diretoria Dire\u00e7\u00e3o Executiva: Igor Guimar\u00e3es62 3201- 9288 \/ diretoria.executiva.cs@isgsaude.org Dire\u00e7\u00e3o T\u00e9cnica: Dra. Vivian Siqueira Furtado Passos &#8211; CRM\/GO n\u00ba 1219662 3201- 9288 \/ dirtecnica.cs@isgsaude.org Acesso \u00e0 Informa\u00e7\u00e3o da OS Localiza\u00e7\u00e3o Avenida Veneza, Quadra 62, Lote 1\/10 s\/n &#8211; Jardim Europa, Goi\u00e2nia &#8211; GO, 74325-100 O Centro Estadual de Aten\u00e7\u00e3o Prolongada [&hellip;]<\/p>\n","protected":false},"author":7,"featured_media":0,"parent":0,"menu_order":0,"comment_status":"closed","ping_status":"closed","template":"","meta":{"footnotes":""},"class_list":["post-37854","page","type-page","status-publish","hentry"],"rttpg_featured_image_url":null,"rttpg_author":{"display_name":"gustavogoncalves","author_link":"https:\/\/goias.gov.br\/saude\/author\/gustavogoncalves\/"},"rttpg_comment":0,"rttpg_category":null,"rttpg_excerpt":"Recep\u00e7\u00e3o Telefone: (62) 3201- 9288 Diretoria Dire\u00e7\u00e3o Executiva: Igor Guimar\u00e3es62 3201- 9288 \/ diretoria.executiva.cs@isgsaude.org Dire\u00e7\u00e3o T\u00e9cnica: Dra. Vivian Siqueira Furtado Passos &#8211; CRM\/GO n\u00ba 1219662 3201- 9288 \/ dirtecnica.cs@isgsaude.org Acesso \u00e0 Informa\u00e7\u00e3o da OS Localiza\u00e7\u00e3o Avenida Veneza, Quadra 62, Lote 1\/10 s\/n &#8211; Jardim Europa, Goi\u00e2nia &#8211; GO, 74325-100 O Centro Estadual de Aten\u00e7\u00e3o Prolongada&hellip;","_links":{"self":[{"href":"https:\/\/goias.gov.br\/saude\/wp-json\/wp\/v2\/pages\/37854","targetHints":{"allow":["GET"]}}],"collection":[{"href":"https:\/\/goias.gov.br\/saude\/wp-json\/wp\/v2\/pages"}],"about":[{"href":"https:\/\/goias.gov.br\/saude\/wp-json\/wp\/v2\/types\/page"}],"author":[{"embeddable":true,"href":"https:\/\/goias.gov.br\/saude\/wp-json\/wp\/v2\/users\/7"}],"replies":[{"embeddable":true,"href":"https:\/\/goias.gov.br\/saude\/wp-json\/wp\/v2\/comments?post=37854"}],"version-history":[{"count":2,"href":"https:\/\/goias.gov.br\/saude\/wp-json\/wp\/v2\/pages\/37854\/revisions"}],"predecessor-version":[{"id":721640,"href":"https:\/\/goias.gov.br\/saude\/wp-json\/wp\/v2\/pages\/37854\/revisions\/721640"}],"wp:attachment":[{"href":"https:\/\/goias.gov.br\/saude\/wp-json\/wp\/v2\/media?parent=37854"}],"curies":[{"name":"wp","href":"https:\/\/api.w.org\/{rel}","templated":true}]}}