

{"id":37773,"date":"2023-12-04T15:01:49","date_gmt":"2023-12-04T18:01:49","guid":{"rendered":"https:\/\/siteshom.goias.gov.br\/saude\/?page_id=37773"},"modified":"2025-12-02T15:13:12","modified_gmt":"2025-12-02T18:13:12","slug":"sala-de-imprensa","status":"publish","type":"page","link":"https:\/\/goias.gov.br\/saude\/sala-de-imprensa\/","title":{"rendered":"Sala de Imprensa"},"content":{"rendered":"\t\t<div data-elementor-type=\"wp-page\" data-elementor-id=\"37773\" class=\"elementor elementor-37773\">\n\t\t\t\t<div class=\"elementor-element elementor-element-9434b2b e-flex e-con-boxed e-con e-parent\" data-id=\"9434b2b\" data-element_type=\"container\" data-e-type=\"container\">\n\t\t\t\t\t<div class=\"e-con-inner\">\n\t\t<div class=\"elementor-element elementor-element-12d6b1b e-con-full e-flex e-con e-child\" data-id=\"12d6b1b\" data-element_type=\"container\" data-e-type=\"container\">\n\t\t\t\t<div class=\"elementor-element elementor-element-8c52881 elementor-widget elementor-widget-shortcode\" data-id=\"8c52881\" data-element_type=\"widget\" data-e-type=\"widget\" data-widget_type=\"shortcode.default\">\n\t\t\t\t\t\t\t<div class=\"elementor-shortcode\"><div data-post-id=\"15985\" class=\"insert-page insert-page-15985 \"><h1 class='insert-page-title'>Equipe Sala de Imprensa<\/h1><p><strong>Chefe da Comunica\u00e7\u00e3o Setorial<\/strong><br \/>\nIara Silva Louren\u00e7o<br \/>\nTelefone: 62 3201-3811<br \/>\nE-mail: <a href=\"mailto:comunicacao.saude@goias.gov.br\">comunicacao.saude@goias.gov.br<\/a><\/p>\n<p><strong>Recep\u00e7\u00e3o<br \/>\n<\/strong>Telefone: 62 3201-3420<\/p>\n<p><strong>Coordena\u00e7\u00e3o Geral<\/strong><br \/>\nPatr\u00edcia Almeida<br \/>\nTelefone: 62 3201-2452<br \/>\nE-mail: <a href=\"mailto:comunicacao.saude@goias.gov.br\">comunicacao.saude@goias.gov.br<\/a><\/p>\n<p><strong>Coordena\u00e7\u00e3o Administrativa<\/strong><br \/>\nNorma Leite<br \/>\nTelefone: 62 3201-3739<br \/>\nE-mail: <a href=\"mailto:comunicacaoadm.saude@goias.gov.br\">comunicacaoadm.saude@goias.gov.br<\/a><\/p>\n<p><strong>Coordena\u00e7\u00e3o de Jornalismo\u00a0<\/strong><br \/>\nCargo vago<\/p>\n<p><strong>Coordena\u00e7\u00e3o de Imprensa<\/strong><br \/>\nLara Eduarda<br \/>\nTelefone: 62 3201-2452<br \/>\nE-mail: <a href=\"mailto:comunicacao.saude@goias.gov.br\">comunicacao.saude@goias.gov.br<\/a><\/p>\n<p><strong>Equipe de Jornalismo<\/strong><br \/>\nTelefone: 62 3201-3816<br \/>\nE-mail: <a href=\"mailto:comunicacao.saude@goias.gov.br\">comunicacao.saude@goias.gov.br<\/a><\/p>\n<p><strong>Coordena\u00e7\u00e3o de M\u00eddias Sociais<\/strong><br \/>\nMonique Arruda<br \/>\nTelefone: 62 3201-3834<br \/>\nE-mail: <a href=\"mailto:comunicacaomidias.saude@goias.gov.br\">comunicacaomidias.saude@goias.gov.br<\/a><\/p>\n<p><strong>Coordena\u00e7\u00e3o de Site Institucional<\/strong><br \/>\nIsabela Melo<br \/>\nTelefone: 62 3201-3465<br \/>\nE-mail: <a href=\"mailto:comunicacaosite.saude@goias.gov.br\">comunicacaosite.saude@goias.gov.br<\/a><\/p>\n<p><strong>N\u00facleo de Publicidade<\/strong><br \/>\nWesley C\u00e9sar Gomes Costa<br \/>\nTelefone: sem no momento<br \/>\nE-mail: <a href=\"mailto:comunicacaopublicidade.saude@goias.gov.br\">comunicacaopublicidade.saude@goias.gov.br<\/a><\/p>\n<ul class='post-meta'>\n<li><span class='post-meta-key'>tpg-post-view-count:<\/span> 1173<\/li>\n<li><span class='post-meta-key'>rank_math_internal_links_processed:<\/span> 1<\/li>\n<li><span class='post-meta-key'>rank_math_lock_modified_date:<\/span> <\/li>\n<li><span class='post-meta-key'>footnotes:<\/span> <\/li>\n<\/ul>\n<\/div><\/div>\n\t\t\t\t\t\t<\/div>\n\t\t\t\t<\/div>\n\t\t<div class=\"elementor-element elementor-element-44d51bb e-con-full e-flex e-con e-child\" data-id=\"44d51bb\" data-element_type=\"container\" data-e-type=\"container\">\n\t\t\t\t<div class=\"elementor-element elementor-element-60018d5 elementor-drop-cap-yes elementor-drop-cap-view-default elementor-widget elementor-widget-text-editor\" data-id=\"60018d5\" data-element_type=\"widget\" data-e-type=\"widget\" data-settings=\"{&quot;drop_cap&quot;:&quot;yes&quot;}\" data-widget_type=\"text-editor.default\">\n\t\t\t\t\t\t\t\t\t<h2 class=\"insert-page-title\">Logotipos Oficiais, Apresenta\u00e7\u00f5es e Manuais<\/h2><ul class=\"easyfolderlisting\"><li><a href=\"https:\/\/goias.gov.br\/saude\/wp-content\/uploads\/sites\/34\/sala-de-imprensa\/papel-timbrado.docx\">Papel Timbrado<\/a> (.docx)<\/li><li><a href=\"https:\/\/goias.gov.br\/saude\/wp-content\/uploads\/sites\/34\/sala-de-imprensa\/papel-timbrado.odt\">Papel Timbrado<\/a> (.odt)<\/li><li><a href=\"https:\/\/goias.gov.br\/saude\/wp-content\/uploads\/sites\/34\/sala-de-imprensa\/modelo-apresentacao-2025.pptx\">Modelo de Apresenta\u00e7\u00e3o &#8211; Governo de Goi\u00e1s<\/a> (.pptx)<\/li><li><a href=\"https:\/\/www.canva.com\/design\/DAGdy5FSwig\/Pb6n2aWMKlNANd0Y-DJa9A\/edit?utm_content=DAGdy5FSwig&amp;utm_campaign=designshare&amp;utm_medium=link2&amp;utm_source=sharebutton\" target=\"_blank\" rel=\"noopener\">Modelo de Apresenta\u00e7\u00e3o<\/a> (Canva) <strong>Observa\u00e7\u00e3o<\/strong>: Clique em &#8220;Arquivo&#8221;, depois em &#8220;Fazer uma c\u00f3pia&#8221;<\/li><li><a href=\"https:\/\/drive.google.com\/drive\/folders\/1VzCt0ae0m4mb-fzpjv0-ak05NARPDyff\" target=\"_blank\" rel=\"noopener\">Manual de Identidade Visual das Unidades de Sa\u00fade e outros materiais<\/a><\/li><li><a href=\"https:\/\/goias.gov.br\/saude\/wp-content\/uploads\/sites\/34\/sala-de-imprensa\/manual-de-impressos-governo-de-goias.pdf\" target=\"_blank\" rel=\"noopener\">Manual de Impressos do Governo<\/a><\/li><li><a href=\"https:\/\/drive.google.com\/drive\/folders\/1imP96VDZIAA1kSf7CyZTxF3IJGEDVysw\" target=\"_blank\" rel=\"noopener\">Manual de Marca, Logo, Placas, Uniformes e outros &#8211; Governo de Goi\u00e1s<\/a><\/li><li><a href=\"https:\/\/goias.gov.br\/saude\/wp-content\/uploads\/sites\/34\/sala-de-imprensa\/logomarca-governo-de-goias-ses.zip\">Logomarca do Governo de Goi\u00e1s &#8211; SES<\/a> (.zip)<\/li><li><a href=\"https:\/\/goias.gov.br\/saude\/wp-content\/uploads\/sites\/34\/sala-de-imprensa\/brasao-estado-de-goias.zip\">Bras\u00e3o Estado de Goi\u00e1s <\/a>(.zip)<\/li><\/ul><h2 class=\"insert-page-title\">Materiais gr\u00e1ficos<\/h2><ul class=\"easyfolderlisting\"><li><a href=\"https:\/\/goias.gov.br\/saude\/wp-content\/uploads\/sites\/34\/sala-de-imprensa\/fluxo-materiais-graficos.pdf\" target=\"_blank\" rel=\"noopener\">Fluxo de solicita\u00e7\u00e3o de Materiais Gr\u00e1ficos<\/a>\u00a0<\/li><li><a href=\"https:\/\/goias.gov.br\/saude\/wp-content\/uploads\/sites\/34\/sala-de-imprensa\/castro-eventos.pdf\" target=\"_blank\" rel=\"noopener\">Contrato vigente &#8211; Castro Eventos<\/a><\/li><li><a href=\"https:\/\/goias.gov.br\/saude\/wp-content\/uploads\/sites\/34\/sala-de-imprensa\/grafica-sete.pdf\" target=\"_blank\" rel=\"noopener\">Contrato vigente &#8211; Gr\u00e1fica Sete<\/a><\/li><\/ul><h2>\u00a0<\/h2><h2 class=\"insert-page-title\">Contrato de Publicidade<\/h2><ul class=\"easyfolderlisting\"><li>Fluxo de solicita\u00e7\u00e3o<\/li><li><a href=\"https:\/\/goias.gov.br\/saude\/wp-content\/uploads\/sites\/34\/sala-de-imprensa\/contrato-agencias-publicidade.pdf\" target=\"_blank\" rel=\"noopener\">Contrato vigente com as empresas Bees, AMP e Klimt\u00a0<\/a>(Processo SEI n\u00ba 202400005034164)<\/li><\/ul>\t\t\t\t\t\t\t\t<\/div>\n\t\t\t\t<\/div>\n\t\t\t\t\t<\/div>\n\t\t\t\t<\/div>\n\t\t<div class=\"elementor-element elementor-element-ef575e4 e-flex e-con-boxed e-con e-parent\" data-id=\"ef575e4\" data-element_type=\"container\" data-e-type=\"container\">\n\t\t\t\t\t<div class=\"e-con-inner\">\n\t\t<div class=\"elementor-element elementor-element-48c2aa1 e-con-full e-flex e-con e-child\" data-id=\"48c2aa1\" data-element_type=\"container\" data-e-type=\"container\">\n\t\t\t\t<div class=\"elementor-element elementor-element-ae9ae4e elementor-widget elementor-widget-text-editor\" data-id=\"ae9ae4e\" data-element_type=\"widget\" data-e-type=\"widget\" data-widget_type=\"text-editor.default\">\n\t\t\t\t\t\t\t\t\t<p style=\"text-align: right;\"><a href=\"\/saude\/categoria\/galeria-de-fotos\/\" target=\"_blank\" rel=\"noopener noreferrer\">Veja mais<strong>&gt;<\/strong><\/a><\/p>\t\t\t\t\t\t\t\t<\/div>\n\t\t\t\t<\/div>\n\t\t<div class=\"elementor-element elementor-element-95d9627 e-con-full e-flex e-con e-child\" data-id=\"95d9627\" data-element_type=\"container\" data-e-type=\"container\">\n\t\t\t\t<div class=\"elementor-element elementor-element-20b7a65 elementor-widget elementor-widget-video\" data-id=\"20b7a65\" data-element_type=\"widget\" data-e-type=\"widget\" data-settings=\"{&quot;youtube_url&quot;:&quot;https:\\\/\\\/youtu.be\\\/WfnVxjd3Ndk&quot;,&quot;video_type&quot;:&quot;youtube&quot;,&quot;controls&quot;:&quot;yes&quot;}\" data-widget_type=\"video.default\">\n\t\t\t\t\t\t\t<div class=\"elementor-wrapper elementor-open-inline\">\n\t\t\t<div class=\"elementor-video\"><\/div>\t\t<\/div>\n\t\t\t\t\t\t<\/div>\n\t\t\t\t<div class=\"elementor-element elementor-element-2a80613 elementor-widget elementor-widget-text-editor\" data-id=\"2a80613\" data-element_type=\"widget\" data-e-type=\"widget\" data-widget_type=\"text-editor.default\">\n\t\t\t\t\t\t\t\t\t<p style=\"text-align: right;\"><a href=\"https:\/\/www.youtube.com\/user\/saudegoias\/videos?view_as=subscriberplaylists?view_as=subscriber\" target=\"_blank\" rel=\"noopener noreferrer\">Acesse mais\u00a0v\u00eddeos\u00a0<strong>&gt;<\/strong><\/a><\/p>\t\t\t\t\t\t\t\t<\/div>\n\t\t\t\t<\/div>\n\t\t\t\t\t<\/div>\n\t\t\t\t<\/div>\n\t\t\t\t<\/div>\n\t\t","protected":false},"excerpt":{"rendered":"<p>Logotipos Oficiais, Apresenta\u00e7\u00f5es e Manuais Papel Timbrado (.docx) Papel Timbrado (.odt) Modelo de Apresenta\u00e7\u00e3o &#8211; Governo de Goi\u00e1s (.pptx) Modelo de Apresenta\u00e7\u00e3o (Canva) Observa\u00e7\u00e3o: Clique em &#8220;Arquivo&#8221;, depois em &#8220;Fazer uma c\u00f3pia&#8221; Manual de Identidade Visual das Unidades de Sa\u00fade e outros materiais Manual de Impressos do Governo Manual de Marca, Logo, Placas, Uniformes e [&hellip;]<\/p>\n","protected":false},"author":7,"featured_media":0,"parent":0,"menu_order":0,"comment_status":"closed","ping_status":"closed","template":"wppb_theme_template","meta":{"footnotes":""},"class_list":["post-37773","page","type-page","status-publish","hentry"],"rttpg_featured_image_url":null,"rttpg_author":{"display_name":"gustavogoncalves","author_link":"https:\/\/goias.gov.br\/saude\/author\/gustavogoncalves\/"},"rttpg_comment":0,"rttpg_category":"","rttpg_excerpt":"Logotipos Oficiais, Apresenta\u00e7\u00f5es e Manuais Papel Timbrado (.docx) Papel Timbrado (.odt) Modelo de Apresenta\u00e7\u00e3o &#8211; Governo de Goi\u00e1s (.pptx) Modelo de Apresenta\u00e7\u00e3o (Canva) Observa\u00e7\u00e3o: Clique em &#8220;Arquivo&#8221;, depois em &#8220;Fazer uma c\u00f3pia&#8221; Manual de Identidade Visual das Unidades de Sa\u00fade e outros materiais Manual de Impressos do Governo Manual de Marca, Logo, Placas, Uniformes e&hellip;","_links":{"self":[{"href":"https:\/\/goias.gov.br\/saude\/wp-json\/wp\/v2\/pages\/37773","targetHints":{"allow":["GET"]}}],"collection":[{"href":"https:\/\/goias.gov.br\/saude\/wp-json\/wp\/v2\/pages"}],"about":[{"href":"https:\/\/goias.gov.br\/saude\/wp-json\/wp\/v2\/types\/page"}],"author":[{"embeddable":true,"href":"https:\/\/goias.gov.br\/saude\/wp-json\/wp\/v2\/users\/7"}],"replies":[{"embeddable":true,"href":"https:\/\/goias.gov.br\/saude\/wp-json\/wp\/v2\/comments?post=37773"}],"version-history":[{"count":2,"href":"https:\/\/goias.gov.br\/saude\/wp-json\/wp\/v2\/pages\/37773\/revisions"}],"predecessor-version":[{"id":625831,"href":"https:\/\/goias.gov.br\/saude\/wp-json\/wp\/v2\/pages\/37773\/revisions\/625831"}],"wp:attachment":[{"href":"https:\/\/goias.gov.br\/saude\/wp-json\/wp\/v2\/media?parent=37773"}],"curies":[{"name":"wp","href":"https:\/\/api.w.org\/{rel}","templated":true}]}}