

{"id":37697,"date":"2023-11-30T17:11:26","date_gmt":"2023-11-30T20:11:26","guid":{"rendered":"https:\/\/siteshom.goias.gov.br\/saude\/?page_id=37697"},"modified":"2025-11-27T11:31:30","modified_gmt":"2025-11-27T14:31:30","slug":"vigilancia-epidemiologica-de-doencas-transmissiveis","status":"publish","type":"page","link":"https:\/\/goias.gov.br\/saude\/vigilancia-epidemiologica-de-doencas-transmissiveis\/","title":{"rendered":"Vigil\u00e2ncia Epidemiol\u00f3gica de Doen\u00e7as Transmiss\u00edveis"},"content":{"rendered":"\t\t<div data-elementor-type=\"wp-page\" data-elementor-id=\"37697\" class=\"elementor elementor-37697\">\n\t\t\t\t<div class=\"elementor-element elementor-element-e8f0e6d e-flex e-con-boxed e-con e-parent\" data-id=\"e8f0e6d\" data-element_type=\"container\" data-e-type=\"container\">\n\t\t\t\t\t<div class=\"e-con-inner\">\n\t\t\t\t<div class=\"elementor-element elementor-element-a24eb43 elementor-widget elementor-widget-heading\" data-id=\"a24eb43\" data-element_type=\"widget\" data-e-type=\"widget\" data-widget_type=\"heading.default\">\n\t\t\t\t\t<h2 class=\"elementor-heading-title elementor-size-default\">Vigil\u00e2ncia Epidemiol\u00f3gica de Doen\u00e7as Transmiss\u00edveis<\/h2>\t\t\t\t<\/div>\n\t\t\t\t<div class=\"elementor-element elementor-element-ab3ea1c elementor-widget elementor-widget-text-editor\" data-id=\"ab3ea1c\" data-element_type=\"widget\" data-e-type=\"widget\" data-widget_type=\"text-editor.default\">\n\t\t\t\t\t\t\t\t\t<p>A Vigil\u00e2ncia Epidemiol\u00f3gica de Doen\u00e7as Transmiss\u00edveis \u00e9 uma \u00e1rea da sa\u00fade p\u00fablica que se dedica \u00e0 coleta sistem\u00e1tica, an\u00e1lise, interpreta\u00e7\u00e3o e dissemina\u00e7\u00e3o de informa\u00e7\u00f5es relacionadas \u00e0 ocorr\u00eancia de doen\u00e7as que possuem a capacidade de serem transmitidas entre indiv\u00edduos, seja por meio de agentes patog\u00eanicos, vetores ou f\u00f4mites. Seu principal objetivo \u00e9 monitorar e controlar a propaga\u00e7\u00e3o dessas doen\u00e7as, contribuindo para a preven\u00e7\u00e3o, diagn\u00f3stico precoce e resposta eficaz a surtos ou epidemias.<\/p><p>Ela fornece informa\u00e7\u00f5es cruciais para a tomada de decis\u00f5es por parte das autoridades de sa\u00fade, contribuindo para a prote\u00e7\u00e3o da sa\u00fade da popula\u00e7\u00e3o e a minimiza\u00e7\u00e3o do impacto dessas doen\u00e7as na sociedade. Tecnologias modernas, como a vigil\u00e2ncia baseada em dados de sa\u00fade eletr\u00f4nicos e a integra\u00e7\u00e3o de sistemas de informa\u00e7\u00e3o, podem aprimorar a efic\u00e1cia da vigil\u00e2ncia epidemiol\u00f3gica. Desempenha um papel crucial na prote\u00e7\u00e3o da sa\u00fade p\u00fablica, fornecendo informa\u00e7\u00f5es fundamentais para a preven\u00e7\u00e3o e controle de doen\u00e7as que podem se disseminar entre as pessoas.<\/p>\t\t\t\t\t\t\t\t<\/div>\n\t\t\t\t\t<\/div>\n\t\t\t\t<\/div>\n\t\t<div class=\"elementor-element elementor-element-f4ed47b e-flex e-con-boxed e-con e-parent\" data-id=\"f4ed47b\" data-element_type=\"container\" data-e-type=\"container\">\n\t\t\t\t\t<div class=\"e-con-inner\">\n\t\t\t\t<div class=\"elementor-element elementor-element-757f200 elementor-widget elementor-widget-html\" data-id=\"757f200\" data-element_type=\"widget\" data-e-type=\"widget\" data-widget_type=\"html.default\">\n\t\t\t\t\t<!DOCTYPE html>\r\n<html lang=\"pt-br\" dir=\"ltr\">\r\n\r\n<head>\r\n    <meta http-equiv=\"Content-Type\" content=\"text\/html; charset=UTF-8\" \/>\r\n    <style>\r\n        \/* Estilos para desktop *\/\r\n        .container {\r\n            padding: 10px;\r\n        }\r\n\r\n        .section {\r\n            margin-bottom: 10px;\r\n        }\r\n\r\n        .title {\r\n            text-align: center;\r\n            margin: 0 0 24px;\r\n            color: #0c326f;\r\n            font-weight: 600;\r\n            font-size: 2.2rem;\r\n            line-height: 1.5;\r\n        }\r\n\r\n        .cards {\r\n            display: flex;\r\n            justify-content: space-evenly;\r\n            flex-wrap: wrap;\r\n            margin: 0;\r\n            padding: 0;\r\n            list-style: none;\r\n        }\r\n\r\n        .cards li {\r\n            background-color: #ededed;\r\n            box-shadow: 0 3px 6px 0 rgba(0, 0, 0, 0.16);\r\n            text-align: center;\r\n            flex-basis: 23%;\r\n            box-sizing: border-box;\r\n            min-height: 60px;\r\n            margin-bottom: 0.9em;\r\n            line-height: 1.2em;\r\n            display: list-item;\r\n        }\r\n\r\n        .cards li a {\r\n            display: flex;\r\n            justify-content: center;\r\n            align-items: center;\r\n            flex-direction: column;\r\n            width: 100%;\r\n            height: 100%;\r\n            color: #1351b4;\r\n            font-weight: 600;\r\n            text-decoration: none;\r\n        }\r\n\r\n        .cards li i,\r\n        .cards li span {\r\n            font-size: 10px;\r\n            margin-bottom: 30px;\r\n            color: #0c326f;\r\n            width: auto;\r\n            font-weight: 200;\r\n        }\r\n\r\n        .cards li .title {\r\n            font-size: 15px;\r\n            color: #0c326f;\r\n            font-weight: 500;\r\n            margin: 0;\r\n            text-transform: uppercase;\r\n        }\r\n\r\n        \/* Estilos para telas menores *\/\r\n        @media screen and (max-width: 768px) {\r\n            .cards {\r\n                gap: 20px;\r\n                \/* Espa\u00e7amento entre os cards *\/\r\n                margin-top: 20px;\r\n                \/* Margem superior para os cards *\/\r\n            }\r\n\r\n            .cards li {\r\n                flex-basis: calc(50% - 20px);\r\n                \/* Tamanho dos cards com espa\u00e7amento *\/\r\n            }\r\n        }\r\n\r\n        @media screen and (max-width: 480px) {\r\n            .cards {\r\n                gap: 15px;\r\n                \/* Espa\u00e7amento menor entre os cards *\/\r\n                margin-top: 15px;\r\n                \/* Margem superior menor para os cards *\/\r\n            }\r\n\r\n            .cards li {\r\n                flex-basis: calc(100% - 30px);\r\n                \/* Tamanho dos cards com espa\u00e7amento menor *\/\r\n            }\r\n        }\r\n    <\/style>\r\n<\/head>\r\n\r\n<body>\r\n    <div class=\"container\">\r\n        <div class=\"section\">\r\n            <div class=\"suvisa\">\r\n\r\n                <ul class=\"cards\">\r\n                    <li>\r\n                        <a href=\"https:\/\/goias.gov.br\/saude\/fichas-de-notificacao-sinan\/\">\r\n\r\n                            <div class=\"title\">fichas de notifica\u00e7\u00e3o compuls\u00f3ria<\/div>\r\n                        <\/a>\r\n                    <\/li>\r\n                    <li>\r\n                        <a\r\n                            href=\"https:\/\/goias.gov.br\/saude\/wp-content\/uploads\/sites\/34\/files\/vigilancia\/epidemiologica\/lamina-epidemiologico.pdf\">\r\n\r\n                            <div class=\"title\">doen\u00e7as e agravos de notifica\u00e7\u00e3o compuls\u00f3ria<\/div>\r\n                        <\/a>\r\n                    <\/li>\r\n                    <li>\r\n                        <a href=\"https:\/\/goias.gov.br\/saude\/planos-de-contingencia\/\">\r\n\r\n                            <div class=\"title\">planos de conting\u00eancia<\/div>\r\n                        <\/a>\r\n                    <\/li>\r\n\r\n                    <li>\r\n                        <a href=\"https:\/\/goias.gov.br\/saude\/arboviroses\/\">\r\n\r\n                            <div class=\"title\">arboviroses<\/div>\r\n                        <\/a>\r\n                    <\/li>\r\n                    \r\n                    <li>\r\n                        <a href=\"https:\/\/goias.gov.br\/saude\/monkeypox\/\">\r\n\r\n                            <div class=\"title\">monkeypox<\/div>\r\n                        <\/a>\r\n                    <\/li>\r\n                    \r\n                    <li>\r\n                        <a href=\"https:\/\/goias.gov.br\/saude\/doencas-imunopreviniveis-e-respiratorias\/\">\r\n\r\n                            <div class=\"title\">Doen\u00e7as Imunopreven\u00edveis e respirat\u00f3rias<\/div>\r\n                        <\/a>\r\n                    <\/li>\r\n\r\n                    <li>\r\n                        <a href=\"https:\/\/goias.gov.br\/saude\/zoonoses\/\">\r\n\r\n                            <div class=\"title\">zoonoses<\/div>\r\n                        <\/a>\r\n                    <\/li>\r\n\r\n                    <li>\r\n                        <a href=\"https:\/\/goias.gov.br\/saude\/doencas-negligenciadas\/\">\r\n\r\n                            <div class=\"title\">doen\u00e7as negligenciadas<\/div>\r\n                        <\/a>\r\n                    <\/li>\r\n\r\n                    <li>\r\n                        <a href=\"https:\/\/goias.gov.br\/saude\/infeccoes-sexualmente-transmissiveis\/\">\r\n\r\n                            <div class=\"title\">infec\u00e7\u00f5es sexualmente transmiss\u00edveis<\/div>\r\n                        <\/a>\r\n                    <\/li>\r\n\r\n                    <li>\r\n                        <a href=\"https:\/\/goias.gov.br\/saude\/sistemas-de-informacao-em-saude\/\">\r\n\r\n                            <div class=\"title\">sistemas de informa\u00e7\u00e3o em sa\u00fade<\/div>\r\n                        <\/a>\r\n                    <\/li>\r\n\r\n                <\/ul>\r\n            <\/div>\r\n        <\/div>\r\n    <\/div>\r\n<\/body>\r\n\r\n<\/html>\t\t\t\t<\/div>\n\t\t\t\t\t<\/div>\n\t\t\t\t<\/div>\n\t\t\t\t<\/div>\n\t\t","protected":false},"excerpt":{"rendered":"<p>Vigil\u00e2ncia Epidemiol\u00f3gica de Doen\u00e7as Transmiss\u00edveis A Vigil\u00e2ncia Epidemiol\u00f3gica de Doen\u00e7as Transmiss\u00edveis \u00e9 uma \u00e1rea da sa\u00fade p\u00fablica que se dedica \u00e0 coleta sistem\u00e1tica, an\u00e1lise, interpreta\u00e7\u00e3o e dissemina\u00e7\u00e3o de informa\u00e7\u00f5es relacionadas \u00e0 ocorr\u00eancia de doen\u00e7as que possuem a capacidade de serem transmitidas entre indiv\u00edduos, seja por meio de agentes patog\u00eanicos, vetores ou f\u00f4mites. Seu principal objetivo [&hellip;]<\/p>\n","protected":false},"author":222,"featured_media":0,"parent":0,"menu_order":0,"comment_status":"closed","ping_status":"closed","template":"elementor_header_footer","meta":{"footnotes":""},"class_list":["post-37697","page","type-page","status-publish","hentry"],"rttpg_featured_image_url":null,"rttpg_author":{"display_name":"diegomsilva","author_link":"https:\/\/goias.gov.br\/saude\/author\/diegomsilva\/"},"rttpg_comment":0,"rttpg_category":null,"rttpg_excerpt":"Vigil\u00e2ncia Epidemiol\u00f3gica de Doen\u00e7as Transmiss\u00edveis A Vigil\u00e2ncia Epidemiol\u00f3gica de Doen\u00e7as Transmiss\u00edveis \u00e9 uma \u00e1rea da sa\u00fade p\u00fablica que se dedica \u00e0 coleta sistem\u00e1tica, an\u00e1lise, interpreta\u00e7\u00e3o e dissemina\u00e7\u00e3o de informa\u00e7\u00f5es relacionadas \u00e0 ocorr\u00eancia de doen\u00e7as que possuem a capacidade de serem transmitidas entre indiv\u00edduos, seja por meio de agentes patog\u00eanicos, vetores ou f\u00f4mites. Seu principal objetivo&hellip;","_links":{"self":[{"href":"https:\/\/goias.gov.br\/saude\/wp-json\/wp\/v2\/pages\/37697","targetHints":{"allow":["GET"]}}],"collection":[{"href":"https:\/\/goias.gov.br\/saude\/wp-json\/wp\/v2\/pages"}],"about":[{"href":"https:\/\/goias.gov.br\/saude\/wp-json\/wp\/v2\/types\/page"}],"author":[{"embeddable":true,"href":"https:\/\/goias.gov.br\/saude\/wp-json\/wp\/v2\/users\/222"}],"replies":[{"embeddable":true,"href":"https:\/\/goias.gov.br\/saude\/wp-json\/wp\/v2\/comments?post=37697"}],"version-history":[{"count":2,"href":"https:\/\/goias.gov.br\/saude\/wp-json\/wp\/v2\/pages\/37697\/revisions"}],"predecessor-version":[{"id":616065,"href":"https:\/\/goias.gov.br\/saude\/wp-json\/wp\/v2\/pages\/37697\/revisions\/616065"}],"wp:attachment":[{"href":"https:\/\/goias.gov.br\/saude\/wp-json\/wp\/v2\/media?parent=37697"}],"curies":[{"name":"wp","href":"https:\/\/api.w.org\/{rel}","templated":true}]}}