

{"id":37675,"date":"2023-11-30T16:11:30","date_gmt":"2023-11-30T19:11:30","guid":{"rendered":"https:\/\/siteshom.goias.gov.br\/saude\/?page_id=37675"},"modified":"2025-12-02T11:37:01","modified_gmt":"2025-12-02T14:37:01","slug":"policlinica-estadual-da-regiao-do-entorno-formosa","status":"publish","type":"page","link":"https:\/\/goias.gov.br\/saude\/policlinica-estadual-da-regiao-do-entorno-formosa\/","title":{"rendered":"Policl\u00ednica Estadual da Regi\u00e3o do Entorno \u2013 Formosa\u00a0"},"content":{"rendered":"\t\t<div data-elementor-type=\"wp-page\" data-elementor-id=\"37675\" class=\"elementor elementor-37675\">\n\t\t\t\t<div class=\"elementor-element elementor-element-a7072d5 e-flex e-con-boxed e-con e-parent\" data-id=\"a7072d5\" data-element_type=\"container\" data-e-type=\"container\">\n\t\t\t\t\t<div class=\"e-con-inner\">\n\t\t\t\t<div class=\"elementor-element elementor-element-d0c8cc5 elementor-widget elementor-widget-image\" data-id=\"d0c8cc5\" data-element_type=\"widget\" data-e-type=\"widget\" data-widget_type=\"image.default\">\n\t\t\t\t\t\t\t\t\t\t\t\t\t\t\t<img decoding=\"async\" src=\"https:\/\/goias.gov.br\/saude\/wp-content\/uploads\/sites\/34\/2019\/11\/entorno-6bb.png\" title=\"\" alt=\"\" loading=\"lazy\" \/>\t\t\t\t\t\t\t\t\t\t\t\t\t\t\t<\/div>\n\t\t\t\t\t<\/div>\n\t\t\t\t<\/div>\n\t\t<div class=\"elementor-element elementor-element-25fcb75 e-flex e-con-boxed e-con e-parent\" data-id=\"25fcb75\" data-element_type=\"container\" data-e-type=\"container\">\n\t\t\t\t\t<div class=\"e-con-inner\">\n\t\t<div class=\"elementor-element elementor-element-d4566d5 e-con-full e-flex e-con e-child\" data-id=\"d4566d5\" data-element_type=\"container\" data-e-type=\"container\">\n\t\t\t\t<div class=\"elementor-element elementor-element-badd4e9 elementor-widget elementor-widget-text-editor\" data-id=\"badd4e9\" data-element_type=\"widget\" data-e-type=\"widget\" data-widget_type=\"text-editor.default\">\n\t\t\t\t\t\t\t\t\t<h4>Recep\u00e7\u00e3o<\/h4><p><strong>Telefone<\/strong>: (61) 3020-1580<\/p><p><strong>WhatsApp<\/strong>: (62) 3121-5418\u00a0<\/p><h4>Diretoria<\/h4><p><strong>Coordena\u00e7\u00e3o Operacional:<\/strong> Thayse Braga Ribeiro Fran\u00e7a<br \/><a href=\"mailto:thayse.ribeiro@poli-formosa.org.br\">thayse.ribeiro@poli-formosa.org.br<\/a><\/p><p><strong>Coordena\u00e7\u00e3o de Enfermagem:<\/strong> Alessandra Gomes Faedda<br \/><a href=\"mailto:alessandra.faedda@poli-formosa.org.br\">alessandra.faedda@poli-formosa.org.br<\/a><\/p><p><strong>M\u00e9dico RT:<\/strong> Lorena Santana<br \/><span style=\"font-size: 12pt;\"><a href=\"mailto:lorena.santana@poli-formosa.org.br\">lorena.santana@poli-formosa.org.br<\/a><\/span><\/p><p style=\"text-align: center;\"><span style=\"font-size: 12pt;\"><a class=\"btn btn-primary btn-block\" href=\"http:\/\/poli-formosa.org.br\/\" target=\"_blank\" rel=\"noopener\">Acesso \u00e0 Informa\u00e7\u00e3o da OS<\/a><\/span><\/p><h4><span style=\"font-size: 12pt;\">Localiza\u00e7\u00e3o<\/span><\/h4><p><span style=\"font-size: 12pt;\"><a href=\"https:\/\/maps.app.goo.gl\/jF9TTEBgpMg3S4c39\" target=\"_blank\" rel=\"noopener\"><span class=\"section-info-text\"><span class=\"widget-pane-link\">Avenida Oeste, quadras 4,5 e 9 \u2013 Jardim Oliveira \u2013 Formosa-Goi\u00e1s. CEP: 73.805-201<\/span><\/span><\/a><\/span><\/p>\t\t\t\t\t\t\t\t<\/div>\n\t\t\t\t<\/div>\n\t\t<div class=\"elementor-element elementor-element-32f140a e-con-full e-flex e-con e-child\" data-id=\"32f140a\" data-element_type=\"container\" data-e-type=\"container\">\n\t\t\t\t<div class=\"elementor-element elementor-element-d994f95 elementor-widget elementor-widget-text-editor\" data-id=\"d994f95\" data-element_type=\"widget\" data-e-type=\"widget\" data-widget_type=\"text-editor.default\">\n\t\t\t\t\t\t\t\t\t<p>\u00a0<\/p><p style=\"text-align: justify;\">A Policl\u00ednica Estadual da Regi\u00e3o do Entorno \u2013 Formosa \u00e9 uma unidade da Secretaria de Estado da Sa\u00fade de Goi\u00e1s (SES-GO), gerido pelo Instituto de Medicina, Estudos e Desenvolvimento (Imed). Tem perfil ambulatorial de alta resolutividade em diagn\u00f3stico e orienta\u00e7\u00e3o terap\u00eautica para diferentes especialidades m\u00e9dicas.<\/p><p style=\"text-align: justify;\">A unidade est\u00e1 apta a realizar procedimentos de m\u00e9dia complexidade, atrav\u00e9s de servi\u00e7os de atendimento m\u00e9dico especializado em consultas m\u00e9dicas, procedimentos cir\u00fargicos ambulatoriais, Servi\u00e7o de Apoio Diagn\u00f3stico e Terap\u00eautico. A Policl\u00ednica foi idealizada para atender a popula\u00e7\u00e3o da Macrorregi\u00e3o Nordeste. A unidade conta com uma estrutura limpa e organizada, onde \u00e9 priorizado o atendimento humanizado, a seguran\u00e7a do paciente, o respeito, a equidade e a inclus\u00e3o.<\/p><p style=\"text-align: justify;\">Os pacientes devem passar, inicialmente, pelo posto de sa\u00fade mais pr\u00f3ximo de sua resid\u00eancia para marcar a consulta, o exame ou o tratamento m\u00e9dico. A unidade atende diretamente a popula\u00e7\u00e3o dos oito munic\u00edpios que integram a regi\u00e3o do Entorno Norte. A unidade funciona de segunda a sexta-feira das 7h \u00e0s 19h.<\/p>\t\t\t\t\t\t\t\t<\/div>\n\t\t\t\t<\/div>\n\t\t\t\t\t<\/div>\n\t\t\t\t<\/div>\n\t\t<div class=\"elementor-element elementor-element-592925c e-flex e-con-boxed e-con e-parent\" data-id=\"592925c\" data-element_type=\"container\" data-e-type=\"container\">\n\t\t\t\t\t<div class=\"e-con-inner\">\n\t\t\t\t<div class=\"elementor-element elementor-element-8460e37 elementor-widget elementor-widget-heading\" data-id=\"8460e37\" data-element_type=\"widget\" data-e-type=\"widget\" data-widget_type=\"heading.default\">\n\t\t\t\t\t<h2 class=\"elementor-heading-title elementor-size-default\">INFORMA\u00c7\u00d5ES<\/h2>\t\t\t\t<\/div>\n\t\t\t\t<div class=\"elementor-element elementor-element-0f8161a elementor-widget elementor-widget-n-accordion\" data-id=\"0f8161a\" data-element_type=\"widget\" data-e-type=\"widget\" data-settings=\"{&quot;default_state&quot;:&quot;all_collapsed&quot;,&quot;max_items_expended&quot;:&quot;one&quot;,&quot;n_accordion_animation_duration&quot;:{&quot;unit&quot;:&quot;ms&quot;,&quot;size&quot;:400,&quot;sizes&quot;:[]}}\" data-widget_type=\"nested-accordion.default\">\n\t\t\t\t\t\t\t<div class=\"e-n-accordion\" aria-label=\"Accordion. Open links with Enter or Space, close with Escape, and navigate with Arrow Keys\">\n\t\t\t\t\t\t<details id=\"e-n-accordion-item-1620\" class=\"e-n-accordion-item\" >\n\t\t\t\t<summary class=\"e-n-accordion-item-title\" data-accordion-index=\"1\" tabindex=\"0\" aria-expanded=\"false\" aria-controls=\"e-n-accordion-item-1620\" >\n\t\t\t\t\t<span class='e-n-accordion-item-title-header'><div class=\"e-n-accordion-item-title-text\"> Exames e Especialidades M\u00e9dicas <\/div><\/span>\n\t\t\t\t\t\t\t<span class='e-n-accordion-item-title-icon'>\n\t\t\t<span class='e-opened' ><svg aria-hidden=\"true\" class=\"e-font-icon-svg e-fas-angle-down\" viewBox=\"0 0 320 512\" xmlns=\"http:\/\/www.w3.org\/2000\/svg\"><path d=\"M143 352.3L7 216.3c-9.4-9.4-9.4-24.6 0-33.9l22.6-22.6c9.4-9.4 24.6-9.4 33.9 0l96.4 96.4 96.4-96.4c9.4-9.4 24.6-9.4 33.9 0l22.6 22.6c9.4 9.4 9.4 24.6 0 33.9l-136 136c-9.2 9.4-24.4 9.4-33.8 0z\"><\/path><\/svg><\/span>\n\t\t\t<span class='e-closed'><svg aria-hidden=\"true\" class=\"e-font-icon-svg e-fas-angle-right\" viewBox=\"0 0 256 512\" xmlns=\"http:\/\/www.w3.org\/2000\/svg\"><path d=\"M224.3 273l-136 136c-9.4 9.4-24.6 9.4-33.9 0l-22.6-22.6c-9.4-9.4-9.4-24.6 0-33.9l96.4-96.4-96.4-96.4c-9.4-9.4-9.4-24.6 0-33.9L54.3 103c9.4-9.4 24.6-9.4 33.9 0l136 136c9.5 9.4 9.5 24.6.1 34z\"><\/path><\/svg><\/span>\n\t\t<\/span>\n\n\t\t\t\t\t\t<\/summary>\n\t\t\t\t<div role=\"region\" aria-labelledby=\"e-n-accordion-item-1620\" class=\"elementor-element elementor-element-dda5aaa e-con-full e-flex e-con e-child\" data-id=\"dda5aaa\" data-element_type=\"container\" data-e-type=\"container\">\n\t\t\t\t<div class=\"elementor-element elementor-element-e0b3f86 elementor-widget elementor-widget-text-editor\" data-id=\"e0b3f86\" data-element_type=\"widget\" data-e-type=\"widget\" data-widget_type=\"text-editor.default\">\n\t\t\t\t\t\t\t\t\t<p style=\"text-align: justify;\"><strong>Exames:<br \/><\/strong>\u2022 Colposcopia<br \/>\u2022 Triagem Oftalmol\u00f3gica<br \/>\u2022 Fundo de olho<br \/>\u2022 Tonometria <br \/>\u2022 Potencial de Acuidade Visual<br \/>\u2022 Densitometria \u00d3ssea<br \/>\u2022 Espirometria<br \/>\u2022 Pun\u00e7\u00e3o Aspirativa por Agulha Fina Mama<br \/>\u2022 Pun\u00e7\u00e3o Aspirativa por Agulha Grosso Mama<br \/>\u2022 Pun\u00e7\u00e3o Aspirativa de Agulha Fina Tireoide<br \/>\u2022 Radiografia<br \/>\u2022 Ultrassonografia Geral<br \/>\u2022 Ultrassonografia Musculoesquel\u00e9tica<br \/>\u2022 An\u00e1lise Cl\u00ednica<strong><br \/><\/strong><\/p><p style=\"text-align: justify;\"><strong>Especialidades M\u00e9dicas: <\/strong>Angiologia, Cardiologia, Cl\u00ednico Geral (Linha do Cuidado), Dermatologia, Endocrinologia\/Metabologia, Enfermagem, Farm\u00e1cia, Fisioterapia, Fonoaudiologia, Gastroenterologia, Ginecologia\/Obstetr\u00edcia, Hematologia, Hemodi\u00e1lise, Infectologia-Geral, Mastologia, Nefrologia, Neurologia, Nutri\u00e7\u00e3o, Obstetr\u00edcia de Alto Risco, Oftalmologia, Ortopedia e Traumatologia, Otorrinolaringologia, Pediatria, Pediatria de Alto Risco, Pneumologia, Psicologia, Psiquiatria, Reumatologia e Urologia.<\/p>\t\t\t\t\t\t\t\t<\/div>\n\t\t\t\t<\/div>\n\t\t\t\t\t<\/details>\n\t\t\t\t\t\t<details id=\"e-n-accordion-item-1621\" class=\"e-n-accordion-item\" >\n\t\t\t\t<summary class=\"e-n-accordion-item-title\" data-accordion-index=\"2\" tabindex=\"-1\" aria-expanded=\"false\" aria-controls=\"e-n-accordion-item-1621\" >\n\t\t\t\t\t<span class='e-n-accordion-item-title-header'><div class=\"e-n-accordion-item-title-text\"> Recursos Humanos <\/div><\/span>\n\t\t\t\t\t\t\t<span class='e-n-accordion-item-title-icon'>\n\t\t\t<span class='e-opened' ><svg aria-hidden=\"true\" class=\"e-font-icon-svg e-fas-angle-down\" viewBox=\"0 0 320 512\" xmlns=\"http:\/\/www.w3.org\/2000\/svg\"><path d=\"M143 352.3L7 216.3c-9.4-9.4-9.4-24.6 0-33.9l22.6-22.6c9.4-9.4 24.6-9.4 33.9 0l96.4 96.4 96.4-96.4c9.4-9.4 24.6-9.4 33.9 0l22.6 22.6c9.4 9.4 9.4 24.6 0 33.9l-136 136c-9.2 9.4-24.4 9.4-33.8 0z\"><\/path><\/svg><\/span>\n\t\t\t<span class='e-closed'><svg aria-hidden=\"true\" class=\"e-font-icon-svg e-fas-angle-right\" viewBox=\"0 0 256 512\" xmlns=\"http:\/\/www.w3.org\/2000\/svg\"><path d=\"M224.3 273l-136 136c-9.4 9.4-24.6 9.4-33.9 0l-22.6-22.6c-9.4-9.4-9.4-24.6 0-33.9l96.4-96.4-96.4-96.4c-9.4-9.4-9.4-24.6 0-33.9L54.3 103c9.4-9.4 24.6-9.4 33.9 0l136 136c9.5 9.4 9.5 24.6.1 34z\"><\/path><\/svg><\/span>\n\t\t<\/span>\n\n\t\t\t\t\t\t<\/summary>\n\t\t\t\t<div role=\"region\" aria-labelledby=\"e-n-accordion-item-1621\" class=\"elementor-element elementor-element-30b3da1 e-con-full e-flex e-con e-child\" data-id=\"30b3da1\" data-element_type=\"container\" data-e-type=\"container\">\n\t\t\t\t<div class=\"elementor-element elementor-element-117c218 elementor-widget elementor-widget-text-editor\" data-id=\"117c218\" data-element_type=\"widget\" data-e-type=\"widget\" data-widget_type=\"text-editor.default\">\n\t\t\t\t\t\t\t\t\t<p>41 colaboradores.<\/p>\t\t\t\t\t\t\t\t<\/div>\n\t\t\t\t<\/div>\n\t\t\t\t\t<\/details>\n\t\t\t\t\t\t<details id=\"e-n-accordion-item-1622\" class=\"e-n-accordion-item\" >\n\t\t\t\t<summary class=\"e-n-accordion-item-title\" data-accordion-index=\"3\" tabindex=\"-1\" aria-expanded=\"false\" aria-controls=\"e-n-accordion-item-1622\" >\n\t\t\t\t\t<span class='e-n-accordion-item-title-header'><div class=\"e-n-accordion-item-title-text\"> Est\u00e1gio <\/div><\/span>\n\t\t\t\t\t\t\t<span class='e-n-accordion-item-title-icon'>\n\t\t\t<span class='e-opened' ><svg aria-hidden=\"true\" class=\"e-font-icon-svg e-fas-angle-down\" viewBox=\"0 0 320 512\" xmlns=\"http:\/\/www.w3.org\/2000\/svg\"><path d=\"M143 352.3L7 216.3c-9.4-9.4-9.4-24.6 0-33.9l22.6-22.6c9.4-9.4 24.6-9.4 33.9 0l96.4 96.4 96.4-96.4c9.4-9.4 24.6-9.4 33.9 0l22.6 22.6c9.4 9.4 9.4 24.6 0 33.9l-136 136c-9.2 9.4-24.4 9.4-33.8 0z\"><\/path><\/svg><\/span>\n\t\t\t<span class='e-closed'><svg aria-hidden=\"true\" class=\"e-font-icon-svg e-fas-angle-right\" viewBox=\"0 0 256 512\" xmlns=\"http:\/\/www.w3.org\/2000\/svg\"><path d=\"M224.3 273l-136 136c-9.4 9.4-24.6 9.4-33.9 0l-22.6-22.6c-9.4-9.4-9.4-24.6 0-33.9l96.4-96.4-96.4-96.4c-9.4-9.4-9.4-24.6 0-33.9L54.3 103c9.4-9.4 24.6-9.4 33.9 0l136 136c9.5 9.4 9.5 24.6.1 34z\"><\/path><\/svg><\/span>\n\t\t<\/span>\n\n\t\t\t\t\t\t<\/summary>\n\t\t\t\t<div role=\"region\" aria-labelledby=\"e-n-accordion-item-1622\" class=\"elementor-element elementor-element-0f7c8c5 e-con-full e-flex e-con e-child\" data-id=\"0f7c8c5\" data-element_type=\"container\" data-e-type=\"container\">\n\t\t\t\t<div class=\"elementor-element elementor-element-5c21c88 elementor-widget elementor-widget-text-editor\" data-id=\"5c21c88\" data-element_type=\"widget\" data-e-type=\"widget\" data-widget_type=\"text-editor.default\">\n\t\t\t\t\t\t\t\t\t<p>Vagas disponibilizadas para a Escola de Sa\u00fade P\u00fablica.<\/p>\t\t\t\t\t\t\t\t<\/div>\n\t\t\t\t<\/div>\n\t\t\t\t\t<\/details>\n\t\t\t\t\t\t<details id=\"e-n-accordion-item-1623\" class=\"e-n-accordion-item\" >\n\t\t\t\t<summary class=\"e-n-accordion-item-title\" data-accordion-index=\"4\" tabindex=\"-1\" aria-expanded=\"false\" aria-controls=\"e-n-accordion-item-1623\" >\n\t\t\t\t\t<span class='e-n-accordion-item-title-header'><div class=\"e-n-accordion-item-title-text\"> Ouvidoria <\/div><\/span>\n\t\t\t\t\t\t\t<span class='e-n-accordion-item-title-icon'>\n\t\t\t<span class='e-opened' ><svg aria-hidden=\"true\" class=\"e-font-icon-svg e-fas-angle-down\" viewBox=\"0 0 320 512\" xmlns=\"http:\/\/www.w3.org\/2000\/svg\"><path d=\"M143 352.3L7 216.3c-9.4-9.4-9.4-24.6 0-33.9l22.6-22.6c9.4-9.4 24.6-9.4 33.9 0l96.4 96.4 96.4-96.4c9.4-9.4 24.6-9.4 33.9 0l22.6 22.6c9.4 9.4 9.4 24.6 0 33.9l-136 136c-9.2 9.4-24.4 9.4-33.8 0z\"><\/path><\/svg><\/span>\n\t\t\t<span class='e-closed'><svg aria-hidden=\"true\" class=\"e-font-icon-svg e-fas-angle-right\" viewBox=\"0 0 256 512\" xmlns=\"http:\/\/www.w3.org\/2000\/svg\"><path d=\"M224.3 273l-136 136c-9.4 9.4-24.6 9.4-33.9 0l-22.6-22.6c-9.4-9.4-9.4-24.6 0-33.9l96.4-96.4-96.4-96.4c-9.4-9.4-9.4-24.6 0-33.9L54.3 103c9.4-9.4 24.6-9.4 33.9 0l136 136c9.5 9.4 9.5 24.6.1 34z\"><\/path><\/svg><\/span>\n\t\t<\/span>\n\n\t\t\t\t\t\t<\/summary>\n\t\t\t\t<div role=\"region\" aria-labelledby=\"e-n-accordion-item-1623\" class=\"elementor-element elementor-element-c799812 e-con-full e-flex e-con e-child\" data-id=\"c799812\" data-element_type=\"container\" data-e-type=\"container\">\n\t\t\t\t<div class=\"elementor-element elementor-element-a47e627 elementor-widget elementor-widget-text-editor\" data-id=\"a47e627\" data-element_type=\"widget\" data-e-type=\"widget\" data-widget_type=\"text-editor.default\">\n\t\t\t\t\t\t\t\t\t<p style=\"text-align: justify;\">A ouvidoria funciona na sede da unidade e tem como atribui\u00e7\u00e3o receber as manifesta\u00e7\u00f5es encaminhadas pelos usu\u00e1rios da Policl\u00ednica e lev\u00e1-las ao conhecimento de cada respons\u00e1vel pelos setores competentes, para as devidas provid\u00eancias. Desta forma, todas as manifesta\u00e7\u00f5es de reclama\u00e7\u00f5es, elogios, sugest\u00f5es e quais que outras que sejam de responsabilidade desta Ouvidoria. As manifesta\u00e7\u00f5es s\u00e3o registradas, analisadas, classificadas, tipificadas juntamente com o coordenador respons\u00e1vel, que acompanha o desenrolar at\u00e9 o retorno ao cidad\u00e3o e a finaliza\u00e7\u00e3o da manifesta\u00e7\u00e3o.<\/p><p><strong>Ouvidora: <\/strong>Saleth Pinto Dos Passos<strong><br \/>Telefone:<\/strong> (61) 3020-1580 (ramal 621)<\/p>\t\t\t\t\t\t\t\t<\/div>\n\t\t\t\t<\/div>\n\t\t\t\t\t<\/details>\n\t\t\t\t\t<\/div>\n\t\t\t\t\t\t<\/div>\n\t\t\t\t\t<\/div>\n\t\t\t\t<\/div>\n\t\t\t\t<\/div>\n\t\t","protected":false},"excerpt":{"rendered":"<p>Recep\u00e7\u00e3o Telefone: (61) 3020-1580 WhatsApp: (62) 3121-5418\u00a0 Diretoria Coordena\u00e7\u00e3o Operacional: Thayse Braga Ribeiro Fran\u00e7athayse.ribeiro@poli-formosa.org.br Coordena\u00e7\u00e3o de Enfermagem: Alessandra Gomes Faeddaalessandra.faedda@poli-formosa.org.br M\u00e9dico RT: Lorena Santanalorena.santana@poli-formosa.org.br Acesso \u00e0 Informa\u00e7\u00e3o da OS Localiza\u00e7\u00e3o Avenida Oeste, quadras 4,5 e 9 \u2013 Jardim Oliveira \u2013 Formosa-Goi\u00e1s. CEP: 73.805-201 \u00a0 A Policl\u00ednica Estadual da Regi\u00e3o do Entorno \u2013 Formosa \u00e9 uma [&hellip;]<\/p>\n","protected":false},"author":222,"featured_media":0,"parent":0,"menu_order":0,"comment_status":"closed","ping_status":"closed","template":"","meta":{"footnotes":""},"class_list":["post-37675","page","type-page","status-publish","hentry"],"rttpg_featured_image_url":null,"rttpg_author":{"display_name":"diegomsilva","author_link":"https:\/\/goias.gov.br\/saude\/author\/diegomsilva\/"},"rttpg_comment":0,"rttpg_category":null,"rttpg_excerpt":"Recep\u00e7\u00e3o Telefone: (61) 3020-1580 WhatsApp: (62) 3121-5418\u00a0 Diretoria Coordena\u00e7\u00e3o Operacional: Thayse Braga Ribeiro Fran\u00e7athayse.ribeiro@poli-formosa.org.br Coordena\u00e7\u00e3o de Enfermagem: Alessandra Gomes Faeddaalessandra.faedda@poli-formosa.org.br M\u00e9dico RT: Lorena Santanalorena.santana@poli-formosa.org.br Acesso \u00e0 Informa\u00e7\u00e3o da OS Localiza\u00e7\u00e3o Avenida Oeste, quadras 4,5 e 9 \u2013 Jardim Oliveira \u2013 Formosa-Goi\u00e1s. CEP: 73.805-201 \u00a0 A Policl\u00ednica Estadual da Regi\u00e3o do Entorno \u2013 Formosa \u00e9 uma&hellip;","_links":{"self":[{"href":"https:\/\/goias.gov.br\/saude\/wp-json\/wp\/v2\/pages\/37675","targetHints":{"allow":["GET"]}}],"collection":[{"href":"https:\/\/goias.gov.br\/saude\/wp-json\/wp\/v2\/pages"}],"about":[{"href":"https:\/\/goias.gov.br\/saude\/wp-json\/wp\/v2\/types\/page"}],"author":[{"embeddable":true,"href":"https:\/\/goias.gov.br\/saude\/wp-json\/wp\/v2\/users\/222"}],"replies":[{"embeddable":true,"href":"https:\/\/goias.gov.br\/saude\/wp-json\/wp\/v2\/comments?post=37675"}],"version-history":[{"count":2,"href":"https:\/\/goias.gov.br\/saude\/wp-json\/wp\/v2\/pages\/37675\/revisions"}],"predecessor-version":[{"id":623641,"href":"https:\/\/goias.gov.br\/saude\/wp-json\/wp\/v2\/pages\/37675\/revisions\/623641"}],"wp:attachment":[{"href":"https:\/\/goias.gov.br\/saude\/wp-json\/wp\/v2\/media?parent=37675"}],"curies":[{"name":"wp","href":"https:\/\/api.w.org\/{rel}","templated":true}]}}