

{"id":37668,"date":"2023-11-30T16:03:48","date_gmt":"2023-11-30T19:03:48","guid":{"rendered":"https:\/\/siteshom.goias.gov.br\/saude\/?page_id=37668"},"modified":"2026-03-25T14:15:19","modified_gmt":"2026-03-25T17:15:19","slug":"internacao","status":"publish","type":"page","link":"https:\/\/goias.gov.br\/saude\/regulacao-estadual\/internacao\/","title":{"rendered":"Interna\u00e7\u00e3o"},"content":{"rendered":"\t\t<div data-elementor-type=\"wp-page\" data-elementor-id=\"37668\" class=\"elementor elementor-37668\">\n\t\t\t\t<div class=\"elementor-element elementor-element-1cef24b e-flex e-con-boxed e-con e-parent\" data-id=\"1cef24b\" data-element_type=\"container\" data-e-type=\"container\">\n\t\t\t\t\t<div class=\"e-con-inner\">\n\t\t\t\t<div class=\"elementor-element elementor-element-a81cdb1 elementor-widget elementor-widget-text-editor\" data-id=\"a81cdb1\" data-element_type=\"widget\" data-e-type=\"widget\" data-widget_type=\"text-editor.default\">\n\t\t\t\t\t\t\t\t\t<div style=\"padding: 10px; background-color: #ededed; border-radius: 4px;\"><h4 style=\"background-color: #2da44a; color: #ffffff; margin: -10px -10px 0px; border-top-right-radius: 4px; border-top-left-radius: 4px; padding: 10px 0px; text-align: center;\"><i class=\"fa fa-phone\" aria-hidden=\"true\"><\/i>\u00a0Fale com a Rede de Apoio Usu\u00e1rio (RAU)<\/h4><p style=\"text-align: center;\">Entre em contato com a Rede de Apoio Usu\u00e1rio (RAU) da Regula\u00e7\u00e3o Estadual pelo WhatsApp<a href=\"https:\/\/wa.me\/556232013797\" target=\"_blank\" rel=\"noopener\"> (62) 3201 3797<\/a>, telefone (62) 3201 3768 ou e-mail <a id=\"OWA18f414fe-5031-1620-7ffc-f8a197df1ef7\" class=\"x_OWAAutoLink\" title=\"mailto:rededeapoioaousuario.regulacao@goias.gov.br\" href=\"mailto:rededeapoioaousuario.regulacao@goias.gov.br\" target=\"_blank\" rel=\"noopener noreferrer\">rededeapoioaousuario.regulacao@goias.gov.br<\/a>.<\/p><p>Devido \u00e0 implanta\u00e7\u00e3o de um novo sistema de atendimento, informamos que pode ocorrer lentid\u00e3o tempor\u00e1ria nos nossos canais de comunica\u00e7\u00e3o.<\/p><\/div>\t\t\t\t\t\t\t\t<\/div>\n\t\t\t\t\t<\/div>\n\t\t\t\t<\/div>\n\t\t<div class=\"elementor-element elementor-element-8b21792 e-flex e-con-boxed e-con e-parent\" data-id=\"8b21792\" data-element_type=\"container\" data-e-type=\"container\">\n\t\t\t\t\t<div class=\"e-con-inner\">\n\t\t\t\t<div class=\"elementor-element elementor-element-e53c69b elementor-widget elementor-widget-text-editor\" data-id=\"e53c69b\" data-element_type=\"widget\" data-e-type=\"widget\" data-widget_type=\"text-editor.default\">\n\t\t\t\t\t\t\t\t\t<div style=\"padding: 10px; background-color: #ededed; border-radius: 4px;\"><h4 style=\"text-align: center; background-color: #00549a; color: #fff; margin: -10px -10px 0 -10px; border-top-right-radius: 4px; border-top-left-radius: 4px; padding: 10px 0;\">Aten\u00e7\u00e3o!<\/h4><p>Crit\u00e9rios para encaminhamentos, Fluxos e Prioriza\u00e7\u00f5es de Regula\u00e7\u00e3o do Acesso de Interna\u00e7\u00e3o e de Urg\u00eancia e Emerg\u00eancia para as Unidades sob Gest\u00e3o Estadual.<\/p><\/div>\t\t\t\t\t\t\t\t<\/div>\n\t\t\t\t\t<\/div>\n\t\t\t\t<\/div>\n\t\t<div class=\"elementor-element elementor-element-bdfa08a e-flex e-con-boxed e-con e-parent\" data-id=\"bdfa08a\" data-element_type=\"container\" data-e-type=\"container\">\n\t\t\t\t\t<div class=\"e-con-inner\">\n\t\t\t\t<div class=\"elementor-element elementor-element-b544320 elementor-widget elementor-widget-html\" data-id=\"b544320\" data-element_type=\"widget\" data-e-type=\"widget\" data-widget_type=\"html.default\">\n\t\t\t\t\t<!DOCTYPE html>\r\n<html lang=\"pt-br\" dir=\"ltr\">\r\n<head>\r\n  <meta http-equiv=\"Content-Type\" content=\"text\/html; charset=UTF-8\" \/>\r\n  <style>\r\n    \/* Estilos para desktop *\/\r\n    .container {\r\n      padding: 10px;\r\n    }\r\n\r\n    .section {\r\n      margin-bottom: 10px;\r\n    }\r\n\r\n    .title {\r\n      text-align: center;\r\n      margin: 0 0 24px;\r\n      color: #0c326f;\r\n      font-weight: 600;\r\n      font-size: 2.2rem;\r\n      line-height: 1.5;\r\n    }\r\n\r\n    .cards {\r\n      display: flex;\r\n      justify-content: space-evenly;\r\n      flex-wrap: wrap;\r\n      margin: 0;\r\n      padding: 0;\r\n      list-style: none;\r\n    }\r\n\r\n    .cards li {\r\n      background-color: #ededed;\r\n      box-shadow: 0 3px 6px 0 rgba(0, 0, 0, 0.16);\r\n      text-align: center;\r\n      flex-basis: 23%;\r\n      box-sizing: border-box;\r\n      min-height: 60px;\r\n      margin-bottom: 0.9em;\r\n      line-height: 1.2em;\r\n      display: list-item;\r\n    }\r\n\r\n    .cards li a {\r\n      display: flex;\r\n      justify-content: center;\r\n      align-items: center;\r\n      flex-direction: column;\r\n      width: 100%;\r\n      height: 100%;\r\n      color: #1351b4;\r\n      font-weight: 600;\r\n      text-decoration: none;\r\n    }\r\n\r\n    .cards li i,\r\n    .cards li span {\r\n      font-size: 10px;\r\n      margin-bottom: 30px;\r\n      color: #0c326f;\r\n      width: auto;\r\n      font-weight: 200;\r\n    }\r\n\r\n    .cards li .title {\r\n      font-size: 15px;\r\n      color: #0c326f;\r\n      font-weight: 500;\r\n      margin: 0;\r\n      text-transform: uppercase;\r\n    }\r\n\r\n    \/* Estilos para telas menores *\/\r\n    @media screen and (max-width: 768px) {\r\n      .cards {\r\n        gap: 20px; \/* Espa\u00e7amento entre os cards *\/\r\n        margin-top: 20px; \/* Margem superior para os cards *\/\r\n      }\r\n      .cards li {\r\n        flex-basis: calc(50% - 20px); \/* Tamanho dos cards com espa\u00e7amento *\/\r\n      }\r\n    }\r\n\r\n    @media screen and (max-width: 480px) {\r\n      .cards {\r\n        gap: 15px; \/* Espa\u00e7amento menor entre os cards *\/\r\n        margin-top: 15px; \/* Margem superior menor para os cards *\/\r\n      }\r\n      .cards li {\r\n        flex-basis: calc(100% - 30px); \/* Tamanho dos cards com espa\u00e7amento menor *\/\r\n      }\r\n    }\r\n  <\/style>\r\n<\/head>\r\n<body>\r\n  <div class=\"container\">\r\n    <div class=\"section\">\r\n      <div class=\"suvisa\">\r\n        \r\n        <ul class=\"cards\">\r\n          <li>\r\n    <a href=\"https:\/\/goias.gov.br\/saude\/protocolos-de-regulacao-do-acesso-de-internacao-e-de-urgencia-e-emergencia\/\" target=\"_blank\">\r\n        <div class=\"title\">FLUXO E PROTOCOLOS DE REGULA\u00c7\u00c3O DE INTERNA\u00c7\u00c3O E DE URG\u00caNCIA E EMERG\u00caNCIA<\/div>\r\n    <\/a>\r\n<\/li>\r\n               \r\n               \r\n\r\n  \r\n        <\/ul>\r\n      <\/div>\r\n    <\/div>\r\n  <\/div>\r\n<\/body>\r\n<\/html>\r\n\t\t\t\t<\/div>\n\t\t\t\t\t<\/div>\n\t\t\t\t<\/div>\n\t\t\t\t<\/div>\n\t\t","protected":false},"excerpt":{"rendered":"<p>\u00a0Fale com a Rede de Apoio Usu\u00e1rio (RAU) Entre em contato com a Rede de Apoio Usu\u00e1rio (RAU) da Regula\u00e7\u00e3o Estadual pelo WhatsApp (62) 3201 3797, telefone (62) 3201 3768 ou e-mail rededeapoioaousuario.regulacao@goias.gov.br. Devido \u00e0 implanta\u00e7\u00e3o de um novo sistema de atendimento, informamos que pode ocorrer lentid\u00e3o tempor\u00e1ria nos nossos canais de comunica\u00e7\u00e3o. Aten\u00e7\u00e3o! Crit\u00e9rios [&hellip;]<\/p>\n","protected":false},"author":222,"featured_media":0,"parent":37689,"menu_order":0,"comment_status":"closed","ping_status":"closed","template":"","meta":{"footnotes":""},"class_list":["post-37668","page","type-page","status-publish","hentry"],"rttpg_featured_image_url":null,"rttpg_author":{"display_name":"diegomsilva","author_link":"https:\/\/goias.gov.br\/saude\/author\/diegomsilva\/"},"rttpg_comment":0,"rttpg_category":null,"rttpg_excerpt":"\u00a0Fale com a Rede de Apoio Usu\u00e1rio (RAU) Entre em contato com a Rede de Apoio Usu\u00e1rio (RAU) da Regula\u00e7\u00e3o Estadual pelo WhatsApp (62) 3201 3797, telefone (62) 3201 3768 ou e-mail rededeapoioaousuario.regulacao@goias.gov.br. Devido \u00e0 implanta\u00e7\u00e3o de um novo sistema de atendimento, informamos que pode ocorrer lentid\u00e3o tempor\u00e1ria nos nossos canais de comunica\u00e7\u00e3o. Aten\u00e7\u00e3o! Crit\u00e9rios&hellip;","_links":{"self":[{"href":"https:\/\/goias.gov.br\/saude\/wp-json\/wp\/v2\/pages\/37668","targetHints":{"allow":["GET"]}}],"collection":[{"href":"https:\/\/goias.gov.br\/saude\/wp-json\/wp\/v2\/pages"}],"about":[{"href":"https:\/\/goias.gov.br\/saude\/wp-json\/wp\/v2\/types\/page"}],"author":[{"embeddable":true,"href":"https:\/\/goias.gov.br\/saude\/wp-json\/wp\/v2\/users\/222"}],"replies":[{"embeddable":true,"href":"https:\/\/goias.gov.br\/saude\/wp-json\/wp\/v2\/comments?post=37668"}],"version-history":[{"count":2,"href":"https:\/\/goias.gov.br\/saude\/wp-json\/wp\/v2\/pages\/37668\/revisions"}],"predecessor-version":[{"id":740278,"href":"https:\/\/goias.gov.br\/saude\/wp-json\/wp\/v2\/pages\/37668\/revisions\/740278"}],"up":[{"embeddable":true,"href":"https:\/\/goias.gov.br\/saude\/wp-json\/wp\/v2\/pages\/37689"}],"wp:attachment":[{"href":"https:\/\/goias.gov.br\/saude\/wp-json\/wp\/v2\/media?parent=37668"}],"curies":[{"name":"wp","href":"https:\/\/api.w.org\/{rel}","templated":true}]}}