

{"id":37644,"date":"2023-11-30T15:24:11","date_gmt":"2023-11-30T18:24:11","guid":{"rendered":"https:\/\/siteshom.goias.gov.br\/saude\/?page_id=37644"},"modified":"2025-12-03T08:29:47","modified_gmt":"2025-12-03T11:29:47","slug":"hecad","status":"publish","type":"page","link":"https:\/\/goias.gov.br\/saude\/hecad\/","title":{"rendered":"HECAD \u2013 Hospital Estadual da Crian\u00e7a e do Adolescente\u00a0"},"content":{"rendered":"\t\t<div data-elementor-type=\"wp-page\" data-elementor-id=\"37644\" class=\"elementor elementor-37644\">\n\t\t\t\t<div class=\"elementor-element elementor-element-fa5fb65 e-flex e-con-boxed e-con e-parent\" data-id=\"fa5fb65\" data-element_type=\"container\" data-e-type=\"container\">\n\t\t\t\t\t<div class=\"e-con-inner\">\n\t\t\t\t<div class=\"elementor-element elementor-element-d6a164f elementor-widget elementor-widget-image\" data-id=\"d6a164f\" data-element_type=\"widget\" data-e-type=\"widget\" data-widget_type=\"image.default\">\n\t\t\t\t\t\t\t\t\t\t\t\t\t\t\t<img decoding=\"async\" src=\"https:\/\/goias.gov.br\/saude\/wp-content\/uploads\/sites\/34\/2019\/11\/hecad-1c5.jpeg\" title=\"\" alt=\"\" loading=\"lazy\" \/>\t\t\t\t\t\t\t\t\t\t\t\t\t\t\t<\/div>\n\t\t\t\t\t<\/div>\n\t\t\t\t<\/div>\n\t\t<div class=\"elementor-element elementor-element-53ec1d2 e-flex e-con-boxed e-con e-parent\" data-id=\"53ec1d2\" data-element_type=\"container\" data-e-type=\"container\">\n\t\t\t\t\t<div class=\"e-con-inner\">\n\t\t<div class=\"elementor-element elementor-element-210446c e-con-full e-flex e-con e-child\" data-id=\"210446c\" data-element_type=\"container\" data-e-type=\"container\">\n\t\t\t\t<div class=\"elementor-element elementor-element-732e2e0 elementor-widget elementor-widget-text-editor\" data-id=\"732e2e0\" data-element_type=\"widget\" data-e-type=\"widget\" data-widget_type=\"text-editor.default\">\n\t\t\t\t\t\t\t\t\t<h4 class=\"sppb-addon-title\">Recep\u00e7\u00e3o<\/h4><p class=\"sppb-addon-title\"><strong>Telefone:<\/strong> (62) 3142-5757<\/p><h4 class=\"sppb-addon-title\">Diretoria<\/h4><p><strong>Dire\u00e7\u00e3o Geral:<\/strong> Ronny Rezende Junior \/\u00a0<br \/><a href=\"mailto:ronny.rezende@hecad.org.br\">ronny.rezende@hecad.org.br<\/a><\/p><p><strong>Dire\u00e7\u00e3o Assistencial e T\u00e9cnica:<\/strong> Dra. Fl\u00e1via Godoy Castelo Branco de Arag\u00e3o Correa \/\u00a0<br \/><a href=\"mailto:flavia.correa@hecad.org.br\">flavia.correa@hecad.org.br<\/a><\/p><p style=\"text-align: center;\"><a class=\"btn btn-primary btn-block\" href=\"https:\/\/www.agirsaude.org.br\/transparencia-hecad\" target=\"_blank\" rel=\"noopener noreferrer\">Acesso \u00e0 Informa\u00e7\u00e3o da OS<\/a><\/p><h4>Localiza\u00e7\u00e3o<\/h4><p><a href=\"https:\/\/maps.app.goo.gl\/qRHp9zXw7rrG3p316\" target=\"_blank\" rel=\"noopener\">Av. Bela Vista, 2.333 &#8211; Parque Acalanto. Goi\u00e2nia-Goi\u00e1s<br \/>CEP: 74863-025<\/a><\/p>\t\t\t\t\t\t\t\t<\/div>\n\t\t\t\t<\/div>\n\t\t<div class=\"elementor-element elementor-element-d15bc50 e-con-full e-flex e-con e-child\" data-id=\"d15bc50\" data-element_type=\"container\" data-e-type=\"container\">\n\t\t\t\t<div class=\"elementor-element elementor-element-a1ea880 elementor-widget elementor-widget-text-editor\" data-id=\"a1ea880\" data-element_type=\"widget\" data-e-type=\"widget\" data-widget_type=\"text-editor.default\">\n\t\t\t\t\t\t\t\t\t<p style=\"text-align: justify;\"><br \/><br \/>O Hospital Estadual da Crian\u00e7a e do Adolescente (Hecad) \u00e9 uma unidade da Secretaria de Estado da Sa\u00fade de Goi\u00e1s (SES-GO), gerida pela Associa\u00e7\u00e3o de Gest\u00e3o, Inova\u00e7\u00e3o e Resultados em Sa\u00fade (Agir) desde 2021, quando foi implantado em Goi\u00e2nia.<\/p><p style=\"text-align: justify;\">A unidade tem capacidade instalada de 116 leitos de enfermaria e 30 leitos de UTI. A unidade oferta pronto-socorro pedi\u00e1trico 24 horas, assist\u00eancia laboratorial, exames de imagem e ambulat\u00f3rio de 20 especialidades m\u00e9dicas pedi\u00e1tricas. O Hecad disponibiliza servi\u00e7os especializados no tratamento de hemangiomas e presta atendimento multiprofissional em sa\u00fade para crian\u00e7as e adolescentes v\u00edtimas de explora\u00e7\u00e3o sexual.<\/p><p style=\"text-align: justify;\">O hospital sedia ainda, o Centro de Reabilita\u00e7\u00e3o de Fissuras Labiopalatinas (Cerfis), parte estrat\u00e9gica da aten\u00e7\u00e3o ao paciente com l\u00e1bio leporino e fenda palatina da SES-GO. Outro importante servi\u00e7o que \u00e9 disponibilizado aos usu\u00e1rios do Sistema \u00danico de Sa\u00fade (SUS) \u00e9 a opera\u00e7\u00e3o de separa\u00e7\u00e3o dos g\u00eameos siameses.<br \/><br \/><\/p><p style=\"text-align: center;\"><a class=\"btn btn-primary btn-block\" href=\"https:\/\/www.agirsaude.org.br\/unidade\/index\/8\" target=\"_blank\" rel=\"noopener\">Saiba mais sobre o Hecad<\/a><\/p>\t\t\t\t\t\t\t\t<\/div>\n\t\t\t\t<\/div>\n\t\t\t\t\t<\/div>\n\t\t\t\t<\/div>\n\t\t<div class=\"elementor-element elementor-element-2f3d590 e-flex e-con-boxed e-con e-parent\" data-id=\"2f3d590\" data-element_type=\"container\" data-e-type=\"container\">\n\t\t\t\t\t<div class=\"e-con-inner\">\n\t\t\t\t<div class=\"elementor-element elementor-element-456f2ec elementor-widget elementor-widget-heading\" data-id=\"456f2ec\" data-element_type=\"widget\" data-e-type=\"widget\" data-widget_type=\"heading.default\">\n\t\t\t\t\t<h2 class=\"elementor-heading-title elementor-size-default\">INFORMA\u00c7\u00d5ES<\/h2>\t\t\t\t<\/div>\n\t\t\t\t<div class=\"elementor-element elementor-element-071abad elementor-widget elementor-widget-n-accordion\" data-id=\"071abad\" data-element_type=\"widget\" data-e-type=\"widget\" data-settings=\"{&quot;default_state&quot;:&quot;all_collapsed&quot;,&quot;max_items_expended&quot;:&quot;one&quot;,&quot;n_accordion_animation_duration&quot;:{&quot;unit&quot;:&quot;ms&quot;,&quot;size&quot;:400,&quot;sizes&quot;:[]}}\" data-widget_type=\"nested-accordion.default\">\n\t\t\t\t\t\t\t<div class=\"e-n-accordion\" aria-label=\"Accordion. Open links with Enter or Space, close with Escape, and navigate with Arrow Keys\">\n\t\t\t\t\t\t<details id=\"e-n-accordion-item-7440\" class=\"e-n-accordion-item\" >\n\t\t\t\t<summary class=\"e-n-accordion-item-title\" data-accordion-index=\"1\" tabindex=\"0\" aria-expanded=\"false\" aria-controls=\"e-n-accordion-item-7440\" >\n\t\t\t\t\t<span class='e-n-accordion-item-title-header'><div class=\"e-n-accordion-item-title-text\"> Informa\u00e7\u00f5es para Visitantes <\/div><\/span>\n\t\t\t\t\t\t\t<span class='e-n-accordion-item-title-icon'>\n\t\t\t<span class='e-opened' ><svg aria-hidden=\"true\" class=\"e-font-icon-svg e-fas-angle-down\" viewBox=\"0 0 320 512\" xmlns=\"http:\/\/www.w3.org\/2000\/svg\"><path d=\"M143 352.3L7 216.3c-9.4-9.4-9.4-24.6 0-33.9l22.6-22.6c9.4-9.4 24.6-9.4 33.9 0l96.4 96.4 96.4-96.4c9.4-9.4 24.6-9.4 33.9 0l22.6 22.6c9.4 9.4 9.4 24.6 0 33.9l-136 136c-9.2 9.4-24.4 9.4-33.8 0z\"><\/path><\/svg><\/span>\n\t\t\t<span class='e-closed'><svg aria-hidden=\"true\" class=\"e-font-icon-svg e-fas-angle-right\" viewBox=\"0 0 256 512\" xmlns=\"http:\/\/www.w3.org\/2000\/svg\"><path d=\"M224.3 273l-136 136c-9.4 9.4-24.6 9.4-33.9 0l-22.6-22.6c-9.4-9.4-9.4-24.6 0-33.9l96.4-96.4-96.4-96.4c-9.4-9.4-9.4-24.6 0-33.9L54.3 103c9.4-9.4 24.6-9.4 33.9 0l136 136c9.5 9.4 9.5 24.6.1 34z\"><\/path><\/svg><\/span>\n\t\t<\/span>\n\n\t\t\t\t\t\t<\/summary>\n\t\t\t\t<div role=\"region\" aria-labelledby=\"e-n-accordion-item-7440\" class=\"elementor-element elementor-element-9b19b9b e-con-full e-flex e-con e-child\" data-id=\"9b19b9b\" data-element_type=\"container\" data-e-type=\"container\">\n\t\t\t\t<div class=\"elementor-element elementor-element-1ccddd0 elementor-widget elementor-widget-text-editor\" data-id=\"1ccddd0\" data-element_type=\"widget\" data-e-type=\"widget\" data-widget_type=\"text-editor.default\">\n\t\t\t\t\t\t\t\t\t<p style=\"text-align: justify;\">O Hecad \u00e9 uma unidade de m\u00e9dia e alta complexidade que recebe crian\u00e7as e adolescentes com casos graves de sa\u00fade de todo o estado de Goi\u00e1s. O primeiro atendimento aos pacientes deve ser realizado pela rede municipal de sa\u00fade &#8211; composta pelas Unidades de Pronto Atendimento (UPA\u2019s), Unidades B\u00e1sicas de Sa\u00fade (UBS\u2019s, os antigos Postinhos de Sa\u00fade), Centros de Aten\u00e7\u00e3o Integrada em Sa\u00fade (Cais) \u2013 que, se necess\u00e1rio, encaminhar\u00e3o a crian\u00e7a ao hospital.<\/p><p style=\"text-align: justify;\">As visitas institucionais e de benchmarking devem ser agendadas pela Secretaria Geral da unidade, pelo email <a href=\"mailto:seger@hecad.org.br\">seger@hecad.org.br<\/a>.<\/p>\t\t\t\t\t\t\t\t<\/div>\n\t\t\t\t<\/div>\n\t\t\t\t\t<\/details>\n\t\t\t\t\t\t<details id=\"e-n-accordion-item-7441\" class=\"e-n-accordion-item\" >\n\t\t\t\t<summary class=\"e-n-accordion-item-title\" data-accordion-index=\"2\" tabindex=\"-1\" aria-expanded=\"false\" aria-controls=\"e-n-accordion-item-7441\" >\n\t\t\t\t\t<span class='e-n-accordion-item-title-header'><div class=\"e-n-accordion-item-title-text\"> Orienta\u00e7\u00f5es para Acompanhantes <\/div><\/span>\n\t\t\t\t\t\t\t<span class='e-n-accordion-item-title-icon'>\n\t\t\t<span class='e-opened' ><svg aria-hidden=\"true\" class=\"e-font-icon-svg e-fas-angle-down\" viewBox=\"0 0 320 512\" xmlns=\"http:\/\/www.w3.org\/2000\/svg\"><path d=\"M143 352.3L7 216.3c-9.4-9.4-9.4-24.6 0-33.9l22.6-22.6c9.4-9.4 24.6-9.4 33.9 0l96.4 96.4 96.4-96.4c9.4-9.4 24.6-9.4 33.9 0l22.6 22.6c9.4 9.4 9.4 24.6 0 33.9l-136 136c-9.2 9.4-24.4 9.4-33.8 0z\"><\/path><\/svg><\/span>\n\t\t\t<span class='e-closed'><svg aria-hidden=\"true\" class=\"e-font-icon-svg e-fas-angle-right\" viewBox=\"0 0 256 512\" xmlns=\"http:\/\/www.w3.org\/2000\/svg\"><path d=\"M224.3 273l-136 136c-9.4 9.4-24.6 9.4-33.9 0l-22.6-22.6c-9.4-9.4-9.4-24.6 0-33.9l96.4-96.4-96.4-96.4c-9.4-9.4-9.4-24.6 0-33.9L54.3 103c9.4-9.4 24.6-9.4 33.9 0l136 136c9.5 9.4 9.5 24.6.1 34z\"><\/path><\/svg><\/span>\n\t\t<\/span>\n\n\t\t\t\t\t\t<\/summary>\n\t\t\t\t<div role=\"region\" aria-labelledby=\"e-n-accordion-item-7441\" class=\"elementor-element elementor-element-5fbad7b e-con-full e-flex e-con e-child\" data-id=\"5fbad7b\" data-element_type=\"container\" data-e-type=\"container\">\n\t\t\t\t<div class=\"elementor-element elementor-element-419e560 elementor-widget elementor-widget-text-editor\" data-id=\"419e560\" data-element_type=\"widget\" data-e-type=\"widget\" data-widget_type=\"text-editor.default\">\n\t\t\t\t\t\t\t\t\t<ul><li>A troca de acompanhante \u00e9 feita em dois hor\u00e1rios, sendo das 07h30 \u00e0s 09h30 e das 17h30 \u00e0s 18h30;<\/li><li>Caso o acompanhante atual necessite de troca, deve procurar o servi\u00e7o multidisciplinar da enfermaria, onde o paciente est\u00e1 internado, para que a equipe notifique a devida autoriza\u00e7\u00e3o para libera\u00e7\u00e3o na Recep\u00e7\u00e3o.<\/li><\/ul>\t\t\t\t\t\t\t\t<\/div>\n\t\t\t\t<\/div>\n\t\t\t\t\t<\/details>\n\t\t\t\t\t\t<details id=\"e-n-accordion-item-7442\" class=\"e-n-accordion-item\" >\n\t\t\t\t<summary class=\"e-n-accordion-item-title\" data-accordion-index=\"3\" tabindex=\"-1\" aria-expanded=\"false\" aria-controls=\"e-n-accordion-item-7442\" >\n\t\t\t\t\t<span class='e-n-accordion-item-title-header'><div class=\"e-n-accordion-item-title-text\"> Leitos <\/div><\/span>\n\t\t\t\t\t\t\t<span class='e-n-accordion-item-title-icon'>\n\t\t\t<span class='e-opened' ><svg aria-hidden=\"true\" class=\"e-font-icon-svg e-fas-angle-down\" viewBox=\"0 0 320 512\" xmlns=\"http:\/\/www.w3.org\/2000\/svg\"><path d=\"M143 352.3L7 216.3c-9.4-9.4-9.4-24.6 0-33.9l22.6-22.6c9.4-9.4 24.6-9.4 33.9 0l96.4 96.4 96.4-96.4c9.4-9.4 24.6-9.4 33.9 0l22.6 22.6c9.4 9.4 9.4 24.6 0 33.9l-136 136c-9.2 9.4-24.4 9.4-33.8 0z\"><\/path><\/svg><\/span>\n\t\t\t<span class='e-closed'><svg aria-hidden=\"true\" class=\"e-font-icon-svg e-fas-angle-right\" viewBox=\"0 0 256 512\" xmlns=\"http:\/\/www.w3.org\/2000\/svg\"><path d=\"M224.3 273l-136 136c-9.4 9.4-24.6 9.4-33.9 0l-22.6-22.6c-9.4-9.4-9.4-24.6 0-33.9l96.4-96.4-96.4-96.4c-9.4-9.4-9.4-24.6 0-33.9L54.3 103c9.4-9.4 24.6-9.4 33.9 0l136 136c9.5 9.4 9.5 24.6.1 34z\"><\/path><\/svg><\/span>\n\t\t<\/span>\n\n\t\t\t\t\t\t<\/summary>\n\t\t\t\t<div role=\"region\" aria-labelledby=\"e-n-accordion-item-7442\" class=\"elementor-element elementor-element-3b3c644 e-con-full e-flex e-con e-child\" data-id=\"3b3c644\" data-element_type=\"container\" data-e-type=\"container\">\n\t\t\t\t<div class=\"elementor-element elementor-element-4198907 elementor-widget elementor-widget-text-editor\" data-id=\"4198907\" data-element_type=\"widget\" data-e-type=\"widget\" data-widget_type=\"text-editor.default\">\n\t\t\t\t\t\t\t\t\t<p>146 (sendo 50 leitos cl\u00ednicos, 10 leitos cr\u00f4nicos, 56 leitos cir\u00fargicos e 30 leitos de UTI).<\/p>\t\t\t\t\t\t\t\t<\/div>\n\t\t\t\t<\/div>\n\t\t\t\t\t<\/details>\n\t\t\t\t\t\t<details id=\"e-n-accordion-item-7443\" class=\"e-n-accordion-item\" >\n\t\t\t\t<summary class=\"e-n-accordion-item-title\" data-accordion-index=\"4\" tabindex=\"-1\" aria-expanded=\"false\" aria-controls=\"e-n-accordion-item-7443\" >\n\t\t\t\t\t<span class='e-n-accordion-item-title-header'><div class=\"e-n-accordion-item-title-text\"> Exames e Especialidades M\u00e9dicas <\/div><\/span>\n\t\t\t\t\t\t\t<span class='e-n-accordion-item-title-icon'>\n\t\t\t<span class='e-opened' ><svg aria-hidden=\"true\" class=\"e-font-icon-svg e-fas-angle-down\" viewBox=\"0 0 320 512\" xmlns=\"http:\/\/www.w3.org\/2000\/svg\"><path d=\"M143 352.3L7 216.3c-9.4-9.4-9.4-24.6 0-33.9l22.6-22.6c9.4-9.4 24.6-9.4 33.9 0l96.4 96.4 96.4-96.4c9.4-9.4 24.6-9.4 33.9 0l22.6 22.6c9.4 9.4 9.4 24.6 0 33.9l-136 136c-9.2 9.4-24.4 9.4-33.8 0z\"><\/path><\/svg><\/span>\n\t\t\t<span class='e-closed'><svg aria-hidden=\"true\" class=\"e-font-icon-svg e-fas-angle-right\" viewBox=\"0 0 256 512\" xmlns=\"http:\/\/www.w3.org\/2000\/svg\"><path d=\"M224.3 273l-136 136c-9.4 9.4-24.6 9.4-33.9 0l-22.6-22.6c-9.4-9.4-9.4-24.6 0-33.9l96.4-96.4-96.4-96.4c-9.4-9.4-9.4-24.6 0-33.9L54.3 103c9.4-9.4 24.6-9.4 33.9 0l136 136c9.5 9.4 9.5 24.6.1 34z\"><\/path><\/svg><\/span>\n\t\t<\/span>\n\n\t\t\t\t\t\t<\/summary>\n\t\t\t\t<div role=\"region\" aria-labelledby=\"e-n-accordion-item-7443\" class=\"elementor-element elementor-element-c78ef17 e-con-full e-flex e-con e-child\" data-id=\"c78ef17\" data-element_type=\"container\" data-e-type=\"container\">\n\t\t\t\t<div class=\"elementor-element elementor-element-e181d6c elementor-widget elementor-widget-text-editor\" data-id=\"e181d6c\" data-element_type=\"widget\" data-e-type=\"widget\" data-widget_type=\"text-editor.default\">\n\t\t\t\t\t\t\t\t\t<p style=\"text-align: justify;\"><strong>Exames:<\/strong> Tomografia, Broncoscopia, Endoscopia, Eletrocardiograma, Ecocardiograma, Colonoscopia, RaioX, Ultrassonografia, Exames de An\u00e1lises Laboratoriais.<\/p><p><strong>Especialidades m\u00e9dicas: <\/strong>Alergia\/Imunologia; Cardiologia Cl\u00ednica; Cirurgia Pedi\u00e1trica; Cirurgia Pl\u00e1stica; Endocrinologia; Gastroenterologia; Hepatologia e Hematologia; Infectologia, Nefrologia, Neurologia Cl\u00ednica; Oftalmologia; Ortopedia e Traumatologia; Otorrinolaringologia; Pneumologia; Pediatria; Reumatologia; Urologia.<\/p>\t\t\t\t\t\t\t\t<\/div>\n\t\t\t\t<\/div>\n\t\t\t\t\t<\/details>\n\t\t\t\t\t\t<details id=\"e-n-accordion-item-7444\" class=\"e-n-accordion-item\" >\n\t\t\t\t<summary class=\"e-n-accordion-item-title\" data-accordion-index=\"5\" tabindex=\"-1\" aria-expanded=\"false\" aria-controls=\"e-n-accordion-item-7444\" >\n\t\t\t\t\t<span class='e-n-accordion-item-title-header'><div class=\"e-n-accordion-item-title-text\"> Recursos Humanos <\/div><\/span>\n\t\t\t\t\t\t\t<span class='e-n-accordion-item-title-icon'>\n\t\t\t<span class='e-opened' ><svg aria-hidden=\"true\" class=\"e-font-icon-svg e-fas-angle-down\" viewBox=\"0 0 320 512\" xmlns=\"http:\/\/www.w3.org\/2000\/svg\"><path d=\"M143 352.3L7 216.3c-9.4-9.4-9.4-24.6 0-33.9l22.6-22.6c9.4-9.4 24.6-9.4 33.9 0l96.4 96.4 96.4-96.4c9.4-9.4 24.6-9.4 33.9 0l22.6 22.6c9.4 9.4 9.4 24.6 0 33.9l-136 136c-9.2 9.4-24.4 9.4-33.8 0z\"><\/path><\/svg><\/span>\n\t\t\t<span class='e-closed'><svg aria-hidden=\"true\" class=\"e-font-icon-svg e-fas-angle-right\" viewBox=\"0 0 256 512\" xmlns=\"http:\/\/www.w3.org\/2000\/svg\"><path d=\"M224.3 273l-136 136c-9.4 9.4-24.6 9.4-33.9 0l-22.6-22.6c-9.4-9.4-9.4-24.6 0-33.9l96.4-96.4-96.4-96.4c-9.4-9.4-9.4-24.6 0-33.9L54.3 103c9.4-9.4 24.6-9.4 33.9 0l136 136c9.5 9.4 9.5 24.6.1 34z\"><\/path><\/svg><\/span>\n\t\t<\/span>\n\n\t\t\t\t\t\t<\/summary>\n\t\t\t\t<div role=\"region\" aria-labelledby=\"e-n-accordion-item-7444\" class=\"elementor-element elementor-element-217f200 e-con-full e-flex e-con e-child\" data-id=\"217f200\" data-element_type=\"container\" data-e-type=\"container\">\n\t\t\t\t<div class=\"elementor-element elementor-element-7ed9bf7 elementor-widget elementor-widget-text-editor\" data-id=\"7ed9bf7\" data-element_type=\"widget\" data-e-type=\"widget\" data-widget_type=\"text-editor.default\">\n\t\t\t\t\t\t\t\t\t<p>1660 colaboradores (863 diretos e 797 indiretos).<\/p>\t\t\t\t\t\t\t\t<\/div>\n\t\t\t\t<\/div>\n\t\t\t\t\t<\/details>\n\t\t\t\t\t\t<details id=\"e-n-accordion-item-7445\" class=\"e-n-accordion-item\" >\n\t\t\t\t<summary class=\"e-n-accordion-item-title\" data-accordion-index=\"6\" tabindex=\"-1\" aria-expanded=\"false\" aria-controls=\"e-n-accordion-item-7445\" >\n\t\t\t\t\t<span class='e-n-accordion-item-title-header'><div class=\"e-n-accordion-item-title-text\"> Pr\u00eamios, T\u00edtulos e Acredita\u00e7\u00e3o <\/div><\/span>\n\t\t\t\t\t\t\t<span class='e-n-accordion-item-title-icon'>\n\t\t\t<span class='e-opened' ><svg aria-hidden=\"true\" class=\"e-font-icon-svg e-fas-angle-down\" viewBox=\"0 0 320 512\" xmlns=\"http:\/\/www.w3.org\/2000\/svg\"><path d=\"M143 352.3L7 216.3c-9.4-9.4-9.4-24.6 0-33.9l22.6-22.6c9.4-9.4 24.6-9.4 33.9 0l96.4 96.4 96.4-96.4c9.4-9.4 24.6-9.4 33.9 0l22.6 22.6c9.4 9.4 9.4 24.6 0 33.9l-136 136c-9.2 9.4-24.4 9.4-33.8 0z\"><\/path><\/svg><\/span>\n\t\t\t<span class='e-closed'><svg aria-hidden=\"true\" class=\"e-font-icon-svg e-fas-angle-right\" viewBox=\"0 0 256 512\" xmlns=\"http:\/\/www.w3.org\/2000\/svg\"><path d=\"M224.3 273l-136 136c-9.4 9.4-24.6 9.4-33.9 0l-22.6-22.6c-9.4-9.4-9.4-24.6 0-33.9l96.4-96.4-96.4-96.4c-9.4-9.4-9.4-24.6 0-33.9L54.3 103c9.4-9.4 24.6-9.4 33.9 0l136 136c9.5 9.4 9.5 24.6.1 34z\"><\/path><\/svg><\/span>\n\t\t<\/span>\n\n\t\t\t\t\t\t<\/summary>\n\t\t\t\t<div role=\"region\" aria-labelledby=\"e-n-accordion-item-7445\" class=\"elementor-element elementor-element-9831558 e-con-full e-flex e-con e-child\" data-id=\"9831558\" data-element_type=\"container\" data-e-type=\"container\">\n\t\t\t\t<div class=\"elementor-element elementor-element-375417a elementor-widget elementor-widget-text-editor\" data-id=\"375417a\" data-element_type=\"widget\" data-e-type=\"widget\" data-widget_type=\"text-editor.default\">\n\t\t\t\t\t\t\t\t\t<p><strong>2023<\/strong><\/p><ul><li>Mo\u00e7\u00e3o de aplausos da C\u00e2mara dos Deputados<\/li><li>Medalha Amigo da Primeira Inf\u00e2ncia<\/li><li>Selo Great Place to Work<\/li><li>Certifica\u00e7\u00e3o Manchester Triage Group<\/li><li>Pr\u00eamio Boas Pr\u00e1ticas da Rede Nacional de Ouvidorias<\/li><\/ul>\t\t\t\t\t\t\t\t<\/div>\n\t\t\t\t<\/div>\n\t\t\t\t\t<\/details>\n\t\t\t\t\t\t<details id=\"e-n-accordion-item-7446\" class=\"e-n-accordion-item\" >\n\t\t\t\t<summary class=\"e-n-accordion-item-title\" data-accordion-index=\"7\" tabindex=\"-1\" aria-expanded=\"false\" aria-controls=\"e-n-accordion-item-7446\" >\n\t\t\t\t\t<span class='e-n-accordion-item-title-header'><div class=\"e-n-accordion-item-title-text\"> Projetos e Programas <\/div><\/span>\n\t\t\t\t\t\t\t<span class='e-n-accordion-item-title-icon'>\n\t\t\t<span class='e-opened' ><svg aria-hidden=\"true\" class=\"e-font-icon-svg e-fas-angle-down\" viewBox=\"0 0 320 512\" xmlns=\"http:\/\/www.w3.org\/2000\/svg\"><path d=\"M143 352.3L7 216.3c-9.4-9.4-9.4-24.6 0-33.9l22.6-22.6c9.4-9.4 24.6-9.4 33.9 0l96.4 96.4 96.4-96.4c9.4-9.4 24.6-9.4 33.9 0l22.6 22.6c9.4 9.4 9.4 24.6 0 33.9l-136 136c-9.2 9.4-24.4 9.4-33.8 0z\"><\/path><\/svg><\/span>\n\t\t\t<span class='e-closed'><svg aria-hidden=\"true\" class=\"e-font-icon-svg e-fas-angle-right\" viewBox=\"0 0 256 512\" xmlns=\"http:\/\/www.w3.org\/2000\/svg\"><path d=\"M224.3 273l-136 136c-9.4 9.4-24.6 9.4-33.9 0l-22.6-22.6c-9.4-9.4-9.4-24.6 0-33.9l96.4-96.4-96.4-96.4c-9.4-9.4-9.4-24.6 0-33.9L54.3 103c9.4-9.4 24.6-9.4 33.9 0l136 136c9.5 9.4 9.5 24.6.1 34z\"><\/path><\/svg><\/span>\n\t\t<\/span>\n\n\t\t\t\t\t\t<\/summary>\n\t\t\t\t<div role=\"region\" aria-labelledby=\"e-n-accordion-item-7446\" class=\"elementor-element elementor-element-e46e989 e-con-full e-flex e-con e-child\" data-id=\"e46e989\" data-element_type=\"container\" data-e-type=\"container\">\n\t\t\t\t<div class=\"elementor-element elementor-element-b1a6d2c elementor-widget elementor-widget-text-editor\" data-id=\"b1a6d2c\" data-element_type=\"widget\" data-e-type=\"widget\" data-widget_type=\"text-editor.default\">\n\t\t\t\t\t\t\t\t\t<p><strong>Humaniza\u00e7\u00e3o<\/strong><\/p><ul><li>Ambienta\u00e7\u00e3o personalizada para o p\u00fablico pedi\u00e1trico<\/li><li>Brinquedoteca<\/li><li>Teatro e conta\u00e7\u00e3o de hist\u00f3rias<\/li><li>Oficinas pedag\u00f3gicas e acompanhamento educacional para assegurar a continuidade do processo de aprendizagem das crian\u00e7as em interna\u00e7\u00e3o<\/li><li>Protocolo de Abrevia\u00e7\u00e3o de Jejum Pr\u00e9-Operat\u00f3rio com geladinho de suco de frutas<\/li><li>Aromaterapia, passeio de carrinho el\u00e9trico e ilumina\u00e7\u00e3o que simula c\u00e9u estrelado para acalmar as crian\u00e7as no Centro Cir\u00fargico<\/li><\/ul><p><strong>Ensino e pesquisa<\/strong><\/p><ul><li>Internato<\/li><li>Aperfei\u00e7oamento Profissional<\/li><li>Resid\u00eancia M\u00e9dica em Pediatria e Gastroenterologia pedi\u00e1trica<\/li><li>Resid\u00eancia Multiprofissional em Enfermagem, Fisioterapia, Nutri\u00e7\u00e3o e Servi\u00e7o Social<\/li><\/ul><p><strong>Projetos<\/strong><\/p><ul><li><strong>Podfalar \u2013<\/strong> Roda de conversa sobre a experi\u00eancia dos pacientes<\/li><li><strong>Encantar \u2013<\/strong> Programa de aperfei\u00e7oamento cont\u00ednuo da jornada do paciente para ampliar a satisfa\u00e7\u00e3o dos usu\u00e1rios<\/li><li><strong>Cineminha \u2013<\/strong> Sess\u00f5es semanais de exibi\u00e7\u00e3o de filmes infantis para as crian\u00e7as em interna\u00e7\u00e3o<\/li><li><strong>Dialoga Mais \u2013<\/strong> Programa de Promo\u00e7\u00e3o da Sa\u00fade Mental<\/li><\/ul>\t\t\t\t\t\t\t\t<\/div>\n\t\t\t\t<\/div>\n\t\t\t\t\t<\/details>\n\t\t\t\t\t\t<details id=\"e-n-accordion-item-7447\" class=\"e-n-accordion-item\" >\n\t\t\t\t<summary class=\"e-n-accordion-item-title\" data-accordion-index=\"8\" tabindex=\"-1\" aria-expanded=\"false\" aria-controls=\"e-n-accordion-item-7447\" >\n\t\t\t\t\t<span class='e-n-accordion-item-title-header'><div class=\"e-n-accordion-item-title-text\"> Ouvidoria <\/div><\/span>\n\t\t\t\t\t\t\t<span class='e-n-accordion-item-title-icon'>\n\t\t\t<span class='e-opened' ><svg aria-hidden=\"true\" class=\"e-font-icon-svg e-fas-angle-down\" viewBox=\"0 0 320 512\" xmlns=\"http:\/\/www.w3.org\/2000\/svg\"><path d=\"M143 352.3L7 216.3c-9.4-9.4-9.4-24.6 0-33.9l22.6-22.6c9.4-9.4 24.6-9.4 33.9 0l96.4 96.4 96.4-96.4c9.4-9.4 24.6-9.4 33.9 0l22.6 22.6c9.4 9.4 9.4 24.6 0 33.9l-136 136c-9.2 9.4-24.4 9.4-33.8 0z\"><\/path><\/svg><\/span>\n\t\t\t<span class='e-closed'><svg aria-hidden=\"true\" class=\"e-font-icon-svg e-fas-angle-right\" viewBox=\"0 0 256 512\" xmlns=\"http:\/\/www.w3.org\/2000\/svg\"><path d=\"M224.3 273l-136 136c-9.4 9.4-24.6 9.4-33.9 0l-22.6-22.6c-9.4-9.4-9.4-24.6 0-33.9l96.4-96.4-96.4-96.4c-9.4-9.4-9.4-24.6 0-33.9L54.3 103c9.4-9.4 24.6-9.4 33.9 0l136 136c9.5 9.4 9.5 24.6.1 34z\"><\/path><\/svg><\/span>\n\t\t<\/span>\n\n\t\t\t\t\t\t<\/summary>\n\t\t\t\t<div role=\"region\" aria-labelledby=\"e-n-accordion-item-7447\" class=\"elementor-element elementor-element-f261a54 e-con-full e-flex e-con e-child\" data-id=\"f261a54\" data-element_type=\"container\" data-e-type=\"container\">\n\t\t\t\t<div class=\"elementor-element elementor-element-5687c62 elementor-widget elementor-widget-text-editor\" data-id=\"5687c62\" data-element_type=\"widget\" data-e-type=\"widget\" data-widget_type=\"text-editor.default\">\n\t\t\t\t\t\t\t\t\t<p>Atendimento da Ouvidoria: das 8h \u00e0s 12h, das 13h \u00e0s 17h, de segunda a sexta-feira.\u00a0<\/p><p><strong>Telefone:<\/strong>\u00a0(62) 3142-5760<\/p>\t\t\t\t\t\t\t\t<\/div>\n\t\t\t\t<\/div>\n\t\t\t\t\t<\/details>\n\t\t\t\t\t<\/div>\n\t\t\t\t\t\t<\/div>\n\t\t\t\t\t<\/div>\n\t\t\t\t<\/div>\n\t\t\t\t<\/div>\n\t\t","protected":false},"excerpt":{"rendered":"<p>Recep\u00e7\u00e3o Telefone: (62) 3142-5757 Diretoria Dire\u00e7\u00e3o Geral: Ronny Rezende Junior \/\u00a0ronny.rezende@hecad.org.br Dire\u00e7\u00e3o Assistencial e T\u00e9cnica: Dra. Fl\u00e1via Godoy Castelo Branco de Arag\u00e3o Correa \/\u00a0flavia.correa@hecad.org.br Acesso \u00e0 Informa\u00e7\u00e3o da OS Localiza\u00e7\u00e3o Av. Bela Vista, 2.333 &#8211; Parque Acalanto. Goi\u00e2nia-Goi\u00e1sCEP: 74863-025 O Hospital Estadual da Crian\u00e7a e do Adolescente (Hecad) \u00e9 uma unidade da Secretaria de Estado [&hellip;]<\/p>\n","protected":false},"author":222,"featured_media":0,"parent":0,"menu_order":0,"comment_status":"closed","ping_status":"closed","template":"","meta":{"footnotes":""},"class_list":["post-37644","page","type-page","status-publish","hentry"],"rttpg_featured_image_url":null,"rttpg_author":{"display_name":"diegomsilva","author_link":"https:\/\/goias.gov.br\/saude\/author\/diegomsilva\/"},"rttpg_comment":0,"rttpg_category":null,"rttpg_excerpt":"Recep\u00e7\u00e3o Telefone: (62) 3142-5757 Diretoria Dire\u00e7\u00e3o Geral: Ronny Rezende Junior \/\u00a0ronny.rezende@hecad.org.br Dire\u00e7\u00e3o Assistencial e T\u00e9cnica: Dra. Fl\u00e1via Godoy Castelo Branco de Arag\u00e3o Correa \/\u00a0flavia.correa@hecad.org.br Acesso \u00e0 Informa\u00e7\u00e3o da OS Localiza\u00e7\u00e3o Av. Bela Vista, 2.333 &#8211; Parque Acalanto. Goi\u00e2nia-Goi\u00e1sCEP: 74863-025 O Hospital Estadual da Crian\u00e7a e do Adolescente (Hecad) \u00e9 uma unidade da Secretaria de Estado&hellip;","_links":{"self":[{"href":"https:\/\/goias.gov.br\/saude\/wp-json\/wp\/v2\/pages\/37644","targetHints":{"allow":["GET"]}}],"collection":[{"href":"https:\/\/goias.gov.br\/saude\/wp-json\/wp\/v2\/pages"}],"about":[{"href":"https:\/\/goias.gov.br\/saude\/wp-json\/wp\/v2\/types\/page"}],"author":[{"embeddable":true,"href":"https:\/\/goias.gov.br\/saude\/wp-json\/wp\/v2\/users\/222"}],"replies":[{"embeddable":true,"href":"https:\/\/goias.gov.br\/saude\/wp-json\/wp\/v2\/comments?post=37644"}],"version-history":[{"count":3,"href":"https:\/\/goias.gov.br\/saude\/wp-json\/wp\/v2\/pages\/37644\/revisions"}],"predecessor-version":[{"id":628626,"href":"https:\/\/goias.gov.br\/saude\/wp-json\/wp\/v2\/pages\/37644\/revisions\/628626"}],"wp:attachment":[{"href":"https:\/\/goias.gov.br\/saude\/wp-json\/wp\/v2\/media?parent=37644"}],"curies":[{"name":"wp","href":"https:\/\/api.w.org\/{rel}","templated":true}]}}