

{"id":37536,"date":"2024-01-24T16:15:44","date_gmt":"2024-01-24T19:15:44","guid":{"rendered":"https:\/\/siteshom.goias.gov.br\/saude\/?page_id=37536"},"modified":"2025-12-03T10:33:31","modified_gmt":"2025-12-03T13:33:31","slug":"passo-a-passo-para-abertura-de-processo-ou-alteracao-e-ou-inclusao-de-medicamentos","status":"publish","type":"page","link":"https:\/\/goias.gov.br\/saude\/cemac-juarez-barbosa\/passo-a-passo-para-abertura-de-processo-ou-alteracao-e-ou-inclusao-de-medicamentos\/","title":{"rendered":"Passo a passo para Abertura de Processo ou Altera\u00e7\u00e3o e\/ou Inclus\u00e3o de Medicamentos"},"content":{"rendered":"\t\t<div data-elementor-type=\"wp-page\" data-elementor-id=\"37536\" class=\"elementor elementor-37536\">\n\t\t\t\t<div class=\"elementor-element elementor-element-0fd75c1 e-flex e-con-boxed e-con e-parent\" data-id=\"0fd75c1\" data-element_type=\"container\" data-e-type=\"container\">\n\t\t\t\t\t<div class=\"e-con-inner\">\n\t\t\t\t<div class=\"elementor-element elementor-element-5193644 elementor-widget elementor-widget-html\" data-id=\"5193644\" data-element_type=\"widget\" data-e-type=\"widget\" data-widget_type=\"html.default\">\n\t\t\t\t\t<div style=\"padding: 10px; background-color: #ededed; border-radius: 4px;\">\r\n<h4 style=\"text-align: center; background-color: #2da44a; color: #fff; margin: -10px -10px 0 -10px; border-top-right-radius: 4px; border-top-left-radius: 4px; padding: 10px 0;\"><i class=\"fa fa-exclamation-triangle\" aria-hidden=\"true\"><\/i> Importante<\/h4>\r\n<p style=\"text-align: center;\"><big>Caso voc\u00ea j\u00e1 tenha algum processo aberto na Unidade e deseja fazer apenas a altera\u00e7\u00e3o de posologia e \/ ou apresenta\u00e7\u00e3o farmac\u00eautica (comprimido, solu\u00e7\u00e3o oral ou outras) n\u00e3o se faz necess\u00e1rio seguir as etapas seguintes, basta apresentar a prescri\u00e7\u00e3o no Guich\u00ea de Dispensa\u00e7\u00e3o, junto com seu protocolo, para a devida an\u00e1lise.<\/big><\/p>\r\n<\/div>\t\t\t\t<\/div>\n\t\t\t\t\t<\/div>\n\t\t\t\t<\/div>\n\t\t<div class=\"elementor-element elementor-element-cde0361 e-flex e-con-boxed e-con e-parent\" data-id=\"cde0361\" data-element_type=\"container\" data-e-type=\"container\">\n\t\t\t\t\t<div class=\"e-con-inner\">\n\t\t\t\t<div class=\"elementor-element elementor-element-b8ab09c elementor-widget elementor-widget-html\" data-id=\"b8ab09c\" data-element_type=\"widget\" data-e-type=\"widget\" data-widget_type=\"html.default\">\n\t\t\t\t\t<div style=\"padding: 10px; background-color: #ededed; border-radius: 4px;\">\r\n<h4 style=\"text-align: center; background-color: #00549a; color: #fff; margin: -10px -10px 0 -10px; border-top-right-radius: 4px; border-top-left-radius: 4px; padding: 10px 0;\"><i aria-hidden=\"true\"><\/i>Etapa 1 - Verifique a disponibilidade do medicamento<\/h4>\r\n<p style=\"text-align: center;\"><big>Tire suas d\u00favidas sobre a disponibilidade de medicamentos clicando <a href=\"https:\/\/goias.gov.br\/saude\/cemac-juarez-barbosa\/relacao-de-medicamentos-doencas-e-agravos\/\" target=\"_blank\" rel=\"noopener\"><strong>aqui<\/strong><\/a>.<\/big><\/p>\r\n<\/div>\t\t\t\t<\/div>\n\t\t\t\t\t<\/div>\n\t\t\t\t<\/div>\n\t\t<div class=\"elementor-element elementor-element-842bf12 e-flex e-con-boxed e-con e-parent\" data-id=\"842bf12\" data-element_type=\"container\" data-e-type=\"container\">\n\t\t\t\t\t<div class=\"e-con-inner\">\n\t\t\t\t<div class=\"elementor-element elementor-element-1c65846 elementor-widget elementor-widget-text-editor\" data-id=\"1c65846\" data-element_type=\"widget\" data-e-type=\"widget\" data-widget_type=\"text-editor.default\">\n\t\t\t\t\t\t\t\t\t<div style=\"padding: 10px; background-color: #ededed; border-radius: 4px;\"><h4 style=\"text-align: center; background-color: #00549a; color: #fff; margin: -10px -10px 0 -10px; border-top-right-radius: 4px; border-top-left-radius: 4px; padding: 10px 0;\">Etapa 2 &#8211; Lista de documentos e exames para abertura do processo<\/h4><p>Agora que voc\u00ea j\u00e1 consultou as Tabelas espec\u00edficas e verificou que a CEMAC Juarez Barbosa fornece seu medicamento e este est\u00e1 dispon\u00edvel para sua doen\u00e7a\/agravo vamos aos documentos necess\u00e1rios. Um dos documentos obrigat\u00f3rios para a abertura de processo \u00e9 o LME (Laudo de solicita\u00e7\u00e3o, avalia\u00e7\u00e3o e autoriza\u00e7\u00e3o de medicamentos). J\u00e1 fa\u00e7a o download deste arquivo abaixo e veja tamb\u00e9m com se d\u00e1 o seu preenchimento.<\/p><p>\u2022 <a href=\"https:\/\/goias.gov.br\/saude\/wp-content\/uploads\/sites\/34\/2024\/01\/OrientacoessobrepreenchimentodaLME.pdf\" target=\"_blank\" rel=\"noopener\">Orienta\u00e7\u00f5es para preenchimento de LME<\/a><br \/>\u2022 <a href=\"https:\/\/goias.gov.br\/saude\/wp-content\/uploads\/sites\/34\/2024\/01\/LMEvigente.pdf\" target=\"_blank\" rel=\"noopener\">LME Manual<\/a><br \/>\u2022 <a href=\"https:\/\/goias.gov.br\/saude\/wp-content\/uploads\/sites\/34\/2024\/01\/LMEpreenchimentoeletronico.pdf\" target=\"_blank\" rel=\"noopener\">LME para preenchimento eletr\u00f4nico<\/a><\/p><p>Agora basta dar um clique no link abaixo para escolher a doen\u00e7a\/agravo e baixar o arquivo contendo a rela\u00e7\u00e3o de documentos e exames necess\u00e1rios para a abertura de processo.<\/p><\/div>\t\t\t\t\t\t\t\t<\/div>\n\t\t\t\t\t<\/div>\n\t\t\t\t<\/div>\n\t\t<div class=\"elementor-element elementor-element-1cb993f e-flex e-con-boxed e-con e-parent\" data-id=\"1cb993f\" data-element_type=\"container\" data-e-type=\"container\">\n\t\t\t\t\t<div class=\"e-con-inner\">\n\t\t\t\t<div class=\"elementor-element elementor-element-c8947a3 elementor-widget elementor-widget-html\" data-id=\"c8947a3\" data-element_type=\"widget\" data-e-type=\"widget\" data-widget_type=\"html.default\">\n\t\t\t\t\t<!DOCTYPE html>\r\n<html lang=\"pt-br\" dir=\"ltr\">\r\n<head>\r\n  <meta http-equiv=\"Content-Type\" content=\"text\/html; charset=UTF-8\" \/>\r\n  <style>\r\n    \/* Estilos para desktop *\/\r\n    .container {\r\n      padding: 10px;\r\n    }\r\n\r\n    .section {\r\n      margin-bottom: 10px;\r\n    }\r\n\r\n    .title {\r\n      text-align: center;\r\n      margin: 0 0 24px;\r\n      color: #0c326f;\r\n      font-weight: 600;\r\n      font-size: 2.2rem;\r\n      line-height: 1.5;\r\n    }\r\n\r\n    .cards {\r\n      display: flex;\r\n      justify-content: space-evenly;\r\n      flex-wrap: wrap;\r\n      margin: 0;\r\n      padding: 0;\r\n      list-style: none;\r\n    }\r\n\r\n    .cards li {\r\n      background-color: #ededed;\r\n      box-shadow: 0 3px 6px 0 rgba(0, 0, 0, 0.16);\r\n      text-align: center;\r\n      flex-basis: 23%;\r\n      box-sizing: border-box;\r\n      min-height: 60px;\r\n      margin-bottom: 0.9em;\r\n      line-height: 1.2em;\r\n      display: list-item;\r\n    }\r\n\r\n    .cards li a {\r\n      display: flex;\r\n      justify-content: center;\r\n      align-items: center;\r\n      flex-direction: column;\r\n      width: 100%;\r\n      height: 100%;\r\n      color: #1351b4;\r\n      font-weight: 600;\r\n      text-decoration: none;\r\n    }\r\n\r\n    .cards li i,\r\n    .cards li span {\r\n      font-size: 10px;\r\n      margin-bottom: 30px;\r\n      color: #0c326f;\r\n      width: auto;\r\n      font-weight: 200;\r\n    }\r\n\r\n    .cards li .title {\r\n      font-size: 15px;\r\n      color: #0c326f;\r\n      font-weight: 500;\r\n      margin: 0;\r\n      text-transform: uppercase;\r\n    }\r\n\r\n    \/* Estilos para telas menores *\/\r\n    @media screen and (max-width: 768px) {\r\n      .cards {\r\n        gap: 20px; \/* Espa\u00e7amento entre os cards *\/\r\n        margin-top: 20px; \/* Margem superior para os cards *\/\r\n      }\r\n      .cards li {\r\n        flex-basis: calc(50% - 20px); \/* Tamanho dos cards com espa\u00e7amento *\/\r\n      }\r\n    }\r\n\r\n    @media screen and (max-width: 480px) {\r\n      .cards {\r\n        gap: 15px; \/* Espa\u00e7amento menor entre os cards *\/\r\n        margin-top: 15px; \/* Margem superior menor para os cards *\/\r\n      }\r\n      .cards li {\r\n        flex-basis: calc(100% - 30px); \/* Tamanho dos cards com espa\u00e7amento menor *\/\r\n      }\r\n    }\r\n  <\/style>\r\n<\/head>\r\n<body>\r\n  <div class=\"container\">\r\n    <div class=\"section\">\r\n      <div class=\"suvisa\">\r\n        \r\n        <ul class=\"cards\">\r\n     \r\n                <li>\r\n                    <a href=\"\/saude\/cemac-doencas-agravos\/\" target=\"_blank\">\r\n\r\n                        <div class=\"title\">lista de doen\u00e7as e agravos<\/div>\r\n                    <\/a>\r\n                <\/li>\r\n               \r\n\r\n  \r\n        <\/ul>\r\n      <\/div>\r\n    <\/div>\r\n  <\/div>\r\n<\/body>\r\n<\/html>\r\n\t\t\t\t<\/div>\n\t\t\t\t\t<\/div>\n\t\t\t\t<\/div>\n\t\t<div class=\"elementor-element elementor-element-e407bf5 e-flex e-con-boxed e-con e-parent\" data-id=\"e407bf5\" data-element_type=\"container\" data-e-type=\"container\">\n\t\t\t\t\t<div class=\"e-con-inner\">\n\t\t\t\t<div class=\"elementor-element elementor-element-b19a4ba elementor-widget elementor-widget-text-editor\" data-id=\"b19a4ba\" data-element_type=\"widget\" data-e-type=\"widget\" data-widget_type=\"text-editor.default\">\n\t\t\t\t\t\t\t\t\t<div style=\"padding: 10px; background-color: #ededed; border-radius: 4px;\"><h4 style=\"text-align: center; background-color: #00549a; color: #fff; margin: -10px -10px 0 -10px; border-top-right-radius: 4px; border-top-left-radius: 4px; padding: 10px 0;\">Etapa 3 &#8211; Encaminhar os documentos e exames para solicita\u00e7\u00e3o de medicamentos<\/h4><p>Uma vez que voc\u00ea j\u00e1 providenciou todos os documentos e exames necess\u00e1rios para a abertura de processo referente a sua doen\u00e7a\/agravo, est\u00e1 na hora de saber como proceder para abrir seu processo na CEMAC Juarez Barbosa.<\/p><p>Para realizar o envio de documentos faz-se necess\u00e1rio o cadastro do paciente na plataforma <a href=\"https:\/\/www.gov.br\/pt-br\" target=\"_blank\" rel=\"noopener\">GOV.BR<\/a>. No arquivo abaixo (<strong>Orienta\u00e7\u00f5es gerais<\/strong>) ser\u00e1 explicado detalhadamente como e onde voc\u00ea deve enviar a documenta\u00e7\u00e3o e exames para iniciar a abertura de seu processo, portanto, leia com a devida aten\u00e7\u00e3o!<\/p><p>Ap\u00f3s a sua leitura voc\u00ea poder\u00e1 acessar a p\u00e1gina para realizar este servi\u00e7o de solicita\u00e7\u00e3o de medicamentos.<\/p><\/div>\t\t\t\t\t\t\t\t<\/div>\n\t\t\t\t\t<\/div>\n\t\t\t\t<\/div>\n\t\t<div class=\"elementor-element elementor-element-7e1793b e-flex e-con-boxed e-con e-parent\" data-id=\"7e1793b\" data-element_type=\"container\" data-e-type=\"container\">\n\t\t\t\t\t<div class=\"e-con-inner\">\n\t\t\t\t<div class=\"elementor-element elementor-element-064476d elementor-widget elementor-widget-html\" data-id=\"064476d\" data-element_type=\"widget\" data-e-type=\"widget\" data-widget_type=\"html.default\">\n\t\t\t\t\t<!DOCTYPE html>\r\n<html lang=\"pt-br\" dir=\"ltr\">\r\n<head>\r\n  <meta http-equiv=\"Content-Type\" content=\"text\/html; charset=UTF-8\" \/>\r\n  <style>\r\n    \/* Estilos para desktop *\/\r\n    .container {\r\n      padding: 10px;\r\n    }\r\n\r\n    .section {\r\n      margin-bottom: 10px;\r\n    }\r\n\r\n    .title {\r\n      text-align: center;\r\n      margin: 0 0 24px;\r\n      color: #0c326f;\r\n      font-weight: 600;\r\n      font-size: 2.2rem;\r\n      line-height: 1.5;\r\n    }\r\n\r\n    .cards {\r\n      display: flex;\r\n      justify-content: space-evenly;\r\n      flex-wrap: wrap;\r\n      margin: 0;\r\n      padding: 0;\r\n      list-style: none;\r\n    }\r\n\r\n    .cards li {\r\n      background-color: #ededed;\r\n      box-shadow: 0 3px 6px 0 rgba(0, 0, 0, 0.16);\r\n      text-align: center;\r\n      flex-basis: 23%;\r\n      box-sizing: border-box;\r\n      min-height: 60px;\r\n      margin-bottom: 0.9em;\r\n      line-height: 1.2em;\r\n      display: list-item;\r\n    }\r\n\r\n    .cards li a {\r\n      display: flex;\r\n      justify-content: center;\r\n      align-items: center;\r\n      flex-direction: column;\r\n      width: 100%;\r\n      height: 100%;\r\n      color: #1351b4;\r\n      font-weight: 600;\r\n      text-decoration: none;\r\n    }\r\n\r\n    .cards li i,\r\n    .cards li span {\r\n      font-size: 10px;\r\n      margin-bottom: 30px;\r\n      color: #0c326f;\r\n      width: auto;\r\n      font-weight: 200;\r\n    }\r\n\r\n    .cards li .title {\r\n      font-size: 15px;\r\n      color: #0c326f;\r\n      font-weight: 500;\r\n      margin: 0;\r\n      text-transform: uppercase;\r\n    }\r\n\r\n    \/* Estilos para telas menores *\/\r\n    @media screen and (max-width: 768px) {\r\n      .cards {\r\n        gap: 20px; \/* Espa\u00e7amento entre os cards *\/\r\n        margin-top: 20px; \/* Margem superior para os cards *\/\r\n      }\r\n      .cards li {\r\n        flex-basis: calc(50% - 20px); \/* Tamanho dos cards com espa\u00e7amento *\/\r\n      }\r\n    }\r\n\r\n    @media screen and (max-width: 480px) {\r\n      .cards {\r\n        gap: 15px; \/* Espa\u00e7amento menor entre os cards *\/\r\n        margin-top: 15px; \/* Margem superior menor para os cards *\/\r\n      }\r\n      .cards li {\r\n        flex-basis: calc(100% - 30px); \/* Tamanho dos cards com espa\u00e7amento menor *\/\r\n      }\r\n    }\r\n  <\/style>\r\n<\/head>\r\n<body>\r\n  <div class=\"container\">\r\n    <div class=\"section\">\r\n      <div class=\"suvisa\">\r\n        \r\n        <ul class=\"cards\">\r\n          <li>\r\n                    <a href=\"https:\/\/goias.gov.br\/saude\/wp-content\/uploads\/sites\/34\/files\/cemac\/informacoes\/orientacoes-gerais.pdf\" target=\"_blank\">\r\n\r\n                        <div class=\"title\">orienta\u00e7\u00f5es gerais<\/div>\r\n                    <\/a>\r\n                <\/li>\r\n                <li>\r\n                    <a href=\"https:\/\/www.go.gov.br\/tela-orgao\/servico\/solicitar-abertura-de-processo-ou-alteracao-eou-inclusao-de-medicamentos-de-alto-custo--cemac-jb#\/abrirProcesso\/selecao-patologia\" target=\"_blank\">\r\n\r\n                        <div class=\"title\">solicitar abertura de processo<\/div>\r\n                    <\/a>\r\n                <\/li>\r\n\r\n     <li>\r\n                    <a href=\"https:\/\/www.youtube.com\/watch?v=eXOrhODGKtQ\" target=\"_blank\">\r\n\r\n                        <div class=\"title\">v\u00eddeo orientativo<\/div>\r\n                    <\/a>\r\n                <\/li>\r\n                <li>\r\n                    <a href=\"https:\/\/goias.gov.br\/saude\/wp-content\/uploads\/sites\/34\/files\/cemac\/informacoes\/Dicassobreadispensacaodemedicamentos.pdf\" target=\"_blank\">\r\n\r\n                        <div class=\"title\">dicas sobre dispensa\u00e7\u00e3o de medicamentos<\/div>\r\n                    <\/a>\r\n                <\/li>\r\n               \r\n\r\n  \r\n        <\/ul>\r\n      <\/div>\r\n    <\/div>\r\n  <\/div>\r\n<\/body>\r\n<\/html>\r\n\t\t\t\t<\/div>\n\t\t\t\t\t<\/div>\n\t\t\t\t<\/div>\n\t\t\t\t<\/div>\n\t\t","protected":false},"excerpt":{"rendered":"<p>Importante Caso voc\u00ea j\u00e1 tenha algum processo aberto na Unidade e deseja fazer apenas a altera\u00e7\u00e3o de posologia e \/ ou apresenta\u00e7\u00e3o farmac\u00eautica (comprimido, solu\u00e7\u00e3o oral ou outras) n\u00e3o se faz necess\u00e1rio seguir as etapas seguintes, basta apresentar a prescri\u00e7\u00e3o no Guich\u00ea de Dispensa\u00e7\u00e3o, junto com seu protocolo, para a devida an\u00e1lise. Etapa 1 &#8211; [&hellip;]<\/p>\n","protected":false},"author":7,"featured_media":0,"parent":37408,"menu_order":0,"comment_status":"closed","ping_status":"closed","template":"","meta":{"footnotes":""},"class_list":["post-37536","page","type-page","status-publish","hentry"],"rttpg_featured_image_url":null,"rttpg_author":{"display_name":"gustavogoncalves","author_link":"https:\/\/goias.gov.br\/saude\/author\/gustavogoncalves\/"},"rttpg_comment":0,"rttpg_category":null,"rttpg_excerpt":"Importante Caso voc\u00ea j\u00e1 tenha algum processo aberto na Unidade e deseja fazer apenas a altera\u00e7\u00e3o de posologia e \/ ou apresenta\u00e7\u00e3o farmac\u00eautica (comprimido, solu\u00e7\u00e3o oral ou outras) n\u00e3o se faz necess\u00e1rio seguir as etapas seguintes, basta apresentar a prescri\u00e7\u00e3o no Guich\u00ea de Dispensa\u00e7\u00e3o, junto com seu protocolo, para a devida an\u00e1lise. Etapa 1 &#8211;&hellip;","_links":{"self":[{"href":"https:\/\/goias.gov.br\/saude\/wp-json\/wp\/v2\/pages\/37536","targetHints":{"allow":["GET"]}}],"collection":[{"href":"https:\/\/goias.gov.br\/saude\/wp-json\/wp\/v2\/pages"}],"about":[{"href":"https:\/\/goias.gov.br\/saude\/wp-json\/wp\/v2\/types\/page"}],"author":[{"embeddable":true,"href":"https:\/\/goias.gov.br\/saude\/wp-json\/wp\/v2\/users\/7"}],"replies":[{"embeddable":true,"href":"https:\/\/goias.gov.br\/saude\/wp-json\/wp\/v2\/comments?post=37536"}],"version-history":[{"count":3,"href":"https:\/\/goias.gov.br\/saude\/wp-json\/wp\/v2\/pages\/37536\/revisions"}],"predecessor-version":[{"id":631571,"href":"https:\/\/goias.gov.br\/saude\/wp-json\/wp\/v2\/pages\/37536\/revisions\/631571"}],"up":[{"embeddable":true,"href":"https:\/\/goias.gov.br\/saude\/wp-json\/wp\/v2\/pages\/37408"}],"wp:attachment":[{"href":"https:\/\/goias.gov.br\/saude\/wp-json\/wp\/v2\/media?parent=37536"}],"curies":[{"name":"wp","href":"https:\/\/api.w.org\/{rel}","templated":true}]}}