

{"id":37479,"date":"2023-11-28T12:24:54","date_gmt":"2023-11-28T15:24:54","guid":{"rendered":"https:\/\/siteshom.goias.gov.br\/saude\/?page_id=37479"},"modified":"2025-12-02T16:30:18","modified_gmt":"2025-12-02T19:30:18","slug":"saude-do-trabalhador","status":"publish","type":"page","link":"https:\/\/goias.gov.br\/saude\/vigilancia-em-saude\/saude-do-trabalhador\/","title":{"rendered":"Vigil\u00e2ncia em Sa\u00fade do Trabalhador"},"content":{"rendered":"\t\t<div data-elementor-type=\"wp-page\" data-elementor-id=\"37479\" class=\"elementor elementor-37479\">\n\t\t\t\t<div class=\"elementor-element elementor-element-3723bec e-flex e-con-boxed e-con e-parent\" data-id=\"3723bec\" data-element_type=\"container\" data-e-type=\"container\">\n\t\t\t\t\t<div class=\"e-con-inner\">\n\t\t\t\t<div class=\"elementor-element elementor-element-a98a1f5 elementor-widget elementor-widget-shortcode\" data-id=\"a98a1f5\" data-element_type=\"widget\" data-e-type=\"widget\" data-widget_type=\"shortcode.default\">\n\t\t\t\t\t\t\t<div class=\"elementor-shortcode\"><div data-post-id=\"14865\" class=\"insert-page insert-page-14865 \"><p>&Eacute; um componente do Sistema Nacional de Vigil&acirc;ncia em Sa&uacute;de, que visa &agrave; promo&ccedil;&atilde;o da sa&uacute;de e &agrave; redu&ccedil;&atilde;o da morbimortalidade da popula&ccedil;&atilde;o trabalhadora, por meio da integra&ccedil;&atilde;o de a&ccedil;&otilde;es que intervenham nos agravos e seus determinantes decorrentes dos modelos de desenvolvimento e processos produtivos (<a href=\"https:\/\/bvsms.saude.gov.br\/bvs\/saudelegis\/gm\/2017\/MatrizesConsolidacao\/Matriz-2-Politicas.html\" rel=\"noopener\" target=\"_blank\">Portaria de Consolida&ccedil;&atilde;o n. 2, de 28\/09\/17, Anexo XV<\/a>).\u200b<\/p>\n<p tabindex=\"0\">A Vigil&acirc;ncia em Sa&uacute;de do Trabalhador pauta-se nos princ&iacute;pios do Sistema &Uacute;nico de Sa&uacute;de, em conson&acirc;ncia com os Sistemas Nacionais de Vigil&acirc;ncia de Vigil&acirc;ncia Sanit&aacute;ria e de Vigil&acirc;ncia Epidemiol&oacute;gica, articulada com a &aacute;rea assistencial.<\/p>\n<p tabindex=\"0\">Tem como objetivos:<\/p>\n<ol>\n<li>Conhecer a realidade de sa&uacute;de da popula&ccedil;&atilde;o trabalhadora, independente da forma de inser&ccedil;&atilde;o no mercado de trabalho e do v&iacute;nculo trabalhista estabelecido;<\/li>\n<li>Intervir nos fatores determinantes de agravos &agrave; sa&uacute;de da popula&ccedil;&atilde;o trabalhadora, visando elimin&aacute;-los ou, na sua impossibilidade, atenu&aacute;-los;<\/li>\n<li>Avaliar o impacto das medidas adotadas para a elimina&ccedil;&atilde;o, atenua&ccedil;&atilde;o e controle dos fatores determinantes e agravos &agrave; sa&uacute;de;<\/li>\n<li>Subsidiar a tomada de decis&otilde;es dos &oacute;rg&atilde;os competentes;<\/li>\n<li>Estabelecer sistemas de informa&ccedil;&atilde;o em sa&uacute;de do trabalhador.<\/li>\n<\/ol>\n<p><a href=\"https:\/\/renastonline.ensp.fiocruz.br\/?q=temas\/legisla%C3%A7%C3%A3o-sa%C3%BAde-trabalhador\" target=\"_blank\" rel=\"noopener\">Legisla&ccedil;&otilde;es sobre sa&uacute;de do trabalhador (RENAST)<\/a><\/p>\n<p><a href=\"https:\/\/goias.gov.br\/saude\/legislacoes-estaduais-saude-do-trabalhador\/\" target=\"_blank\" rel=\"noopener\">Legisla&ccedil;&otilde;es Estaduais Sa&uacute;de do Trabalhador<\/a><\/p>\n<\/div><\/div>\n\t\t\t\t\t\t<\/div>\n\t\t\t\t\t<\/div>\n\t\t\t\t<\/div>\n\t\t<div class=\"elementor-element elementor-element-86cfc28 e-flex e-con-boxed e-con e-parent\" data-id=\"86cfc28\" data-element_type=\"container\" data-e-type=\"container\">\n\t\t\t\t\t<div class=\"e-con-inner\">\n\t\t\t\t<div class=\"elementor-element elementor-element-f9507a2 elementor-widget elementor-widget-html\" data-id=\"f9507a2\" data-element_type=\"widget\" data-e-type=\"widget\" data-widget_type=\"html.default\">\n\t\t\t\t\t<!DOCTYPE html>\r\n<html lang=\"pt-br\" dir=\"ltr\">\r\n<head>\r\n  <meta http-equiv=\"Content-Type\" content=\"text\/html; charset=UTF-8\" \/>\r\n  <style>\r\n    \/* Estilos para desktop *\/\r\n    .container {\r\n      padding: 10px;\r\n    }\r\n\r\n    .section {\r\n      margin-bottom: 10px;\r\n    }\r\n\r\n    .title {\r\n      text-align: center;\r\n      margin: 0 0 24px;\r\n      color: #0c326f;\r\n      font-weight: 600;\r\n      font-size: 2.2rem;\r\n      line-height: 1.5;\r\n    }\r\n\r\n    .cards {\r\n      display: flex;\r\n      justify-content: space-evenly;\r\n      flex-wrap: wrap;\r\n      margin: 0;\r\n      padding: 0;\r\n      list-style: none;\r\n    }\r\n\r\n    .cards li {\r\n      background-color: #ededed;\r\n      box-shadow: 0 3px 6px 0 rgba(0, 0, 0, 0.16);\r\n      text-align: center;\r\n      flex-basis: 23%;\r\n      box-sizing: border-box;\r\n      min-height: 60px;\r\n      margin-bottom: 0.9em;\r\n      line-height: 1.2em;\r\n      display: list-item;\r\n    }\r\n\r\n    .cards li a {\r\n      display: flex;\r\n      justify-content: center;\r\n      align-items: center;\r\n      flex-direction: column;\r\n      width: 100%;\r\n      height: 100%;\r\n      color: #1351b4;\r\n      font-weight: 600;\r\n      text-decoration: none;\r\n    }\r\n\r\n    .cards li i,\r\n    .cards li span {\r\n      font-size: 10px;\r\n      margin-bottom: 30px;\r\n      color: #0c326f;\r\n      width: auto;\r\n      font-weight: 200;\r\n    }\r\n\r\n    .cards li .title {\r\n      font-size: 15px;\r\n      color: #0c326f;\r\n      font-weight: 500;\r\n      margin: 0;\r\n      text-transform: uppercase;\r\n    }\r\n\r\n    \/* Estilos para telas menores *\/\r\n    @media screen and (max-width: 768px) {\r\n      .cards {\r\n        gap: 20px; \/* Espa\u00e7amento entre os cards *\/\r\n        margin-top: 20px; \/* Margem superior para os cards *\/\r\n      }\r\n      .cards li {\r\n        flex-basis: calc(50% - 20px); \/* Tamanho dos cards com espa\u00e7amento *\/\r\n      }\r\n    }\r\n\r\n    @media screen and (max-width: 480px) {\r\n      .cards {\r\n        gap: 15px; \/* Espa\u00e7amento menor entre os cards *\/\r\n        margin-top: 15px; \/* Margem superior menor para os cards *\/\r\n      }\r\n      .cards li {\r\n        flex-basis: calc(100% - 30px); \/* Tamanho dos cards com espa\u00e7amento menor *\/\r\n      }\r\n    }\r\n  <\/style>\r\n<\/head>\r\n<body>\r\n  <div class=\"container\">\r\n    <div class=\"section\">\r\n      <div class=\"suvisa\">\r\n        \r\n        <ul class=\"cards\">\r\n          <li>\r\n                    <a href=\"https:\/\/goias.gov.br\/saude\/cerest\/\">\r\n\r\n                        <div class=\"title\">Centro de Refer\u00eancia em Sa\u00fade do Trabalhador<\/div>\r\n                    <\/a>\r\n                <\/li>\r\n\r\n<li>\r\n                    <a href=\"https:\/\/goias.gov.br\/saude\/projetos-do-cerest-goias\/\">\r\n\r\n                        <div class=\"title\">Projetos do Cerest Goi\u00e1s<\/div>\r\n                    <\/a>\r\n                <\/li>\r\n                <li>\r\n                    <a href=\"https:\/\/goias.gov.br\/saude\/vigilancia-em-ambientes-e-processos-de-trabalho\/\">\r\n\r\n                        <div class=\"title\">Vigil\u00e2ncia em Ambientes e Processos de Trabalho<\/div>\r\n                    <\/a>\r\n                <\/li>\r\n                <li>\r\n                    <a href=\"https:\/\/goias.gov.br\/saude\/projetos-de-vigilancia-em-saude-do-trabalhador\/\">\r\n     \r\n                        <div class=\"title\">Projetos de Vigil\u00e2ncia em Sa\u00fade do Trabalhador<\/div>\r\n                    <\/a>\r\n                <\/li>\r\n                \r\n\r\n   <li>\r\n                    <a href=\"https:\/\/goias.gov.br\/saude\/wp-content\/uploads\/sites\/34\/2023\/11\/ProgramadeQualificacaodaAcoesdeFiscalizacaoSanitaria-df6.pdf\">\r\n\r\n                        <div class=\"title\">Qualifica\u00e7\u00e3o das A\u00e7\u00f5es de Fiscaliza\u00e7\u00e3o Sanit\u00e1ria<\/div>\r\n                    <\/a>\r\n                <\/li>\r\n\r\n  \r\n        <\/ul>\r\n      <\/div>\r\n    <\/div>\r\n  <\/div>\r\n<\/body>\r\n<\/html>\r\n\t\t\t\t<\/div>\n\t\t\t\t\t<\/div>\n\t\t\t\t<\/div>\n\t\t<div class=\"elementor-element elementor-element-17e0dfd e-flex e-con-boxed e-con e-parent\" data-id=\"17e0dfd\" data-element_type=\"container\" data-e-type=\"container\">\n\t\t\t\t\t<div class=\"e-con-inner\">\n\t\t\t\t<div class=\"elementor-element elementor-element-acdfa37 elementor-widget elementor-widget-heading\" data-id=\"acdfa37\" data-element_type=\"widget\" data-e-type=\"widget\" data-widget_type=\"heading.default\">\n\t\t\t\t\t<h3 class=\"elementor-heading-title elementor-size-default\">Outras Informa\u00e7\u00f5es<\/h3>\t\t\t\t<\/div>\n\t\t\t\t<div class=\"elementor-element elementor-element-f2d03c9 elementor-widget elementor-widget-n-accordion\" data-id=\"f2d03c9\" data-element_type=\"widget\" data-e-type=\"widget\" data-settings=\"{&quot;default_state&quot;:&quot;all_collapsed&quot;,&quot;max_items_expended&quot;:&quot;one&quot;,&quot;n_accordion_animation_duration&quot;:{&quot;unit&quot;:&quot;ms&quot;,&quot;size&quot;:400,&quot;sizes&quot;:[]}}\" data-widget_type=\"nested-accordion.default\">\n\t\t\t\t\t\t\t<div class=\"e-n-accordion\" aria-label=\"Accordion. Open links with Enter or Space, close with Escape, and navigate with Arrow Keys\">\n\t\t\t\t\t\t<details id=\"e-n-accordion-item-2540\" class=\"e-n-accordion-item\" >\n\t\t\t\t<summary class=\"e-n-accordion-item-title\" data-accordion-index=\"1\" tabindex=\"0\" aria-expanded=\"false\" aria-controls=\"e-n-accordion-item-2540\" >\n\t\t\t\t\t<span class='e-n-accordion-item-title-header'><div class=\"e-n-accordion-item-title-text\"> Artigos Sa\u00fade do Trabalhador <\/div><\/span>\n\t\t\t\t\t\t\t<span class='e-n-accordion-item-title-icon'>\n\t\t\t<span class='e-opened' ><svg aria-hidden=\"true\" class=\"e-font-icon-svg e-fas-angle-down\" viewBox=\"0 0 320 512\" xmlns=\"http:\/\/www.w3.org\/2000\/svg\"><path d=\"M143 352.3L7 216.3c-9.4-9.4-9.4-24.6 0-33.9l22.6-22.6c9.4-9.4 24.6-9.4 33.9 0l96.4 96.4 96.4-96.4c9.4-9.4 24.6-9.4 33.9 0l22.6 22.6c9.4 9.4 9.4 24.6 0 33.9l-136 136c-9.2 9.4-24.4 9.4-33.8 0z\"><\/path><\/svg><\/span>\n\t\t\t<span class='e-closed'><svg aria-hidden=\"true\" class=\"e-font-icon-svg e-fas-angle-right\" viewBox=\"0 0 256 512\" xmlns=\"http:\/\/www.w3.org\/2000\/svg\"><path d=\"M224.3 273l-136 136c-9.4 9.4-24.6 9.4-33.9 0l-22.6-22.6c-9.4-9.4-9.4-24.6 0-33.9l96.4-96.4-96.4-96.4c-9.4-9.4-9.4-24.6 0-33.9L54.3 103c9.4-9.4 24.6-9.4 33.9 0l136 136c9.5 9.4 9.5 24.6.1 34z\"><\/path><\/svg><\/span>\n\t\t<\/span>\n\n\t\t\t\t\t\t<\/summary>\n\t\t\t\t<div role=\"region\" aria-labelledby=\"e-n-accordion-item-2540\" class=\"elementor-element elementor-element-372844d e-con-full e-flex e-con e-child\" data-id=\"372844d\" data-element_type=\"container\" data-e-type=\"container\">\n\t\t\t\t<div class=\"elementor-element elementor-element-1d1b57b elementor-widget elementor-widget-text-editor\" data-id=\"1d1b57b\" data-element_type=\"widget\" data-e-type=\"widget\" data-widget_type=\"text-editor.default\">\n\t\t\t\t\t\t\t\t\t<ul><li><a href=\"https:\/\/goias.gov.br\/saude\/wp-content\/uploads\/sites\/34\/files\/saude-do-trabalhador\/Acidentesdetrabalhocomqueimaduras.pdf\" target=\"_blank\" rel=\"noopener\">Acidentes de Trabalho com Queimaduras<\/a><\/li><li><a href=\"https:\/\/goias.gov.br\/saude\/wp-content\/uploads\/sites\/34\/files\/saude-do-trabalhador\/ArtigoAcidentesedoencasrelacionadasaotrabalho.pdf\" target=\"_blank\" rel=\"noopener noreferrer\">Acidentes e Doenc\u0327as Relacionadas ao Trabalho<\/a><\/li><\/ul>\t\t\t\t\t\t\t\t<\/div>\n\t\t\t\t<\/div>\n\t\t\t\t\t<\/details>\n\t\t\t\t\t\t<details id=\"e-n-accordion-item-2541\" class=\"e-n-accordion-item\" >\n\t\t\t\t<summary class=\"e-n-accordion-item-title\" data-accordion-index=\"2\" tabindex=\"-1\" aria-expanded=\"false\" aria-controls=\"e-n-accordion-item-2541\" >\n\t\t\t\t\t<span class='e-n-accordion-item-title-header'><div class=\"e-n-accordion-item-title-text\"> Notas T\u00e9cnicas Sa\u00fade do Trabalhador <\/div><\/span>\n\t\t\t\t\t\t\t<span class='e-n-accordion-item-title-icon'>\n\t\t\t<span class='e-opened' ><svg aria-hidden=\"true\" class=\"e-font-icon-svg e-fas-angle-down\" viewBox=\"0 0 320 512\" xmlns=\"http:\/\/www.w3.org\/2000\/svg\"><path d=\"M143 352.3L7 216.3c-9.4-9.4-9.4-24.6 0-33.9l22.6-22.6c9.4-9.4 24.6-9.4 33.9 0l96.4 96.4 96.4-96.4c9.4-9.4 24.6-9.4 33.9 0l22.6 22.6c9.4 9.4 9.4 24.6 0 33.9l-136 136c-9.2 9.4-24.4 9.4-33.8 0z\"><\/path><\/svg><\/span>\n\t\t\t<span class='e-closed'><svg aria-hidden=\"true\" class=\"e-font-icon-svg e-fas-angle-right\" viewBox=\"0 0 256 512\" xmlns=\"http:\/\/www.w3.org\/2000\/svg\"><path d=\"M224.3 273l-136 136c-9.4 9.4-24.6 9.4-33.9 0l-22.6-22.6c-9.4-9.4-9.4-24.6 0-33.9l96.4-96.4-96.4-96.4c-9.4-9.4-9.4-24.6 0-33.9L54.3 103c9.4-9.4 24.6-9.4 33.9 0l136 136c9.5 9.4 9.5 24.6.1 34z\"><\/path><\/svg><\/span>\n\t\t<\/span>\n\n\t\t\t\t\t\t<\/summary>\n\t\t\t\t<div role=\"region\" aria-labelledby=\"e-n-accordion-item-2541\" class=\"elementor-element elementor-element-cecb93f e-con-full e-flex e-con e-child\" data-id=\"cecb93f\" data-element_type=\"container\" data-e-type=\"container\">\n\t\t\t\t<div class=\"elementor-element elementor-element-bef0d0c elementor-widget elementor-widget-text-editor\" data-id=\"bef0d0c\" data-element_type=\"widget\" data-e-type=\"widget\" data-widget_type=\"text-editor.default\">\n\t\t\t\t\t\t\t\t\t<ul><li><a href=\"https:\/\/goias.gov.br\/saude\/wp-content\/uploads\/sites\/34\/files\/saude-do-trabalhador\/notas-tecnicas\/Nota%20T%C3%A9cnica%2002%202022%20Ass%C3%A9dio%20Moral.pdf\" target=\"_blank\" rel=\"noopener noreferrer\">Nota T\u00e9cnica n\u00ba 2\/2022 &#8211; Estabelece medidas de preven\u00e7\u00e3o, enfrentamento e tratamento do Ass\u00e9dio Moral no Trabalho.<\/a><\/li><\/ul>\t\t\t\t\t\t\t\t<\/div>\n\t\t\t\t<\/div>\n\t\t\t\t\t<\/details>\n\t\t\t\t\t<\/div>\n\t\t\t\t\t\t<\/div>\n\t\t\t\t\t<\/div>\n\t\t\t\t<\/div>\n\t\t\t\t<\/div>\n\t\t","protected":false},"excerpt":{"rendered":"<p>Centro de Refer\u00eancia em Sa\u00fade do Trabalhador Projetos do Cerest Goi\u00e1s Vigil\u00e2ncia em Ambientes e Processos de Trabalho Projetos de Vigil\u00e2ncia em Sa\u00fade do Trabalhador Qualifica\u00e7\u00e3o das A\u00e7\u00f5es de Fiscaliza\u00e7\u00e3o Sanit\u00e1ria Outras Informa\u00e7\u00f5es Artigos Sa\u00fade do Trabalhador Acidentes de Trabalho com Queimaduras Acidentes e Doenc\u0327as Relacionadas ao Trabalho Notas T\u00e9cnicas Sa\u00fade do Trabalhador Nota T\u00e9cnica [&hellip;]<\/p>\n","protected":false},"author":7,"featured_media":0,"parent":37739,"menu_order":0,"comment_status":"closed","ping_status":"closed","template":"","meta":{"footnotes":""},"class_list":["post-37479","page","type-page","status-publish","hentry"],"rttpg_featured_image_url":null,"rttpg_author":{"display_name":"gustavogoncalves","author_link":"https:\/\/goias.gov.br\/saude\/author\/gustavogoncalves\/"},"rttpg_comment":0,"rttpg_category":"","rttpg_excerpt":"Centro de Refer\u00eancia em Sa\u00fade do Trabalhador Projetos do Cerest Goi\u00e1s Vigil\u00e2ncia em Ambientes e Processos de Trabalho Projetos de Vigil\u00e2ncia em Sa\u00fade do Trabalhador Qualifica\u00e7\u00e3o das A\u00e7\u00f5es de Fiscaliza\u00e7\u00e3o Sanit\u00e1ria Outras Informa\u00e7\u00f5es Artigos Sa\u00fade do Trabalhador Acidentes de Trabalho com Queimaduras Acidentes e Doenc\u0327as Relacionadas ao Trabalho Notas T\u00e9cnicas Sa\u00fade do Trabalhador Nota T\u00e9cnica&hellip;","_links":{"self":[{"href":"https:\/\/goias.gov.br\/saude\/wp-json\/wp\/v2\/pages\/37479","targetHints":{"allow":["GET"]}}],"collection":[{"href":"https:\/\/goias.gov.br\/saude\/wp-json\/wp\/v2\/pages"}],"about":[{"href":"https:\/\/goias.gov.br\/saude\/wp-json\/wp\/v2\/types\/page"}],"author":[{"embeddable":true,"href":"https:\/\/goias.gov.br\/saude\/wp-json\/wp\/v2\/users\/7"}],"replies":[{"embeddable":true,"href":"https:\/\/goias.gov.br\/saude\/wp-json\/wp\/v2\/comments?post=37479"}],"version-history":[{"count":3,"href":"https:\/\/goias.gov.br\/saude\/wp-json\/wp\/v2\/pages\/37479\/revisions"}],"predecessor-version":[{"id":627385,"href":"https:\/\/goias.gov.br\/saude\/wp-json\/wp\/v2\/pages\/37479\/revisions\/627385"}],"up":[{"embeddable":true,"href":"https:\/\/goias.gov.br\/saude\/wp-json\/wp\/v2\/pages\/37739"}],"wp:attachment":[{"href":"https:\/\/goias.gov.br\/saude\/wp-json\/wp\/v2\/media?parent=37479"}],"curies":[{"name":"wp","href":"https:\/\/api.w.org\/{rel}","templated":true}]}}