

{"id":37472,"date":"2023-11-28T12:11:09","date_gmt":"2023-11-28T15:11:09","guid":{"rendered":"https:\/\/siteshom.goias.gov.br\/saude\/?page_id=37472"},"modified":"2025-12-02T15:38:03","modified_gmt":"2025-12-02T18:38:03","slug":"superintendencia-de-controle-interno-e-correicao","status":"publish","type":"page","link":"https:\/\/goias.gov.br\/saude\/superintendencia-de-controle-interno-e-correicao\/","title":{"rendered":"Superintend\u00eancia de Controle Interno e Correi\u00e7\u00e3o"},"content":{"rendered":"\t\t<div data-elementor-type=\"wp-page\" data-elementor-id=\"37472\" class=\"elementor elementor-37472\">\n\t\t\t\t<div class=\"elementor-element elementor-element-aa2db38 e-flex e-con-boxed e-con e-parent\" data-id=\"aa2db38\" data-element_type=\"container\" data-e-type=\"container\">\n\t\t\t\t\t<div class=\"e-con-inner\">\n\t\t<div class=\"elementor-element elementor-element-5e32b28 e-con-full e-flex e-con e-child\" data-id=\"5e32b28\" data-element_type=\"container\" data-e-type=\"container\">\n\t\t\t\t<div class=\"elementor-element elementor-element-6a73c5e elementor-widget elementor-widget-text-editor\" data-id=\"6a73c5e\" data-element_type=\"widget\" data-e-type=\"widget\" data-widget_type=\"text-editor.default\">\n\t\t\t\t\t\t\t\t\t<h3 class=\"sppb-addon-title\">Superintendente<\/h3><div class=\"sppb-addon-content\"><p><strong>Suellen Dantas Tobias e Silva Ravazzi<\/strong><br \/>(62) 3201-7790<br \/><a href=\"https:\/\/suellen.ravazzi@goias.gov.br\/\" data-cke-saved-href=\"https:\/\/suellen.ravazzi@goias.gov.br\">suellen.ravazzi@goias.gov.br<\/a><\/p><p><strong>Localiza\u00e7\u00e3o:<br \/><\/strong><a href=\"https:\/\/maps.app.goo.gl\/PgPGUEBjn4Faj9iW7\" target=\"_blank\" rel=\"noopener\">Av. SC 1 n\u00ba 299 &#8211; Parque Santa Cruz <br \/>Goi\u00e2nia &#8211; GO<br \/>CEP: 74.860-260<\/a><\/p><\/div>\t\t\t\t\t\t\t\t<\/div>\n\t\t\t\t<\/div>\n\t\t<div class=\"elementor-element elementor-element-6d2d2ab e-con-full e-flex e-con e-child\" data-id=\"6d2d2ab\" data-element_type=\"container\" data-e-type=\"container\">\n\t\t\t\t<div class=\"elementor-element elementor-element-34701a6 elementor-widget elementor-widget-text-editor\" data-id=\"34701a6\" data-element_type=\"widget\" data-e-type=\"widget\" data-widget_type=\"text-editor.default\">\n\t\t\t\t\t\t\t\t\t<p style=\"text-align: justify;\">A Superintend\u00eancia de Controle Interno e Correi\u00e7\u00e3o est\u00e1 ligada \u00e0 Subsecretaria de Controle Interno e Compliance, tecnicamente subordinada \u00e0 Controladoria Geral do Estado.<br \/><br \/>Atua na coordena\u00e7\u00e3o e supervis\u00e3o t\u00e9cnica das atividades de auditoria interna (avalia\u00e7\u00e3o e consultoria) e de correi\u00e7\u00e3o no \u00e2mbito da Secretaria de Estado da Sa\u00fade.<\/p>\t\t\t\t\t\t\t\t<\/div>\n\t\t\t\t<\/div>\n\t\t\t\t\t<\/div>\n\t\t\t\t<\/div>\n\t\t<div class=\"elementor-element elementor-element-6766e38 e-flex e-con-boxed e-con e-parent\" data-id=\"6766e38\" data-element_type=\"container\" data-e-type=\"container\">\n\t\t\t\t\t<div class=\"e-con-inner\">\n\t\t\t\t<div class=\"elementor-element elementor-element-bacc8a9 elementor-widget elementor-widget-heading\" data-id=\"bacc8a9\" data-element_type=\"widget\" data-e-type=\"widget\" data-widget_type=\"heading.default\">\n\t\t\t\t\t<h2 class=\"elementor-heading-title elementor-size-default\">Ger\u00eancias<\/h2>\t\t\t\t<\/div>\n\t\t\t\t<div class=\"elementor-element elementor-element-fab9164 elementor-widget elementor-widget-n-accordion\" data-id=\"fab9164\" data-element_type=\"widget\" data-e-type=\"widget\" data-settings=\"{&quot;default_state&quot;:&quot;all_collapsed&quot;,&quot;max_items_expended&quot;:&quot;one&quot;,&quot;n_accordion_animation_duration&quot;:{&quot;unit&quot;:&quot;ms&quot;,&quot;size&quot;:400,&quot;sizes&quot;:[]}}\" data-widget_type=\"nested-accordion.default\">\n\t\t\t\t\t\t\t<div class=\"e-n-accordion\" aria-label=\"Accordion. Open links with Enter or Space, close with Escape, and navigate with Arrow Keys\">\n\t\t\t\t\t\t<details id=\"e-n-accordion-item-2620\" class=\"e-n-accordion-item\" >\n\t\t\t\t<summary class=\"e-n-accordion-item-title\" data-accordion-index=\"1\" tabindex=\"0\" aria-expanded=\"false\" aria-controls=\"e-n-accordion-item-2620\" >\n\t\t\t\t\t<span class='e-n-accordion-item-title-header'><div class=\"e-n-accordion-item-title-text\"> Ger\u00eancia de Auditoria Governamental <\/div><\/span>\n\t\t\t\t\t\t\t<span class='e-n-accordion-item-title-icon'>\n\t\t\t<span class='e-opened' ><svg aria-hidden=\"true\" class=\"e-font-icon-svg e-fas-angle-down\" viewBox=\"0 0 320 512\" xmlns=\"http:\/\/www.w3.org\/2000\/svg\"><path d=\"M143 352.3L7 216.3c-9.4-9.4-9.4-24.6 0-33.9l22.6-22.6c9.4-9.4 24.6-9.4 33.9 0l96.4 96.4 96.4-96.4c9.4-9.4 24.6-9.4 33.9 0l22.6 22.6c9.4 9.4 9.4 24.6 0 33.9l-136 136c-9.2 9.4-24.4 9.4-33.8 0z\"><\/path><\/svg><\/span>\n\t\t\t<span class='e-closed'><svg aria-hidden=\"true\" class=\"e-font-icon-svg e-fas-angle-right\" viewBox=\"0 0 256 512\" xmlns=\"http:\/\/www.w3.org\/2000\/svg\"><path d=\"M224.3 273l-136 136c-9.4 9.4-24.6 9.4-33.9 0l-22.6-22.6c-9.4-9.4-9.4-24.6 0-33.9l96.4-96.4-96.4-96.4c-9.4-9.4-9.4-24.6 0-33.9L54.3 103c9.4-9.4 24.6-9.4 33.9 0l136 136c9.5 9.4 9.5 24.6.1 34z\"><\/path><\/svg><\/span>\n\t\t<\/span>\n\n\t\t\t\t\t\t<\/summary>\n\t\t\t\t<div role=\"region\" aria-labelledby=\"e-n-accordion-item-2620\" class=\"elementor-element elementor-element-2a8f1ad e-con-full e-flex e-con e-child\" data-id=\"2a8f1ad\" data-element_type=\"container\" data-e-type=\"container\">\n\t\t\t\t<div class=\"elementor-element elementor-element-a73352e elementor-widget elementor-widget-text-editor\" data-id=\"a73352e\" data-element_type=\"widget\" data-e-type=\"widget\" data-widget_type=\"text-editor.default\">\n\t\t\t\t\t\t\t\t\t<p>Compete \u00e0 Ger\u00eancia de Auditoria Governamental:<br \/>I &#8211; coordenar e executar no \u00e2mbito da SES as atividades de auditoria interna (consultoria e avalia\u00e7\u00e3o) com o prop\u00f3sito de aprimorar os processos de gerenciamento de riscos , controle e governan\u00e7a;<br \/>II &#8211; assessorar o escrit\u00f3rio de compliance, sob a orienta\u00e7\u00e3o da Controladoria-Geral do Estado, na implanta\u00e7\u00e3o do Programa de Compliance P\u00fablico do Estado de Goi\u00e1s na SES;<br \/>III &#8211; apoiar as a\u00e7\u00f5es de capacita\u00e7\u00e3o e os eventos nas \u00e1reas relacionadas ao Programa de Compliance P\u00fablico do Estado de Goi\u00e1s;<br \/>IV- realizar auditorias baseadas em riscos demandadas pela CGE;<br \/>V &#8211; realizar auditoria de monitoramento de recomenda\u00e7\u00f5es relacionadas \u00e0 gest\u00e3o de riscos;<br \/>VI &#8211; elaborar a proposta do Plano Operacional das A\u00e7\u00f5es de Controle &#8211; POAC;<br \/>VII- realizar outras atividades correlatas.<\/p>\t\t\t\t\t\t\t\t<\/div>\n\t\t\t\t<\/div>\n\t\t\t\t\t<\/details>\n\t\t\t\t\t\t<details id=\"e-n-accordion-item-2621\" class=\"e-n-accordion-item\" >\n\t\t\t\t<summary class=\"e-n-accordion-item-title\" data-accordion-index=\"2\" tabindex=\"-1\" aria-expanded=\"false\" aria-controls=\"e-n-accordion-item-2621\" >\n\t\t\t\t\t<span class='e-n-accordion-item-title-header'><div class=\"e-n-accordion-item-title-text\"> Ger\u00eancia de Auditoria do SUS <\/div><\/span>\n\t\t\t\t\t\t\t<span class='e-n-accordion-item-title-icon'>\n\t\t\t<span class='e-opened' ><svg aria-hidden=\"true\" class=\"e-font-icon-svg e-fas-angle-down\" viewBox=\"0 0 320 512\" xmlns=\"http:\/\/www.w3.org\/2000\/svg\"><path d=\"M143 352.3L7 216.3c-9.4-9.4-9.4-24.6 0-33.9l22.6-22.6c9.4-9.4 24.6-9.4 33.9 0l96.4 96.4 96.4-96.4c9.4-9.4 24.6-9.4 33.9 0l22.6 22.6c9.4 9.4 9.4 24.6 0 33.9l-136 136c-9.2 9.4-24.4 9.4-33.8 0z\"><\/path><\/svg><\/span>\n\t\t\t<span class='e-closed'><svg aria-hidden=\"true\" class=\"e-font-icon-svg e-fas-angle-right\" viewBox=\"0 0 256 512\" xmlns=\"http:\/\/www.w3.org\/2000\/svg\"><path d=\"M224.3 273l-136 136c-9.4 9.4-24.6 9.4-33.9 0l-22.6-22.6c-9.4-9.4-9.4-24.6 0-33.9l96.4-96.4-96.4-96.4c-9.4-9.4-9.4-24.6 0-33.9L54.3 103c9.4-9.4 24.6-9.4 33.9 0l136 136c9.5 9.4 9.5 24.6.1 34z\"><\/path><\/svg><\/span>\n\t\t<\/span>\n\n\t\t\t\t\t\t<\/summary>\n\t\t\t\t<div role=\"region\" aria-labelledby=\"e-n-accordion-item-2621\" class=\"elementor-element elementor-element-72a187f e-con-full e-flex e-con e-child\" data-id=\"72a187f\" data-element_type=\"container\" data-e-type=\"container\">\n\t\t\t\t<div class=\"elementor-element elementor-element-5b6e411 elementor-widget elementor-widget-text-editor\" data-id=\"5b6e411\" data-element_type=\"widget\" data-e-type=\"widget\" data-widget_type=\"text-editor.default\">\n\t\t\t\t\t\t\t\t\t<p>Compete \u00e0 Ger\u00eancia de Auditoria do SUS:<\/p><p>I &#8211; executar a\u00e7\u00f5es de controle (auditoria, visita t\u00e9cnica, monitoramento, dentre outros) nas a\u00e7\u00f5es e servi\u00e7os de sa\u00fade no \u00e2mbito do SUS, conforme legisla\u00e7\u00e3o e bases normativas vigentes;<br \/>II \u2013 subsidiar as \u00e1reas t\u00e9cnicas da SES\/GO no desenvolvimento, execu\u00e7\u00e3o e controle das suas pol\u00edticas p\u00fablicas;<br \/>III \u2013 prestar apoio t\u00e9cnico e metodol\u00f3gico aos munic\u00edpios do Estado de Goi\u00e1s no \u00e2mbito do Sistema Nacional de Auditoria do SUS (SNA);<br \/>IV \u2013 coordenar e apoiar tecnicamente as a\u00e7\u00f5es de controle realizadas por equipes descentralizadas com apoio das Regionais de Sa\u00fade;<br \/>V &#8211; elaborar a proposta do Plano Anual das A\u00e7\u00f5es de Controle &#8211; PAAC;\u00a0e<br \/>VI \u2013 realizar outras atividades correlatas.<\/p><p>\u00a7 1\u00ba Entende-se a Auditoria do SUS como um instrumento de gest\u00e3o para fortalecer o SUS, contribuindo para a aloca\u00e7\u00e3o e utiliza\u00e7\u00e3o adequada dos recursos, para a garantia de acesso e para a qualidade da aten\u00e7\u00e3o \u00e0 sa\u00fade ofertada aos cidad\u00e3os.<\/p><p>\u00a7 2\u00ba A Ger\u00eancia de Auditoria do SUS, componente estadual do Sistema Nacional de Auditoria do SUS (SNA), integra o Sistema de Controle Interno do Poder Executivo Estadual e est\u00e1 sujeito \u00e0 orienta\u00e7\u00e3o normativa e \u00e0 supervis\u00e3o t\u00e9cnica do \u00f3rg\u00e3o central desse sistema.<\/p><p><a href=\"https:\/\/goias.gov.br\/saude\/gerencia-de-auditoria-do-sus\" target=\"_blank\" rel=\"noopener\">Clique aqui para mais informa\u00e7\u00f5es.<\/a><\/p>\t\t\t\t\t\t\t\t<\/div>\n\t\t\t\t<\/div>\n\t\t\t\t\t<\/details>\n\t\t\t\t\t\t<details id=\"e-n-accordion-item-2622\" class=\"e-n-accordion-item\" >\n\t\t\t\t<summary class=\"e-n-accordion-item-title\" data-accordion-index=\"3\" tabindex=\"-1\" aria-expanded=\"false\" aria-controls=\"e-n-accordion-item-2622\" >\n\t\t\t\t\t<span class='e-n-accordion-item-title-header'><div class=\"e-n-accordion-item-title-text\"> Ger\u00eancia da Corregedoria Setorial <\/div><\/span>\n\t\t\t\t\t\t\t<span class='e-n-accordion-item-title-icon'>\n\t\t\t<span class='e-opened' ><svg aria-hidden=\"true\" class=\"e-font-icon-svg e-fas-angle-down\" viewBox=\"0 0 320 512\" xmlns=\"http:\/\/www.w3.org\/2000\/svg\"><path d=\"M143 352.3L7 216.3c-9.4-9.4-9.4-24.6 0-33.9l22.6-22.6c9.4-9.4 24.6-9.4 33.9 0l96.4 96.4 96.4-96.4c9.4-9.4 24.6-9.4 33.9 0l22.6 22.6c9.4 9.4 9.4 24.6 0 33.9l-136 136c-9.2 9.4-24.4 9.4-33.8 0z\"><\/path><\/svg><\/span>\n\t\t\t<span class='e-closed'><svg aria-hidden=\"true\" class=\"e-font-icon-svg e-fas-angle-right\" viewBox=\"0 0 256 512\" xmlns=\"http:\/\/www.w3.org\/2000\/svg\"><path d=\"M224.3 273l-136 136c-9.4 9.4-24.6 9.4-33.9 0l-22.6-22.6c-9.4-9.4-9.4-24.6 0-33.9l96.4-96.4-96.4-96.4c-9.4-9.4-9.4-24.6 0-33.9L54.3 103c9.4-9.4 24.6-9.4 33.9 0l136 136c9.5 9.4 9.5 24.6.1 34z\"><\/path><\/svg><\/span>\n\t\t<\/span>\n\n\t\t\t\t\t\t<\/summary>\n\t\t\t\t<div role=\"region\" aria-labelledby=\"e-n-accordion-item-2622\" class=\"elementor-element elementor-element-9a7ee96 e-con-full e-flex e-con e-child\" data-id=\"9a7ee96\" data-element_type=\"container\" data-e-type=\"container\">\n\t\t\t\t<div class=\"elementor-element elementor-element-678b254 elementor-widget elementor-widget-text-editor\" data-id=\"678b254\" data-element_type=\"widget\" data-e-type=\"widget\" data-widget_type=\"text-editor.default\">\n\t\t\t\t\t\t\t\t\t<p>Compete \u00e0 Ger\u00eancia da Corregedoria Setorial:<\/p><p>I &#8211; apurar a pr\u00e1tica de transgress\u00f5es disciplinares praticadas na Secretaria, por meio de sindic\u00e2ncia ou processo administrativo disciplinar;<br \/>II &#8211; apurar a pr\u00e1tica de atos contra a administra\u00e7\u00e3o p\u00fablica estadual, por meio de procedimento preliminar investigat\u00f3rio e processo administrativo de responsabiliza\u00e7\u00e3o de fornecedores, pessoas f\u00edsicas e jur\u00eddicas;<br \/>III &#8211; apurar o descumprimento de contratos de gest\u00e3o e termos de colabora\u00e7\u00e3o, por meio de processos de responsabiliza\u00e7\u00e3o de parceiros privados &#8211; PRPP, incluindo seus dirigentes;<br \/>IV &#8211; propor medidas visando a resolu\u00e7\u00e3o consensual de conflitos;<br \/>V &#8211; atender e cumprir as requisi\u00e7\u00f5es e orienta\u00e7\u00f5es t\u00e9cnicas da Controladoria-Geral do Estado de Goi\u00e1s;<br \/>VI &#8211; realizar o registro cadastral no sistema informatizado de controle de processos correcionais imediatamente \u00e0 instaura\u00e7\u00e3o do respectivo processo, bem como manter atualizadas as informa\u00e7\u00f5es, de acordo com andamento processual;<br \/>VII &#8211; participar de atividades que exijam a\u00e7\u00f5es conjugadas das unidades integrantes do Sistema de Correi\u00e7\u00e3o do Poder Executivo do Estado de Goi\u00e1s &#8211; SISCOR &#8211; GO, para o aprimoramento do exerc\u00edcio das atividades que lhes s\u00e3o comuns;<br \/>VIII &#8211; prestar apoio \u00e0 Controladoria-Geral do Estado de Goi\u00e1s para o pleno exerc\u00edcio da atividade de correi\u00e7\u00e3o;<br \/>IX &#8211; realizar o controle de processos correcionais na Secretaria e observar o cumprimento dos prazos legais para a conclus\u00e3o de cada processo de apura\u00e7\u00e3o ou responsabiliza\u00e7\u00e3o;<br \/>X &#8211; propor medidas \u00e0 Controladoria-Geral do Estado de Goi\u00e1s, para o aperfei\u00e7oamento e efici\u00eancia da atividade correcional, bem como do sistema informatizado; e<br \/>XI &#8211; na impossibilidade de realizar o registro cadastral no sistema informatizado de controle de processos correcionais, encaminhar aos \u00f3rg\u00e3os superior e central dados consolidados e sistematizados relativos aos resultados dos procedimentos correcionais, e \u00e0 aplica\u00e7\u00e3o das san\u00e7\u00f5es respectivas.<\/p>\t\t\t\t\t\t\t\t<\/div>\n\t\t\t\t<\/div>\n\t\t\t\t\t<\/details>\n\t\t\t\t\t\t<details id=\"e-n-accordion-item-2623\" class=\"e-n-accordion-item\" >\n\t\t\t\t<summary class=\"e-n-accordion-item-title\" data-accordion-index=\"4\" tabindex=\"-1\" aria-expanded=\"false\" aria-controls=\"e-n-accordion-item-2623\" >\n\t\t\t\t\t<span class='e-n-accordion-item-title-header'><div class=\"e-n-accordion-item-title-text\"> Ger\u00eancia Extraordin\u00e1ria de Tomada de Contas Especial <\/div><\/span>\n\t\t\t\t\t\t\t<span class='e-n-accordion-item-title-icon'>\n\t\t\t<span class='e-opened' ><svg aria-hidden=\"true\" class=\"e-font-icon-svg e-fas-angle-down\" viewBox=\"0 0 320 512\" xmlns=\"http:\/\/www.w3.org\/2000\/svg\"><path d=\"M143 352.3L7 216.3c-9.4-9.4-9.4-24.6 0-33.9l22.6-22.6c9.4-9.4 24.6-9.4 33.9 0l96.4 96.4 96.4-96.4c9.4-9.4 24.6-9.4 33.9 0l22.6 22.6c9.4 9.4 9.4 24.6 0 33.9l-136 136c-9.2 9.4-24.4 9.4-33.8 0z\"><\/path><\/svg><\/span>\n\t\t\t<span class='e-closed'><svg aria-hidden=\"true\" class=\"e-font-icon-svg e-fas-angle-right\" viewBox=\"0 0 256 512\" xmlns=\"http:\/\/www.w3.org\/2000\/svg\"><path d=\"M224.3 273l-136 136c-9.4 9.4-24.6 9.4-33.9 0l-22.6-22.6c-9.4-9.4-9.4-24.6 0-33.9l96.4-96.4-96.4-96.4c-9.4-9.4-9.4-24.6 0-33.9L54.3 103c9.4-9.4 24.6-9.4 33.9 0l136 136c9.5 9.4 9.5 24.6.1 34z\"><\/path><\/svg><\/span>\n\t\t<\/span>\n\n\t\t\t\t\t\t<\/summary>\n\t\t\t\t<div role=\"region\" aria-labelledby=\"e-n-accordion-item-2623\" class=\"elementor-element elementor-element-963332d e-con-full e-flex e-con e-child\" data-id=\"963332d\" data-element_type=\"container\" data-e-type=\"container\">\n\t\t\t\t<div class=\"elementor-element elementor-element-ceaefc7 elementor-widget elementor-widget-text-editor\" data-id=\"ceaefc7\" data-element_type=\"widget\" data-e-type=\"widget\" data-widget_type=\"text-editor.default\">\n\t\t\t\t\t\t\t\t\t<p>Compete \u00e0 Ger\u00eancia Extraordin\u00e1ria de Tomada de Contas Especial:<\/p><ol style=\"list-style-type: upper-roman;\"><li>providenciar a autua\u00e7\u00e3o de processo espec\u00edfico em que ser\u00e1 processada a tomada de contas especial, ap\u00f3s decis\u00e3o da autoridade competente ou determina\u00e7\u00e3o do TCE\u2013 GO pela instaura\u00e7\u00e3o;<\/li><li>instruir, na forma da lei e nos demais atos normativos pertinentes, os processos de tomada de contas especial no \u00e2mbito da SES, para propiciar o trabalho da comiss\u00e3o de tomada de contas especial designada, a fim de promover as a\u00e7\u00f5es tendentes \u00e0 responsabiliza\u00e7\u00e3o do agente e ao ressarcimento de valores devidos;<\/li><li>formular estudos e propor medidas, de car\u00e1ter preventivo e corretivo, para a otimiza\u00e7\u00e3o de processos e para o aperfei\u00e7oamento permanente dos trabalhos de tomada de contas especial;<\/li><li>supervisionar, cumprir e observar todos os requisitos formais e materiais exigidos e os prazos fixados pela lei e demais atos normativos pertinentes \u00e0 tomada de contas especial, inclusive editados pela CGE, e pelo TCE\u2013GO;<\/li><li>informar ao dirigente m\u00e1ximo o andamento dos processos de tomada de contas especial, para que ele se pronuncie sobre eles e os encaminhe ao TCE\u2013GO ou, eventualmente, pe\u00e7a prorroga\u00e7\u00e3o do prazo de encaminhamento;<\/li><li>gerenciar a operacionaliza\u00e7\u00e3o do sistema TCEHub \u2013 referente ao processo eletr\u00f4nico de tomada de contas especial, efetuando cadastros; envio de documentos, dados e informa\u00e7\u00f5es relativos \u00e0s tomadas de contas especial, bem como providenciar a tramita\u00e7\u00e3o de processos no referido sistema;<\/li><li>Adotar medidas de seguran\u00e7a e salvaguarda na constitui\u00e7\u00e3o, organiza\u00e7\u00e3o e tramita\u00e7\u00e3o de processos de tomada de contas especial, que contenham informa\u00e7\u00f5es com restri\u00e7\u00e3o de acesso, nos termos da lei e demais atos normativos pertinentes \u00e0 tomada de contas especial, inclusive editados pelo TCE-GO, e pela CGE-GO; e<\/li><li>encarregar\u2013se de compet\u00eancias correlatas.<\/li><\/ol>\t\t\t\t\t\t\t\t<\/div>\n\t\t\t\t<\/div>\n\t\t\t\t\t<\/details>\n\t\t\t\t\t<\/div>\n\t\t\t\t\t\t<\/div>\n\t\t\t\t\t<\/div>\n\t\t\t\t<\/div>\n\t\t\t\t<\/div>\n\t\t","protected":false},"excerpt":{"rendered":"<p>Superintendente Suellen Dantas Tobias e Silva Ravazzi(62) 3201-7790suellen.ravazzi@goias.gov.br Localiza\u00e7\u00e3o:Av. SC 1 n\u00ba 299 &#8211; Parque Santa Cruz Goi\u00e2nia &#8211; GOCEP: 74.860-260 A Superintend\u00eancia de Controle Interno e Correi\u00e7\u00e3o est\u00e1 ligada \u00e0 Subsecretaria de Controle Interno e Compliance, tecnicamente subordinada \u00e0 Controladoria Geral do Estado. Atua na coordena\u00e7\u00e3o e supervis\u00e3o t\u00e9cnica das atividades de auditoria interna [&hellip;]<\/p>\n","protected":false},"author":7,"featured_media":0,"parent":0,"menu_order":0,"comment_status":"closed","ping_status":"closed","template":"","meta":{"footnotes":""},"class_list":["post-37472","page","type-page","status-publish","hentry"],"rttpg_featured_image_url":null,"rttpg_author":{"display_name":"gustavogoncalves","author_link":"https:\/\/goias.gov.br\/saude\/author\/gustavogoncalves\/"},"rttpg_comment":0,"rttpg_category":null,"rttpg_excerpt":"Superintendente Suellen Dantas Tobias e Silva Ravazzi(62) 3201-7790suellen.ravazzi@goias.gov.br Localiza\u00e7\u00e3o:Av. SC 1 n\u00ba 299 &#8211; Parque Santa Cruz Goi\u00e2nia &#8211; GOCEP: 74.860-260 A Superintend\u00eancia de Controle Interno e Correi\u00e7\u00e3o est\u00e1 ligada \u00e0 Subsecretaria de Controle Interno e Compliance, tecnicamente subordinada \u00e0 Controladoria Geral do Estado. Atua na coordena\u00e7\u00e3o e supervis\u00e3o t\u00e9cnica das atividades de auditoria interna&hellip;","_links":{"self":[{"href":"https:\/\/goias.gov.br\/saude\/wp-json\/wp\/v2\/pages\/37472","targetHints":{"allow":["GET"]}}],"collection":[{"href":"https:\/\/goias.gov.br\/saude\/wp-json\/wp\/v2\/pages"}],"about":[{"href":"https:\/\/goias.gov.br\/saude\/wp-json\/wp\/v2\/types\/page"}],"author":[{"embeddable":true,"href":"https:\/\/goias.gov.br\/saude\/wp-json\/wp\/v2\/users\/7"}],"replies":[{"embeddable":true,"href":"https:\/\/goias.gov.br\/saude\/wp-json\/wp\/v2\/comments?post=37472"}],"version-history":[{"count":3,"href":"https:\/\/goias.gov.br\/saude\/wp-json\/wp\/v2\/pages\/37472\/revisions"}],"predecessor-version":[{"id":626354,"href":"https:\/\/goias.gov.br\/saude\/wp-json\/wp\/v2\/pages\/37472\/revisions\/626354"}],"wp:attachment":[{"href":"https:\/\/goias.gov.br\/saude\/wp-json\/wp\/v2\/media?parent=37472"}],"curies":[{"name":"wp","href":"https:\/\/api.w.org\/{rel}","templated":true}]}}