

{"id":37469,"date":"2023-11-28T12:04:57","date_gmt":"2023-11-28T15:04:57","guid":{"rendered":"https:\/\/siteshom.goias.gov.br\/saude\/?page_id=37469"},"modified":"2025-12-03T10:16:17","modified_gmt":"2025-12-03T13:16:17","slug":"ciatox","status":"publish","type":"page","link":"https:\/\/goias.gov.br\/saude\/ciatox\/","title":{"rendered":"CIATox"},"content":{"rendered":"\t\t<div data-elementor-type=\"wp-page\" data-elementor-id=\"37469\" class=\"elementor elementor-37469\">\n\t\t\t\t<div class=\"elementor-element elementor-element-101cdf5 e-flex e-con-boxed e-con e-parent\" data-id=\"101cdf5\" data-element_type=\"container\" data-e-type=\"container\">\n\t\t\t\t\t<div class=\"e-con-inner\">\n\t\t\t\t<div class=\"elementor-element elementor-element-4cc20c8 elementor-widget elementor-widget-text-editor\" data-id=\"4cc20c8\" data-element_type=\"widget\" data-e-type=\"widget\" data-widget_type=\"text-editor.default\">\n\t\t\t\t\t\t\t\t\t<h2 style=\"text-align: center;\"><strong><span style=\"color: #0c326f;\"> Centro de Informa\u00e7\u00e3o e Assist\u00eancia Toxicol\u00f3gica de Goi\u00e1s \u2013 CIATox<\/span><\/strong><\/h2>\t\t\t\t\t\t\t\t<\/div>\n\t\t<div class=\"elementor-element elementor-element-e9b29f6 e-con-full e-flex e-con e-child\" data-id=\"e9b29f6\" data-element_type=\"container\" data-e-type=\"container\" data-settings=\"{&quot;background_background&quot;:&quot;classic&quot;}\">\n\t\t\t\t<div class=\"elementor-element elementor-element-a5bf820 elementor-widget elementor-widget-text-editor\" data-id=\"a5bf820\" data-element_type=\"widget\" data-e-type=\"widget\" data-widget_type=\"text-editor.default\">\n\t\t\t\t\t\t\t\t\t<h1 style=\"text-align: center;\"><strong><span style=\"color: #ffffff;\">0800 646 4350<\/span><\/strong><\/h1>\t\t\t\t\t\t\t\t<\/div>\n\t\t\t\t<\/div>\n\t\t\t\t<div class=\"elementor-element elementor-element-8c84bb8 elementor-widget elementor-widget-text-editor\" data-id=\"8c84bb8\" data-element_type=\"widget\" data-e-type=\"widget\" data-widget_type=\"text-editor.default\">\n\t\t\t\t\t\t\t\t\t<h2 style=\"text-align: center;\"><strong><span style=\"color: #0c326f;\">ESTE N\u00daMERO PODE SALVAR VIDAS<\/span><\/strong><\/h2>\t\t\t\t\t\t\t\t<\/div>\n\t\t\t\t\t<\/div>\n\t\t\t\t<\/div>\n\t\t<div class=\"elementor-element elementor-element-ac88d47 e-flex e-con-boxed e-con e-parent\" data-id=\"ac88d47\" data-element_type=\"container\" data-e-type=\"container\">\n\t\t\t\t\t<div class=\"e-con-inner\">\n\t\t\t\t<div class=\"elementor-element elementor-element-be983a1 elementor-widget elementor-widget-text-editor\" data-id=\"be983a1\" data-element_type=\"widget\" data-e-type=\"widget\" data-widget_type=\"text-editor.default\">\n\t\t\t\t\t\t\t\t\t<p>O Centro de Informa\u00e7\u00e3o e Assist\u00eancia Toxicol\u00f3gica de Goi\u00e1s &#8211; CIATox, \u00e9 um departamento t\u00e9cnico da Superintend\u00eancia de Vigil\u00e2ncia em Sa\u00fade do Estado de Goi\u00e1s (SUVISA), sendo esta vinculada \u00e0 Secretaria de Estado da Sa\u00fade de Goi\u00e1s.<\/p><p>O CIATox tem a fun\u00e7\u00e3o de fornecer informa\u00e7\u00f5es e orienta\u00e7\u00f5es a profissionais da \u00e1rea da sa\u00fade, bem como \u00e0 popula\u00e7\u00e3o em geral em car\u00e1ter de emerg\u00eancia, atuando na otimiza\u00e7\u00e3o do atendimento (diagn\u00f3stico e tratamento) de pacientes vitimados por exposi\u00e7\u00f5es qu\u00edmicas em geral, inclu\u00eddas as exposi\u00e7\u00f5es por subst\u00e2ncias potencialmente t\u00f3xicas, contamina\u00e7\u00e3o por pesticidas agr\u00edcolas ou dom\u00e9sticos, subst\u00e2ncias qu\u00edmicas de uso dom\u00e9stico ou industrial, plantas t\u00f3xicas, animais pe\u00e7onhentos, medicamentos de uso humano ou animal, drogas l\u00edcitas e il\u00edcitas, raticidas, cosm\u00e9ticos\/higiene pessoal, alimento, metal ou qualquer outro agente potencialmente t\u00f3xico.<\/p><p>Possui uma equipe multidisciplinar de profissionais (m\u00e9dicos, enfermeiros, farmac\u00eauticos, m\u00e9dicos veterin\u00e1rios, dentre outros), que atuam em regime de plant\u00e3o, funcionando 24 horas por dia, de forma ininterrupta, inclusive feriados e finais de semana.<\/p>\t\t\t\t\t\t\t\t<\/div>\n\t\t\t\t\t<\/div>\n\t\t\t\t<\/div>\n\t\t<div class=\"elementor-element elementor-element-b8c5eb6 e-flex e-con-boxed e-con e-parent\" data-id=\"b8c5eb6\" data-element_type=\"container\" data-e-type=\"container\">\n\t\t\t\t\t<div class=\"e-con-inner\">\n\t\t\t\t<div class=\"elementor-element elementor-element-165a503 elementor-widget elementor-widget-html\" data-id=\"165a503\" data-element_type=\"widget\" data-e-type=\"widget\" data-widget_type=\"html.default\">\n\t\t\t\t\t<!DOCTYPE html>\r\n<html lang=\"pt-br\" dir=\"ltr\">\r\n<head>\r\n  <meta http-equiv=\"Content-Type\" content=\"text\/html; charset=UTF-8\" \/>\r\n  <style>\r\n    \/* Estilos para desktop *\/\r\n    .container {\r\n      padding: 20px;\r\n    }\r\n\r\n    .section {\r\n      margin-bottom: 40px;\r\n    }\r\n\r\n    .title {\r\n      text-align: center;\r\n      margin: 0 0 24px;\r\n      color: #0c326f;\r\n      font-weight: 600;\r\n      font-size: 2.7rem;\r\n      line-height: 1.5;\r\n    }\r\n\r\n    .cards {\r\n      display: flex;\r\n      justify-content: space-evenly;\r\n      flex-wrap: wrap;\r\n      margin: 0;\r\n      padding: 0;\r\n      list-style: none;\r\n    }\r\n\r\n    .cards li {\r\n      background-color: #ededed;\r\n      box-shadow: 0 3px 6px 0 rgba(0, 0, 0, 0.16);\r\n      text-align: center;\r\n      flex-basis: 23%;\r\n      box-sizing: border-box;\r\n      min-height: 230px;\r\n      margin-bottom: 1.2em;\r\n      line-height: 1.5em;\r\n      display: list-item;\r\n    }\r\n\r\n    .cards li a {\r\n      display: flex;\r\n      justify-content: center;\r\n      align-items: center;\r\n      flex-direction: column;\r\n      width: 100%;\r\n      height: 100%;\r\n      color: #1351b4;\r\n      font-weight: 500;\r\n      text-decoration: none;\r\n    }\r\n\r\n    .cards li i,\r\n    .cards li span {\r\n      font-size: 50px;\r\n      margin-bottom: 30px;\r\n      color: #0c326f;\r\n      width: auto;\r\n      font-weight: 900;\r\n    }\r\n\r\n    .cards li .title {\r\n      font-size: 20px;\r\n      color: #0c326f;\r\n      font-weight: 600;\r\n      margin: 0;\r\n      text-transform: uppercase;\r\n    }\r\n\r\n    \/* Estilos para telas menores *\/\r\n    @media screen and (max-width: 768px) {\r\n      .cards {\r\n        gap: 20px; \/* Espa\u00e7amento entre os cards *\/\r\n        margin-top: 20px; margin-bottom: 20px;\/* Margem superior para os cards *\/\r\n      }\r\n      .cards li {\r\n        flex-basis: calc(50% - 20px); \/* Tamanho dos cards com espa\u00e7amento *\/\r\n      }\r\n    }\r\n\r\n    @media screen and (max-width: 480px) {\r\n      .cards {\r\n        gap: 15px; \/* Espa\u00e7amento menor entre os cards *\/\r\n        margin-top: 15px; margin-bottom: 20px; \/* Margem superior menor para os cards *\/\r\n      }\r\n      .cards li {\r\n        flex-basis: calc(100% - 30px); \/* Tamanho dos cards com espa\u00e7amento menor *\/\r\n      }\r\n    }\r\n  <\/style>\r\n\t<div class=\"container\">\r\n        <div class=\"escola\">\r\n            \r\n            <div class=\"title-header\">\r\n               \r\n            <\/div>\r\n            <ul class=\"cards\">\r\n                <li>\r\n                    <a href=\"https:\/\/indicadores.saude.go.gov.br\/public\/scorpion.html\">\r\n                        <span class=\"fa-solid fa-skull-crossbones\"><\/span>\r\n                        <div class=\"title\">Painel de dados toxicol\u00f3gicos<\/div>\r\n                    <\/a>\r\n                <\/li>\r\n                <li>\r\n                    <a href=\"https:\/\/indicadores.saude.go.gov.br\/public\/serket.html\">\r\n                        <span class=\"fa-solid fa-vial\"><\/span>\r\n                        <div class=\"title\">Painel de soroterapia antiveneno<\/div>\r\n                    <\/a>\r\n                <\/li>\r\n                <li>\r\n                    <a href=\"https:\/\/goias.gov.br\/saude\/material-informativo-ciatox\/\">\r\n                        <span class=\"fa-solid fa-person-chalkboard\"><\/span>\r\n                        <div class=\"title\">material informativo<\/div>\r\n                    <\/a>\r\n                <\/li>\r\n                \r\n            <\/ul>\r\n        <\/div>\r\n\t<\/div>\r\n\t\t\t\t<\/div>\n\t\t\t\t\t<\/div>\n\t\t\t\t<\/div>\n\t\t\t\t<\/div>\n\t\t","protected":false},"excerpt":{"rendered":"<p>Centro de Informa\u00e7\u00e3o e Assist\u00eancia Toxicol\u00f3gica de Goi\u00e1s \u2013 CIATox 0800 646 4350 ESTE N\u00daMERO PODE SALVAR VIDAS O Centro de Informa\u00e7\u00e3o e Assist\u00eancia Toxicol\u00f3gica de Goi\u00e1s &#8211; CIATox, \u00e9 um departamento t\u00e9cnico da Superintend\u00eancia de Vigil\u00e2ncia em Sa\u00fade do Estado de Goi\u00e1s (SUVISA), sendo esta vinculada \u00e0 Secretaria de Estado da Sa\u00fade de Goi\u00e1s. [&hellip;]<\/p>\n","protected":false},"author":7,"featured_media":0,"parent":0,"menu_order":0,"comment_status":"closed","ping_status":"closed","template":"wppb_theme_template","meta":{"footnotes":""},"class_list":["post-37469","page","type-page","status-publish","hentry"],"rttpg_featured_image_url":null,"rttpg_author":{"display_name":"gustavogoncalves","author_link":"https:\/\/goias.gov.br\/saude\/author\/gustavogoncalves\/"},"rttpg_comment":0,"rttpg_category":null,"rttpg_excerpt":"Centro de Informa\u00e7\u00e3o e Assist\u00eancia Toxicol\u00f3gica de Goi\u00e1s \u2013 CIATox 0800 646 4350 ESTE N\u00daMERO PODE SALVAR VIDAS O Centro de Informa\u00e7\u00e3o e Assist\u00eancia Toxicol\u00f3gica de Goi\u00e1s &#8211; CIATox, \u00e9 um departamento t\u00e9cnico da Superintend\u00eancia de Vigil\u00e2ncia em Sa\u00fade do Estado de Goi\u00e1s (SUVISA), sendo esta vinculada \u00e0 Secretaria de Estado da Sa\u00fade de Goi\u00e1s.&hellip;","_links":{"self":[{"href":"https:\/\/goias.gov.br\/saude\/wp-json\/wp\/v2\/pages\/37469","targetHints":{"allow":["GET"]}}],"collection":[{"href":"https:\/\/goias.gov.br\/saude\/wp-json\/wp\/v2\/pages"}],"about":[{"href":"https:\/\/goias.gov.br\/saude\/wp-json\/wp\/v2\/types\/page"}],"author":[{"embeddable":true,"href":"https:\/\/goias.gov.br\/saude\/wp-json\/wp\/v2\/users\/7"}],"replies":[{"embeddable":true,"href":"https:\/\/goias.gov.br\/saude\/wp-json\/wp\/v2\/comments?post=37469"}],"version-history":[{"count":3,"href":"https:\/\/goias.gov.br\/saude\/wp-json\/wp\/v2\/pages\/37469\/revisions"}],"predecessor-version":[{"id":631186,"href":"https:\/\/goias.gov.br\/saude\/wp-json\/wp\/v2\/pages\/37469\/revisions\/631186"}],"wp:attachment":[{"href":"https:\/\/goias.gov.br\/saude\/wp-json\/wp\/v2\/media?parent=37469"}],"curies":[{"name":"wp","href":"https:\/\/api.w.org\/{rel}","templated":true}]}}