

{"id":37466,"date":"2023-11-28T11:58:14","date_gmt":"2023-11-28T14:58:14","guid":{"rendered":"https:\/\/siteshom.goias.gov.br\/saude\/?page_id=37466"},"modified":"2025-12-02T16:18:18","modified_gmt":"2025-12-02T19:18:18","slug":"imunizacao","status":"publish","type":"page","link":"https:\/\/goias.gov.br\/saude\/vigilancia-em-saude\/imunizacao\/","title":{"rendered":"Imuniza\u00e7\u00e3o"},"content":{"rendered":"\t\t<div data-elementor-type=\"wp-page\" data-elementor-id=\"37466\" class=\"elementor elementor-37466\">\n\t\t\t\t<div class=\"elementor-element elementor-element-1fffc07 e-flex e-con-boxed e-con e-parent\" data-id=\"1fffc07\" data-element_type=\"container\" data-e-type=\"container\">\n\t\t\t\t\t<div class=\"e-con-inner\">\n\t\t<div class=\"elementor-element elementor-element-8dc76f6 e-con-full e-flex e-con e-child\" data-id=\"8dc76f6\" data-element_type=\"container\" data-e-type=\"container\">\n\t\t\t\t<div class=\"elementor-element elementor-element-12f9c30 elementor-widget elementor-widget-image\" data-id=\"12f9c30\" data-element_type=\"widget\" data-e-type=\"widget\" data-widget_type=\"image.default\">\n\t\t\t\t\t\t\t\t\t\t\t\t\t\t\t<img decoding=\"async\" src=\"https:\/\/goias.gov.br\/saude\/wp-content\/uploads\/sites\/34\/2024\/02\/zegotinha.png\" title=\"\" alt=\"\" loading=\"lazy\" \/>\t\t\t\t\t\t\t\t\t\t\t\t\t\t\t<\/div>\n\t\t\t\t<\/div>\n\t\t<div class=\"elementor-element elementor-element-bd47204 e-con-full e-flex e-con e-child\" data-id=\"bd47204\" data-element_type=\"container\" data-e-type=\"container\">\n\t\t\t\t<div class=\"elementor-element elementor-element-1525db7 elementor-widget elementor-widget-text-editor\" data-id=\"1525db7\" data-element_type=\"widget\" data-e-type=\"widget\" data-widget_type=\"text-editor.default\">\n\t\t\t\t\t\t\t\t\t<div style=\"text-align: justify;\"><p>O Programa Nacional de Imuniza\u00e7\u00f5es (PNI) representa uma das interven\u00e7\u00f5es em sa\u00fade p\u00fablica mais importantes no cen\u00e1rio sa\u00fade brasileiro. As a\u00e7\u00f5es de vacina\u00e7\u00e3o e vigil\u00e2ncia apresentam impacto positivo na preven\u00e7\u00e3o e controle de doen\u00e7as imunopreven\u00edveis refletindo positiva e diretamente na qualidade e expectativa de vida da popula\u00e7\u00e3o.<\/p><p>Vale ressaltar que o \u00eaxito das a\u00e7\u00f5es de imuniza\u00e7\u00e3o resulta de uma associa\u00e7\u00e3o de fatores por parte das inst\u00e2ncias gestoras envolvidas, incluindo aquisi\u00e7\u00e3o, planejamento, infraestrutura, log\u00edstica, treinamento e, recursos humanos que nas diferentes atua\u00e7\u00f5es asseguram imunobiol\u00f3gicos de qualidade \u00e0 popula\u00e7\u00e3o.<\/p><p>Em Goi\u00e1s, as vacinas do PNI s\u00e3o ofertadas nas salas de vacinas das unidades b\u00e1sicas de sa\u00fade ou s\u00e3o conduzidas at\u00e9 a popula\u00e7\u00e3o gra\u00e7as aos esfor\u00e7os das equipes de vacina\u00e7\u00e3o, permitindo que a imuniza\u00e7\u00e3o chegue at\u00e9 mesmo nos locais de dif\u00edcil acesso atrav\u00e9s de estrat\u00e9gias diversas como vacina\u00e7\u00e3o de rotina, campanhas de vacina\u00e7\u00e3o, bloqueios e intensifica\u00e7\u00f5es de vacina\u00e7\u00e3o traduzindo-se num esfor\u00e7o grandioso para o controle e erradica\u00e7\u00e3o de doen\u00e7as imunopreven\u00edveis.<\/p><\/div>\t\t\t\t\t\t\t\t<\/div>\n\t\t\t\t<\/div>\n\t\t\t\t\t<\/div>\n\t\t\t\t<\/div>\n\t\t<div class=\"elementor-element elementor-element-f09a37f e-flex e-con-boxed e-con e-parent\" data-id=\"f09a37f\" data-element_type=\"container\" data-e-type=\"container\">\n\t\t\t\t\t<div class=\"e-con-inner\">\n\t\t<div class=\"elementor-element elementor-element-d1d49e7 e-con-full e-flex e-con e-child\" data-id=\"d1d49e7\" data-element_type=\"container\" data-e-type=\"container\">\n\t\t\t\t<div class=\"elementor-element elementor-element-e5b5db8 elementor-align-justify elementor-widget elementor-widget-button\" data-id=\"e5b5db8\" data-element_type=\"widget\" data-e-type=\"widget\" data-widget_type=\"button.default\">\n\t\t\t\t\t\t\t\t\t\t<a class=\"elementor-button elementor-button-link elementor-size-sm\" href=\"\/saude\/vigilancia-em-saude\/imunizacao\/usuario\/\" target=\"_blank\">\n\t\t\t\t\t\t<span class=\"elementor-button-content-wrapper\">\n\t\t\t\t\t\t\t\t\t<span class=\"elementor-button-text\">USU\u00c1RIO<\/span>\n\t\t\t\t\t<\/span>\n\t\t\t\t\t<\/a>\n\t\t\t\t\t\t\t\t<\/div>\n\t\t\t\t<\/div>\n\t\t<div class=\"elementor-element elementor-element-251a9e2 e-con-full e-flex e-con e-child\" data-id=\"251a9e2\" data-element_type=\"container\" data-e-type=\"container\">\n\t\t\t\t<div class=\"elementor-element elementor-element-c596a80 elementor-align-justify elementor-widget elementor-widget-button\" data-id=\"c596a80\" data-element_type=\"widget\" data-e-type=\"widget\" data-widget_type=\"button.default\">\n\t\t\t\t\t\t\t\t\t\t<a class=\"elementor-button elementor-button-link elementor-size-sm\" href=\"\/saude\/vigilancia-em-saude\/imunizacao\/profissional\/\" target=\"_blank\">\n\t\t\t\t\t\t<span class=\"elementor-button-content-wrapper\">\n\t\t\t\t\t\t\t\t\t<span class=\"elementor-button-text\">PROFISSIONAL<\/span>\n\t\t\t\t\t<\/span>\n\t\t\t\t\t<\/a>\n\t\t\t\t\t\t\t\t<\/div>\n\t\t\t\t<\/div>\n\t\t<div class=\"elementor-element elementor-element-a69b488 e-con-full e-flex e-con e-child\" data-id=\"a69b488\" data-element_type=\"container\" data-e-type=\"container\">\n\t\t\t\t<div class=\"elementor-element elementor-element-cb0bb15 elementor-align-justify elementor-widget elementor-widget-button\" data-id=\"cb0bb15\" data-element_type=\"widget\" data-e-type=\"widget\" data-widget_type=\"button.default\">\n\t\t\t\t\t\t\t\t\t\t<a class=\"elementor-button elementor-button-link elementor-size-sm\" href=\"\/saude\/vigilancia-em-saude\/imunizacao\/gestor\/\" target=\"_blank\">\n\t\t\t\t\t\t<span class=\"elementor-button-content-wrapper\">\n\t\t\t\t\t\t\t\t\t<span class=\"elementor-button-text\">GESTOR<\/span>\n\t\t\t\t\t<\/span>\n\t\t\t\t\t<\/a>\n\t\t\t\t\t\t\t\t<\/div>\n\t\t\t\t<\/div>\n\t\t\t\t\t<\/div>\n\t\t\t\t<\/div>\n\t\t\t\t<\/div>\n\t\t","protected":false},"excerpt":{"rendered":"<p>O Programa Nacional de Imuniza\u00e7\u00f5es (PNI) representa uma das interven\u00e7\u00f5es em sa\u00fade p\u00fablica mais importantes no cen\u00e1rio sa\u00fade brasileiro. As a\u00e7\u00f5es de vacina\u00e7\u00e3o e vigil\u00e2ncia apresentam impacto positivo na preven\u00e7\u00e3o e controle de doen\u00e7as imunopreven\u00edveis refletindo positiva e diretamente na qualidade e expectativa de vida da popula\u00e7\u00e3o. Vale ressaltar que o \u00eaxito das a\u00e7\u00f5es de [&hellip;]<\/p>\n","protected":false},"author":7,"featured_media":0,"parent":37739,"menu_order":0,"comment_status":"closed","ping_status":"closed","template":"","meta":{"footnotes":""},"class_list":["post-37466","page","type-page","status-publish","hentry"],"rttpg_featured_image_url":null,"rttpg_author":{"display_name":"gustavogoncalves","author_link":"https:\/\/goias.gov.br\/saude\/author\/gustavogoncalves\/"},"rttpg_comment":0,"rttpg_category":null,"rttpg_excerpt":"O Programa Nacional de Imuniza\u00e7\u00f5es (PNI) representa uma das interven\u00e7\u00f5es em sa\u00fade p\u00fablica mais importantes no cen\u00e1rio sa\u00fade brasileiro. As a\u00e7\u00f5es de vacina\u00e7\u00e3o e vigil\u00e2ncia apresentam impacto positivo na preven\u00e7\u00e3o e controle de doen\u00e7as imunopreven\u00edveis refletindo positiva e diretamente na qualidade e expectativa de vida da popula\u00e7\u00e3o. Vale ressaltar que o \u00eaxito das a\u00e7\u00f5es de&hellip;","_links":{"self":[{"href":"https:\/\/goias.gov.br\/saude\/wp-json\/wp\/v2\/pages\/37466","targetHints":{"allow":["GET"]}}],"collection":[{"href":"https:\/\/goias.gov.br\/saude\/wp-json\/wp\/v2\/pages"}],"about":[{"href":"https:\/\/goias.gov.br\/saude\/wp-json\/wp\/v2\/types\/page"}],"author":[{"embeddable":true,"href":"https:\/\/goias.gov.br\/saude\/wp-json\/wp\/v2\/users\/7"}],"replies":[{"embeddable":true,"href":"https:\/\/goias.gov.br\/saude\/wp-json\/wp\/v2\/comments?post=37466"}],"version-history":[{"count":3,"href":"https:\/\/goias.gov.br\/saude\/wp-json\/wp\/v2\/pages\/37466\/revisions"}],"predecessor-version":[{"id":627136,"href":"https:\/\/goias.gov.br\/saude\/wp-json\/wp\/v2\/pages\/37466\/revisions\/627136"}],"up":[{"embeddable":true,"href":"https:\/\/goias.gov.br\/saude\/wp-json\/wp\/v2\/pages\/37739"}],"wp:attachment":[{"href":"https:\/\/goias.gov.br\/saude\/wp-json\/wp\/v2\/media?parent=37466"}],"curies":[{"name":"wp","href":"https:\/\/api.w.org\/{rel}","templated":true}]}}